{"id":99467,"date":"2017-01-24T11:10:41","date_gmt":"2017-01-24T10:10:41","guid":{"rendered":"https:\/\/tourtravelandmore.com\/tours\/non%20class\u00e9\/visite-privee-des-rias-baixas\/"},"modified":"2025-08-08T15:31:24","modified_gmt":"2025-08-08T13:31:24","slug":"visite-privee-des-rias-baixas","status":"publish","type":"product","link":"https:\/\/tourtravelandmore.com\/fr\/tours\/espagne-fr\/ourense-fr\/visite-privee-des-rias-baixas\/","title":{"rendered":"Visite priv\u00e9e des R\u00edas Baixas : Pontevedra et son estuaire"},"content":{"rendered":"<h2><b><strong>Description | Visite priv\u00e9e des R\u00edas Baixas : Pontevedra et son estuaire<\/strong><\/b><\/h2>\n<p>Cette visite priv\u00e9e des R\u00edas Baixas : Pontevedra et son estuaire vous propose une journ\u00e9e compl\u00e8te au c\u0153ur de l&#8217;une des r\u00e9gions les plus pittoresques de Galice. D\u00e9couvrez des villes c\u00f4ti\u00e8res, des traditions de p\u00eache et une histoire riche tout en profitant du confort d&#8217;un v\u00e9hicule priv\u00e9 et d&#8217;un guide expert.<\/p>\n<p>Votre journ\u00e9e commence par la prise en charge \u00e0 l&#8217;endroit de votre choix et une route panoramique le long de la c\u00f4te luxuriante de la Galice. Le premier arr\u00eat est <b>Pontevedra<\/b>, une ville charmante connue pour sa vieille ville pi\u00e9tonne et ses places m\u00e9di\u00e9vales bien pr\u00e9serv\u00e9es. Promenez-vous dans ses rues pav\u00e9es et d\u00e9couvrez des sites embl\u00e9matiques tels que l&#8217;<b>\u00e9glise de la Vierge P\u00e8lerine<\/b> et la <b>Praza da Le\u00f1a<\/b>.<\/p>\n<p>Continuez vers la R\u00eda de Pontevedra, en passant par de petits villages de p\u00eacheurs et des points de vue panoramiques. Selon vos pr\u00e9f\u00e9rences, votre guide peut adapter l&#8217;itin\u00e9raire pour inclure <b>Combarro<\/b>, un village digne d&#8217;une carte postale, c\u00e9l\u00e8bre pour ses greniers en pierre et ses tavernes en bord de mer. Vous aurez \u00e9galement la possibilit\u00e9 de d\u00e9guster des vins locaux et des fruits de mer frais dans un cadre traditionnel.<\/p>\n<h2>Points forts<\/h2>\n<p>Profitez d&#8217;une s\u00e9lection de exp\u00e9riences culturelles, naturelles et culinaires tout au long de la journ\u00e9e. Ces \u00e9tapes vous permettront de d\u00e9couvrir l&#8217;essence m\u00eame du charme et du patrimoine de la c\u00f4te galicienne.<\/p>\n<p><b>Vieille ville de Pontevedra :<\/b> une promenade dans le centre historique le mieux pr\u00e9serv\u00e9 de Galice.<\/p>\n<p><b>R\u00eda de Pontevedra :<\/b> beaut\u00e9 c\u00f4ti\u00e8re et charme tranquille.<\/p>\n<p><b>Village de Combarro (en option) :<\/b> le patrimoine galicien dans toute sa splendeur.<\/p>\n<p><b>Gastronomie locale :<\/b> d\u00e9gustez le vin Albari\u00f1o et des sp\u00e9cialit\u00e9s de fruits de mer.<\/p>\n<p><b>Exp\u00e9rience personnalisable :<\/b> votre guide s&#8217;adapte \u00e0 vos int\u00e9r\u00eats.<\/p>\n<p>Vous souhaitez explorer davantage la Galice ? Consultez notre liste compl\u00e8te de <a href=\"https:\/\/tourtravelandmore.com\/fr\/?attachment_id=68516\/\">visites priv\u00e9es en Espagne<\/a> ou d\u00e9couvrez-en davantage sur les <a href=\"https:\/\/www.turismo.gal\/que-visitar\/cidades\/pontevedra?langId=en_US\">attractions de Pontevedra.<\/a><\/p>\n<p>D\u00e9couvrez l&#8217;\u00e2me maritime de la Galice avec cette <b>visite priv\u00e9e des R\u00edas Baixas : Pontevedra et son estuaire<\/b>, o\u00f9 chaque \u00e9tape allie tradition, saveurs et beaut\u00e9 naturelle.<\/p>\n","protected":false},"excerpt":{"rendered":"<p><span style=\"font-weight: 400;\" data-mce-style=\"font-weight: 400;\">D\u00e9couvrez la beaut\u00e9 naturelle \u00e9poustouflante et la riche histoire de R\u00edas Baixas lors d&#8217;une visite priv\u00e9e avec Tour Travel and More. Explorez de charmantes villes c\u00f4ti\u00e8res, d\u00e9gustez de d\u00e9licieux fruits de mer et vins, et d\u00e9tendez-vous sur des plages immacul\u00e9es. Avec votre guide priv\u00e9 bien inform\u00e9 et sympathique, vous vivrez une exp\u00e9rience inoubliable qui vous laissera des souvenirs imp\u00e9rissables.<\/span><\/p>\n","protected":false},"featured_media":94167,"comment_status":"open","ping_status":"closed","template":"","meta":{"_acf_changed":false},"product_brand":[],"product_cat":[5135,4438,4511,5131,5133,5130,4437,5136,4510,5132,5126,5134,3588,3590,3582,3589,3591],"product_tag":[],"class_list":{"0":"post-99467","1":"product","2":"type-product","3":"status-publish","4":"has-post-thumbnail","6":"product_cat-all-private-tour-and-activities-fr-2","7":"product_cat-all-private-tours-activities-fr-21","8":"product_cat-all-private-tours-activities","9":"product_cat-all-private-tours-and-activities-fr-9","10":"product_cat-all-private-tours-and-activities-fr-10","11":"product_cat-private-shore-excursions-fr-12","12":"product_cat-private-shore-excursions-fr-8","13":"product_cat-private-sightseeing-tours-fr-35","14":"product_cat-private-sightseeing-tours","15":"product_cat-private-sightseeing-tours-fr-33","16":"product_cat-private-sightseeing-tours-fr-31","17":"product_cat-private-sightseeing-tours-fr-34","18":"product_cat-pontevedra-fr","19":"product_cat-lugo-fr","20":"product_cat-ourense-fr","21":"product_cat-santiagodecompsotela-fr","22":"product_cat-vigo-fr","24":"first","25":"instock","26":"shipping-taxable","27":"purchasable","28":"product-type-simple"},"acf":[],"yoast_head":"<!-- This site is optimized with the Yoast SEO Premium plugin v25.3.1 (Yoast SEO v25.3.1) - https:\/\/yoast.com\/wordpress\/plugins\/seo\/ -->\n<title>\u27a1\ufe0f Visite priv\u00e9e des R\u00edas Baixas - Visite priv\u00e9e de n&#039;importe quelle ville de Galice<\/title>\n<meta name=\"description\" content=\"Profitez de cette visite priv\u00e9e en Galice avec un guide officiel et d\u00e9couvrez les sites les plus embl\u00e9matiques de Rias Baias. Visite priv\u00e9e des R\u00edas Baixas \u2705\" \/>\n<meta name=\"robots\" content=\"index, follow, max-snippet:-1, max-image-preview:large, max-video-preview:-1\" \/>\n<link rel=\"canonical\" href=\"https:\/\/tourtravelandmore.com\/fr\/tours\/espagne-fr\/ourense-fr\/visite-privee-des-rias-baixas\/\" \/>\n<meta property=\"og:locale\" content=\"fr_FR\" \/>\n<meta property=\"og:type\" content=\"article\" \/>\n<meta property=\"og:title\" content=\"Visite priv\u00e9e des R\u00edas Baixas : Pontevedra et son estuaire\" \/>\n<meta property=\"og:description\" content=\"Profitez de cette visite priv\u00e9e en Galice avec un guide officiel et d\u00e9couvrez les sites les plus embl\u00e9matiques de Rias Baias. Visite priv\u00e9e des R\u00edas Baixas \u2705\" \/>\n<meta property=\"og:url\" content=\"https:\/\/tourtravelandmore.com\/fr\/tours\/espagne-fr\/ourense-fr\/visite-privee-des-rias-baixas\/\" \/>\n<meta property=\"og:site_name\" content=\"Tour Travel And More\" \/>\n<meta property=\"article:publisher\" content=\"https:\/\/www.facebook.com\/tourtravelandmore\/\" \/>\n<meta property=\"article:modified_time\" content=\"2025-08-08T13:31:24+00:00\" \/>\n<meta property=\"og:image\" content=\"https:\/\/tourtravelandmore.com\/wp-content\/uploads\/2017\/01\/Rias-Baixas-04.jpg\" \/>\n\t<meta property=\"og:image:width\" content=\"1600\" \/>\n\t<meta property=\"og:image:height\" content=\"1200\" \/>\n\t<meta property=\"og:image:type\" content=\"image\/jpeg\" \/>\n<meta name=\"twitter:card\" content=\"summary_large_image\" \/>\n<meta name=\"twitter:site\" content=\"@TourTravel_More\" \/>\n<meta name=\"twitter:label1\" content=\"Dur\u00e9e de lecture estim\u00e9e\" \/>\n\t<meta name=\"twitter:data1\" content=\"2 minutes\" \/>\n<script type=\"application\/ld+json\" class=\"yoast-schema-graph\">{\"@context\":\"https:\/\/schema.org\",\"@graph\":[{\"@type\":\"WebPage\",\"@id\":\"https:\/\/tourtravelandmore.com\/fr\/tours\/espagne-fr\/ourense-fr\/visite-privee-des-rias-baixas\/\",\"url\":\"https:\/\/tourtravelandmore.com\/fr\/tours\/espagne-fr\/ourense-fr\/visite-privee-des-rias-baixas\/\",\"name\":\"\u27a1\ufe0f Visite priv\u00e9e des R\u00edas Baixas - Visite priv\u00e9e de n'importe quelle ville de Galice\",\"isPartOf\":{\"@id\":\"https:\/\/tourtravelandmore.com\/fr\/#website\"},\"primaryImageOfPage\":{\"@id\":\"https:\/\/tourtravelandmore.com\/fr\/tours\/espagne-fr\/ourense-fr\/visite-privee-des-rias-baixas\/#primaryimage\"},\"image\":{\"@id\":\"https:\/\/tourtravelandmore.com\/fr\/tours\/espagne-fr\/ourense-fr\/visite-privee-des-rias-baixas\/#primaryimage\"},\"thumbnailUrl\":\"https:\/\/tourtravelandmore.com\/wp-content\/uploads\/2017\/01\/Rias-Baixas-04.jpg\",\"datePublished\":\"2017-01-24T10:10:41+00:00\",\"dateModified\":\"2025-08-08T13:31:24+00:00\",\"description\":\"Profitez de cette visite priv\u00e9e en Galice avec un guide officiel et d\u00e9couvrez les sites les plus embl\u00e9matiques de Rias Baias. Visite priv\u00e9e des R\u00edas Baixas \u2705\",\"breadcrumb\":{\"@id\":\"https:\/\/tourtravelandmore.com\/fr\/tours\/espagne-fr\/ourense-fr\/visite-privee-des-rias-baixas\/#breadcrumb\"},\"inLanguage\":\"fr-FR\",\"potentialAction\":[{\"@type\":\"ReadAction\",\"target\":[\"https:\/\/tourtravelandmore.com\/fr\/tours\/espagne-fr\/ourense-fr\/visite-privee-des-rias-baixas\/\"]}]},{\"@type\":\"ImageObject\",\"inLanguage\":\"fr-FR\",\"@id\":\"https:\/\/tourtravelandmore.com\/fr\/tours\/espagne-fr\/ourense-fr\/visite-privee-des-rias-baixas\/#primaryimage\",\"url\":\"https:\/\/tourtravelandmore.com\/wp-content\/uploads\/2017\/01\/Rias-Baixas-04.jpg\",\"contentUrl\":\"https:\/\/tourtravelandmore.com\/wp-content\/uploads\/2017\/01\/Rias-Baixas-04.jpg\",\"width\":1600,\"height\":1200},{\"@type\":\"BreadcrumbList\",\"@id\":\"https:\/\/tourtravelandmore.com\/fr\/tours\/espagne-fr\/ourense-fr\/visite-privee-des-rias-baixas\/#breadcrumb\",\"itemListElement\":[{\"@type\":\"ListItem\",\"position\":1,\"name\":\"Home\",\"item\":\"https:\/\/tourtravelandmore.com\/fr\/\"},{\"@type\":\"ListItem\",\"position\":2,\"name\":\"Tours\",\"item\":\"https:\/\/tourtravelandmore.com\/fr\/tours\/\"},{\"@type\":\"ListItem\",\"position\":3,\"name\":\"Visite priv\u00e9e des R\u00edas Baixas : Pontevedra et son estuaire\"}]},{\"@type\":\"WebSite\",\"@id\":\"https:\/\/tourtravelandmore.com\/fr\/#website\",\"url\":\"https:\/\/tourtravelandmore.com\/fr\/\",\"name\":\"Tour Travel And More\",\"description\":\"Private sightseeing tours and luxury transfers in Spain\",\"publisher\":{\"@id\":\"https:\/\/tourtravelandmore.com\/fr\/#organization\"},\"potentialAction\":[{\"@type\":\"SearchAction\",\"target\":{\"@type\":\"EntryPoint\",\"urlTemplate\":\"https:\/\/tourtravelandmore.com\/fr\/?s={search_term_string}\"},\"query-input\":{\"@type\":\"PropertyValueSpecification\",\"valueRequired\":true,\"valueName\":\"search_term_string\"}}],\"inLanguage\":\"fr-FR\"},{\"@type\":\"Organization\",\"@id\":\"https:\/\/tourtravelandmore.com\/fr\/#organization\",\"name\":\"Tour Travel And More\",\"url\":\"https:\/\/tourtravelandmore.com\/fr\/\",\"logo\":{\"@type\":\"ImageObject\",\"inLanguage\":\"fr-FR\",\"@id\":\"https:\/\/tourtravelandmore.com\/fr\/#\/schema\/logo\/image\/\",\"url\":\"https:\/\/tourtravelandmore.com\/wp-content\/uploads\/2022\/12\/cropped-logo-cabecera-new.png\",\"contentUrl\":\"https:\/\/tourtravelandmore.com\/wp-content\/uploads\/2022\/12\/cropped-logo-cabecera-new.png\",\"width\":430,\"height\":61,\"caption\":\"Tour Travel And More\"},\"image\":{\"@id\":\"https:\/\/tourtravelandmore.com\/fr\/#\/schema\/logo\/image\/\"},\"sameAs\":[\"https:\/\/www.facebook.com\/tourtravelandmore\/\",\"https:\/\/x.com\/TourTravel_More\"]}]}<\/script>\n<!-- \/ Yoast SEO Premium plugin. -->","yoast_head_json":{"title":"\u27a1\ufe0f Visite priv\u00e9e des R\u00edas Baixas - Visite priv\u00e9e de n'importe quelle ville de Galice","description":"Profitez de cette visite priv\u00e9e en Galice avec un guide officiel et d\u00e9couvrez les sites les plus embl\u00e9matiques de Rias Baias. Visite priv\u00e9e des R\u00edas Baixas \u2705","robots":{"index":"index","follow":"follow","max-snippet":"max-snippet:-1","max-image-preview":"max-image-preview:large","max-video-preview":"max-video-preview:-1"},"canonical":"https:\/\/tourtravelandmore.com\/fr\/tours\/espagne-fr\/ourense-fr\/visite-privee-des-rias-baixas\/","og_locale":"fr_FR","og_type":"article","og_title":"Visite priv\u00e9e des R\u00edas Baixas : Pontevedra et son estuaire","og_description":"Profitez de cette visite priv\u00e9e en Galice avec un guide officiel et d\u00e9couvrez les sites les plus embl\u00e9matiques de Rias Baias. Visite priv\u00e9e des R\u00edas Baixas \u2705","og_url":"https:\/\/tourtravelandmore.com\/fr\/tours\/espagne-fr\/ourense-fr\/visite-privee-des-rias-baixas\/","og_site_name":"Tour Travel And More","article_publisher":"https:\/\/www.facebook.com\/tourtravelandmore\/","article_modified_time":"2025-08-08T13:31:24+00:00","og_image":[{"width":1600,"height":1200,"url":"https:\/\/tourtravelandmore.com\/wp-content\/uploads\/2017\/01\/Rias-Baixas-04.jpg","type":"image\/jpeg"}],"twitter_card":"summary_large_image","twitter_site":"@TourTravel_More","twitter_misc":{"Dur\u00e9e de lecture estim\u00e9e":"2 minutes"},"schema":{"@context":"https:\/\/schema.org","@graph":[{"@type":"WebPage","@id":"https:\/\/tourtravelandmore.com\/fr\/tours\/espagne-fr\/ourense-fr\/visite-privee-des-rias-baixas\/","url":"https:\/\/tourtravelandmore.com\/fr\/tours\/espagne-fr\/ourense-fr\/visite-privee-des-rias-baixas\/","name":"\u27a1\ufe0f Visite priv\u00e9e des R\u00edas Baixas - Visite priv\u00e9e de n'importe quelle ville de Galice","isPartOf":{"@id":"https:\/\/tourtravelandmore.com\/fr\/#website"},"primaryImageOfPage":{"@id":"https:\/\/tourtravelandmore.com\/fr\/tours\/espagne-fr\/ourense-fr\/visite-privee-des-rias-baixas\/#primaryimage"},"image":{"@id":"https:\/\/tourtravelandmore.com\/fr\/tours\/espagne-fr\/ourense-fr\/visite-privee-des-rias-baixas\/#primaryimage"},"thumbnailUrl":"https:\/\/tourtravelandmore.com\/wp-content\/uploads\/2017\/01\/Rias-Baixas-04.jpg","datePublished":"2017-01-24T10:10:41+00:00","dateModified":"2025-08-08T13:31:24+00:00","description":"Profitez de cette visite priv\u00e9e en Galice avec un guide officiel et d\u00e9couvrez les sites les plus embl\u00e9matiques de Rias Baias. Visite priv\u00e9e des R\u00edas Baixas \u2705","breadcrumb":{"@id":"https:\/\/tourtravelandmore.com\/fr\/tours\/espagne-fr\/ourense-fr\/visite-privee-des-rias-baixas\/#breadcrumb"},"inLanguage":"fr-FR","potentialAction":[{"@type":"ReadAction","target":["https:\/\/tourtravelandmore.com\/fr\/tours\/espagne-fr\/ourense-fr\/visite-privee-des-rias-baixas\/"]}]},{"@type":"ImageObject","inLanguage":"fr-FR","@id":"https:\/\/tourtravelandmore.com\/fr\/tours\/espagne-fr\/ourense-fr\/visite-privee-des-rias-baixas\/#primaryimage","url":"https:\/\/tourtravelandmore.com\/wp-content\/uploads\/2017\/01\/Rias-Baixas-04.jpg","contentUrl":"https:\/\/tourtravelandmore.com\/wp-content\/uploads\/2017\/01\/Rias-Baixas-04.jpg","width":1600,"height":1200},{"@type":"BreadcrumbList","@id":"https:\/\/tourtravelandmore.com\/fr\/tours\/espagne-fr\/ourense-fr\/visite-privee-des-rias-baixas\/#breadcrumb","itemListElement":[{"@type":"ListItem","position":1,"name":"Home","item":"https:\/\/tourtravelandmore.com\/fr\/"},{"@type":"ListItem","position":2,"name":"Tours","item":"https:\/\/tourtravelandmore.com\/fr\/tours\/"},{"@type":"ListItem","position":3,"name":"Visite priv\u00e9e des R\u00edas Baixas : Pontevedra et son estuaire"}]},{"@type":"WebSite","@id":"https:\/\/tourtravelandmore.com\/fr\/#website","url":"https:\/\/tourtravelandmore.com\/fr\/","name":"Tour Travel And More","description":"Private sightseeing tours and luxury transfers in Spain","publisher":{"@id":"https:\/\/tourtravelandmore.com\/fr\/#organization"},"potentialAction":[{"@type":"SearchAction","target":{"@type":"EntryPoint","urlTemplate":"https:\/\/tourtravelandmore.com\/fr\/?s={search_term_string}"},"query-input":{"@type":"PropertyValueSpecification","valueRequired":true,"valueName":"search_term_string"}}],"inLanguage":"fr-FR"},{"@type":"Organization","@id":"https:\/\/tourtravelandmore.com\/fr\/#organization","name":"Tour Travel And More","url":"https:\/\/tourtravelandmore.com\/fr\/","logo":{"@type":"ImageObject","inLanguage":"fr-FR","@id":"https:\/\/tourtravelandmore.com\/fr\/#\/schema\/logo\/image\/","url":"https:\/\/tourtravelandmore.com\/wp-content\/uploads\/2022\/12\/cropped-logo-cabecera-new.png","contentUrl":"https:\/\/tourtravelandmore.com\/wp-content\/uploads\/2022\/12\/cropped-logo-cabecera-new.png","width":430,"height":61,"caption":"Tour Travel And More"},"image":{"@id":"https:\/\/tourtravelandmore.com\/fr\/#\/schema\/logo\/image\/"},"sameAs":["https:\/\/www.facebook.com\/tourtravelandmore\/","https:\/\/x.com\/TourTravel_More"]}]}},"_links":{"self":[{"href":"https:\/\/tourtravelandmore.com\/fr\/wp-json\/wp\/v2\/product\/99467","targetHints":{"allow":["GET"]}}],"collection":[{"href":"https:\/\/tourtravelandmore.com\/fr\/wp-json\/wp\/v2\/product"}],"about":[{"href":"https:\/\/tourtravelandmore.com\/fr\/wp-json\/wp\/v2\/types\/product"}],"replies":[{"embeddable":true,"href":"https:\/\/tourtravelandmore.com\/fr\/wp-json\/wp\/v2\/comments?post=99467"}],"wp:featuredmedia":[{"embeddable":true,"href":"https:\/\/tourtravelandmore.com\/fr\/wp-json\/wp\/v2\/media\/94167"}],"wp:attachment":[{"href":"https:\/\/tourtravelandmore.com\/fr\/wp-json\/wp\/v2\/media?parent=99467"}],"wp:term":[{"taxonomy":"product_brand","embeddable":true,"href":"https:\/\/tourtravelandmore.com\/fr\/wp-json\/wp\/v2\/product_brand?post=99467"},{"taxonomy":"product_cat","embeddable":true,"href":"https:\/\/tourtravelandmore.com\/fr\/wp-json\/wp\/v2\/product_cat?post=99467"},{"taxonomy":"product_tag","embeddable":true,"href":"https:\/\/tourtravelandmore.com\/fr\/wp-json\/wp\/v2\/product_tag?post=99467"}],"curies":[{"name":"wp","href":"https:\/\/api.w.org\/{rel}","templated":true}]}}