{"id":99462,"date":"2017-01-24T10:00:37","date_gmt":"2017-01-24T09:00:37","guid":{"rendered":"https:\/\/tourtravelandmore.com\/tours\/non class\u00e9\/visite-privee-dourense\/"},"modified":"2017-01-24T10:00:37","modified_gmt":"2017-01-24T09:00:37","slug":"visite-privee-dourense","status":"publish","type":"product","link":"https:\/\/tourtravelandmore.com\/fr\/tours\/espagne-fr\/ourense-fr\/visite-privee-dourense\/","title":{"rendered":"Visite priv\u00e9e d&#8217;Ourense"},"content":{"rendered":"<h2>Description<\/h2>\n<p>Profitez de cette visite priv\u00e9e d&#8217;Ourense avec votre guide officiel et d\u00e9couvrez les sites les plus embl\u00e9matiques d&#8217;Ourense.<\/p>\n<p>Nous viendrons vous chercher \u00e0 votre h\u00f4tel ou au lieu de votre choix et vous emm\u00e8nerons dans cette visite priv\u00e9e pour d\u00e9couvrir Ourense. Si votre h\u00f4tel n&#8217;est pas situ\u00e9 au centre, nous vous rencontrerons dans un point central d&#8217;Ourense.<\/p>\n<p>Nous recommandons une visite priv\u00e9e \u00e0 pied, qui commencerait \u00e0 l&#8217;Alameda.<\/p>\n<p>Il s&#8217;agit d&#8217;une visite enti\u00e8rement personnalis\u00e9e. Vous pouvez personnaliser chaque visite en nous contactant simplement pour r\u00e9pondre \u00e0 vos propres besoins. Voici un exemple de certains des endroits les plus importants pour vous donner une id\u00e9e de votre visite.<\/p>\n<p>Nous vous aiderons \u00e0 organiser votre exp\u00e9rience totalement personnalis\u00e9e et unique \u00e0 Ourense.<\/p>\n<h2>Sites d&#8217;int\u00e9r\u00eat et monuments<\/h2>\n<p>Tout d&#8217;abord, nous viendrons vous chercher \u00e0 votre h\u00f4tel s&#8217;il est situ\u00e9 au centre. Sinon, nous nous retrouverons dans un point de rencontre central.<\/p>\n<p>Entre autres monuments et sites touristiques, vous pouvez apprendre \u00e0 conna\u00eetre:<\/p>\n<ul>\n<li>Alameda del Ayuntamiento<\/li>\n<li>Alameda del Cruceiro<\/li>\n<li>Burgas<\/li>\n<li>Plaza Mayor<\/li>\n<li>Palacio Episcopal<\/li>\n<li>Iglesia de Santa Mar\u00eda Madre<\/li>\n<li>Plaza del Trigo<\/li>\n<li>Catedral<\/li>\n<li>Riberas del R\u00edo Mi\u00f1o<\/li>\n<li>Puentes del Milenio y Romano<\/li>\n<li>Beaucoup plus!<\/li>\n<\/ul>\n<p>Vous pourrez ensuite profiter et admirer la grande architecture et les sites des monuments les plus importants et les plus connus d\u2019Orense.<\/p>\n<p>Une fois la visite termin\u00e9e, votre guide officiel priv\u00e9 terminera la visite dans un point de rendez-vous central.<\/p>\n<p>Vous pourrez personnaliser cette visite en fonction de vos propres besoins. Ceci est une visite compl\u00e8tement priv\u00e9e.<\/p>\n<p>Vous pouvez \u00e9galement profiter de visites priv\u00e9es \u00e0 l&#8217;int\u00e9rieur des meilleurs monuments d&#8217;Ourense.<br \/>\nD\u00e9couvrez nos visites priv\u00e9es \u00e0 Ourense. Nous proposons \u00e9galement des visites priv\u00e9es dans toute la Galice, l&#8217;Espagne et l&#8217;Europe.<\/p>\n","protected":false},"excerpt":{"rendered":"<p>Visite priv\u00e9e d&#8217;Ourense. Profitez de leurs monuments et sites les plus importants. Profitez de cette occasion pour conna\u00eetre Ourense en Galice dans cette exp\u00e9rience priv\u00e9e. Guide touristique officiel priv\u00e9 pour une exp\u00e9rience unique.<\/p>\n","protected":false},"featured_media":94122,"comment_status":"open","ping_status":"closed","template":"","meta":{"_acf_changed":false},"product_brand":[],"product_cat":[3582],"product_tag":[],"class_list":{"0":"post-99462","1":"product","2":"type-product","3":"status-publish","4":"has-post-thumbnail","6":"product_cat-ourense-fr","8":"first","9":"instock","10":"shipping-taxable","11":"purchasable","12":"product-type-simple"},"acf":[],"yoast_head":"<!-- This site is optimized with the Yoast SEO Premium plugin v25.3.1 (Yoast SEO v25.3.1) - https:\/\/yoast.com\/wordpress\/plugins\/seo\/ -->\n<title>Visite priv\u00e9e d&#039;Ourense - Guide touristique officiel priv\u00e9 pendant 3 heures<\/title>\n<meta name=\"description\" content=\"Visite priv\u00e9e d&#039;Ourense. Profitez de leurs monuments et sites les plus importants. Profitez de cette occasion pour conna\u00eetre Ourense en Galice dans cette exp\u00e9rience priv\u00e9e.\" \/>\n<meta name=\"robots\" content=\"index, follow, max-snippet:-1, max-image-preview:large, max-video-preview:-1\" \/>\n<link rel=\"canonical\" href=\"https:\/\/tourtravelandmore.com\/fr\/tours\/espagne-fr\/ourense-fr\/visite-privee-dourense\/\" \/>\n<meta property=\"og:locale\" content=\"fr_FR\" \/>\n<meta property=\"og:type\" content=\"article\" \/>\n<meta property=\"og:title\" content=\"Visite priv\u00e9e d&#039;Ourense\" \/>\n<meta property=\"og:description\" content=\"Visite priv\u00e9e d&#039;Ourense. Profitez de leurs monuments et sites les plus importants. Profitez de cette occasion pour conna\u00eetre Ourense en Galice dans cette exp\u00e9rience priv\u00e9e.\" \/>\n<meta property=\"og:url\" content=\"https:\/\/tourtravelandmore.com\/fr\/tours\/espagne-fr\/ourense-fr\/visite-privee-dourense\/\" \/>\n<meta property=\"og:site_name\" content=\"Tour Travel And More\" \/>\n<meta property=\"article:publisher\" content=\"https:\/\/www.facebook.com\/tourtravelandmore\/\" \/>\n<meta property=\"og:image\" content=\"https:\/\/tourtravelandmore.com\/wp-content\/uploads\/2017\/01\/Ourense-01.jpg\" \/>\n\t<meta property=\"og:image:width\" content=\"1280\" \/>\n\t<meta property=\"og:image:height\" content=\"848\" \/>\n\t<meta property=\"og:image:type\" content=\"image\/jpeg\" \/>\n<meta name=\"twitter:card\" content=\"summary_large_image\" \/>\n<meta name=\"twitter:site\" content=\"@TourTravel_More\" \/>\n<meta name=\"twitter:label1\" content=\"Dur\u00e9e de lecture estim\u00e9e\" \/>\n\t<meta name=\"twitter:data1\" content=\"2 minutes\" \/>\n<script type=\"application\/ld+json\" class=\"yoast-schema-graph\">{\"@context\":\"https:\/\/schema.org\",\"@graph\":[{\"@type\":\"WebPage\",\"@id\":\"https:\/\/tourtravelandmore.com\/fr\/tours\/espagne-fr\/ourense-fr\/visite-privee-dourense\/\",\"url\":\"https:\/\/tourtravelandmore.com\/fr\/tours\/espagne-fr\/ourense-fr\/visite-privee-dourense\/\",\"name\":\"Visite priv\u00e9e d'Ourense - Guide touristique officiel priv\u00e9 pendant 3 heures\",\"isPartOf\":{\"@id\":\"https:\/\/tourtravelandmore.com\/fr\/#website\"},\"primaryImageOfPage\":{\"@id\":\"https:\/\/tourtravelandmore.com\/fr\/tours\/espagne-fr\/ourense-fr\/visite-privee-dourense\/#primaryimage\"},\"image\":{\"@id\":\"https:\/\/tourtravelandmore.com\/fr\/tours\/espagne-fr\/ourense-fr\/visite-privee-dourense\/#primaryimage\"},\"thumbnailUrl\":\"https:\/\/tourtravelandmore.com\/wp-content\/uploads\/2017\/01\/Ourense-01.jpg\",\"datePublished\":\"2017-01-24T09:00:37+00:00\",\"description\":\"Visite priv\u00e9e d'Ourense. Profitez de leurs monuments et sites les plus importants. Profitez de cette occasion pour conna\u00eetre Ourense en Galice dans cette exp\u00e9rience priv\u00e9e.\",\"breadcrumb\":{\"@id\":\"https:\/\/tourtravelandmore.com\/fr\/tours\/espagne-fr\/ourense-fr\/visite-privee-dourense\/#breadcrumb\"},\"inLanguage\":\"fr-FR\",\"potentialAction\":[{\"@type\":\"ReadAction\",\"target\":[\"https:\/\/tourtravelandmore.com\/fr\/tours\/espagne-fr\/ourense-fr\/visite-privee-dourense\/\"]}]},{\"@type\":\"ImageObject\",\"inLanguage\":\"fr-FR\",\"@id\":\"https:\/\/tourtravelandmore.com\/fr\/tours\/espagne-fr\/ourense-fr\/visite-privee-dourense\/#primaryimage\",\"url\":\"https:\/\/tourtravelandmore.com\/wp-content\/uploads\/2017\/01\/Ourense-01.jpg\",\"contentUrl\":\"https:\/\/tourtravelandmore.com\/wp-content\/uploads\/2017\/01\/Ourense-01.jpg\",\"width\":1280,\"height\":848},{\"@type\":\"BreadcrumbList\",\"@id\":\"https:\/\/tourtravelandmore.com\/fr\/tours\/espagne-fr\/ourense-fr\/visite-privee-dourense\/#breadcrumb\",\"itemListElement\":[{\"@type\":\"ListItem\",\"position\":1,\"name\":\"Home\",\"item\":\"https:\/\/tourtravelandmore.com\/fr\/\"},{\"@type\":\"ListItem\",\"position\":2,\"name\":\"Tours\",\"item\":\"https:\/\/tourtravelandmore.com\/fr\/tours\/\"},{\"@type\":\"ListItem\",\"position\":3,\"name\":\"Visite priv\u00e9e d&rsquo;Ourense\"}]},{\"@type\":\"WebSite\",\"@id\":\"https:\/\/tourtravelandmore.com\/fr\/#website\",\"url\":\"https:\/\/tourtravelandmore.com\/fr\/\",\"name\":\"Tour Travel And More\",\"description\":\"Private sightseeing tours and luxury transfers in Spain\",\"publisher\":{\"@id\":\"https:\/\/tourtravelandmore.com\/fr\/#organization\"},\"potentialAction\":[{\"@type\":\"SearchAction\",\"target\":{\"@type\":\"EntryPoint\",\"urlTemplate\":\"https:\/\/tourtravelandmore.com\/fr\/?s={search_term_string}\"},\"query-input\":{\"@type\":\"PropertyValueSpecification\",\"valueRequired\":true,\"valueName\":\"search_term_string\"}}],\"inLanguage\":\"fr-FR\"},{\"@type\":\"Organization\",\"@id\":\"https:\/\/tourtravelandmore.com\/fr\/#organization\",\"name\":\"Tour Travel And More\",\"url\":\"https:\/\/tourtravelandmore.com\/fr\/\",\"logo\":{\"@type\":\"ImageObject\",\"inLanguage\":\"fr-FR\",\"@id\":\"https:\/\/tourtravelandmore.com\/fr\/#\/schema\/logo\/image\/\",\"url\":\"https:\/\/tourtravelandmore.com\/wp-content\/uploads\/2022\/12\/cropped-logo-cabecera-new.png\",\"contentUrl\":\"https:\/\/tourtravelandmore.com\/wp-content\/uploads\/2022\/12\/cropped-logo-cabecera-new.png\",\"width\":430,\"height\":61,\"caption\":\"Tour Travel And More\"},\"image\":{\"@id\":\"https:\/\/tourtravelandmore.com\/fr\/#\/schema\/logo\/image\/\"},\"sameAs\":[\"https:\/\/www.facebook.com\/tourtravelandmore\/\",\"https:\/\/x.com\/TourTravel_More\"]}]}<\/script>\n<!-- \/ Yoast SEO Premium plugin. -->","yoast_head_json":{"title":"Visite priv\u00e9e d'Ourense - Guide touristique officiel priv\u00e9 pendant 3 heures","description":"Visite priv\u00e9e d'Ourense. Profitez de leurs monuments et sites les plus importants. Profitez de cette occasion pour conna\u00eetre Ourense en Galice dans cette exp\u00e9rience priv\u00e9e.","robots":{"index":"index","follow":"follow","max-snippet":"max-snippet:-1","max-image-preview":"max-image-preview:large","max-video-preview":"max-video-preview:-1"},"canonical":"https:\/\/tourtravelandmore.com\/fr\/tours\/espagne-fr\/ourense-fr\/visite-privee-dourense\/","og_locale":"fr_FR","og_type":"article","og_title":"Visite priv\u00e9e d'Ourense","og_description":"Visite priv\u00e9e d'Ourense. Profitez de leurs monuments et sites les plus importants. Profitez de cette occasion pour conna\u00eetre Ourense en Galice dans cette exp\u00e9rience priv\u00e9e.","og_url":"https:\/\/tourtravelandmore.com\/fr\/tours\/espagne-fr\/ourense-fr\/visite-privee-dourense\/","og_site_name":"Tour Travel And More","article_publisher":"https:\/\/www.facebook.com\/tourtravelandmore\/","og_image":[{"width":1280,"height":848,"url":"https:\/\/tourtravelandmore.com\/wp-content\/uploads\/2017\/01\/Ourense-01.jpg","type":"image\/jpeg"}],"twitter_card":"summary_large_image","twitter_site":"@TourTravel_More","twitter_misc":{"Dur\u00e9e de lecture estim\u00e9e":"2 minutes"},"schema":{"@context":"https:\/\/schema.org","@graph":[{"@type":"WebPage","@id":"https:\/\/tourtravelandmore.com\/fr\/tours\/espagne-fr\/ourense-fr\/visite-privee-dourense\/","url":"https:\/\/tourtravelandmore.com\/fr\/tours\/espagne-fr\/ourense-fr\/visite-privee-dourense\/","name":"Visite priv\u00e9e d'Ourense - Guide touristique officiel priv\u00e9 pendant 3 heures","isPartOf":{"@id":"https:\/\/tourtravelandmore.com\/fr\/#website"},"primaryImageOfPage":{"@id":"https:\/\/tourtravelandmore.com\/fr\/tours\/espagne-fr\/ourense-fr\/visite-privee-dourense\/#primaryimage"},"image":{"@id":"https:\/\/tourtravelandmore.com\/fr\/tours\/espagne-fr\/ourense-fr\/visite-privee-dourense\/#primaryimage"},"thumbnailUrl":"https:\/\/tourtravelandmore.com\/wp-content\/uploads\/2017\/01\/Ourense-01.jpg","datePublished":"2017-01-24T09:00:37+00:00","description":"Visite priv\u00e9e d'Ourense. Profitez de leurs monuments et sites les plus importants. Profitez de cette occasion pour conna\u00eetre Ourense en Galice dans cette exp\u00e9rience priv\u00e9e.","breadcrumb":{"@id":"https:\/\/tourtravelandmore.com\/fr\/tours\/espagne-fr\/ourense-fr\/visite-privee-dourense\/#breadcrumb"},"inLanguage":"fr-FR","potentialAction":[{"@type":"ReadAction","target":["https:\/\/tourtravelandmore.com\/fr\/tours\/espagne-fr\/ourense-fr\/visite-privee-dourense\/"]}]},{"@type":"ImageObject","inLanguage":"fr-FR","@id":"https:\/\/tourtravelandmore.com\/fr\/tours\/espagne-fr\/ourense-fr\/visite-privee-dourense\/#primaryimage","url":"https:\/\/tourtravelandmore.com\/wp-content\/uploads\/2017\/01\/Ourense-01.jpg","contentUrl":"https:\/\/tourtravelandmore.com\/wp-content\/uploads\/2017\/01\/Ourense-01.jpg","width":1280,"height":848},{"@type":"BreadcrumbList","@id":"https:\/\/tourtravelandmore.com\/fr\/tours\/espagne-fr\/ourense-fr\/visite-privee-dourense\/#breadcrumb","itemListElement":[{"@type":"ListItem","position":1,"name":"Home","item":"https:\/\/tourtravelandmore.com\/fr\/"},{"@type":"ListItem","position":2,"name":"Tours","item":"https:\/\/tourtravelandmore.com\/fr\/tours\/"},{"@type":"ListItem","position":3,"name":"Visite priv\u00e9e d&rsquo;Ourense"}]},{"@type":"WebSite","@id":"https:\/\/tourtravelandmore.com\/fr\/#website","url":"https:\/\/tourtravelandmore.com\/fr\/","name":"Tour Travel And More","description":"Private sightseeing tours and luxury transfers in Spain","publisher":{"@id":"https:\/\/tourtravelandmore.com\/fr\/#organization"},"potentialAction":[{"@type":"SearchAction","target":{"@type":"EntryPoint","urlTemplate":"https:\/\/tourtravelandmore.com\/fr\/?s={search_term_string}"},"query-input":{"@type":"PropertyValueSpecification","valueRequired":true,"valueName":"search_term_string"}}],"inLanguage":"fr-FR"},{"@type":"Organization","@id":"https:\/\/tourtravelandmore.com\/fr\/#organization","name":"Tour Travel And More","url":"https:\/\/tourtravelandmore.com\/fr\/","logo":{"@type":"ImageObject","inLanguage":"fr-FR","@id":"https:\/\/tourtravelandmore.com\/fr\/#\/schema\/logo\/image\/","url":"https:\/\/tourtravelandmore.com\/wp-content\/uploads\/2022\/12\/cropped-logo-cabecera-new.png","contentUrl":"https:\/\/tourtravelandmore.com\/wp-content\/uploads\/2022\/12\/cropped-logo-cabecera-new.png","width":430,"height":61,"caption":"Tour Travel And More"},"image":{"@id":"https:\/\/tourtravelandmore.com\/fr\/#\/schema\/logo\/image\/"},"sameAs":["https:\/\/www.facebook.com\/tourtravelandmore\/","https:\/\/x.com\/TourTravel_More"]}]}},"_links":{"self":[{"href":"https:\/\/tourtravelandmore.com\/fr\/wp-json\/wp\/v2\/product\/99462","targetHints":{"allow":["GET"]}}],"collection":[{"href":"https:\/\/tourtravelandmore.com\/fr\/wp-json\/wp\/v2\/product"}],"about":[{"href":"https:\/\/tourtravelandmore.com\/fr\/wp-json\/wp\/v2\/types\/product"}],"replies":[{"embeddable":true,"href":"https:\/\/tourtravelandmore.com\/fr\/wp-json\/wp\/v2\/comments?post=99462"}],"wp:featuredmedia":[{"embeddable":true,"href":"https:\/\/tourtravelandmore.com\/fr\/wp-json\/wp\/v2\/media\/94122"}],"wp:attachment":[{"href":"https:\/\/tourtravelandmore.com\/fr\/wp-json\/wp\/v2\/media?parent=99462"}],"wp:term":[{"taxonomy":"product_brand","embeddable":true,"href":"https:\/\/tourtravelandmore.com\/fr\/wp-json\/wp\/v2\/product_brand?post=99462"},{"taxonomy":"product_cat","embeddable":true,"href":"https:\/\/tourtravelandmore.com\/fr\/wp-json\/wp\/v2\/product_cat?post=99462"},{"taxonomy":"product_tag","embeddable":true,"href":"https:\/\/tourtravelandmore.com\/fr\/wp-json\/wp\/v2\/product_tag?post=99462"}],"curies":[{"name":"wp","href":"https:\/\/api.w.org\/{rel}","templated":true}]}}