{"id":99459,"date":"2020-07-28T12:28:52","date_gmt":"2020-07-28T10:28:52","guid":{"rendered":"https:\/\/tourtravelandmore.com\/tours\/non class\u00e9\/excursion-a-terre-privee-la-laguna-visite-de-la-biosphere-danaga\/"},"modified":"2020-07-28T12:28:52","modified_gmt":"2020-07-28T10:28:52","slug":"excursion-a-terre-privee-la-laguna-visite-de-la-biosphere-danaga","status":"publish","type":"product","link":"https:\/\/tourtravelandmore.com\/fr\/tours\/espagne-fr\/tenerife-fr\/excursion-a-terre-privee-la-laguna-visite-de-la-biosphere-danaga\/","title":{"rendered":"Excursion \u00e0 terre: priv\u00e9e La Laguna &#038; Visite de la biosph\u00e8re d&#8217;Anaga"},"content":{"rendered":"<h2>Description<\/h2>\n<p>Laissez-nous vous emmener dans cette visite priv\u00e9e de la Laguna et de la biosph\u00e8re d&#8217;Anaga. Profitez de la belle ville de La Laguna et passez du temps \u00e0 vous promener dans la biosph\u00e8re d&#8217;Anaga.<\/p>\n<p>Notre chauffeur-guide vous attendra pour une prise en charge confortable et rapide. Nous organiserons la prise en charge depuis n&#8217;importe quel endroit de l&#8217;\u00eele. Votre chauffeur-guide vous accompagnera pour vous emmener dans ce circuit unique.<\/p>\n<p>Apr\u00e8s le ramassage, nous nous dirigerons vers la biosph\u00e8re d&#8217;Anaga. Vous profiterez d&#8217;une visite priv\u00e9e d&#8217;Anaga. La r\u00e9gion d&#8217;Anaga est situ\u00e9e au nord-est de l&#8217;\u00eele.<\/p>\n<p>Nous nous dirigerons ensuite vers La Laguna. \u00c0 La Laguna, vous aurez le temps de manger un morceau. Vous profiterez ensuite de la ville \u00e0 c\u00f4t\u00e9 de votre chauffeur-guide priv\u00e9.<\/p>\n<h2>Sites d&#8217;int\u00e9r\u00eat et monuments<\/h2>\n<p>Saisissez cette occasion pour avoir une vue sur La Laguna et la r\u00e9serve de biosph\u00e8re d&#8217;Anaga avec votre chauffeur-guide priv\u00e9.<\/p>\n<p>Profitez d&#8217;abord de la biosph\u00e8re d&#8217;Anaga. C&#8217;est ici que d\u00e9butera la visite priv\u00e9e de la biosph\u00e8re de La Laguna et d&#8217;Anaga!<\/p>\n<p>Profitez des paysages uniques d&#8217;Anaga, avec la diversit\u00e9 de la flore et de la faune. Belles falaises, oiseaux \u00e0 observer, poissons, reptiles et pr\u00e8s de 2000 pi\u00e8ces. Anaga est connue pour un slogan qui dit &#8220;cet endroit est assez sp\u00e9cial&#8221;. C&#8217;est une partie \u00e0 couper le souffle de Tenerife.<\/p>\n<p>Nous nous dirigerons ensuite vers La Laguna. A La Laguna, \u00e0 l&#8217;arriv\u00e9e, nous aurons une bouch\u00e9e \u00e0 manger. Apr\u00e8s cela, nous commencerons la visite priv\u00e9e de la ville de La Laguna.<\/p>\n<p>La Laguna est un site du patrimoine mondial. C&#8217;est pourquoi il faut consacrer une partie de la tourn\u00e9e ici. La Laguna est une ville situ\u00e9e \u00e0 proximit\u00e9 de Santra Cruz de Tenerife.<\/p>\n<p>Parmi les autres monuments de La Laguna, profitez des sites suivants:<\/p>\n<ul>\n<li>Cath\u00e9drale de La Laguna<\/li>\n<li>Iglesia de la Concepci\u00f3n<\/li>\n<li>Vieille ville de La Laguna<\/li>\n<li>Real Santuario del Sant\u00edsimo Cristo de La Laguna<\/li>\n<li>Universit\u00e9 de La Laguna<\/li>\n<\/ul>\n<p>Apr\u00e8s avoir visit\u00e9 La Laguna, nous vous ram\u00e8nerons de votre lieu de choix sur l&#8217;\u00eele.<\/p>\n<p>Jetez un \u0153il \u00e0 nos visites priv\u00e9es ici!<\/p>\n","protected":false},"excerpt":{"rendered":"<p>Profitez de cette excursion priv\u00e9e d&#8217;une journ\u00e9e enti\u00e8rement personnalis\u00e9e pour d\u00e9couvrir la Laguna et la biosph\u00e8re d&#8217;Anaga \u00e0 Tenerife en v\u00e9hicule de luxe priv\u00e9 avec chauffeur \/ guide. Nous pouvons organiser la prise en charge depuis n&#8217;importe quel h\u00f4tel de Tenerife ou m\u00eame depuis le port de croisi\u00e8re. Personnalisez votre propre exp\u00e9rience avec nous.<\/p>\n","protected":false},"featured_media":81877,"comment_status":"open","ping_status":"closed","template":"","meta":{"_acf_changed":false},"product_brand":[],"product_cat":[3581],"product_tag":[],"class_list":{"0":"post-99459","1":"product","2":"type-product","3":"status-publish","4":"has-post-thumbnail","6":"product_cat-tenerife-fr","8":"first","9":"instock","10":"shipping-taxable","11":"purchasable","12":"product-type-simple"},"acf":[],"yoast_head":"<!-- This site is optimized with the Yoast SEO Premium plugin v25.3.1 (Yoast SEO v25.3.1) - https:\/\/yoast.com\/wordpress\/plugins\/seo\/ -->\n<title>Visite priv\u00e9e de la biosph\u00e8re de La Laguna et d&#039;Anaga - chauffeur-guide priv\u00e9<\/title>\n<meta name=\"description\" content=\"Visite priv\u00e9e de La Laguna et de la biosph\u00e8re d&#039;Anaga. V\u00e9hicule priv\u00e9 avec chauffeur-guide. Prise en charge depuis n&#039;importe quel endroit de l&#039;\u00eele de Tenerife.\" \/>\n<meta name=\"robots\" content=\"index, follow, max-snippet:-1, max-image-preview:large, max-video-preview:-1\" \/>\n<link rel=\"canonical\" href=\"https:\/\/tourtravelandmore.com\/fr\/tours\/espagne-fr\/tenerife-fr\/excursion-a-terre-privee-la-laguna-visite-de-la-biosphere-danaga\/\" \/>\n<meta property=\"og:locale\" content=\"fr_FR\" \/>\n<meta property=\"og:type\" content=\"article\" \/>\n<meta property=\"og:title\" content=\"Excursion \u00e0 terre: priv\u00e9e La Laguna &amp; Visite de la biosph\u00e8re d&#039;Anaga\" \/>\n<meta property=\"og:description\" content=\"Visite priv\u00e9e de La Laguna et de la biosph\u00e8re d&#039;Anaga. V\u00e9hicule priv\u00e9 avec chauffeur-guide. Prise en charge depuis n&#039;importe quel endroit de l&#039;\u00eele de Tenerife.\" \/>\n<meta property=\"og:url\" content=\"https:\/\/tourtravelandmore.com\/fr\/tours\/espagne-fr\/tenerife-fr\/excursion-a-terre-privee-la-laguna-visite-de-la-biosphere-danaga\/\" \/>\n<meta property=\"og:site_name\" content=\"Tour Travel And More\" \/>\n<meta property=\"article:publisher\" content=\"https:\/\/www.facebook.com\/tourtravelandmore\/\" \/>\n<meta property=\"og:image\" content=\"https:\/\/tourtravelandmore.com\/wp-content\/uploads\/2020\/07\/la-laguna-3.jpg\" \/>\n\t<meta property=\"og:image:width\" content=\"1024\" \/>\n\t<meta property=\"og:image:height\" content=\"683\" \/>\n\t<meta property=\"og:image:type\" content=\"image\/jpeg\" \/>\n<meta name=\"twitter:card\" content=\"summary_large_image\" \/>\n<meta name=\"twitter:site\" content=\"@TourTravel_More\" \/>\n<meta name=\"twitter:label1\" content=\"Dur\u00e9e de lecture estim\u00e9e\" \/>\n\t<meta name=\"twitter:data1\" content=\"2 minutes\" \/>\n<script type=\"application\/ld+json\" class=\"yoast-schema-graph\">{\"@context\":\"https:\/\/schema.org\",\"@graph\":[{\"@type\":\"WebPage\",\"@id\":\"https:\/\/tourtravelandmore.com\/fr\/tours\/espagne-fr\/tenerife-fr\/excursion-a-terre-privee-la-laguna-visite-de-la-biosphere-danaga\/\",\"url\":\"https:\/\/tourtravelandmore.com\/fr\/tours\/espagne-fr\/tenerife-fr\/excursion-a-terre-privee-la-laguna-visite-de-la-biosphere-danaga\/\",\"name\":\"Visite priv\u00e9e de la biosph\u00e8re de La Laguna et d'Anaga - chauffeur-guide priv\u00e9\",\"isPartOf\":{\"@id\":\"https:\/\/tourtravelandmore.com\/fr\/#website\"},\"primaryImageOfPage\":{\"@id\":\"https:\/\/tourtravelandmore.com\/fr\/tours\/espagne-fr\/tenerife-fr\/excursion-a-terre-privee-la-laguna-visite-de-la-biosphere-danaga\/#primaryimage\"},\"image\":{\"@id\":\"https:\/\/tourtravelandmore.com\/fr\/tours\/espagne-fr\/tenerife-fr\/excursion-a-terre-privee-la-laguna-visite-de-la-biosphere-danaga\/#primaryimage\"},\"thumbnailUrl\":\"https:\/\/tourtravelandmore.com\/wp-content\/uploads\/2020\/07\/la-laguna-3.jpg\",\"datePublished\":\"2020-07-28T10:28:52+00:00\",\"description\":\"Visite priv\u00e9e de La Laguna et de la biosph\u00e8re d'Anaga. V\u00e9hicule priv\u00e9 avec chauffeur-guide. Prise en charge depuis n'importe quel endroit de l'\u00eele de Tenerife.\",\"breadcrumb\":{\"@id\":\"https:\/\/tourtravelandmore.com\/fr\/tours\/espagne-fr\/tenerife-fr\/excursion-a-terre-privee-la-laguna-visite-de-la-biosphere-danaga\/#breadcrumb\"},\"inLanguage\":\"fr-FR\",\"potentialAction\":[{\"@type\":\"ReadAction\",\"target\":[\"https:\/\/tourtravelandmore.com\/fr\/tours\/espagne-fr\/tenerife-fr\/excursion-a-terre-privee-la-laguna-visite-de-la-biosphere-danaga\/\"]}]},{\"@type\":\"ImageObject\",\"inLanguage\":\"fr-FR\",\"@id\":\"https:\/\/tourtravelandmore.com\/fr\/tours\/espagne-fr\/tenerife-fr\/excursion-a-terre-privee-la-laguna-visite-de-la-biosphere-danaga\/#primaryimage\",\"url\":\"https:\/\/tourtravelandmore.com\/wp-content\/uploads\/2020\/07\/la-laguna-3.jpg\",\"contentUrl\":\"https:\/\/tourtravelandmore.com\/wp-content\/uploads\/2020\/07\/la-laguna-3.jpg\",\"width\":1024,\"height\":683},{\"@type\":\"BreadcrumbList\",\"@id\":\"https:\/\/tourtravelandmore.com\/fr\/tours\/espagne-fr\/tenerife-fr\/excursion-a-terre-privee-la-laguna-visite-de-la-biosphere-danaga\/#breadcrumb\",\"itemListElement\":[{\"@type\":\"ListItem\",\"position\":1,\"name\":\"Home\",\"item\":\"https:\/\/tourtravelandmore.com\/fr\/\"},{\"@type\":\"ListItem\",\"position\":2,\"name\":\"Tours\",\"item\":\"https:\/\/tourtravelandmore.com\/fr\/tours\/\"},{\"@type\":\"ListItem\",\"position\":3,\"name\":\"Excursion \u00e0 terre: priv\u00e9e La Laguna &#038; Visite de la biosph\u00e8re d&#8217;Anaga\"}]},{\"@type\":\"WebSite\",\"@id\":\"https:\/\/tourtravelandmore.com\/fr\/#website\",\"url\":\"https:\/\/tourtravelandmore.com\/fr\/\",\"name\":\"Tour Travel And More\",\"description\":\"Private sightseeing tours and luxury transfers in Spain\",\"publisher\":{\"@id\":\"https:\/\/tourtravelandmore.com\/fr\/#organization\"},\"potentialAction\":[{\"@type\":\"SearchAction\",\"target\":{\"@type\":\"EntryPoint\",\"urlTemplate\":\"https:\/\/tourtravelandmore.com\/fr\/?s={search_term_string}\"},\"query-input\":{\"@type\":\"PropertyValueSpecification\",\"valueRequired\":true,\"valueName\":\"search_term_string\"}}],\"inLanguage\":\"fr-FR\"},{\"@type\":\"Organization\",\"@id\":\"https:\/\/tourtravelandmore.com\/fr\/#organization\",\"name\":\"Tour Travel And More\",\"url\":\"https:\/\/tourtravelandmore.com\/fr\/\",\"logo\":{\"@type\":\"ImageObject\",\"inLanguage\":\"fr-FR\",\"@id\":\"https:\/\/tourtravelandmore.com\/fr\/#\/schema\/logo\/image\/\",\"url\":\"https:\/\/tourtravelandmore.com\/wp-content\/uploads\/2022\/12\/cropped-logo-cabecera-new.png\",\"contentUrl\":\"https:\/\/tourtravelandmore.com\/wp-content\/uploads\/2022\/12\/cropped-logo-cabecera-new.png\",\"width\":430,\"height\":61,\"caption\":\"Tour Travel And More\"},\"image\":{\"@id\":\"https:\/\/tourtravelandmore.com\/fr\/#\/schema\/logo\/image\/\"},\"sameAs\":[\"https:\/\/www.facebook.com\/tourtravelandmore\/\",\"https:\/\/x.com\/TourTravel_More\"]}]}<\/script>\n<!-- \/ Yoast SEO Premium plugin. -->","yoast_head_json":{"title":"Visite priv\u00e9e de la biosph\u00e8re de La Laguna et d'Anaga - chauffeur-guide priv\u00e9","description":"Visite priv\u00e9e de La Laguna et de la biosph\u00e8re d'Anaga. V\u00e9hicule priv\u00e9 avec chauffeur-guide. Prise en charge depuis n'importe quel endroit de l'\u00eele de Tenerife.","robots":{"index":"index","follow":"follow","max-snippet":"max-snippet:-1","max-image-preview":"max-image-preview:large","max-video-preview":"max-video-preview:-1"},"canonical":"https:\/\/tourtravelandmore.com\/fr\/tours\/espagne-fr\/tenerife-fr\/excursion-a-terre-privee-la-laguna-visite-de-la-biosphere-danaga\/","og_locale":"fr_FR","og_type":"article","og_title":"Excursion \u00e0 terre: priv\u00e9e La Laguna & Visite de la biosph\u00e8re d'Anaga","og_description":"Visite priv\u00e9e de La Laguna et de la biosph\u00e8re d'Anaga. V\u00e9hicule priv\u00e9 avec chauffeur-guide. Prise en charge depuis n'importe quel endroit de l'\u00eele de Tenerife.","og_url":"https:\/\/tourtravelandmore.com\/fr\/tours\/espagne-fr\/tenerife-fr\/excursion-a-terre-privee-la-laguna-visite-de-la-biosphere-danaga\/","og_site_name":"Tour Travel And More","article_publisher":"https:\/\/www.facebook.com\/tourtravelandmore\/","og_image":[{"width":1024,"height":683,"url":"https:\/\/tourtravelandmore.com\/wp-content\/uploads\/2020\/07\/la-laguna-3.jpg","type":"image\/jpeg"}],"twitter_card":"summary_large_image","twitter_site":"@TourTravel_More","twitter_misc":{"Dur\u00e9e de lecture estim\u00e9e":"2 minutes"},"schema":{"@context":"https:\/\/schema.org","@graph":[{"@type":"WebPage","@id":"https:\/\/tourtravelandmore.com\/fr\/tours\/espagne-fr\/tenerife-fr\/excursion-a-terre-privee-la-laguna-visite-de-la-biosphere-danaga\/","url":"https:\/\/tourtravelandmore.com\/fr\/tours\/espagne-fr\/tenerife-fr\/excursion-a-terre-privee-la-laguna-visite-de-la-biosphere-danaga\/","name":"Visite priv\u00e9e de la biosph\u00e8re de La Laguna et d'Anaga - chauffeur-guide priv\u00e9","isPartOf":{"@id":"https:\/\/tourtravelandmore.com\/fr\/#website"},"primaryImageOfPage":{"@id":"https:\/\/tourtravelandmore.com\/fr\/tours\/espagne-fr\/tenerife-fr\/excursion-a-terre-privee-la-laguna-visite-de-la-biosphere-danaga\/#primaryimage"},"image":{"@id":"https:\/\/tourtravelandmore.com\/fr\/tours\/espagne-fr\/tenerife-fr\/excursion-a-terre-privee-la-laguna-visite-de-la-biosphere-danaga\/#primaryimage"},"thumbnailUrl":"https:\/\/tourtravelandmore.com\/wp-content\/uploads\/2020\/07\/la-laguna-3.jpg","datePublished":"2020-07-28T10:28:52+00:00","description":"Visite priv\u00e9e de La Laguna et de la biosph\u00e8re d'Anaga. V\u00e9hicule priv\u00e9 avec chauffeur-guide. Prise en charge depuis n'importe quel endroit de l'\u00eele de Tenerife.","breadcrumb":{"@id":"https:\/\/tourtravelandmore.com\/fr\/tours\/espagne-fr\/tenerife-fr\/excursion-a-terre-privee-la-laguna-visite-de-la-biosphere-danaga\/#breadcrumb"},"inLanguage":"fr-FR","potentialAction":[{"@type":"ReadAction","target":["https:\/\/tourtravelandmore.com\/fr\/tours\/espagne-fr\/tenerife-fr\/excursion-a-terre-privee-la-laguna-visite-de-la-biosphere-danaga\/"]}]},{"@type":"ImageObject","inLanguage":"fr-FR","@id":"https:\/\/tourtravelandmore.com\/fr\/tours\/espagne-fr\/tenerife-fr\/excursion-a-terre-privee-la-laguna-visite-de-la-biosphere-danaga\/#primaryimage","url":"https:\/\/tourtravelandmore.com\/wp-content\/uploads\/2020\/07\/la-laguna-3.jpg","contentUrl":"https:\/\/tourtravelandmore.com\/wp-content\/uploads\/2020\/07\/la-laguna-3.jpg","width":1024,"height":683},{"@type":"BreadcrumbList","@id":"https:\/\/tourtravelandmore.com\/fr\/tours\/espagne-fr\/tenerife-fr\/excursion-a-terre-privee-la-laguna-visite-de-la-biosphere-danaga\/#breadcrumb","itemListElement":[{"@type":"ListItem","position":1,"name":"Home","item":"https:\/\/tourtravelandmore.com\/fr\/"},{"@type":"ListItem","position":2,"name":"Tours","item":"https:\/\/tourtravelandmore.com\/fr\/tours\/"},{"@type":"ListItem","position":3,"name":"Excursion \u00e0 terre: priv\u00e9e La Laguna &#038; Visite de la biosph\u00e8re d&#8217;Anaga"}]},{"@type":"WebSite","@id":"https:\/\/tourtravelandmore.com\/fr\/#website","url":"https:\/\/tourtravelandmore.com\/fr\/","name":"Tour Travel And More","description":"Private sightseeing tours and luxury transfers in Spain","publisher":{"@id":"https:\/\/tourtravelandmore.com\/fr\/#organization"},"potentialAction":[{"@type":"SearchAction","target":{"@type":"EntryPoint","urlTemplate":"https:\/\/tourtravelandmore.com\/fr\/?s={search_term_string}"},"query-input":{"@type":"PropertyValueSpecification","valueRequired":true,"valueName":"search_term_string"}}],"inLanguage":"fr-FR"},{"@type":"Organization","@id":"https:\/\/tourtravelandmore.com\/fr\/#organization","name":"Tour Travel And More","url":"https:\/\/tourtravelandmore.com\/fr\/","logo":{"@type":"ImageObject","inLanguage":"fr-FR","@id":"https:\/\/tourtravelandmore.com\/fr\/#\/schema\/logo\/image\/","url":"https:\/\/tourtravelandmore.com\/wp-content\/uploads\/2022\/12\/cropped-logo-cabecera-new.png","contentUrl":"https:\/\/tourtravelandmore.com\/wp-content\/uploads\/2022\/12\/cropped-logo-cabecera-new.png","width":430,"height":61,"caption":"Tour Travel And More"},"image":{"@id":"https:\/\/tourtravelandmore.com\/fr\/#\/schema\/logo\/image\/"},"sameAs":["https:\/\/www.facebook.com\/tourtravelandmore\/","https:\/\/x.com\/TourTravel_More"]}]}},"_links":{"self":[{"href":"https:\/\/tourtravelandmore.com\/fr\/wp-json\/wp\/v2\/product\/99459","targetHints":{"allow":["GET"]}}],"collection":[{"href":"https:\/\/tourtravelandmore.com\/fr\/wp-json\/wp\/v2\/product"}],"about":[{"href":"https:\/\/tourtravelandmore.com\/fr\/wp-json\/wp\/v2\/types\/product"}],"replies":[{"embeddable":true,"href":"https:\/\/tourtravelandmore.com\/fr\/wp-json\/wp\/v2\/comments?post=99459"}],"wp:featuredmedia":[{"embeddable":true,"href":"https:\/\/tourtravelandmore.com\/fr\/wp-json\/wp\/v2\/media\/81877"}],"wp:attachment":[{"href":"https:\/\/tourtravelandmore.com\/fr\/wp-json\/wp\/v2\/media?parent=99459"}],"wp:term":[{"taxonomy":"product_brand","embeddable":true,"href":"https:\/\/tourtravelandmore.com\/fr\/wp-json\/wp\/v2\/product_brand?post=99459"},{"taxonomy":"product_cat","embeddable":true,"href":"https:\/\/tourtravelandmore.com\/fr\/wp-json\/wp\/v2\/product_cat?post=99459"},{"taxonomy":"product_tag","embeddable":true,"href":"https:\/\/tourtravelandmore.com\/fr\/wp-json\/wp\/v2\/product_tag?post=99459"}],"curies":[{"name":"wp","href":"https:\/\/api.w.org\/{rel}","templated":true}]}}