{"id":99453,"date":"2020-07-28T11:18:20","date_gmt":"2020-07-28T09:18:20","guid":{"rendered":"https:\/\/tourtravelandmore.com\/tours\/non class\u00e9\/excursion-a-terre-visite-privee-de-la-laguna\/"},"modified":"2020-07-28T11:18:20","modified_gmt":"2020-07-28T09:18:20","slug":"excursion-a-terre-visite-privee-de-la-laguna","status":"publish","type":"product","link":"https:\/\/tourtravelandmore.com\/fr\/tours\/espagne-fr\/tenerife-fr\/excursion-a-terre-visite-privee-de-la-laguna\/","title":{"rendered":"Excursion \u00e0 terre: visite priv\u00e9e de La Laguna"},"content":{"rendered":"<h2>Description<\/h2>\n<p>Faites cette visite priv\u00e9e de 4 heures par nos chauffeurs-guides. Cette visite priv\u00e9e de La Laguna vous emm\u00e8nera dans cette exp\u00e9rience unique.<\/p>\n<p>San Cristobal de La Laguna, une belle ville et municipalit\u00e9. Il est situ\u00e9 dans la partie nord de Tenerife. C&#8217;est la deuxi\u00e8me ville la plus populaire de l&#8217;\u00eele.<\/p>\n<p>Demandez \u00e0 notre chauffeur-guide de venir vous chercher \u00e0 n&#8217;importe quel endroit de Tenerife. Nous pouvons m\u00eame organiser une prise en charge au port de croisi\u00e8re. Cette proposition est pour 4 heures. Nous pouvons ajouter des heures suppl\u00e9mentaires pour une excursion d&#8217;une journ\u00e9e compl\u00e8te ou tout type de visite que vous souhaitez.<\/p>\n<p>Apr\u00e8s avoir profit\u00e9 d&#8217;une visite \u00e0 La Laguna, nous vous d\u00e9poserons \u00e0 l&#8217;endroit de votre choix sur l&#8217;\u00eele de Tenerife.<\/p>\n<h2>Sites d&#8217;int\u00e9r\u00eat et monuments<\/h2>\n<p>Cette visite priv\u00e9e de La Laguna est la meilleure opportunit\u00e9 de profiter de La Laguna. La partie historique de La Laguna est d\u00e9clar\u00e9e site du patrimoine mondial par l&#8217;UNESCO.<\/p>\n<p>La Laguna est situ\u00e9e \u00e0 proximit\u00e9 de Santra Cruz de Tenerife. Dans cette ville, vous pouvez trouver l&#8217;Universit\u00e9 de La Laguna. Il y a plus de 30 000 \u00e9tudiants! C&#8217;est la capitale culturelle de Tenerife et bien s\u00fbr des \u00eeles Canaries. La premi\u00e8re universit\u00e9 des \u00eeles Canaries \u00e9tait ici, \u00e0 La Laguna.<\/p>\n<p>Nous vous emm\u00e8nerons dans le centre historique de la ville et vous appr\u00e9cierez entre autres;<\/p>\n<p>Cath\u00e9drale de La Laguna: une \u00e9glise catholique romaine \u00e0 Tenerife. Il a \u00e9t\u00e9 achev\u00e9 en 1915. Il est d\u00e9di\u00e9 \u00e0 la Vierge de<br \/>\nIglesia de la Concepci\u00f3n: \u00c9glise catholique romaine.<br \/>\nVieille ville de La Laguna<br \/>\nReal Santuario del Sant\u00edsimo Cristo de La Laguna<br \/>\nUniversit\u00e9 de La Laguna: connue sous le nom de ULL. La plus ancienne universit\u00e9 des \u00eeles Canaries.<\/p>\n<p>Nous vous d\u00e9poserons ensuite \u00e0 votre h\u00f4tel ou lieu de votre choix \u00e0 Tenerife. La dur\u00e9e totale est de 4 heures.<\/p>\n<p>D\u00e9couvrez nos visites priv\u00e9es sur l&#8217;\u00eele!<\/p>\n","protected":false},"excerpt":{"rendered":"<p>Profitez de cette excursion priv\u00e9e d&#8217;une demi-journ\u00e9e enti\u00e8rement personnalis\u00e9e pour d\u00e9couvrir La Laguna depuis le port de croisi\u00e8re. Vous aurez \u00e0 votre disposition un v\u00e9hicule de luxe priv\u00e9 avec chauffeur \/ guide qui vous montrera le lieu et les monuments les plus importants de La Laguna tels que nous: la cath\u00e9drale, la vieille ville, les \u00e9glises et bien plus encore !.<\/p>\n","protected":false},"featured_media":81883,"comment_status":"open","ping_status":"closed","template":"","meta":{"_acf_changed":false},"product_brand":[],"product_cat":[3581],"product_tag":[],"class_list":{"0":"post-99453","1":"product","2":"type-product","3":"status-publish","4":"has-post-thumbnail","6":"product_cat-tenerife-fr","8":"first","9":"instock","10":"shipping-taxable","11":"purchasable","12":"product-type-simple"},"acf":[],"yoast_head":"<!-- This site is optimized with the Yoast SEO Premium plugin v25.3.1 (Yoast SEO v25.3.1) - https:\/\/yoast.com\/wordpress\/plugins\/seo\/ -->\n<title>Private La Laguna Tour Tenerife - Excursion \u00e0 terre - Chauffeur-guide priv\u00e9<\/title>\n<meta name=\"description\" content=\"Visite priv\u00e9e enti\u00e8rement personnalis\u00e9e de La Laguna. V\u00e9hicule priv\u00e9 avec chauffeur-guide. Prise en charge depuis n&#039;importe quel endroit de l&#039;\u00eele de Tenerife.\" \/>\n<meta name=\"robots\" content=\"index, follow, max-snippet:-1, max-image-preview:large, max-video-preview:-1\" \/>\n<link rel=\"canonical\" href=\"https:\/\/tourtravelandmore.com\/fr\/tours\/espagne-fr\/tenerife-fr\/excursion-a-terre-visite-privee-de-la-laguna\/\" \/>\n<meta property=\"og:locale\" content=\"fr_FR\" \/>\n<meta property=\"og:type\" content=\"article\" \/>\n<meta property=\"og:title\" content=\"Excursion \u00e0 terre: visite priv\u00e9e de La Laguna\" \/>\n<meta property=\"og:description\" content=\"Visite priv\u00e9e enti\u00e8rement personnalis\u00e9e de La Laguna. V\u00e9hicule priv\u00e9 avec chauffeur-guide. Prise en charge depuis n&#039;importe quel endroit de l&#039;\u00eele de Tenerife.\" \/>\n<meta property=\"og:url\" content=\"https:\/\/tourtravelandmore.com\/fr\/tours\/espagne-fr\/tenerife-fr\/excursion-a-terre-visite-privee-de-la-laguna\/\" \/>\n<meta property=\"og:site_name\" content=\"Tour Travel And More\" \/>\n<meta property=\"article:publisher\" content=\"https:\/\/www.facebook.com\/tourtravelandmore\/\" \/>\n<meta property=\"og:image\" content=\"https:\/\/tourtravelandmore.com\/wp-content\/uploads\/2020\/07\/La-laguna-5-scaled.jpg\" \/>\n\t<meta property=\"og:image:width\" content=\"2560\" \/>\n\t<meta property=\"og:image:height\" content=\"1703\" \/>\n\t<meta property=\"og:image:type\" content=\"image\/jpeg\" \/>\n<meta name=\"twitter:card\" content=\"summary_large_image\" \/>\n<meta name=\"twitter:site\" content=\"@TourTravel_More\" \/>\n<meta name=\"twitter:label1\" content=\"Dur\u00e9e de lecture estim\u00e9e\" \/>\n\t<meta name=\"twitter:data1\" content=\"2 minutes\" \/>\n<script type=\"application\/ld+json\" class=\"yoast-schema-graph\">{\"@context\":\"https:\/\/schema.org\",\"@graph\":[{\"@type\":\"WebPage\",\"@id\":\"https:\/\/tourtravelandmore.com\/fr\/tours\/espagne-fr\/tenerife-fr\/excursion-a-terre-visite-privee-de-la-laguna\/\",\"url\":\"https:\/\/tourtravelandmore.com\/fr\/tours\/espagne-fr\/tenerife-fr\/excursion-a-terre-visite-privee-de-la-laguna\/\",\"name\":\"Private La Laguna Tour Tenerife - Excursion \u00e0 terre - Chauffeur-guide priv\u00e9\",\"isPartOf\":{\"@id\":\"https:\/\/tourtravelandmore.com\/fr\/#website\"},\"primaryImageOfPage\":{\"@id\":\"https:\/\/tourtravelandmore.com\/fr\/tours\/espagne-fr\/tenerife-fr\/excursion-a-terre-visite-privee-de-la-laguna\/#primaryimage\"},\"image\":{\"@id\":\"https:\/\/tourtravelandmore.com\/fr\/tours\/espagne-fr\/tenerife-fr\/excursion-a-terre-visite-privee-de-la-laguna\/#primaryimage\"},\"thumbnailUrl\":\"https:\/\/tourtravelandmore.com\/wp-content\/uploads\/2020\/07\/La-laguna-5-scaled.jpg\",\"datePublished\":\"2020-07-28T09:18:20+00:00\",\"description\":\"Visite priv\u00e9e enti\u00e8rement personnalis\u00e9e de La Laguna. V\u00e9hicule priv\u00e9 avec chauffeur-guide. Prise en charge depuis n'importe quel endroit de l'\u00eele de Tenerife.\",\"breadcrumb\":{\"@id\":\"https:\/\/tourtravelandmore.com\/fr\/tours\/espagne-fr\/tenerife-fr\/excursion-a-terre-visite-privee-de-la-laguna\/#breadcrumb\"},\"inLanguage\":\"fr-FR\",\"potentialAction\":[{\"@type\":\"ReadAction\",\"target\":[\"https:\/\/tourtravelandmore.com\/fr\/tours\/espagne-fr\/tenerife-fr\/excursion-a-terre-visite-privee-de-la-laguna\/\"]}]},{\"@type\":\"ImageObject\",\"inLanguage\":\"fr-FR\",\"@id\":\"https:\/\/tourtravelandmore.com\/fr\/tours\/espagne-fr\/tenerife-fr\/excursion-a-terre-visite-privee-de-la-laguna\/#primaryimage\",\"url\":\"https:\/\/tourtravelandmore.com\/wp-content\/uploads\/2020\/07\/La-laguna-5-scaled.jpg\",\"contentUrl\":\"https:\/\/tourtravelandmore.com\/wp-content\/uploads\/2020\/07\/La-laguna-5-scaled.jpg\",\"width\":2560,\"height\":1703},{\"@type\":\"BreadcrumbList\",\"@id\":\"https:\/\/tourtravelandmore.com\/fr\/tours\/espagne-fr\/tenerife-fr\/excursion-a-terre-visite-privee-de-la-laguna\/#breadcrumb\",\"itemListElement\":[{\"@type\":\"ListItem\",\"position\":1,\"name\":\"Home\",\"item\":\"https:\/\/tourtravelandmore.com\/fr\/\"},{\"@type\":\"ListItem\",\"position\":2,\"name\":\"Tours\",\"item\":\"https:\/\/tourtravelandmore.com\/fr\/tours\/\"},{\"@type\":\"ListItem\",\"position\":3,\"name\":\"Excursion \u00e0 terre: visite priv\u00e9e de La Laguna\"}]},{\"@type\":\"WebSite\",\"@id\":\"https:\/\/tourtravelandmore.com\/fr\/#website\",\"url\":\"https:\/\/tourtravelandmore.com\/fr\/\",\"name\":\"Tour Travel And More\",\"description\":\"Private sightseeing tours and luxury transfers in Spain\",\"publisher\":{\"@id\":\"https:\/\/tourtravelandmore.com\/fr\/#organization\"},\"potentialAction\":[{\"@type\":\"SearchAction\",\"target\":{\"@type\":\"EntryPoint\",\"urlTemplate\":\"https:\/\/tourtravelandmore.com\/fr\/?s={search_term_string}\"},\"query-input\":{\"@type\":\"PropertyValueSpecification\",\"valueRequired\":true,\"valueName\":\"search_term_string\"}}],\"inLanguage\":\"fr-FR\"},{\"@type\":\"Organization\",\"@id\":\"https:\/\/tourtravelandmore.com\/fr\/#organization\",\"name\":\"Tour Travel And More\",\"url\":\"https:\/\/tourtravelandmore.com\/fr\/\",\"logo\":{\"@type\":\"ImageObject\",\"inLanguage\":\"fr-FR\",\"@id\":\"https:\/\/tourtravelandmore.com\/fr\/#\/schema\/logo\/image\/\",\"url\":\"https:\/\/tourtravelandmore.com\/wp-content\/uploads\/2022\/12\/cropped-logo-cabecera-new.png\",\"contentUrl\":\"https:\/\/tourtravelandmore.com\/wp-content\/uploads\/2022\/12\/cropped-logo-cabecera-new.png\",\"width\":430,\"height\":61,\"caption\":\"Tour Travel And More\"},\"image\":{\"@id\":\"https:\/\/tourtravelandmore.com\/fr\/#\/schema\/logo\/image\/\"},\"sameAs\":[\"https:\/\/www.facebook.com\/tourtravelandmore\/\",\"https:\/\/x.com\/TourTravel_More\"]}]}<\/script>\n<!-- \/ Yoast SEO Premium plugin. -->","yoast_head_json":{"title":"Private La Laguna Tour Tenerife - Excursion \u00e0 terre - Chauffeur-guide priv\u00e9","description":"Visite priv\u00e9e enti\u00e8rement personnalis\u00e9e de La Laguna. V\u00e9hicule priv\u00e9 avec chauffeur-guide. Prise en charge depuis n'importe quel endroit de l'\u00eele de Tenerife.","robots":{"index":"index","follow":"follow","max-snippet":"max-snippet:-1","max-image-preview":"max-image-preview:large","max-video-preview":"max-video-preview:-1"},"canonical":"https:\/\/tourtravelandmore.com\/fr\/tours\/espagne-fr\/tenerife-fr\/excursion-a-terre-visite-privee-de-la-laguna\/","og_locale":"fr_FR","og_type":"article","og_title":"Excursion \u00e0 terre: visite priv\u00e9e de La Laguna","og_description":"Visite priv\u00e9e enti\u00e8rement personnalis\u00e9e de La Laguna. V\u00e9hicule priv\u00e9 avec chauffeur-guide. Prise en charge depuis n'importe quel endroit de l'\u00eele de Tenerife.","og_url":"https:\/\/tourtravelandmore.com\/fr\/tours\/espagne-fr\/tenerife-fr\/excursion-a-terre-visite-privee-de-la-laguna\/","og_site_name":"Tour Travel And More","article_publisher":"https:\/\/www.facebook.com\/tourtravelandmore\/","og_image":[{"width":2560,"height":1703,"url":"https:\/\/tourtravelandmore.com\/wp-content\/uploads\/2020\/07\/La-laguna-5-scaled.jpg","type":"image\/jpeg"}],"twitter_card":"summary_large_image","twitter_site":"@TourTravel_More","twitter_misc":{"Dur\u00e9e de lecture estim\u00e9e":"2 minutes"},"schema":{"@context":"https:\/\/schema.org","@graph":[{"@type":"WebPage","@id":"https:\/\/tourtravelandmore.com\/fr\/tours\/espagne-fr\/tenerife-fr\/excursion-a-terre-visite-privee-de-la-laguna\/","url":"https:\/\/tourtravelandmore.com\/fr\/tours\/espagne-fr\/tenerife-fr\/excursion-a-terre-visite-privee-de-la-laguna\/","name":"Private La Laguna Tour Tenerife - Excursion \u00e0 terre - Chauffeur-guide priv\u00e9","isPartOf":{"@id":"https:\/\/tourtravelandmore.com\/fr\/#website"},"primaryImageOfPage":{"@id":"https:\/\/tourtravelandmore.com\/fr\/tours\/espagne-fr\/tenerife-fr\/excursion-a-terre-visite-privee-de-la-laguna\/#primaryimage"},"image":{"@id":"https:\/\/tourtravelandmore.com\/fr\/tours\/espagne-fr\/tenerife-fr\/excursion-a-terre-visite-privee-de-la-laguna\/#primaryimage"},"thumbnailUrl":"https:\/\/tourtravelandmore.com\/wp-content\/uploads\/2020\/07\/La-laguna-5-scaled.jpg","datePublished":"2020-07-28T09:18:20+00:00","description":"Visite priv\u00e9e enti\u00e8rement personnalis\u00e9e de La Laguna. V\u00e9hicule priv\u00e9 avec chauffeur-guide. Prise en charge depuis n'importe quel endroit de l'\u00eele de Tenerife.","breadcrumb":{"@id":"https:\/\/tourtravelandmore.com\/fr\/tours\/espagne-fr\/tenerife-fr\/excursion-a-terre-visite-privee-de-la-laguna\/#breadcrumb"},"inLanguage":"fr-FR","potentialAction":[{"@type":"ReadAction","target":["https:\/\/tourtravelandmore.com\/fr\/tours\/espagne-fr\/tenerife-fr\/excursion-a-terre-visite-privee-de-la-laguna\/"]}]},{"@type":"ImageObject","inLanguage":"fr-FR","@id":"https:\/\/tourtravelandmore.com\/fr\/tours\/espagne-fr\/tenerife-fr\/excursion-a-terre-visite-privee-de-la-laguna\/#primaryimage","url":"https:\/\/tourtravelandmore.com\/wp-content\/uploads\/2020\/07\/La-laguna-5-scaled.jpg","contentUrl":"https:\/\/tourtravelandmore.com\/wp-content\/uploads\/2020\/07\/La-laguna-5-scaled.jpg","width":2560,"height":1703},{"@type":"BreadcrumbList","@id":"https:\/\/tourtravelandmore.com\/fr\/tours\/espagne-fr\/tenerife-fr\/excursion-a-terre-visite-privee-de-la-laguna\/#breadcrumb","itemListElement":[{"@type":"ListItem","position":1,"name":"Home","item":"https:\/\/tourtravelandmore.com\/fr\/"},{"@type":"ListItem","position":2,"name":"Tours","item":"https:\/\/tourtravelandmore.com\/fr\/tours\/"},{"@type":"ListItem","position":3,"name":"Excursion \u00e0 terre: visite priv\u00e9e de La Laguna"}]},{"@type":"WebSite","@id":"https:\/\/tourtravelandmore.com\/fr\/#website","url":"https:\/\/tourtravelandmore.com\/fr\/","name":"Tour Travel And More","description":"Private sightseeing tours and luxury transfers in Spain","publisher":{"@id":"https:\/\/tourtravelandmore.com\/fr\/#organization"},"potentialAction":[{"@type":"SearchAction","target":{"@type":"EntryPoint","urlTemplate":"https:\/\/tourtravelandmore.com\/fr\/?s={search_term_string}"},"query-input":{"@type":"PropertyValueSpecification","valueRequired":true,"valueName":"search_term_string"}}],"inLanguage":"fr-FR"},{"@type":"Organization","@id":"https:\/\/tourtravelandmore.com\/fr\/#organization","name":"Tour Travel And More","url":"https:\/\/tourtravelandmore.com\/fr\/","logo":{"@type":"ImageObject","inLanguage":"fr-FR","@id":"https:\/\/tourtravelandmore.com\/fr\/#\/schema\/logo\/image\/","url":"https:\/\/tourtravelandmore.com\/wp-content\/uploads\/2022\/12\/cropped-logo-cabecera-new.png","contentUrl":"https:\/\/tourtravelandmore.com\/wp-content\/uploads\/2022\/12\/cropped-logo-cabecera-new.png","width":430,"height":61,"caption":"Tour Travel And More"},"image":{"@id":"https:\/\/tourtravelandmore.com\/fr\/#\/schema\/logo\/image\/"},"sameAs":["https:\/\/www.facebook.com\/tourtravelandmore\/","https:\/\/x.com\/TourTravel_More"]}]}},"_links":{"self":[{"href":"https:\/\/tourtravelandmore.com\/fr\/wp-json\/wp\/v2\/product\/99453","targetHints":{"allow":["GET"]}}],"collection":[{"href":"https:\/\/tourtravelandmore.com\/fr\/wp-json\/wp\/v2\/product"}],"about":[{"href":"https:\/\/tourtravelandmore.com\/fr\/wp-json\/wp\/v2\/types\/product"}],"replies":[{"embeddable":true,"href":"https:\/\/tourtravelandmore.com\/fr\/wp-json\/wp\/v2\/comments?post=99453"}],"wp:featuredmedia":[{"embeddable":true,"href":"https:\/\/tourtravelandmore.com\/fr\/wp-json\/wp\/v2\/media\/81883"}],"wp:attachment":[{"href":"https:\/\/tourtravelandmore.com\/fr\/wp-json\/wp\/v2\/media?parent=99453"}],"wp:term":[{"taxonomy":"product_brand","embeddable":true,"href":"https:\/\/tourtravelandmore.com\/fr\/wp-json\/wp\/v2\/product_brand?post=99453"},{"taxonomy":"product_cat","embeddable":true,"href":"https:\/\/tourtravelandmore.com\/fr\/wp-json\/wp\/v2\/product_cat?post=99453"},{"taxonomy":"product_tag","embeddable":true,"href":"https:\/\/tourtravelandmore.com\/fr\/wp-json\/wp\/v2\/product_tag?post=99453"}],"curies":[{"name":"wp","href":"https:\/\/api.w.org\/{rel}","templated":true}]}}