{"id":99443,"date":"2019-01-09T13:37:45","date_gmt":"2019-01-09T12:37:45","guid":{"rendered":"https:\/\/tourtravelandmore.com\/tours\/non class\u00e9\/excursion-a-terre-visite-privee-du-volcan-a-tenerife\/"},"modified":"2019-01-09T13:37:45","modified_gmt":"2019-01-09T12:37:45","slug":"excursion-a-terre-visite-privee-du-volcan-a-tenerife","status":"publish","type":"product","link":"https:\/\/tourtravelandmore.com\/fr\/tours\/espagne-fr\/tenerife-fr\/excursion-a-terre-visite-privee-du-volcan-a-tenerife\/","title":{"rendered":"Excursion \u00e0 terre: visite priv\u00e9e du volcan \u00e0 Tenerife"},"content":{"rendered":"<h2>Description<\/h2>\n<p>Profitez de cet avantage et d\u00e9couvrez les volcans uniques de Tenerife. Cette visite priv\u00e9e des volcans est une exp\u00e9rience formidable pour conna\u00eetre les volcans de Tenerife.<\/p>\n<p>Pour cette visite priv\u00e9e du volcan, nous organiserons une prise en charge priv\u00e9e \u00e0 l&#8217;endroit de votre choix. Notre chauffeur-guide viendra vous chercher confortablement \u00e0 l&#8217;h\u00f4tel de votre choix.<\/p>\n<p>Apr\u00e8s une prise en charge confortable, nous nous dirigerons vers les meilleurs volcans de Tenerife. Profitez bien s\u00fbr d&#8217;une vue sur l&#8217;un des volcans les plus importants qui est le Teide. Le parc national du Teide est l&#8217;un des endroits les plus populaires de l&#8217;\u00eele de Tenerife.<\/p>\n<p>Profitez de superbes sites et de paysages uniques sur l&#8217;\u00eele de Tenerife.<\/p>\n<h2>Sites d&#8217;int\u00e9r\u00eat et monuments<\/h2>\n<p>Tout d&#8217;abord, vous quitterez Tenerife avec votre chauffeur priv\u00e9 et votre guide officiel. Nous pouvons organiser la prise en charge \u00e0 votre h\u00f4tel, appartement, port de croisi\u00e8re ou lieu de votre choix sur l&#8217;\u00eele.<\/p>\n<p>Nous organiserons une prise en charge rapide et confortable. Apr\u00e8s la prise en charge, nous commencerons et nous dirigerons vers les meilleurs sites de Tenerife.<\/p>\n<p>Parmi les autres volcans, vous pouvez avoir une vue sur:<\/p>\n<ul>\n<li>Parc national du Teide<\/li>\n<li>Aguamansa<\/li>\n<li>Mines de pierre ponce de San Jos\u00e9<\/li>\n<li>Roques de Garc\u00eda,<\/li>\n<li>Vall\u00e9e d&#8217;Ucanca<\/li>\n<li>Chio<\/li>\n<\/ul>\n<p>Profitez de ces paysages uniques et d\u00e9couvrez ces incroyables formations rocheuses. Vous pouvez m\u00eame profiter d&#8217;une courte promenade si vous pr\u00e9f\u00e9rez et marcher pendant quelques minutes pour conna\u00eetre l&#8217;emplacement.<\/p>\n<p>Vous aurez \u00e9galement une vue sur la base du mont Teide, qui a \u00e9t\u00e9 d\u00e9clar\u00e9 site du patrimoine mondial par l&#8217;UNESCO. Profitez de cette visite unique et prenez des photos panoramiques et faites une superbe pause photo spectaculaire.<\/p>\n<p>Jetez un \u0153il \u00e0 toutes les autres visites priv\u00e9es de Tenerife ici!<\/p>\n","protected":false},"excerpt":{"rendered":"<p>Profitez de cette visite priv\u00e9e enti\u00e8rement personnalis\u00e9e pour visiter les volcans de Tenerife. C&#8217;est un domaine unique \u00e0 visiter. Profitez de cette merveilleuse r\u00e9gion locale et hors des sentiers battus. Profitez de cette occasion pour d\u00e9couvrir Tenerife lors de cette exp\u00e9rience avec votre propre plongeur \/ guide priv\u00e9 dans un v\u00e9hicule de luxe priv\u00e9. Personnalisez votre propre exp\u00e9rience avec nous.<\/p>\n","protected":false},"featured_media":95437,"comment_status":"open","ping_status":"closed","template":"","meta":{"_acf_changed":false},"product_brand":[],"product_cat":[3581],"product_tag":[],"class_list":{"0":"post-99443","1":"product","2":"type-product","3":"status-publish","4":"has-post-thumbnail","6":"product_cat-tenerife-fr","8":"first","9":"instock","10":"shipping-taxable","11":"purchasable","12":"product-type-simple"},"acf":[],"yoast_head":"<!-- This site is optimized with the Yoast SEO Premium plugin v25.3.1 (Yoast SEO v25.3.1) - https:\/\/yoast.com\/wordpress\/plugins\/seo\/ -->\n<title>Visite priv\u00e9e du volcan - Chauffeur-guide priv\u00e9 \u00e0 Tenerife<\/title>\n<meta name=\"description\" content=\"Visite priv\u00e9e du volcan enti\u00e8rement personnalis\u00e9e. V\u00e9hicule priv\u00e9 et disposition et guide-guide priv\u00e9. Prise en charge \u00e0 l&#039;h\u00f4tel ou au port de croisi\u00e8re de Tenerife.\" \/>\n<meta name=\"robots\" content=\"index, follow, max-snippet:-1, max-image-preview:large, max-video-preview:-1\" \/>\n<link rel=\"canonical\" href=\"https:\/\/tourtravelandmore.com\/fr\/tours\/espagne-fr\/tenerife-fr\/excursion-a-terre-visite-privee-du-volcan-a-tenerife\/\" \/>\n<meta property=\"og:locale\" content=\"fr_FR\" \/>\n<meta property=\"og:type\" content=\"article\" \/>\n<meta property=\"og:title\" content=\"Excursion \u00e0 terre: visite priv\u00e9e du volcan \u00e0 Tenerife\" \/>\n<meta property=\"og:description\" content=\"Visite priv\u00e9e du volcan enti\u00e8rement personnalis\u00e9e. V\u00e9hicule priv\u00e9 et disposition et guide-guide priv\u00e9. Prise en charge \u00e0 l&#039;h\u00f4tel ou au port de croisi\u00e8re de Tenerife.\" \/>\n<meta property=\"og:url\" content=\"https:\/\/tourtravelandmore.com\/fr\/tours\/espagne-fr\/tenerife-fr\/excursion-a-terre-visite-privee-du-volcan-a-tenerife\/\" \/>\n<meta property=\"og:site_name\" content=\"Tour Travel And More\" \/>\n<meta property=\"article:publisher\" content=\"https:\/\/www.facebook.com\/tourtravelandmore\/\" \/>\n<meta property=\"og:image\" content=\"https:\/\/tourtravelandmore.com\/wp-content\/uploads\/2019\/01\/chinyero.jpg\" \/>\n\t<meta property=\"og:image:width\" content=\"960\" \/>\n\t<meta property=\"og:image:height\" content=\"640\" \/>\n\t<meta property=\"og:image:type\" content=\"image\/jpeg\" \/>\n<meta name=\"twitter:card\" content=\"summary_large_image\" \/>\n<meta name=\"twitter:site\" content=\"@TourTravel_More\" \/>\n<meta name=\"twitter:label1\" content=\"Dur\u00e9e de lecture estim\u00e9e\" \/>\n\t<meta name=\"twitter:data1\" content=\"2 minutes\" \/>\n<script type=\"application\/ld+json\" class=\"yoast-schema-graph\">{\"@context\":\"https:\/\/schema.org\",\"@graph\":[{\"@type\":\"WebPage\",\"@id\":\"https:\/\/tourtravelandmore.com\/fr\/tours\/espagne-fr\/tenerife-fr\/excursion-a-terre-visite-privee-du-volcan-a-tenerife\/\",\"url\":\"https:\/\/tourtravelandmore.com\/fr\/tours\/espagne-fr\/tenerife-fr\/excursion-a-terre-visite-privee-du-volcan-a-tenerife\/\",\"name\":\"Visite priv\u00e9e du volcan - Chauffeur-guide priv\u00e9 \u00e0 Tenerife\",\"isPartOf\":{\"@id\":\"https:\/\/tourtravelandmore.com\/fr\/#website\"},\"primaryImageOfPage\":{\"@id\":\"https:\/\/tourtravelandmore.com\/fr\/tours\/espagne-fr\/tenerife-fr\/excursion-a-terre-visite-privee-du-volcan-a-tenerife\/#primaryimage\"},\"image\":{\"@id\":\"https:\/\/tourtravelandmore.com\/fr\/tours\/espagne-fr\/tenerife-fr\/excursion-a-terre-visite-privee-du-volcan-a-tenerife\/#primaryimage\"},\"thumbnailUrl\":\"https:\/\/tourtravelandmore.com\/wp-content\/uploads\/2019\/01\/chinyero.jpg\",\"datePublished\":\"2019-01-09T12:37:45+00:00\",\"description\":\"Visite priv\u00e9e du volcan enti\u00e8rement personnalis\u00e9e. V\u00e9hicule priv\u00e9 et disposition et guide-guide priv\u00e9. Prise en charge \u00e0 l'h\u00f4tel ou au port de croisi\u00e8re de Tenerife.\",\"breadcrumb\":{\"@id\":\"https:\/\/tourtravelandmore.com\/fr\/tours\/espagne-fr\/tenerife-fr\/excursion-a-terre-visite-privee-du-volcan-a-tenerife\/#breadcrumb\"},\"inLanguage\":\"fr-FR\",\"potentialAction\":[{\"@type\":\"ReadAction\",\"target\":[\"https:\/\/tourtravelandmore.com\/fr\/tours\/espagne-fr\/tenerife-fr\/excursion-a-terre-visite-privee-du-volcan-a-tenerife\/\"]}]},{\"@type\":\"ImageObject\",\"inLanguage\":\"fr-FR\",\"@id\":\"https:\/\/tourtravelandmore.com\/fr\/tours\/espagne-fr\/tenerife-fr\/excursion-a-terre-visite-privee-du-volcan-a-tenerife\/#primaryimage\",\"url\":\"https:\/\/tourtravelandmore.com\/wp-content\/uploads\/2019\/01\/chinyero.jpg\",\"contentUrl\":\"https:\/\/tourtravelandmore.com\/wp-content\/uploads\/2019\/01\/chinyero.jpg\",\"width\":960,\"height\":640},{\"@type\":\"BreadcrumbList\",\"@id\":\"https:\/\/tourtravelandmore.com\/fr\/tours\/espagne-fr\/tenerife-fr\/excursion-a-terre-visite-privee-du-volcan-a-tenerife\/#breadcrumb\",\"itemListElement\":[{\"@type\":\"ListItem\",\"position\":1,\"name\":\"Home\",\"item\":\"https:\/\/tourtravelandmore.com\/fr\/\"},{\"@type\":\"ListItem\",\"position\":2,\"name\":\"Tours\",\"item\":\"https:\/\/tourtravelandmore.com\/fr\/tours\/\"},{\"@type\":\"ListItem\",\"position\":3,\"name\":\"Excursion \u00e0 terre: visite priv\u00e9e du volcan \u00e0 Tenerife\"}]},{\"@type\":\"WebSite\",\"@id\":\"https:\/\/tourtravelandmore.com\/fr\/#website\",\"url\":\"https:\/\/tourtravelandmore.com\/fr\/\",\"name\":\"Tour Travel And More\",\"description\":\"Private sightseeing tours and luxury transfers in Spain\",\"publisher\":{\"@id\":\"https:\/\/tourtravelandmore.com\/fr\/#organization\"},\"potentialAction\":[{\"@type\":\"SearchAction\",\"target\":{\"@type\":\"EntryPoint\",\"urlTemplate\":\"https:\/\/tourtravelandmore.com\/fr\/?s={search_term_string}\"},\"query-input\":{\"@type\":\"PropertyValueSpecification\",\"valueRequired\":true,\"valueName\":\"search_term_string\"}}],\"inLanguage\":\"fr-FR\"},{\"@type\":\"Organization\",\"@id\":\"https:\/\/tourtravelandmore.com\/fr\/#organization\",\"name\":\"Tour Travel And More\",\"url\":\"https:\/\/tourtravelandmore.com\/fr\/\",\"logo\":{\"@type\":\"ImageObject\",\"inLanguage\":\"fr-FR\",\"@id\":\"https:\/\/tourtravelandmore.com\/fr\/#\/schema\/logo\/image\/\",\"url\":\"https:\/\/tourtravelandmore.com\/wp-content\/uploads\/2022\/12\/cropped-logo-cabecera-new.png\",\"contentUrl\":\"https:\/\/tourtravelandmore.com\/wp-content\/uploads\/2022\/12\/cropped-logo-cabecera-new.png\",\"width\":430,\"height\":61,\"caption\":\"Tour Travel And More\"},\"image\":{\"@id\":\"https:\/\/tourtravelandmore.com\/fr\/#\/schema\/logo\/image\/\"},\"sameAs\":[\"https:\/\/www.facebook.com\/tourtravelandmore\/\",\"https:\/\/x.com\/TourTravel_More\"]}]}<\/script>\n<!-- \/ Yoast SEO Premium plugin. -->","yoast_head_json":{"title":"Visite priv\u00e9e du volcan - Chauffeur-guide priv\u00e9 \u00e0 Tenerife","description":"Visite priv\u00e9e du volcan enti\u00e8rement personnalis\u00e9e. V\u00e9hicule priv\u00e9 et disposition et guide-guide priv\u00e9. Prise en charge \u00e0 l'h\u00f4tel ou au port de croisi\u00e8re de Tenerife.","robots":{"index":"index","follow":"follow","max-snippet":"max-snippet:-1","max-image-preview":"max-image-preview:large","max-video-preview":"max-video-preview:-1"},"canonical":"https:\/\/tourtravelandmore.com\/fr\/tours\/espagne-fr\/tenerife-fr\/excursion-a-terre-visite-privee-du-volcan-a-tenerife\/","og_locale":"fr_FR","og_type":"article","og_title":"Excursion \u00e0 terre: visite priv\u00e9e du volcan \u00e0 Tenerife","og_description":"Visite priv\u00e9e du volcan enti\u00e8rement personnalis\u00e9e. V\u00e9hicule priv\u00e9 et disposition et guide-guide priv\u00e9. Prise en charge \u00e0 l'h\u00f4tel ou au port de croisi\u00e8re de Tenerife.","og_url":"https:\/\/tourtravelandmore.com\/fr\/tours\/espagne-fr\/tenerife-fr\/excursion-a-terre-visite-privee-du-volcan-a-tenerife\/","og_site_name":"Tour Travel And More","article_publisher":"https:\/\/www.facebook.com\/tourtravelandmore\/","og_image":[{"width":960,"height":640,"url":"https:\/\/tourtravelandmore.com\/wp-content\/uploads\/2019\/01\/chinyero.jpg","type":"image\/jpeg"}],"twitter_card":"summary_large_image","twitter_site":"@TourTravel_More","twitter_misc":{"Dur\u00e9e de lecture estim\u00e9e":"2 minutes"},"schema":{"@context":"https:\/\/schema.org","@graph":[{"@type":"WebPage","@id":"https:\/\/tourtravelandmore.com\/fr\/tours\/espagne-fr\/tenerife-fr\/excursion-a-terre-visite-privee-du-volcan-a-tenerife\/","url":"https:\/\/tourtravelandmore.com\/fr\/tours\/espagne-fr\/tenerife-fr\/excursion-a-terre-visite-privee-du-volcan-a-tenerife\/","name":"Visite priv\u00e9e du volcan - Chauffeur-guide priv\u00e9 \u00e0 Tenerife","isPartOf":{"@id":"https:\/\/tourtravelandmore.com\/fr\/#website"},"primaryImageOfPage":{"@id":"https:\/\/tourtravelandmore.com\/fr\/tours\/espagne-fr\/tenerife-fr\/excursion-a-terre-visite-privee-du-volcan-a-tenerife\/#primaryimage"},"image":{"@id":"https:\/\/tourtravelandmore.com\/fr\/tours\/espagne-fr\/tenerife-fr\/excursion-a-terre-visite-privee-du-volcan-a-tenerife\/#primaryimage"},"thumbnailUrl":"https:\/\/tourtravelandmore.com\/wp-content\/uploads\/2019\/01\/chinyero.jpg","datePublished":"2019-01-09T12:37:45+00:00","description":"Visite priv\u00e9e du volcan enti\u00e8rement personnalis\u00e9e. V\u00e9hicule priv\u00e9 et disposition et guide-guide priv\u00e9. Prise en charge \u00e0 l'h\u00f4tel ou au port de croisi\u00e8re de Tenerife.","breadcrumb":{"@id":"https:\/\/tourtravelandmore.com\/fr\/tours\/espagne-fr\/tenerife-fr\/excursion-a-terre-visite-privee-du-volcan-a-tenerife\/#breadcrumb"},"inLanguage":"fr-FR","potentialAction":[{"@type":"ReadAction","target":["https:\/\/tourtravelandmore.com\/fr\/tours\/espagne-fr\/tenerife-fr\/excursion-a-terre-visite-privee-du-volcan-a-tenerife\/"]}]},{"@type":"ImageObject","inLanguage":"fr-FR","@id":"https:\/\/tourtravelandmore.com\/fr\/tours\/espagne-fr\/tenerife-fr\/excursion-a-terre-visite-privee-du-volcan-a-tenerife\/#primaryimage","url":"https:\/\/tourtravelandmore.com\/wp-content\/uploads\/2019\/01\/chinyero.jpg","contentUrl":"https:\/\/tourtravelandmore.com\/wp-content\/uploads\/2019\/01\/chinyero.jpg","width":960,"height":640},{"@type":"BreadcrumbList","@id":"https:\/\/tourtravelandmore.com\/fr\/tours\/espagne-fr\/tenerife-fr\/excursion-a-terre-visite-privee-du-volcan-a-tenerife\/#breadcrumb","itemListElement":[{"@type":"ListItem","position":1,"name":"Home","item":"https:\/\/tourtravelandmore.com\/fr\/"},{"@type":"ListItem","position":2,"name":"Tours","item":"https:\/\/tourtravelandmore.com\/fr\/tours\/"},{"@type":"ListItem","position":3,"name":"Excursion \u00e0 terre: visite priv\u00e9e du volcan \u00e0 Tenerife"}]},{"@type":"WebSite","@id":"https:\/\/tourtravelandmore.com\/fr\/#website","url":"https:\/\/tourtravelandmore.com\/fr\/","name":"Tour Travel And More","description":"Private sightseeing tours and luxury transfers in Spain","publisher":{"@id":"https:\/\/tourtravelandmore.com\/fr\/#organization"},"potentialAction":[{"@type":"SearchAction","target":{"@type":"EntryPoint","urlTemplate":"https:\/\/tourtravelandmore.com\/fr\/?s={search_term_string}"},"query-input":{"@type":"PropertyValueSpecification","valueRequired":true,"valueName":"search_term_string"}}],"inLanguage":"fr-FR"},{"@type":"Organization","@id":"https:\/\/tourtravelandmore.com\/fr\/#organization","name":"Tour Travel And More","url":"https:\/\/tourtravelandmore.com\/fr\/","logo":{"@type":"ImageObject","inLanguage":"fr-FR","@id":"https:\/\/tourtravelandmore.com\/fr\/#\/schema\/logo\/image\/","url":"https:\/\/tourtravelandmore.com\/wp-content\/uploads\/2022\/12\/cropped-logo-cabecera-new.png","contentUrl":"https:\/\/tourtravelandmore.com\/wp-content\/uploads\/2022\/12\/cropped-logo-cabecera-new.png","width":430,"height":61,"caption":"Tour Travel And More"},"image":{"@id":"https:\/\/tourtravelandmore.com\/fr\/#\/schema\/logo\/image\/"},"sameAs":["https:\/\/www.facebook.com\/tourtravelandmore\/","https:\/\/x.com\/TourTravel_More"]}]}},"_links":{"self":[{"href":"https:\/\/tourtravelandmore.com\/fr\/wp-json\/wp\/v2\/product\/99443","targetHints":{"allow":["GET"]}}],"collection":[{"href":"https:\/\/tourtravelandmore.com\/fr\/wp-json\/wp\/v2\/product"}],"about":[{"href":"https:\/\/tourtravelandmore.com\/fr\/wp-json\/wp\/v2\/types\/product"}],"replies":[{"embeddable":true,"href":"https:\/\/tourtravelandmore.com\/fr\/wp-json\/wp\/v2\/comments?post=99443"}],"wp:featuredmedia":[{"embeddable":true,"href":"https:\/\/tourtravelandmore.com\/fr\/wp-json\/wp\/v2\/media\/95437"}],"wp:attachment":[{"href":"https:\/\/tourtravelandmore.com\/fr\/wp-json\/wp\/v2\/media?parent=99443"}],"wp:term":[{"taxonomy":"product_brand","embeddable":true,"href":"https:\/\/tourtravelandmore.com\/fr\/wp-json\/wp\/v2\/product_brand?post=99443"},{"taxonomy":"product_cat","embeddable":true,"href":"https:\/\/tourtravelandmore.com\/fr\/wp-json\/wp\/v2\/product_cat?post=99443"},{"taxonomy":"product_tag","embeddable":true,"href":"https:\/\/tourtravelandmore.com\/fr\/wp-json\/wp\/v2\/product_tag?post=99443"}],"curies":[{"name":"wp","href":"https:\/\/api.w.org\/{rel}","templated":true}]}}