{"id":99438,"date":"2019-01-09T13:01:33","date_gmt":"2019-01-09T12:01:33","guid":{"rendered":"https:\/\/tourtravelandmore.com\/tours\/non class\u00e9\/excursion-a-terre-sentier-prive-de-chinamada\/"},"modified":"2019-01-09T13:01:33","modified_gmt":"2019-01-09T12:01:33","slug":"excursion-a-terre-sentier-prive-de-chinamada","status":"publish","type":"product","link":"https:\/\/tourtravelandmore.com\/fr\/tours\/espagne-fr\/tenerife-fr\/excursion-a-terre-sentier-prive-de-chinamada\/","title":{"rendered":"Excursion \u00e0 terre: sentier priv\u00e9 de Chinamada"},"content":{"rendered":"<h2>Description<\/h2>\n<p>Faites ce tour priv\u00e9 du sentier Chinamada et d\u00e9couvrez cet endroit \u00e0 San Cristobal de la Laguna \u00e0 Tenerife. C&#8217;est la meilleure chance d&#8217;explorer ces montagnes et le noyau qui forme ces &#8220;caser\u00edos&#8221;. Profitez des &#8220;Casas-cuevas&#8221; ou des maisons troglodytes.<\/p>\n<p>Laissez notre chauffeur-guide venir vous chercher confortablement \u00e0 l&#8217;endroit souhait\u00e9 \u00e0 Tenerife. Cela peut \u00eatre d&#8217;une croisi\u00e8re pour partir en excursion de croisi\u00e8re par exemple. Nous proposons uniquement des visites priv\u00e9es et ce serait une prise en charge priv\u00e9e pour ce sentier priv\u00e9 de Chinamada. Les autres transferts peuvent \u00eatre effectu\u00e9s depuis votre h\u00f4tel ou votre appartement. Contactez-nous avec ces informations.<\/p>\n<p>Apr\u00e8s votre prise en charge, nous nous dirigerons vers le sentier Chinamada.<\/p>\n<h2>Sites d&#8217;int\u00e9r\u00eat et monuments<\/h2>\n<p>Tout d&#8217;abord, nous pouvons organiser la prise en charge \u00e0 votre h\u00f4tel, appartement, port de croisi\u00e8re de votre choix sur l&#8217;\u00eele. Notre chauffeur-guide vous attendra pour commencer votre visite priv\u00e9e.<\/p>\n<p>Au cours de la visite, parmi d&#8217;autres monuments et sites, vous pouvez apprendre \u00e0 conna\u00eetre:<\/p>\n<ul>\n<li>Montagnes d&#8217;Anaga<\/li>\n<li>Pico del Ingl\u00e9s<\/li>\n<li>Las Carboneras<\/li>\n<li>Chinamada<\/li>\n<li>Cruz del Carmen.<\/li>\n<li>Beaucoup plus!<\/li>\n<\/ul>\n<p>C&#8217;est une excellente option lorsque vous avez plus de quelques jours \u00e0 Tenerife. La plupart des voyageurs ne vont pas aussi loin que Chinamada. Il est nich\u00e9 dans la haute cha\u00eene de montagnes Anaga.<\/p>\n<p>Profitez d&#8217;un peu de temps libre pour manger un morceau et profiter du paysage et des paysages.<\/p>\n<p>Enfin, nous vous d\u00e9poserons \u00e0 l&#8217;endroit de votre choix. Nous pouvons vous d\u00e9poser \u00e0 votre h\u00f4tel, port de croisi\u00e8re ou lieu de votre choix.<\/p>\n<p>D\u00e9couvrez le reste de nos visites priv\u00e9es que nous proposons \u00e0 Tenerife.<\/p>\n","protected":false},"excerpt":{"rendered":"<p>Profitez de cette visite priv\u00e9e enti\u00e8rement personnalis\u00e9e pour visiter le sentier Chinamada. C&#8217;est un domaine unique \u00e0 visiter. Profitez de cette merveilleuse r\u00e9gion locale et hors des sentiers battus. Profitez de cette occasion pour d\u00e9couvrir Tenerife dans cette exp\u00e9rience avec votre propre chauffeur \/ guide priv\u00e9 dans un v\u00e9hicule de luxe priv\u00e9. Personnalisez votre propre exp\u00e9rience avec nous.<\/p>\n","protected":false},"featured_media":95434,"comment_status":"open","ping_status":"closed","template":"","meta":{"_acf_changed":false},"product_brand":[],"product_cat":[3581],"product_tag":[],"class_list":{"0":"post-99438","1":"product","2":"type-product","3":"status-publish","4":"has-post-thumbnail","6":"product_cat-tenerife-fr","8":"first","9":"instock","10":"shipping-taxable","11":"purchasable","12":"product-type-simple"},"acf":[],"yoast_head":"<!-- This site is optimized with the Yoast SEO Premium plugin v25.3.1 (Yoast SEO v25.3.1) - https:\/\/yoast.com\/wordpress\/plugins\/seo\/ -->\n<title>Sentier priv\u00e9 Chinamada - chauffeur-guide priv\u00e9 pour une excursion \u00e0 terre<\/title>\n<meta name=\"description\" content=\"Visite priv\u00e9e enti\u00e8rement personnalis\u00e9e pour d\u00e9couvrir le sentier Chinamada. Sentier priv\u00e9 Chinamada. Chauffeur-guide avec prise en charge \u00e0 l&#039;h\u00f4tel n&#039;importe o\u00f9 sur Tenerife.\" \/>\n<meta name=\"robots\" content=\"index, follow, max-snippet:-1, max-image-preview:large, max-video-preview:-1\" \/>\n<link rel=\"canonical\" href=\"https:\/\/tourtravelandmore.com\/fr\/tours\/espagne-fr\/tenerife-fr\/excursion-a-terre-sentier-prive-de-chinamada\/\" \/>\n<meta property=\"og:locale\" content=\"fr_FR\" \/>\n<meta property=\"og:type\" content=\"article\" \/>\n<meta property=\"og:title\" content=\"Excursion \u00e0 terre: sentier priv\u00e9 de Chinamada\" \/>\n<meta property=\"og:description\" content=\"Visite priv\u00e9e enti\u00e8rement personnalis\u00e9e pour d\u00e9couvrir le sentier Chinamada. Sentier priv\u00e9 Chinamada. Chauffeur-guide avec prise en charge \u00e0 l&#039;h\u00f4tel n&#039;importe o\u00f9 sur Tenerife.\" \/>\n<meta property=\"og:url\" content=\"https:\/\/tourtravelandmore.com\/fr\/tours\/espagne-fr\/tenerife-fr\/excursion-a-terre-sentier-prive-de-chinamada\/\" \/>\n<meta property=\"og:site_name\" content=\"Tour Travel And More\" \/>\n<meta property=\"article:publisher\" content=\"https:\/\/www.facebook.com\/tourtravelandmore\/\" \/>\n<meta property=\"og:image\" content=\"https:\/\/tourtravelandmore.com\/wp-content\/uploads\/2019\/01\/Chinamada_Anaga_3.jpg\" \/>\n\t<meta property=\"og:image:width\" content=\"1000\" \/>\n\t<meta property=\"og:image:height\" content=\"656\" \/>\n\t<meta property=\"og:image:type\" content=\"image\/jpeg\" \/>\n<meta name=\"twitter:card\" content=\"summary_large_image\" \/>\n<meta name=\"twitter:site\" content=\"@TourTravel_More\" \/>\n<meta name=\"twitter:label1\" content=\"Dur\u00e9e de lecture estim\u00e9e\" \/>\n\t<meta name=\"twitter:data1\" content=\"1 minute\" \/>\n<script type=\"application\/ld+json\" class=\"yoast-schema-graph\">{\"@context\":\"https:\/\/schema.org\",\"@graph\":[{\"@type\":\"WebPage\",\"@id\":\"https:\/\/tourtravelandmore.com\/fr\/tours\/espagne-fr\/tenerife-fr\/excursion-a-terre-sentier-prive-de-chinamada\/\",\"url\":\"https:\/\/tourtravelandmore.com\/fr\/tours\/espagne-fr\/tenerife-fr\/excursion-a-terre-sentier-prive-de-chinamada\/\",\"name\":\"Sentier priv\u00e9 Chinamada - chauffeur-guide priv\u00e9 pour une excursion \u00e0 terre\",\"isPartOf\":{\"@id\":\"https:\/\/tourtravelandmore.com\/fr\/#website\"},\"primaryImageOfPage\":{\"@id\":\"https:\/\/tourtravelandmore.com\/fr\/tours\/espagne-fr\/tenerife-fr\/excursion-a-terre-sentier-prive-de-chinamada\/#primaryimage\"},\"image\":{\"@id\":\"https:\/\/tourtravelandmore.com\/fr\/tours\/espagne-fr\/tenerife-fr\/excursion-a-terre-sentier-prive-de-chinamada\/#primaryimage\"},\"thumbnailUrl\":\"https:\/\/tourtravelandmore.com\/wp-content\/uploads\/2019\/01\/Chinamada_Anaga_3.jpg\",\"datePublished\":\"2019-01-09T12:01:33+00:00\",\"description\":\"Visite priv\u00e9e enti\u00e8rement personnalis\u00e9e pour d\u00e9couvrir le sentier Chinamada. Sentier priv\u00e9 Chinamada. Chauffeur-guide avec prise en charge \u00e0 l'h\u00f4tel n'importe o\u00f9 sur Tenerife.\",\"breadcrumb\":{\"@id\":\"https:\/\/tourtravelandmore.com\/fr\/tours\/espagne-fr\/tenerife-fr\/excursion-a-terre-sentier-prive-de-chinamada\/#breadcrumb\"},\"inLanguage\":\"fr-FR\",\"potentialAction\":[{\"@type\":\"ReadAction\",\"target\":[\"https:\/\/tourtravelandmore.com\/fr\/tours\/espagne-fr\/tenerife-fr\/excursion-a-terre-sentier-prive-de-chinamada\/\"]}]},{\"@type\":\"ImageObject\",\"inLanguage\":\"fr-FR\",\"@id\":\"https:\/\/tourtravelandmore.com\/fr\/tours\/espagne-fr\/tenerife-fr\/excursion-a-terre-sentier-prive-de-chinamada\/#primaryimage\",\"url\":\"https:\/\/tourtravelandmore.com\/wp-content\/uploads\/2019\/01\/Chinamada_Anaga_3.jpg\",\"contentUrl\":\"https:\/\/tourtravelandmore.com\/wp-content\/uploads\/2019\/01\/Chinamada_Anaga_3.jpg\",\"width\":1000,\"height\":656},{\"@type\":\"BreadcrumbList\",\"@id\":\"https:\/\/tourtravelandmore.com\/fr\/tours\/espagne-fr\/tenerife-fr\/excursion-a-terre-sentier-prive-de-chinamada\/#breadcrumb\",\"itemListElement\":[{\"@type\":\"ListItem\",\"position\":1,\"name\":\"Home\",\"item\":\"https:\/\/tourtravelandmore.com\/fr\/\"},{\"@type\":\"ListItem\",\"position\":2,\"name\":\"Tours\",\"item\":\"https:\/\/tourtravelandmore.com\/fr\/tours\/\"},{\"@type\":\"ListItem\",\"position\":3,\"name\":\"Excursion \u00e0 terre: sentier priv\u00e9 de Chinamada\"}]},{\"@type\":\"WebSite\",\"@id\":\"https:\/\/tourtravelandmore.com\/fr\/#website\",\"url\":\"https:\/\/tourtravelandmore.com\/fr\/\",\"name\":\"Tour Travel And More\",\"description\":\"Private sightseeing tours and luxury transfers in Spain\",\"publisher\":{\"@id\":\"https:\/\/tourtravelandmore.com\/fr\/#organization\"},\"potentialAction\":[{\"@type\":\"SearchAction\",\"target\":{\"@type\":\"EntryPoint\",\"urlTemplate\":\"https:\/\/tourtravelandmore.com\/fr\/?s={search_term_string}\"},\"query-input\":{\"@type\":\"PropertyValueSpecification\",\"valueRequired\":true,\"valueName\":\"search_term_string\"}}],\"inLanguage\":\"fr-FR\"},{\"@type\":\"Organization\",\"@id\":\"https:\/\/tourtravelandmore.com\/fr\/#organization\",\"name\":\"Tour Travel And More\",\"url\":\"https:\/\/tourtravelandmore.com\/fr\/\",\"logo\":{\"@type\":\"ImageObject\",\"inLanguage\":\"fr-FR\",\"@id\":\"https:\/\/tourtravelandmore.com\/fr\/#\/schema\/logo\/image\/\",\"url\":\"https:\/\/tourtravelandmore.com\/wp-content\/uploads\/2022\/12\/cropped-logo-cabecera-new.png\",\"contentUrl\":\"https:\/\/tourtravelandmore.com\/wp-content\/uploads\/2022\/12\/cropped-logo-cabecera-new.png\",\"width\":430,\"height\":61,\"caption\":\"Tour Travel And More\"},\"image\":{\"@id\":\"https:\/\/tourtravelandmore.com\/fr\/#\/schema\/logo\/image\/\"},\"sameAs\":[\"https:\/\/www.facebook.com\/tourtravelandmore\/\",\"https:\/\/x.com\/TourTravel_More\"]}]}<\/script>\n<!-- \/ Yoast SEO Premium plugin. -->","yoast_head_json":{"title":"Sentier priv\u00e9 Chinamada - chauffeur-guide priv\u00e9 pour une excursion \u00e0 terre","description":"Visite priv\u00e9e enti\u00e8rement personnalis\u00e9e pour d\u00e9couvrir le sentier Chinamada. Sentier priv\u00e9 Chinamada. Chauffeur-guide avec prise en charge \u00e0 l'h\u00f4tel n'importe o\u00f9 sur Tenerife.","robots":{"index":"index","follow":"follow","max-snippet":"max-snippet:-1","max-image-preview":"max-image-preview:large","max-video-preview":"max-video-preview:-1"},"canonical":"https:\/\/tourtravelandmore.com\/fr\/tours\/espagne-fr\/tenerife-fr\/excursion-a-terre-sentier-prive-de-chinamada\/","og_locale":"fr_FR","og_type":"article","og_title":"Excursion \u00e0 terre: sentier priv\u00e9 de Chinamada","og_description":"Visite priv\u00e9e enti\u00e8rement personnalis\u00e9e pour d\u00e9couvrir le sentier Chinamada. Sentier priv\u00e9 Chinamada. Chauffeur-guide avec prise en charge \u00e0 l'h\u00f4tel n'importe o\u00f9 sur Tenerife.","og_url":"https:\/\/tourtravelandmore.com\/fr\/tours\/espagne-fr\/tenerife-fr\/excursion-a-terre-sentier-prive-de-chinamada\/","og_site_name":"Tour Travel And More","article_publisher":"https:\/\/www.facebook.com\/tourtravelandmore\/","og_image":[{"width":1000,"height":656,"url":"https:\/\/tourtravelandmore.com\/wp-content\/uploads\/2019\/01\/Chinamada_Anaga_3.jpg","type":"image\/jpeg"}],"twitter_card":"summary_large_image","twitter_site":"@TourTravel_More","twitter_misc":{"Dur\u00e9e de lecture estim\u00e9e":"1 minute"},"schema":{"@context":"https:\/\/schema.org","@graph":[{"@type":"WebPage","@id":"https:\/\/tourtravelandmore.com\/fr\/tours\/espagne-fr\/tenerife-fr\/excursion-a-terre-sentier-prive-de-chinamada\/","url":"https:\/\/tourtravelandmore.com\/fr\/tours\/espagne-fr\/tenerife-fr\/excursion-a-terre-sentier-prive-de-chinamada\/","name":"Sentier priv\u00e9 Chinamada - chauffeur-guide priv\u00e9 pour une excursion \u00e0 terre","isPartOf":{"@id":"https:\/\/tourtravelandmore.com\/fr\/#website"},"primaryImageOfPage":{"@id":"https:\/\/tourtravelandmore.com\/fr\/tours\/espagne-fr\/tenerife-fr\/excursion-a-terre-sentier-prive-de-chinamada\/#primaryimage"},"image":{"@id":"https:\/\/tourtravelandmore.com\/fr\/tours\/espagne-fr\/tenerife-fr\/excursion-a-terre-sentier-prive-de-chinamada\/#primaryimage"},"thumbnailUrl":"https:\/\/tourtravelandmore.com\/wp-content\/uploads\/2019\/01\/Chinamada_Anaga_3.jpg","datePublished":"2019-01-09T12:01:33+00:00","description":"Visite priv\u00e9e enti\u00e8rement personnalis\u00e9e pour d\u00e9couvrir le sentier Chinamada. Sentier priv\u00e9 Chinamada. Chauffeur-guide avec prise en charge \u00e0 l'h\u00f4tel n'importe o\u00f9 sur Tenerife.","breadcrumb":{"@id":"https:\/\/tourtravelandmore.com\/fr\/tours\/espagne-fr\/tenerife-fr\/excursion-a-terre-sentier-prive-de-chinamada\/#breadcrumb"},"inLanguage":"fr-FR","potentialAction":[{"@type":"ReadAction","target":["https:\/\/tourtravelandmore.com\/fr\/tours\/espagne-fr\/tenerife-fr\/excursion-a-terre-sentier-prive-de-chinamada\/"]}]},{"@type":"ImageObject","inLanguage":"fr-FR","@id":"https:\/\/tourtravelandmore.com\/fr\/tours\/espagne-fr\/tenerife-fr\/excursion-a-terre-sentier-prive-de-chinamada\/#primaryimage","url":"https:\/\/tourtravelandmore.com\/wp-content\/uploads\/2019\/01\/Chinamada_Anaga_3.jpg","contentUrl":"https:\/\/tourtravelandmore.com\/wp-content\/uploads\/2019\/01\/Chinamada_Anaga_3.jpg","width":1000,"height":656},{"@type":"BreadcrumbList","@id":"https:\/\/tourtravelandmore.com\/fr\/tours\/espagne-fr\/tenerife-fr\/excursion-a-terre-sentier-prive-de-chinamada\/#breadcrumb","itemListElement":[{"@type":"ListItem","position":1,"name":"Home","item":"https:\/\/tourtravelandmore.com\/fr\/"},{"@type":"ListItem","position":2,"name":"Tours","item":"https:\/\/tourtravelandmore.com\/fr\/tours\/"},{"@type":"ListItem","position":3,"name":"Excursion \u00e0 terre: sentier priv\u00e9 de Chinamada"}]},{"@type":"WebSite","@id":"https:\/\/tourtravelandmore.com\/fr\/#website","url":"https:\/\/tourtravelandmore.com\/fr\/","name":"Tour Travel And More","description":"Private sightseeing tours and luxury transfers in Spain","publisher":{"@id":"https:\/\/tourtravelandmore.com\/fr\/#organization"},"potentialAction":[{"@type":"SearchAction","target":{"@type":"EntryPoint","urlTemplate":"https:\/\/tourtravelandmore.com\/fr\/?s={search_term_string}"},"query-input":{"@type":"PropertyValueSpecification","valueRequired":true,"valueName":"search_term_string"}}],"inLanguage":"fr-FR"},{"@type":"Organization","@id":"https:\/\/tourtravelandmore.com\/fr\/#organization","name":"Tour Travel And More","url":"https:\/\/tourtravelandmore.com\/fr\/","logo":{"@type":"ImageObject","inLanguage":"fr-FR","@id":"https:\/\/tourtravelandmore.com\/fr\/#\/schema\/logo\/image\/","url":"https:\/\/tourtravelandmore.com\/wp-content\/uploads\/2022\/12\/cropped-logo-cabecera-new.png","contentUrl":"https:\/\/tourtravelandmore.com\/wp-content\/uploads\/2022\/12\/cropped-logo-cabecera-new.png","width":430,"height":61,"caption":"Tour Travel And More"},"image":{"@id":"https:\/\/tourtravelandmore.com\/fr\/#\/schema\/logo\/image\/"},"sameAs":["https:\/\/www.facebook.com\/tourtravelandmore\/","https:\/\/x.com\/TourTravel_More"]}]}},"_links":{"self":[{"href":"https:\/\/tourtravelandmore.com\/fr\/wp-json\/wp\/v2\/product\/99438","targetHints":{"allow":["GET"]}}],"collection":[{"href":"https:\/\/tourtravelandmore.com\/fr\/wp-json\/wp\/v2\/product"}],"about":[{"href":"https:\/\/tourtravelandmore.com\/fr\/wp-json\/wp\/v2\/types\/product"}],"replies":[{"embeddable":true,"href":"https:\/\/tourtravelandmore.com\/fr\/wp-json\/wp\/v2\/comments?post=99438"}],"wp:featuredmedia":[{"embeddable":true,"href":"https:\/\/tourtravelandmore.com\/fr\/wp-json\/wp\/v2\/media\/95434"}],"wp:attachment":[{"href":"https:\/\/tourtravelandmore.com\/fr\/wp-json\/wp\/v2\/media?parent=99438"}],"wp:term":[{"taxonomy":"product_brand","embeddable":true,"href":"https:\/\/tourtravelandmore.com\/fr\/wp-json\/wp\/v2\/product_brand?post=99438"},{"taxonomy":"product_cat","embeddable":true,"href":"https:\/\/tourtravelandmore.com\/fr\/wp-json\/wp\/v2\/product_cat?post=99438"},{"taxonomy":"product_tag","embeddable":true,"href":"https:\/\/tourtravelandmore.com\/fr\/wp-json\/wp\/v2\/product_tag?post=99438"}],"curies":[{"name":"wp","href":"https:\/\/api.w.org\/{rel}","templated":true}]}}