{"id":99433,"date":"2019-01-09T12:34:00","date_gmt":"2019-01-09T11:34:00","guid":{"rendered":"https:\/\/tourtravelandmore.com\/tours\/non class\u00e9\/excursion-a-terre-privee-la-orotava-visite-de-puerto-de-la-cruz\/"},"modified":"2019-01-09T12:34:00","modified_gmt":"2019-01-09T11:34:00","slug":"excursion-a-terre-privee-la-orotava-visite-de-puerto-de-la-cruz","status":"publish","type":"product","link":"https:\/\/tourtravelandmore.com\/fr\/tours\/espagne-fr\/tenerife-fr\/excursion-a-terre-privee-la-orotava-visite-de-puerto-de-la-cruz\/","title":{"rendered":"Excursion \u00e0 terre: priv\u00e9e La Orotava &#038; Visite de Puerto de La Cruz"},"content":{"rendered":"<h2>Description<\/h2>\n<p>La partie nord de l&#8217;\u00eele de Tenerife est vraiment un endroit unique \u00e0 visiter. Profitez de notre visite priv\u00e9e de La Orotava et de Puerto de La Cruz et d\u00e9couvrez ces sites uniques.<\/p>\n<p>Nous organiserons une prise en charge priv\u00e9e et rapide de votre emplacement \u00e0 Tenerife. Nous pouvons organiser une prise en charge \u00e0 n&#8217;importe quel endroit de Tenerife. Une fois que nous sommes venus vous chercher, nous irons dans la partie nord de l&#8217;\u00eele.<\/p>\n<p>Il s&#8217;agit d&#8217;une visite de 8 heures, nous pouvons \u00e9galement organiser des visites plus courtes si vous pr\u00e9f\u00e9rez. Si un circuit plus court est effectu\u00e9, nous pouvons interrompre l&#8217;itin\u00e9raire ou organiser un itin\u00e9raire historique plus proche de la distance o\u00f9 vous s\u00e9journez.<\/p>\n<h2>Sites d&#8217;int\u00e9r\u00eat et monuments<\/h2>\n<p>Apr\u00e8s une prise en charge confortable, nous commencerons cette visite pour d\u00e9couvrir la partie historique de Tenerife.<\/p>\n<p>Ayez une vue sur les sites que vous appr\u00e9cierez;<\/p>\n<ul>\n<li>La Orotava: La Orotova est situ\u00e9e dans la partie nord de l&#8217;\u00eele de Tenerife. Tr\u00e8s proche de Puerto de la Cruz, trouvez cette belle ville. La vieille ville et la partie historique de La Orotava sont consid\u00e9r\u00e9es comme Conjunto Historico. Il fait partie de la protection du patrimoine culturel europ\u00e9en et monumental. Une grande partie du Teide est situ\u00e9e dans cette municipalit\u00e9. La Orotava est la ville la plus haute d&#8217;Espagne.<\/li>\n<li>Puerto de la Cruz: Puerto de La Cruz est situ\u00e9 dans la partie nord de Tenerife. C&#8217;est sur la c\u00f4te nord. C&#8217;est la plus petite municipalit\u00e9 de l&#8217;\u00eele de Tenerife. Les origines des villes remontent au 16\u00e8me si\u00e8cle. C&#8217;\u00e9tait \u00e0 l&#8217;origine un village de p\u00eacheurs. C&#8217;est un beau paysage et des spots photo \u00e0 appr\u00e9cier \u00e0 Tenerife!<\/li>\n<li>Beaucoup plus!<\/li>\n<\/ul>\n<p>Vous profiterez de deux des villes les plus charmantes et historiques de la r\u00e9gion. La vall\u00e9e d&#8217;Orotava, Puerto de la Cruz et La Orotava. \u00c0 La Orotava, profitez du vieux centre-ville et de tous ses beaux sites. Profitez \u00e9galement de la Casa de los Balcones, entre autres. Il s&#8217;agit d&#8217;une visite priv\u00e9e parfaite de La Orotava et de Puerto de La Cruz pour d\u00e9couvrir la partie historique du nord de Tenerife.<\/p>\n<p>Cliquez dessus pour d\u00e9couvrir nos circuits priv\u00e9s \u00e0 Tenerife!<\/p>\n","protected":false},"excerpt":{"rendered":"<p>Profitez de cette visite priv\u00e9e enti\u00e8rement personnalis\u00e9e du nord de Tenerife. C&#8217;est un domaine unique \u00e0 visiter. Profitez de ses monuments et sites les plus importants, visitez le jardin d&#8217;orchid\u00e9es et Orotava. Profitez de cette occasion pour d\u00e9couvrir Tenerife dans cette exp\u00e9rience avec votre propre chauffeur \/ guide priv\u00e9 dans un v\u00e9hicule de luxe priv\u00e9.<\/p>\n","protected":false},"featured_media":95430,"comment_status":"open","ping_status":"closed","template":"","meta":{"_acf_changed":false},"product_brand":[],"product_cat":[3581],"product_tag":[],"class_list":{"0":"post-99433","1":"product","2":"type-product","3":"status-publish","4":"has-post-thumbnail","6":"product_cat-tenerife-fr","8":"first","9":"instock","10":"shipping-taxable","11":"purchasable","12":"product-type-simple"},"acf":[],"yoast_head":"<!-- This site is optimized with the Yoast SEO Premium plugin v25.3.1 (Yoast SEO v25.3.1) - https:\/\/yoast.com\/wordpress\/plugins\/seo\/ -->\n<title>Visite priv\u00e9e de La Orotava et de Puerto de La Cruz - chauffeur-guide priv\u00e9<\/title>\n<meta name=\"description\" content=\"Visite priv\u00e9e de La Orotava et de Puerto de La Cruz. D\u00e9couvrez la partie nord de l&#039;\u00eele. Chauffeur-guide avec prise en charge depuis n&#039;importe quel endroit de l&#039;\u00eele de Tenerife\" \/>\n<meta name=\"robots\" content=\"index, follow, max-snippet:-1, max-image-preview:large, max-video-preview:-1\" \/>\n<link rel=\"canonical\" href=\"https:\/\/tourtravelandmore.com\/fr\/tours\/espagne-fr\/tenerife-fr\/excursion-a-terre-privee-la-orotava-visite-de-puerto-de-la-cruz\/\" \/>\n<meta property=\"og:locale\" content=\"fr_FR\" \/>\n<meta property=\"og:type\" content=\"article\" \/>\n<meta property=\"og:title\" content=\"Excursion \u00e0 terre: priv\u00e9e La Orotava &amp; Visite de Puerto de La Cruz\" \/>\n<meta property=\"og:description\" content=\"Visite priv\u00e9e de La Orotava et de Puerto de La Cruz. D\u00e9couvrez la partie nord de l&#039;\u00eele. Chauffeur-guide avec prise en charge depuis n&#039;importe quel endroit de l&#039;\u00eele de Tenerife\" \/>\n<meta property=\"og:url\" content=\"https:\/\/tourtravelandmore.com\/fr\/tours\/espagne-fr\/tenerife-fr\/excursion-a-terre-privee-la-orotava-visite-de-puerto-de-la-cruz\/\" \/>\n<meta property=\"og:site_name\" content=\"Tour Travel And More\" \/>\n<meta property=\"article:publisher\" content=\"https:\/\/www.facebook.com\/tourtravelandmore\/\" \/>\n<meta property=\"og:image\" content=\"https:\/\/tourtravelandmore.com\/wp-content\/uploads\/2019\/01\/Tenerife_La_Orotava_04.jpg\" \/>\n\t<meta property=\"og:image:width\" content=\"2048\" \/>\n\t<meta property=\"og:image:height\" content=\"1536\" \/>\n\t<meta property=\"og:image:type\" content=\"image\/jpeg\" \/>\n<meta name=\"twitter:card\" content=\"summary_large_image\" \/>\n<meta name=\"twitter:site\" content=\"@TourTravel_More\" \/>\n<meta name=\"twitter:label1\" content=\"Dur\u00e9e de lecture estim\u00e9e\" \/>\n\t<meta name=\"twitter:data1\" content=\"2 minutes\" \/>\n<script type=\"application\/ld+json\" class=\"yoast-schema-graph\">{\"@context\":\"https:\/\/schema.org\",\"@graph\":[{\"@type\":\"WebPage\",\"@id\":\"https:\/\/tourtravelandmore.com\/fr\/tours\/espagne-fr\/tenerife-fr\/excursion-a-terre-privee-la-orotava-visite-de-puerto-de-la-cruz\/\",\"url\":\"https:\/\/tourtravelandmore.com\/fr\/tours\/espagne-fr\/tenerife-fr\/excursion-a-terre-privee-la-orotava-visite-de-puerto-de-la-cruz\/\",\"name\":\"Visite priv\u00e9e de La Orotava et de Puerto de La Cruz - chauffeur-guide priv\u00e9\",\"isPartOf\":{\"@id\":\"https:\/\/tourtravelandmore.com\/fr\/#website\"},\"primaryImageOfPage\":{\"@id\":\"https:\/\/tourtravelandmore.com\/fr\/tours\/espagne-fr\/tenerife-fr\/excursion-a-terre-privee-la-orotava-visite-de-puerto-de-la-cruz\/#primaryimage\"},\"image\":{\"@id\":\"https:\/\/tourtravelandmore.com\/fr\/tours\/espagne-fr\/tenerife-fr\/excursion-a-terre-privee-la-orotava-visite-de-puerto-de-la-cruz\/#primaryimage\"},\"thumbnailUrl\":\"https:\/\/tourtravelandmore.com\/wp-content\/uploads\/2019\/01\/Tenerife_La_Orotava_04.jpg\",\"datePublished\":\"2019-01-09T11:34:00+00:00\",\"description\":\"Visite priv\u00e9e de La Orotava et de Puerto de La Cruz. D\u00e9couvrez la partie nord de l'\u00eele. Chauffeur-guide avec prise en charge depuis n'importe quel endroit de l'\u00eele de Tenerife\",\"breadcrumb\":{\"@id\":\"https:\/\/tourtravelandmore.com\/fr\/tours\/espagne-fr\/tenerife-fr\/excursion-a-terre-privee-la-orotava-visite-de-puerto-de-la-cruz\/#breadcrumb\"},\"inLanguage\":\"fr-FR\",\"potentialAction\":[{\"@type\":\"ReadAction\",\"target\":[\"https:\/\/tourtravelandmore.com\/fr\/tours\/espagne-fr\/tenerife-fr\/excursion-a-terre-privee-la-orotava-visite-de-puerto-de-la-cruz\/\"]}]},{\"@type\":\"ImageObject\",\"inLanguage\":\"fr-FR\",\"@id\":\"https:\/\/tourtravelandmore.com\/fr\/tours\/espagne-fr\/tenerife-fr\/excursion-a-terre-privee-la-orotava-visite-de-puerto-de-la-cruz\/#primaryimage\",\"url\":\"https:\/\/tourtravelandmore.com\/wp-content\/uploads\/2019\/01\/Tenerife_La_Orotava_04.jpg\",\"contentUrl\":\"https:\/\/tourtravelandmore.com\/wp-content\/uploads\/2019\/01\/Tenerife_La_Orotava_04.jpg\",\"width\":2048,\"height\":1536},{\"@type\":\"BreadcrumbList\",\"@id\":\"https:\/\/tourtravelandmore.com\/fr\/tours\/espagne-fr\/tenerife-fr\/excursion-a-terre-privee-la-orotava-visite-de-puerto-de-la-cruz\/#breadcrumb\",\"itemListElement\":[{\"@type\":\"ListItem\",\"position\":1,\"name\":\"Home\",\"item\":\"https:\/\/tourtravelandmore.com\/fr\/\"},{\"@type\":\"ListItem\",\"position\":2,\"name\":\"Tours\",\"item\":\"https:\/\/tourtravelandmore.com\/fr\/tours\/\"},{\"@type\":\"ListItem\",\"position\":3,\"name\":\"Excursion \u00e0 terre: priv\u00e9e La Orotava &#038; Visite de Puerto de La Cruz\"}]},{\"@type\":\"WebSite\",\"@id\":\"https:\/\/tourtravelandmore.com\/fr\/#website\",\"url\":\"https:\/\/tourtravelandmore.com\/fr\/\",\"name\":\"Tour Travel And More\",\"description\":\"Private sightseeing tours and luxury transfers in Spain\",\"publisher\":{\"@id\":\"https:\/\/tourtravelandmore.com\/fr\/#organization\"},\"potentialAction\":[{\"@type\":\"SearchAction\",\"target\":{\"@type\":\"EntryPoint\",\"urlTemplate\":\"https:\/\/tourtravelandmore.com\/fr\/?s={search_term_string}\"},\"query-input\":{\"@type\":\"PropertyValueSpecification\",\"valueRequired\":true,\"valueName\":\"search_term_string\"}}],\"inLanguage\":\"fr-FR\"},{\"@type\":\"Organization\",\"@id\":\"https:\/\/tourtravelandmore.com\/fr\/#organization\",\"name\":\"Tour Travel And More\",\"url\":\"https:\/\/tourtravelandmore.com\/fr\/\",\"logo\":{\"@type\":\"ImageObject\",\"inLanguage\":\"fr-FR\",\"@id\":\"https:\/\/tourtravelandmore.com\/fr\/#\/schema\/logo\/image\/\",\"url\":\"https:\/\/tourtravelandmore.com\/wp-content\/uploads\/2022\/12\/cropped-logo-cabecera-new.png\",\"contentUrl\":\"https:\/\/tourtravelandmore.com\/wp-content\/uploads\/2022\/12\/cropped-logo-cabecera-new.png\",\"width\":430,\"height\":61,\"caption\":\"Tour Travel And More\"},\"image\":{\"@id\":\"https:\/\/tourtravelandmore.com\/fr\/#\/schema\/logo\/image\/\"},\"sameAs\":[\"https:\/\/www.facebook.com\/tourtravelandmore\/\",\"https:\/\/x.com\/TourTravel_More\"]}]}<\/script>\n<!-- \/ Yoast SEO Premium plugin. -->","yoast_head_json":{"title":"Visite priv\u00e9e de La Orotava et de Puerto de La Cruz - chauffeur-guide priv\u00e9","description":"Visite priv\u00e9e de La Orotava et de Puerto de La Cruz. D\u00e9couvrez la partie nord de l'\u00eele. Chauffeur-guide avec prise en charge depuis n'importe quel endroit de l'\u00eele de Tenerife","robots":{"index":"index","follow":"follow","max-snippet":"max-snippet:-1","max-image-preview":"max-image-preview:large","max-video-preview":"max-video-preview:-1"},"canonical":"https:\/\/tourtravelandmore.com\/fr\/tours\/espagne-fr\/tenerife-fr\/excursion-a-terre-privee-la-orotava-visite-de-puerto-de-la-cruz\/","og_locale":"fr_FR","og_type":"article","og_title":"Excursion \u00e0 terre: priv\u00e9e La Orotava & Visite de Puerto de La Cruz","og_description":"Visite priv\u00e9e de La Orotava et de Puerto de La Cruz. D\u00e9couvrez la partie nord de l'\u00eele. Chauffeur-guide avec prise en charge depuis n'importe quel endroit de l'\u00eele de Tenerife","og_url":"https:\/\/tourtravelandmore.com\/fr\/tours\/espagne-fr\/tenerife-fr\/excursion-a-terre-privee-la-orotava-visite-de-puerto-de-la-cruz\/","og_site_name":"Tour Travel And More","article_publisher":"https:\/\/www.facebook.com\/tourtravelandmore\/","og_image":[{"width":2048,"height":1536,"url":"https:\/\/tourtravelandmore.com\/wp-content\/uploads\/2019\/01\/Tenerife_La_Orotava_04.jpg","type":"image\/jpeg"}],"twitter_card":"summary_large_image","twitter_site":"@TourTravel_More","twitter_misc":{"Dur\u00e9e de lecture estim\u00e9e":"2 minutes"},"schema":{"@context":"https:\/\/schema.org","@graph":[{"@type":"WebPage","@id":"https:\/\/tourtravelandmore.com\/fr\/tours\/espagne-fr\/tenerife-fr\/excursion-a-terre-privee-la-orotava-visite-de-puerto-de-la-cruz\/","url":"https:\/\/tourtravelandmore.com\/fr\/tours\/espagne-fr\/tenerife-fr\/excursion-a-terre-privee-la-orotava-visite-de-puerto-de-la-cruz\/","name":"Visite priv\u00e9e de La Orotava et de Puerto de La Cruz - chauffeur-guide priv\u00e9","isPartOf":{"@id":"https:\/\/tourtravelandmore.com\/fr\/#website"},"primaryImageOfPage":{"@id":"https:\/\/tourtravelandmore.com\/fr\/tours\/espagne-fr\/tenerife-fr\/excursion-a-terre-privee-la-orotava-visite-de-puerto-de-la-cruz\/#primaryimage"},"image":{"@id":"https:\/\/tourtravelandmore.com\/fr\/tours\/espagne-fr\/tenerife-fr\/excursion-a-terre-privee-la-orotava-visite-de-puerto-de-la-cruz\/#primaryimage"},"thumbnailUrl":"https:\/\/tourtravelandmore.com\/wp-content\/uploads\/2019\/01\/Tenerife_La_Orotava_04.jpg","datePublished":"2019-01-09T11:34:00+00:00","description":"Visite priv\u00e9e de La Orotava et de Puerto de La Cruz. D\u00e9couvrez la partie nord de l'\u00eele. Chauffeur-guide avec prise en charge depuis n'importe quel endroit de l'\u00eele de Tenerife","breadcrumb":{"@id":"https:\/\/tourtravelandmore.com\/fr\/tours\/espagne-fr\/tenerife-fr\/excursion-a-terre-privee-la-orotava-visite-de-puerto-de-la-cruz\/#breadcrumb"},"inLanguage":"fr-FR","potentialAction":[{"@type":"ReadAction","target":["https:\/\/tourtravelandmore.com\/fr\/tours\/espagne-fr\/tenerife-fr\/excursion-a-terre-privee-la-orotava-visite-de-puerto-de-la-cruz\/"]}]},{"@type":"ImageObject","inLanguage":"fr-FR","@id":"https:\/\/tourtravelandmore.com\/fr\/tours\/espagne-fr\/tenerife-fr\/excursion-a-terre-privee-la-orotava-visite-de-puerto-de-la-cruz\/#primaryimage","url":"https:\/\/tourtravelandmore.com\/wp-content\/uploads\/2019\/01\/Tenerife_La_Orotava_04.jpg","contentUrl":"https:\/\/tourtravelandmore.com\/wp-content\/uploads\/2019\/01\/Tenerife_La_Orotava_04.jpg","width":2048,"height":1536},{"@type":"BreadcrumbList","@id":"https:\/\/tourtravelandmore.com\/fr\/tours\/espagne-fr\/tenerife-fr\/excursion-a-terre-privee-la-orotava-visite-de-puerto-de-la-cruz\/#breadcrumb","itemListElement":[{"@type":"ListItem","position":1,"name":"Home","item":"https:\/\/tourtravelandmore.com\/fr\/"},{"@type":"ListItem","position":2,"name":"Tours","item":"https:\/\/tourtravelandmore.com\/fr\/tours\/"},{"@type":"ListItem","position":3,"name":"Excursion \u00e0 terre: priv\u00e9e La Orotava &#038; Visite de Puerto de La Cruz"}]},{"@type":"WebSite","@id":"https:\/\/tourtravelandmore.com\/fr\/#website","url":"https:\/\/tourtravelandmore.com\/fr\/","name":"Tour Travel And More","description":"Private sightseeing tours and luxury transfers in Spain","publisher":{"@id":"https:\/\/tourtravelandmore.com\/fr\/#organization"},"potentialAction":[{"@type":"SearchAction","target":{"@type":"EntryPoint","urlTemplate":"https:\/\/tourtravelandmore.com\/fr\/?s={search_term_string}"},"query-input":{"@type":"PropertyValueSpecification","valueRequired":true,"valueName":"search_term_string"}}],"inLanguage":"fr-FR"},{"@type":"Organization","@id":"https:\/\/tourtravelandmore.com\/fr\/#organization","name":"Tour Travel And More","url":"https:\/\/tourtravelandmore.com\/fr\/","logo":{"@type":"ImageObject","inLanguage":"fr-FR","@id":"https:\/\/tourtravelandmore.com\/fr\/#\/schema\/logo\/image\/","url":"https:\/\/tourtravelandmore.com\/wp-content\/uploads\/2022\/12\/cropped-logo-cabecera-new.png","contentUrl":"https:\/\/tourtravelandmore.com\/wp-content\/uploads\/2022\/12\/cropped-logo-cabecera-new.png","width":430,"height":61,"caption":"Tour Travel And More"},"image":{"@id":"https:\/\/tourtravelandmore.com\/fr\/#\/schema\/logo\/image\/"},"sameAs":["https:\/\/www.facebook.com\/tourtravelandmore\/","https:\/\/x.com\/TourTravel_More"]}]}},"_links":{"self":[{"href":"https:\/\/tourtravelandmore.com\/fr\/wp-json\/wp\/v2\/product\/99433","targetHints":{"allow":["GET"]}}],"collection":[{"href":"https:\/\/tourtravelandmore.com\/fr\/wp-json\/wp\/v2\/product"}],"about":[{"href":"https:\/\/tourtravelandmore.com\/fr\/wp-json\/wp\/v2\/types\/product"}],"replies":[{"embeddable":true,"href":"https:\/\/tourtravelandmore.com\/fr\/wp-json\/wp\/v2\/comments?post=99433"}],"wp:featuredmedia":[{"embeddable":true,"href":"https:\/\/tourtravelandmore.com\/fr\/wp-json\/wp\/v2\/media\/95430"}],"wp:attachment":[{"href":"https:\/\/tourtravelandmore.com\/fr\/wp-json\/wp\/v2\/media?parent=99433"}],"wp:term":[{"taxonomy":"product_brand","embeddable":true,"href":"https:\/\/tourtravelandmore.com\/fr\/wp-json\/wp\/v2\/product_brand?post=99433"},{"taxonomy":"product_cat","embeddable":true,"href":"https:\/\/tourtravelandmore.com\/fr\/wp-json\/wp\/v2\/product_cat?post=99433"},{"taxonomy":"product_tag","embeddable":true,"href":"https:\/\/tourtravelandmore.com\/fr\/wp-json\/wp\/v2\/product_tag?post=99433"}],"curies":[{"name":"wp","href":"https:\/\/api.w.org\/{rel}","templated":true}]}}