{"id":99428,"date":"2019-01-09T12:08:08","date_gmt":"2019-01-09T11:08:08","guid":{"rendered":"https:\/\/tourtravelandmore.com\/tours\/non class\u00e9\/excursion-a-terre-route-privee-de-taganana\/"},"modified":"2019-01-09T12:08:08","modified_gmt":"2019-01-09T11:08:08","slug":"excursion-a-terre-route-privee-de-taganana","status":"publish","type":"product","link":"https:\/\/tourtravelandmore.com\/fr\/tours\/espagne-fr\/tenerife-fr\/excursion-a-terre-route-privee-de-taganana\/","title":{"rendered":"Excursion \u00e0 terre: route priv\u00e9e de Taganana"},"content":{"rendered":"<h2>Description<\/h2>\n<p>Laissez-nous vous emmener dans cette exp\u00e9rience de 5 heures pour explorer cette route priv\u00e9e de Taganana. Notre chauffeur-guide expert vous fera vivre cette exp\u00e9rience unique.<\/p>\n<p>Laissez-vous tenter par certaines des merveilles de l&#8217;\u00eele de Tenerife. Apprenez \u00e0 conna\u00eetre l&#8217;un des joyaux et les parties les plus embl\u00e9matiques de l&#8217;\u00eele. Le Taganana vous permet de parfumer les vrais villages de Tenerife. Cela vaut vraiment le d\u00e9tour lorsque vous venez visiter l&#8217;\u00eele.<\/p>\n<p>Les maisons aux murs blancs vous permettront de rester coll\u00e9 \u00e0 votre appareil photo et d&#8217;apprendre autant que possible de votre guid\u00e9.<\/p>\n<p>Apr\u00e8s une prise en charge confortable avec votre chauffeur-guide, nous commencerons cette route priv\u00e9e de Taganana. Le point de rencontre exact peut \u00eatre choisi par vous-m\u00eame. Nous pouvons venir vous chercher \u00e0 n&#8217;importe quel endroit. Cela peut provenir du port de croisi\u00e8re, de l&#8217;h\u00f4tel ou de n&#8217;importe quel endroit de votre choix.<\/p>\n<h2>Sites d&#8217;int\u00e9r\u00eat et monuments<\/h2>\n<p>Tout d&#8217;abord, notre chauffeur-guide priv\u00e9 viendra vous chercher \u00e0 votre h\u00f4tel \u00e0 Tenerife. Nous commencerons ensuite cette route priv\u00e9e de Taganana.<\/p>\n<p>Apr\u00e8s cela, admirez le parc rural d&#8217;Anaga. C&#8217;est sur la pointe nord-est de Tenerife. Les belles maisons aux murs blancs se trouvent ici.<\/p>\n<p>Profitez entre autres des lieux \u00e0 visiter:<\/p>\n<ul>\n<li>Nuestra Se\u00f1ora de las Nieves: 4\u00e8me plus ancienne \u00e9glise de Tenerife. Cette \u00e9glise a \u00e9t\u00e9 construite en 1515. Elle est tr\u00e8s connue pour son triptyque peint de style Flamenco.<\/li>\n<li>Point de vue d&#8217;El Bailadero: d\u00e9couvrez les histoires et l\u00e9gendes d&#8217;artisanat. Laissez votre chauffeur-guide vous dire tout ce qu&#8217;il y a \u00e0 savoir. Profitez d&#8217;une vue imprenable sur le Taganana et ramenez des souvenirs incroyables chez vous! N&#8217;oubliez pas votre appareil photo!<\/li>\n<li>En plus, admirez la vue sur Playa Roque de las Bodegas: sable noir, galets et vue imprenable. C&#8217;est ce que propose Playa Roqye de las Bodegas. Au pied d&#8217;une falaise de la montagne Anaga. Profitez du charme qu&#8217;il d\u00e9tient et d\u00e9couvrez l&#8217;une des plus grandes plages du Taganana.<\/li>\n<li>Playa de Almaciga: une plage volcanique<\/li>\n<li>Playa de Benijo: c\u00f4t\u00e9 nord-est de Taganana.<\/li>\n<li>Montagnes d&#8217;Anaga: une r\u00e9serve mondiale de biosph\u00e8re de l&#8217;UNESCO<\/li>\n<li>Beaucoup plus!<\/li>\n<\/ul>\n<p>En conclusion, la route Taganana est une vue magnifique pour d\u00e9couvrir les \u00eeles Canaries telles qu&#8217;elles \u00e9taient. Taganana reste une ville isol\u00e9e. Il n&#8217;est pas loin de Santa Cruz de Tenerife. Vous pouvez profiter du magnifique littoral et des superbes vues sur la cha\u00eene de montagnes sur votre chemin vers Taganana.<\/p>\n<p>N&#8217;oubliez pas de consulter nos autres circuits priv\u00e9s \u00e0 Tenerife!<\/p>\n","protected":false},"excerpt":{"rendered":"<p>Profitez de cette visite priv\u00e9e enti\u00e8rement personnalis\u00e9e de la route Tangana. C&#8217;est un domaine unique \u00e0 visiter. Apprenez \u00e0 conna\u00eetre l&#8217;un des joyaux et des parties les plus embl\u00e9matiques de l&#8217;\u00eele avec votre chauffeur \/ guide priv\u00e9 dans un v\u00e9hicule de luxe confortable. Vous pourrez \u00e9galement visiter d&#8217;autres endroits: Nuestra Se\u00f1ora de las Nieves, Playa de Almaciga et mucho mas !.<\/p>\n","protected":false},"featured_media":95412,"comment_status":"open","ping_status":"closed","template":"","meta":{"_acf_changed":false},"product_brand":[],"product_cat":[3581],"product_tag":[],"class_list":{"0":"post-99428","1":"product","2":"type-product","3":"status-publish","4":"has-post-thumbnail","6":"product_cat-tenerife-fr","8":"first","9":"instock","10":"shipping-taxable","11":"purchasable","12":"product-type-simple"},"acf":[],"yoast_head":"<!-- This site is optimized with the Yoast SEO Premium plugin v25.3.1 (Yoast SEO v25.3.1) - https:\/\/yoast.com\/wordpress\/plugins\/seo\/ -->\n<title>Route priv\u00e9e de Taganana - chauffeur-guide priv\u00e9 pour l&#039;exp\u00e9rience.<\/title>\n<meta name=\"description\" content=\"Route priv\u00e9e Taganana enti\u00e8rement personnalis\u00e9e. V\u00e9hicule priv\u00e9 avec chauffeur guide. Prise en charge \u00e0 Tenerife depuis n&#039;importe quel endroit.\" \/>\n<meta name=\"robots\" content=\"index, follow, max-snippet:-1, max-image-preview:large, max-video-preview:-1\" \/>\n<link rel=\"canonical\" href=\"https:\/\/tourtravelandmore.com\/fr\/tours\/espagne-fr\/tenerife-fr\/excursion-a-terre-route-privee-de-taganana\/\" \/>\n<meta property=\"og:locale\" content=\"fr_FR\" \/>\n<meta property=\"og:type\" content=\"article\" \/>\n<meta property=\"og:title\" content=\"Excursion \u00e0 terre: route priv\u00e9e de Taganana\" \/>\n<meta property=\"og:description\" content=\"Route priv\u00e9e Taganana enti\u00e8rement personnalis\u00e9e. V\u00e9hicule priv\u00e9 avec chauffeur guide. Prise en charge \u00e0 Tenerife depuis n&#039;importe quel endroit.\" \/>\n<meta property=\"og:url\" content=\"https:\/\/tourtravelandmore.com\/fr\/tours\/espagne-fr\/tenerife-fr\/excursion-a-terre-route-privee-de-taganana\/\" \/>\n<meta property=\"og:site_name\" content=\"Tour Travel And More\" \/>\n<meta property=\"article:publisher\" content=\"https:\/\/www.facebook.com\/tourtravelandmore\/\" \/>\n<meta property=\"og:image\" content=\"https:\/\/tourtravelandmore.com\/wp-content\/uploads\/2019\/01\/Tenerife.jpg\" \/>\n\t<meta property=\"og:image:width\" content=\"1136\" \/>\n\t<meta property=\"og:image:height\" content=\"712\" \/>\n\t<meta property=\"og:image:type\" content=\"image\/jpeg\" \/>\n<meta name=\"twitter:card\" content=\"summary_large_image\" \/>\n<meta name=\"twitter:site\" content=\"@TourTravel_More\" \/>\n<meta name=\"twitter:label1\" content=\"Dur\u00e9e de lecture estim\u00e9e\" \/>\n\t<meta name=\"twitter:data1\" content=\"2 minutes\" \/>\n<script type=\"application\/ld+json\" class=\"yoast-schema-graph\">{\"@context\":\"https:\/\/schema.org\",\"@graph\":[{\"@type\":\"WebPage\",\"@id\":\"https:\/\/tourtravelandmore.com\/fr\/tours\/espagne-fr\/tenerife-fr\/excursion-a-terre-route-privee-de-taganana\/\",\"url\":\"https:\/\/tourtravelandmore.com\/fr\/tours\/espagne-fr\/tenerife-fr\/excursion-a-terre-route-privee-de-taganana\/\",\"name\":\"Route priv\u00e9e de Taganana - chauffeur-guide priv\u00e9 pour l'exp\u00e9rience.\",\"isPartOf\":{\"@id\":\"https:\/\/tourtravelandmore.com\/fr\/#website\"},\"primaryImageOfPage\":{\"@id\":\"https:\/\/tourtravelandmore.com\/fr\/tours\/espagne-fr\/tenerife-fr\/excursion-a-terre-route-privee-de-taganana\/#primaryimage\"},\"image\":{\"@id\":\"https:\/\/tourtravelandmore.com\/fr\/tours\/espagne-fr\/tenerife-fr\/excursion-a-terre-route-privee-de-taganana\/#primaryimage\"},\"thumbnailUrl\":\"https:\/\/tourtravelandmore.com\/wp-content\/uploads\/2019\/01\/Tenerife.jpg\",\"datePublished\":\"2019-01-09T11:08:08+00:00\",\"description\":\"Route priv\u00e9e Taganana enti\u00e8rement personnalis\u00e9e. V\u00e9hicule priv\u00e9 avec chauffeur guide. Prise en charge \u00e0 Tenerife depuis n'importe quel endroit.\",\"breadcrumb\":{\"@id\":\"https:\/\/tourtravelandmore.com\/fr\/tours\/espagne-fr\/tenerife-fr\/excursion-a-terre-route-privee-de-taganana\/#breadcrumb\"},\"inLanguage\":\"fr-FR\",\"potentialAction\":[{\"@type\":\"ReadAction\",\"target\":[\"https:\/\/tourtravelandmore.com\/fr\/tours\/espagne-fr\/tenerife-fr\/excursion-a-terre-route-privee-de-taganana\/\"]}]},{\"@type\":\"ImageObject\",\"inLanguage\":\"fr-FR\",\"@id\":\"https:\/\/tourtravelandmore.com\/fr\/tours\/espagne-fr\/tenerife-fr\/excursion-a-terre-route-privee-de-taganana\/#primaryimage\",\"url\":\"https:\/\/tourtravelandmore.com\/wp-content\/uploads\/2019\/01\/Tenerife.jpg\",\"contentUrl\":\"https:\/\/tourtravelandmore.com\/wp-content\/uploads\/2019\/01\/Tenerife.jpg\",\"width\":1136,\"height\":712},{\"@type\":\"BreadcrumbList\",\"@id\":\"https:\/\/tourtravelandmore.com\/fr\/tours\/espagne-fr\/tenerife-fr\/excursion-a-terre-route-privee-de-taganana\/#breadcrumb\",\"itemListElement\":[{\"@type\":\"ListItem\",\"position\":1,\"name\":\"Home\",\"item\":\"https:\/\/tourtravelandmore.com\/fr\/\"},{\"@type\":\"ListItem\",\"position\":2,\"name\":\"Tours\",\"item\":\"https:\/\/tourtravelandmore.com\/fr\/tours\/\"},{\"@type\":\"ListItem\",\"position\":3,\"name\":\"Excursion \u00e0 terre: route priv\u00e9e de Taganana\"}]},{\"@type\":\"WebSite\",\"@id\":\"https:\/\/tourtravelandmore.com\/fr\/#website\",\"url\":\"https:\/\/tourtravelandmore.com\/fr\/\",\"name\":\"Tour Travel And More\",\"description\":\"Private sightseeing tours and luxury transfers in Spain\",\"publisher\":{\"@id\":\"https:\/\/tourtravelandmore.com\/fr\/#organization\"},\"potentialAction\":[{\"@type\":\"SearchAction\",\"target\":{\"@type\":\"EntryPoint\",\"urlTemplate\":\"https:\/\/tourtravelandmore.com\/fr\/?s={search_term_string}\"},\"query-input\":{\"@type\":\"PropertyValueSpecification\",\"valueRequired\":true,\"valueName\":\"search_term_string\"}}],\"inLanguage\":\"fr-FR\"},{\"@type\":\"Organization\",\"@id\":\"https:\/\/tourtravelandmore.com\/fr\/#organization\",\"name\":\"Tour Travel And More\",\"url\":\"https:\/\/tourtravelandmore.com\/fr\/\",\"logo\":{\"@type\":\"ImageObject\",\"inLanguage\":\"fr-FR\",\"@id\":\"https:\/\/tourtravelandmore.com\/fr\/#\/schema\/logo\/image\/\",\"url\":\"https:\/\/tourtravelandmore.com\/wp-content\/uploads\/2022\/12\/cropped-logo-cabecera-new.png\",\"contentUrl\":\"https:\/\/tourtravelandmore.com\/wp-content\/uploads\/2022\/12\/cropped-logo-cabecera-new.png\",\"width\":430,\"height\":61,\"caption\":\"Tour Travel And More\"},\"image\":{\"@id\":\"https:\/\/tourtravelandmore.com\/fr\/#\/schema\/logo\/image\/\"},\"sameAs\":[\"https:\/\/www.facebook.com\/tourtravelandmore\/\",\"https:\/\/x.com\/TourTravel_More\"]}]}<\/script>\n<!-- \/ Yoast SEO Premium plugin. -->","yoast_head_json":{"title":"Route priv\u00e9e de Taganana - chauffeur-guide priv\u00e9 pour l'exp\u00e9rience.","description":"Route priv\u00e9e Taganana enti\u00e8rement personnalis\u00e9e. V\u00e9hicule priv\u00e9 avec chauffeur guide. Prise en charge \u00e0 Tenerife depuis n'importe quel endroit.","robots":{"index":"index","follow":"follow","max-snippet":"max-snippet:-1","max-image-preview":"max-image-preview:large","max-video-preview":"max-video-preview:-1"},"canonical":"https:\/\/tourtravelandmore.com\/fr\/tours\/espagne-fr\/tenerife-fr\/excursion-a-terre-route-privee-de-taganana\/","og_locale":"fr_FR","og_type":"article","og_title":"Excursion \u00e0 terre: route priv\u00e9e de Taganana","og_description":"Route priv\u00e9e Taganana enti\u00e8rement personnalis\u00e9e. V\u00e9hicule priv\u00e9 avec chauffeur guide. Prise en charge \u00e0 Tenerife depuis n'importe quel endroit.","og_url":"https:\/\/tourtravelandmore.com\/fr\/tours\/espagne-fr\/tenerife-fr\/excursion-a-terre-route-privee-de-taganana\/","og_site_name":"Tour Travel And More","article_publisher":"https:\/\/www.facebook.com\/tourtravelandmore\/","og_image":[{"width":1136,"height":712,"url":"https:\/\/tourtravelandmore.com\/wp-content\/uploads\/2019\/01\/Tenerife.jpg","type":"image\/jpeg"}],"twitter_card":"summary_large_image","twitter_site":"@TourTravel_More","twitter_misc":{"Dur\u00e9e de lecture estim\u00e9e":"2 minutes"},"schema":{"@context":"https:\/\/schema.org","@graph":[{"@type":"WebPage","@id":"https:\/\/tourtravelandmore.com\/fr\/tours\/espagne-fr\/tenerife-fr\/excursion-a-terre-route-privee-de-taganana\/","url":"https:\/\/tourtravelandmore.com\/fr\/tours\/espagne-fr\/tenerife-fr\/excursion-a-terre-route-privee-de-taganana\/","name":"Route priv\u00e9e de Taganana - chauffeur-guide priv\u00e9 pour l'exp\u00e9rience.","isPartOf":{"@id":"https:\/\/tourtravelandmore.com\/fr\/#website"},"primaryImageOfPage":{"@id":"https:\/\/tourtravelandmore.com\/fr\/tours\/espagne-fr\/tenerife-fr\/excursion-a-terre-route-privee-de-taganana\/#primaryimage"},"image":{"@id":"https:\/\/tourtravelandmore.com\/fr\/tours\/espagne-fr\/tenerife-fr\/excursion-a-terre-route-privee-de-taganana\/#primaryimage"},"thumbnailUrl":"https:\/\/tourtravelandmore.com\/wp-content\/uploads\/2019\/01\/Tenerife.jpg","datePublished":"2019-01-09T11:08:08+00:00","description":"Route priv\u00e9e Taganana enti\u00e8rement personnalis\u00e9e. V\u00e9hicule priv\u00e9 avec chauffeur guide. Prise en charge \u00e0 Tenerife depuis n'importe quel endroit.","breadcrumb":{"@id":"https:\/\/tourtravelandmore.com\/fr\/tours\/espagne-fr\/tenerife-fr\/excursion-a-terre-route-privee-de-taganana\/#breadcrumb"},"inLanguage":"fr-FR","potentialAction":[{"@type":"ReadAction","target":["https:\/\/tourtravelandmore.com\/fr\/tours\/espagne-fr\/tenerife-fr\/excursion-a-terre-route-privee-de-taganana\/"]}]},{"@type":"ImageObject","inLanguage":"fr-FR","@id":"https:\/\/tourtravelandmore.com\/fr\/tours\/espagne-fr\/tenerife-fr\/excursion-a-terre-route-privee-de-taganana\/#primaryimage","url":"https:\/\/tourtravelandmore.com\/wp-content\/uploads\/2019\/01\/Tenerife.jpg","contentUrl":"https:\/\/tourtravelandmore.com\/wp-content\/uploads\/2019\/01\/Tenerife.jpg","width":1136,"height":712},{"@type":"BreadcrumbList","@id":"https:\/\/tourtravelandmore.com\/fr\/tours\/espagne-fr\/tenerife-fr\/excursion-a-terre-route-privee-de-taganana\/#breadcrumb","itemListElement":[{"@type":"ListItem","position":1,"name":"Home","item":"https:\/\/tourtravelandmore.com\/fr\/"},{"@type":"ListItem","position":2,"name":"Tours","item":"https:\/\/tourtravelandmore.com\/fr\/tours\/"},{"@type":"ListItem","position":3,"name":"Excursion \u00e0 terre: route priv\u00e9e de Taganana"}]},{"@type":"WebSite","@id":"https:\/\/tourtravelandmore.com\/fr\/#website","url":"https:\/\/tourtravelandmore.com\/fr\/","name":"Tour Travel And More","description":"Private sightseeing tours and luxury transfers in Spain","publisher":{"@id":"https:\/\/tourtravelandmore.com\/fr\/#organization"},"potentialAction":[{"@type":"SearchAction","target":{"@type":"EntryPoint","urlTemplate":"https:\/\/tourtravelandmore.com\/fr\/?s={search_term_string}"},"query-input":{"@type":"PropertyValueSpecification","valueRequired":true,"valueName":"search_term_string"}}],"inLanguage":"fr-FR"},{"@type":"Organization","@id":"https:\/\/tourtravelandmore.com\/fr\/#organization","name":"Tour Travel And More","url":"https:\/\/tourtravelandmore.com\/fr\/","logo":{"@type":"ImageObject","inLanguage":"fr-FR","@id":"https:\/\/tourtravelandmore.com\/fr\/#\/schema\/logo\/image\/","url":"https:\/\/tourtravelandmore.com\/wp-content\/uploads\/2022\/12\/cropped-logo-cabecera-new.png","contentUrl":"https:\/\/tourtravelandmore.com\/wp-content\/uploads\/2022\/12\/cropped-logo-cabecera-new.png","width":430,"height":61,"caption":"Tour Travel And More"},"image":{"@id":"https:\/\/tourtravelandmore.com\/fr\/#\/schema\/logo\/image\/"},"sameAs":["https:\/\/www.facebook.com\/tourtravelandmore\/","https:\/\/x.com\/TourTravel_More"]}]}},"_links":{"self":[{"href":"https:\/\/tourtravelandmore.com\/fr\/wp-json\/wp\/v2\/product\/99428","targetHints":{"allow":["GET"]}}],"collection":[{"href":"https:\/\/tourtravelandmore.com\/fr\/wp-json\/wp\/v2\/product"}],"about":[{"href":"https:\/\/tourtravelandmore.com\/fr\/wp-json\/wp\/v2\/types\/product"}],"replies":[{"embeddable":true,"href":"https:\/\/tourtravelandmore.com\/fr\/wp-json\/wp\/v2\/comments?post=99428"}],"wp:featuredmedia":[{"embeddable":true,"href":"https:\/\/tourtravelandmore.com\/fr\/wp-json\/wp\/v2\/media\/95412"}],"wp:attachment":[{"href":"https:\/\/tourtravelandmore.com\/fr\/wp-json\/wp\/v2\/media?parent=99428"}],"wp:term":[{"taxonomy":"product_brand","embeddable":true,"href":"https:\/\/tourtravelandmore.com\/fr\/wp-json\/wp\/v2\/product_brand?post=99428"},{"taxonomy":"product_cat","embeddable":true,"href":"https:\/\/tourtravelandmore.com\/fr\/wp-json\/wp\/v2\/product_cat?post=99428"},{"taxonomy":"product_tag","embeddable":true,"href":"https:\/\/tourtravelandmore.com\/fr\/wp-json\/wp\/v2\/product_tag?post=99428"}],"curies":[{"name":"wp","href":"https:\/\/api.w.org\/{rel}","templated":true}]}}