{"id":99423,"date":"2019-01-09T11:26:07","date_gmt":"2019-01-09T10:26:07","guid":{"rendered":"https:\/\/tourtravelandmore.com\/tours\/non class\u00e9\/excursion-a-terre-visite-privee-de-santa-cruz-de-tenerife\/"},"modified":"2019-01-09T11:26:07","modified_gmt":"2019-01-09T10:26:07","slug":"excursion-a-terre-visite-privee-de-santa-cruz-de-tenerife","status":"publish","type":"product","link":"https:\/\/tourtravelandmore.com\/fr\/tours\/espagne-fr\/tenerife-fr\/excursion-a-terre-visite-privee-de-santa-cruz-de-tenerife\/","title":{"rendered":"Excursion \u00e0 terre: visite priv\u00e9e de Santa Cruz de Tenerife"},"content":{"rendered":"<h2>Description<\/h2>\n<p>Saisissez cette occasion pour d\u00e9couvrir la capitale de Tenerife. Santa Cruz de Tenerife est la capitale de cette \u00eele des Canaries. Profitez de cette visite priv\u00e9e de Santa Cruz de Tenerife pour en apprendre le plus possible sur cette ville vraiment unique!<\/p>\n<p>Apprenez \u00e0 conna\u00eetre cette ville et ses limites. C&#8217;est la deuxi\u00e8me plus grande ville des \u00eeles Canaries. Santa Cruz est une ville situ\u00e9e au nord-est de Tenerife. Cette ville abrite le parlement des \u00eeles Canaries.<\/p>\n<p>En 2012, il \u00e9tait reconnu comme l&#8217;un des 5 meilleurs endroits o\u00f9 vivre au monde. C&#8217;est selon le Guardian! C&#8217;est pourquoi vous ne pouvez pas manquer cette occasion de profiter du meilleur de Santa Cruz.<\/p>\n<p>Tout d&#8217;abord, nous organiserons une prise en charge confortable depuis l&#8217;emplacement souhait\u00e9 \u00e0 Tenerife. Si vous \u00eates situ\u00e9 \u00e0 Santa Cruz, nous viendrons vous chercher \u00e0 partir de l\u00e0. Nous pouvons \u00e9galement organiser une prise en charge depuis n&#8217;importe quel autre endroit de l&#8217;\u00eele. Cela peut inclure des ports de croisi\u00e8re, des h\u00f4tels ou des appartements.<\/p>\n<p>Apr\u00e8s \u00eatre venu vous chercher, nous commencerons cette visite priv\u00e9e de Santa Cruz de Tenerife. Nous nous dirigerons vers les sites les plus importants et profiterons entre autres: l&#8217;Op\u00e9ra de Tenerife, Torres de Santa Cruz, la Plaza de Espa\u00f1a et bien plus encore.<\/p>\n<p>Nous avons sugg\u00e9r\u00e9 une visite de 5 heures de la prise en charge au retour. Si vous pr\u00e9f\u00e9rez une visite plus longue, faites-le nous savoir! Nous pouvons adapter le circuit \u00e0 vos propres envies.<\/p>\n<h2>Sites d&#8217;int\u00e9r\u00eat et monuments<\/h2>\n<p>Tout d&#8217;abord, demandez \u00e0 notre chauffeur-guide de venir vous chercher \u00e0 l&#8217;endroit souhait\u00e9 sur l&#8217;\u00eele. Nous nous dirigerons ensuite vers Santa Cruz.<\/p>\n<p>Une fois \u00e0 Santa Cruz, profitez de ses sites les plus importants;<\/p>\n<ul>\n<li>Playa de las Teresitas<\/li>\n<li>Vues de l&#8217;ext\u00e9rieur du Museo de la Naturaleza y el Hombre<\/li>\n<li>Palmetum de Santa Cruz de Tenerife<\/li>\n<li>Parque Sanabria<\/li>\n<li>Torres de Santa Cruz<\/li>\n<li>Auditorium de Tenerife<\/li>\n<li>Puerto de Santa Cruz de Tenerife<\/li>\n<li>Iglesia Matriz de la Concepci\u00f3n<\/li>\n<li>Plaza de la Candelaria<\/li>\n<li>Plaza Espa\u00f1a<\/li>\n<li>Castillo de San Cristobal<\/li>\n<li>Rambla Santa Cruz<\/li>\n<li>Plaza del Principe<\/li>\n<li>Beaucoup plus!<\/li>\n<\/ul>\n<p>Apr\u00e8s avoir visit\u00e9 les sites les plus importants de Santa Cruz, notre chauffeur-guide priv\u00e9 vous ram\u00e8nera vers votre point de d\u00e9part.<\/p>\n<p>Nous proposons des visites priv\u00e9es au Teide et dans de nombreux autres endroits de Tenerife. D\u00e9couvrez-les ici!<\/p>\n","protected":false},"excerpt":{"rendered":"<p>Profitez de cette visite priv\u00e9e enti\u00e8rement personnalis\u00e9e de Santa Cruz de Tenerife, une ville unique \u00e0 visiter. Profitez de ses monuments et sites les plus importants. Vous aurez un chauffeur \/ guide priv\u00e9 \u00e0 votre enti\u00e8re disposition dans un v\u00e9hicule de luxe priv\u00e9 pour toute la visite. Vous pourrez visiter: Torres de Santa Cruz, Playa de las Teresitas et mucho mas !.<\/p>\n","protected":false},"featured_media":95422,"comment_status":"open","ping_status":"closed","template":"","meta":{"_acf_changed":false},"product_brand":[],"product_cat":[3581],"product_tag":[],"class_list":{"0":"post-99423","1":"product","2":"type-product","3":"status-publish","4":"has-post-thumbnail","6":"product_cat-tenerife-fr","8":"first","9":"instock","10":"shipping-taxable","11":"purchasable","12":"product-type-simple"},"acf":[],"yoast_head":"<!-- This site is optimized with the Yoast SEO Premium plugin v25.3.1 (Yoast SEO v25.3.1) - https:\/\/yoast.com\/wordpress\/plugins\/seo\/ -->\n<title>Visite priv\u00e9e de Santa Cruz de Tenerife - Chauffeur-guide priv\u00e9<\/title>\n<meta name=\"description\" content=\"Visite priv\u00e9e enti\u00e8rement personnalis\u00e9e de Santa Cruz de Tenerife. V\u00e9hicule priv\u00e9 et chauffeur-guide. Ramassez n&#039;importe o\u00f9 \u00e0 Tenerife.\" \/>\n<meta name=\"robots\" content=\"index, follow, max-snippet:-1, max-image-preview:large, max-video-preview:-1\" \/>\n<link rel=\"canonical\" href=\"https:\/\/tourtravelandmore.com\/fr\/tours\/espagne-fr\/tenerife-fr\/excursion-a-terre-visite-privee-de-santa-cruz-de-tenerife\/\" \/>\n<meta property=\"og:locale\" content=\"fr_FR\" \/>\n<meta property=\"og:type\" content=\"article\" \/>\n<meta property=\"og:title\" content=\"Excursion \u00e0 terre: visite priv\u00e9e de Santa Cruz de Tenerife\" \/>\n<meta property=\"og:description\" content=\"Visite priv\u00e9e enti\u00e8rement personnalis\u00e9e de Santa Cruz de Tenerife. V\u00e9hicule priv\u00e9 et chauffeur-guide. Ramassez n&#039;importe o\u00f9 \u00e0 Tenerife.\" \/>\n<meta property=\"og:url\" content=\"https:\/\/tourtravelandmore.com\/fr\/tours\/espagne-fr\/tenerife-fr\/excursion-a-terre-visite-privee-de-santa-cruz-de-tenerife\/\" \/>\n<meta property=\"og:site_name\" content=\"Tour Travel And More\" \/>\n<meta property=\"article:publisher\" content=\"https:\/\/www.facebook.com\/tourtravelandmore\/\" \/>\n<meta property=\"og:image\" content=\"https:\/\/tourtravelandmore.com\/wp-content\/uploads\/2019\/01\/tenerife-943604_960_720.jpg\" \/>\n\t<meta property=\"og:image:width\" content=\"960\" \/>\n\t<meta property=\"og:image:height\" content=\"666\" \/>\n\t<meta property=\"og:image:type\" content=\"image\/jpeg\" \/>\n<meta name=\"twitter:card\" content=\"summary_large_image\" \/>\n<meta name=\"twitter:site\" content=\"@TourTravel_More\" \/>\n<meta name=\"twitter:label1\" content=\"Dur\u00e9e de lecture estim\u00e9e\" \/>\n\t<meta name=\"twitter:data1\" content=\"2 minutes\" \/>\n<script type=\"application\/ld+json\" class=\"yoast-schema-graph\">{\"@context\":\"https:\/\/schema.org\",\"@graph\":[{\"@type\":\"WebPage\",\"@id\":\"https:\/\/tourtravelandmore.com\/fr\/tours\/espagne-fr\/tenerife-fr\/excursion-a-terre-visite-privee-de-santa-cruz-de-tenerife\/\",\"url\":\"https:\/\/tourtravelandmore.com\/fr\/tours\/espagne-fr\/tenerife-fr\/excursion-a-terre-visite-privee-de-santa-cruz-de-tenerife\/\",\"name\":\"Visite priv\u00e9e de Santa Cruz de Tenerife - Chauffeur-guide priv\u00e9\",\"isPartOf\":{\"@id\":\"https:\/\/tourtravelandmore.com\/fr\/#website\"},\"primaryImageOfPage\":{\"@id\":\"https:\/\/tourtravelandmore.com\/fr\/tours\/espagne-fr\/tenerife-fr\/excursion-a-terre-visite-privee-de-santa-cruz-de-tenerife\/#primaryimage\"},\"image\":{\"@id\":\"https:\/\/tourtravelandmore.com\/fr\/tours\/espagne-fr\/tenerife-fr\/excursion-a-terre-visite-privee-de-santa-cruz-de-tenerife\/#primaryimage\"},\"thumbnailUrl\":\"https:\/\/tourtravelandmore.com\/wp-content\/uploads\/2019\/01\/tenerife-943604_960_720.jpg\",\"datePublished\":\"2019-01-09T10:26:07+00:00\",\"description\":\"Visite priv\u00e9e enti\u00e8rement personnalis\u00e9e de Santa Cruz de Tenerife. V\u00e9hicule priv\u00e9 et chauffeur-guide. Ramassez n'importe o\u00f9 \u00e0 Tenerife.\",\"breadcrumb\":{\"@id\":\"https:\/\/tourtravelandmore.com\/fr\/tours\/espagne-fr\/tenerife-fr\/excursion-a-terre-visite-privee-de-santa-cruz-de-tenerife\/#breadcrumb\"},\"inLanguage\":\"fr-FR\",\"potentialAction\":[{\"@type\":\"ReadAction\",\"target\":[\"https:\/\/tourtravelandmore.com\/fr\/tours\/espagne-fr\/tenerife-fr\/excursion-a-terre-visite-privee-de-santa-cruz-de-tenerife\/\"]}]},{\"@type\":\"ImageObject\",\"inLanguage\":\"fr-FR\",\"@id\":\"https:\/\/tourtravelandmore.com\/fr\/tours\/espagne-fr\/tenerife-fr\/excursion-a-terre-visite-privee-de-santa-cruz-de-tenerife\/#primaryimage\",\"url\":\"https:\/\/tourtravelandmore.com\/wp-content\/uploads\/2019\/01\/tenerife-943604_960_720.jpg\",\"contentUrl\":\"https:\/\/tourtravelandmore.com\/wp-content\/uploads\/2019\/01\/tenerife-943604_960_720.jpg\",\"width\":960,\"height\":666},{\"@type\":\"BreadcrumbList\",\"@id\":\"https:\/\/tourtravelandmore.com\/fr\/tours\/espagne-fr\/tenerife-fr\/excursion-a-terre-visite-privee-de-santa-cruz-de-tenerife\/#breadcrumb\",\"itemListElement\":[{\"@type\":\"ListItem\",\"position\":1,\"name\":\"Home\",\"item\":\"https:\/\/tourtravelandmore.com\/fr\/\"},{\"@type\":\"ListItem\",\"position\":2,\"name\":\"Tours\",\"item\":\"https:\/\/tourtravelandmore.com\/fr\/tours\/\"},{\"@type\":\"ListItem\",\"position\":3,\"name\":\"Excursion \u00e0 terre: visite priv\u00e9e de Santa Cruz de Tenerife\"}]},{\"@type\":\"WebSite\",\"@id\":\"https:\/\/tourtravelandmore.com\/fr\/#website\",\"url\":\"https:\/\/tourtravelandmore.com\/fr\/\",\"name\":\"Tour Travel And More\",\"description\":\"Private sightseeing tours and luxury transfers in Spain\",\"publisher\":{\"@id\":\"https:\/\/tourtravelandmore.com\/fr\/#organization\"},\"potentialAction\":[{\"@type\":\"SearchAction\",\"target\":{\"@type\":\"EntryPoint\",\"urlTemplate\":\"https:\/\/tourtravelandmore.com\/fr\/?s={search_term_string}\"},\"query-input\":{\"@type\":\"PropertyValueSpecification\",\"valueRequired\":true,\"valueName\":\"search_term_string\"}}],\"inLanguage\":\"fr-FR\"},{\"@type\":\"Organization\",\"@id\":\"https:\/\/tourtravelandmore.com\/fr\/#organization\",\"name\":\"Tour Travel And More\",\"url\":\"https:\/\/tourtravelandmore.com\/fr\/\",\"logo\":{\"@type\":\"ImageObject\",\"inLanguage\":\"fr-FR\",\"@id\":\"https:\/\/tourtravelandmore.com\/fr\/#\/schema\/logo\/image\/\",\"url\":\"https:\/\/tourtravelandmore.com\/wp-content\/uploads\/2022\/12\/cropped-logo-cabecera-new.png\",\"contentUrl\":\"https:\/\/tourtravelandmore.com\/wp-content\/uploads\/2022\/12\/cropped-logo-cabecera-new.png\",\"width\":430,\"height\":61,\"caption\":\"Tour Travel And More\"},\"image\":{\"@id\":\"https:\/\/tourtravelandmore.com\/fr\/#\/schema\/logo\/image\/\"},\"sameAs\":[\"https:\/\/www.facebook.com\/tourtravelandmore\/\",\"https:\/\/x.com\/TourTravel_More\"]}]}<\/script>\n<!-- \/ Yoast SEO Premium plugin. -->","yoast_head_json":{"title":"Visite priv\u00e9e de Santa Cruz de Tenerife - Chauffeur-guide priv\u00e9","description":"Visite priv\u00e9e enti\u00e8rement personnalis\u00e9e de Santa Cruz de Tenerife. V\u00e9hicule priv\u00e9 et chauffeur-guide. Ramassez n'importe o\u00f9 \u00e0 Tenerife.","robots":{"index":"index","follow":"follow","max-snippet":"max-snippet:-1","max-image-preview":"max-image-preview:large","max-video-preview":"max-video-preview:-1"},"canonical":"https:\/\/tourtravelandmore.com\/fr\/tours\/espagne-fr\/tenerife-fr\/excursion-a-terre-visite-privee-de-santa-cruz-de-tenerife\/","og_locale":"fr_FR","og_type":"article","og_title":"Excursion \u00e0 terre: visite priv\u00e9e de Santa Cruz de Tenerife","og_description":"Visite priv\u00e9e enti\u00e8rement personnalis\u00e9e de Santa Cruz de Tenerife. V\u00e9hicule priv\u00e9 et chauffeur-guide. Ramassez n'importe o\u00f9 \u00e0 Tenerife.","og_url":"https:\/\/tourtravelandmore.com\/fr\/tours\/espagne-fr\/tenerife-fr\/excursion-a-terre-visite-privee-de-santa-cruz-de-tenerife\/","og_site_name":"Tour Travel And More","article_publisher":"https:\/\/www.facebook.com\/tourtravelandmore\/","og_image":[{"width":960,"height":666,"url":"https:\/\/tourtravelandmore.com\/wp-content\/uploads\/2019\/01\/tenerife-943604_960_720.jpg","type":"image\/jpeg"}],"twitter_card":"summary_large_image","twitter_site":"@TourTravel_More","twitter_misc":{"Dur\u00e9e de lecture estim\u00e9e":"2 minutes"},"schema":{"@context":"https:\/\/schema.org","@graph":[{"@type":"WebPage","@id":"https:\/\/tourtravelandmore.com\/fr\/tours\/espagne-fr\/tenerife-fr\/excursion-a-terre-visite-privee-de-santa-cruz-de-tenerife\/","url":"https:\/\/tourtravelandmore.com\/fr\/tours\/espagne-fr\/tenerife-fr\/excursion-a-terre-visite-privee-de-santa-cruz-de-tenerife\/","name":"Visite priv\u00e9e de Santa Cruz de Tenerife - Chauffeur-guide priv\u00e9","isPartOf":{"@id":"https:\/\/tourtravelandmore.com\/fr\/#website"},"primaryImageOfPage":{"@id":"https:\/\/tourtravelandmore.com\/fr\/tours\/espagne-fr\/tenerife-fr\/excursion-a-terre-visite-privee-de-santa-cruz-de-tenerife\/#primaryimage"},"image":{"@id":"https:\/\/tourtravelandmore.com\/fr\/tours\/espagne-fr\/tenerife-fr\/excursion-a-terre-visite-privee-de-santa-cruz-de-tenerife\/#primaryimage"},"thumbnailUrl":"https:\/\/tourtravelandmore.com\/wp-content\/uploads\/2019\/01\/tenerife-943604_960_720.jpg","datePublished":"2019-01-09T10:26:07+00:00","description":"Visite priv\u00e9e enti\u00e8rement personnalis\u00e9e de Santa Cruz de Tenerife. V\u00e9hicule priv\u00e9 et chauffeur-guide. Ramassez n'importe o\u00f9 \u00e0 Tenerife.","breadcrumb":{"@id":"https:\/\/tourtravelandmore.com\/fr\/tours\/espagne-fr\/tenerife-fr\/excursion-a-terre-visite-privee-de-santa-cruz-de-tenerife\/#breadcrumb"},"inLanguage":"fr-FR","potentialAction":[{"@type":"ReadAction","target":["https:\/\/tourtravelandmore.com\/fr\/tours\/espagne-fr\/tenerife-fr\/excursion-a-terre-visite-privee-de-santa-cruz-de-tenerife\/"]}]},{"@type":"ImageObject","inLanguage":"fr-FR","@id":"https:\/\/tourtravelandmore.com\/fr\/tours\/espagne-fr\/tenerife-fr\/excursion-a-terre-visite-privee-de-santa-cruz-de-tenerife\/#primaryimage","url":"https:\/\/tourtravelandmore.com\/wp-content\/uploads\/2019\/01\/tenerife-943604_960_720.jpg","contentUrl":"https:\/\/tourtravelandmore.com\/wp-content\/uploads\/2019\/01\/tenerife-943604_960_720.jpg","width":960,"height":666},{"@type":"BreadcrumbList","@id":"https:\/\/tourtravelandmore.com\/fr\/tours\/espagne-fr\/tenerife-fr\/excursion-a-terre-visite-privee-de-santa-cruz-de-tenerife\/#breadcrumb","itemListElement":[{"@type":"ListItem","position":1,"name":"Home","item":"https:\/\/tourtravelandmore.com\/fr\/"},{"@type":"ListItem","position":2,"name":"Tours","item":"https:\/\/tourtravelandmore.com\/fr\/tours\/"},{"@type":"ListItem","position":3,"name":"Excursion \u00e0 terre: visite priv\u00e9e de Santa Cruz de Tenerife"}]},{"@type":"WebSite","@id":"https:\/\/tourtravelandmore.com\/fr\/#website","url":"https:\/\/tourtravelandmore.com\/fr\/","name":"Tour Travel And More","description":"Private sightseeing tours and luxury transfers in Spain","publisher":{"@id":"https:\/\/tourtravelandmore.com\/fr\/#organization"},"potentialAction":[{"@type":"SearchAction","target":{"@type":"EntryPoint","urlTemplate":"https:\/\/tourtravelandmore.com\/fr\/?s={search_term_string}"},"query-input":{"@type":"PropertyValueSpecification","valueRequired":true,"valueName":"search_term_string"}}],"inLanguage":"fr-FR"},{"@type":"Organization","@id":"https:\/\/tourtravelandmore.com\/fr\/#organization","name":"Tour Travel And More","url":"https:\/\/tourtravelandmore.com\/fr\/","logo":{"@type":"ImageObject","inLanguage":"fr-FR","@id":"https:\/\/tourtravelandmore.com\/fr\/#\/schema\/logo\/image\/","url":"https:\/\/tourtravelandmore.com\/wp-content\/uploads\/2022\/12\/cropped-logo-cabecera-new.png","contentUrl":"https:\/\/tourtravelandmore.com\/wp-content\/uploads\/2022\/12\/cropped-logo-cabecera-new.png","width":430,"height":61,"caption":"Tour Travel And More"},"image":{"@id":"https:\/\/tourtravelandmore.com\/fr\/#\/schema\/logo\/image\/"},"sameAs":["https:\/\/www.facebook.com\/tourtravelandmore\/","https:\/\/x.com\/TourTravel_More"]}]}},"_links":{"self":[{"href":"https:\/\/tourtravelandmore.com\/fr\/wp-json\/wp\/v2\/product\/99423","targetHints":{"allow":["GET"]}}],"collection":[{"href":"https:\/\/tourtravelandmore.com\/fr\/wp-json\/wp\/v2\/product"}],"about":[{"href":"https:\/\/tourtravelandmore.com\/fr\/wp-json\/wp\/v2\/types\/product"}],"replies":[{"embeddable":true,"href":"https:\/\/tourtravelandmore.com\/fr\/wp-json\/wp\/v2\/comments?post=99423"}],"wp:featuredmedia":[{"embeddable":true,"href":"https:\/\/tourtravelandmore.com\/fr\/wp-json\/wp\/v2\/media\/95422"}],"wp:attachment":[{"href":"https:\/\/tourtravelandmore.com\/fr\/wp-json\/wp\/v2\/media?parent=99423"}],"wp:term":[{"taxonomy":"product_brand","embeddable":true,"href":"https:\/\/tourtravelandmore.com\/fr\/wp-json\/wp\/v2\/product_brand?post=99423"},{"taxonomy":"product_cat","embeddable":true,"href":"https:\/\/tourtravelandmore.com\/fr\/wp-json\/wp\/v2\/product_cat?post=99423"},{"taxonomy":"product_tag","embeddable":true,"href":"https:\/\/tourtravelandmore.com\/fr\/wp-json\/wp\/v2\/product_tag?post=99423"}],"curies":[{"name":"wp","href":"https:\/\/api.w.org\/{rel}","templated":true}]}}