{"id":99413,"date":"2019-01-07T11:35:50","date_gmt":"2019-01-07T10:35:50","guid":{"rendered":"https:\/\/tourtravelandmore.com\/tours\/non%20class\u00e9\/excursion-a-terre-visite-de-la-plage-privee-a-tenerife\/"},"modified":"2021-02-18T11:07:59","modified_gmt":"2021-02-18T10:07:59","slug":"excursion-a-terre-visite-de-la-plage-privee-a-tenerife","status":"publish","type":"product","link":"https:\/\/tourtravelandmore.com\/fr\/tours\/espagne-fr\/tenerife-fr\/excursion-a-terre-visite-de-la-plage-privee-a-tenerife\/","title":{"rendered":"Excursion \u00e0 terre: visite de la plage priv\u00e9e \u00e0 Tenerife"},"content":{"rendered":"<h2>Description<\/h2>\n<p>Profitez des meilleures plages de Tenerife. Tenerife est une \u00eele magnifique et unique sur les \u00eeles Canaries. C&#8217;est le meilleur tour de plage priv\u00e9e de Tenerife.<\/p>\n<p>Laissez notre chauffeur-guide vous offrir les plages de sable et volcaniques uniques de l&#8217;\u00eele.<\/p>\n<p>Pour cette visite priv\u00e9e, nous organiserons une prise en charge priv\u00e9e et facile pour vous. Cette prise en charge peut se faire depuis n&#8217;importe quel endroit de votre choix \u00e0 Tenerife. Nous pouvons m\u00eame organiser une prise en charge depuis votre croisi\u00e8re. Cela peut \u00eatre une excellente excursion \u00e0 terre pour profiter des plages apr\u00e8s de longues visites de la ville sur vos autres ports d&#8217;escale. Contactez nos experts en voyages. Nous sommes l\u00e0 pour organiser la meilleure exp\u00e9rience possible pour vous.<\/p>\n<p>Apr\u00e8s la prise en charge, nous commencerons cette visite priv\u00e9e de la plage de Tenerife. Nous avons propos\u00e9 une option de 8 heures. Cela peut \u00eatre raccourci ou m\u00eame ajout\u00e9 des heures suppl\u00e9mentaires si vous pr\u00e9f\u00e9rez. C&#8217;est une visite compl\u00e8tement priv\u00e9e.<\/p>\n<h2>Sites d&#8217;int\u00e9r\u00eat et monuments<\/h2>\n<p>Tout d&#8217;abord, notre chauffeur-guide viendra vous chercher \u00e0 l&#8217;endroit souhait\u00e9 \u00e0 Tenerife. Nous commencerons ensuite votre visite de la plage. Cette visite de la plage peut inclure autant d&#8217;endroits que vous le souhaitez.<\/p>\n<p>Si vous souhaitez passer du temps \u00e0 la plage, nous pouvons r\u00e9duire la liste \u00e0 2-3 endroits diff\u00e9rents. Avec cette option, vous pouvez profiter des plages au maximum, nager dans l&#8217;oc\u00e9an et vous allonger au soleil.<\/p>\n<p>Si votre id\u00e9e est plus de conna\u00eetre autant de plages diff\u00e9rentes que possible en une journ\u00e9e, nous pouvons le faire bien s\u00fbr. Nous sommes l\u00e0 pour rendre l&#8217;exp\u00e9rience m\u00e9morable pour vous!<\/p>\n<p>Profitez de ces superbes emplacements de plage;<\/p>\n<ul>\n<li>C\u00f4te Adeje<\/li>\n<li>Puerto de la Cruz<\/li>\n<li>Playa de las Am\u00e9ricas<\/li>\n<li>Los Cristianos<\/li>\n<li>El M\u00e9dano<\/li>\n<li>La Playa de San Juan<\/li>\n<li>Playa el Duque<\/li>\n<li>La Playa de los gigantes<\/li>\n<li>Playa de Masca<\/li>\n<\/ul>\n<p>En fonction du temps que vous souhaitez passer sur chacune des plages, vous pourrez voir plus ou moins de plages.<br \/>\nSi vous le souhaitez, nous pouvons \u00e9galement vous fournir un guide priv\u00e9 officiel pour toute la visite.<\/p>\n<p>Vous aurez du temps libre pour d\u00e9jeuner dans un endroit agr\u00e9able. Apr\u00e8s la visite, notre chauffeur-guide vous ram\u00e8nera \u00e0 l&#8217;endroit souhait\u00e9 \u00e0 Tenerife.<\/p>\n<p>Ne manquez pas nos visites historiques et priv\u00e9es de Tenerife.<\/p>\n","protected":false},"excerpt":{"rendered":"<p>Profitez de cette excursion priv\u00e9e d&#8217;une journ\u00e9e enti\u00e8rement personnalis\u00e9e pour d\u00e9couvrir les meilleures plages de Tenerife. Profitez de la d\u00e9couverte de ses plus belles plages. Profitez de cette occasion pour d\u00e9couvrir Tenerife dans cette exp\u00e9rience avec votre propre v\u00e9hicule de luxe priv\u00e9 avec chauffeur en anglais. Nous pouvons organiser la prise en charge depuis n&#8217;importe quel h\u00f4tel de Tenerife ou depuis le port de croisi\u00e8re.<\/p>\n","protected":false},"featured_media":95411,"comment_status":"open","ping_status":"closed","template":"","meta":{"_acf_changed":false},"product_brand":[],"product_cat":[3581],"product_tag":[],"class_list":{"0":"post-99413","1":"product","2":"type-product","3":"status-publish","4":"has-post-thumbnail","6":"product_cat-tenerife-fr","8":"first","9":"instock","10":"shipping-taxable","11":"purchasable","12":"product-type-simple"},"acf":[],"yoast_head":"<!-- This site is optimized with the Yoast SEO Premium plugin v25.3.1 (Yoast SEO v25.3.1) - https:\/\/yoast.com\/wordpress\/plugins\/seo\/ -->\n<title>Private Beach Tour Tenerife - Shore Excursion - Chauffeur-guide priv\u00e9<\/title>\n<meta name=\"description\" content=\"Visite de la plage priv\u00e9e enti\u00e8rement personnalis\u00e9e \u00e0 Tenerife. V\u00e9hicule priv\u00e9 avec chauffeur-guide. Prise en charge depuis n&#039;importe quel endroit de l&#039;\u00eele de Tenerife.\" \/>\n<meta name=\"robots\" content=\"index, follow, max-snippet:-1, max-image-preview:large, max-video-preview:-1\" \/>\n<link rel=\"canonical\" href=\"https:\/\/tourtravelandmore.com\/fr\/tours\/espagne-fr\/tenerife-fr\/excursion-a-terre-visite-de-la-plage-privee-a-tenerife\/\" \/>\n<meta property=\"og:locale\" content=\"fr_FR\" \/>\n<meta property=\"og:type\" content=\"article\" \/>\n<meta property=\"og:title\" content=\"Excursion \u00e0 terre: visite de la plage priv\u00e9e \u00e0 Tenerife\" \/>\n<meta property=\"og:description\" content=\"Visite de la plage priv\u00e9e enti\u00e8rement personnalis\u00e9e \u00e0 Tenerife. V\u00e9hicule priv\u00e9 avec chauffeur-guide. Prise en charge depuis n&#039;importe quel endroit de l&#039;\u00eele de Tenerife.\" \/>\n<meta property=\"og:url\" content=\"https:\/\/tourtravelandmore.com\/fr\/tours\/espagne-fr\/tenerife-fr\/excursion-a-terre-visite-de-la-plage-privee-a-tenerife\/\" \/>\n<meta property=\"og:site_name\" content=\"Tour Travel And More\" \/>\n<meta property=\"article:publisher\" content=\"https:\/\/www.facebook.com\/tourtravelandmore\/\" \/>\n<meta property=\"article:modified_time\" content=\"2021-02-18T10:07:59+00:00\" \/>\n<meta property=\"og:image\" content=\"https:\/\/tourtravelandmore.com\/wp-content\/uploads\/2019\/01\/Tenerife-lead-xlarge.jpg\" \/>\n\t<meta property=\"og:image:width\" content=\"1280\" \/>\n\t<meta property=\"og:image:height\" content=\"800\" \/>\n\t<meta property=\"og:image:type\" content=\"image\/jpeg\" \/>\n<meta name=\"twitter:card\" content=\"summary_large_image\" \/>\n<meta name=\"twitter:site\" content=\"@TourTravel_More\" \/>\n<meta name=\"twitter:label1\" content=\"Dur\u00e9e de lecture estim\u00e9e\" \/>\n\t<meta name=\"twitter:data1\" content=\"2 minutes\" \/>\n<script type=\"application\/ld+json\" class=\"yoast-schema-graph\">{\"@context\":\"https:\/\/schema.org\",\"@graph\":[{\"@type\":\"WebPage\",\"@id\":\"https:\/\/tourtravelandmore.com\/fr\/tours\/espagne-fr\/tenerife-fr\/excursion-a-terre-visite-de-la-plage-privee-a-tenerife\/\",\"url\":\"https:\/\/tourtravelandmore.com\/fr\/tours\/espagne-fr\/tenerife-fr\/excursion-a-terre-visite-de-la-plage-privee-a-tenerife\/\",\"name\":\"Private Beach Tour Tenerife - Shore Excursion - Chauffeur-guide priv\u00e9\",\"isPartOf\":{\"@id\":\"https:\/\/tourtravelandmore.com\/fr\/#website\"},\"primaryImageOfPage\":{\"@id\":\"https:\/\/tourtravelandmore.com\/fr\/tours\/espagne-fr\/tenerife-fr\/excursion-a-terre-visite-de-la-plage-privee-a-tenerife\/#primaryimage\"},\"image\":{\"@id\":\"https:\/\/tourtravelandmore.com\/fr\/tours\/espagne-fr\/tenerife-fr\/excursion-a-terre-visite-de-la-plage-privee-a-tenerife\/#primaryimage\"},\"thumbnailUrl\":\"https:\/\/tourtravelandmore.com\/wp-content\/uploads\/2019\/01\/Tenerife-lead-xlarge.jpg\",\"datePublished\":\"2019-01-07T10:35:50+00:00\",\"dateModified\":\"2021-02-18T10:07:59+00:00\",\"description\":\"Visite de la plage priv\u00e9e enti\u00e8rement personnalis\u00e9e \u00e0 Tenerife. V\u00e9hicule priv\u00e9 avec chauffeur-guide. Prise en charge depuis n'importe quel endroit de l'\u00eele de Tenerife.\",\"breadcrumb\":{\"@id\":\"https:\/\/tourtravelandmore.com\/fr\/tours\/espagne-fr\/tenerife-fr\/excursion-a-terre-visite-de-la-plage-privee-a-tenerife\/#breadcrumb\"},\"inLanguage\":\"fr-FR\",\"potentialAction\":[{\"@type\":\"ReadAction\",\"target\":[\"https:\/\/tourtravelandmore.com\/fr\/tours\/espagne-fr\/tenerife-fr\/excursion-a-terre-visite-de-la-plage-privee-a-tenerife\/\"]}]},{\"@type\":\"ImageObject\",\"inLanguage\":\"fr-FR\",\"@id\":\"https:\/\/tourtravelandmore.com\/fr\/tours\/espagne-fr\/tenerife-fr\/excursion-a-terre-visite-de-la-plage-privee-a-tenerife\/#primaryimage\",\"url\":\"https:\/\/tourtravelandmore.com\/wp-content\/uploads\/2019\/01\/Tenerife-lead-xlarge.jpg\",\"contentUrl\":\"https:\/\/tourtravelandmore.com\/wp-content\/uploads\/2019\/01\/Tenerife-lead-xlarge.jpg\",\"width\":1280,\"height\":800},{\"@type\":\"BreadcrumbList\",\"@id\":\"https:\/\/tourtravelandmore.com\/fr\/tours\/espagne-fr\/tenerife-fr\/excursion-a-terre-visite-de-la-plage-privee-a-tenerife\/#breadcrumb\",\"itemListElement\":[{\"@type\":\"ListItem\",\"position\":1,\"name\":\"Home\",\"item\":\"https:\/\/tourtravelandmore.com\/fr\/\"},{\"@type\":\"ListItem\",\"position\":2,\"name\":\"Tours\",\"item\":\"https:\/\/tourtravelandmore.com\/fr\/tours\/\"},{\"@type\":\"ListItem\",\"position\":3,\"name\":\"Excursion \u00e0 terre: visite de la plage priv\u00e9e \u00e0 Tenerife\"}]},{\"@type\":\"WebSite\",\"@id\":\"https:\/\/tourtravelandmore.com\/fr\/#website\",\"url\":\"https:\/\/tourtravelandmore.com\/fr\/\",\"name\":\"Tour Travel And More\",\"description\":\"Private sightseeing tours and luxury transfers in Spain\",\"publisher\":{\"@id\":\"https:\/\/tourtravelandmore.com\/fr\/#organization\"},\"potentialAction\":[{\"@type\":\"SearchAction\",\"target\":{\"@type\":\"EntryPoint\",\"urlTemplate\":\"https:\/\/tourtravelandmore.com\/fr\/?s={search_term_string}\"},\"query-input\":{\"@type\":\"PropertyValueSpecification\",\"valueRequired\":true,\"valueName\":\"search_term_string\"}}],\"inLanguage\":\"fr-FR\"},{\"@type\":\"Organization\",\"@id\":\"https:\/\/tourtravelandmore.com\/fr\/#organization\",\"name\":\"Tour Travel And More\",\"url\":\"https:\/\/tourtravelandmore.com\/fr\/\",\"logo\":{\"@type\":\"ImageObject\",\"inLanguage\":\"fr-FR\",\"@id\":\"https:\/\/tourtravelandmore.com\/fr\/#\/schema\/logo\/image\/\",\"url\":\"https:\/\/tourtravelandmore.com\/wp-content\/uploads\/2022\/12\/cropped-logo-cabecera-new.png\",\"contentUrl\":\"https:\/\/tourtravelandmore.com\/wp-content\/uploads\/2022\/12\/cropped-logo-cabecera-new.png\",\"width\":430,\"height\":61,\"caption\":\"Tour Travel And More\"},\"image\":{\"@id\":\"https:\/\/tourtravelandmore.com\/fr\/#\/schema\/logo\/image\/\"},\"sameAs\":[\"https:\/\/www.facebook.com\/tourtravelandmore\/\",\"https:\/\/x.com\/TourTravel_More\"]}]}<\/script>\n<!-- \/ Yoast SEO Premium plugin. -->","yoast_head_json":{"title":"Private Beach Tour Tenerife - Shore Excursion - Chauffeur-guide priv\u00e9","description":"Visite de la plage priv\u00e9e enti\u00e8rement personnalis\u00e9e \u00e0 Tenerife. V\u00e9hicule priv\u00e9 avec chauffeur-guide. Prise en charge depuis n'importe quel endroit de l'\u00eele de Tenerife.","robots":{"index":"index","follow":"follow","max-snippet":"max-snippet:-1","max-image-preview":"max-image-preview:large","max-video-preview":"max-video-preview:-1"},"canonical":"https:\/\/tourtravelandmore.com\/fr\/tours\/espagne-fr\/tenerife-fr\/excursion-a-terre-visite-de-la-plage-privee-a-tenerife\/","og_locale":"fr_FR","og_type":"article","og_title":"Excursion \u00e0 terre: visite de la plage priv\u00e9e \u00e0 Tenerife","og_description":"Visite de la plage priv\u00e9e enti\u00e8rement personnalis\u00e9e \u00e0 Tenerife. V\u00e9hicule priv\u00e9 avec chauffeur-guide. Prise en charge depuis n'importe quel endroit de l'\u00eele de Tenerife.","og_url":"https:\/\/tourtravelandmore.com\/fr\/tours\/espagne-fr\/tenerife-fr\/excursion-a-terre-visite-de-la-plage-privee-a-tenerife\/","og_site_name":"Tour Travel And More","article_publisher":"https:\/\/www.facebook.com\/tourtravelandmore\/","article_modified_time":"2021-02-18T10:07:59+00:00","og_image":[{"width":1280,"height":800,"url":"https:\/\/tourtravelandmore.com\/wp-content\/uploads\/2019\/01\/Tenerife-lead-xlarge.jpg","type":"image\/jpeg"}],"twitter_card":"summary_large_image","twitter_site":"@TourTravel_More","twitter_misc":{"Dur\u00e9e de lecture estim\u00e9e":"2 minutes"},"schema":{"@context":"https:\/\/schema.org","@graph":[{"@type":"WebPage","@id":"https:\/\/tourtravelandmore.com\/fr\/tours\/espagne-fr\/tenerife-fr\/excursion-a-terre-visite-de-la-plage-privee-a-tenerife\/","url":"https:\/\/tourtravelandmore.com\/fr\/tours\/espagne-fr\/tenerife-fr\/excursion-a-terre-visite-de-la-plage-privee-a-tenerife\/","name":"Private Beach Tour Tenerife - Shore Excursion - Chauffeur-guide priv\u00e9","isPartOf":{"@id":"https:\/\/tourtravelandmore.com\/fr\/#website"},"primaryImageOfPage":{"@id":"https:\/\/tourtravelandmore.com\/fr\/tours\/espagne-fr\/tenerife-fr\/excursion-a-terre-visite-de-la-plage-privee-a-tenerife\/#primaryimage"},"image":{"@id":"https:\/\/tourtravelandmore.com\/fr\/tours\/espagne-fr\/tenerife-fr\/excursion-a-terre-visite-de-la-plage-privee-a-tenerife\/#primaryimage"},"thumbnailUrl":"https:\/\/tourtravelandmore.com\/wp-content\/uploads\/2019\/01\/Tenerife-lead-xlarge.jpg","datePublished":"2019-01-07T10:35:50+00:00","dateModified":"2021-02-18T10:07:59+00:00","description":"Visite de la plage priv\u00e9e enti\u00e8rement personnalis\u00e9e \u00e0 Tenerife. V\u00e9hicule priv\u00e9 avec chauffeur-guide. Prise en charge depuis n'importe quel endroit de l'\u00eele de Tenerife.","breadcrumb":{"@id":"https:\/\/tourtravelandmore.com\/fr\/tours\/espagne-fr\/tenerife-fr\/excursion-a-terre-visite-de-la-plage-privee-a-tenerife\/#breadcrumb"},"inLanguage":"fr-FR","potentialAction":[{"@type":"ReadAction","target":["https:\/\/tourtravelandmore.com\/fr\/tours\/espagne-fr\/tenerife-fr\/excursion-a-terre-visite-de-la-plage-privee-a-tenerife\/"]}]},{"@type":"ImageObject","inLanguage":"fr-FR","@id":"https:\/\/tourtravelandmore.com\/fr\/tours\/espagne-fr\/tenerife-fr\/excursion-a-terre-visite-de-la-plage-privee-a-tenerife\/#primaryimage","url":"https:\/\/tourtravelandmore.com\/wp-content\/uploads\/2019\/01\/Tenerife-lead-xlarge.jpg","contentUrl":"https:\/\/tourtravelandmore.com\/wp-content\/uploads\/2019\/01\/Tenerife-lead-xlarge.jpg","width":1280,"height":800},{"@type":"BreadcrumbList","@id":"https:\/\/tourtravelandmore.com\/fr\/tours\/espagne-fr\/tenerife-fr\/excursion-a-terre-visite-de-la-plage-privee-a-tenerife\/#breadcrumb","itemListElement":[{"@type":"ListItem","position":1,"name":"Home","item":"https:\/\/tourtravelandmore.com\/fr\/"},{"@type":"ListItem","position":2,"name":"Tours","item":"https:\/\/tourtravelandmore.com\/fr\/tours\/"},{"@type":"ListItem","position":3,"name":"Excursion \u00e0 terre: visite de la plage priv\u00e9e \u00e0 Tenerife"}]},{"@type":"WebSite","@id":"https:\/\/tourtravelandmore.com\/fr\/#website","url":"https:\/\/tourtravelandmore.com\/fr\/","name":"Tour Travel And More","description":"Private sightseeing tours and luxury transfers in Spain","publisher":{"@id":"https:\/\/tourtravelandmore.com\/fr\/#organization"},"potentialAction":[{"@type":"SearchAction","target":{"@type":"EntryPoint","urlTemplate":"https:\/\/tourtravelandmore.com\/fr\/?s={search_term_string}"},"query-input":{"@type":"PropertyValueSpecification","valueRequired":true,"valueName":"search_term_string"}}],"inLanguage":"fr-FR"},{"@type":"Organization","@id":"https:\/\/tourtravelandmore.com\/fr\/#organization","name":"Tour Travel And More","url":"https:\/\/tourtravelandmore.com\/fr\/","logo":{"@type":"ImageObject","inLanguage":"fr-FR","@id":"https:\/\/tourtravelandmore.com\/fr\/#\/schema\/logo\/image\/","url":"https:\/\/tourtravelandmore.com\/wp-content\/uploads\/2022\/12\/cropped-logo-cabecera-new.png","contentUrl":"https:\/\/tourtravelandmore.com\/wp-content\/uploads\/2022\/12\/cropped-logo-cabecera-new.png","width":430,"height":61,"caption":"Tour Travel And More"},"image":{"@id":"https:\/\/tourtravelandmore.com\/fr\/#\/schema\/logo\/image\/"},"sameAs":["https:\/\/www.facebook.com\/tourtravelandmore\/","https:\/\/x.com\/TourTravel_More"]}]}},"_links":{"self":[{"href":"https:\/\/tourtravelandmore.com\/fr\/wp-json\/wp\/v2\/product\/99413","targetHints":{"allow":["GET"]}}],"collection":[{"href":"https:\/\/tourtravelandmore.com\/fr\/wp-json\/wp\/v2\/product"}],"about":[{"href":"https:\/\/tourtravelandmore.com\/fr\/wp-json\/wp\/v2\/types\/product"}],"replies":[{"embeddable":true,"href":"https:\/\/tourtravelandmore.com\/fr\/wp-json\/wp\/v2\/comments?post=99413"}],"wp:featuredmedia":[{"embeddable":true,"href":"https:\/\/tourtravelandmore.com\/fr\/wp-json\/wp\/v2\/media\/95411"}],"wp:attachment":[{"href":"https:\/\/tourtravelandmore.com\/fr\/wp-json\/wp\/v2\/media?parent=99413"}],"wp:term":[{"taxonomy":"product_brand","embeddable":true,"href":"https:\/\/tourtravelandmore.com\/fr\/wp-json\/wp\/v2\/product_brand?post=99413"},{"taxonomy":"product_cat","embeddable":true,"href":"https:\/\/tourtravelandmore.com\/fr\/wp-json\/wp\/v2\/product_cat?post=99413"},{"taxonomy":"product_tag","embeddable":true,"href":"https:\/\/tourtravelandmore.com\/fr\/wp-json\/wp\/v2\/product_tag?post=99413"}],"curies":[{"name":"wp","href":"https:\/\/api.w.org\/{rel}","templated":true}]}}