{"id":99396,"date":"2020-12-09T14:08:14","date_gmt":"2020-12-09T13:08:14","guid":{"rendered":"https:\/\/tourtravelandmore.com\/tours\/non class\u00e9\/visite-privee-des-villages-et-points-de-vue-de-lile-dibiza\/"},"modified":"2020-12-09T14:08:14","modified_gmt":"2020-12-09T13:08:14","slug":"visite-privee-des-villages-et-points-de-vue-de-lile-dibiza","status":"publish","type":"product","link":"https:\/\/tourtravelandmore.com\/fr\/tours\/espagne-fr\/ibiza-fr\/visite-privee-des-villages-et-points-de-vue-de-lile-dibiza\/","title":{"rendered":"Visite priv\u00e9e des villages et points de vue de l&#8217;\u00eele d&#8217;Ibiza"},"content":{"rendered":"<h2>Description<\/h2>\n<p>Explorez les plus beaux sites d&#8217;Ibiza \u00e0 c\u00f4t\u00e9 d&#8217;un guide local. Lors de votre visite priv\u00e9e d&#8217;Ibiza, vous visiterez ses principaux villages et points de vue.<\/p>\n<p>Tout d&#8217;abord, votre chauffeur priv\u00e9 et votre guide agr\u00e9\u00e9 viendront vous chercher sur le site de votre choix \u00e0 Ibiza. Il est possible d&#8217;organiser la prise en charge dans votre h\u00e9bergement ou au port de croisi\u00e8re. Apr\u00e8s cela, vous commencerez votre visite personnalis\u00e9e de l&#8217;\u00eele.<\/p>\n<p>Nous vous aiderons \u00e0 vivre une exp\u00e9rience absolument personnalis\u00e9e. Contactez Tour Travel &amp; More pour plus d&#8217;informations et laissez-nous vous aider \u00e0 tirer le meilleur parti de votre s\u00e9jour sur notre \u00eele.<\/p>\n<h2>Sites d&#8217;int\u00e9r\u00eat et monuments<\/h2>\n<p>Ibiza est la troisi\u00e8me plus grande des \u00eeles Bal\u00e9ares. L&#8217;\u00eele est mondialement reconnue pour ses nombreuses options. Ibiza est une destination tr\u00e8s mall\u00e9able, qui convient \u00e0 de nombreuses personnes diff\u00e9rentes. Vous pr\u00e9f\u00e9rerez peut-\u00eatre d\u00e9couvrir la nature de l&#8217;\u00eele, sa culture et ses beaux villages, ou vous voudrez peut-\u00eatre profiter de la vie nocturne anim\u00e9e. Dans tous les cas, nous pouvons vous aider \u00e0 tirer le meilleur parti de votre s\u00e9jour sur l&#8217;\u00eele.<\/p>\n<p>L&#8217;id\u00e9e de cette exp\u00e9rience personnalis\u00e9e est de d\u00e9couvrir les principaux villages, belv\u00e9d\u00e8res et plages de l&#8217;\u00eele \u00e0 c\u00f4t\u00e9 d&#8217;un expert local. Certains des sites que vous pouvez visiter lors de notre visite priv\u00e9e d&#8217;Ibiza sont:<\/p>\n<ul>\n<li>Sant Josep: Ici, vous pouvez trouver certaines des plus belles plages de l&#8217;\u00eele. Ici, vous pouvez \u00e9galement visiter la colonie de Fenice d\u00e9clar\u00e9e par l&#8217;UNESCO comme site du patrimoine mondial, le parc national de Ses Salines ou les tours de d\u00e9fense.<\/li>\n<li>Es Cubells: Ce village local est l&#8217;un des rares endroits de l&#8217;\u00eele o\u00f9 la beaut\u00e9 et la paix des vieux villages subsistent.<\/li>\n<li>Mirador Vedra: Magnifique point de vue<\/li>\n<li>Cala Vedalla: Situ\u00e9e pr\u00e8s du village de San Jos\u00e9, cette plage est l&#8217;une des plus belles d&#8217;Ibiza.<br \/>\nProfitez d&#8217;un arr\u00eat dans la ville d&#8217;Ibiza pour le d\u00e9jeuner<\/li>\n<li>Dalt Vila: Promenez-vous apr\u00e8s le d\u00e9jeuner dans le centre historique d&#8217;Ibiza, site du patrimoine mondial de l&#8217;UNESCO depuis 1999.<\/li>\n<li>Cala D\u2019hort: C\u2019est le coucher de soleil le plus c\u00e9l\u00e8bre d\u2019Ibiza. Nous nous assurerons que vous appr\u00e9cierez ce param\u00e8tre avant de mettre fin \u00e0 votre exp\u00e9rience priv\u00e9e.<\/li>\n<\/ul>\n<p>Si vous souhaitez visiter des endroits sp\u00e9cifiques, veuillez nous en informer et nous organiserons tout pour vous. Nos exp\u00e9riences sont priv\u00e9es et enti\u00e8rement personnalis\u00e9es selon les d\u00e9sirs de nos clients.<\/p>\n<p>Enfin, votre chauffeur priv\u00e9 vous ram\u00e8nera \u00e0 l&#8217;endroit souhait\u00e9 sur l&#8217;\u00eele.<\/p>\n<p>Si vous souhaitez passer une journ\u00e9e \u00e0 la mer, consultez notre disposition en bateau priv\u00e9 d&#8217;Ibiza, l&#8217;une de nos exp\u00e9riences les plus vendues \u00e0 Ibiza.<\/p>\n","protected":false},"excerpt":{"rendered":"<p>Explorez les plus beaux villages, plages et points de vue d&#8217;Ibiza \u00e0 c\u00f4t\u00e9 d&#8217;un expert local avec notre visite priv\u00e9e d&#8217;Ibiza<\/p>\n","protected":false},"featured_media":89191,"comment_status":"open","ping_status":"closed","template":"","meta":{"_acf_changed":false},"product_brand":[],"product_cat":[3541,3579],"product_tag":[],"class_list":{"0":"post-99396","1":"product","2":"type-product","3":"status-publish","4":"has-post-thumbnail","6":"product_cat-espagne-fr","7":"product_cat-ibiza-fr","9":"first","10":"instock","11":"shipping-taxable","12":"purchasable","13":"product-type-simple"},"acf":[],"yoast_head":"<!-- This site is optimized with the Yoast SEO Premium plugin v25.3.1 (Yoast SEO v25.3.1) - https:\/\/yoast.com\/wordpress\/plugins\/seo\/ -->\n<title>Visite priv\u00e9e d&#039;Ibiza avec un guide local et un chauffeur professionnel<\/title>\n<meta name=\"description\" content=\"Explorez les plus beaux villages, plages et points de vue d&#039;Ibiza \u00e0 c\u00f4t\u00e9 d&#039;un expert local avec notre visite priv\u00e9e d&#039;Ibiza\" \/>\n<meta name=\"robots\" content=\"index, follow, max-snippet:-1, max-image-preview:large, max-video-preview:-1\" \/>\n<link rel=\"canonical\" href=\"https:\/\/tourtravelandmore.com\/fr\/tours\/espagne-fr\/ibiza-fr\/visite-privee-des-villages-et-points-de-vue-de-lile-dibiza\/\" \/>\n<meta property=\"og:locale\" content=\"fr_FR\" \/>\n<meta property=\"og:type\" content=\"article\" \/>\n<meta property=\"og:title\" content=\"Visite priv\u00e9e des villages et points de vue de l&#039;\u00eele d&#039;Ibiza\" \/>\n<meta property=\"og:description\" content=\"Explorez les plus beaux villages, plages et points de vue d&#039;Ibiza \u00e0 c\u00f4t\u00e9 d&#039;un expert local avec notre visite priv\u00e9e d&#039;Ibiza\" \/>\n<meta property=\"og:url\" content=\"https:\/\/tourtravelandmore.com\/fr\/tours\/espagne-fr\/ibiza-fr\/visite-privee-des-villages-et-points-de-vue-de-lile-dibiza\/\" \/>\n<meta property=\"og:site_name\" content=\"Tour Travel And More\" \/>\n<meta property=\"article:publisher\" content=\"https:\/\/www.facebook.com\/tourtravelandmore\/\" \/>\n<meta property=\"og:image\" content=\"https:\/\/tourtravelandmore.com\/wp-content\/uploads\/2020\/12\/Ibiza-sunset.jpeg\" \/>\n\t<meta property=\"og:image:width\" content=\"1349\" \/>\n\t<meta property=\"og:image:height\" content=\"901\" \/>\n\t<meta property=\"og:image:type\" content=\"image\/jpeg\" \/>\n<meta name=\"twitter:card\" content=\"summary_large_image\" \/>\n<meta name=\"twitter:site\" content=\"@TourTravel_More\" \/>\n<meta name=\"twitter:label1\" content=\"Dur\u00e9e de lecture estim\u00e9e\" \/>\n\t<meta name=\"twitter:data1\" content=\"2 minutes\" \/>\n<script type=\"application\/ld+json\" class=\"yoast-schema-graph\">{\"@context\":\"https:\/\/schema.org\",\"@graph\":[{\"@type\":\"WebPage\",\"@id\":\"https:\/\/tourtravelandmore.com\/fr\/tours\/espagne-fr\/ibiza-fr\/visite-privee-des-villages-et-points-de-vue-de-lile-dibiza\/\",\"url\":\"https:\/\/tourtravelandmore.com\/fr\/tours\/espagne-fr\/ibiza-fr\/visite-privee-des-villages-et-points-de-vue-de-lile-dibiza\/\",\"name\":\"Visite priv\u00e9e d'Ibiza avec un guide local et un chauffeur professionnel\",\"isPartOf\":{\"@id\":\"https:\/\/tourtravelandmore.com\/fr\/#website\"},\"primaryImageOfPage\":{\"@id\":\"https:\/\/tourtravelandmore.com\/fr\/tours\/espagne-fr\/ibiza-fr\/visite-privee-des-villages-et-points-de-vue-de-lile-dibiza\/#primaryimage\"},\"image\":{\"@id\":\"https:\/\/tourtravelandmore.com\/fr\/tours\/espagne-fr\/ibiza-fr\/visite-privee-des-villages-et-points-de-vue-de-lile-dibiza\/#primaryimage\"},\"thumbnailUrl\":\"https:\/\/tourtravelandmore.com\/wp-content\/uploads\/2020\/12\/Ibiza-sunset.jpeg\",\"datePublished\":\"2020-12-09T13:08:14+00:00\",\"description\":\"Explorez les plus beaux villages, plages et points de vue d'Ibiza \u00e0 c\u00f4t\u00e9 d'un expert local avec notre visite priv\u00e9e d'Ibiza\",\"breadcrumb\":{\"@id\":\"https:\/\/tourtravelandmore.com\/fr\/tours\/espagne-fr\/ibiza-fr\/visite-privee-des-villages-et-points-de-vue-de-lile-dibiza\/#breadcrumb\"},\"inLanguage\":\"fr-FR\",\"potentialAction\":[{\"@type\":\"ReadAction\",\"target\":[\"https:\/\/tourtravelandmore.com\/fr\/tours\/espagne-fr\/ibiza-fr\/visite-privee-des-villages-et-points-de-vue-de-lile-dibiza\/\"]}]},{\"@type\":\"ImageObject\",\"inLanguage\":\"fr-FR\",\"@id\":\"https:\/\/tourtravelandmore.com\/fr\/tours\/espagne-fr\/ibiza-fr\/visite-privee-des-villages-et-points-de-vue-de-lile-dibiza\/#primaryimage\",\"url\":\"https:\/\/tourtravelandmore.com\/wp-content\/uploads\/2020\/12\/Ibiza-sunset.jpeg\",\"contentUrl\":\"https:\/\/tourtravelandmore.com\/wp-content\/uploads\/2020\/12\/Ibiza-sunset.jpeg\",\"width\":1349,\"height\":901,\"caption\":\"ibiza sunset\"},{\"@type\":\"BreadcrumbList\",\"@id\":\"https:\/\/tourtravelandmore.com\/fr\/tours\/espagne-fr\/ibiza-fr\/visite-privee-des-villages-et-points-de-vue-de-lile-dibiza\/#breadcrumb\",\"itemListElement\":[{\"@type\":\"ListItem\",\"position\":1,\"name\":\"Home\",\"item\":\"https:\/\/tourtravelandmore.com\/fr\/\"},{\"@type\":\"ListItem\",\"position\":2,\"name\":\"Tours\",\"item\":\"https:\/\/tourtravelandmore.com\/fr\/tours\/\"},{\"@type\":\"ListItem\",\"position\":3,\"name\":\"Visite priv\u00e9e des villages et points de vue de l&rsquo;\u00eele d&rsquo;Ibiza\"}]},{\"@type\":\"WebSite\",\"@id\":\"https:\/\/tourtravelandmore.com\/fr\/#website\",\"url\":\"https:\/\/tourtravelandmore.com\/fr\/\",\"name\":\"Tour Travel And More\",\"description\":\"Private sightseeing tours and luxury transfers in Spain\",\"publisher\":{\"@id\":\"https:\/\/tourtravelandmore.com\/fr\/#organization\"},\"potentialAction\":[{\"@type\":\"SearchAction\",\"target\":{\"@type\":\"EntryPoint\",\"urlTemplate\":\"https:\/\/tourtravelandmore.com\/fr\/?s={search_term_string}\"},\"query-input\":{\"@type\":\"PropertyValueSpecification\",\"valueRequired\":true,\"valueName\":\"search_term_string\"}}],\"inLanguage\":\"fr-FR\"},{\"@type\":\"Organization\",\"@id\":\"https:\/\/tourtravelandmore.com\/fr\/#organization\",\"name\":\"Tour Travel And More\",\"url\":\"https:\/\/tourtravelandmore.com\/fr\/\",\"logo\":{\"@type\":\"ImageObject\",\"inLanguage\":\"fr-FR\",\"@id\":\"https:\/\/tourtravelandmore.com\/fr\/#\/schema\/logo\/image\/\",\"url\":\"https:\/\/tourtravelandmore.com\/wp-content\/uploads\/2022\/12\/cropped-logo-cabecera-new.png\",\"contentUrl\":\"https:\/\/tourtravelandmore.com\/wp-content\/uploads\/2022\/12\/cropped-logo-cabecera-new.png\",\"width\":430,\"height\":61,\"caption\":\"Tour Travel And More\"},\"image\":{\"@id\":\"https:\/\/tourtravelandmore.com\/fr\/#\/schema\/logo\/image\/\"},\"sameAs\":[\"https:\/\/www.facebook.com\/tourtravelandmore\/\",\"https:\/\/x.com\/TourTravel_More\"]}]}<\/script>\n<!-- \/ Yoast SEO Premium plugin. -->","yoast_head_json":{"title":"Visite priv\u00e9e d'Ibiza avec un guide local et un chauffeur professionnel","description":"Explorez les plus beaux villages, plages et points de vue d'Ibiza \u00e0 c\u00f4t\u00e9 d'un expert local avec notre visite priv\u00e9e d'Ibiza","robots":{"index":"index","follow":"follow","max-snippet":"max-snippet:-1","max-image-preview":"max-image-preview:large","max-video-preview":"max-video-preview:-1"},"canonical":"https:\/\/tourtravelandmore.com\/fr\/tours\/espagne-fr\/ibiza-fr\/visite-privee-des-villages-et-points-de-vue-de-lile-dibiza\/","og_locale":"fr_FR","og_type":"article","og_title":"Visite priv\u00e9e des villages et points de vue de l'\u00eele d'Ibiza","og_description":"Explorez les plus beaux villages, plages et points de vue d'Ibiza \u00e0 c\u00f4t\u00e9 d'un expert local avec notre visite priv\u00e9e d'Ibiza","og_url":"https:\/\/tourtravelandmore.com\/fr\/tours\/espagne-fr\/ibiza-fr\/visite-privee-des-villages-et-points-de-vue-de-lile-dibiza\/","og_site_name":"Tour Travel And More","article_publisher":"https:\/\/www.facebook.com\/tourtravelandmore\/","og_image":[{"width":1349,"height":901,"url":"https:\/\/tourtravelandmore.com\/wp-content\/uploads\/2020\/12\/Ibiza-sunset.jpeg","type":"image\/jpeg"}],"twitter_card":"summary_large_image","twitter_site":"@TourTravel_More","twitter_misc":{"Dur\u00e9e de lecture estim\u00e9e":"2 minutes"},"schema":{"@context":"https:\/\/schema.org","@graph":[{"@type":"WebPage","@id":"https:\/\/tourtravelandmore.com\/fr\/tours\/espagne-fr\/ibiza-fr\/visite-privee-des-villages-et-points-de-vue-de-lile-dibiza\/","url":"https:\/\/tourtravelandmore.com\/fr\/tours\/espagne-fr\/ibiza-fr\/visite-privee-des-villages-et-points-de-vue-de-lile-dibiza\/","name":"Visite priv\u00e9e d'Ibiza avec un guide local et un chauffeur professionnel","isPartOf":{"@id":"https:\/\/tourtravelandmore.com\/fr\/#website"},"primaryImageOfPage":{"@id":"https:\/\/tourtravelandmore.com\/fr\/tours\/espagne-fr\/ibiza-fr\/visite-privee-des-villages-et-points-de-vue-de-lile-dibiza\/#primaryimage"},"image":{"@id":"https:\/\/tourtravelandmore.com\/fr\/tours\/espagne-fr\/ibiza-fr\/visite-privee-des-villages-et-points-de-vue-de-lile-dibiza\/#primaryimage"},"thumbnailUrl":"https:\/\/tourtravelandmore.com\/wp-content\/uploads\/2020\/12\/Ibiza-sunset.jpeg","datePublished":"2020-12-09T13:08:14+00:00","description":"Explorez les plus beaux villages, plages et points de vue d'Ibiza \u00e0 c\u00f4t\u00e9 d'un expert local avec notre visite priv\u00e9e d'Ibiza","breadcrumb":{"@id":"https:\/\/tourtravelandmore.com\/fr\/tours\/espagne-fr\/ibiza-fr\/visite-privee-des-villages-et-points-de-vue-de-lile-dibiza\/#breadcrumb"},"inLanguage":"fr-FR","potentialAction":[{"@type":"ReadAction","target":["https:\/\/tourtravelandmore.com\/fr\/tours\/espagne-fr\/ibiza-fr\/visite-privee-des-villages-et-points-de-vue-de-lile-dibiza\/"]}]},{"@type":"ImageObject","inLanguage":"fr-FR","@id":"https:\/\/tourtravelandmore.com\/fr\/tours\/espagne-fr\/ibiza-fr\/visite-privee-des-villages-et-points-de-vue-de-lile-dibiza\/#primaryimage","url":"https:\/\/tourtravelandmore.com\/wp-content\/uploads\/2020\/12\/Ibiza-sunset.jpeg","contentUrl":"https:\/\/tourtravelandmore.com\/wp-content\/uploads\/2020\/12\/Ibiza-sunset.jpeg","width":1349,"height":901,"caption":"ibiza sunset"},{"@type":"BreadcrumbList","@id":"https:\/\/tourtravelandmore.com\/fr\/tours\/espagne-fr\/ibiza-fr\/visite-privee-des-villages-et-points-de-vue-de-lile-dibiza\/#breadcrumb","itemListElement":[{"@type":"ListItem","position":1,"name":"Home","item":"https:\/\/tourtravelandmore.com\/fr\/"},{"@type":"ListItem","position":2,"name":"Tours","item":"https:\/\/tourtravelandmore.com\/fr\/tours\/"},{"@type":"ListItem","position":3,"name":"Visite priv\u00e9e des villages et points de vue de l&rsquo;\u00eele d&rsquo;Ibiza"}]},{"@type":"WebSite","@id":"https:\/\/tourtravelandmore.com\/fr\/#website","url":"https:\/\/tourtravelandmore.com\/fr\/","name":"Tour Travel And More","description":"Private sightseeing tours and luxury transfers in Spain","publisher":{"@id":"https:\/\/tourtravelandmore.com\/fr\/#organization"},"potentialAction":[{"@type":"SearchAction","target":{"@type":"EntryPoint","urlTemplate":"https:\/\/tourtravelandmore.com\/fr\/?s={search_term_string}"},"query-input":{"@type":"PropertyValueSpecification","valueRequired":true,"valueName":"search_term_string"}}],"inLanguage":"fr-FR"},{"@type":"Organization","@id":"https:\/\/tourtravelandmore.com\/fr\/#organization","name":"Tour Travel And More","url":"https:\/\/tourtravelandmore.com\/fr\/","logo":{"@type":"ImageObject","inLanguage":"fr-FR","@id":"https:\/\/tourtravelandmore.com\/fr\/#\/schema\/logo\/image\/","url":"https:\/\/tourtravelandmore.com\/wp-content\/uploads\/2022\/12\/cropped-logo-cabecera-new.png","contentUrl":"https:\/\/tourtravelandmore.com\/wp-content\/uploads\/2022\/12\/cropped-logo-cabecera-new.png","width":430,"height":61,"caption":"Tour Travel And More"},"image":{"@id":"https:\/\/tourtravelandmore.com\/fr\/#\/schema\/logo\/image\/"},"sameAs":["https:\/\/www.facebook.com\/tourtravelandmore\/","https:\/\/x.com\/TourTravel_More"]}]}},"_links":{"self":[{"href":"https:\/\/tourtravelandmore.com\/fr\/wp-json\/wp\/v2\/product\/99396","targetHints":{"allow":["GET"]}}],"collection":[{"href":"https:\/\/tourtravelandmore.com\/fr\/wp-json\/wp\/v2\/product"}],"about":[{"href":"https:\/\/tourtravelandmore.com\/fr\/wp-json\/wp\/v2\/types\/product"}],"replies":[{"embeddable":true,"href":"https:\/\/tourtravelandmore.com\/fr\/wp-json\/wp\/v2\/comments?post=99396"}],"wp:featuredmedia":[{"embeddable":true,"href":"https:\/\/tourtravelandmore.com\/fr\/wp-json\/wp\/v2\/media\/89191"}],"wp:attachment":[{"href":"https:\/\/tourtravelandmore.com\/fr\/wp-json\/wp\/v2\/media?parent=99396"}],"wp:term":[{"taxonomy":"product_brand","embeddable":true,"href":"https:\/\/tourtravelandmore.com\/fr\/wp-json\/wp\/v2\/product_brand?post=99396"},{"taxonomy":"product_cat","embeddable":true,"href":"https:\/\/tourtravelandmore.com\/fr\/wp-json\/wp\/v2\/product_cat?post=99396"},{"taxonomy":"product_tag","embeddable":true,"href":"https:\/\/tourtravelandmore.com\/fr\/wp-json\/wp\/v2\/product_tag?post=99396"}],"curies":[{"name":"wp","href":"https:\/\/api.w.org\/{rel}","templated":true}]}}