{"id":99390,"date":"2020-12-09T11:44:44","date_gmt":"2020-12-09T10:44:44","guid":{"rendered":"https:\/\/tourtravelandmore.com\/tours\/non class\u00e9\/visite-privee-de-formentera-au-depart-dibiza\/"},"modified":"2020-12-09T11:44:44","modified_gmt":"2020-12-09T10:44:44","slug":"visite-privee-de-formentera-au-depart-dibiza","status":"publish","type":"product","link":"https:\/\/tourtravelandmore.com\/fr\/tours\/espagne-fr\/ibiza-fr\/visite-privee-de-formentera-au-depart-dibiza\/","title":{"rendered":"Visite priv\u00e9e de Formentera au d\u00e9part d&#8217;Ibiza"},"content":{"rendered":"<h2>Description<\/h2>\n<p>Rejoignez-nous pour cette visite priv\u00e9e de Formentera au d\u00e9part d&#8217;Ibiza et courez la chance de visiter une autre destination incroyable des \u00eeles Bal\u00e9ares. Vous serez accompagn\u00e9 d&#8217;un guide officiel priv\u00e9 pendant toute l&#8217;excursion.<\/p>\n<p>Cette visite priv\u00e9e commencera dans le port d&#8217;Ibiza o\u00f9 vous rencontrerez votre guide priv\u00e9. En cas de besoin, nous pouvons \u00e9galement organiser un transfert priv\u00e9 de votre h\u00f4tel ou lieu de votre choix au port. Une fois \u00e0 Formentera, vous aurez un v\u00e9hicule de luxe priv\u00e9 avec chauffeur disponible pour une visite de 6\/7 heures.<\/p>\n<p>Formentera c&#8217;est l&#8217;une des plus petites \u00eeles des \u00eeles Bal\u00e9ares, dans la mer M\u00e9diterran\u00e9e. Il est c\u00e9l\u00e8bre pour ses eaux transparentes et ses plages infinies avec des dunes et des pins. Cette \u00eele offre la combinaison parfaite entre le soleil, les plages, la d\u00e9tente et le plaisir.<\/p>\n<p>Profitez au maximum de vos journ\u00e9es \u00e0 Ibiza avec notre visite priv\u00e9e de Formentera au d\u00e9part d&#8217;Ibiza. Contactez Tour Travel &amp; More pour plus d&#8217;informations et comment personnaliser votre propre exp\u00e9rience.<\/p>\n<h2>Sites d&#8217;int\u00e9r\u00eat et monuments<\/h2>\n<p>Apr\u00e8s avoir rencontr\u00e9 votre guide officiel priv\u00e9 dans le port d&#8217;Ibiza, vous prendrez le ferry rapide jusqu&#8217;\u00e0 Formentera. Le trajet dure environ 30 minutes et le m\u00eame retour. Les billets de ferry sont inclus dans le prix de la visite. Si vous pr\u00e9f\u00e9rez, nous pouvons \u00e9galement organiser un transfert en bateau priv\u00e9 juste pour vous et votre groupe.<\/p>\n<p>Une fois que vos pieds sont sur le sol de Formentera, votre chauffeur priv\u00e9 et votre guide officiel vous emm\u00e8neront explorer cette \u00eele merveilleuse.<\/p>\n<p>Lors de cette visite priv\u00e9e, vous pourrez visiter:<\/p>\n<ul>\n<li>San Francisco Javier ou le belv\u00e9d\u00e8re: de l\u00e0, vous admirerez les plus belles vues panoramiques de Formentera.<\/li>\n<li>La Mola: ici vous trouverez le phare de Mola qui offre une vue incroyable sur les falaises.<\/li>\n<li>Cala Saona et Ses Illetes: est l&#8217;endroit id\u00e9al pour d\u00e9guster l&#8217;unique &#8220;paella espagnole&#8221;.<\/li>\n<li>Playa de Migjorn<\/li>\n<li>Cal\u00f3 d\u2019Es Mort<\/li>\n<li>La Sabina: ici vous pouvez faire du shopping et acheter des souvenirs de votre voyage \u00e0 Formentera.<\/li>\n<\/ul>\n<p>Si vous souhaitez visiter des endroits sp\u00e9cifiques, veuillez nous en informer et nous organiserons tout pour vous. Notre travail est de faire l&#8217;exp\u00e9rience parfaite de vos vacances !.<\/p>\n<p>Enfin, votre chauffeur priv\u00e9 vous ram\u00e8nera au port de Formentera, afin de prendre le ferry pour Ibiza avec votre guide officiel.<\/p>\n<p>Jetez un \u0153il \u00e0 notre disposition de bateau priv\u00e9 d&#8217;Ibiza, est une autre de nos excursions priv\u00e9es possibles.<\/p>\n","protected":false},"excerpt":{"rendered":"<p>Venez avec nous lors de cette visite priv\u00e9e de Formentera au d\u00e9part d&#8217;Ibiza et admirez vous-m\u00eame les incroyables plages et les vues que cette \u00eele offre. Vous aurez une \u00e9quipe professionnelle disponible pour toute la visite.<\/p>\n","protected":false},"featured_media":89143,"comment_status":"open","ping_status":"closed","template":"","meta":{"_acf_changed":false},"product_brand":[],"product_cat":[3541,3579],"product_tag":[],"class_list":{"0":"post-99390","1":"product","2":"type-product","3":"status-publish","4":"has-post-thumbnail","6":"product_cat-espagne-fr","7":"product_cat-ibiza-fr","9":"first","10":"instock","11":"shipping-taxable","12":"purchasable","13":"product-type-simple"},"acf":[],"yoast_head":"<!-- This site is optimized with the Yoast SEO Premium plugin v25.3.1 (Yoast SEO v25.3.1) - https:\/\/yoast.com\/wordpress\/plugins\/seo\/ -->\n<title>Visite priv\u00e9e de Formentera au d\u00e9part d&#039;Ibiza avec un guide local<\/title>\n<meta name=\"description\" content=\"Aventurez-vous lors de cette visite priv\u00e9e de Formentera au d\u00e9part d&#039;Ibiza et courez la chance de visiter l&#039;\u00eele exclusive de Formentera avec une \u00e9quipe locale.\" \/>\n<meta name=\"robots\" content=\"index, follow, max-snippet:-1, max-image-preview:large, max-video-preview:-1\" \/>\n<link rel=\"canonical\" href=\"https:\/\/tourtravelandmore.com\/fr\/tours\/espagne-fr\/ibiza-fr\/visite-privee-de-formentera-au-depart-dibiza\/\" \/>\n<meta property=\"og:locale\" content=\"fr_FR\" \/>\n<meta property=\"og:type\" content=\"article\" \/>\n<meta property=\"og:title\" content=\"Visite priv\u00e9e de Formentera au d\u00e9part d&#039;Ibiza\" \/>\n<meta property=\"og:description\" content=\"Aventurez-vous lors de cette visite priv\u00e9e de Formentera au d\u00e9part d&#039;Ibiza et courez la chance de visiter l&#039;\u00eele exclusive de Formentera avec une \u00e9quipe locale.\" \/>\n<meta property=\"og:url\" content=\"https:\/\/tourtravelandmore.com\/fr\/tours\/espagne-fr\/ibiza-fr\/visite-privee-de-formentera-au-depart-dibiza\/\" \/>\n<meta property=\"og:site_name\" content=\"Tour Travel And More\" \/>\n<meta property=\"article:publisher\" content=\"https:\/\/www.facebook.com\/tourtravelandmore\/\" \/>\n<meta property=\"og:image\" content=\"https:\/\/tourtravelandmore.com\/wp-content\/uploads\/2020\/12\/formentera-1.3.jpg\" \/>\n\t<meta property=\"og:image:width\" content=\"1300\" \/>\n\t<meta property=\"og:image:height\" content=\"867\" \/>\n\t<meta property=\"og:image:type\" content=\"image\/jpeg\" \/>\n<meta name=\"twitter:card\" content=\"summary_large_image\" \/>\n<meta name=\"twitter:site\" content=\"@TourTravel_More\" \/>\n<meta name=\"twitter:label1\" content=\"Dur\u00e9e de lecture estim\u00e9e\" \/>\n\t<meta name=\"twitter:data1\" content=\"2 minutes\" \/>\n<script type=\"application\/ld+json\" class=\"yoast-schema-graph\">{\"@context\":\"https:\/\/schema.org\",\"@graph\":[{\"@type\":\"WebPage\",\"@id\":\"https:\/\/tourtravelandmore.com\/fr\/tours\/espagne-fr\/ibiza-fr\/visite-privee-de-formentera-au-depart-dibiza\/\",\"url\":\"https:\/\/tourtravelandmore.com\/fr\/tours\/espagne-fr\/ibiza-fr\/visite-privee-de-formentera-au-depart-dibiza\/\",\"name\":\"Visite priv\u00e9e de Formentera au d\u00e9part d'Ibiza avec un guide local\",\"isPartOf\":{\"@id\":\"https:\/\/tourtravelandmore.com\/fr\/#website\"},\"primaryImageOfPage\":{\"@id\":\"https:\/\/tourtravelandmore.com\/fr\/tours\/espagne-fr\/ibiza-fr\/visite-privee-de-formentera-au-depart-dibiza\/#primaryimage\"},\"image\":{\"@id\":\"https:\/\/tourtravelandmore.com\/fr\/tours\/espagne-fr\/ibiza-fr\/visite-privee-de-formentera-au-depart-dibiza\/#primaryimage\"},\"thumbnailUrl\":\"https:\/\/tourtravelandmore.com\/wp-content\/uploads\/2020\/12\/formentera-1.3.jpg\",\"datePublished\":\"2020-12-09T10:44:44+00:00\",\"description\":\"Aventurez-vous lors de cette visite priv\u00e9e de Formentera au d\u00e9part d'Ibiza et courez la chance de visiter l'\u00eele exclusive de Formentera avec une \u00e9quipe locale.\",\"breadcrumb\":{\"@id\":\"https:\/\/tourtravelandmore.com\/fr\/tours\/espagne-fr\/ibiza-fr\/visite-privee-de-formentera-au-depart-dibiza\/#breadcrumb\"},\"inLanguage\":\"fr-FR\",\"potentialAction\":[{\"@type\":\"ReadAction\",\"target\":[\"https:\/\/tourtravelandmore.com\/fr\/tours\/espagne-fr\/ibiza-fr\/visite-privee-de-formentera-au-depart-dibiza\/\"]}]},{\"@type\":\"ImageObject\",\"inLanguage\":\"fr-FR\",\"@id\":\"https:\/\/tourtravelandmore.com\/fr\/tours\/espagne-fr\/ibiza-fr\/visite-privee-de-formentera-au-depart-dibiza\/#primaryimage\",\"url\":\"https:\/\/tourtravelandmore.com\/wp-content\/uploads\/2020\/12\/formentera-1.3.jpg\",\"contentUrl\":\"https:\/\/tourtravelandmore.com\/wp-content\/uploads\/2020\/12\/formentera-1.3.jpg\",\"width\":1300,\"height\":867},{\"@type\":\"BreadcrumbList\",\"@id\":\"https:\/\/tourtravelandmore.com\/fr\/tours\/espagne-fr\/ibiza-fr\/visite-privee-de-formentera-au-depart-dibiza\/#breadcrumb\",\"itemListElement\":[{\"@type\":\"ListItem\",\"position\":1,\"name\":\"Home\",\"item\":\"https:\/\/tourtravelandmore.com\/fr\/\"},{\"@type\":\"ListItem\",\"position\":2,\"name\":\"Tours\",\"item\":\"https:\/\/tourtravelandmore.com\/fr\/tours\/\"},{\"@type\":\"ListItem\",\"position\":3,\"name\":\"Visite priv\u00e9e de Formentera au d\u00e9part d&#8217;Ibiza\"}]},{\"@type\":\"WebSite\",\"@id\":\"https:\/\/tourtravelandmore.com\/fr\/#website\",\"url\":\"https:\/\/tourtravelandmore.com\/fr\/\",\"name\":\"Tour Travel And More\",\"description\":\"Private sightseeing tours and luxury transfers in Spain\",\"publisher\":{\"@id\":\"https:\/\/tourtravelandmore.com\/fr\/#organization\"},\"potentialAction\":[{\"@type\":\"SearchAction\",\"target\":{\"@type\":\"EntryPoint\",\"urlTemplate\":\"https:\/\/tourtravelandmore.com\/fr\/?s={search_term_string}\"},\"query-input\":{\"@type\":\"PropertyValueSpecification\",\"valueRequired\":true,\"valueName\":\"search_term_string\"}}],\"inLanguage\":\"fr-FR\"},{\"@type\":\"Organization\",\"@id\":\"https:\/\/tourtravelandmore.com\/fr\/#organization\",\"name\":\"Tour Travel And More\",\"url\":\"https:\/\/tourtravelandmore.com\/fr\/\",\"logo\":{\"@type\":\"ImageObject\",\"inLanguage\":\"fr-FR\",\"@id\":\"https:\/\/tourtravelandmore.com\/fr\/#\/schema\/logo\/image\/\",\"url\":\"https:\/\/tourtravelandmore.com\/wp-content\/uploads\/2022\/12\/cropped-logo-cabecera-new.png\",\"contentUrl\":\"https:\/\/tourtravelandmore.com\/wp-content\/uploads\/2022\/12\/cropped-logo-cabecera-new.png\",\"width\":430,\"height\":61,\"caption\":\"Tour Travel And More\"},\"image\":{\"@id\":\"https:\/\/tourtravelandmore.com\/fr\/#\/schema\/logo\/image\/\"},\"sameAs\":[\"https:\/\/www.facebook.com\/tourtravelandmore\/\",\"https:\/\/x.com\/TourTravel_More\"]}]}<\/script>\n<!-- \/ Yoast SEO Premium plugin. -->","yoast_head_json":{"title":"Visite priv\u00e9e de Formentera au d\u00e9part d'Ibiza avec un guide local","description":"Aventurez-vous lors de cette visite priv\u00e9e de Formentera au d\u00e9part d'Ibiza et courez la chance de visiter l'\u00eele exclusive de Formentera avec une \u00e9quipe locale.","robots":{"index":"index","follow":"follow","max-snippet":"max-snippet:-1","max-image-preview":"max-image-preview:large","max-video-preview":"max-video-preview:-1"},"canonical":"https:\/\/tourtravelandmore.com\/fr\/tours\/espagne-fr\/ibiza-fr\/visite-privee-de-formentera-au-depart-dibiza\/","og_locale":"fr_FR","og_type":"article","og_title":"Visite priv\u00e9e de Formentera au d\u00e9part d'Ibiza","og_description":"Aventurez-vous lors de cette visite priv\u00e9e de Formentera au d\u00e9part d'Ibiza et courez la chance de visiter l'\u00eele exclusive de Formentera avec une \u00e9quipe locale.","og_url":"https:\/\/tourtravelandmore.com\/fr\/tours\/espagne-fr\/ibiza-fr\/visite-privee-de-formentera-au-depart-dibiza\/","og_site_name":"Tour Travel And More","article_publisher":"https:\/\/www.facebook.com\/tourtravelandmore\/","og_image":[{"width":1300,"height":867,"url":"https:\/\/tourtravelandmore.com\/wp-content\/uploads\/2020\/12\/formentera-1.3.jpg","type":"image\/jpeg"}],"twitter_card":"summary_large_image","twitter_site":"@TourTravel_More","twitter_misc":{"Dur\u00e9e de lecture estim\u00e9e":"2 minutes"},"schema":{"@context":"https:\/\/schema.org","@graph":[{"@type":"WebPage","@id":"https:\/\/tourtravelandmore.com\/fr\/tours\/espagne-fr\/ibiza-fr\/visite-privee-de-formentera-au-depart-dibiza\/","url":"https:\/\/tourtravelandmore.com\/fr\/tours\/espagne-fr\/ibiza-fr\/visite-privee-de-formentera-au-depart-dibiza\/","name":"Visite priv\u00e9e de Formentera au d\u00e9part d'Ibiza avec un guide local","isPartOf":{"@id":"https:\/\/tourtravelandmore.com\/fr\/#website"},"primaryImageOfPage":{"@id":"https:\/\/tourtravelandmore.com\/fr\/tours\/espagne-fr\/ibiza-fr\/visite-privee-de-formentera-au-depart-dibiza\/#primaryimage"},"image":{"@id":"https:\/\/tourtravelandmore.com\/fr\/tours\/espagne-fr\/ibiza-fr\/visite-privee-de-formentera-au-depart-dibiza\/#primaryimage"},"thumbnailUrl":"https:\/\/tourtravelandmore.com\/wp-content\/uploads\/2020\/12\/formentera-1.3.jpg","datePublished":"2020-12-09T10:44:44+00:00","description":"Aventurez-vous lors de cette visite priv\u00e9e de Formentera au d\u00e9part d'Ibiza et courez la chance de visiter l'\u00eele exclusive de Formentera avec une \u00e9quipe locale.","breadcrumb":{"@id":"https:\/\/tourtravelandmore.com\/fr\/tours\/espagne-fr\/ibiza-fr\/visite-privee-de-formentera-au-depart-dibiza\/#breadcrumb"},"inLanguage":"fr-FR","potentialAction":[{"@type":"ReadAction","target":["https:\/\/tourtravelandmore.com\/fr\/tours\/espagne-fr\/ibiza-fr\/visite-privee-de-formentera-au-depart-dibiza\/"]}]},{"@type":"ImageObject","inLanguage":"fr-FR","@id":"https:\/\/tourtravelandmore.com\/fr\/tours\/espagne-fr\/ibiza-fr\/visite-privee-de-formentera-au-depart-dibiza\/#primaryimage","url":"https:\/\/tourtravelandmore.com\/wp-content\/uploads\/2020\/12\/formentera-1.3.jpg","contentUrl":"https:\/\/tourtravelandmore.com\/wp-content\/uploads\/2020\/12\/formentera-1.3.jpg","width":1300,"height":867},{"@type":"BreadcrumbList","@id":"https:\/\/tourtravelandmore.com\/fr\/tours\/espagne-fr\/ibiza-fr\/visite-privee-de-formentera-au-depart-dibiza\/#breadcrumb","itemListElement":[{"@type":"ListItem","position":1,"name":"Home","item":"https:\/\/tourtravelandmore.com\/fr\/"},{"@type":"ListItem","position":2,"name":"Tours","item":"https:\/\/tourtravelandmore.com\/fr\/tours\/"},{"@type":"ListItem","position":3,"name":"Visite priv\u00e9e de Formentera au d\u00e9part d&#8217;Ibiza"}]},{"@type":"WebSite","@id":"https:\/\/tourtravelandmore.com\/fr\/#website","url":"https:\/\/tourtravelandmore.com\/fr\/","name":"Tour Travel And More","description":"Private sightseeing tours and luxury transfers in Spain","publisher":{"@id":"https:\/\/tourtravelandmore.com\/fr\/#organization"},"potentialAction":[{"@type":"SearchAction","target":{"@type":"EntryPoint","urlTemplate":"https:\/\/tourtravelandmore.com\/fr\/?s={search_term_string}"},"query-input":{"@type":"PropertyValueSpecification","valueRequired":true,"valueName":"search_term_string"}}],"inLanguage":"fr-FR"},{"@type":"Organization","@id":"https:\/\/tourtravelandmore.com\/fr\/#organization","name":"Tour Travel And More","url":"https:\/\/tourtravelandmore.com\/fr\/","logo":{"@type":"ImageObject","inLanguage":"fr-FR","@id":"https:\/\/tourtravelandmore.com\/fr\/#\/schema\/logo\/image\/","url":"https:\/\/tourtravelandmore.com\/wp-content\/uploads\/2022\/12\/cropped-logo-cabecera-new.png","contentUrl":"https:\/\/tourtravelandmore.com\/wp-content\/uploads\/2022\/12\/cropped-logo-cabecera-new.png","width":430,"height":61,"caption":"Tour Travel And More"},"image":{"@id":"https:\/\/tourtravelandmore.com\/fr\/#\/schema\/logo\/image\/"},"sameAs":["https:\/\/www.facebook.com\/tourtravelandmore\/","https:\/\/x.com\/TourTravel_More"]}]}},"_links":{"self":[{"href":"https:\/\/tourtravelandmore.com\/fr\/wp-json\/wp\/v2\/product\/99390","targetHints":{"allow":["GET"]}}],"collection":[{"href":"https:\/\/tourtravelandmore.com\/fr\/wp-json\/wp\/v2\/product"}],"about":[{"href":"https:\/\/tourtravelandmore.com\/fr\/wp-json\/wp\/v2\/types\/product"}],"replies":[{"embeddable":true,"href":"https:\/\/tourtravelandmore.com\/fr\/wp-json\/wp\/v2\/comments?post=99390"}],"wp:featuredmedia":[{"embeddable":true,"href":"https:\/\/tourtravelandmore.com\/fr\/wp-json\/wp\/v2\/media\/89143"}],"wp:attachment":[{"href":"https:\/\/tourtravelandmore.com\/fr\/wp-json\/wp\/v2\/media?parent=99390"}],"wp:term":[{"taxonomy":"product_brand","embeddable":true,"href":"https:\/\/tourtravelandmore.com\/fr\/wp-json\/wp\/v2\/product_brand?post=99390"},{"taxonomy":"product_cat","embeddable":true,"href":"https:\/\/tourtravelandmore.com\/fr\/wp-json\/wp\/v2\/product_cat?post=99390"},{"taxonomy":"product_tag","embeddable":true,"href":"https:\/\/tourtravelandmore.com\/fr\/wp-json\/wp\/v2\/product_tag?post=99390"}],"curies":[{"name":"wp","href":"https:\/\/api.w.org\/{rel}","templated":true}]}}