{"id":99384,"date":"2020-12-09T10:37:27","date_gmt":"2020-12-09T09:37:27","guid":{"rendered":"https:\/\/tourtravelandmore.com\/tours\/non class\u00e9\/disposition-de-bateau-prive-dibiza\/"},"modified":"2020-12-09T10:37:27","modified_gmt":"2020-12-09T09:37:27","slug":"disposition-de-bateau-prive-dibiza","status":"publish","type":"product","link":"https:\/\/tourtravelandmore.com\/fr\/tours\/espagne-fr\/ibiza-fr\/disposition-de-bateau-prive-dibiza\/","title":{"rendered":"Disposition de bateau priv\u00e9 d&#8217;Ibiza"},"content":{"rendered":"<h2>Description<\/h2>\n<p>Si vous passez vos vacances \u00e0 Ibiza, vous ne pouvez pas manquer notre disposition de bateau priv\u00e9 d&#8217;Ibiza. Vous pourrez explorer les environs de l&#8217;\u00eele d&#8217;Ibiza, y compris l&#8217;\u00eele unique de Formentera. Il n&#8217;y a pas de meilleure fa\u00e7on de d\u00e9couvrir les \u00eeles Bal\u00e9ares qu&#8217;avec un bateau priv\u00e9 avec \u00e9quipage professionnel.<\/p>\n<p>Nous pouvons organiser des dispositions d&#8217;une demi-journ\u00e9e ou d&#8217;une journ\u00e9e compl\u00e8te depuis Ibiza. L&#8217;itin\u00e9raire final est totalement adaptable \u00e0 votre int\u00e9r\u00eat personnel. Il vous suffit de nous contacter et nous vous aiderons \u00e0 organiser un itin\u00e9raire personnalis\u00e9. Nous vous offrons \u00e9galement la possibilit\u00e9 d&#8217;inclure un guide officiel priv\u00e9 pour votre exp\u00e9rience au cas o\u00f9 vous voudriez conna\u00eetre des faits int\u00e9ressants sur les \u00eeles.<\/p>\n<p>Une autre option possible pourrait \u00e9galement \u00eatre un transfert priv\u00e9 en bateau d&#8217;Ibiza \u00e0 Formentera ou l&#8217;inverse. Contactez-nous et laissez-nous vous aider \u00e0 organiser votre disposition de bateau priv\u00e9 depuis Ibiza.<\/p>\n<p>Si vous souhaitez un autre type d&#8217;excursion priv\u00e9e \u00e0 ou au d\u00e9part d&#8217;Ibiza, veuillez consulter notre liste de visites priv\u00e9es.<\/p>\n<h2>Sites d&#8217;int\u00e9r\u00eat et monuments<\/h2>\n<p>Ibiza est l&#8217;une des \u00eeles Bal\u00e9ares, un archipel d&#8217;Espagne dans la mer M\u00e9diterran\u00e9e. Cette \u00eele incroyable est c\u00e9l\u00e8bre pour ses plages incroyables, ses paysages, ses couchers de soleil et sa vie nocturne. Est un vrai paradis !. C&#8217;est l&#8217;une des destinations les plus visit\u00e9es d&#8217;Europe en \u00e9t\u00e9 comme en hiver.<\/p>\n<p>Dans cette excursion en bateau priv\u00e9, vous admirerez non seulement Ibiza sous un autre angle, mais vous profiterez \u00e9galement d&#8217;une journ\u00e9e pleine d&#8217;aventures dans la mer. Les \u00eeles Bal\u00e9ares se caract\u00e9risent par la pr\u00e9sence de diff\u00e9rentes nuances de couleurs dans l&#8217;eau. Vous trouverez des plages de sable blanc et d&#8217;eau cristalline, ainsi que des criques aux eaux turquoises. Est un endroit \u00e0 couper le souffle !.<\/p>\n<p>Vous pourrez visiter les plus belles plages telles que: D &#8216;en Bossa Beach, Sa Caleta, Cala Mol\u00ed, Cala Jondal, Es Cavallate et bien plus encore. Bien s\u00fbr, vous visiterez \u00e9galement les plages et la c\u00f4te de l&#8217;\u00eele de Formentera.<\/p>\n<p>Lors de notre disposition en bateau priv\u00e9 depuis Ibiza, vous pourrez visiter les sites et les plages que vous d\u00e9sirez. Vous aurez un skipper professionnel et un bateau priv\u00e9 \u00e0 votre enti\u00e8re disposition. La dur\u00e9e de la disposition est \u00e9galement ajustable en fonction de votre int\u00e9r\u00eat personnel.<\/p>\n<p>Avec Tour Travel &amp; More, vous aurez l&#8217;opportunit\u00e9 de profiter d&#8217;une journ\u00e9e compl\u00e8te d&#8217;aventure. Au cas o\u00f9 vous auriez besoin, nous pouvons \u00e9galement organiser un pique-nique ou un d\u00e9jeuner complet dans votre bateau, afin que vous n&#8217;ayez \u00e0 vous soucier de rien.<\/p>\n<p>Nous pouvons organiser des bateaux rapides, des yachts ou le type de bateau que vous pr\u00e9f\u00e9rez. Contactez-nous pour une exp\u00e9rience personnalis\u00e9e!<\/p>\n","protected":false},"excerpt":{"rendered":"<p>Profitez d&#8217;une exp\u00e9rience de luxe priv\u00e9e lors de votre visite \u00e0 Ibiza. Contactez-nous et laissez-nous vous aider \u00e0 organiser une disposition de bateau priv\u00e9 d&#8217;Ibiza vers n&#8217;importe quelle plage ou \u00eele autour. L&#8217;itin\u00e9raire est adaptable \u00e0 vos int\u00e9r\u00eats personnels.<\/p>\n","protected":false},"featured_media":89112,"comment_status":"open","ping_status":"closed","template":"","meta":{"_acf_changed":false},"product_brand":[],"product_cat":[3541,3579],"product_tag":[],"class_list":{"0":"post-99384","1":"product","2":"type-product","3":"status-publish","4":"has-post-thumbnail","6":"product_cat-espagne-fr","7":"product_cat-ibiza-fr","9":"first","10":"instock","11":"shipping-taxable","12":"purchasable","13":"product-type-simple"},"acf":[],"yoast_head":"<!-- This site is optimized with the Yoast SEO Premium plugin v25.3.1 (Yoast SEO v25.3.1) - https:\/\/yoast.com\/wordpress\/plugins\/seo\/ -->\n<title>Disposition en bateau priv\u00e9 d&#039;Ibiza - une v\u00e9ritable aventure en mer!<\/title>\n<meta name=\"description\" content=\"Profitez d&#039;une exp\u00e9rience de luxe lors de votre visite \u00e0 Ibiza. Visitez des plages et des \u00eeles incroyables avec votre disposition de bateau priv\u00e9 depuis Ibiza.\" \/>\n<meta name=\"robots\" content=\"index, follow, max-snippet:-1, max-image-preview:large, max-video-preview:-1\" \/>\n<link rel=\"canonical\" href=\"https:\/\/tourtravelandmore.com\/fr\/tours\/espagne-fr\/ibiza-fr\/disposition-de-bateau-prive-dibiza\/\" \/>\n<meta property=\"og:locale\" content=\"fr_FR\" \/>\n<meta property=\"og:type\" content=\"article\" \/>\n<meta property=\"og:title\" content=\"Disposition de bateau priv\u00e9 d&#039;Ibiza\" \/>\n<meta property=\"og:description\" content=\"Profitez d&#039;une exp\u00e9rience de luxe lors de votre visite \u00e0 Ibiza. Visitez des plages et des \u00eeles incroyables avec votre disposition de bateau priv\u00e9 depuis Ibiza.\" \/>\n<meta property=\"og:url\" content=\"https:\/\/tourtravelandmore.com\/fr\/tours\/espagne-fr\/ibiza-fr\/disposition-de-bateau-prive-dibiza\/\" \/>\n<meta property=\"og:site_name\" content=\"Tour Travel And More\" \/>\n<meta property=\"article:publisher\" content=\"https:\/\/www.facebook.com\/tourtravelandmore\/\" \/>\n<meta property=\"og:image\" content=\"https:\/\/tourtravelandmore.com\/wp-content\/uploads\/2020\/12\/playa-ibiza.jpg\" \/>\n\t<meta property=\"og:image:width\" content=\"1280\" \/>\n\t<meta property=\"og:image:height\" content=\"853\" \/>\n\t<meta property=\"og:image:type\" content=\"image\/jpeg\" \/>\n<meta name=\"twitter:card\" content=\"summary_large_image\" \/>\n<meta name=\"twitter:site\" content=\"@TourTravel_More\" \/>\n<meta name=\"twitter:label1\" content=\"Dur\u00e9e de lecture estim\u00e9e\" \/>\n\t<meta name=\"twitter:data1\" content=\"2 minutes\" \/>\n<script type=\"application\/ld+json\" class=\"yoast-schema-graph\">{\"@context\":\"https:\/\/schema.org\",\"@graph\":[{\"@type\":\"WebPage\",\"@id\":\"https:\/\/tourtravelandmore.com\/fr\/tours\/espagne-fr\/ibiza-fr\/disposition-de-bateau-prive-dibiza\/\",\"url\":\"https:\/\/tourtravelandmore.com\/fr\/tours\/espagne-fr\/ibiza-fr\/disposition-de-bateau-prive-dibiza\/\",\"name\":\"Disposition en bateau priv\u00e9 d'Ibiza - une v\u00e9ritable aventure en mer!\",\"isPartOf\":{\"@id\":\"https:\/\/tourtravelandmore.com\/fr\/#website\"},\"primaryImageOfPage\":{\"@id\":\"https:\/\/tourtravelandmore.com\/fr\/tours\/espagne-fr\/ibiza-fr\/disposition-de-bateau-prive-dibiza\/#primaryimage\"},\"image\":{\"@id\":\"https:\/\/tourtravelandmore.com\/fr\/tours\/espagne-fr\/ibiza-fr\/disposition-de-bateau-prive-dibiza\/#primaryimage\"},\"thumbnailUrl\":\"https:\/\/tourtravelandmore.com\/wp-content\/uploads\/2020\/12\/playa-ibiza.jpg\",\"datePublished\":\"2020-12-09T09:37:27+00:00\",\"description\":\"Profitez d'une exp\u00e9rience de luxe lors de votre visite \u00e0 Ibiza. Visitez des plages et des \u00eeles incroyables avec votre disposition de bateau priv\u00e9 depuis Ibiza.\",\"breadcrumb\":{\"@id\":\"https:\/\/tourtravelandmore.com\/fr\/tours\/espagne-fr\/ibiza-fr\/disposition-de-bateau-prive-dibiza\/#breadcrumb\"},\"inLanguage\":\"fr-FR\",\"potentialAction\":[{\"@type\":\"ReadAction\",\"target\":[\"https:\/\/tourtravelandmore.com\/fr\/tours\/espagne-fr\/ibiza-fr\/disposition-de-bateau-prive-dibiza\/\"]}]},{\"@type\":\"ImageObject\",\"inLanguage\":\"fr-FR\",\"@id\":\"https:\/\/tourtravelandmore.com\/fr\/tours\/espagne-fr\/ibiza-fr\/disposition-de-bateau-prive-dibiza\/#primaryimage\",\"url\":\"https:\/\/tourtravelandmore.com\/wp-content\/uploads\/2020\/12\/playa-ibiza.jpg\",\"contentUrl\":\"https:\/\/tourtravelandmore.com\/wp-content\/uploads\/2020\/12\/playa-ibiza.jpg\",\"width\":1280,\"height\":853},{\"@type\":\"BreadcrumbList\",\"@id\":\"https:\/\/tourtravelandmore.com\/fr\/tours\/espagne-fr\/ibiza-fr\/disposition-de-bateau-prive-dibiza\/#breadcrumb\",\"itemListElement\":[{\"@type\":\"ListItem\",\"position\":1,\"name\":\"Home\",\"item\":\"https:\/\/tourtravelandmore.com\/fr\/\"},{\"@type\":\"ListItem\",\"position\":2,\"name\":\"Tours\",\"item\":\"https:\/\/tourtravelandmore.com\/fr\/tours\/\"},{\"@type\":\"ListItem\",\"position\":3,\"name\":\"Disposition de bateau priv\u00e9 d&#8217;Ibiza\"}]},{\"@type\":\"WebSite\",\"@id\":\"https:\/\/tourtravelandmore.com\/fr\/#website\",\"url\":\"https:\/\/tourtravelandmore.com\/fr\/\",\"name\":\"Tour Travel And More\",\"description\":\"Private sightseeing tours and luxury transfers in Spain\",\"publisher\":{\"@id\":\"https:\/\/tourtravelandmore.com\/fr\/#organization\"},\"potentialAction\":[{\"@type\":\"SearchAction\",\"target\":{\"@type\":\"EntryPoint\",\"urlTemplate\":\"https:\/\/tourtravelandmore.com\/fr\/?s={search_term_string}\"},\"query-input\":{\"@type\":\"PropertyValueSpecification\",\"valueRequired\":true,\"valueName\":\"search_term_string\"}}],\"inLanguage\":\"fr-FR\"},{\"@type\":\"Organization\",\"@id\":\"https:\/\/tourtravelandmore.com\/fr\/#organization\",\"name\":\"Tour Travel And More\",\"url\":\"https:\/\/tourtravelandmore.com\/fr\/\",\"logo\":{\"@type\":\"ImageObject\",\"inLanguage\":\"fr-FR\",\"@id\":\"https:\/\/tourtravelandmore.com\/fr\/#\/schema\/logo\/image\/\",\"url\":\"https:\/\/tourtravelandmore.com\/wp-content\/uploads\/2022\/12\/cropped-logo-cabecera-new.png\",\"contentUrl\":\"https:\/\/tourtravelandmore.com\/wp-content\/uploads\/2022\/12\/cropped-logo-cabecera-new.png\",\"width\":430,\"height\":61,\"caption\":\"Tour Travel And More\"},\"image\":{\"@id\":\"https:\/\/tourtravelandmore.com\/fr\/#\/schema\/logo\/image\/\"},\"sameAs\":[\"https:\/\/www.facebook.com\/tourtravelandmore\/\",\"https:\/\/x.com\/TourTravel_More\"]}]}<\/script>\n<!-- \/ Yoast SEO Premium plugin. -->","yoast_head_json":{"title":"Disposition en bateau priv\u00e9 d'Ibiza - une v\u00e9ritable aventure en mer!","description":"Profitez d'une exp\u00e9rience de luxe lors de votre visite \u00e0 Ibiza. Visitez des plages et des \u00eeles incroyables avec votre disposition de bateau priv\u00e9 depuis Ibiza.","robots":{"index":"index","follow":"follow","max-snippet":"max-snippet:-1","max-image-preview":"max-image-preview:large","max-video-preview":"max-video-preview:-1"},"canonical":"https:\/\/tourtravelandmore.com\/fr\/tours\/espagne-fr\/ibiza-fr\/disposition-de-bateau-prive-dibiza\/","og_locale":"fr_FR","og_type":"article","og_title":"Disposition de bateau priv\u00e9 d'Ibiza","og_description":"Profitez d'une exp\u00e9rience de luxe lors de votre visite \u00e0 Ibiza. Visitez des plages et des \u00eeles incroyables avec votre disposition de bateau priv\u00e9 depuis Ibiza.","og_url":"https:\/\/tourtravelandmore.com\/fr\/tours\/espagne-fr\/ibiza-fr\/disposition-de-bateau-prive-dibiza\/","og_site_name":"Tour Travel And More","article_publisher":"https:\/\/www.facebook.com\/tourtravelandmore\/","og_image":[{"width":1280,"height":853,"url":"https:\/\/tourtravelandmore.com\/wp-content\/uploads\/2020\/12\/playa-ibiza.jpg","type":"image\/jpeg"}],"twitter_card":"summary_large_image","twitter_site":"@TourTravel_More","twitter_misc":{"Dur\u00e9e de lecture estim\u00e9e":"2 minutes"},"schema":{"@context":"https:\/\/schema.org","@graph":[{"@type":"WebPage","@id":"https:\/\/tourtravelandmore.com\/fr\/tours\/espagne-fr\/ibiza-fr\/disposition-de-bateau-prive-dibiza\/","url":"https:\/\/tourtravelandmore.com\/fr\/tours\/espagne-fr\/ibiza-fr\/disposition-de-bateau-prive-dibiza\/","name":"Disposition en bateau priv\u00e9 d'Ibiza - une v\u00e9ritable aventure en mer!","isPartOf":{"@id":"https:\/\/tourtravelandmore.com\/fr\/#website"},"primaryImageOfPage":{"@id":"https:\/\/tourtravelandmore.com\/fr\/tours\/espagne-fr\/ibiza-fr\/disposition-de-bateau-prive-dibiza\/#primaryimage"},"image":{"@id":"https:\/\/tourtravelandmore.com\/fr\/tours\/espagne-fr\/ibiza-fr\/disposition-de-bateau-prive-dibiza\/#primaryimage"},"thumbnailUrl":"https:\/\/tourtravelandmore.com\/wp-content\/uploads\/2020\/12\/playa-ibiza.jpg","datePublished":"2020-12-09T09:37:27+00:00","description":"Profitez d'une exp\u00e9rience de luxe lors de votre visite \u00e0 Ibiza. Visitez des plages et des \u00eeles incroyables avec votre disposition de bateau priv\u00e9 depuis Ibiza.","breadcrumb":{"@id":"https:\/\/tourtravelandmore.com\/fr\/tours\/espagne-fr\/ibiza-fr\/disposition-de-bateau-prive-dibiza\/#breadcrumb"},"inLanguage":"fr-FR","potentialAction":[{"@type":"ReadAction","target":["https:\/\/tourtravelandmore.com\/fr\/tours\/espagne-fr\/ibiza-fr\/disposition-de-bateau-prive-dibiza\/"]}]},{"@type":"ImageObject","inLanguage":"fr-FR","@id":"https:\/\/tourtravelandmore.com\/fr\/tours\/espagne-fr\/ibiza-fr\/disposition-de-bateau-prive-dibiza\/#primaryimage","url":"https:\/\/tourtravelandmore.com\/wp-content\/uploads\/2020\/12\/playa-ibiza.jpg","contentUrl":"https:\/\/tourtravelandmore.com\/wp-content\/uploads\/2020\/12\/playa-ibiza.jpg","width":1280,"height":853},{"@type":"BreadcrumbList","@id":"https:\/\/tourtravelandmore.com\/fr\/tours\/espagne-fr\/ibiza-fr\/disposition-de-bateau-prive-dibiza\/#breadcrumb","itemListElement":[{"@type":"ListItem","position":1,"name":"Home","item":"https:\/\/tourtravelandmore.com\/fr\/"},{"@type":"ListItem","position":2,"name":"Tours","item":"https:\/\/tourtravelandmore.com\/fr\/tours\/"},{"@type":"ListItem","position":3,"name":"Disposition de bateau priv\u00e9 d&#8217;Ibiza"}]},{"@type":"WebSite","@id":"https:\/\/tourtravelandmore.com\/fr\/#website","url":"https:\/\/tourtravelandmore.com\/fr\/","name":"Tour Travel And More","description":"Private sightseeing tours and luxury transfers in Spain","publisher":{"@id":"https:\/\/tourtravelandmore.com\/fr\/#organization"},"potentialAction":[{"@type":"SearchAction","target":{"@type":"EntryPoint","urlTemplate":"https:\/\/tourtravelandmore.com\/fr\/?s={search_term_string}"},"query-input":{"@type":"PropertyValueSpecification","valueRequired":true,"valueName":"search_term_string"}}],"inLanguage":"fr-FR"},{"@type":"Organization","@id":"https:\/\/tourtravelandmore.com\/fr\/#organization","name":"Tour Travel And More","url":"https:\/\/tourtravelandmore.com\/fr\/","logo":{"@type":"ImageObject","inLanguage":"fr-FR","@id":"https:\/\/tourtravelandmore.com\/fr\/#\/schema\/logo\/image\/","url":"https:\/\/tourtravelandmore.com\/wp-content\/uploads\/2022\/12\/cropped-logo-cabecera-new.png","contentUrl":"https:\/\/tourtravelandmore.com\/wp-content\/uploads\/2022\/12\/cropped-logo-cabecera-new.png","width":430,"height":61,"caption":"Tour Travel And More"},"image":{"@id":"https:\/\/tourtravelandmore.com\/fr\/#\/schema\/logo\/image\/"},"sameAs":["https:\/\/www.facebook.com\/tourtravelandmore\/","https:\/\/x.com\/TourTravel_More"]}]}},"_links":{"self":[{"href":"https:\/\/tourtravelandmore.com\/fr\/wp-json\/wp\/v2\/product\/99384","targetHints":{"allow":["GET"]}}],"collection":[{"href":"https:\/\/tourtravelandmore.com\/fr\/wp-json\/wp\/v2\/product"}],"about":[{"href":"https:\/\/tourtravelandmore.com\/fr\/wp-json\/wp\/v2\/types\/product"}],"replies":[{"embeddable":true,"href":"https:\/\/tourtravelandmore.com\/fr\/wp-json\/wp\/v2\/comments?post=99384"}],"wp:featuredmedia":[{"embeddable":true,"href":"https:\/\/tourtravelandmore.com\/fr\/wp-json\/wp\/v2\/media\/89112"}],"wp:attachment":[{"href":"https:\/\/tourtravelandmore.com\/fr\/wp-json\/wp\/v2\/media?parent=99384"}],"wp:term":[{"taxonomy":"product_brand","embeddable":true,"href":"https:\/\/tourtravelandmore.com\/fr\/wp-json\/wp\/v2\/product_brand?post=99384"},{"taxonomy":"product_cat","embeddable":true,"href":"https:\/\/tourtravelandmore.com\/fr\/wp-json\/wp\/v2\/product_cat?post=99384"},{"taxonomy":"product_tag","embeddable":true,"href":"https:\/\/tourtravelandmore.com\/fr\/wp-json\/wp\/v2\/product_tag?post=99384"}],"curies":[{"name":"wp","href":"https:\/\/api.w.org\/{rel}","templated":true}]}}