{"id":99378,"date":"2020-12-07T11:41:00","date_gmt":"2020-12-07T10:41:00","guid":{"rendered":"https:\/\/tourtravelandmore.com\/tours\/non class\u00e9\/visite-privee-dibiza\/"},"modified":"2020-12-07T11:41:00","modified_gmt":"2020-12-07T10:41:00","slug":"visite-privee-dibiza","status":"publish","type":"product","link":"https:\/\/tourtravelandmore.com\/fr\/tours\/espagne-fr\/ibiza-fr\/visite-privee-dibiza\/","title":{"rendered":"Visite priv\u00e9e d&#8217;Ibiza"},"content":{"rendered":"<h2>Description<\/h2>\n<p>Profitez de vos journ\u00e9es sur l&#8217;\u00eele et rejoignez-nous pour cette visite priv\u00e9e d&#8217;Ibiza. Le service aura lieu dans un v\u00e9hicule de luxe priv\u00e9 avec chauffeur et guide officiel. Pr\u00e9parez-vous \u00e0 explorer le must de cette \u00eele incroyable et unique avec une \u00e9quipe de professionnels.<\/p>\n<p>Nous organiserons une prise en charge priv\u00e9e depuis votre h\u00f4tel ou lieu de votre choix \u00e0 Ibiza. Nous pouvons \u00e9galement organiser une prise en charge au port de croisi\u00e8re ou un \u00e9v\u00e9nement \u00e0 l&#8217;a\u00e9roport. Il vous suffit de nous contacter et nous organiserons tout pour vous.<\/p>\n<p>Ibiza est l&#8217;une des \u00eeles Bal\u00e9ares, un archipel d&#8217;Espagne dans la mer M\u00e9diterran\u00e9e. C&#8217;est l&#8217;une des destinations pr\u00e9f\u00e9r\u00e9es des Espagnols et des \u00e9trangers. Cette \u00eele incroyable est c\u00e9l\u00e8bre pour ses plages incroyables, ses paysages, ses couchers de soleil et sa vie nocturne. Est un vrai paradis !.<\/p>\n<p>Nous pouvons organiser une visite priv\u00e9e de 4, 6 ou m\u00eame 8 heures. Cela d\u00e9pendra de votre int\u00e9r\u00eat et de ce que vous voulez voir. Tirez le meilleur parti de cette visite priv\u00e9e d&#8217;Ibiza. Laissez notre guide vous emmener autour de l&#8217;\u00eele qu&#8217;ils adorent pour cr\u00e9er des souvenirs incroyables pour vous!<\/p>\n<h2>Sites d&#8217;int\u00e9r\u00eat et monuments<\/h2>\n<p>Tout d&#8217;abord, votre chauffeur priv\u00e9 et votre guide officiel viendront vous chercher \u00e0 votre h\u00f4tel ou lieu de votre choix \u00e0 Ibiza. L&#8217;itin\u00e9raire d\u00e9pendra de la dur\u00e9e de la visite et de vos int\u00e9r\u00eats.<\/p>\n<p>Comme vous le savez peut-\u00eatre, Ibiza poss\u00e8de des villas incroyables et pittoresques et des plages incroyables. Nous listons ici plusieurs endroits \u00e0 visiter et choses \u00e0 faire pendant votre visite priv\u00e9e d&#8217;une journ\u00e9e \u00e0 Ibiza:<\/p>\n<ul>\n<li>Santa Eul\u00e0ria des Riu: c&#8217;est une belle montagne verte couronn\u00e9e de maisons et de l&#8217;\u00e9glise de Santa Eul\u00e0ria.<\/li>\n<li>Visitez les march\u00e9s: les plus importants et les plus c\u00e9l\u00e8bres sont Las Dalias, Es Canar, Sant Jordi et Sant Joan de Labritja.<\/li>\n<li>Sa Caleta: c&#8217;est une belle crique de p\u00eacheurs avec une vue imprenable sur la c\u00f4te.<\/li>\n<li>Phare de Moscarter<\/li>\n<li>Visitez le parc naturel de Sev Salines<\/li>\n<li>Promenez-vous dans la vieille ville d&#8217;Ibiza<\/li>\n<li>Admirez le coucher de soleil depuis Es Vedr\u00e0<\/li>\n<li>Es Canar<\/li>\n<li>et beaucoup plus!<\/li>\n<\/ul>\n<p>Pendant la visite, vous ferez une halte pour le d\u00e9jeuner et d\u00e9gusterez un plat typiquement espagnol. Si vous pr\u00e9f\u00e9rez, nous pouvons faire une r\u00e9servation pour vous dans un restaurant local.<\/p>\n<p>Enfin, votre chauffeur priv\u00e9 et votre guide officiel vous d\u00e9poseront \u00e0 votre point de d\u00e9part \u00e0 Ibiza.<\/p>\n<p>Nous proposons \u00e9galement une visite priv\u00e9e \u00e0 pied de la vieille ville d&#8217;Ibiza, jetez un coup d&#8217;\u0153il !.<\/p>\n","protected":false},"excerpt":{"rendered":"<p>Visitez l&#8217;incroyable \u00eele d&#8217;Ibiza avec notre visite priv\u00e9e avec une \u00e9quipe locale et professionnelle. Explorez les lieux et les vilas les plus importants et admirez les vues incroyables qu&#8217;offre Ibiza.<\/p>\n","protected":false},"featured_media":89054,"comment_status":"open","ping_status":"closed","template":"","meta":{"_acf_changed":false},"product_brand":[],"product_cat":[3541,3579],"product_tag":[],"class_list":{"0":"post-99378","1":"product","2":"type-product","3":"status-publish","4":"has-post-thumbnail","6":"product_cat-espagne-fr","7":"product_cat-ibiza-fr","9":"first","10":"instock","11":"shipping-taxable","12":"purchasable","13":"product-type-simple"},"acf":[],"yoast_head":"<!-- This site is optimized with the Yoast SEO Premium plugin v25.3.1 (Yoast SEO v25.3.1) - https:\/\/yoast.com\/wordpress\/plugins\/seo\/ -->\n<title>Visite priv\u00e9e d&#039;Ibiza avec chauffeur professionnel et guide touristique<\/title>\n<meta name=\"description\" content=\"Venez avec nous lors de cette visite priv\u00e9e d&#039;Ibiza confortablement dans un v\u00e9hicule de luxe priv\u00e9 avec chauffeur et guide officiel.\" \/>\n<meta name=\"robots\" content=\"index, follow, max-snippet:-1, max-image-preview:large, max-video-preview:-1\" \/>\n<link rel=\"canonical\" href=\"https:\/\/tourtravelandmore.com\/fr\/tours\/espagne-fr\/ibiza-fr\/visite-privee-dibiza\/\" \/>\n<meta property=\"og:locale\" content=\"fr_FR\" \/>\n<meta property=\"og:type\" content=\"article\" \/>\n<meta property=\"og:title\" content=\"Visite priv\u00e9e d&#039;Ibiza\" \/>\n<meta property=\"og:description\" content=\"Venez avec nous lors de cette visite priv\u00e9e d&#039;Ibiza confortablement dans un v\u00e9hicule de luxe priv\u00e9 avec chauffeur et guide officiel.\" \/>\n<meta property=\"og:url\" content=\"https:\/\/tourtravelandmore.com\/fr\/tours\/espagne-fr\/ibiza-fr\/visite-privee-dibiza\/\" \/>\n<meta property=\"og:site_name\" content=\"Tour Travel And More\" \/>\n<meta property=\"article:publisher\" content=\"https:\/\/www.facebook.com\/tourtravelandmore\/\" \/>\n<meta property=\"og:image\" content=\"https:\/\/tourtravelandmore.com\/wp-content\/uploads\/2020\/12\/ibiza-1.6.jpg\" \/>\n\t<meta property=\"og:image:width\" content=\"2048\" \/>\n\t<meta property=\"og:image:height\" content=\"1536\" \/>\n\t<meta property=\"og:image:type\" content=\"image\/jpeg\" \/>\n<meta name=\"twitter:card\" content=\"summary_large_image\" \/>\n<meta name=\"twitter:site\" content=\"@TourTravel_More\" \/>\n<meta name=\"twitter:label1\" content=\"Dur\u00e9e de lecture estim\u00e9e\" \/>\n\t<meta name=\"twitter:data1\" content=\"2 minutes\" \/>\n<script type=\"application\/ld+json\" class=\"yoast-schema-graph\">{\"@context\":\"https:\/\/schema.org\",\"@graph\":[{\"@type\":\"WebPage\",\"@id\":\"https:\/\/tourtravelandmore.com\/fr\/tours\/espagne-fr\/ibiza-fr\/visite-privee-dibiza\/\",\"url\":\"https:\/\/tourtravelandmore.com\/fr\/tours\/espagne-fr\/ibiza-fr\/visite-privee-dibiza\/\",\"name\":\"Visite priv\u00e9e d'Ibiza avec chauffeur professionnel et guide touristique\",\"isPartOf\":{\"@id\":\"https:\/\/tourtravelandmore.com\/fr\/#website\"},\"primaryImageOfPage\":{\"@id\":\"https:\/\/tourtravelandmore.com\/fr\/tours\/espagne-fr\/ibiza-fr\/visite-privee-dibiza\/#primaryimage\"},\"image\":{\"@id\":\"https:\/\/tourtravelandmore.com\/fr\/tours\/espagne-fr\/ibiza-fr\/visite-privee-dibiza\/#primaryimage\"},\"thumbnailUrl\":\"https:\/\/tourtravelandmore.com\/wp-content\/uploads\/2020\/12\/ibiza-1.6.jpg\",\"datePublished\":\"2020-12-07T10:41:00+00:00\",\"description\":\"Venez avec nous lors de cette visite priv\u00e9e d'Ibiza confortablement dans un v\u00e9hicule de luxe priv\u00e9 avec chauffeur et guide officiel.\",\"breadcrumb\":{\"@id\":\"https:\/\/tourtravelandmore.com\/fr\/tours\/espagne-fr\/ibiza-fr\/visite-privee-dibiza\/#breadcrumb\"},\"inLanguage\":\"fr-FR\",\"potentialAction\":[{\"@type\":\"ReadAction\",\"target\":[\"https:\/\/tourtravelandmore.com\/fr\/tours\/espagne-fr\/ibiza-fr\/visite-privee-dibiza\/\"]}]},{\"@type\":\"ImageObject\",\"inLanguage\":\"fr-FR\",\"@id\":\"https:\/\/tourtravelandmore.com\/fr\/tours\/espagne-fr\/ibiza-fr\/visite-privee-dibiza\/#primaryimage\",\"url\":\"https:\/\/tourtravelandmore.com\/wp-content\/uploads\/2020\/12\/ibiza-1.6.jpg\",\"contentUrl\":\"https:\/\/tourtravelandmore.com\/wp-content\/uploads\/2020\/12\/ibiza-1.6.jpg\",\"width\":2048,\"height\":1536},{\"@type\":\"BreadcrumbList\",\"@id\":\"https:\/\/tourtravelandmore.com\/fr\/tours\/espagne-fr\/ibiza-fr\/visite-privee-dibiza\/#breadcrumb\",\"itemListElement\":[{\"@type\":\"ListItem\",\"position\":1,\"name\":\"Home\",\"item\":\"https:\/\/tourtravelandmore.com\/fr\/\"},{\"@type\":\"ListItem\",\"position\":2,\"name\":\"Tours\",\"item\":\"https:\/\/tourtravelandmore.com\/fr\/tours\/\"},{\"@type\":\"ListItem\",\"position\":3,\"name\":\"Visite priv\u00e9e d&rsquo;Ibiza\"}]},{\"@type\":\"WebSite\",\"@id\":\"https:\/\/tourtravelandmore.com\/fr\/#website\",\"url\":\"https:\/\/tourtravelandmore.com\/fr\/\",\"name\":\"Tour Travel And More\",\"description\":\"Private sightseeing tours and luxury transfers in Spain\",\"publisher\":{\"@id\":\"https:\/\/tourtravelandmore.com\/fr\/#organization\"},\"potentialAction\":[{\"@type\":\"SearchAction\",\"target\":{\"@type\":\"EntryPoint\",\"urlTemplate\":\"https:\/\/tourtravelandmore.com\/fr\/?s={search_term_string}\"},\"query-input\":{\"@type\":\"PropertyValueSpecification\",\"valueRequired\":true,\"valueName\":\"search_term_string\"}}],\"inLanguage\":\"fr-FR\"},{\"@type\":\"Organization\",\"@id\":\"https:\/\/tourtravelandmore.com\/fr\/#organization\",\"name\":\"Tour Travel And More\",\"url\":\"https:\/\/tourtravelandmore.com\/fr\/\",\"logo\":{\"@type\":\"ImageObject\",\"inLanguage\":\"fr-FR\",\"@id\":\"https:\/\/tourtravelandmore.com\/fr\/#\/schema\/logo\/image\/\",\"url\":\"https:\/\/tourtravelandmore.com\/wp-content\/uploads\/2022\/12\/cropped-logo-cabecera-new.png\",\"contentUrl\":\"https:\/\/tourtravelandmore.com\/wp-content\/uploads\/2022\/12\/cropped-logo-cabecera-new.png\",\"width\":430,\"height\":61,\"caption\":\"Tour Travel And More\"},\"image\":{\"@id\":\"https:\/\/tourtravelandmore.com\/fr\/#\/schema\/logo\/image\/\"},\"sameAs\":[\"https:\/\/www.facebook.com\/tourtravelandmore\/\",\"https:\/\/x.com\/TourTravel_More\"]}]}<\/script>\n<!-- \/ Yoast SEO Premium plugin. -->","yoast_head_json":{"title":"Visite priv\u00e9e d'Ibiza avec chauffeur professionnel et guide touristique","description":"Venez avec nous lors de cette visite priv\u00e9e d'Ibiza confortablement dans un v\u00e9hicule de luxe priv\u00e9 avec chauffeur et guide officiel.","robots":{"index":"index","follow":"follow","max-snippet":"max-snippet:-1","max-image-preview":"max-image-preview:large","max-video-preview":"max-video-preview:-1"},"canonical":"https:\/\/tourtravelandmore.com\/fr\/tours\/espagne-fr\/ibiza-fr\/visite-privee-dibiza\/","og_locale":"fr_FR","og_type":"article","og_title":"Visite priv\u00e9e d'Ibiza","og_description":"Venez avec nous lors de cette visite priv\u00e9e d'Ibiza confortablement dans un v\u00e9hicule de luxe priv\u00e9 avec chauffeur et guide officiel.","og_url":"https:\/\/tourtravelandmore.com\/fr\/tours\/espagne-fr\/ibiza-fr\/visite-privee-dibiza\/","og_site_name":"Tour Travel And More","article_publisher":"https:\/\/www.facebook.com\/tourtravelandmore\/","og_image":[{"width":2048,"height":1536,"url":"https:\/\/tourtravelandmore.com\/wp-content\/uploads\/2020\/12\/ibiza-1.6.jpg","type":"image\/jpeg"}],"twitter_card":"summary_large_image","twitter_site":"@TourTravel_More","twitter_misc":{"Dur\u00e9e de lecture estim\u00e9e":"2 minutes"},"schema":{"@context":"https:\/\/schema.org","@graph":[{"@type":"WebPage","@id":"https:\/\/tourtravelandmore.com\/fr\/tours\/espagne-fr\/ibiza-fr\/visite-privee-dibiza\/","url":"https:\/\/tourtravelandmore.com\/fr\/tours\/espagne-fr\/ibiza-fr\/visite-privee-dibiza\/","name":"Visite priv\u00e9e d'Ibiza avec chauffeur professionnel et guide touristique","isPartOf":{"@id":"https:\/\/tourtravelandmore.com\/fr\/#website"},"primaryImageOfPage":{"@id":"https:\/\/tourtravelandmore.com\/fr\/tours\/espagne-fr\/ibiza-fr\/visite-privee-dibiza\/#primaryimage"},"image":{"@id":"https:\/\/tourtravelandmore.com\/fr\/tours\/espagne-fr\/ibiza-fr\/visite-privee-dibiza\/#primaryimage"},"thumbnailUrl":"https:\/\/tourtravelandmore.com\/wp-content\/uploads\/2020\/12\/ibiza-1.6.jpg","datePublished":"2020-12-07T10:41:00+00:00","description":"Venez avec nous lors de cette visite priv\u00e9e d'Ibiza confortablement dans un v\u00e9hicule de luxe priv\u00e9 avec chauffeur et guide officiel.","breadcrumb":{"@id":"https:\/\/tourtravelandmore.com\/fr\/tours\/espagne-fr\/ibiza-fr\/visite-privee-dibiza\/#breadcrumb"},"inLanguage":"fr-FR","potentialAction":[{"@type":"ReadAction","target":["https:\/\/tourtravelandmore.com\/fr\/tours\/espagne-fr\/ibiza-fr\/visite-privee-dibiza\/"]}]},{"@type":"ImageObject","inLanguage":"fr-FR","@id":"https:\/\/tourtravelandmore.com\/fr\/tours\/espagne-fr\/ibiza-fr\/visite-privee-dibiza\/#primaryimage","url":"https:\/\/tourtravelandmore.com\/wp-content\/uploads\/2020\/12\/ibiza-1.6.jpg","contentUrl":"https:\/\/tourtravelandmore.com\/wp-content\/uploads\/2020\/12\/ibiza-1.6.jpg","width":2048,"height":1536},{"@type":"BreadcrumbList","@id":"https:\/\/tourtravelandmore.com\/fr\/tours\/espagne-fr\/ibiza-fr\/visite-privee-dibiza\/#breadcrumb","itemListElement":[{"@type":"ListItem","position":1,"name":"Home","item":"https:\/\/tourtravelandmore.com\/fr\/"},{"@type":"ListItem","position":2,"name":"Tours","item":"https:\/\/tourtravelandmore.com\/fr\/tours\/"},{"@type":"ListItem","position":3,"name":"Visite priv\u00e9e d&rsquo;Ibiza"}]},{"@type":"WebSite","@id":"https:\/\/tourtravelandmore.com\/fr\/#website","url":"https:\/\/tourtravelandmore.com\/fr\/","name":"Tour Travel And More","description":"Private sightseeing tours and luxury transfers in Spain","publisher":{"@id":"https:\/\/tourtravelandmore.com\/fr\/#organization"},"potentialAction":[{"@type":"SearchAction","target":{"@type":"EntryPoint","urlTemplate":"https:\/\/tourtravelandmore.com\/fr\/?s={search_term_string}"},"query-input":{"@type":"PropertyValueSpecification","valueRequired":true,"valueName":"search_term_string"}}],"inLanguage":"fr-FR"},{"@type":"Organization","@id":"https:\/\/tourtravelandmore.com\/fr\/#organization","name":"Tour Travel And More","url":"https:\/\/tourtravelandmore.com\/fr\/","logo":{"@type":"ImageObject","inLanguage":"fr-FR","@id":"https:\/\/tourtravelandmore.com\/fr\/#\/schema\/logo\/image\/","url":"https:\/\/tourtravelandmore.com\/wp-content\/uploads\/2022\/12\/cropped-logo-cabecera-new.png","contentUrl":"https:\/\/tourtravelandmore.com\/wp-content\/uploads\/2022\/12\/cropped-logo-cabecera-new.png","width":430,"height":61,"caption":"Tour Travel And More"},"image":{"@id":"https:\/\/tourtravelandmore.com\/fr\/#\/schema\/logo\/image\/"},"sameAs":["https:\/\/www.facebook.com\/tourtravelandmore\/","https:\/\/x.com\/TourTravel_More"]}]}},"_links":{"self":[{"href":"https:\/\/tourtravelandmore.com\/fr\/wp-json\/wp\/v2\/product\/99378","targetHints":{"allow":["GET"]}}],"collection":[{"href":"https:\/\/tourtravelandmore.com\/fr\/wp-json\/wp\/v2\/product"}],"about":[{"href":"https:\/\/tourtravelandmore.com\/fr\/wp-json\/wp\/v2\/types\/product"}],"replies":[{"embeddable":true,"href":"https:\/\/tourtravelandmore.com\/fr\/wp-json\/wp\/v2\/comments?post=99378"}],"wp:featuredmedia":[{"embeddable":true,"href":"https:\/\/tourtravelandmore.com\/fr\/wp-json\/wp\/v2\/media\/89054"}],"wp:attachment":[{"href":"https:\/\/tourtravelandmore.com\/fr\/wp-json\/wp\/v2\/media?parent=99378"}],"wp:term":[{"taxonomy":"product_brand","embeddable":true,"href":"https:\/\/tourtravelandmore.com\/fr\/wp-json\/wp\/v2\/product_brand?post=99378"},{"taxonomy":"product_cat","embeddable":true,"href":"https:\/\/tourtravelandmore.com\/fr\/wp-json\/wp\/v2\/product_cat?post=99378"},{"taxonomy":"product_tag","embeddable":true,"href":"https:\/\/tourtravelandmore.com\/fr\/wp-json\/wp\/v2\/product_tag?post=99378"}],"curies":[{"name":"wp","href":"https:\/\/api.w.org\/{rel}","templated":true}]}}