{"id":99372,"date":"2020-12-07T10:22:32","date_gmt":"2020-12-07T09:22:32","guid":{"rendered":"https:\/\/tourtravelandmore.com\/tours\/non%20class\u00e9\/visite-privee-a-pied-de-la-vieille-ville-dibiza\/"},"modified":"2024-11-05T13:19:52","modified_gmt":"2024-11-05T12:19:52","slug":"visite-privee-a-pied-de-la-vieille-ville-dibiza","status":"publish","type":"product","link":"https:\/\/tourtravelandmore.com\/fr\/tours\/espagne-fr\/ibiza-fr\/visite-privee-a-pied-de-la-vieille-ville-dibiza\/","title":{"rendered":"Visite priv\u00e9e \u00e0 pied de la vieille ville d&#8217;Ibiza"},"content":{"rendered":"<h2>Description<\/h2>\n<p>Profitez de notre visite priv\u00e9e \u00e0 pied de la vieille ville d&#8217;Ibiza et d\u00e9couvrez les meilleurs sites du centre-ville d&#8217;Ibiza. Vous serez accompagn\u00e9 d&#8217;un guide officiel priv\u00e9 pour une visite guid\u00e9e de 3 heures. Si vous souhaitez profiter d&#8217;une autre partie de l&#8217;\u00eele pour une balade \u00e0 pied, n&#8217;h\u00e9sitez pas \u00e0 nous contacter.<\/p>\n<p>Notre visite priv\u00e9e commencera \u00e0 partir d&#8217;un endroit central de la vieille ville d&#8217;Ibiza. Si votre h\u00f4tel est situ\u00e9 en dehors de la vieille ville, nous pouvons \u00e9galement organiser une prise en charge priv\u00e9e \u00e0 partir de l\u00e0. Sinon, pas de probl\u00e8me, nous pouvons organiser un point de rendez-vous central.<\/p>\n<p>Ibiza est l&#8217;une des \u00eeles Bal\u00e9ares, un archipel d&#8217;Espagne dans la mer M\u00e9diterran\u00e9e. C&#8217;est l&#8217;une des destinations pr\u00e9f\u00e9r\u00e9es des Espagnols et des \u00e9trangers. Cette \u00eele incroyable est c\u00e9l\u00e8bre pour ses plages incroyables, ses paysages, ses couchers de soleil et sa vie nocturne. Est un vrai paradis !.<\/p>\n<p>Profiter d&#8217;une visite \u00e0 pied est l&#8217;un des meilleurs moyens de conna\u00eetre une ville. C&#8217;est pourquoi vous ne pouvez pas manquer cette chance de profiter du meilleur avec cette visite priv\u00e9e \u00e0 pied de la vieille ville d&#8217;Ibiza.<\/p>\n<h2>Sites d&#8217;int\u00e9r\u00eat et monuments<\/h2>\n<p>Tout d&#8217;abord, vous rencontrerez votre guide officiel priv\u00e9 dans la vieille ville d&#8217;Ibiza. Comme il s&#8217;agit d&#8217;une visite priv\u00e9e et personnalis\u00e9e, vous pouvez d\u00e9cider de l&#8217;heure de d\u00e9but de votre exp\u00e9rience.<\/p>\n<p>La vieille ville d&#8217;Ibiza appel\u00e9e &#8220;Salt Vila&#8221;, est sans aucun doute l&#8217;une des zones les plus embl\u00e9matiques d&#8217;Ibiza. Ses murs ont \u00e9t\u00e9 d\u00e9clar\u00e9s patrimoine mondial de l&#8217;Unesco en 1999 sous le titre \u00abIbiza, biodiversit\u00e9 et culture\u00bb.<\/p>\n<p>Au cours d&#8217;une visite \u00e0 pied de 3 heures, vous pourrez visiter les lieux suivants:<\/p>\n<ul>\n<li>Mercat Nou d&#8217;Ibiza<\/li>\n<li>Cath\u00e9drale d&#8217;Ibiza<\/li>\n<li>King&#8217;s Vara et Park Square<\/li>\n<li>Le port<\/li>\n<li>Quartier de Marina<\/li>\n<li>Ch\u00e2teau d&#8217;Ibiza<\/li>\n<li>Place Reyna Sofia<\/li>\n<li>Portal de ses Taules<\/li>\n<li>H\u00f4tel de ville d&#8217;Ibiza<\/li>\n<li>et beaucoup plus!<\/li>\n<\/ul>\n<p>Enfin, \u00e0 la fin de la visite, votre guide officiel priv\u00e9 vous d\u00e9posera dans un lieu central de la vieille ville.<\/p>\n<p>Tour Travel &amp; More offre une exp\u00e9rience priv\u00e9e et unique pendant vos vacances. Jetez un \u0153il \u00e0 notre liste de visites priv\u00e9es \u00e0 Ibiza !.<\/p>\n","protected":false},"excerpt":{"rendered":"<p>Profitez de cette visite priv\u00e9e \u00e0 pied de la vieille ville d&#8217;Ibiza et courez la chance de visiter les sites historiques d&#8217;Ibiza avec un guide local qui vous montrera tous les secrets de Salt Vila.<\/p>\n","protected":false},"featured_media":89024,"comment_status":"open","ping_status":"closed","template":"","meta":{"_acf_changed":false},"product_brand":[],"product_cat":[3541,3579],"product_tag":[],"class_list":{"0":"post-99372","1":"product","2":"type-product","3":"status-publish","4":"has-post-thumbnail","6":"product_cat-espagne-fr","7":"product_cat-ibiza-fr","9":"first","10":"instock","11":"shipping-taxable","12":"purchasable","13":"product-type-simple"},"acf":[],"yoast_head":"<!-- This site is optimized with the Yoast SEO Premium plugin v25.3.1 (Yoast SEO v25.3.1) - https:\/\/yoast.com\/wordpress\/plugins\/seo\/ -->\n<title>Visite priv\u00e9e \u00e0 pied de la vieille ville d&#039;Ibiza avec un guide local<\/title>\n<meta name=\"description\" content=\"Faites cette visite priv\u00e9e \u00e0 pied de la vieille ville d&#039;Ibiza et profitez du meilleur de la ville d&#039;Ibiza. Une grande visite priv\u00e9e de l&#039;\u00eele.\" \/>\n<meta name=\"robots\" content=\"index, follow, max-snippet:-1, max-image-preview:large, max-video-preview:-1\" \/>\n<link rel=\"canonical\" href=\"https:\/\/tourtravelandmore.com\/fr\/tours\/espagne-fr\/ibiza-fr\/visite-privee-a-pied-de-la-vieille-ville-dibiza\/\" \/>\n<meta property=\"og:locale\" content=\"fr_FR\" \/>\n<meta property=\"og:type\" content=\"article\" \/>\n<meta property=\"og:title\" content=\"Visite priv\u00e9e \u00e0 pied de la vieille ville d&#039;Ibiza\" \/>\n<meta property=\"og:description\" content=\"Faites cette visite priv\u00e9e \u00e0 pied de la vieille ville d&#039;Ibiza et profitez du meilleur de la ville d&#039;Ibiza. Une grande visite priv\u00e9e de l&#039;\u00eele.\" \/>\n<meta property=\"og:url\" content=\"https:\/\/tourtravelandmore.com\/fr\/tours\/espagne-fr\/ibiza-fr\/visite-privee-a-pied-de-la-vieille-ville-dibiza\/\" \/>\n<meta property=\"og:site_name\" content=\"Tour Travel And More\" \/>\n<meta property=\"article:publisher\" content=\"https:\/\/www.facebook.com\/tourtravelandmore\/\" \/>\n<meta property=\"article:modified_time\" content=\"2024-11-05T12:19:52+00:00\" \/>\n<meta property=\"og:image\" content=\"https:\/\/tourtravelandmore.com\/wp-content\/uploads\/2020\/12\/ibiza-3.jpg\" \/>\n\t<meta property=\"og:image:width\" content=\"2560\" \/>\n\t<meta property=\"og:image:height\" content=\"1920\" \/>\n\t<meta property=\"og:image:type\" content=\"image\/jpeg\" \/>\n<meta name=\"twitter:card\" content=\"summary_large_image\" \/>\n<meta name=\"twitter:site\" content=\"@TourTravel_More\" \/>\n<meta name=\"twitter:label1\" content=\"Dur\u00e9e de lecture estim\u00e9e\" \/>\n\t<meta name=\"twitter:data1\" content=\"2 minutes\" \/>\n<script type=\"application\/ld+json\" class=\"yoast-schema-graph\">{\"@context\":\"https:\/\/schema.org\",\"@graph\":[{\"@type\":\"WebPage\",\"@id\":\"https:\/\/tourtravelandmore.com\/fr\/tours\/espagne-fr\/ibiza-fr\/visite-privee-a-pied-de-la-vieille-ville-dibiza\/\",\"url\":\"https:\/\/tourtravelandmore.com\/fr\/tours\/espagne-fr\/ibiza-fr\/visite-privee-a-pied-de-la-vieille-ville-dibiza\/\",\"name\":\"Visite priv\u00e9e \u00e0 pied de la vieille ville d'Ibiza avec un guide local\",\"isPartOf\":{\"@id\":\"https:\/\/tourtravelandmore.com\/fr\/#website\"},\"primaryImageOfPage\":{\"@id\":\"https:\/\/tourtravelandmore.com\/fr\/tours\/espagne-fr\/ibiza-fr\/visite-privee-a-pied-de-la-vieille-ville-dibiza\/#primaryimage\"},\"image\":{\"@id\":\"https:\/\/tourtravelandmore.com\/fr\/tours\/espagne-fr\/ibiza-fr\/visite-privee-a-pied-de-la-vieille-ville-dibiza\/#primaryimage\"},\"thumbnailUrl\":\"https:\/\/tourtravelandmore.com\/wp-content\/uploads\/2020\/12\/ibiza-3.jpg\",\"datePublished\":\"2020-12-07T09:22:32+00:00\",\"dateModified\":\"2024-11-05T12:19:52+00:00\",\"description\":\"Faites cette visite priv\u00e9e \u00e0 pied de la vieille ville d'Ibiza et profitez du meilleur de la ville d'Ibiza. Une grande visite priv\u00e9e de l'\u00eele.\",\"breadcrumb\":{\"@id\":\"https:\/\/tourtravelandmore.com\/fr\/tours\/espagne-fr\/ibiza-fr\/visite-privee-a-pied-de-la-vieille-ville-dibiza\/#breadcrumb\"},\"inLanguage\":\"fr-FR\",\"potentialAction\":[{\"@type\":\"ReadAction\",\"target\":[\"https:\/\/tourtravelandmore.com\/fr\/tours\/espagne-fr\/ibiza-fr\/visite-privee-a-pied-de-la-vieille-ville-dibiza\/\"]}]},{\"@type\":\"ImageObject\",\"inLanguage\":\"fr-FR\",\"@id\":\"https:\/\/tourtravelandmore.com\/fr\/tours\/espagne-fr\/ibiza-fr\/visite-privee-a-pied-de-la-vieille-ville-dibiza\/#primaryimage\",\"url\":\"https:\/\/tourtravelandmore.com\/wp-content\/uploads\/2020\/12\/ibiza-3.jpg\",\"contentUrl\":\"https:\/\/tourtravelandmore.com\/wp-content\/uploads\/2020\/12\/ibiza-3.jpg\",\"width\":2560,\"height\":1920},{\"@type\":\"BreadcrumbList\",\"@id\":\"https:\/\/tourtravelandmore.com\/fr\/tours\/espagne-fr\/ibiza-fr\/visite-privee-a-pied-de-la-vieille-ville-dibiza\/#breadcrumb\",\"itemListElement\":[{\"@type\":\"ListItem\",\"position\":1,\"name\":\"Home\",\"item\":\"https:\/\/tourtravelandmore.com\/fr\/\"},{\"@type\":\"ListItem\",\"position\":2,\"name\":\"Tours\",\"item\":\"https:\/\/tourtravelandmore.com\/fr\/tours\/\"},{\"@type\":\"ListItem\",\"position\":3,\"name\":\"Visite priv\u00e9e \u00e0 pied de la vieille ville d&#8217;Ibiza\"}]},{\"@type\":\"WebSite\",\"@id\":\"https:\/\/tourtravelandmore.com\/fr\/#website\",\"url\":\"https:\/\/tourtravelandmore.com\/fr\/\",\"name\":\"Tour Travel And More\",\"description\":\"Private sightseeing tours and luxury transfers in Spain\",\"publisher\":{\"@id\":\"https:\/\/tourtravelandmore.com\/fr\/#organization\"},\"potentialAction\":[{\"@type\":\"SearchAction\",\"target\":{\"@type\":\"EntryPoint\",\"urlTemplate\":\"https:\/\/tourtravelandmore.com\/fr\/?s={search_term_string}\"},\"query-input\":{\"@type\":\"PropertyValueSpecification\",\"valueRequired\":true,\"valueName\":\"search_term_string\"}}],\"inLanguage\":\"fr-FR\"},{\"@type\":\"Organization\",\"@id\":\"https:\/\/tourtravelandmore.com\/fr\/#organization\",\"name\":\"Tour Travel And More\",\"url\":\"https:\/\/tourtravelandmore.com\/fr\/\",\"logo\":{\"@type\":\"ImageObject\",\"inLanguage\":\"fr-FR\",\"@id\":\"https:\/\/tourtravelandmore.com\/fr\/#\/schema\/logo\/image\/\",\"url\":\"https:\/\/tourtravelandmore.com\/wp-content\/uploads\/2022\/12\/cropped-logo-cabecera-new.png\",\"contentUrl\":\"https:\/\/tourtravelandmore.com\/wp-content\/uploads\/2022\/12\/cropped-logo-cabecera-new.png\",\"width\":430,\"height\":61,\"caption\":\"Tour Travel And More\"},\"image\":{\"@id\":\"https:\/\/tourtravelandmore.com\/fr\/#\/schema\/logo\/image\/\"},\"sameAs\":[\"https:\/\/www.facebook.com\/tourtravelandmore\/\",\"https:\/\/x.com\/TourTravel_More\"]}]}<\/script>\n<!-- \/ Yoast SEO Premium plugin. -->","yoast_head_json":{"title":"Visite priv\u00e9e \u00e0 pied de la vieille ville d'Ibiza avec un guide local","description":"Faites cette visite priv\u00e9e \u00e0 pied de la vieille ville d'Ibiza et profitez du meilleur de la ville d'Ibiza. Une grande visite priv\u00e9e de l'\u00eele.","robots":{"index":"index","follow":"follow","max-snippet":"max-snippet:-1","max-image-preview":"max-image-preview:large","max-video-preview":"max-video-preview:-1"},"canonical":"https:\/\/tourtravelandmore.com\/fr\/tours\/espagne-fr\/ibiza-fr\/visite-privee-a-pied-de-la-vieille-ville-dibiza\/","og_locale":"fr_FR","og_type":"article","og_title":"Visite priv\u00e9e \u00e0 pied de la vieille ville d'Ibiza","og_description":"Faites cette visite priv\u00e9e \u00e0 pied de la vieille ville d'Ibiza et profitez du meilleur de la ville d'Ibiza. Une grande visite priv\u00e9e de l'\u00eele.","og_url":"https:\/\/tourtravelandmore.com\/fr\/tours\/espagne-fr\/ibiza-fr\/visite-privee-a-pied-de-la-vieille-ville-dibiza\/","og_site_name":"Tour Travel And More","article_publisher":"https:\/\/www.facebook.com\/tourtravelandmore\/","article_modified_time":"2024-11-05T12:19:52+00:00","og_image":[{"width":2560,"height":1920,"url":"https:\/\/tourtravelandmore.com\/wp-content\/uploads\/2020\/12\/ibiza-3.jpg","type":"image\/jpeg"}],"twitter_card":"summary_large_image","twitter_site":"@TourTravel_More","twitter_misc":{"Dur\u00e9e de lecture estim\u00e9e":"2 minutes"},"schema":{"@context":"https:\/\/schema.org","@graph":[{"@type":"WebPage","@id":"https:\/\/tourtravelandmore.com\/fr\/tours\/espagne-fr\/ibiza-fr\/visite-privee-a-pied-de-la-vieille-ville-dibiza\/","url":"https:\/\/tourtravelandmore.com\/fr\/tours\/espagne-fr\/ibiza-fr\/visite-privee-a-pied-de-la-vieille-ville-dibiza\/","name":"Visite priv\u00e9e \u00e0 pied de la vieille ville d'Ibiza avec un guide local","isPartOf":{"@id":"https:\/\/tourtravelandmore.com\/fr\/#website"},"primaryImageOfPage":{"@id":"https:\/\/tourtravelandmore.com\/fr\/tours\/espagne-fr\/ibiza-fr\/visite-privee-a-pied-de-la-vieille-ville-dibiza\/#primaryimage"},"image":{"@id":"https:\/\/tourtravelandmore.com\/fr\/tours\/espagne-fr\/ibiza-fr\/visite-privee-a-pied-de-la-vieille-ville-dibiza\/#primaryimage"},"thumbnailUrl":"https:\/\/tourtravelandmore.com\/wp-content\/uploads\/2020\/12\/ibiza-3.jpg","datePublished":"2020-12-07T09:22:32+00:00","dateModified":"2024-11-05T12:19:52+00:00","description":"Faites cette visite priv\u00e9e \u00e0 pied de la vieille ville d'Ibiza et profitez du meilleur de la ville d'Ibiza. Une grande visite priv\u00e9e de l'\u00eele.","breadcrumb":{"@id":"https:\/\/tourtravelandmore.com\/fr\/tours\/espagne-fr\/ibiza-fr\/visite-privee-a-pied-de-la-vieille-ville-dibiza\/#breadcrumb"},"inLanguage":"fr-FR","potentialAction":[{"@type":"ReadAction","target":["https:\/\/tourtravelandmore.com\/fr\/tours\/espagne-fr\/ibiza-fr\/visite-privee-a-pied-de-la-vieille-ville-dibiza\/"]}]},{"@type":"ImageObject","inLanguage":"fr-FR","@id":"https:\/\/tourtravelandmore.com\/fr\/tours\/espagne-fr\/ibiza-fr\/visite-privee-a-pied-de-la-vieille-ville-dibiza\/#primaryimage","url":"https:\/\/tourtravelandmore.com\/wp-content\/uploads\/2020\/12\/ibiza-3.jpg","contentUrl":"https:\/\/tourtravelandmore.com\/wp-content\/uploads\/2020\/12\/ibiza-3.jpg","width":2560,"height":1920},{"@type":"BreadcrumbList","@id":"https:\/\/tourtravelandmore.com\/fr\/tours\/espagne-fr\/ibiza-fr\/visite-privee-a-pied-de-la-vieille-ville-dibiza\/#breadcrumb","itemListElement":[{"@type":"ListItem","position":1,"name":"Home","item":"https:\/\/tourtravelandmore.com\/fr\/"},{"@type":"ListItem","position":2,"name":"Tours","item":"https:\/\/tourtravelandmore.com\/fr\/tours\/"},{"@type":"ListItem","position":3,"name":"Visite priv\u00e9e \u00e0 pied de la vieille ville d&#8217;Ibiza"}]},{"@type":"WebSite","@id":"https:\/\/tourtravelandmore.com\/fr\/#website","url":"https:\/\/tourtravelandmore.com\/fr\/","name":"Tour Travel And More","description":"Private sightseeing tours and luxury transfers in Spain","publisher":{"@id":"https:\/\/tourtravelandmore.com\/fr\/#organization"},"potentialAction":[{"@type":"SearchAction","target":{"@type":"EntryPoint","urlTemplate":"https:\/\/tourtravelandmore.com\/fr\/?s={search_term_string}"},"query-input":{"@type":"PropertyValueSpecification","valueRequired":true,"valueName":"search_term_string"}}],"inLanguage":"fr-FR"},{"@type":"Organization","@id":"https:\/\/tourtravelandmore.com\/fr\/#organization","name":"Tour Travel And More","url":"https:\/\/tourtravelandmore.com\/fr\/","logo":{"@type":"ImageObject","inLanguage":"fr-FR","@id":"https:\/\/tourtravelandmore.com\/fr\/#\/schema\/logo\/image\/","url":"https:\/\/tourtravelandmore.com\/wp-content\/uploads\/2022\/12\/cropped-logo-cabecera-new.png","contentUrl":"https:\/\/tourtravelandmore.com\/wp-content\/uploads\/2022\/12\/cropped-logo-cabecera-new.png","width":430,"height":61,"caption":"Tour Travel And More"},"image":{"@id":"https:\/\/tourtravelandmore.com\/fr\/#\/schema\/logo\/image\/"},"sameAs":["https:\/\/www.facebook.com\/tourtravelandmore\/","https:\/\/x.com\/TourTravel_More"]}]}},"_links":{"self":[{"href":"https:\/\/tourtravelandmore.com\/fr\/wp-json\/wp\/v2\/product\/99372","targetHints":{"allow":["GET"]}}],"collection":[{"href":"https:\/\/tourtravelandmore.com\/fr\/wp-json\/wp\/v2\/product"}],"about":[{"href":"https:\/\/tourtravelandmore.com\/fr\/wp-json\/wp\/v2\/types\/product"}],"replies":[{"embeddable":true,"href":"https:\/\/tourtravelandmore.com\/fr\/wp-json\/wp\/v2\/comments?post=99372"}],"wp:featuredmedia":[{"embeddable":true,"href":"https:\/\/tourtravelandmore.com\/fr\/wp-json\/wp\/v2\/media\/89024"}],"wp:attachment":[{"href":"https:\/\/tourtravelandmore.com\/fr\/wp-json\/wp\/v2\/media?parent=99372"}],"wp:term":[{"taxonomy":"product_brand","embeddable":true,"href":"https:\/\/tourtravelandmore.com\/fr\/wp-json\/wp\/v2\/product_brand?post=99372"},{"taxonomy":"product_cat","embeddable":true,"href":"https:\/\/tourtravelandmore.com\/fr\/wp-json\/wp\/v2\/product_cat?post=99372"},{"taxonomy":"product_tag","embeddable":true,"href":"https:\/\/tourtravelandmore.com\/fr\/wp-json\/wp\/v2\/product_tag?post=99372"}],"curies":[{"name":"wp","href":"https:\/\/api.w.org\/{rel}","templated":true}]}}