{"id":99367,"date":"2020-07-23T22:09:28","date_gmt":"2020-07-23T20:09:28","guid":{"rendered":"https:\/\/tourtravelandmore.com\/tours\/non class\u00e9\/port-prive-de-mogan-visite-de-la-reserve-naturelle-dinagua\/"},"modified":"2020-07-23T22:09:28","modified_gmt":"2020-07-23T20:09:28","slug":"port-prive-de-mogan-visite-de-la-reserve-naturelle-dinagua","status":"publish","type":"product","link":"https:\/\/tourtravelandmore.com\/fr\/tours\/espagne-fr\/grancanaria-fr\/port-prive-de-mogan-visite-de-la-reserve-naturelle-dinagua\/","title":{"rendered":"Port priv\u00e9 de Mogan &#038; Visite de la r\u00e9serve naturelle d&#8217;Inagua"},"content":{"rendered":"<h2>Description<\/h2>\n<p>Explorez une r\u00e9gion unique \u00e0 Gran Canarias avec l&#8217;une de nos visites exclusives et priv\u00e9es. Profitez de cette visite priv\u00e9e du port de Mogan et de la r\u00e9serve naturelle d&#8217;Inagua avec une prise en charge priv\u00e9e depuis n&#8217;importe quel endroit de Gran Canarias.<\/p>\n<p>Tout d&#8217;abord, nous organiserons une prise en charge confortable pour vous et votre groupe priv\u00e9 \u00e0 Gran Canarias. En fonction de l&#8217;endroit o\u00f9 se trouve cette prise en charge, nous pouvons raccourcir la visite de 8 heures du port priv\u00e9 de Mogan et de la r\u00e9serve naturelle d&#8217;Inagua. Une fois que nous serons ensemble, nous nous dirigerons d&#8217;abord vers la r\u00e9serve naturelle d&#8217;Inagua.<\/p>\n<p>En arrivant dans la r\u00e9serve naturelle d&#8217;Inagua, profitez des sites uniques de cet endroit.<\/p>\n<p>Apr\u00e8s avoir visit\u00e9 la r\u00e9serve naturelle d&#8217;Inagua, nous nous dirigerons vers le port de Mogan. Nous vous emm\u00e8nerons autour du Mogan Vous aurez le temps de manger un morceau avant de vous d\u00e9poser \u00e0 votre h\u00f4tel ou \u00e0 l&#8217;endroit souhait\u00e9.<\/p>\n<h2>Sites d&#8217;int\u00e9r\u00eat et monuments<\/h2>\n<p>Apr\u00e8s une prise en charge confortable, nous nous dirigerons vers le premier emplacement. Ce sera la r\u00e9serve naturelle d&#8217;Inagua.<\/p>\n<p>La r\u00e9serve naturelle d&#8217;Inagua a \u00e9t\u00e9 d\u00e9clar\u00e9e et reclass\u00e9e en tant que r\u00e9serve naturelle d&#8217;Iangua en 1994. C&#8217;est une zone bien prot\u00e9g\u00e9e et en particulier pour les oiseaux. C&#8217;est l&#8217;un des endroits les plus naturels et les mieux pr\u00e9serv\u00e9s de Gran Canarias. La r\u00e9serve naturelle d&#8217;Inagua est un espace prot\u00e9g\u00e9 de Gran Canarias.<\/p>\n<p>Profitez de ce parc naturel unique par la main de votre guide priv\u00e9. Il y a une altitude de 1000m dans ce parc naturel. Vous pouvez m\u00eame trouver des emplacements qui d\u00e9passent les 1400m.<\/p>\n<p>Apr\u00e8s avoir visit\u00e9 le parc naturel, nous nous dirigerons vers le port de Mogan.<\/p>\n<p>Le port de Mogan ou Puerto de Mogan est connu comme un village de p\u00eacheurs. Il est situ\u00e9 \u00e0 Mogan bien s\u00fbr et dans un emplacement unique \u00e0 Gran Carias.<\/p>\n<p>Profitez de ce port touristique mais charmant avec de beaux canaux reliant la marina au port de p\u00eache. Explorez le port de Mogan aux c\u00f4t\u00e9s de votre guide priv\u00e9.<\/p>\n<p>Vous aurez \u00e9galement le temps de manger un morceau avant que votre chauffeur-guide ne vous ram\u00e8ne \u00e0 votre h\u00f4tel ou lieu de votre choix \u00e0 Gran Canarias.<\/p>\n<p>Jetez un coup d&#8217;\u0153il \u00e0 nos visites priv\u00e9es \u00e0 Gran Canarias.<\/p>\n","protected":false},"excerpt":{"rendered":"<p>Profitez de l&#8217;occasion pour visiter le port de Mogan et la r\u00e9serve naturelle d&#8217;Inagua \u00e0 Gran Canaria avec cette excursion priv\u00e9e d&#8217;une journ\u00e9e. La prise en charge peut provenir de n&#8217;importe quelle partie de l&#8217;\u00eele. Vous aurez un v\u00e9hicule de luxe priv\u00e9 avec chauffeur \/ guide \u00e0 votre enti\u00e8re disposition pendant tout le tour. Vous conna\u00eetrez les endroits merveilleux et uniques du port de Mogan et de la r\u00e9serve naturelle.<\/p>\n","protected":false},"featured_media":81693,"comment_status":"open","ping_status":"closed","template":"","meta":{"_acf_changed":false},"product_brand":[],"product_cat":[3578],"product_tag":[],"class_list":{"0":"post-99367","1":"product","2":"type-product","3":"status-publish","4":"has-post-thumbnail","6":"product_cat-grancanaria-fr","8":"first","9":"instock","10":"shipping-taxable","11":"purchasable","12":"product-type-simple"},"acf":[],"yoast_head":"<!-- This site is optimized with the Yoast SEO Premium plugin v25.3.1 (Yoast SEO v25.3.1) - https:\/\/yoast.com\/wordpress\/plugins\/seo\/ -->\n<title>Visite priv\u00e9e du port de Mogan et de la r\u00e9serve naturelle d&#039;Inagua - Guide de chauffeur priv\u00e9<\/title>\n<meta name=\"description\" content=\"Visite priv\u00e9e du port de Mogan et de la r\u00e9serve naturelle d&#039;Inagua. Guide de chauffeur priv\u00e9 pour cette exp\u00e9rience. Prise en charge et retour de n&#039;importe quel endroit de l&#039;\u00eele de Gran Canarias.\" \/>\n<meta name=\"robots\" content=\"index, follow, max-snippet:-1, max-image-preview:large, max-video-preview:-1\" \/>\n<link rel=\"canonical\" href=\"https:\/\/tourtravelandmore.com\/fr\/tours\/espagne-fr\/grancanaria-fr\/port-prive-de-mogan-visite-de-la-reserve-naturelle-dinagua\/\" \/>\n<meta property=\"og:locale\" content=\"fr_FR\" \/>\n<meta property=\"og:type\" content=\"article\" \/>\n<meta property=\"og:title\" content=\"Port priv\u00e9 de Mogan &amp; Visite de la r\u00e9serve naturelle d&#039;Inagua\" \/>\n<meta property=\"og:description\" content=\"Visite priv\u00e9e du port de Mogan et de la r\u00e9serve naturelle d&#039;Inagua. Guide de chauffeur priv\u00e9 pour cette exp\u00e9rience. Prise en charge et retour de n&#039;importe quel endroit de l&#039;\u00eele de Gran Canarias.\" \/>\n<meta property=\"og:url\" content=\"https:\/\/tourtravelandmore.com\/fr\/tours\/espagne-fr\/grancanaria-fr\/port-prive-de-mogan-visite-de-la-reserve-naturelle-dinagua\/\" \/>\n<meta property=\"og:site_name\" content=\"Tour Travel And More\" \/>\n<meta property=\"article:publisher\" content=\"https:\/\/www.facebook.com\/tourtravelandmore\/\" \/>\n<meta property=\"og:image\" content=\"https:\/\/tourtravelandmore.com\/wp-content\/uploads\/2020\/07\/Gran-Canarias-3.jpg\" \/>\n\t<meta property=\"og:image:width\" content=\"2048\" \/>\n\t<meta property=\"og:image:height\" content=\"1536\" \/>\n\t<meta property=\"og:image:type\" content=\"image\/jpeg\" \/>\n<meta name=\"twitter:card\" content=\"summary_large_image\" \/>\n<meta name=\"twitter:site\" content=\"@TourTravel_More\" \/>\n<meta name=\"twitter:label1\" content=\"Dur\u00e9e de lecture estim\u00e9e\" \/>\n\t<meta name=\"twitter:data1\" content=\"2 minutes\" \/>\n<script type=\"application\/ld+json\" class=\"yoast-schema-graph\">{\"@context\":\"https:\/\/schema.org\",\"@graph\":[{\"@type\":\"WebPage\",\"@id\":\"https:\/\/tourtravelandmore.com\/fr\/tours\/espagne-fr\/grancanaria-fr\/port-prive-de-mogan-visite-de-la-reserve-naturelle-dinagua\/\",\"url\":\"https:\/\/tourtravelandmore.com\/fr\/tours\/espagne-fr\/grancanaria-fr\/port-prive-de-mogan-visite-de-la-reserve-naturelle-dinagua\/\",\"name\":\"Visite priv\u00e9e du port de Mogan et de la r\u00e9serve naturelle d'Inagua - Guide de chauffeur priv\u00e9\",\"isPartOf\":{\"@id\":\"https:\/\/tourtravelandmore.com\/fr\/#website\"},\"primaryImageOfPage\":{\"@id\":\"https:\/\/tourtravelandmore.com\/fr\/tours\/espagne-fr\/grancanaria-fr\/port-prive-de-mogan-visite-de-la-reserve-naturelle-dinagua\/#primaryimage\"},\"image\":{\"@id\":\"https:\/\/tourtravelandmore.com\/fr\/tours\/espagne-fr\/grancanaria-fr\/port-prive-de-mogan-visite-de-la-reserve-naturelle-dinagua\/#primaryimage\"},\"thumbnailUrl\":\"https:\/\/tourtravelandmore.com\/wp-content\/uploads\/2020\/07\/Gran-Canarias-3.jpg\",\"datePublished\":\"2020-07-23T20:09:28+00:00\",\"description\":\"Visite priv\u00e9e du port de Mogan et de la r\u00e9serve naturelle d'Inagua. Guide de chauffeur priv\u00e9 pour cette exp\u00e9rience. Prise en charge et retour de n'importe quel endroit de l'\u00eele de Gran Canarias.\",\"breadcrumb\":{\"@id\":\"https:\/\/tourtravelandmore.com\/fr\/tours\/espagne-fr\/grancanaria-fr\/port-prive-de-mogan-visite-de-la-reserve-naturelle-dinagua\/#breadcrumb\"},\"inLanguage\":\"fr-FR\",\"potentialAction\":[{\"@type\":\"ReadAction\",\"target\":[\"https:\/\/tourtravelandmore.com\/fr\/tours\/espagne-fr\/grancanaria-fr\/port-prive-de-mogan-visite-de-la-reserve-naturelle-dinagua\/\"]}]},{\"@type\":\"ImageObject\",\"inLanguage\":\"fr-FR\",\"@id\":\"https:\/\/tourtravelandmore.com\/fr\/tours\/espagne-fr\/grancanaria-fr\/port-prive-de-mogan-visite-de-la-reserve-naturelle-dinagua\/#primaryimage\",\"url\":\"https:\/\/tourtravelandmore.com\/wp-content\/uploads\/2020\/07\/Gran-Canarias-3.jpg\",\"contentUrl\":\"https:\/\/tourtravelandmore.com\/wp-content\/uploads\/2020\/07\/Gran-Canarias-3.jpg\",\"width\":2048,\"height\":1536,\"caption\":\"Exif JPEG\"},{\"@type\":\"BreadcrumbList\",\"@id\":\"https:\/\/tourtravelandmore.com\/fr\/tours\/espagne-fr\/grancanaria-fr\/port-prive-de-mogan-visite-de-la-reserve-naturelle-dinagua\/#breadcrumb\",\"itemListElement\":[{\"@type\":\"ListItem\",\"position\":1,\"name\":\"Home\",\"item\":\"https:\/\/tourtravelandmore.com\/fr\/\"},{\"@type\":\"ListItem\",\"position\":2,\"name\":\"Tours\",\"item\":\"https:\/\/tourtravelandmore.com\/fr\/tours\/\"},{\"@type\":\"ListItem\",\"position\":3,\"name\":\"Port priv\u00e9 de Mogan &#038; Visite de la r\u00e9serve naturelle d&rsquo;Inagua\"}]},{\"@type\":\"WebSite\",\"@id\":\"https:\/\/tourtravelandmore.com\/fr\/#website\",\"url\":\"https:\/\/tourtravelandmore.com\/fr\/\",\"name\":\"Tour Travel And More\",\"description\":\"Private sightseeing tours and luxury transfers in Spain\",\"publisher\":{\"@id\":\"https:\/\/tourtravelandmore.com\/fr\/#organization\"},\"potentialAction\":[{\"@type\":\"SearchAction\",\"target\":{\"@type\":\"EntryPoint\",\"urlTemplate\":\"https:\/\/tourtravelandmore.com\/fr\/?s={search_term_string}\"},\"query-input\":{\"@type\":\"PropertyValueSpecification\",\"valueRequired\":true,\"valueName\":\"search_term_string\"}}],\"inLanguage\":\"fr-FR\"},{\"@type\":\"Organization\",\"@id\":\"https:\/\/tourtravelandmore.com\/fr\/#organization\",\"name\":\"Tour Travel And More\",\"url\":\"https:\/\/tourtravelandmore.com\/fr\/\",\"logo\":{\"@type\":\"ImageObject\",\"inLanguage\":\"fr-FR\",\"@id\":\"https:\/\/tourtravelandmore.com\/fr\/#\/schema\/logo\/image\/\",\"url\":\"https:\/\/tourtravelandmore.com\/wp-content\/uploads\/2022\/12\/cropped-logo-cabecera-new.png\",\"contentUrl\":\"https:\/\/tourtravelandmore.com\/wp-content\/uploads\/2022\/12\/cropped-logo-cabecera-new.png\",\"width\":430,\"height\":61,\"caption\":\"Tour Travel And More\"},\"image\":{\"@id\":\"https:\/\/tourtravelandmore.com\/fr\/#\/schema\/logo\/image\/\"},\"sameAs\":[\"https:\/\/www.facebook.com\/tourtravelandmore\/\",\"https:\/\/x.com\/TourTravel_More\"]}]}<\/script>\n<!-- \/ Yoast SEO Premium plugin. -->","yoast_head_json":{"title":"Visite priv\u00e9e du port de Mogan et de la r\u00e9serve naturelle d'Inagua - Guide de chauffeur priv\u00e9","description":"Visite priv\u00e9e du port de Mogan et de la r\u00e9serve naturelle d'Inagua. Guide de chauffeur priv\u00e9 pour cette exp\u00e9rience. Prise en charge et retour de n'importe quel endroit de l'\u00eele de Gran Canarias.","robots":{"index":"index","follow":"follow","max-snippet":"max-snippet:-1","max-image-preview":"max-image-preview:large","max-video-preview":"max-video-preview:-1"},"canonical":"https:\/\/tourtravelandmore.com\/fr\/tours\/espagne-fr\/grancanaria-fr\/port-prive-de-mogan-visite-de-la-reserve-naturelle-dinagua\/","og_locale":"fr_FR","og_type":"article","og_title":"Port priv\u00e9 de Mogan & Visite de la r\u00e9serve naturelle d'Inagua","og_description":"Visite priv\u00e9e du port de Mogan et de la r\u00e9serve naturelle d'Inagua. Guide de chauffeur priv\u00e9 pour cette exp\u00e9rience. Prise en charge et retour de n'importe quel endroit de l'\u00eele de Gran Canarias.","og_url":"https:\/\/tourtravelandmore.com\/fr\/tours\/espagne-fr\/grancanaria-fr\/port-prive-de-mogan-visite-de-la-reserve-naturelle-dinagua\/","og_site_name":"Tour Travel And More","article_publisher":"https:\/\/www.facebook.com\/tourtravelandmore\/","og_image":[{"width":2048,"height":1536,"url":"https:\/\/tourtravelandmore.com\/wp-content\/uploads\/2020\/07\/Gran-Canarias-3.jpg","type":"image\/jpeg"}],"twitter_card":"summary_large_image","twitter_site":"@TourTravel_More","twitter_misc":{"Dur\u00e9e de lecture estim\u00e9e":"2 minutes"},"schema":{"@context":"https:\/\/schema.org","@graph":[{"@type":"WebPage","@id":"https:\/\/tourtravelandmore.com\/fr\/tours\/espagne-fr\/grancanaria-fr\/port-prive-de-mogan-visite-de-la-reserve-naturelle-dinagua\/","url":"https:\/\/tourtravelandmore.com\/fr\/tours\/espagne-fr\/grancanaria-fr\/port-prive-de-mogan-visite-de-la-reserve-naturelle-dinagua\/","name":"Visite priv\u00e9e du port de Mogan et de la r\u00e9serve naturelle d'Inagua - Guide de chauffeur priv\u00e9","isPartOf":{"@id":"https:\/\/tourtravelandmore.com\/fr\/#website"},"primaryImageOfPage":{"@id":"https:\/\/tourtravelandmore.com\/fr\/tours\/espagne-fr\/grancanaria-fr\/port-prive-de-mogan-visite-de-la-reserve-naturelle-dinagua\/#primaryimage"},"image":{"@id":"https:\/\/tourtravelandmore.com\/fr\/tours\/espagne-fr\/grancanaria-fr\/port-prive-de-mogan-visite-de-la-reserve-naturelle-dinagua\/#primaryimage"},"thumbnailUrl":"https:\/\/tourtravelandmore.com\/wp-content\/uploads\/2020\/07\/Gran-Canarias-3.jpg","datePublished":"2020-07-23T20:09:28+00:00","description":"Visite priv\u00e9e du port de Mogan et de la r\u00e9serve naturelle d'Inagua. Guide de chauffeur priv\u00e9 pour cette exp\u00e9rience. Prise en charge et retour de n'importe quel endroit de l'\u00eele de Gran Canarias.","breadcrumb":{"@id":"https:\/\/tourtravelandmore.com\/fr\/tours\/espagne-fr\/grancanaria-fr\/port-prive-de-mogan-visite-de-la-reserve-naturelle-dinagua\/#breadcrumb"},"inLanguage":"fr-FR","potentialAction":[{"@type":"ReadAction","target":["https:\/\/tourtravelandmore.com\/fr\/tours\/espagne-fr\/grancanaria-fr\/port-prive-de-mogan-visite-de-la-reserve-naturelle-dinagua\/"]}]},{"@type":"ImageObject","inLanguage":"fr-FR","@id":"https:\/\/tourtravelandmore.com\/fr\/tours\/espagne-fr\/grancanaria-fr\/port-prive-de-mogan-visite-de-la-reserve-naturelle-dinagua\/#primaryimage","url":"https:\/\/tourtravelandmore.com\/wp-content\/uploads\/2020\/07\/Gran-Canarias-3.jpg","contentUrl":"https:\/\/tourtravelandmore.com\/wp-content\/uploads\/2020\/07\/Gran-Canarias-3.jpg","width":2048,"height":1536,"caption":"Exif JPEG"},{"@type":"BreadcrumbList","@id":"https:\/\/tourtravelandmore.com\/fr\/tours\/espagne-fr\/grancanaria-fr\/port-prive-de-mogan-visite-de-la-reserve-naturelle-dinagua\/#breadcrumb","itemListElement":[{"@type":"ListItem","position":1,"name":"Home","item":"https:\/\/tourtravelandmore.com\/fr\/"},{"@type":"ListItem","position":2,"name":"Tours","item":"https:\/\/tourtravelandmore.com\/fr\/tours\/"},{"@type":"ListItem","position":3,"name":"Port priv\u00e9 de Mogan &#038; Visite de la r\u00e9serve naturelle d&rsquo;Inagua"}]},{"@type":"WebSite","@id":"https:\/\/tourtravelandmore.com\/fr\/#website","url":"https:\/\/tourtravelandmore.com\/fr\/","name":"Tour Travel And More","description":"Private sightseeing tours and luxury transfers in Spain","publisher":{"@id":"https:\/\/tourtravelandmore.com\/fr\/#organization"},"potentialAction":[{"@type":"SearchAction","target":{"@type":"EntryPoint","urlTemplate":"https:\/\/tourtravelandmore.com\/fr\/?s={search_term_string}"},"query-input":{"@type":"PropertyValueSpecification","valueRequired":true,"valueName":"search_term_string"}}],"inLanguage":"fr-FR"},{"@type":"Organization","@id":"https:\/\/tourtravelandmore.com\/fr\/#organization","name":"Tour Travel And More","url":"https:\/\/tourtravelandmore.com\/fr\/","logo":{"@type":"ImageObject","inLanguage":"fr-FR","@id":"https:\/\/tourtravelandmore.com\/fr\/#\/schema\/logo\/image\/","url":"https:\/\/tourtravelandmore.com\/wp-content\/uploads\/2022\/12\/cropped-logo-cabecera-new.png","contentUrl":"https:\/\/tourtravelandmore.com\/wp-content\/uploads\/2022\/12\/cropped-logo-cabecera-new.png","width":430,"height":61,"caption":"Tour Travel And More"},"image":{"@id":"https:\/\/tourtravelandmore.com\/fr\/#\/schema\/logo\/image\/"},"sameAs":["https:\/\/www.facebook.com\/tourtravelandmore\/","https:\/\/x.com\/TourTravel_More"]}]}},"_links":{"self":[{"href":"https:\/\/tourtravelandmore.com\/fr\/wp-json\/wp\/v2\/product\/99367","targetHints":{"allow":["GET"]}}],"collection":[{"href":"https:\/\/tourtravelandmore.com\/fr\/wp-json\/wp\/v2\/product"}],"about":[{"href":"https:\/\/tourtravelandmore.com\/fr\/wp-json\/wp\/v2\/types\/product"}],"replies":[{"embeddable":true,"href":"https:\/\/tourtravelandmore.com\/fr\/wp-json\/wp\/v2\/comments?post=99367"}],"wp:featuredmedia":[{"embeddable":true,"href":"https:\/\/tourtravelandmore.com\/fr\/wp-json\/wp\/v2\/media\/81693"}],"wp:attachment":[{"href":"https:\/\/tourtravelandmore.com\/fr\/wp-json\/wp\/v2\/media?parent=99367"}],"wp:term":[{"taxonomy":"product_brand","embeddable":true,"href":"https:\/\/tourtravelandmore.com\/fr\/wp-json\/wp\/v2\/product_brand?post=99367"},{"taxonomy":"product_cat","embeddable":true,"href":"https:\/\/tourtravelandmore.com\/fr\/wp-json\/wp\/v2\/product_cat?post=99367"},{"taxonomy":"product_tag","embeddable":true,"href":"https:\/\/tourtravelandmore.com\/fr\/wp-json\/wp\/v2\/product_tag?post=99367"}],"curies":[{"name":"wp","href":"https:\/\/api.w.org\/{rel}","templated":true}]}}