{"id":99362,"date":"2020-07-23T21:59:44","date_gmt":"2020-07-23T19:59:44","guid":{"rendered":"https:\/\/tourtravelandmore.com\/tours\/non class\u00e9\/transferts-prives-a-gran-canarias\/"},"modified":"2020-07-23T21:59:44","modified_gmt":"2020-07-23T19:59:44","slug":"transferts-prives-a-gran-canarias","status":"publish","type":"product","link":"https:\/\/tourtravelandmore.com\/fr\/tours\/espagne-fr\/grancanaria-fr\/transferts-prives-a-gran-canarias\/","title":{"rendered":"Transferts priv\u00e9s \u00e0 Gran Canarias"},"content":{"rendered":"<h2>Description<\/h2>\n<p>La meilleure fa\u00e7on de se d\u00e9placer n&#8217;importe o\u00f9 est avec un transfert priv\u00e9. Sur une \u00eele, ce n&#8217;est pas diff\u00e9rent. Prenez nos transferts priv\u00e9s \u00e0 Gran Canarias pour une exp\u00e9rience exclusive et sans tracas.<\/p>\n<p>Demandez \u00e0 notre chauffeur de vous rencontrer \u00e0 l&#8217;endroit de votre choix. Nous pouvons organiser des transferts depuis les ports de croisi\u00e8re, les a\u00e9roports, les h\u00f4tels, les appartements et vous emmener o\u00f9 vous le souhaitez sur l&#8217;\u00eele.<\/p>\n<p>Nous pouvons \u00e9galement organiser des dispositions priv\u00e9es pour que vous ayez un chauffeur \u00e0 votre disposition pendant toute la journ\u00e9e. Contactez simplement nos experts en voyages pour plus d&#8217;informations sur ces dispositions priv\u00e9es et transferts priv\u00e9s \u00e0 Gran Canarias.<\/p>\n<p>Notre chauffeur priv\u00e9 vous attendra avec une pancarte avec votre nom dessus. Votre chauffeur vous conduira ensuite \u00e0 votre lieu de choix sur l&#8217;\u00eele. C&#8217;est le moyen le plus rapide et le plus confortable pour se rendre d&#8217;un endroit \u00e0 un autre \u00e0 Gran Canarias.<\/p>\n<p>Pour nos transferts priv\u00e9s \u00e0 Gran Canarias, nous ne limitons pas le nombre de bagages. Pour chaque proposition, nous incluons un bagage par personne. Cela dit, si vous avez besoin de plus d&#8217;espace et de plus de bagages, il vous suffit de nous le faire savoir. Nous organiserons ensuite un v\u00e9hicule plus grand et modifierons la proposition. Il pourrait y avoir une augmentation du changement de type de v\u00e9hicule. Nous avons \u00e9galement la possibilit\u00e9 de vous am\u00e9nager un si\u00e8ge enfant ou un si\u00e8ge b\u00e9b\u00e9. Veuillez nous informer de l&#8217;\u00e2ge de votre enfant pour inclure le si\u00e8ge enfant correspondant. Il n&#8217;y a pas de frais suppl\u00e9mentaires pour le si\u00e8ge enfant.<\/p>\n<h2>Sites d&#8217;int\u00e9r\u00eat et monuments<\/h2>\n<p>Gran Canaria est la deuxi\u00e8me \u00eele la plus peupl\u00e9e des \u00eeles Canaries. Il est situ\u00e9 sur la c\u00f4te de l&#8217;oc\u00e9an Atlantique en Afrique du Nord-Ouest et fait partie de l&#8217;Espagne. La ville est habit\u00e9e par pr\u00e8s de 850&#8217;000 personnes. Gran Canaria est la troisi\u00e8me plus grande \u00eele des \u00eeles Canaries.<\/p>\n","protected":false},"excerpt":{"rendered":"<p>Profitez de cette occasion pour profiter de cette fa\u00e7on confortable d&#8217;arriver \u00e0 votre destination finale \u00e0 Gran Canaria. Vous disposerez de votre propre v\u00e9hicule de luxe priv\u00e9 avec chauffeur pour vous conduire rapidement et confortablement \u00e0 l&#8217;emplacement de votre choix. La prise en charge peut se faire \u00e0 l&#8217;h\u00f4tel, \u00e0 l&#8217;a\u00e9roport, \u00e0 la gare ou au lieu de votre choix.<\/p>\n","protected":false},"featured_media":95797,"comment_status":"open","ping_status":"closed","template":"","meta":{"_acf_changed":false},"product_brand":[],"product_cat":[3578],"product_tag":[],"class_list":{"0":"post-99362","1":"product","2":"type-product","3":"status-publish","4":"has-post-thumbnail","6":"product_cat-grancanaria-fr","8":"first","9":"instock","10":"shipping-taxable","11":"purchasable","12":"product-type-simple"},"acf":[],"yoast_head":"<!-- This site is optimized with the Yoast SEO Premium plugin v25.3.1 (Yoast SEO v25.3.1) - https:\/\/yoast.com\/wordpress\/plugins\/seo\/ -->\n<title>Transferts priv\u00e9s \u00e0 Gran Canarias - V\u00e9hicule priv\u00e9 avec chauffeur<\/title>\n<meta name=\"description\" content=\"Transferts priv\u00e9s \u00e0 Gran Canarias. Prenez l&#039;un de nos transferts PRIV\u00c9S de n&#039;importe quel endroit de Gran Canarias \u00e0 votre destination finale sur l&#039;\u00eele.\" \/>\n<meta name=\"robots\" content=\"index, follow, max-snippet:-1, max-image-preview:large, max-video-preview:-1\" \/>\n<link rel=\"canonical\" href=\"https:\/\/tourtravelandmore.com\/fr\/tours\/espagne-fr\/grancanaria-fr\/transferts-prives-a-gran-canarias\/\" \/>\n<meta property=\"og:locale\" content=\"fr_FR\" \/>\n<meta property=\"og:type\" content=\"article\" \/>\n<meta property=\"og:title\" content=\"Transferts priv\u00e9s \u00e0 Gran Canarias\" \/>\n<meta property=\"og:description\" content=\"Transferts priv\u00e9s \u00e0 Gran Canarias. Prenez l&#039;un de nos transferts PRIV\u00c9S de n&#039;importe quel endroit de Gran Canarias \u00e0 votre destination finale sur l&#039;\u00eele.\" \/>\n<meta property=\"og:url\" content=\"https:\/\/tourtravelandmore.com\/fr\/tours\/espagne-fr\/grancanaria-fr\/transferts-prives-a-gran-canarias\/\" \/>\n<meta property=\"og:site_name\" content=\"Tour Travel And More\" \/>\n<meta property=\"article:publisher\" content=\"https:\/\/www.facebook.com\/tourtravelandmore\/\" \/>\n<meta property=\"og:image\" content=\"https:\/\/tourtravelandmore.com\/wp-content\/uploads\/2016\/11\/Luxurycar-1.jpg\" \/>\n\t<meta property=\"og:image:width\" content=\"800\" \/>\n\t<meta property=\"og:image:height\" content=\"500\" \/>\n\t<meta property=\"og:image:type\" content=\"image\/jpeg\" \/>\n<meta name=\"twitter:card\" content=\"summary_large_image\" \/>\n<meta name=\"twitter:site\" content=\"@TourTravel_More\" \/>\n<meta name=\"twitter:label1\" content=\"Dur\u00e9e de lecture estim\u00e9e\" \/>\n\t<meta name=\"twitter:data1\" content=\"2 minutes\" \/>\n<script type=\"application\/ld+json\" class=\"yoast-schema-graph\">{\"@context\":\"https:\/\/schema.org\",\"@graph\":[{\"@type\":\"WebPage\",\"@id\":\"https:\/\/tourtravelandmore.com\/fr\/tours\/espagne-fr\/grancanaria-fr\/transferts-prives-a-gran-canarias\/\",\"url\":\"https:\/\/tourtravelandmore.com\/fr\/tours\/espagne-fr\/grancanaria-fr\/transferts-prives-a-gran-canarias\/\",\"name\":\"Transferts priv\u00e9s \u00e0 Gran Canarias - V\u00e9hicule priv\u00e9 avec chauffeur\",\"isPartOf\":{\"@id\":\"https:\/\/tourtravelandmore.com\/fr\/#website\"},\"primaryImageOfPage\":{\"@id\":\"https:\/\/tourtravelandmore.com\/fr\/tours\/espagne-fr\/grancanaria-fr\/transferts-prives-a-gran-canarias\/#primaryimage\"},\"image\":{\"@id\":\"https:\/\/tourtravelandmore.com\/fr\/tours\/espagne-fr\/grancanaria-fr\/transferts-prives-a-gran-canarias\/#primaryimage\"},\"thumbnailUrl\":\"https:\/\/tourtravelandmore.com\/wp-content\/uploads\/2016\/11\/Luxurycar-1.jpg\",\"datePublished\":\"2020-07-23T19:59:44+00:00\",\"description\":\"Transferts priv\u00e9s \u00e0 Gran Canarias. Prenez l'un de nos transferts PRIV\u00c9S de n'importe quel endroit de Gran Canarias \u00e0 votre destination finale sur l'\u00eele.\",\"breadcrumb\":{\"@id\":\"https:\/\/tourtravelandmore.com\/fr\/tours\/espagne-fr\/grancanaria-fr\/transferts-prives-a-gran-canarias\/#breadcrumb\"},\"inLanguage\":\"fr-FR\",\"potentialAction\":[{\"@type\":\"ReadAction\",\"target\":[\"https:\/\/tourtravelandmore.com\/fr\/tours\/espagne-fr\/grancanaria-fr\/transferts-prives-a-gran-canarias\/\"]}]},{\"@type\":\"ImageObject\",\"inLanguage\":\"fr-FR\",\"@id\":\"https:\/\/tourtravelandmore.com\/fr\/tours\/espagne-fr\/grancanaria-fr\/transferts-prives-a-gran-canarias\/#primaryimage\",\"url\":\"https:\/\/tourtravelandmore.com\/wp-content\/uploads\/2016\/11\/Luxurycar-1.jpg\",\"contentUrl\":\"https:\/\/tourtravelandmore.com\/wp-content\/uploads\/2016\/11\/Luxurycar-1.jpg\",\"width\":800,\"height\":500},{\"@type\":\"BreadcrumbList\",\"@id\":\"https:\/\/tourtravelandmore.com\/fr\/tours\/espagne-fr\/grancanaria-fr\/transferts-prives-a-gran-canarias\/#breadcrumb\",\"itemListElement\":[{\"@type\":\"ListItem\",\"position\":1,\"name\":\"Home\",\"item\":\"https:\/\/tourtravelandmore.com\/fr\/\"},{\"@type\":\"ListItem\",\"position\":2,\"name\":\"Tours\",\"item\":\"https:\/\/tourtravelandmore.com\/fr\/tours\/\"},{\"@type\":\"ListItem\",\"position\":3,\"name\":\"Transferts priv\u00e9s \u00e0 Gran Canarias\"}]},{\"@type\":\"WebSite\",\"@id\":\"https:\/\/tourtravelandmore.com\/fr\/#website\",\"url\":\"https:\/\/tourtravelandmore.com\/fr\/\",\"name\":\"Tour Travel And More\",\"description\":\"Private sightseeing tours and luxury transfers in Spain\",\"publisher\":{\"@id\":\"https:\/\/tourtravelandmore.com\/fr\/#organization\"},\"potentialAction\":[{\"@type\":\"SearchAction\",\"target\":{\"@type\":\"EntryPoint\",\"urlTemplate\":\"https:\/\/tourtravelandmore.com\/fr\/?s={search_term_string}\"},\"query-input\":{\"@type\":\"PropertyValueSpecification\",\"valueRequired\":true,\"valueName\":\"search_term_string\"}}],\"inLanguage\":\"fr-FR\"},{\"@type\":\"Organization\",\"@id\":\"https:\/\/tourtravelandmore.com\/fr\/#organization\",\"name\":\"Tour Travel And More\",\"url\":\"https:\/\/tourtravelandmore.com\/fr\/\",\"logo\":{\"@type\":\"ImageObject\",\"inLanguage\":\"fr-FR\",\"@id\":\"https:\/\/tourtravelandmore.com\/fr\/#\/schema\/logo\/image\/\",\"url\":\"https:\/\/tourtravelandmore.com\/wp-content\/uploads\/2022\/12\/cropped-logo-cabecera-new.png\",\"contentUrl\":\"https:\/\/tourtravelandmore.com\/wp-content\/uploads\/2022\/12\/cropped-logo-cabecera-new.png\",\"width\":430,\"height\":61,\"caption\":\"Tour Travel And More\"},\"image\":{\"@id\":\"https:\/\/tourtravelandmore.com\/fr\/#\/schema\/logo\/image\/\"},\"sameAs\":[\"https:\/\/www.facebook.com\/tourtravelandmore\/\",\"https:\/\/x.com\/TourTravel_More\"]}]}<\/script>\n<!-- \/ Yoast SEO Premium plugin. -->","yoast_head_json":{"title":"Transferts priv\u00e9s \u00e0 Gran Canarias - V\u00e9hicule priv\u00e9 avec chauffeur","description":"Transferts priv\u00e9s \u00e0 Gran Canarias. Prenez l'un de nos transferts PRIV\u00c9S de n'importe quel endroit de Gran Canarias \u00e0 votre destination finale sur l'\u00eele.","robots":{"index":"index","follow":"follow","max-snippet":"max-snippet:-1","max-image-preview":"max-image-preview:large","max-video-preview":"max-video-preview:-1"},"canonical":"https:\/\/tourtravelandmore.com\/fr\/tours\/espagne-fr\/grancanaria-fr\/transferts-prives-a-gran-canarias\/","og_locale":"fr_FR","og_type":"article","og_title":"Transferts priv\u00e9s \u00e0 Gran Canarias","og_description":"Transferts priv\u00e9s \u00e0 Gran Canarias. Prenez l'un de nos transferts PRIV\u00c9S de n'importe quel endroit de Gran Canarias \u00e0 votre destination finale sur l'\u00eele.","og_url":"https:\/\/tourtravelandmore.com\/fr\/tours\/espagne-fr\/grancanaria-fr\/transferts-prives-a-gran-canarias\/","og_site_name":"Tour Travel And More","article_publisher":"https:\/\/www.facebook.com\/tourtravelandmore\/","og_image":[{"width":800,"height":500,"url":"https:\/\/tourtravelandmore.com\/wp-content\/uploads\/2016\/11\/Luxurycar-1.jpg","type":"image\/jpeg"}],"twitter_card":"summary_large_image","twitter_site":"@TourTravel_More","twitter_misc":{"Dur\u00e9e de lecture estim\u00e9e":"2 minutes"},"schema":{"@context":"https:\/\/schema.org","@graph":[{"@type":"WebPage","@id":"https:\/\/tourtravelandmore.com\/fr\/tours\/espagne-fr\/grancanaria-fr\/transferts-prives-a-gran-canarias\/","url":"https:\/\/tourtravelandmore.com\/fr\/tours\/espagne-fr\/grancanaria-fr\/transferts-prives-a-gran-canarias\/","name":"Transferts priv\u00e9s \u00e0 Gran Canarias - V\u00e9hicule priv\u00e9 avec chauffeur","isPartOf":{"@id":"https:\/\/tourtravelandmore.com\/fr\/#website"},"primaryImageOfPage":{"@id":"https:\/\/tourtravelandmore.com\/fr\/tours\/espagne-fr\/grancanaria-fr\/transferts-prives-a-gran-canarias\/#primaryimage"},"image":{"@id":"https:\/\/tourtravelandmore.com\/fr\/tours\/espagne-fr\/grancanaria-fr\/transferts-prives-a-gran-canarias\/#primaryimage"},"thumbnailUrl":"https:\/\/tourtravelandmore.com\/wp-content\/uploads\/2016\/11\/Luxurycar-1.jpg","datePublished":"2020-07-23T19:59:44+00:00","description":"Transferts priv\u00e9s \u00e0 Gran Canarias. Prenez l'un de nos transferts PRIV\u00c9S de n'importe quel endroit de Gran Canarias \u00e0 votre destination finale sur l'\u00eele.","breadcrumb":{"@id":"https:\/\/tourtravelandmore.com\/fr\/tours\/espagne-fr\/grancanaria-fr\/transferts-prives-a-gran-canarias\/#breadcrumb"},"inLanguage":"fr-FR","potentialAction":[{"@type":"ReadAction","target":["https:\/\/tourtravelandmore.com\/fr\/tours\/espagne-fr\/grancanaria-fr\/transferts-prives-a-gran-canarias\/"]}]},{"@type":"ImageObject","inLanguage":"fr-FR","@id":"https:\/\/tourtravelandmore.com\/fr\/tours\/espagne-fr\/grancanaria-fr\/transferts-prives-a-gran-canarias\/#primaryimage","url":"https:\/\/tourtravelandmore.com\/wp-content\/uploads\/2016\/11\/Luxurycar-1.jpg","contentUrl":"https:\/\/tourtravelandmore.com\/wp-content\/uploads\/2016\/11\/Luxurycar-1.jpg","width":800,"height":500},{"@type":"BreadcrumbList","@id":"https:\/\/tourtravelandmore.com\/fr\/tours\/espagne-fr\/grancanaria-fr\/transferts-prives-a-gran-canarias\/#breadcrumb","itemListElement":[{"@type":"ListItem","position":1,"name":"Home","item":"https:\/\/tourtravelandmore.com\/fr\/"},{"@type":"ListItem","position":2,"name":"Tours","item":"https:\/\/tourtravelandmore.com\/fr\/tours\/"},{"@type":"ListItem","position":3,"name":"Transferts priv\u00e9s \u00e0 Gran Canarias"}]},{"@type":"WebSite","@id":"https:\/\/tourtravelandmore.com\/fr\/#website","url":"https:\/\/tourtravelandmore.com\/fr\/","name":"Tour Travel And More","description":"Private sightseeing tours and luxury transfers in Spain","publisher":{"@id":"https:\/\/tourtravelandmore.com\/fr\/#organization"},"potentialAction":[{"@type":"SearchAction","target":{"@type":"EntryPoint","urlTemplate":"https:\/\/tourtravelandmore.com\/fr\/?s={search_term_string}"},"query-input":{"@type":"PropertyValueSpecification","valueRequired":true,"valueName":"search_term_string"}}],"inLanguage":"fr-FR"},{"@type":"Organization","@id":"https:\/\/tourtravelandmore.com\/fr\/#organization","name":"Tour Travel And More","url":"https:\/\/tourtravelandmore.com\/fr\/","logo":{"@type":"ImageObject","inLanguage":"fr-FR","@id":"https:\/\/tourtravelandmore.com\/fr\/#\/schema\/logo\/image\/","url":"https:\/\/tourtravelandmore.com\/wp-content\/uploads\/2022\/12\/cropped-logo-cabecera-new.png","contentUrl":"https:\/\/tourtravelandmore.com\/wp-content\/uploads\/2022\/12\/cropped-logo-cabecera-new.png","width":430,"height":61,"caption":"Tour Travel And More"},"image":{"@id":"https:\/\/tourtravelandmore.com\/fr\/#\/schema\/logo\/image\/"},"sameAs":["https:\/\/www.facebook.com\/tourtravelandmore\/","https:\/\/x.com\/TourTravel_More"]}]}},"_links":{"self":[{"href":"https:\/\/tourtravelandmore.com\/fr\/wp-json\/wp\/v2\/product\/99362","targetHints":{"allow":["GET"]}}],"collection":[{"href":"https:\/\/tourtravelandmore.com\/fr\/wp-json\/wp\/v2\/product"}],"about":[{"href":"https:\/\/tourtravelandmore.com\/fr\/wp-json\/wp\/v2\/types\/product"}],"replies":[{"embeddable":true,"href":"https:\/\/tourtravelandmore.com\/fr\/wp-json\/wp\/v2\/comments?post=99362"}],"wp:featuredmedia":[{"embeddable":true,"href":"https:\/\/tourtravelandmore.com\/fr\/wp-json\/wp\/v2\/media\/95797"}],"wp:attachment":[{"href":"https:\/\/tourtravelandmore.com\/fr\/wp-json\/wp\/v2\/media?parent=99362"}],"wp:term":[{"taxonomy":"product_brand","embeddable":true,"href":"https:\/\/tourtravelandmore.com\/fr\/wp-json\/wp\/v2\/product_brand?post=99362"},{"taxonomy":"product_cat","embeddable":true,"href":"https:\/\/tourtravelandmore.com\/fr\/wp-json\/wp\/v2\/product_cat?post=99362"},{"taxonomy":"product_tag","embeddable":true,"href":"https:\/\/tourtravelandmore.com\/fr\/wp-json\/wp\/v2\/product_tag?post=99362"}],"curies":[{"name":"wp","href":"https:\/\/api.w.org\/{rel}","templated":true}]}}