{"id":99347,"date":"2019-01-16T13:49:29","date_gmt":"2019-01-16T12:49:29","guid":{"rendered":"https:\/\/tourtravelandmore.com\/tours\/non class\u00e9\/visite-privee-de-maspalomas\/"},"modified":"2019-01-16T13:49:29","modified_gmt":"2019-01-16T12:49:29","slug":"visite-privee-de-maspalomas","status":"publish","type":"product","link":"https:\/\/tourtravelandmore.com\/fr\/tours\/espagne-fr\/grancanaria-fr\/visite-privee-de-maspalomas\/","title":{"rendered":"Visite priv\u00e9e de Maspalomas"},"content":{"rendered":"<h2>Description<\/h2>\n<p>Apprenez \u00e0 conna\u00eetre Maspalomas avec cette visite priv\u00e9e de Maspalomas. Que ce soit pour des vacances en famille, une escapade entre amis ou simplement avec votre moiti\u00e9, cette visite priv\u00e9e de Maspalomas vous donnera une excellente id\u00e9e de ce bel endroit.<\/p>\n<p>Tout d&#8217;abord, rencontrez notre chauffeur-guide \u00e0 l&#8217;endroit de votre choix. Ce lieu de choix peut \u00eatre le port de croisi\u00e8re si vous venez en excursion \u00e0 terre. Nous pouvons \u00e9galement organiser une prise en charge priv\u00e9e depuis votre h\u00f4tel ou votre appartement sur l&#8217;\u00eele de Gran Canarias.<\/p>\n<p>Une fois que vous aurez rencontr\u00e9 votre chauffeur-guide, nous nous dirigerons vers Maspalomas. Il y a beaucoup \u00e0 voir et nous vous aiderons \u00e0 explorer cette petite partie de l&#8217;\u00eele. Prenez des photos impressionnantes et de merveilleux souvenirs chez vous!<\/p>\n<h2>Sites d&#8217;int\u00e9r\u00eat et monuments<\/h2>\n<p>Vous quitterez votre logement ou lieu de votre choix \u00e0 Gran Canaria avec votre chauffeur-guide priv\u00e9 et vous vous dirigerez vers Maspalomas.<\/p>\n<p>Il y a beaucoup \u00e0 voir, mais voici quelques exemples;<\/p>\n<ul>\n<li>Meloneras Playa<\/li>\n<li>Phare de Maspalomas: situ\u00e9 en bord de mer avec un quartier anim\u00e9<\/li>\n<li>Playa del Ingles: trouvez une belle plage et un emplacement de vill\u00e9giature<\/li>\n<li>Quartier Bellavista<\/li>\n<li>Quartier de San Fernando<\/li>\n<li>Plage de Maspalomas<\/li>\n<li>Templo Ecumenico El Salvador<\/li>\n<li>Paseo Costa Canaria<\/li>\n<li>Paseo Maritime; promenade<\/li>\n<li>R\u00e9serve naturelle de dunes de Maspalomas: d\u00e9couvrez rapidement ces dunes prot\u00e9g\u00e9es et ces \u00abmini\u00bb d\u00e9sert<\/li>\n<li>Beaucoup plus!<\/li>\n<\/ul>\n<p>Une fois la visite termin\u00e9e, nous vous ram\u00e8nerons \u00e0 votre h\u00f4tel ou au point de d\u00e9part de la visite. Si vous pr\u00e9f\u00e9rez passer plus de temps que la visite d\u00e9sign\u00e9e de 4 heures, il n&#8217;y a pas de probl\u00e8me. Il s&#8217;agit d&#8217;une visite enti\u00e8rement priv\u00e9e et pour cette raison, nous pouvons organiser l&#8217;itin\u00e9raire en fonction de vos pr\u00e9f\u00e9rences.<\/p>\n<p>Contactez nos experts en voyages et d\u00e9couvrez nos autres exp\u00e9riences priv\u00e9es \u00e0 l&#8217;int\u00e9rieur de Gran Canarias.<\/p>\n","protected":false},"excerpt":{"rendered":"<p>Profitez de cette visite priv\u00e9e d&#8217;une demi-journ\u00e9e enti\u00e8rement personnalis\u00e9e de Maspalomas, l&#8217;un des endroits les plus sp\u00e9ciaux de Gran Canaria. Apprenez \u00e0 conna\u00eetre l&#8217;un des plus beaux sites de l&#8217;\u00eele avec votre chauffeur \/ guide priv\u00e9. Profitez de cette occasion pour d\u00e9couvrir Gran Canaria dans cette exp\u00e9rience \u00e0 votre rythme. Personnalisez votre propre exp\u00e9rience avec nous.<\/p>\n","protected":false},"featured_media":95477,"comment_status":"open","ping_status":"closed","template":"","meta":{"_acf_changed":false},"product_brand":[],"product_cat":[3578],"product_tag":[],"class_list":{"0":"post-99347","1":"product","2":"type-product","3":"status-publish","4":"has-post-thumbnail","6":"product_cat-grancanaria-fr","8":"first","9":"instock","10":"shipping-taxable","11":"purchasable","12":"product-type-simple"},"acf":[],"yoast_head":"<!-- This site is optimized with the Yoast SEO Premium plugin v25.3.1 (Yoast SEO v25.3.1) - https:\/\/yoast.com\/wordpress\/plugins\/seo\/ -->\n<title>Visite priv\u00e9e de Maspalomas - Chauffeur-guide priv\u00e9 pour une exp\u00e9rience unique<\/title>\n<meta name=\"description\" content=\"Visite priv\u00e9e de Maspalomas enti\u00e8rement personnalis\u00e9e avec chauffeur - guide priv\u00e9. Prise en charge \u00e0 l&#039;endroit souhait\u00e9 sur l&#039;\u00eele de Gran Canaria\" \/>\n<meta name=\"robots\" content=\"index, follow, max-snippet:-1, max-image-preview:large, max-video-preview:-1\" \/>\n<link rel=\"canonical\" href=\"https:\/\/tourtravelandmore.com\/fr\/tours\/espagne-fr\/grancanaria-fr\/visite-privee-de-maspalomas\/\" \/>\n<meta property=\"og:locale\" content=\"fr_FR\" \/>\n<meta property=\"og:type\" content=\"article\" \/>\n<meta property=\"og:title\" content=\"Visite priv\u00e9e de Maspalomas\" \/>\n<meta property=\"og:description\" content=\"Visite priv\u00e9e de Maspalomas enti\u00e8rement personnalis\u00e9e avec chauffeur - guide priv\u00e9. Prise en charge \u00e0 l&#039;endroit souhait\u00e9 sur l&#039;\u00eele de Gran Canaria\" \/>\n<meta property=\"og:url\" content=\"https:\/\/tourtravelandmore.com\/fr\/tours\/espagne-fr\/grancanaria-fr\/visite-privee-de-maspalomas\/\" \/>\n<meta property=\"og:site_name\" content=\"Tour Travel And More\" \/>\n<meta property=\"article:publisher\" content=\"https:\/\/www.facebook.com\/tourtravelandmore\/\" \/>\n<meta property=\"og:image\" content=\"https:\/\/tourtravelandmore.com\/wp-content\/uploads\/2019\/01\/maspalomas-1762716_960_720.jpg\" \/>\n\t<meta property=\"og:image:width\" content=\"960\" \/>\n\t<meta property=\"og:image:height\" content=\"640\" \/>\n\t<meta property=\"og:image:type\" content=\"image\/jpeg\" \/>\n<meta name=\"twitter:card\" content=\"summary_large_image\" \/>\n<meta name=\"twitter:site\" content=\"@TourTravel_More\" \/>\n<meta name=\"twitter:label1\" content=\"Dur\u00e9e de lecture estim\u00e9e\" \/>\n\t<meta name=\"twitter:data1\" content=\"2 minutes\" \/>\n<script type=\"application\/ld+json\" class=\"yoast-schema-graph\">{\"@context\":\"https:\/\/schema.org\",\"@graph\":[{\"@type\":\"WebPage\",\"@id\":\"https:\/\/tourtravelandmore.com\/fr\/tours\/espagne-fr\/grancanaria-fr\/visite-privee-de-maspalomas\/\",\"url\":\"https:\/\/tourtravelandmore.com\/fr\/tours\/espagne-fr\/grancanaria-fr\/visite-privee-de-maspalomas\/\",\"name\":\"Visite priv\u00e9e de Maspalomas - Chauffeur-guide priv\u00e9 pour une exp\u00e9rience unique\",\"isPartOf\":{\"@id\":\"https:\/\/tourtravelandmore.com\/fr\/#website\"},\"primaryImageOfPage\":{\"@id\":\"https:\/\/tourtravelandmore.com\/fr\/tours\/espagne-fr\/grancanaria-fr\/visite-privee-de-maspalomas\/#primaryimage\"},\"image\":{\"@id\":\"https:\/\/tourtravelandmore.com\/fr\/tours\/espagne-fr\/grancanaria-fr\/visite-privee-de-maspalomas\/#primaryimage\"},\"thumbnailUrl\":\"https:\/\/tourtravelandmore.com\/wp-content\/uploads\/2019\/01\/maspalomas-1762716_960_720.jpg\",\"datePublished\":\"2019-01-16T12:49:29+00:00\",\"description\":\"Visite priv\u00e9e de Maspalomas enti\u00e8rement personnalis\u00e9e avec chauffeur - guide priv\u00e9. Prise en charge \u00e0 l'endroit souhait\u00e9 sur l'\u00eele de Gran Canaria\",\"breadcrumb\":{\"@id\":\"https:\/\/tourtravelandmore.com\/fr\/tours\/espagne-fr\/grancanaria-fr\/visite-privee-de-maspalomas\/#breadcrumb\"},\"inLanguage\":\"fr-FR\",\"potentialAction\":[{\"@type\":\"ReadAction\",\"target\":[\"https:\/\/tourtravelandmore.com\/fr\/tours\/espagne-fr\/grancanaria-fr\/visite-privee-de-maspalomas\/\"]}]},{\"@type\":\"ImageObject\",\"inLanguage\":\"fr-FR\",\"@id\":\"https:\/\/tourtravelandmore.com\/fr\/tours\/espagne-fr\/grancanaria-fr\/visite-privee-de-maspalomas\/#primaryimage\",\"url\":\"https:\/\/tourtravelandmore.com\/wp-content\/uploads\/2019\/01\/maspalomas-1762716_960_720.jpg\",\"contentUrl\":\"https:\/\/tourtravelandmore.com\/wp-content\/uploads\/2019\/01\/maspalomas-1762716_960_720.jpg\",\"width\":960,\"height\":640},{\"@type\":\"BreadcrumbList\",\"@id\":\"https:\/\/tourtravelandmore.com\/fr\/tours\/espagne-fr\/grancanaria-fr\/visite-privee-de-maspalomas\/#breadcrumb\",\"itemListElement\":[{\"@type\":\"ListItem\",\"position\":1,\"name\":\"Home\",\"item\":\"https:\/\/tourtravelandmore.com\/fr\/\"},{\"@type\":\"ListItem\",\"position\":2,\"name\":\"Tours\",\"item\":\"https:\/\/tourtravelandmore.com\/fr\/tours\/\"},{\"@type\":\"ListItem\",\"position\":3,\"name\":\"Visite priv\u00e9e de Maspalomas\"}]},{\"@type\":\"WebSite\",\"@id\":\"https:\/\/tourtravelandmore.com\/fr\/#website\",\"url\":\"https:\/\/tourtravelandmore.com\/fr\/\",\"name\":\"Tour Travel And More\",\"description\":\"Private sightseeing tours and luxury transfers in Spain\",\"publisher\":{\"@id\":\"https:\/\/tourtravelandmore.com\/fr\/#organization\"},\"potentialAction\":[{\"@type\":\"SearchAction\",\"target\":{\"@type\":\"EntryPoint\",\"urlTemplate\":\"https:\/\/tourtravelandmore.com\/fr\/?s={search_term_string}\"},\"query-input\":{\"@type\":\"PropertyValueSpecification\",\"valueRequired\":true,\"valueName\":\"search_term_string\"}}],\"inLanguage\":\"fr-FR\"},{\"@type\":\"Organization\",\"@id\":\"https:\/\/tourtravelandmore.com\/fr\/#organization\",\"name\":\"Tour Travel And More\",\"url\":\"https:\/\/tourtravelandmore.com\/fr\/\",\"logo\":{\"@type\":\"ImageObject\",\"inLanguage\":\"fr-FR\",\"@id\":\"https:\/\/tourtravelandmore.com\/fr\/#\/schema\/logo\/image\/\",\"url\":\"https:\/\/tourtravelandmore.com\/wp-content\/uploads\/2022\/12\/cropped-logo-cabecera-new.png\",\"contentUrl\":\"https:\/\/tourtravelandmore.com\/wp-content\/uploads\/2022\/12\/cropped-logo-cabecera-new.png\",\"width\":430,\"height\":61,\"caption\":\"Tour Travel And More\"},\"image\":{\"@id\":\"https:\/\/tourtravelandmore.com\/fr\/#\/schema\/logo\/image\/\"},\"sameAs\":[\"https:\/\/www.facebook.com\/tourtravelandmore\/\",\"https:\/\/x.com\/TourTravel_More\"]}]}<\/script>\n<!-- \/ Yoast SEO Premium plugin. -->","yoast_head_json":{"title":"Visite priv\u00e9e de Maspalomas - Chauffeur-guide priv\u00e9 pour une exp\u00e9rience unique","description":"Visite priv\u00e9e de Maspalomas enti\u00e8rement personnalis\u00e9e avec chauffeur - guide priv\u00e9. Prise en charge \u00e0 l'endroit souhait\u00e9 sur l'\u00eele de Gran Canaria","robots":{"index":"index","follow":"follow","max-snippet":"max-snippet:-1","max-image-preview":"max-image-preview:large","max-video-preview":"max-video-preview:-1"},"canonical":"https:\/\/tourtravelandmore.com\/fr\/tours\/espagne-fr\/grancanaria-fr\/visite-privee-de-maspalomas\/","og_locale":"fr_FR","og_type":"article","og_title":"Visite priv\u00e9e de Maspalomas","og_description":"Visite priv\u00e9e de Maspalomas enti\u00e8rement personnalis\u00e9e avec chauffeur - guide priv\u00e9. Prise en charge \u00e0 l'endroit souhait\u00e9 sur l'\u00eele de Gran Canaria","og_url":"https:\/\/tourtravelandmore.com\/fr\/tours\/espagne-fr\/grancanaria-fr\/visite-privee-de-maspalomas\/","og_site_name":"Tour Travel And More","article_publisher":"https:\/\/www.facebook.com\/tourtravelandmore\/","og_image":[{"width":960,"height":640,"url":"https:\/\/tourtravelandmore.com\/wp-content\/uploads\/2019\/01\/maspalomas-1762716_960_720.jpg","type":"image\/jpeg"}],"twitter_card":"summary_large_image","twitter_site":"@TourTravel_More","twitter_misc":{"Dur\u00e9e de lecture estim\u00e9e":"2 minutes"},"schema":{"@context":"https:\/\/schema.org","@graph":[{"@type":"WebPage","@id":"https:\/\/tourtravelandmore.com\/fr\/tours\/espagne-fr\/grancanaria-fr\/visite-privee-de-maspalomas\/","url":"https:\/\/tourtravelandmore.com\/fr\/tours\/espagne-fr\/grancanaria-fr\/visite-privee-de-maspalomas\/","name":"Visite priv\u00e9e de Maspalomas - Chauffeur-guide priv\u00e9 pour une exp\u00e9rience unique","isPartOf":{"@id":"https:\/\/tourtravelandmore.com\/fr\/#website"},"primaryImageOfPage":{"@id":"https:\/\/tourtravelandmore.com\/fr\/tours\/espagne-fr\/grancanaria-fr\/visite-privee-de-maspalomas\/#primaryimage"},"image":{"@id":"https:\/\/tourtravelandmore.com\/fr\/tours\/espagne-fr\/grancanaria-fr\/visite-privee-de-maspalomas\/#primaryimage"},"thumbnailUrl":"https:\/\/tourtravelandmore.com\/wp-content\/uploads\/2019\/01\/maspalomas-1762716_960_720.jpg","datePublished":"2019-01-16T12:49:29+00:00","description":"Visite priv\u00e9e de Maspalomas enti\u00e8rement personnalis\u00e9e avec chauffeur - guide priv\u00e9. Prise en charge \u00e0 l'endroit souhait\u00e9 sur l'\u00eele de Gran Canaria","breadcrumb":{"@id":"https:\/\/tourtravelandmore.com\/fr\/tours\/espagne-fr\/grancanaria-fr\/visite-privee-de-maspalomas\/#breadcrumb"},"inLanguage":"fr-FR","potentialAction":[{"@type":"ReadAction","target":["https:\/\/tourtravelandmore.com\/fr\/tours\/espagne-fr\/grancanaria-fr\/visite-privee-de-maspalomas\/"]}]},{"@type":"ImageObject","inLanguage":"fr-FR","@id":"https:\/\/tourtravelandmore.com\/fr\/tours\/espagne-fr\/grancanaria-fr\/visite-privee-de-maspalomas\/#primaryimage","url":"https:\/\/tourtravelandmore.com\/wp-content\/uploads\/2019\/01\/maspalomas-1762716_960_720.jpg","contentUrl":"https:\/\/tourtravelandmore.com\/wp-content\/uploads\/2019\/01\/maspalomas-1762716_960_720.jpg","width":960,"height":640},{"@type":"BreadcrumbList","@id":"https:\/\/tourtravelandmore.com\/fr\/tours\/espagne-fr\/grancanaria-fr\/visite-privee-de-maspalomas\/#breadcrumb","itemListElement":[{"@type":"ListItem","position":1,"name":"Home","item":"https:\/\/tourtravelandmore.com\/fr\/"},{"@type":"ListItem","position":2,"name":"Tours","item":"https:\/\/tourtravelandmore.com\/fr\/tours\/"},{"@type":"ListItem","position":3,"name":"Visite priv\u00e9e de Maspalomas"}]},{"@type":"WebSite","@id":"https:\/\/tourtravelandmore.com\/fr\/#website","url":"https:\/\/tourtravelandmore.com\/fr\/","name":"Tour Travel And More","description":"Private sightseeing tours and luxury transfers in Spain","publisher":{"@id":"https:\/\/tourtravelandmore.com\/fr\/#organization"},"potentialAction":[{"@type":"SearchAction","target":{"@type":"EntryPoint","urlTemplate":"https:\/\/tourtravelandmore.com\/fr\/?s={search_term_string}"},"query-input":{"@type":"PropertyValueSpecification","valueRequired":true,"valueName":"search_term_string"}}],"inLanguage":"fr-FR"},{"@type":"Organization","@id":"https:\/\/tourtravelandmore.com\/fr\/#organization","name":"Tour Travel And More","url":"https:\/\/tourtravelandmore.com\/fr\/","logo":{"@type":"ImageObject","inLanguage":"fr-FR","@id":"https:\/\/tourtravelandmore.com\/fr\/#\/schema\/logo\/image\/","url":"https:\/\/tourtravelandmore.com\/wp-content\/uploads\/2022\/12\/cropped-logo-cabecera-new.png","contentUrl":"https:\/\/tourtravelandmore.com\/wp-content\/uploads\/2022\/12\/cropped-logo-cabecera-new.png","width":430,"height":61,"caption":"Tour Travel And More"},"image":{"@id":"https:\/\/tourtravelandmore.com\/fr\/#\/schema\/logo\/image\/"},"sameAs":["https:\/\/www.facebook.com\/tourtravelandmore\/","https:\/\/x.com\/TourTravel_More"]}]}},"_links":{"self":[{"href":"https:\/\/tourtravelandmore.com\/fr\/wp-json\/wp\/v2\/product\/99347","targetHints":{"allow":["GET"]}}],"collection":[{"href":"https:\/\/tourtravelandmore.com\/fr\/wp-json\/wp\/v2\/product"}],"about":[{"href":"https:\/\/tourtravelandmore.com\/fr\/wp-json\/wp\/v2\/types\/product"}],"replies":[{"embeddable":true,"href":"https:\/\/tourtravelandmore.com\/fr\/wp-json\/wp\/v2\/comments?post=99347"}],"wp:featuredmedia":[{"embeddable":true,"href":"https:\/\/tourtravelandmore.com\/fr\/wp-json\/wp\/v2\/media\/95477"}],"wp:attachment":[{"href":"https:\/\/tourtravelandmore.com\/fr\/wp-json\/wp\/v2\/media?parent=99347"}],"wp:term":[{"taxonomy":"product_brand","embeddable":true,"href":"https:\/\/tourtravelandmore.com\/fr\/wp-json\/wp\/v2\/product_brand?post=99347"},{"taxonomy":"product_cat","embeddable":true,"href":"https:\/\/tourtravelandmore.com\/fr\/wp-json\/wp\/v2\/product_cat?post=99347"},{"taxonomy":"product_tag","embeddable":true,"href":"https:\/\/tourtravelandmore.com\/fr\/wp-json\/wp\/v2\/product_tag?post=99347"}],"curies":[{"name":"wp","href":"https:\/\/api.w.org\/{rel}","templated":true}]}}