{"id":99342,"date":"2019-01-16T13:23:08","date_gmt":"2019-01-16T12:23:08","guid":{"rendered":"https:\/\/tourtravelandmore.com\/tours\/non class\u00e9\/visite-privee-de-las-palmas\/"},"modified":"2019-01-16T13:23:08","modified_gmt":"2019-01-16T12:23:08","slug":"visite-privee-de-las-palmas","status":"publish","type":"product","link":"https:\/\/tourtravelandmore.com\/fr\/tours\/espagne-fr\/grancanaria-fr\/visite-privee-de-las-palmas\/","title":{"rendered":"Visite priv\u00e9e de Las Palmas"},"content":{"rendered":"<h2>Description<\/h2>\n<p>Il s&#8217;agit d&#8217;une visite priv\u00e9e de Las Palmas qui peut \u00eatre prise en charge depuis n&#8217;importe o\u00f9 sur l&#8217;\u00eele de Gran Canarias. Nous sommes l\u00e0 pour rendre votre exp\u00e9rience unique. Que ce soit en croisi\u00e8re, en week-end ou en passant une semaine \u00e0 Gran Canarias, laissez-nous vous faire visiter Las Palmas lors de cette visite priv\u00e9e.<\/p>\n<p>Tout d&#8217;abord, laissez-nous organiser une prise en charge confortable depuis le lieu de votre choix. Une fois que vous serez avec votre chauffeur-guide, nous commencerons cette visite priv\u00e9e de Las Palmas.<\/p>\n<p>Votre chauffeur-guide professionnel et expert vous emm\u00e8nera dans les lieux les plus importants de Las Palmas.<\/p>\n<h2>Sites d&#8217;int\u00e9r\u00eat et monuments<\/h2>\n<p>Cette visite priv\u00e9e commencera par une prise en charge priv\u00e9e aupr\u00e8s de votre chauffeur-guide. Une fois que vous vous \u00eates retrouv\u00e9 \u00e0 votre h\u00f4tel, port de croisi\u00e8re ou appartement, cette visite priv\u00e9e commencera.<\/p>\n<p>Voici ci-dessous un bref exemple de l&#8217;itin\u00e9raire que vous pouvez appr\u00e9cier. Bien s\u00fbr, cela d\u00e9pendra de l&#8217;endroit o\u00f9 nous commen\u00e7ons et la commande exacte est \u00e9galement en attente d&#8217;\u00eatre d\u00e9termin\u00e9e.<\/p>\n<p>Avoir une vue sur les sites les plus importants de Las Palmas;<\/p>\n<ul>\n<li>Plage de Las Canteras; cette r\u00e9gion est bien connue pour la plong\u00e9e avec tuba<\/li>\n<li>Bandama Caldera; Crat\u00e8re volcanique<\/li>\n<li>Vue de la Casa de Colon<\/li>\n<li>Cath\u00e9drale de Las Palmas: cath\u00e9drale catholique<\/li>\n<li>Jardin Botanico Canario Viera y Clavijo<\/li>\n<li>Vegueta<\/li>\n<li>Vue du Museo Canario<\/li>\n<li>Vue de l&#8217;Auditorium Alfredo Kraus<\/li>\n<li>Port de Las Palmas<\/li>\n<li>Calle Triana<\/li>\n<li>Castillo de la Luz<\/li>\n<li>Parc San Telmo<\/li>\n<li>March\u00e9 portuaire<\/li>\n<li>Plaza de Santa Ana<\/li>\n<li>Parque de Santa Catalina<\/li>\n<li>Beaucoup plus!<\/li>\n<\/ul>\n<p>Lorsque la visite est termin\u00e9e, nous vous ram\u00e8nerons au port de croisi\u00e8re ou \u00e0 votre lieu de d\u00e9pose souhait\u00e9 \u00e0 Gran Canarias .. Cela doit \u00eatre d\u00e9termin\u00e9 au moment de la r\u00e9servation pour organiser l&#8217;itin\u00e9raire correspondant.<\/p>\n<p>D\u00e9couvrez nos autres visites priv\u00e9es \u00e0 Gran Canarias. Veuillez noter que nous proposons des excursions \u00e0 terre vers n&#8217;importe quel port d&#8217;escale!<\/p>\n","protected":false},"excerpt":{"rendered":"<p>Profitez de cette visite priv\u00e9e enti\u00e8rement personnalis\u00e9e pour d\u00e9couvrir Las Palmas, la ville principale de Gran Canaria. Profitez-en pour visiter des endroits merveilleux tels que nous: Vegueta, le port de Las Palmas, la cath\u00e9drale et bien plus encore !. Vous aurez \u00e0 votre enti\u00e8re disposition un v\u00e9hicule de luxe priv\u00e9 avec chauffeur \/ guide qui vous emm\u00e8nera dans cette visite priv\u00e9e. La prise en charge peut se faire \u00e0 l&#8217;h\u00f4tel ou \u00e0 n&#8217;importe quelle partie de l&#8217;\u00eele.<\/p>\n","protected":false},"featured_media":95471,"comment_status":"open","ping_status":"closed","template":"","meta":{"_acf_changed":false},"product_brand":[],"product_cat":[3578],"product_tag":[],"class_list":{"0":"post-99342","1":"product","2":"type-product","3":"status-publish","4":"has-post-thumbnail","6":"product_cat-grancanaria-fr","8":"first","9":"instock","10":"shipping-taxable","11":"purchasable","12":"product-type-simple"},"acf":[],"yoast_head":"<!-- This site is optimized with the Yoast SEO Premium plugin v25.3.1 (Yoast SEO v25.3.1) - https:\/\/yoast.com\/wordpress\/plugins\/seo\/ -->\n<title>Visite priv\u00e9e de Las Palmas - Prise en charge priv\u00e9e avec chauffeur-guide<\/title>\n<meta name=\"description\" content=\"Visite priv\u00e9e compl\u00e8tement personnalis\u00e9e de Las Palmas. Explorez Las Palmas avec chauffeur-guide priv\u00e9. Prise en charge \u00e0 l&#039;endroit souhait\u00e9 \u00e0 Gran Canaria\" \/>\n<meta name=\"robots\" content=\"index, follow, max-snippet:-1, max-image-preview:large, max-video-preview:-1\" \/>\n<link rel=\"canonical\" href=\"https:\/\/tourtravelandmore.com\/fr\/tours\/espagne-fr\/grancanaria-fr\/visite-privee-de-las-palmas\/\" \/>\n<meta property=\"og:locale\" content=\"fr_FR\" \/>\n<meta property=\"og:type\" content=\"article\" \/>\n<meta property=\"og:title\" content=\"Visite priv\u00e9e de Las Palmas\" \/>\n<meta property=\"og:description\" content=\"Visite priv\u00e9e compl\u00e8tement personnalis\u00e9e de Las Palmas. Explorez Las Palmas avec chauffeur-guide priv\u00e9. Prise en charge \u00e0 l&#039;endroit souhait\u00e9 \u00e0 Gran Canaria\" \/>\n<meta property=\"og:url\" content=\"https:\/\/tourtravelandmore.com\/fr\/tours\/espagne-fr\/grancanaria-fr\/visite-privee-de-las-palmas\/\" \/>\n<meta property=\"og:site_name\" content=\"Tour Travel And More\" \/>\n<meta property=\"article:publisher\" content=\"https:\/\/www.facebook.com\/tourtravelandmore\/\" \/>\n<meta property=\"og:image\" content=\"https:\/\/tourtravelandmore.com\/wp-content\/uploads\/2019\/01\/las-palmas.jpg\" \/>\n\t<meta property=\"og:image:width\" content=\"1024\" \/>\n\t<meta property=\"og:image:height\" content=\"683\" \/>\n\t<meta property=\"og:image:type\" content=\"image\/jpeg\" \/>\n<meta name=\"twitter:card\" content=\"summary_large_image\" \/>\n<meta name=\"twitter:site\" content=\"@TourTravel_More\" \/>\n<meta name=\"twitter:label1\" content=\"Dur\u00e9e de lecture estim\u00e9e\" \/>\n\t<meta name=\"twitter:data1\" content=\"2 minutes\" \/>\n<script type=\"application\/ld+json\" class=\"yoast-schema-graph\">{\"@context\":\"https:\/\/schema.org\",\"@graph\":[{\"@type\":\"WebPage\",\"@id\":\"https:\/\/tourtravelandmore.com\/fr\/tours\/espagne-fr\/grancanaria-fr\/visite-privee-de-las-palmas\/\",\"url\":\"https:\/\/tourtravelandmore.com\/fr\/tours\/espagne-fr\/grancanaria-fr\/visite-privee-de-las-palmas\/\",\"name\":\"Visite priv\u00e9e de Las Palmas - Prise en charge priv\u00e9e avec chauffeur-guide\",\"isPartOf\":{\"@id\":\"https:\/\/tourtravelandmore.com\/fr\/#website\"},\"primaryImageOfPage\":{\"@id\":\"https:\/\/tourtravelandmore.com\/fr\/tours\/espagne-fr\/grancanaria-fr\/visite-privee-de-las-palmas\/#primaryimage\"},\"image\":{\"@id\":\"https:\/\/tourtravelandmore.com\/fr\/tours\/espagne-fr\/grancanaria-fr\/visite-privee-de-las-palmas\/#primaryimage\"},\"thumbnailUrl\":\"https:\/\/tourtravelandmore.com\/wp-content\/uploads\/2019\/01\/las-palmas.jpg\",\"datePublished\":\"2019-01-16T12:23:08+00:00\",\"description\":\"Visite priv\u00e9e compl\u00e8tement personnalis\u00e9e de Las Palmas. Explorez Las Palmas avec chauffeur-guide priv\u00e9. Prise en charge \u00e0 l'endroit souhait\u00e9 \u00e0 Gran Canaria\",\"breadcrumb\":{\"@id\":\"https:\/\/tourtravelandmore.com\/fr\/tours\/espagne-fr\/grancanaria-fr\/visite-privee-de-las-palmas\/#breadcrumb\"},\"inLanguage\":\"fr-FR\",\"potentialAction\":[{\"@type\":\"ReadAction\",\"target\":[\"https:\/\/tourtravelandmore.com\/fr\/tours\/espagne-fr\/grancanaria-fr\/visite-privee-de-las-palmas\/\"]}]},{\"@type\":\"ImageObject\",\"inLanguage\":\"fr-FR\",\"@id\":\"https:\/\/tourtravelandmore.com\/fr\/tours\/espagne-fr\/grancanaria-fr\/visite-privee-de-las-palmas\/#primaryimage\",\"url\":\"https:\/\/tourtravelandmore.com\/wp-content\/uploads\/2019\/01\/las-palmas.jpg\",\"contentUrl\":\"https:\/\/tourtravelandmore.com\/wp-content\/uploads\/2019\/01\/las-palmas.jpg\",\"width\":1024,\"height\":683},{\"@type\":\"BreadcrumbList\",\"@id\":\"https:\/\/tourtravelandmore.com\/fr\/tours\/espagne-fr\/grancanaria-fr\/visite-privee-de-las-palmas\/#breadcrumb\",\"itemListElement\":[{\"@type\":\"ListItem\",\"position\":1,\"name\":\"Home\",\"item\":\"https:\/\/tourtravelandmore.com\/fr\/\"},{\"@type\":\"ListItem\",\"position\":2,\"name\":\"Tours\",\"item\":\"https:\/\/tourtravelandmore.com\/fr\/tours\/\"},{\"@type\":\"ListItem\",\"position\":3,\"name\":\"Visite priv\u00e9e de Las Palmas\"}]},{\"@type\":\"WebSite\",\"@id\":\"https:\/\/tourtravelandmore.com\/fr\/#website\",\"url\":\"https:\/\/tourtravelandmore.com\/fr\/\",\"name\":\"Tour Travel And More\",\"description\":\"Private sightseeing tours and luxury transfers in Spain\",\"publisher\":{\"@id\":\"https:\/\/tourtravelandmore.com\/fr\/#organization\"},\"potentialAction\":[{\"@type\":\"SearchAction\",\"target\":{\"@type\":\"EntryPoint\",\"urlTemplate\":\"https:\/\/tourtravelandmore.com\/fr\/?s={search_term_string}\"},\"query-input\":{\"@type\":\"PropertyValueSpecification\",\"valueRequired\":true,\"valueName\":\"search_term_string\"}}],\"inLanguage\":\"fr-FR\"},{\"@type\":\"Organization\",\"@id\":\"https:\/\/tourtravelandmore.com\/fr\/#organization\",\"name\":\"Tour Travel And More\",\"url\":\"https:\/\/tourtravelandmore.com\/fr\/\",\"logo\":{\"@type\":\"ImageObject\",\"inLanguage\":\"fr-FR\",\"@id\":\"https:\/\/tourtravelandmore.com\/fr\/#\/schema\/logo\/image\/\",\"url\":\"https:\/\/tourtravelandmore.com\/wp-content\/uploads\/2022\/12\/cropped-logo-cabecera-new.png\",\"contentUrl\":\"https:\/\/tourtravelandmore.com\/wp-content\/uploads\/2022\/12\/cropped-logo-cabecera-new.png\",\"width\":430,\"height\":61,\"caption\":\"Tour Travel And More\"},\"image\":{\"@id\":\"https:\/\/tourtravelandmore.com\/fr\/#\/schema\/logo\/image\/\"},\"sameAs\":[\"https:\/\/www.facebook.com\/tourtravelandmore\/\",\"https:\/\/x.com\/TourTravel_More\"]}]}<\/script>\n<!-- \/ Yoast SEO Premium plugin. -->","yoast_head_json":{"title":"Visite priv\u00e9e de Las Palmas - Prise en charge priv\u00e9e avec chauffeur-guide","description":"Visite priv\u00e9e compl\u00e8tement personnalis\u00e9e de Las Palmas. Explorez Las Palmas avec chauffeur-guide priv\u00e9. Prise en charge \u00e0 l'endroit souhait\u00e9 \u00e0 Gran Canaria","robots":{"index":"index","follow":"follow","max-snippet":"max-snippet:-1","max-image-preview":"max-image-preview:large","max-video-preview":"max-video-preview:-1"},"canonical":"https:\/\/tourtravelandmore.com\/fr\/tours\/espagne-fr\/grancanaria-fr\/visite-privee-de-las-palmas\/","og_locale":"fr_FR","og_type":"article","og_title":"Visite priv\u00e9e de Las Palmas","og_description":"Visite priv\u00e9e compl\u00e8tement personnalis\u00e9e de Las Palmas. Explorez Las Palmas avec chauffeur-guide priv\u00e9. Prise en charge \u00e0 l'endroit souhait\u00e9 \u00e0 Gran Canaria","og_url":"https:\/\/tourtravelandmore.com\/fr\/tours\/espagne-fr\/grancanaria-fr\/visite-privee-de-las-palmas\/","og_site_name":"Tour Travel And More","article_publisher":"https:\/\/www.facebook.com\/tourtravelandmore\/","og_image":[{"width":1024,"height":683,"url":"https:\/\/tourtravelandmore.com\/wp-content\/uploads\/2019\/01\/las-palmas.jpg","type":"image\/jpeg"}],"twitter_card":"summary_large_image","twitter_site":"@TourTravel_More","twitter_misc":{"Dur\u00e9e de lecture estim\u00e9e":"2 minutes"},"schema":{"@context":"https:\/\/schema.org","@graph":[{"@type":"WebPage","@id":"https:\/\/tourtravelandmore.com\/fr\/tours\/espagne-fr\/grancanaria-fr\/visite-privee-de-las-palmas\/","url":"https:\/\/tourtravelandmore.com\/fr\/tours\/espagne-fr\/grancanaria-fr\/visite-privee-de-las-palmas\/","name":"Visite priv\u00e9e de Las Palmas - Prise en charge priv\u00e9e avec chauffeur-guide","isPartOf":{"@id":"https:\/\/tourtravelandmore.com\/fr\/#website"},"primaryImageOfPage":{"@id":"https:\/\/tourtravelandmore.com\/fr\/tours\/espagne-fr\/grancanaria-fr\/visite-privee-de-las-palmas\/#primaryimage"},"image":{"@id":"https:\/\/tourtravelandmore.com\/fr\/tours\/espagne-fr\/grancanaria-fr\/visite-privee-de-las-palmas\/#primaryimage"},"thumbnailUrl":"https:\/\/tourtravelandmore.com\/wp-content\/uploads\/2019\/01\/las-palmas.jpg","datePublished":"2019-01-16T12:23:08+00:00","description":"Visite priv\u00e9e compl\u00e8tement personnalis\u00e9e de Las Palmas. Explorez Las Palmas avec chauffeur-guide priv\u00e9. Prise en charge \u00e0 l'endroit souhait\u00e9 \u00e0 Gran Canaria","breadcrumb":{"@id":"https:\/\/tourtravelandmore.com\/fr\/tours\/espagne-fr\/grancanaria-fr\/visite-privee-de-las-palmas\/#breadcrumb"},"inLanguage":"fr-FR","potentialAction":[{"@type":"ReadAction","target":["https:\/\/tourtravelandmore.com\/fr\/tours\/espagne-fr\/grancanaria-fr\/visite-privee-de-las-palmas\/"]}]},{"@type":"ImageObject","inLanguage":"fr-FR","@id":"https:\/\/tourtravelandmore.com\/fr\/tours\/espagne-fr\/grancanaria-fr\/visite-privee-de-las-palmas\/#primaryimage","url":"https:\/\/tourtravelandmore.com\/wp-content\/uploads\/2019\/01\/las-palmas.jpg","contentUrl":"https:\/\/tourtravelandmore.com\/wp-content\/uploads\/2019\/01\/las-palmas.jpg","width":1024,"height":683},{"@type":"BreadcrumbList","@id":"https:\/\/tourtravelandmore.com\/fr\/tours\/espagne-fr\/grancanaria-fr\/visite-privee-de-las-palmas\/#breadcrumb","itemListElement":[{"@type":"ListItem","position":1,"name":"Home","item":"https:\/\/tourtravelandmore.com\/fr\/"},{"@type":"ListItem","position":2,"name":"Tours","item":"https:\/\/tourtravelandmore.com\/fr\/tours\/"},{"@type":"ListItem","position":3,"name":"Visite priv\u00e9e de Las Palmas"}]},{"@type":"WebSite","@id":"https:\/\/tourtravelandmore.com\/fr\/#website","url":"https:\/\/tourtravelandmore.com\/fr\/","name":"Tour Travel And More","description":"Private sightseeing tours and luxury transfers in Spain","publisher":{"@id":"https:\/\/tourtravelandmore.com\/fr\/#organization"},"potentialAction":[{"@type":"SearchAction","target":{"@type":"EntryPoint","urlTemplate":"https:\/\/tourtravelandmore.com\/fr\/?s={search_term_string}"},"query-input":{"@type":"PropertyValueSpecification","valueRequired":true,"valueName":"search_term_string"}}],"inLanguage":"fr-FR"},{"@type":"Organization","@id":"https:\/\/tourtravelandmore.com\/fr\/#organization","name":"Tour Travel And More","url":"https:\/\/tourtravelandmore.com\/fr\/","logo":{"@type":"ImageObject","inLanguage":"fr-FR","@id":"https:\/\/tourtravelandmore.com\/fr\/#\/schema\/logo\/image\/","url":"https:\/\/tourtravelandmore.com\/wp-content\/uploads\/2022\/12\/cropped-logo-cabecera-new.png","contentUrl":"https:\/\/tourtravelandmore.com\/wp-content\/uploads\/2022\/12\/cropped-logo-cabecera-new.png","width":430,"height":61,"caption":"Tour Travel And More"},"image":{"@id":"https:\/\/tourtravelandmore.com\/fr\/#\/schema\/logo\/image\/"},"sameAs":["https:\/\/www.facebook.com\/tourtravelandmore\/","https:\/\/x.com\/TourTravel_More"]}]}},"_links":{"self":[{"href":"https:\/\/tourtravelandmore.com\/fr\/wp-json\/wp\/v2\/product\/99342","targetHints":{"allow":["GET"]}}],"collection":[{"href":"https:\/\/tourtravelandmore.com\/fr\/wp-json\/wp\/v2\/product"}],"about":[{"href":"https:\/\/tourtravelandmore.com\/fr\/wp-json\/wp\/v2\/types\/product"}],"replies":[{"embeddable":true,"href":"https:\/\/tourtravelandmore.com\/fr\/wp-json\/wp\/v2\/comments?post=99342"}],"wp:featuredmedia":[{"embeddable":true,"href":"https:\/\/tourtravelandmore.com\/fr\/wp-json\/wp\/v2\/media\/95471"}],"wp:attachment":[{"href":"https:\/\/tourtravelandmore.com\/fr\/wp-json\/wp\/v2\/media?parent=99342"}],"wp:term":[{"taxonomy":"product_brand","embeddable":true,"href":"https:\/\/tourtravelandmore.com\/fr\/wp-json\/wp\/v2\/product_brand?post=99342"},{"taxonomy":"product_cat","embeddable":true,"href":"https:\/\/tourtravelandmore.com\/fr\/wp-json\/wp\/v2\/product_cat?post=99342"},{"taxonomy":"product_tag","embeddable":true,"href":"https:\/\/tourtravelandmore.com\/fr\/wp-json\/wp\/v2\/product_tag?post=99342"}],"curies":[{"name":"wp","href":"https:\/\/api.w.org\/{rel}","templated":true}]}}