{"id":99337,"date":"2019-01-16T12:33:27","date_gmt":"2019-01-16T11:33:27","guid":{"rendered":"https:\/\/tourtravelandmore.com\/tours\/non class\u00e9\/central-prive-visite-du-sud-ouest-de-gran-canaria\/"},"modified":"2019-01-16T12:33:27","modified_gmt":"2019-01-16T11:33:27","slug":"central-prive-visite-du-sud-ouest-de-gran-canaria","status":"publish","type":"product","link":"https:\/\/tourtravelandmore.com\/fr\/tours\/espagne-fr\/grancanaria-fr\/central-prive-visite-du-sud-ouest-de-gran-canaria\/","title":{"rendered":"Central priv\u00e9 &#038; Visite du sud-ouest de Gran Canaria"},"content":{"rendered":"<h2>Description<\/h2>\n<p>Gran Canarias est une \u00eele magnifique. Souvent, nous ne savons m\u00eame pas par o\u00f9 commencer. C&#8217;est pourquoi nous avons deux options de circuits pour d\u00e9couvrir toute l&#8217;\u00eele. Il y a la visite priv\u00e9e du nord et de l&#8217;est de Gran Canarias et cette visite priv\u00e9e du centre et du sud-ouest de Gran Canaria.<\/p>\n<p>Ces deux circuits vous donneront une id\u00e9e compl\u00e8te de ce que Gran Canarias a \u00e0 offrir exactement.<\/p>\n<p>Cette visite priv\u00e9e du centre et du sud-ouest de Gran Canaria d\u00e9butera par une prise en charge confortable \u00e0 l&#8217;endroit de votre choix. Une fois que vous avez rencontr\u00e9 notre chauffeur-guide et que vous vous \u00eates familiaris\u00e9 avec lui, cette visite priv\u00e9e commencera.<\/p>\n<p>L&#8217;itin\u00e9raire exact d\u00e9pendra de l&#8217;endroit o\u00f9 se trouve votre lieu de prise en charge. Si c&#8217;est du port de croisi\u00e8re ou d&#8217;un h\u00f4tel \u00e0 proximit\u00e9 de la r\u00e9gion, nous pourrons inclure plus d&#8217;emplacements. S&#8217;il s&#8217;agit d&#8217;un h\u00f4tel ou d&#8217;un emplacement plus au nord, nous adapterons le circuit pour la proposition parfaite pour vous.<\/p>\n<h2>Sites d&#8217;int\u00e9r\u00eat et monuments<\/h2>\n<p>Apr\u00e8s une prise en charge confortable et une rencontre avec votre chauffeur-guide, nous commencerons cette visite priv\u00e9e. Nous nous dirigerons vers la partie sud et centrale de l&#8217;\u00eele de Gran Canarias.<\/p>\n<p>Avec cet itin\u00e9raire suivant, vous d\u00e9couvrirez de nombreuses parties uniques que Gran Canarias a \u00e0 offrir. Cela comprendra par exemple les emplacements suivants;<\/p>\n<ul>\n<li>Santa Br\u00edgida<\/li>\n<li>San Bartolom\u00e9 de Tirajana<\/li>\n<li>Mog\u00e1n<\/li>\n<li>La Aldea de San Nicol\u00e1s<\/li>\n<li>Santa Lucia<\/li>\n<li>San Mateo<\/li>\n<li>Tejeda<\/li>\n<li>Artenara<\/li>\n<li>Vallesco<\/li>\n<li>Teror<\/li>\n<li>Beaucoup plus!<\/li>\n<\/ul>\n<p>Nous organiserons du temps pour manger un morceau. Au d\u00e9but de votre visite, faites-nous part de vos pr\u00e9f\u00e9rences pour vous arr\u00eater dans un endroit agr\u00e9able pour le d\u00e9jeuner. Cela peut \u00e9galement \u00eatre fait au moment de la r\u00e9servation si vous avez une id\u00e9e claire de ce que vous souhaitez.<\/p>\n<p>Enfin, notre chauffeur-guide vous ram\u00e8nera au point de d\u00e9part de la visite. Vous aurez profit\u00e9 d&#8217;une grande exp\u00e9rience d&#8217;une journ\u00e9e compl\u00e8te \u00e0 Gran Canarias!<\/p>\n","protected":false},"excerpt":{"rendered":"<p>Profitez de cette visite priv\u00e9e enti\u00e8rement personnalis\u00e9e pour d\u00e9couvrir les sites les plus embl\u00e9matiques du centre et du sud-ouest de Gran Canaria. Vous aurez \u00e0 votre enti\u00e8re disposition un chauffeur \/ guide priv\u00e9 dans un v\u00e9hicule de luxe priv\u00e9. Vous pourrez admirer les endroits les plus beaux et les plus \u00e9tonnants de cette partie de l&#8217;\u00eele. Nous pouvons organiser la prise en charge depuis n&#8217;importe quelle partie de l&#8217;\u00eele.<\/p>\n","protected":false},"featured_media":95473,"comment_status":"open","ping_status":"closed","template":"","meta":{"_acf_changed":false},"product_brand":[],"product_cat":[3578],"product_tag":[],"class_list":{"0":"post-99337","1":"product","2":"type-product","3":"status-publish","4":"has-post-thumbnail","6":"product_cat-grancanaria-fr","8":"first","9":"instock","10":"shipping-taxable","11":"purchasable","12":"product-type-simple"},"acf":[],"yoast_head":"<!-- This site is optimized with the Yoast SEO Premium plugin v25.3.1 (Yoast SEO v25.3.1) - https:\/\/yoast.com\/wordpress\/plugins\/seo\/ -->\n<title>Visite priv\u00e9e du centre et du sud-ouest de Gran Canaria - Chauffeur-guide priv\u00e9<\/title>\n<meta name=\"description\" content=\"Visite priv\u00e9e du centre et du sud-ouest de Gran Canaria enti\u00e8rement personnalis\u00e9e avec chauffeur-guide priv\u00e9. Prise en charge \u00e0 n&#039;importe quel endroit de Gran Canarias\" \/>\n<meta name=\"robots\" content=\"index, follow, max-snippet:-1, max-image-preview:large, max-video-preview:-1\" \/>\n<link rel=\"canonical\" href=\"https:\/\/tourtravelandmore.com\/fr\/tours\/espagne-fr\/grancanaria-fr\/central-prive-visite-du-sud-ouest-de-gran-canaria\/\" \/>\n<meta property=\"og:locale\" content=\"fr_FR\" \/>\n<meta property=\"og:type\" content=\"article\" \/>\n<meta property=\"og:title\" content=\"Central priv\u00e9 &amp; Visite du sud-ouest de Gran Canaria\" \/>\n<meta property=\"og:description\" content=\"Visite priv\u00e9e du centre et du sud-ouest de Gran Canaria enti\u00e8rement personnalis\u00e9e avec chauffeur-guide priv\u00e9. Prise en charge \u00e0 n&#039;importe quel endroit de Gran Canarias\" \/>\n<meta property=\"og:url\" content=\"https:\/\/tourtravelandmore.com\/fr\/tours\/espagne-fr\/grancanaria-fr\/central-prive-visite-du-sud-ouest-de-gran-canaria\/\" \/>\n<meta property=\"og:site_name\" content=\"Tour Travel And More\" \/>\n<meta property=\"article:publisher\" content=\"https:\/\/www.facebook.com\/tourtravelandmore\/\" \/>\n<meta property=\"og:image\" content=\"https:\/\/tourtravelandmore.com\/wp-content\/uploads\/2019\/01\/Faro_nuevo_sardina_gran_canaria-1024x768.jpg\" \/>\n\t<meta property=\"og:image:width\" content=\"1024\" \/>\n\t<meta property=\"og:image:height\" content=\"768\" \/>\n\t<meta property=\"og:image:type\" content=\"image\/jpeg\" \/>\n<meta name=\"twitter:card\" content=\"summary_large_image\" \/>\n<meta name=\"twitter:site\" content=\"@TourTravel_More\" \/>\n<meta name=\"twitter:label1\" content=\"Dur\u00e9e de lecture estim\u00e9e\" \/>\n\t<meta name=\"twitter:data1\" content=\"2 minutes\" \/>\n<script type=\"application\/ld+json\" class=\"yoast-schema-graph\">{\"@context\":\"https:\/\/schema.org\",\"@graph\":[{\"@type\":\"WebPage\",\"@id\":\"https:\/\/tourtravelandmore.com\/fr\/tours\/espagne-fr\/grancanaria-fr\/central-prive-visite-du-sud-ouest-de-gran-canaria\/\",\"url\":\"https:\/\/tourtravelandmore.com\/fr\/tours\/espagne-fr\/grancanaria-fr\/central-prive-visite-du-sud-ouest-de-gran-canaria\/\",\"name\":\"Visite priv\u00e9e du centre et du sud-ouest de Gran Canaria - Chauffeur-guide priv\u00e9\",\"isPartOf\":{\"@id\":\"https:\/\/tourtravelandmore.com\/fr\/#website\"},\"primaryImageOfPage\":{\"@id\":\"https:\/\/tourtravelandmore.com\/fr\/tours\/espagne-fr\/grancanaria-fr\/central-prive-visite-du-sud-ouest-de-gran-canaria\/#primaryimage\"},\"image\":{\"@id\":\"https:\/\/tourtravelandmore.com\/fr\/tours\/espagne-fr\/grancanaria-fr\/central-prive-visite-du-sud-ouest-de-gran-canaria\/#primaryimage\"},\"thumbnailUrl\":\"https:\/\/tourtravelandmore.com\/wp-content\/uploads\/2019\/01\/Faro_nuevo_sardina_gran_canaria.jpg\",\"datePublished\":\"2019-01-16T11:33:27+00:00\",\"description\":\"Visite priv\u00e9e du centre et du sud-ouest de Gran Canaria enti\u00e8rement personnalis\u00e9e avec chauffeur-guide priv\u00e9. Prise en charge \u00e0 n'importe quel endroit de Gran Canarias\",\"breadcrumb\":{\"@id\":\"https:\/\/tourtravelandmore.com\/fr\/tours\/espagne-fr\/grancanaria-fr\/central-prive-visite-du-sud-ouest-de-gran-canaria\/#breadcrumb\"},\"inLanguage\":\"fr-FR\",\"potentialAction\":[{\"@type\":\"ReadAction\",\"target\":[\"https:\/\/tourtravelandmore.com\/fr\/tours\/espagne-fr\/grancanaria-fr\/central-prive-visite-du-sud-ouest-de-gran-canaria\/\"]}]},{\"@type\":\"ImageObject\",\"inLanguage\":\"fr-FR\",\"@id\":\"https:\/\/tourtravelandmore.com\/fr\/tours\/espagne-fr\/grancanaria-fr\/central-prive-visite-du-sud-ouest-de-gran-canaria\/#primaryimage\",\"url\":\"https:\/\/tourtravelandmore.com\/wp-content\/uploads\/2019\/01\/Faro_nuevo_sardina_gran_canaria.jpg\",\"contentUrl\":\"https:\/\/tourtravelandmore.com\/wp-content\/uploads\/2019\/01\/Faro_nuevo_sardina_gran_canaria.jpg\",\"width\":2592,\"height\":1944},{\"@type\":\"BreadcrumbList\",\"@id\":\"https:\/\/tourtravelandmore.com\/fr\/tours\/espagne-fr\/grancanaria-fr\/central-prive-visite-du-sud-ouest-de-gran-canaria\/#breadcrumb\",\"itemListElement\":[{\"@type\":\"ListItem\",\"position\":1,\"name\":\"Home\",\"item\":\"https:\/\/tourtravelandmore.com\/fr\/\"},{\"@type\":\"ListItem\",\"position\":2,\"name\":\"Tours\",\"item\":\"https:\/\/tourtravelandmore.com\/fr\/tours\/\"},{\"@type\":\"ListItem\",\"position\":3,\"name\":\"Central priv\u00e9 &#038; Visite du sud-ouest de Gran Canaria\"}]},{\"@type\":\"WebSite\",\"@id\":\"https:\/\/tourtravelandmore.com\/fr\/#website\",\"url\":\"https:\/\/tourtravelandmore.com\/fr\/\",\"name\":\"Tour Travel And More\",\"description\":\"Private sightseeing tours and luxury transfers in Spain\",\"publisher\":{\"@id\":\"https:\/\/tourtravelandmore.com\/fr\/#organization\"},\"potentialAction\":[{\"@type\":\"SearchAction\",\"target\":{\"@type\":\"EntryPoint\",\"urlTemplate\":\"https:\/\/tourtravelandmore.com\/fr\/?s={search_term_string}\"},\"query-input\":{\"@type\":\"PropertyValueSpecification\",\"valueRequired\":true,\"valueName\":\"search_term_string\"}}],\"inLanguage\":\"fr-FR\"},{\"@type\":\"Organization\",\"@id\":\"https:\/\/tourtravelandmore.com\/fr\/#organization\",\"name\":\"Tour Travel And More\",\"url\":\"https:\/\/tourtravelandmore.com\/fr\/\",\"logo\":{\"@type\":\"ImageObject\",\"inLanguage\":\"fr-FR\",\"@id\":\"https:\/\/tourtravelandmore.com\/fr\/#\/schema\/logo\/image\/\",\"url\":\"https:\/\/tourtravelandmore.com\/wp-content\/uploads\/2022\/12\/cropped-logo-cabecera-new.png\",\"contentUrl\":\"https:\/\/tourtravelandmore.com\/wp-content\/uploads\/2022\/12\/cropped-logo-cabecera-new.png\",\"width\":430,\"height\":61,\"caption\":\"Tour Travel And More\"},\"image\":{\"@id\":\"https:\/\/tourtravelandmore.com\/fr\/#\/schema\/logo\/image\/\"},\"sameAs\":[\"https:\/\/www.facebook.com\/tourtravelandmore\/\",\"https:\/\/x.com\/TourTravel_More\"]}]}<\/script>\n<!-- \/ Yoast SEO Premium plugin. -->","yoast_head_json":{"title":"Visite priv\u00e9e du centre et du sud-ouest de Gran Canaria - Chauffeur-guide priv\u00e9","description":"Visite priv\u00e9e du centre et du sud-ouest de Gran Canaria enti\u00e8rement personnalis\u00e9e avec chauffeur-guide priv\u00e9. Prise en charge \u00e0 n'importe quel endroit de Gran Canarias","robots":{"index":"index","follow":"follow","max-snippet":"max-snippet:-1","max-image-preview":"max-image-preview:large","max-video-preview":"max-video-preview:-1"},"canonical":"https:\/\/tourtravelandmore.com\/fr\/tours\/espagne-fr\/grancanaria-fr\/central-prive-visite-du-sud-ouest-de-gran-canaria\/","og_locale":"fr_FR","og_type":"article","og_title":"Central priv\u00e9 & Visite du sud-ouest de Gran Canaria","og_description":"Visite priv\u00e9e du centre et du sud-ouest de Gran Canaria enti\u00e8rement personnalis\u00e9e avec chauffeur-guide priv\u00e9. Prise en charge \u00e0 n'importe quel endroit de Gran Canarias","og_url":"https:\/\/tourtravelandmore.com\/fr\/tours\/espagne-fr\/grancanaria-fr\/central-prive-visite-du-sud-ouest-de-gran-canaria\/","og_site_name":"Tour Travel And More","article_publisher":"https:\/\/www.facebook.com\/tourtravelandmore\/","og_image":[{"width":1024,"height":768,"url":"https:\/\/tourtravelandmore.com\/wp-content\/uploads\/2019\/01\/Faro_nuevo_sardina_gran_canaria-1024x768.jpg","type":"image\/jpeg"}],"twitter_card":"summary_large_image","twitter_site":"@TourTravel_More","twitter_misc":{"Dur\u00e9e de lecture estim\u00e9e":"2 minutes"},"schema":{"@context":"https:\/\/schema.org","@graph":[{"@type":"WebPage","@id":"https:\/\/tourtravelandmore.com\/fr\/tours\/espagne-fr\/grancanaria-fr\/central-prive-visite-du-sud-ouest-de-gran-canaria\/","url":"https:\/\/tourtravelandmore.com\/fr\/tours\/espagne-fr\/grancanaria-fr\/central-prive-visite-du-sud-ouest-de-gran-canaria\/","name":"Visite priv\u00e9e du centre et du sud-ouest de Gran Canaria - Chauffeur-guide priv\u00e9","isPartOf":{"@id":"https:\/\/tourtravelandmore.com\/fr\/#website"},"primaryImageOfPage":{"@id":"https:\/\/tourtravelandmore.com\/fr\/tours\/espagne-fr\/grancanaria-fr\/central-prive-visite-du-sud-ouest-de-gran-canaria\/#primaryimage"},"image":{"@id":"https:\/\/tourtravelandmore.com\/fr\/tours\/espagne-fr\/grancanaria-fr\/central-prive-visite-du-sud-ouest-de-gran-canaria\/#primaryimage"},"thumbnailUrl":"https:\/\/tourtravelandmore.com\/wp-content\/uploads\/2019\/01\/Faro_nuevo_sardina_gran_canaria.jpg","datePublished":"2019-01-16T11:33:27+00:00","description":"Visite priv\u00e9e du centre et du sud-ouest de Gran Canaria enti\u00e8rement personnalis\u00e9e avec chauffeur-guide priv\u00e9. Prise en charge \u00e0 n'importe quel endroit de Gran Canarias","breadcrumb":{"@id":"https:\/\/tourtravelandmore.com\/fr\/tours\/espagne-fr\/grancanaria-fr\/central-prive-visite-du-sud-ouest-de-gran-canaria\/#breadcrumb"},"inLanguage":"fr-FR","potentialAction":[{"@type":"ReadAction","target":["https:\/\/tourtravelandmore.com\/fr\/tours\/espagne-fr\/grancanaria-fr\/central-prive-visite-du-sud-ouest-de-gran-canaria\/"]}]},{"@type":"ImageObject","inLanguage":"fr-FR","@id":"https:\/\/tourtravelandmore.com\/fr\/tours\/espagne-fr\/grancanaria-fr\/central-prive-visite-du-sud-ouest-de-gran-canaria\/#primaryimage","url":"https:\/\/tourtravelandmore.com\/wp-content\/uploads\/2019\/01\/Faro_nuevo_sardina_gran_canaria.jpg","contentUrl":"https:\/\/tourtravelandmore.com\/wp-content\/uploads\/2019\/01\/Faro_nuevo_sardina_gran_canaria.jpg","width":2592,"height":1944},{"@type":"BreadcrumbList","@id":"https:\/\/tourtravelandmore.com\/fr\/tours\/espagne-fr\/grancanaria-fr\/central-prive-visite-du-sud-ouest-de-gran-canaria\/#breadcrumb","itemListElement":[{"@type":"ListItem","position":1,"name":"Home","item":"https:\/\/tourtravelandmore.com\/fr\/"},{"@type":"ListItem","position":2,"name":"Tours","item":"https:\/\/tourtravelandmore.com\/fr\/tours\/"},{"@type":"ListItem","position":3,"name":"Central priv\u00e9 &#038; Visite du sud-ouest de Gran Canaria"}]},{"@type":"WebSite","@id":"https:\/\/tourtravelandmore.com\/fr\/#website","url":"https:\/\/tourtravelandmore.com\/fr\/","name":"Tour Travel And More","description":"Private sightseeing tours and luxury transfers in Spain","publisher":{"@id":"https:\/\/tourtravelandmore.com\/fr\/#organization"},"potentialAction":[{"@type":"SearchAction","target":{"@type":"EntryPoint","urlTemplate":"https:\/\/tourtravelandmore.com\/fr\/?s={search_term_string}"},"query-input":{"@type":"PropertyValueSpecification","valueRequired":true,"valueName":"search_term_string"}}],"inLanguage":"fr-FR"},{"@type":"Organization","@id":"https:\/\/tourtravelandmore.com\/fr\/#organization","name":"Tour Travel And More","url":"https:\/\/tourtravelandmore.com\/fr\/","logo":{"@type":"ImageObject","inLanguage":"fr-FR","@id":"https:\/\/tourtravelandmore.com\/fr\/#\/schema\/logo\/image\/","url":"https:\/\/tourtravelandmore.com\/wp-content\/uploads\/2022\/12\/cropped-logo-cabecera-new.png","contentUrl":"https:\/\/tourtravelandmore.com\/wp-content\/uploads\/2022\/12\/cropped-logo-cabecera-new.png","width":430,"height":61,"caption":"Tour Travel And More"},"image":{"@id":"https:\/\/tourtravelandmore.com\/fr\/#\/schema\/logo\/image\/"},"sameAs":["https:\/\/www.facebook.com\/tourtravelandmore\/","https:\/\/x.com\/TourTravel_More"]}]}},"_links":{"self":[{"href":"https:\/\/tourtravelandmore.com\/fr\/wp-json\/wp\/v2\/product\/99337","targetHints":{"allow":["GET"]}}],"collection":[{"href":"https:\/\/tourtravelandmore.com\/fr\/wp-json\/wp\/v2\/product"}],"about":[{"href":"https:\/\/tourtravelandmore.com\/fr\/wp-json\/wp\/v2\/types\/product"}],"replies":[{"embeddable":true,"href":"https:\/\/tourtravelandmore.com\/fr\/wp-json\/wp\/v2\/comments?post=99337"}],"wp:featuredmedia":[{"embeddable":true,"href":"https:\/\/tourtravelandmore.com\/fr\/wp-json\/wp\/v2\/media\/95473"}],"wp:attachment":[{"href":"https:\/\/tourtravelandmore.com\/fr\/wp-json\/wp\/v2\/media?parent=99337"}],"wp:term":[{"taxonomy":"product_brand","embeddable":true,"href":"https:\/\/tourtravelandmore.com\/fr\/wp-json\/wp\/v2\/product_brand?post=99337"},{"taxonomy":"product_cat","embeddable":true,"href":"https:\/\/tourtravelandmore.com\/fr\/wp-json\/wp\/v2\/product_cat?post=99337"},{"taxonomy":"product_tag","embeddable":true,"href":"https:\/\/tourtravelandmore.com\/fr\/wp-json\/wp\/v2\/product_tag?post=99337"}],"curies":[{"name":"wp","href":"https:\/\/api.w.org\/{rel}","templated":true}]}}