{"id":99332,"date":"2019-01-16T11:36:55","date_gmt":"2019-01-16T10:36:55","guid":{"rendered":"https:\/\/tourtravelandmore.com\/tours\/non class\u00e9\/visite-des-plages-privees-a-gran-canarias\/"},"modified":"2019-01-16T11:36:55","modified_gmt":"2019-01-16T10:36:55","slug":"visite-des-plages-privees-a-gran-canarias","status":"publish","type":"product","link":"https:\/\/tourtravelandmore.com\/fr\/tours\/espagne-fr\/grancanaria-fr\/visite-des-plages-privees-a-gran-canarias\/","title":{"rendered":"Visite des plages priv\u00e9es \u00e0 Gran Canarias"},"content":{"rendered":"<h2>Description<\/h2>\n<p>Lorsque vous visitez une \u00eele comme Gran Canarias, vous ne pouvez pas manquer une chance de visiter les meilleures plages. C&#8217;est pourquoi cette visite des plages priv\u00e9es \u00e0 Gran Canarias est la meilleure option pour vous. Ayez votre propre chauffeur-guide \u00e0 votre disposition pendant toute la journ\u00e9e pour explorer les meilleures plages de Gran Canarias.<\/p>\n<p>Il s&#8217;agit d&#8217;une visite enti\u00e8rement priv\u00e9e afin que nous puissions organiser la visite autour de vos envies. Cela signifie que nous pouvons faire une excursion d&#8217;une journ\u00e9e \u00e0 la plage o\u00f9 vous pourrez nager et profiter des plages. L&#8217;autre option peut \u00eatre de visiter autant de plages que possible sans passer du temps dans l&#8217;oc\u00e9an. Cela d\u00e9pendra compl\u00e8tement de vous. Nous sommes tr\u00e8s flexibles et nous sommes l\u00e0 pour r\u00e9pondre \u00e0 vos attentes.<\/p>\n<p>Au moment de la r\u00e9servation ou lorsque vous demandez un devis, faites-nous part de vos envies et nous travaillerons un itin\u00e9raire autour de cela. Si vous souhaitez passer du temps et nager \u00e0 chaque endroit, vous n&#8217;aurez pas la chance de visiter autant de plages que si vous alliez simplement vous arr\u00eater. Il n&#8217;y a aucun probl\u00e8me et nous pouvons organiser la proposition que vous pr\u00e9f\u00e9rez. Ou m\u00eame un m\u00e9lange des deux propositions!<\/p>\n<h2>Sites d&#8217;int\u00e9r\u00eat et monuments<\/h2>\n<p>Selon l&#8217;endroit o\u00f9 se trouve votre h\u00f4tel ou votre appartement, nous viendrons vous chercher \u00e0 partir de l\u00e0. Cela peut \u00eatre n&#8217;importe o\u00f9 sur l&#8217;\u00eele de Gran Canarias.<\/p>\n<p>Si vous venez en excursion \u00e0 terre, nous pouvons venir vous chercher au port de croisi\u00e8re. Pour une excursion \u00e0 terre, nous aurions besoin de conna\u00eetre les heures d&#8217;amarrage pour organiser la meilleure proposition appropri\u00e9e.<\/p>\n<p>Voici quelques exemples de plages et d&#8217;endroits que vous pouvez visiter lors de cette visite des plages priv\u00e9es \u00e0 Gran Canarias.<\/p>\n<ul>\n<li>Maspalomas<\/li>\n<li>Porto Rico<\/li>\n<li>Bahia Feliz<\/li>\n<li>Agaete<\/li>\n<li>Melenara<\/li>\n<li>Arinaga<\/li>\n<li>Playa de Mogan<\/li>\n<li>Pasito Blanco<\/li>\n<li>Puerto de las Nieves<\/li>\n<\/ul>\n<p>En fonction du temps que vous souhaitez passer sur chacune des plages, vous pourrez voir plus ou moins de plages. Une fois la visite termin\u00e9e, nous vous ram\u00e8nerons au port de croisi\u00e8re ou \u00e0 votre lieu de d\u00e9pose souhait\u00e9. Cela doit \u00eatre d\u00e9termin\u00e9 au moment de la r\u00e9servation pour organiser la proposition correspondante.<\/p>\n<p>Jetez un \u0153il \u00e0 nos visites priv\u00e9es \u00e0 Gran Canarias ici! N&#8217;oubliez pas, nous pouvons organiser des visites priv\u00e9es partout dans le monde que vous souhaitez!<\/p>\n","protected":false},"excerpt":{"rendered":"<p>Profitez de cette excursion priv\u00e9e d&#8217;une journ\u00e9e enti\u00e8rement personnalis\u00e9e pour d\u00e9couvrir les plus belles plages de Gran Canaria. Profitez de ses plages et villes c\u00f4ti\u00e8res les plus connues et les plus belles. Profitez de cette occasion pour d\u00e9couvrir Gran Canaria dans cette exp\u00e9rience avec votre propre v\u00e9hicule de luxe priv\u00e9 avec chauffeur \/ guide. Personnalisez votre propre exp\u00e9rience avec nous.<\/p>\n","protected":false},"featured_media":95467,"comment_status":"open","ping_status":"closed","template":"","meta":{"_acf_changed":false},"product_brand":[],"product_cat":[3578],"product_tag":[],"class_list":{"0":"post-99332","1":"product","2":"type-product","3":"status-publish","4":"has-post-thumbnail","6":"product_cat-grancanaria-fr","8":"first","9":"instock","10":"shipping-taxable","11":"purchasable","12":"product-type-simple"},"acf":[],"yoast_head":"<!-- This site is optimized with the Yoast SEO Premium plugin v25.3.1 (Yoast SEO v25.3.1) - https:\/\/yoast.com\/wordpress\/plugins\/seo\/ -->\n<title>Visite des plages priv\u00e9es de Gran Canarias - Chauffeur-guide priv\u00e9<\/title>\n<meta name=\"description\" content=\"Visite des plages priv\u00e9es de Gran Canarias. Explorez Gran Canarias et ses plus belles plages. Chauffeur-guide priv\u00e9 parlant anglais. Ramasser \u00e0 l&#039;endroit d\u00e9sir\u00e9\" \/>\n<meta name=\"robots\" content=\"index, follow, max-snippet:-1, max-image-preview:large, max-video-preview:-1\" \/>\n<link rel=\"canonical\" href=\"https:\/\/tourtravelandmore.com\/fr\/tours\/espagne-fr\/grancanaria-fr\/visite-des-plages-privees-a-gran-canarias\/\" \/>\n<meta property=\"og:locale\" content=\"fr_FR\" \/>\n<meta property=\"og:type\" content=\"article\" \/>\n<meta property=\"og:title\" content=\"Visite des plages priv\u00e9es \u00e0 Gran Canarias\" \/>\n<meta property=\"og:description\" content=\"Visite des plages priv\u00e9es de Gran Canarias. Explorez Gran Canarias et ses plus belles plages. Chauffeur-guide priv\u00e9 parlant anglais. Ramasser \u00e0 l&#039;endroit d\u00e9sir\u00e9\" \/>\n<meta property=\"og:url\" content=\"https:\/\/tourtravelandmore.com\/fr\/tours\/espagne-fr\/grancanaria-fr\/visite-des-plages-privees-a-gran-canarias\/\" \/>\n<meta property=\"og:site_name\" content=\"Tour Travel And More\" \/>\n<meta property=\"article:publisher\" content=\"https:\/\/www.facebook.com\/tourtravelandmore\/\" \/>\n<meta property=\"og:image\" content=\"https:\/\/tourtravelandmore.com\/wp-content\/uploads\/2019\/01\/gran-canaria-2409761_960_720.jpg\" \/>\n\t<meta property=\"og:image:width\" content=\"960\" \/>\n\t<meta property=\"og:image:height\" content=\"640\" \/>\n\t<meta property=\"og:image:type\" content=\"image\/jpeg\" \/>\n<meta name=\"twitter:card\" content=\"summary_large_image\" \/>\n<meta name=\"twitter:site\" content=\"@TourTravel_More\" \/>\n<meta name=\"twitter:label1\" content=\"Dur\u00e9e de lecture estim\u00e9e\" \/>\n\t<meta name=\"twitter:data1\" content=\"2 minutes\" \/>\n<script type=\"application\/ld+json\" class=\"yoast-schema-graph\">{\"@context\":\"https:\/\/schema.org\",\"@graph\":[{\"@type\":\"WebPage\",\"@id\":\"https:\/\/tourtravelandmore.com\/fr\/tours\/espagne-fr\/grancanaria-fr\/visite-des-plages-privees-a-gran-canarias\/\",\"url\":\"https:\/\/tourtravelandmore.com\/fr\/tours\/espagne-fr\/grancanaria-fr\/visite-des-plages-privees-a-gran-canarias\/\",\"name\":\"Visite des plages priv\u00e9es de Gran Canarias - Chauffeur-guide priv\u00e9\",\"isPartOf\":{\"@id\":\"https:\/\/tourtravelandmore.com\/fr\/#website\"},\"primaryImageOfPage\":{\"@id\":\"https:\/\/tourtravelandmore.com\/fr\/tours\/espagne-fr\/grancanaria-fr\/visite-des-plages-privees-a-gran-canarias\/#primaryimage\"},\"image\":{\"@id\":\"https:\/\/tourtravelandmore.com\/fr\/tours\/espagne-fr\/grancanaria-fr\/visite-des-plages-privees-a-gran-canarias\/#primaryimage\"},\"thumbnailUrl\":\"https:\/\/tourtravelandmore.com\/wp-content\/uploads\/2019\/01\/gran-canaria-2409761_960_720.jpg\",\"datePublished\":\"2019-01-16T10:36:55+00:00\",\"description\":\"Visite des plages priv\u00e9es de Gran Canarias. Explorez Gran Canarias et ses plus belles plages. Chauffeur-guide priv\u00e9 parlant anglais. Ramasser \u00e0 l'endroit d\u00e9sir\u00e9\",\"breadcrumb\":{\"@id\":\"https:\/\/tourtravelandmore.com\/fr\/tours\/espagne-fr\/grancanaria-fr\/visite-des-plages-privees-a-gran-canarias\/#breadcrumb\"},\"inLanguage\":\"fr-FR\",\"potentialAction\":[{\"@type\":\"ReadAction\",\"target\":[\"https:\/\/tourtravelandmore.com\/fr\/tours\/espagne-fr\/grancanaria-fr\/visite-des-plages-privees-a-gran-canarias\/\"]}]},{\"@type\":\"ImageObject\",\"inLanguage\":\"fr-FR\",\"@id\":\"https:\/\/tourtravelandmore.com\/fr\/tours\/espagne-fr\/grancanaria-fr\/visite-des-plages-privees-a-gran-canarias\/#primaryimage\",\"url\":\"https:\/\/tourtravelandmore.com\/wp-content\/uploads\/2019\/01\/gran-canaria-2409761_960_720.jpg\",\"contentUrl\":\"https:\/\/tourtravelandmore.com\/wp-content\/uploads\/2019\/01\/gran-canaria-2409761_960_720.jpg\",\"width\":960,\"height\":640},{\"@type\":\"BreadcrumbList\",\"@id\":\"https:\/\/tourtravelandmore.com\/fr\/tours\/espagne-fr\/grancanaria-fr\/visite-des-plages-privees-a-gran-canarias\/#breadcrumb\",\"itemListElement\":[{\"@type\":\"ListItem\",\"position\":1,\"name\":\"Home\",\"item\":\"https:\/\/tourtravelandmore.com\/fr\/\"},{\"@type\":\"ListItem\",\"position\":2,\"name\":\"Tours\",\"item\":\"https:\/\/tourtravelandmore.com\/fr\/tours\/\"},{\"@type\":\"ListItem\",\"position\":3,\"name\":\"Visite des plages priv\u00e9es \u00e0 Gran Canarias\"}]},{\"@type\":\"WebSite\",\"@id\":\"https:\/\/tourtravelandmore.com\/fr\/#website\",\"url\":\"https:\/\/tourtravelandmore.com\/fr\/\",\"name\":\"Tour Travel And More\",\"description\":\"Private sightseeing tours and luxury transfers in Spain\",\"publisher\":{\"@id\":\"https:\/\/tourtravelandmore.com\/fr\/#organization\"},\"potentialAction\":[{\"@type\":\"SearchAction\",\"target\":{\"@type\":\"EntryPoint\",\"urlTemplate\":\"https:\/\/tourtravelandmore.com\/fr\/?s={search_term_string}\"},\"query-input\":{\"@type\":\"PropertyValueSpecification\",\"valueRequired\":true,\"valueName\":\"search_term_string\"}}],\"inLanguage\":\"fr-FR\"},{\"@type\":\"Organization\",\"@id\":\"https:\/\/tourtravelandmore.com\/fr\/#organization\",\"name\":\"Tour Travel And More\",\"url\":\"https:\/\/tourtravelandmore.com\/fr\/\",\"logo\":{\"@type\":\"ImageObject\",\"inLanguage\":\"fr-FR\",\"@id\":\"https:\/\/tourtravelandmore.com\/fr\/#\/schema\/logo\/image\/\",\"url\":\"https:\/\/tourtravelandmore.com\/wp-content\/uploads\/2022\/12\/cropped-logo-cabecera-new.png\",\"contentUrl\":\"https:\/\/tourtravelandmore.com\/wp-content\/uploads\/2022\/12\/cropped-logo-cabecera-new.png\",\"width\":430,\"height\":61,\"caption\":\"Tour Travel And More\"},\"image\":{\"@id\":\"https:\/\/tourtravelandmore.com\/fr\/#\/schema\/logo\/image\/\"},\"sameAs\":[\"https:\/\/www.facebook.com\/tourtravelandmore\/\",\"https:\/\/x.com\/TourTravel_More\"]}]}<\/script>\n<!-- \/ Yoast SEO Premium plugin. -->","yoast_head_json":{"title":"Visite des plages priv\u00e9es de Gran Canarias - Chauffeur-guide priv\u00e9","description":"Visite des plages priv\u00e9es de Gran Canarias. Explorez Gran Canarias et ses plus belles plages. Chauffeur-guide priv\u00e9 parlant anglais. Ramasser \u00e0 l'endroit d\u00e9sir\u00e9","robots":{"index":"index","follow":"follow","max-snippet":"max-snippet:-1","max-image-preview":"max-image-preview:large","max-video-preview":"max-video-preview:-1"},"canonical":"https:\/\/tourtravelandmore.com\/fr\/tours\/espagne-fr\/grancanaria-fr\/visite-des-plages-privees-a-gran-canarias\/","og_locale":"fr_FR","og_type":"article","og_title":"Visite des plages priv\u00e9es \u00e0 Gran Canarias","og_description":"Visite des plages priv\u00e9es de Gran Canarias. Explorez Gran Canarias et ses plus belles plages. Chauffeur-guide priv\u00e9 parlant anglais. Ramasser \u00e0 l'endroit d\u00e9sir\u00e9","og_url":"https:\/\/tourtravelandmore.com\/fr\/tours\/espagne-fr\/grancanaria-fr\/visite-des-plages-privees-a-gran-canarias\/","og_site_name":"Tour Travel And More","article_publisher":"https:\/\/www.facebook.com\/tourtravelandmore\/","og_image":[{"width":960,"height":640,"url":"https:\/\/tourtravelandmore.com\/wp-content\/uploads\/2019\/01\/gran-canaria-2409761_960_720.jpg","type":"image\/jpeg"}],"twitter_card":"summary_large_image","twitter_site":"@TourTravel_More","twitter_misc":{"Dur\u00e9e de lecture estim\u00e9e":"2 minutes"},"schema":{"@context":"https:\/\/schema.org","@graph":[{"@type":"WebPage","@id":"https:\/\/tourtravelandmore.com\/fr\/tours\/espagne-fr\/grancanaria-fr\/visite-des-plages-privees-a-gran-canarias\/","url":"https:\/\/tourtravelandmore.com\/fr\/tours\/espagne-fr\/grancanaria-fr\/visite-des-plages-privees-a-gran-canarias\/","name":"Visite des plages priv\u00e9es de Gran Canarias - Chauffeur-guide priv\u00e9","isPartOf":{"@id":"https:\/\/tourtravelandmore.com\/fr\/#website"},"primaryImageOfPage":{"@id":"https:\/\/tourtravelandmore.com\/fr\/tours\/espagne-fr\/grancanaria-fr\/visite-des-plages-privees-a-gran-canarias\/#primaryimage"},"image":{"@id":"https:\/\/tourtravelandmore.com\/fr\/tours\/espagne-fr\/grancanaria-fr\/visite-des-plages-privees-a-gran-canarias\/#primaryimage"},"thumbnailUrl":"https:\/\/tourtravelandmore.com\/wp-content\/uploads\/2019\/01\/gran-canaria-2409761_960_720.jpg","datePublished":"2019-01-16T10:36:55+00:00","description":"Visite des plages priv\u00e9es de Gran Canarias. Explorez Gran Canarias et ses plus belles plages. Chauffeur-guide priv\u00e9 parlant anglais. Ramasser \u00e0 l'endroit d\u00e9sir\u00e9","breadcrumb":{"@id":"https:\/\/tourtravelandmore.com\/fr\/tours\/espagne-fr\/grancanaria-fr\/visite-des-plages-privees-a-gran-canarias\/#breadcrumb"},"inLanguage":"fr-FR","potentialAction":[{"@type":"ReadAction","target":["https:\/\/tourtravelandmore.com\/fr\/tours\/espagne-fr\/grancanaria-fr\/visite-des-plages-privees-a-gran-canarias\/"]}]},{"@type":"ImageObject","inLanguage":"fr-FR","@id":"https:\/\/tourtravelandmore.com\/fr\/tours\/espagne-fr\/grancanaria-fr\/visite-des-plages-privees-a-gran-canarias\/#primaryimage","url":"https:\/\/tourtravelandmore.com\/wp-content\/uploads\/2019\/01\/gran-canaria-2409761_960_720.jpg","contentUrl":"https:\/\/tourtravelandmore.com\/wp-content\/uploads\/2019\/01\/gran-canaria-2409761_960_720.jpg","width":960,"height":640},{"@type":"BreadcrumbList","@id":"https:\/\/tourtravelandmore.com\/fr\/tours\/espagne-fr\/grancanaria-fr\/visite-des-plages-privees-a-gran-canarias\/#breadcrumb","itemListElement":[{"@type":"ListItem","position":1,"name":"Home","item":"https:\/\/tourtravelandmore.com\/fr\/"},{"@type":"ListItem","position":2,"name":"Tours","item":"https:\/\/tourtravelandmore.com\/fr\/tours\/"},{"@type":"ListItem","position":3,"name":"Visite des plages priv\u00e9es \u00e0 Gran Canarias"}]},{"@type":"WebSite","@id":"https:\/\/tourtravelandmore.com\/fr\/#website","url":"https:\/\/tourtravelandmore.com\/fr\/","name":"Tour Travel And More","description":"Private sightseeing tours and luxury transfers in Spain","publisher":{"@id":"https:\/\/tourtravelandmore.com\/fr\/#organization"},"potentialAction":[{"@type":"SearchAction","target":{"@type":"EntryPoint","urlTemplate":"https:\/\/tourtravelandmore.com\/fr\/?s={search_term_string}"},"query-input":{"@type":"PropertyValueSpecification","valueRequired":true,"valueName":"search_term_string"}}],"inLanguage":"fr-FR"},{"@type":"Organization","@id":"https:\/\/tourtravelandmore.com\/fr\/#organization","name":"Tour Travel And More","url":"https:\/\/tourtravelandmore.com\/fr\/","logo":{"@type":"ImageObject","inLanguage":"fr-FR","@id":"https:\/\/tourtravelandmore.com\/fr\/#\/schema\/logo\/image\/","url":"https:\/\/tourtravelandmore.com\/wp-content\/uploads\/2022\/12\/cropped-logo-cabecera-new.png","contentUrl":"https:\/\/tourtravelandmore.com\/wp-content\/uploads\/2022\/12\/cropped-logo-cabecera-new.png","width":430,"height":61,"caption":"Tour Travel And More"},"image":{"@id":"https:\/\/tourtravelandmore.com\/fr\/#\/schema\/logo\/image\/"},"sameAs":["https:\/\/www.facebook.com\/tourtravelandmore\/","https:\/\/x.com\/TourTravel_More"]}]}},"_links":{"self":[{"href":"https:\/\/tourtravelandmore.com\/fr\/wp-json\/wp\/v2\/product\/99332","targetHints":{"allow":["GET"]}}],"collection":[{"href":"https:\/\/tourtravelandmore.com\/fr\/wp-json\/wp\/v2\/product"}],"about":[{"href":"https:\/\/tourtravelandmore.com\/fr\/wp-json\/wp\/v2\/types\/product"}],"replies":[{"embeddable":true,"href":"https:\/\/tourtravelandmore.com\/fr\/wp-json\/wp\/v2\/comments?post=99332"}],"wp:featuredmedia":[{"embeddable":true,"href":"https:\/\/tourtravelandmore.com\/fr\/wp-json\/wp\/v2\/media\/95467"}],"wp:attachment":[{"href":"https:\/\/tourtravelandmore.com\/fr\/wp-json\/wp\/v2\/media?parent=99332"}],"wp:term":[{"taxonomy":"product_brand","embeddable":true,"href":"https:\/\/tourtravelandmore.com\/fr\/wp-json\/wp\/v2\/product_brand?post=99332"},{"taxonomy":"product_cat","embeddable":true,"href":"https:\/\/tourtravelandmore.com\/fr\/wp-json\/wp\/v2\/product_cat?post=99332"},{"taxonomy":"product_tag","embeddable":true,"href":"https:\/\/tourtravelandmore.com\/fr\/wp-json\/wp\/v2\/product_tag?post=99332"}],"curies":[{"name":"wp","href":"https:\/\/api.w.org\/{rel}","templated":true}]}}