{"id":99319,"date":"2019-01-10T15:58:33","date_gmt":"2019-01-10T14:58:33","guid":{"rendered":"https:\/\/tourtravelandmore.com\/tours\/non%20class\u00e9\/visite-de-la-plage-privee-a-lanzarote\/"},"modified":"2021-02-18T10:59:55","modified_gmt":"2021-02-18T09:59:55","slug":"visite-de-la-plage-privee-a-lanzarote","status":"publish","type":"product","link":"https:\/\/tourtravelandmore.com\/fr\/tours\/espagne-fr\/lanzarote-fr\/visite-de-la-plage-privee-a-lanzarote\/","title":{"rendered":"Visite de la plage priv\u00e9e \u00e0 Lanzarote"},"content":{"rendered":"<h2>Description<\/h2>\n<p>Tout le monde aime conna\u00eetre les meilleures plages cach\u00e9es de chaque \u00eele. Lanzarote n&#8217;est pas diff\u00e9rente. C&#8217;est pourquoi nous avons cr\u00e9\u00e9 une visite priv\u00e9e de la plage \u00e0 Lanzarote. Cette visite priv\u00e9e vous m\u00e8nera aux meilleurs emplacements de plage de l&#8217;\u00eele de Lanzarote. Une \u00eele volcanique avec de belles plages.<\/p>\n<p>Cette \u00eele de l&#8217;oc\u00e9an Atlantique est la 4\u00e8me plus grande \u00eele de l&#8217;archipel. L&#8217;un des sites les plus embl\u00e9matiques de l&#8217;\u00eele est le parc national de Timanfaya. Cela dit, nous devons profiter de notre chauffeur-guide priv\u00e9 et apprendre \u00e0 conna\u00eetre les meilleures plages de l&#8217;\u00eele. L&#8217;\u00eele de Lanzarote est d\u00e9clar\u00e9e r\u00e9serve de biosph\u00e8re en 1993 par l&#8217;UNESCO.<\/p>\n<p>Cette visite priv\u00e9e commencera \u00e0 partir de votre h\u00f4tel ou de l&#8217;emplacement de votre choix \u00e0 Lanzarote. Une fois que notre chauffeur-guide est venu vous chercher dans un v\u00e9hicule confortable, nous nous dirigerons vers les premiers emplacements de plage.<\/p>\n<p>Promenez-vous et profitez de tous les emplacements de la plage. Profitez d&#8217;un bon d\u00e9jeuner avant de vous ramener vers votre point de d\u00e9part.<\/p>\n<h2>Sites d&#8217;int\u00e9r\u00eat et monuments<\/h2>\n<p>La plage de Lanzarote est embl\u00e9matique! C&#8217;est pourquoi nous devons profiter au maximum de cette visite de la plage priv\u00e9e \u00e0 Lanzarote.<\/p>\n<p>Votre chauffeur-guide viendra vous chercher \u00e0 votre h\u00f4tel et nous continuerons vers les meilleurs sites de plage de Lanzarote.<\/p>\n<p>Il y a de nombreuses plages \u00e0 voir \u00e0 Lanzarote et nous aurions besoin de conna\u00eetre votre circuit pr\u00e9f\u00e9r\u00e9. Nous pouvons organiser une visite o\u00f9 vous pouvez descendre et avoir une vue sur toutes les plages. Ou l&#8217;autre type de visite serait de visiter environ 2-3 plages diff\u00e9rentes, de passer du temps sur chacune des plages et de profiter de la baignade dans l&#8217;oc\u00e9an.<\/p>\n<ul>\n<li>Playa Blanca<\/li>\n<li>Puerto del Carmen<\/li>\n<li>Costa Teguise<\/li>\n<li>Caleta de Famara<\/li>\n<li>Los Pocillos<\/li>\n<li>Playa Quemada<\/li>\n<li>Playa Honda<\/li>\n<li>El Golfo<\/li>\n<li>Playa de Papagayo<\/li>\n<\/ul>\n<p>Nous organiserons un peu de temps pour le d\u00e9jeuner \u00e0 l&#8217;un des emplacements de plage.<\/p>\n<p>Enfin, notre chauffeur-guide vous d\u00e9posera \u00e0 votre h\u00f4tel \u00e0 Lanzarote.<\/p>\n<p>Jetez un \u0153il \u00e0 nos visites priv\u00e9es de Lanzarote.<\/p>\n","protected":false},"excerpt":{"rendered":"<p>Profitez de cette excursion priv\u00e9e d&#8217;une journ\u00e9e enti\u00e8rement personnalis\u00e9e pour d\u00e9couvrir les meilleures plages de Lanzarote. Profitez de ses plages les plus importantes et les plus belles. Profitez de cette occasion pour d\u00e9couvrir Lanzarote dans cette exp\u00e9rience avec votre propre v\u00e9hicule de luxe priv\u00e9 avec chauffeur \/ guide. Personnalisez votre propre exp\u00e9rience avec nous.<\/p>\n","protected":false},"featured_media":95443,"comment_status":"open","ping_status":"closed","template":"","meta":{"_acf_changed":false},"product_brand":[],"product_cat":[3580],"product_tag":[],"class_list":{"0":"post-99319","1":"product","2":"type-product","3":"status-publish","4":"has-post-thumbnail","6":"product_cat-lanzarote-fr","8":"first","9":"instock","10":"shipping-taxable","11":"purchasable","12":"product-type-simple"},"acf":[],"yoast_head":"<!-- This site is optimized with the Yoast SEO Premium plugin v25.3.1 (Yoast SEO v25.3.1) - https:\/\/yoast.com\/wordpress\/plugins\/seo\/ -->\n<title>Visite priv\u00e9e de la plage \u00e0 Lanzarote - Chauffeur priv\u00e9 - Guide<\/title>\n<meta name=\"description\" content=\"Visite enti\u00e8rement priv\u00e9e pour explorer les plus belles plages de Lanzarote. Visite priv\u00e9e de la plage \u00e0 Lanzarote avec chauffeur - guide. Ramassage priv\u00e9.\" \/>\n<meta name=\"robots\" content=\"index, follow, max-snippet:-1, max-image-preview:large, max-video-preview:-1\" \/>\n<link rel=\"canonical\" href=\"https:\/\/tourtravelandmore.com\/fr\/tours\/espagne-fr\/lanzarote-fr\/visite-de-la-plage-privee-a-lanzarote\/\" \/>\n<meta property=\"og:locale\" content=\"fr_FR\" \/>\n<meta property=\"og:type\" content=\"article\" \/>\n<meta property=\"og:title\" content=\"Visite de la plage priv\u00e9e \u00e0 Lanzarote\" \/>\n<meta property=\"og:description\" content=\"Visite enti\u00e8rement priv\u00e9e pour explorer les plus belles plages de Lanzarote. Visite priv\u00e9e de la plage \u00e0 Lanzarote avec chauffeur - guide. Ramassage priv\u00e9.\" \/>\n<meta property=\"og:url\" content=\"https:\/\/tourtravelandmore.com\/fr\/tours\/espagne-fr\/lanzarote-fr\/visite-de-la-plage-privee-a-lanzarote\/\" \/>\n<meta property=\"og:site_name\" content=\"Tour Travel And More\" \/>\n<meta property=\"article:publisher\" content=\"https:\/\/www.facebook.com\/tourtravelandmore\/\" \/>\n<meta property=\"article:modified_time\" content=\"2021-02-18T09:59:55+00:00\" \/>\n<meta property=\"og:image\" content=\"https:\/\/tourtravelandmore.com\/wp-content\/uploads\/2019\/01\/Lanzarote_1_Luc_Viatour-1024x682.jpg\" \/>\n\t<meta property=\"og:image:width\" content=\"1024\" \/>\n\t<meta property=\"og:image:height\" content=\"682\" \/>\n\t<meta property=\"og:image:type\" content=\"image\/jpeg\" \/>\n<meta name=\"twitter:card\" content=\"summary_large_image\" \/>\n<meta name=\"twitter:site\" content=\"@TourTravel_More\" \/>\n<meta name=\"twitter:label1\" content=\"Dur\u00e9e de lecture estim\u00e9e\" \/>\n\t<meta name=\"twitter:data1\" content=\"2 minutes\" \/>\n<script type=\"application\/ld+json\" class=\"yoast-schema-graph\">{\"@context\":\"https:\/\/schema.org\",\"@graph\":[{\"@type\":\"WebPage\",\"@id\":\"https:\/\/tourtravelandmore.com\/fr\/tours\/espagne-fr\/lanzarote-fr\/visite-de-la-plage-privee-a-lanzarote\/\",\"url\":\"https:\/\/tourtravelandmore.com\/fr\/tours\/espagne-fr\/lanzarote-fr\/visite-de-la-plage-privee-a-lanzarote\/\",\"name\":\"Visite priv\u00e9e de la plage \u00e0 Lanzarote - Chauffeur priv\u00e9 - Guide\",\"isPartOf\":{\"@id\":\"https:\/\/tourtravelandmore.com\/fr\/#website\"},\"primaryImageOfPage\":{\"@id\":\"https:\/\/tourtravelandmore.com\/fr\/tours\/espagne-fr\/lanzarote-fr\/visite-de-la-plage-privee-a-lanzarote\/#primaryimage\"},\"image\":{\"@id\":\"https:\/\/tourtravelandmore.com\/fr\/tours\/espagne-fr\/lanzarote-fr\/visite-de-la-plage-privee-a-lanzarote\/#primaryimage\"},\"thumbnailUrl\":\"https:\/\/tourtravelandmore.com\/wp-content\/uploads\/2019\/01\/Lanzarote_1_Luc_Viatour.jpg\",\"datePublished\":\"2019-01-10T14:58:33+00:00\",\"dateModified\":\"2021-02-18T09:59:55+00:00\",\"description\":\"Visite enti\u00e8rement priv\u00e9e pour explorer les plus belles plages de Lanzarote. Visite priv\u00e9e de la plage \u00e0 Lanzarote avec chauffeur - guide. Ramassage priv\u00e9.\",\"breadcrumb\":{\"@id\":\"https:\/\/tourtravelandmore.com\/fr\/tours\/espagne-fr\/lanzarote-fr\/visite-de-la-plage-privee-a-lanzarote\/#breadcrumb\"},\"inLanguage\":\"fr-FR\",\"potentialAction\":[{\"@type\":\"ReadAction\",\"target\":[\"https:\/\/tourtravelandmore.com\/fr\/tours\/espagne-fr\/lanzarote-fr\/visite-de-la-plage-privee-a-lanzarote\/\"]}]},{\"@type\":\"ImageObject\",\"inLanguage\":\"fr-FR\",\"@id\":\"https:\/\/tourtravelandmore.com\/fr\/tours\/espagne-fr\/lanzarote-fr\/visite-de-la-plage-privee-a-lanzarote\/#primaryimage\",\"url\":\"https:\/\/tourtravelandmore.com\/wp-content\/uploads\/2019\/01\/Lanzarote_1_Luc_Viatour.jpg\",\"contentUrl\":\"https:\/\/tourtravelandmore.com\/wp-content\/uploads\/2019\/01\/Lanzarote_1_Luc_Viatour.jpg\",\"width\":4261,\"height\":2836},{\"@type\":\"BreadcrumbList\",\"@id\":\"https:\/\/tourtravelandmore.com\/fr\/tours\/espagne-fr\/lanzarote-fr\/visite-de-la-plage-privee-a-lanzarote\/#breadcrumb\",\"itemListElement\":[{\"@type\":\"ListItem\",\"position\":1,\"name\":\"Home\",\"item\":\"https:\/\/tourtravelandmore.com\/fr\/\"},{\"@type\":\"ListItem\",\"position\":2,\"name\":\"Tours\",\"item\":\"https:\/\/tourtravelandmore.com\/fr\/tours\/\"},{\"@type\":\"ListItem\",\"position\":3,\"name\":\"Visite de la plage priv\u00e9e \u00e0 Lanzarote\"}]},{\"@type\":\"WebSite\",\"@id\":\"https:\/\/tourtravelandmore.com\/fr\/#website\",\"url\":\"https:\/\/tourtravelandmore.com\/fr\/\",\"name\":\"Tour Travel And More\",\"description\":\"Private sightseeing tours and luxury transfers in Spain\",\"publisher\":{\"@id\":\"https:\/\/tourtravelandmore.com\/fr\/#organization\"},\"potentialAction\":[{\"@type\":\"SearchAction\",\"target\":{\"@type\":\"EntryPoint\",\"urlTemplate\":\"https:\/\/tourtravelandmore.com\/fr\/?s={search_term_string}\"},\"query-input\":{\"@type\":\"PropertyValueSpecification\",\"valueRequired\":true,\"valueName\":\"search_term_string\"}}],\"inLanguage\":\"fr-FR\"},{\"@type\":\"Organization\",\"@id\":\"https:\/\/tourtravelandmore.com\/fr\/#organization\",\"name\":\"Tour Travel And More\",\"url\":\"https:\/\/tourtravelandmore.com\/fr\/\",\"logo\":{\"@type\":\"ImageObject\",\"inLanguage\":\"fr-FR\",\"@id\":\"https:\/\/tourtravelandmore.com\/fr\/#\/schema\/logo\/image\/\",\"url\":\"https:\/\/tourtravelandmore.com\/wp-content\/uploads\/2022\/12\/cropped-logo-cabecera-new.png\",\"contentUrl\":\"https:\/\/tourtravelandmore.com\/wp-content\/uploads\/2022\/12\/cropped-logo-cabecera-new.png\",\"width\":430,\"height\":61,\"caption\":\"Tour Travel And More\"},\"image\":{\"@id\":\"https:\/\/tourtravelandmore.com\/fr\/#\/schema\/logo\/image\/\"},\"sameAs\":[\"https:\/\/www.facebook.com\/tourtravelandmore\/\",\"https:\/\/x.com\/TourTravel_More\"]}]}<\/script>\n<!-- \/ Yoast SEO Premium plugin. -->","yoast_head_json":{"title":"Visite priv\u00e9e de la plage \u00e0 Lanzarote - Chauffeur priv\u00e9 - Guide","description":"Visite enti\u00e8rement priv\u00e9e pour explorer les plus belles plages de Lanzarote. Visite priv\u00e9e de la plage \u00e0 Lanzarote avec chauffeur - guide. Ramassage priv\u00e9.","robots":{"index":"index","follow":"follow","max-snippet":"max-snippet:-1","max-image-preview":"max-image-preview:large","max-video-preview":"max-video-preview:-1"},"canonical":"https:\/\/tourtravelandmore.com\/fr\/tours\/espagne-fr\/lanzarote-fr\/visite-de-la-plage-privee-a-lanzarote\/","og_locale":"fr_FR","og_type":"article","og_title":"Visite de la plage priv\u00e9e \u00e0 Lanzarote","og_description":"Visite enti\u00e8rement priv\u00e9e pour explorer les plus belles plages de Lanzarote. Visite priv\u00e9e de la plage \u00e0 Lanzarote avec chauffeur - guide. Ramassage priv\u00e9.","og_url":"https:\/\/tourtravelandmore.com\/fr\/tours\/espagne-fr\/lanzarote-fr\/visite-de-la-plage-privee-a-lanzarote\/","og_site_name":"Tour Travel And More","article_publisher":"https:\/\/www.facebook.com\/tourtravelandmore\/","article_modified_time":"2021-02-18T09:59:55+00:00","og_image":[{"width":1024,"height":682,"url":"https:\/\/tourtravelandmore.com\/wp-content\/uploads\/2019\/01\/Lanzarote_1_Luc_Viatour-1024x682.jpg","type":"image\/jpeg"}],"twitter_card":"summary_large_image","twitter_site":"@TourTravel_More","twitter_misc":{"Dur\u00e9e de lecture estim\u00e9e":"2 minutes"},"schema":{"@context":"https:\/\/schema.org","@graph":[{"@type":"WebPage","@id":"https:\/\/tourtravelandmore.com\/fr\/tours\/espagne-fr\/lanzarote-fr\/visite-de-la-plage-privee-a-lanzarote\/","url":"https:\/\/tourtravelandmore.com\/fr\/tours\/espagne-fr\/lanzarote-fr\/visite-de-la-plage-privee-a-lanzarote\/","name":"Visite priv\u00e9e de la plage \u00e0 Lanzarote - Chauffeur priv\u00e9 - Guide","isPartOf":{"@id":"https:\/\/tourtravelandmore.com\/fr\/#website"},"primaryImageOfPage":{"@id":"https:\/\/tourtravelandmore.com\/fr\/tours\/espagne-fr\/lanzarote-fr\/visite-de-la-plage-privee-a-lanzarote\/#primaryimage"},"image":{"@id":"https:\/\/tourtravelandmore.com\/fr\/tours\/espagne-fr\/lanzarote-fr\/visite-de-la-plage-privee-a-lanzarote\/#primaryimage"},"thumbnailUrl":"https:\/\/tourtravelandmore.com\/wp-content\/uploads\/2019\/01\/Lanzarote_1_Luc_Viatour.jpg","datePublished":"2019-01-10T14:58:33+00:00","dateModified":"2021-02-18T09:59:55+00:00","description":"Visite enti\u00e8rement priv\u00e9e pour explorer les plus belles plages de Lanzarote. Visite priv\u00e9e de la plage \u00e0 Lanzarote avec chauffeur - guide. Ramassage priv\u00e9.","breadcrumb":{"@id":"https:\/\/tourtravelandmore.com\/fr\/tours\/espagne-fr\/lanzarote-fr\/visite-de-la-plage-privee-a-lanzarote\/#breadcrumb"},"inLanguage":"fr-FR","potentialAction":[{"@type":"ReadAction","target":["https:\/\/tourtravelandmore.com\/fr\/tours\/espagne-fr\/lanzarote-fr\/visite-de-la-plage-privee-a-lanzarote\/"]}]},{"@type":"ImageObject","inLanguage":"fr-FR","@id":"https:\/\/tourtravelandmore.com\/fr\/tours\/espagne-fr\/lanzarote-fr\/visite-de-la-plage-privee-a-lanzarote\/#primaryimage","url":"https:\/\/tourtravelandmore.com\/wp-content\/uploads\/2019\/01\/Lanzarote_1_Luc_Viatour.jpg","contentUrl":"https:\/\/tourtravelandmore.com\/wp-content\/uploads\/2019\/01\/Lanzarote_1_Luc_Viatour.jpg","width":4261,"height":2836},{"@type":"BreadcrumbList","@id":"https:\/\/tourtravelandmore.com\/fr\/tours\/espagne-fr\/lanzarote-fr\/visite-de-la-plage-privee-a-lanzarote\/#breadcrumb","itemListElement":[{"@type":"ListItem","position":1,"name":"Home","item":"https:\/\/tourtravelandmore.com\/fr\/"},{"@type":"ListItem","position":2,"name":"Tours","item":"https:\/\/tourtravelandmore.com\/fr\/tours\/"},{"@type":"ListItem","position":3,"name":"Visite de la plage priv\u00e9e \u00e0 Lanzarote"}]},{"@type":"WebSite","@id":"https:\/\/tourtravelandmore.com\/fr\/#website","url":"https:\/\/tourtravelandmore.com\/fr\/","name":"Tour Travel And More","description":"Private sightseeing tours and luxury transfers in Spain","publisher":{"@id":"https:\/\/tourtravelandmore.com\/fr\/#organization"},"potentialAction":[{"@type":"SearchAction","target":{"@type":"EntryPoint","urlTemplate":"https:\/\/tourtravelandmore.com\/fr\/?s={search_term_string}"},"query-input":{"@type":"PropertyValueSpecification","valueRequired":true,"valueName":"search_term_string"}}],"inLanguage":"fr-FR"},{"@type":"Organization","@id":"https:\/\/tourtravelandmore.com\/fr\/#organization","name":"Tour Travel And More","url":"https:\/\/tourtravelandmore.com\/fr\/","logo":{"@type":"ImageObject","inLanguage":"fr-FR","@id":"https:\/\/tourtravelandmore.com\/fr\/#\/schema\/logo\/image\/","url":"https:\/\/tourtravelandmore.com\/wp-content\/uploads\/2022\/12\/cropped-logo-cabecera-new.png","contentUrl":"https:\/\/tourtravelandmore.com\/wp-content\/uploads\/2022\/12\/cropped-logo-cabecera-new.png","width":430,"height":61,"caption":"Tour Travel And More"},"image":{"@id":"https:\/\/tourtravelandmore.com\/fr\/#\/schema\/logo\/image\/"},"sameAs":["https:\/\/www.facebook.com\/tourtravelandmore\/","https:\/\/x.com\/TourTravel_More"]}]}},"_links":{"self":[{"href":"https:\/\/tourtravelandmore.com\/fr\/wp-json\/wp\/v2\/product\/99319","targetHints":{"allow":["GET"]}}],"collection":[{"href":"https:\/\/tourtravelandmore.com\/fr\/wp-json\/wp\/v2\/product"}],"about":[{"href":"https:\/\/tourtravelandmore.com\/fr\/wp-json\/wp\/v2\/types\/product"}],"replies":[{"embeddable":true,"href":"https:\/\/tourtravelandmore.com\/fr\/wp-json\/wp\/v2\/comments?post=99319"}],"wp:featuredmedia":[{"embeddable":true,"href":"https:\/\/tourtravelandmore.com\/fr\/wp-json\/wp\/v2\/media\/95443"}],"wp:attachment":[{"href":"https:\/\/tourtravelandmore.com\/fr\/wp-json\/wp\/v2\/media?parent=99319"}],"wp:term":[{"taxonomy":"product_brand","embeddable":true,"href":"https:\/\/tourtravelandmore.com\/fr\/wp-json\/wp\/v2\/product_brand?post=99319"},{"taxonomy":"product_cat","embeddable":true,"href":"https:\/\/tourtravelandmore.com\/fr\/wp-json\/wp\/v2\/product_cat?post=99319"},{"taxonomy":"product_tag","embeddable":true,"href":"https:\/\/tourtravelandmore.com\/fr\/wp-json\/wp\/v2\/product_tag?post=99319"}],"curies":[{"name":"wp","href":"https:\/\/api.w.org\/{rel}","templated":true}]}}