{"id":99314,"date":"2020-07-24T11:40:23","date_gmt":"2020-07-24T09:40:23","guid":{"rendered":"https:\/\/tourtravelandmore.com\/tours\/non%20class\u00e9\/jameos-del-agua-prive-visite-de-la-cueva-de-los-verdes\/"},"modified":"2021-02-18T10:54:21","modified_gmt":"2021-02-18T09:54:21","slug":"jameos-del-agua-prive-visite-de-la-cueva-de-los-verdes","status":"publish","type":"product","link":"https:\/\/tourtravelandmore.com\/fr\/tours\/espagne-fr\/lanzarote-fr\/jameos-del-agua-prive-visite-de-la-cueva-de-los-verdes\/","title":{"rendered":"Jameos del Agua priv\u00e9 &#038; Visite de la Cueva de los Verdes"},"content":{"rendered":"<h2>Description<\/h2>\n<p>Vivez cette exp\u00e9rience unique et profitez de cette visite priv\u00e9e de Jameos del Agua et Cueva de los Verdes. C&#8217;est une occasion unique de d\u00e9couvrir deux merveilles incluses \u00e0 Lanzarote.<\/p>\n<p>Demandez \u00e0 votre chauffeur-guide priv\u00e9 de vous rencontrer \u00e0 partir de l&#8217;emplacement souhait\u00e9. Pour cette visite priv\u00e9e, nous pouvons organiser une prise en charge priv\u00e9e depuis n&#8217;importe quel endroit. Nous pouvons m\u00eame venir vous chercher \u00e0 l&#8217;a\u00e9roport. Une prise en charge \u00e0 l&#8217;h\u00f4tel ou au port peut \u00e9galement \u00eatre organis\u00e9e.<\/p>\n<p>Apr\u00e8s une prise en charge rapide et confortable de Lanzarote, nous commencerons cette visite priv\u00e9e de Jameos del Agua et Cueva de los Verdes.<\/p>\n<p>Vous visiterez les deux endroits; le Jameo del Agua et la Cueva de los Verdes. Pendant la visite, nous organiserons une collation rapide avant de retourner vers votre point de d\u00e9part \u00e0 Lanzarote.<\/p>\n<h2>Sites d&#8217;int\u00e9r\u00eat et monuments<\/h2>\n<p>Tout d&#8217;abord, vous rencontrerez votre chauffeur-guide priv\u00e9. Apr\u00e8s la prise en charge confortable, nous apprendrons \u00e0 conna\u00eetre les deux emplacements uniques.<\/p>\n<p>La Cueva de los Verdes est un tube de lave. Un tube de lave est form\u00e9 en faisant couler de la lave sur un \u00e9vent sous une surface. Si le tube se vide enfin, une grotte sera cr\u00e9\u00e9e. La Cueva de los Verdes est une attraction touristique tout \u00e0 fait c\u00e9l\u00e8bre. Il est situ\u00e9 dans la municipalit\u00e9 de Haria. Les grottes sont situ\u00e9es dans une zone prot\u00e9g\u00e9e des \u00eeles Canaries.<\/p>\n<p>La Cueva de los Verdes a \u00e9t\u00e9 cr\u00e9\u00e9e il y a environ 3000 ans. Il a \u00e9t\u00e9 cr\u00e9\u00e9 lors de l&#8217;\u00e9ruption du volcan Monte Corona. La grotte mesure plus de 6 km de long et d\u00e9passe le niveau de la mer. Il y a aussi 1,5 km environ en dessous du niveau de la mer. C&#8217;est ce qu&#8217;on appelle le Tunel de Atlantida. Il s&#8217;agit d&#8217;un tube de lave sous-marin volcanique.<\/p>\n<p>Vous aurez \u00e9galement une vue sur la salle de concert. La salle de concert se trouve pr\u00e8s de l&#8217;entr\u00e9e de la grotte.<\/p>\n<p>Apr\u00e8s la Cueva de los Verdes, nous visiterons les Jameos del Agua.<\/p>\n<p>Jameos del Agua est \u00e9galement une s\u00e9rie de grottes de lave. Ceci est \u00e9galement situ\u00e9 \u00e0 Haria. Un centre d&#8217;art et de culture complet. Un site touristique merveilleux que les habitants et les touristes appr\u00e9cient. Le centre de tourisme a \u00e9t\u00e9 cr\u00e9\u00e9 par le c\u00e9l\u00e8bre artiste Cesar Manrique.<\/p>\n<p>\u00c0 Jameos del Agua, vous aurez une vue sur le lac sal\u00e9 souterrain parmi de nombreux autres sites.<\/p>\n<p>Notre chauffeur-guide priv\u00e9 vous ram\u00e8nera vers votre h\u00f4tel \u00e0 Lanzarote ou lieu de votre choix.<\/p>\n<p>D\u00e9couvrez nos autres circuits priv\u00e9s \u00e0 Lanzarote propos\u00e9s par Tour Travel &amp; More. Nous pouvons toujours personnaliser et personnaliser une visite rien que pour vous!<\/p>\n","protected":false},"excerpt":{"rendered":"<p>Profitez de cette excursion priv\u00e9e d&#8217;une journ\u00e9e enti\u00e8rement personnalis\u00e9e pour d\u00e9couvrir Jameos del Agua et Cuevas Verdes \u00e0 Lanzarote. C&#8217;est une excellente opportunit\u00e9 pour ceux qui aiment la nature et veulent passer un bon moment \u00e0 Lanzarote avec cette visite unique. Les billets d&#8217;entr\u00e9e aux deux endroits sont inclus dans le prix. La prise en charge peut provenir de n&#8217;importe quelle partie de l&#8217;\u00eele.<\/p>\n","protected":false},"featured_media":81750,"comment_status":"open","ping_status":"closed","template":"","meta":{"_acf_changed":false},"product_brand":[],"product_cat":[3580],"product_tag":[],"class_list":{"0":"post-99314","1":"product","2":"type-product","3":"status-publish","4":"has-post-thumbnail","6":"product_cat-lanzarote-fr","8":"first","9":"instock","10":"shipping-taxable","11":"purchasable","12":"product-type-simple"},"acf":[],"yoast_head":"<!-- This site is optimized with the Yoast SEO Premium plugin v25.3.1 (Yoast SEO v25.3.1) - https:\/\/yoast.com\/wordpress\/plugins\/seo\/ -->\n<title>Visite priv\u00e9e de Jameos del Agua et Cueva de los Verdes - Chauffeur-guide priv\u00e9<\/title>\n<meta name=\"description\" content=\"Visite priv\u00e9e enti\u00e8rement personnalis\u00e9e de Jameos del Agua et Cueva de los Verdes. Chauffeur priv\u00e9 - guide pour votre visite. Ramasser de n&#039;importe quel endroit\" \/>\n<meta name=\"robots\" content=\"index, follow, max-snippet:-1, max-image-preview:large, max-video-preview:-1\" \/>\n<link rel=\"canonical\" href=\"https:\/\/tourtravelandmore.com\/fr\/tours\/espagne-fr\/lanzarote-fr\/jameos-del-agua-prive-visite-de-la-cueva-de-los-verdes\/\" \/>\n<meta property=\"og:locale\" content=\"fr_FR\" \/>\n<meta property=\"og:type\" content=\"article\" \/>\n<meta property=\"og:title\" content=\"Jameos del Agua priv\u00e9 &amp; Visite de la Cueva de los Verdes\" \/>\n<meta property=\"og:description\" content=\"Visite priv\u00e9e enti\u00e8rement personnalis\u00e9e de Jameos del Agua et Cueva de los Verdes. Chauffeur priv\u00e9 - guide pour votre visite. Ramasser de n&#039;importe quel endroit\" \/>\n<meta property=\"og:url\" content=\"https:\/\/tourtravelandmore.com\/fr\/tours\/espagne-fr\/lanzarote-fr\/jameos-del-agua-prive-visite-de-la-cueva-de-los-verdes\/\" \/>\n<meta property=\"og:site_name\" content=\"Tour Travel And More\" \/>\n<meta property=\"article:publisher\" content=\"https:\/\/www.facebook.com\/tourtravelandmore\/\" \/>\n<meta property=\"article:modified_time\" content=\"2021-02-18T09:54:21+00:00\" \/>\n<meta property=\"og:image\" content=\"https:\/\/tourtravelandmore.com\/wp-content\/uploads\/2020\/07\/Lanzarote-6.jpg\" \/>\n\t<meta property=\"og:image:width\" content=\"1280\" \/>\n\t<meta property=\"og:image:height\" content=\"850\" \/>\n\t<meta property=\"og:image:type\" content=\"image\/jpeg\" \/>\n<meta name=\"twitter:card\" content=\"summary_large_image\" \/>\n<meta name=\"twitter:site\" content=\"@TourTravel_More\" \/>\n<meta name=\"twitter:label1\" content=\"Dur\u00e9e de lecture estim\u00e9e\" \/>\n\t<meta name=\"twitter:data1\" content=\"2 minutes\" \/>\n<script type=\"application\/ld+json\" class=\"yoast-schema-graph\">{\"@context\":\"https:\/\/schema.org\",\"@graph\":[{\"@type\":\"WebPage\",\"@id\":\"https:\/\/tourtravelandmore.com\/fr\/tours\/espagne-fr\/lanzarote-fr\/jameos-del-agua-prive-visite-de-la-cueva-de-los-verdes\/\",\"url\":\"https:\/\/tourtravelandmore.com\/fr\/tours\/espagne-fr\/lanzarote-fr\/jameos-del-agua-prive-visite-de-la-cueva-de-los-verdes\/\",\"name\":\"Visite priv\u00e9e de Jameos del Agua et Cueva de los Verdes - Chauffeur-guide priv\u00e9\",\"isPartOf\":{\"@id\":\"https:\/\/tourtravelandmore.com\/fr\/#website\"},\"primaryImageOfPage\":{\"@id\":\"https:\/\/tourtravelandmore.com\/fr\/tours\/espagne-fr\/lanzarote-fr\/jameos-del-agua-prive-visite-de-la-cueva-de-los-verdes\/#primaryimage\"},\"image\":{\"@id\":\"https:\/\/tourtravelandmore.com\/fr\/tours\/espagne-fr\/lanzarote-fr\/jameos-del-agua-prive-visite-de-la-cueva-de-los-verdes\/#primaryimage\"},\"thumbnailUrl\":\"https:\/\/tourtravelandmore.com\/wp-content\/uploads\/2020\/07\/Lanzarote-6.jpg\",\"datePublished\":\"2020-07-24T09:40:23+00:00\",\"dateModified\":\"2021-02-18T09:54:21+00:00\",\"description\":\"Visite priv\u00e9e enti\u00e8rement personnalis\u00e9e de Jameos del Agua et Cueva de los Verdes. Chauffeur priv\u00e9 - guide pour votre visite. Ramasser de n'importe quel endroit\",\"breadcrumb\":{\"@id\":\"https:\/\/tourtravelandmore.com\/fr\/tours\/espagne-fr\/lanzarote-fr\/jameos-del-agua-prive-visite-de-la-cueva-de-los-verdes\/#breadcrumb\"},\"inLanguage\":\"fr-FR\",\"potentialAction\":[{\"@type\":\"ReadAction\",\"target\":[\"https:\/\/tourtravelandmore.com\/fr\/tours\/espagne-fr\/lanzarote-fr\/jameos-del-agua-prive-visite-de-la-cueva-de-los-verdes\/\"]}]},{\"@type\":\"ImageObject\",\"inLanguage\":\"fr-FR\",\"@id\":\"https:\/\/tourtravelandmore.com\/fr\/tours\/espagne-fr\/lanzarote-fr\/jameos-del-agua-prive-visite-de-la-cueva-de-los-verdes\/#primaryimage\",\"url\":\"https:\/\/tourtravelandmore.com\/wp-content\/uploads\/2020\/07\/Lanzarote-6.jpg\",\"contentUrl\":\"https:\/\/tourtravelandmore.com\/wp-content\/uploads\/2020\/07\/Lanzarote-6.jpg\",\"width\":1280,\"height\":850},{\"@type\":\"BreadcrumbList\",\"@id\":\"https:\/\/tourtravelandmore.com\/fr\/tours\/espagne-fr\/lanzarote-fr\/jameos-del-agua-prive-visite-de-la-cueva-de-los-verdes\/#breadcrumb\",\"itemListElement\":[{\"@type\":\"ListItem\",\"position\":1,\"name\":\"Home\",\"item\":\"https:\/\/tourtravelandmore.com\/fr\/\"},{\"@type\":\"ListItem\",\"position\":2,\"name\":\"Tours\",\"item\":\"https:\/\/tourtravelandmore.com\/fr\/tours\/\"},{\"@type\":\"ListItem\",\"position\":3,\"name\":\"Jameos del Agua priv\u00e9 &#038; Visite de la Cueva de los Verdes\"}]},{\"@type\":\"WebSite\",\"@id\":\"https:\/\/tourtravelandmore.com\/fr\/#website\",\"url\":\"https:\/\/tourtravelandmore.com\/fr\/\",\"name\":\"Tour Travel And More\",\"description\":\"Private sightseeing tours and luxury transfers in Spain\",\"publisher\":{\"@id\":\"https:\/\/tourtravelandmore.com\/fr\/#organization\"},\"potentialAction\":[{\"@type\":\"SearchAction\",\"target\":{\"@type\":\"EntryPoint\",\"urlTemplate\":\"https:\/\/tourtravelandmore.com\/fr\/?s={search_term_string}\"},\"query-input\":{\"@type\":\"PropertyValueSpecification\",\"valueRequired\":true,\"valueName\":\"search_term_string\"}}],\"inLanguage\":\"fr-FR\"},{\"@type\":\"Organization\",\"@id\":\"https:\/\/tourtravelandmore.com\/fr\/#organization\",\"name\":\"Tour Travel And More\",\"url\":\"https:\/\/tourtravelandmore.com\/fr\/\",\"logo\":{\"@type\":\"ImageObject\",\"inLanguage\":\"fr-FR\",\"@id\":\"https:\/\/tourtravelandmore.com\/fr\/#\/schema\/logo\/image\/\",\"url\":\"https:\/\/tourtravelandmore.com\/wp-content\/uploads\/2022\/12\/cropped-logo-cabecera-new.png\",\"contentUrl\":\"https:\/\/tourtravelandmore.com\/wp-content\/uploads\/2022\/12\/cropped-logo-cabecera-new.png\",\"width\":430,\"height\":61,\"caption\":\"Tour Travel And More\"},\"image\":{\"@id\":\"https:\/\/tourtravelandmore.com\/fr\/#\/schema\/logo\/image\/\"},\"sameAs\":[\"https:\/\/www.facebook.com\/tourtravelandmore\/\",\"https:\/\/x.com\/TourTravel_More\"]}]}<\/script>\n<!-- \/ Yoast SEO Premium plugin. -->","yoast_head_json":{"title":"Visite priv\u00e9e de Jameos del Agua et Cueva de los Verdes - Chauffeur-guide priv\u00e9","description":"Visite priv\u00e9e enti\u00e8rement personnalis\u00e9e de Jameos del Agua et Cueva de los Verdes. Chauffeur priv\u00e9 - guide pour votre visite. Ramasser de n'importe quel endroit","robots":{"index":"index","follow":"follow","max-snippet":"max-snippet:-1","max-image-preview":"max-image-preview:large","max-video-preview":"max-video-preview:-1"},"canonical":"https:\/\/tourtravelandmore.com\/fr\/tours\/espagne-fr\/lanzarote-fr\/jameos-del-agua-prive-visite-de-la-cueva-de-los-verdes\/","og_locale":"fr_FR","og_type":"article","og_title":"Jameos del Agua priv\u00e9 & Visite de la Cueva de los Verdes","og_description":"Visite priv\u00e9e enti\u00e8rement personnalis\u00e9e de Jameos del Agua et Cueva de los Verdes. Chauffeur priv\u00e9 - guide pour votre visite. Ramasser de n'importe quel endroit","og_url":"https:\/\/tourtravelandmore.com\/fr\/tours\/espagne-fr\/lanzarote-fr\/jameos-del-agua-prive-visite-de-la-cueva-de-los-verdes\/","og_site_name":"Tour Travel And More","article_publisher":"https:\/\/www.facebook.com\/tourtravelandmore\/","article_modified_time":"2021-02-18T09:54:21+00:00","og_image":[{"width":1280,"height":850,"url":"https:\/\/tourtravelandmore.com\/wp-content\/uploads\/2020\/07\/Lanzarote-6.jpg","type":"image\/jpeg"}],"twitter_card":"summary_large_image","twitter_site":"@TourTravel_More","twitter_misc":{"Dur\u00e9e de lecture estim\u00e9e":"2 minutes"},"schema":{"@context":"https:\/\/schema.org","@graph":[{"@type":"WebPage","@id":"https:\/\/tourtravelandmore.com\/fr\/tours\/espagne-fr\/lanzarote-fr\/jameos-del-agua-prive-visite-de-la-cueva-de-los-verdes\/","url":"https:\/\/tourtravelandmore.com\/fr\/tours\/espagne-fr\/lanzarote-fr\/jameos-del-agua-prive-visite-de-la-cueva-de-los-verdes\/","name":"Visite priv\u00e9e de Jameos del Agua et Cueva de los Verdes - Chauffeur-guide priv\u00e9","isPartOf":{"@id":"https:\/\/tourtravelandmore.com\/fr\/#website"},"primaryImageOfPage":{"@id":"https:\/\/tourtravelandmore.com\/fr\/tours\/espagne-fr\/lanzarote-fr\/jameos-del-agua-prive-visite-de-la-cueva-de-los-verdes\/#primaryimage"},"image":{"@id":"https:\/\/tourtravelandmore.com\/fr\/tours\/espagne-fr\/lanzarote-fr\/jameos-del-agua-prive-visite-de-la-cueva-de-los-verdes\/#primaryimage"},"thumbnailUrl":"https:\/\/tourtravelandmore.com\/wp-content\/uploads\/2020\/07\/Lanzarote-6.jpg","datePublished":"2020-07-24T09:40:23+00:00","dateModified":"2021-02-18T09:54:21+00:00","description":"Visite priv\u00e9e enti\u00e8rement personnalis\u00e9e de Jameos del Agua et Cueva de los Verdes. Chauffeur priv\u00e9 - guide pour votre visite. Ramasser de n'importe quel endroit","breadcrumb":{"@id":"https:\/\/tourtravelandmore.com\/fr\/tours\/espagne-fr\/lanzarote-fr\/jameos-del-agua-prive-visite-de-la-cueva-de-los-verdes\/#breadcrumb"},"inLanguage":"fr-FR","potentialAction":[{"@type":"ReadAction","target":["https:\/\/tourtravelandmore.com\/fr\/tours\/espagne-fr\/lanzarote-fr\/jameos-del-agua-prive-visite-de-la-cueva-de-los-verdes\/"]}]},{"@type":"ImageObject","inLanguage":"fr-FR","@id":"https:\/\/tourtravelandmore.com\/fr\/tours\/espagne-fr\/lanzarote-fr\/jameos-del-agua-prive-visite-de-la-cueva-de-los-verdes\/#primaryimage","url":"https:\/\/tourtravelandmore.com\/wp-content\/uploads\/2020\/07\/Lanzarote-6.jpg","contentUrl":"https:\/\/tourtravelandmore.com\/wp-content\/uploads\/2020\/07\/Lanzarote-6.jpg","width":1280,"height":850},{"@type":"BreadcrumbList","@id":"https:\/\/tourtravelandmore.com\/fr\/tours\/espagne-fr\/lanzarote-fr\/jameos-del-agua-prive-visite-de-la-cueva-de-los-verdes\/#breadcrumb","itemListElement":[{"@type":"ListItem","position":1,"name":"Home","item":"https:\/\/tourtravelandmore.com\/fr\/"},{"@type":"ListItem","position":2,"name":"Tours","item":"https:\/\/tourtravelandmore.com\/fr\/tours\/"},{"@type":"ListItem","position":3,"name":"Jameos del Agua priv\u00e9 &#038; Visite de la Cueva de los Verdes"}]},{"@type":"WebSite","@id":"https:\/\/tourtravelandmore.com\/fr\/#website","url":"https:\/\/tourtravelandmore.com\/fr\/","name":"Tour Travel And More","description":"Private sightseeing tours and luxury transfers in Spain","publisher":{"@id":"https:\/\/tourtravelandmore.com\/fr\/#organization"},"potentialAction":[{"@type":"SearchAction","target":{"@type":"EntryPoint","urlTemplate":"https:\/\/tourtravelandmore.com\/fr\/?s={search_term_string}"},"query-input":{"@type":"PropertyValueSpecification","valueRequired":true,"valueName":"search_term_string"}}],"inLanguage":"fr-FR"},{"@type":"Organization","@id":"https:\/\/tourtravelandmore.com\/fr\/#organization","name":"Tour Travel And More","url":"https:\/\/tourtravelandmore.com\/fr\/","logo":{"@type":"ImageObject","inLanguage":"fr-FR","@id":"https:\/\/tourtravelandmore.com\/fr\/#\/schema\/logo\/image\/","url":"https:\/\/tourtravelandmore.com\/wp-content\/uploads\/2022\/12\/cropped-logo-cabecera-new.png","contentUrl":"https:\/\/tourtravelandmore.com\/wp-content\/uploads\/2022\/12\/cropped-logo-cabecera-new.png","width":430,"height":61,"caption":"Tour Travel And More"},"image":{"@id":"https:\/\/tourtravelandmore.com\/fr\/#\/schema\/logo\/image\/"},"sameAs":["https:\/\/www.facebook.com\/tourtravelandmore\/","https:\/\/x.com\/TourTravel_More"]}]}},"_links":{"self":[{"href":"https:\/\/tourtravelandmore.com\/fr\/wp-json\/wp\/v2\/product\/99314","targetHints":{"allow":["GET"]}}],"collection":[{"href":"https:\/\/tourtravelandmore.com\/fr\/wp-json\/wp\/v2\/product"}],"about":[{"href":"https:\/\/tourtravelandmore.com\/fr\/wp-json\/wp\/v2\/types\/product"}],"replies":[{"embeddable":true,"href":"https:\/\/tourtravelandmore.com\/fr\/wp-json\/wp\/v2\/comments?post=99314"}],"wp:featuredmedia":[{"embeddable":true,"href":"https:\/\/tourtravelandmore.com\/fr\/wp-json\/wp\/v2\/media\/81750"}],"wp:attachment":[{"href":"https:\/\/tourtravelandmore.com\/fr\/wp-json\/wp\/v2\/media?parent=99314"}],"wp:term":[{"taxonomy":"product_brand","embeddable":true,"href":"https:\/\/tourtravelandmore.com\/fr\/wp-json\/wp\/v2\/product_brand?post=99314"},{"taxonomy":"product_cat","embeddable":true,"href":"https:\/\/tourtravelandmore.com\/fr\/wp-json\/wp\/v2\/product_cat?post=99314"},{"taxonomy":"product_tag","embeddable":true,"href":"https:\/\/tourtravelandmore.com\/fr\/wp-json\/wp\/v2\/product_tag?post=99314"}],"curies":[{"name":"wp","href":"https:\/\/api.w.org\/{rel}","templated":true}]}}