{"id":99309,"date":"2020-07-24T11:20:17","date_gmt":"2020-07-24T09:20:17","guid":{"rendered":"https:\/\/tourtravelandmore.com\/tours\/non%20class\u00e9\/transferts-prives-a-lanzarote\/"},"modified":"2021-02-18T10:58:56","modified_gmt":"2021-02-18T09:58:56","slug":"transferts-prives-a-lanzarote","status":"publish","type":"product","link":"https:\/\/tourtravelandmore.com\/fr\/tours\/espagne-fr\/lanzarote-fr\/transferts-prives-a-lanzarote\/","title":{"rendered":"Transferts priv\u00e9s \u00e0 Lanzarote"},"content":{"rendered":"<h2>Description<\/h2>\n<p>L&#8217;\u00eele de Lanzarote n&#8217;est pas une tr\u00e8s grande \u00eele mais pour se rendre d&#8217;un endroit \u00e0 un autre, le moyen le plus rapide est avec un transfert priv\u00e9. Prenez nos transferts priv\u00e9s \u00e0 Lanzarote pour des exp\u00e9riences sans tracas.<\/p>\n<p>Que vous arriviez au port ou \u00e0 l&#8217;a\u00e9roport, laissez-nous vous emmener rapidement \u00e0 votre destination finale avec notre transfert priv\u00e9.<\/p>\n<p>Nos transferts priv\u00e9s \u00e0 Lanzarote peuvent \u00e9galement \u00eatre utilis\u00e9s \u00e0 l&#8217;int\u00e9rieur de l&#8217;\u00eele. Demandez \u00e0 nos chauffeurs exp\u00e9riment\u00e9s de vous emmener \u00e0 l&#8217;endroit de votre choix.<\/p>\n<p>Nous ne limitons pas le nombre de bagages. Informez-nous simplement du montant que vous devrez indiquer pour le type de v\u00e9hicule correspondant. Un bagage par personne est avec notre v\u00e9hicule standard. Veuillez nous informer si vous avez besoin d&#8217;un si\u00e8ge enfant. Nous aurions besoin de conna\u00eetre l&#8217;\u00e2ge de l&#8217;enfant pour organiser le si\u00e8ge correspondant.<\/p>\n<p>Nous proposons \u00e9galement des dispositions priv\u00e9es. Ces dispositions peuvent \u00eatre pour des jours \u00e0 la plage, des dispositions pour le d\u00eener, ou m\u00eame pour passer la journ\u00e9e \u00e0 Arrecife. Contactez-nous pour plus d&#8217;informations.<\/p>\n<h2>Sites d&#8217;int\u00e9r\u00eat et monuments<\/h2>\n<p>Lanzarote c&#8217;est l&#8217;une des \u00eeles des \u00eeles Canaries. Il est \u00e9galement situ\u00e9 dans la partie nord-ouest de l&#8217;Afrique. Lanzarote est la quatri\u00e8me plus grande \u00eele des \u00eeles Canaries. Elle compte pr\u00e8s de 150 000 habitants. La capitale est Arrecife et l&#8217;une des principales attractions est le parc national de Timanfaya.<\/p>\n<p>Une fois que vous \u00eates \u00e0 Lanzarote et que vous vous d\u00e9tendez sur les plages, ne manquez pas une chance de voir quel type de visites priv\u00e9es vous pouvez profiter. D\u00e9couvrez-les ici! Vous pouvez profiter d&#8217;excursions d&#8217;une journ\u00e9e vers les volcans et le parc national de Timanfaya. Passez du temps \u00e0 visiter la capitale d&#8217;Arrecife. Il est \u00e9galement possible de profiter des visites d&#8217;une journ\u00e9e compl\u00e8te de Lanzarote ou du nord ou du sud de l&#8217;\u00eele.<\/p>\n","protected":false},"excerpt":{"rendered":"<p>Profitez de cette occasion pour profiter de ce moyen confortable d&#8217;arriver \u00e0 votre destination finale \u00e0 Lanzarote. Vous disposerez de votre propre v\u00e9hicule de luxe priv\u00e9 avec chauffeur pour vous conduire rapidement et confortablement \u00e0 l&#8217;emplacement de votre choix. La prise en charge peut se faire \u00e0 l&#8217;h\u00f4tel, \u00e0 l&#8217;a\u00e9roport, au port de croisi\u00e8re ou au lieu de votre choix \u00e0 l&#8217;int\u00e9rieur de l&#8217;\u00eele.<\/p>\n","protected":false},"featured_media":95791,"comment_status":"open","ping_status":"closed","template":"","meta":{"_acf_changed":false},"product_brand":[],"product_cat":[3580],"product_tag":[],"class_list":{"0":"post-99309","1":"product","2":"type-product","3":"status-publish","4":"has-post-thumbnail","6":"product_cat-lanzarote-fr","8":"first","9":"instock","10":"shipping-taxable","11":"purchasable","12":"product-type-simple"},"acf":[],"yoast_head":"<!-- This site is optimized with the Yoast SEO Premium plugin v25.3.1 (Yoast SEO v25.3.1) - https:\/\/yoast.com\/wordpress\/plugins\/seo\/ -->\n<title>Transferts priv\u00e9s \u00e0 Lanzarote - Chauffeur priv\u00e9 et retour \u00e0 n&#039;importe quel endroit<\/title>\n<meta name=\"description\" content=\"Transferts enti\u00e8rement priv\u00e9s \u00e0 Lanzarote. Transfert priv\u00e9 avec chauffeur depuis n&#039;importe quel endroit de Lanzarote. Nous vous d\u00e9poserons n&#039;importe o\u00f9 \u00e0 Lanzarote.\" \/>\n<meta name=\"robots\" content=\"index, follow, max-snippet:-1, max-image-preview:large, max-video-preview:-1\" \/>\n<link rel=\"canonical\" href=\"https:\/\/tourtravelandmore.com\/fr\/tours\/espagne-fr\/lanzarote-fr\/transferts-prives-a-lanzarote\/\" \/>\n<meta property=\"og:locale\" content=\"fr_FR\" \/>\n<meta property=\"og:type\" content=\"article\" \/>\n<meta property=\"og:title\" content=\"Transferts priv\u00e9s \u00e0 Lanzarote\" \/>\n<meta property=\"og:description\" content=\"Transferts enti\u00e8rement priv\u00e9s \u00e0 Lanzarote. Transfert priv\u00e9 avec chauffeur depuis n&#039;importe quel endroit de Lanzarote. Nous vous d\u00e9poserons n&#039;importe o\u00f9 \u00e0 Lanzarote.\" \/>\n<meta property=\"og:url\" content=\"https:\/\/tourtravelandmore.com\/fr\/tours\/espagne-fr\/lanzarote-fr\/transferts-prives-a-lanzarote\/\" \/>\n<meta property=\"og:site_name\" content=\"Tour Travel And More\" \/>\n<meta property=\"article:publisher\" content=\"https:\/\/www.facebook.com\/tourtravelandmore\/\" \/>\n<meta property=\"article:modified_time\" content=\"2021-02-18T09:58:56+00:00\" \/>\n<meta property=\"og:image\" content=\"https:\/\/tourtravelandmore.com\/wp-content\/uploads\/2016\/11\/Luxurycar.jpg\" \/>\n\t<meta property=\"og:image:width\" content=\"800\" \/>\n\t<meta property=\"og:image:height\" content=\"500\" \/>\n\t<meta property=\"og:image:type\" content=\"image\/jpeg\" \/>\n<meta name=\"twitter:card\" content=\"summary_large_image\" \/>\n<meta name=\"twitter:site\" content=\"@TourTravel_More\" \/>\n<meta name=\"twitter:label1\" content=\"Dur\u00e9e de lecture estim\u00e9e\" \/>\n\t<meta name=\"twitter:data1\" content=\"2 minutes\" \/>\n<script type=\"application\/ld+json\" class=\"yoast-schema-graph\">{\"@context\":\"https:\/\/schema.org\",\"@graph\":[{\"@type\":\"WebPage\",\"@id\":\"https:\/\/tourtravelandmore.com\/fr\/tours\/espagne-fr\/lanzarote-fr\/transferts-prives-a-lanzarote\/\",\"url\":\"https:\/\/tourtravelandmore.com\/fr\/tours\/espagne-fr\/lanzarote-fr\/transferts-prives-a-lanzarote\/\",\"name\":\"Transferts priv\u00e9s \u00e0 Lanzarote - Chauffeur priv\u00e9 et retour \u00e0 n'importe quel endroit\",\"isPartOf\":{\"@id\":\"https:\/\/tourtravelandmore.com\/fr\/#website\"},\"primaryImageOfPage\":{\"@id\":\"https:\/\/tourtravelandmore.com\/fr\/tours\/espagne-fr\/lanzarote-fr\/transferts-prives-a-lanzarote\/#primaryimage\"},\"image\":{\"@id\":\"https:\/\/tourtravelandmore.com\/fr\/tours\/espagne-fr\/lanzarote-fr\/transferts-prives-a-lanzarote\/#primaryimage\"},\"thumbnailUrl\":\"https:\/\/tourtravelandmore.com\/wp-content\/uploads\/2016\/11\/Luxurycar.jpg\",\"datePublished\":\"2020-07-24T09:20:17+00:00\",\"dateModified\":\"2021-02-18T09:58:56+00:00\",\"description\":\"Transferts enti\u00e8rement priv\u00e9s \u00e0 Lanzarote. Transfert priv\u00e9 avec chauffeur depuis n'importe quel endroit de Lanzarote. Nous vous d\u00e9poserons n'importe o\u00f9 \u00e0 Lanzarote.\",\"breadcrumb\":{\"@id\":\"https:\/\/tourtravelandmore.com\/fr\/tours\/espagne-fr\/lanzarote-fr\/transferts-prives-a-lanzarote\/#breadcrumb\"},\"inLanguage\":\"fr-FR\",\"potentialAction\":[{\"@type\":\"ReadAction\",\"target\":[\"https:\/\/tourtravelandmore.com\/fr\/tours\/espagne-fr\/lanzarote-fr\/transferts-prives-a-lanzarote\/\"]}]},{\"@type\":\"ImageObject\",\"inLanguage\":\"fr-FR\",\"@id\":\"https:\/\/tourtravelandmore.com\/fr\/tours\/espagne-fr\/lanzarote-fr\/transferts-prives-a-lanzarote\/#primaryimage\",\"url\":\"https:\/\/tourtravelandmore.com\/wp-content\/uploads\/2016\/11\/Luxurycar.jpg\",\"contentUrl\":\"https:\/\/tourtravelandmore.com\/wp-content\/uploads\/2016\/11\/Luxurycar.jpg\",\"width\":800,\"height\":500},{\"@type\":\"BreadcrumbList\",\"@id\":\"https:\/\/tourtravelandmore.com\/fr\/tours\/espagne-fr\/lanzarote-fr\/transferts-prives-a-lanzarote\/#breadcrumb\",\"itemListElement\":[{\"@type\":\"ListItem\",\"position\":1,\"name\":\"Home\",\"item\":\"https:\/\/tourtravelandmore.com\/fr\/\"},{\"@type\":\"ListItem\",\"position\":2,\"name\":\"Tours\",\"item\":\"https:\/\/tourtravelandmore.com\/fr\/tours\/\"},{\"@type\":\"ListItem\",\"position\":3,\"name\":\"Transferts priv\u00e9s \u00e0 Lanzarote\"}]},{\"@type\":\"WebSite\",\"@id\":\"https:\/\/tourtravelandmore.com\/fr\/#website\",\"url\":\"https:\/\/tourtravelandmore.com\/fr\/\",\"name\":\"Tour Travel And More\",\"description\":\"Private sightseeing tours and luxury transfers in Spain\",\"publisher\":{\"@id\":\"https:\/\/tourtravelandmore.com\/fr\/#organization\"},\"potentialAction\":[{\"@type\":\"SearchAction\",\"target\":{\"@type\":\"EntryPoint\",\"urlTemplate\":\"https:\/\/tourtravelandmore.com\/fr\/?s={search_term_string}\"},\"query-input\":{\"@type\":\"PropertyValueSpecification\",\"valueRequired\":true,\"valueName\":\"search_term_string\"}}],\"inLanguage\":\"fr-FR\"},{\"@type\":\"Organization\",\"@id\":\"https:\/\/tourtravelandmore.com\/fr\/#organization\",\"name\":\"Tour Travel And More\",\"url\":\"https:\/\/tourtravelandmore.com\/fr\/\",\"logo\":{\"@type\":\"ImageObject\",\"inLanguage\":\"fr-FR\",\"@id\":\"https:\/\/tourtravelandmore.com\/fr\/#\/schema\/logo\/image\/\",\"url\":\"https:\/\/tourtravelandmore.com\/wp-content\/uploads\/2022\/12\/cropped-logo-cabecera-new.png\",\"contentUrl\":\"https:\/\/tourtravelandmore.com\/wp-content\/uploads\/2022\/12\/cropped-logo-cabecera-new.png\",\"width\":430,\"height\":61,\"caption\":\"Tour Travel And More\"},\"image\":{\"@id\":\"https:\/\/tourtravelandmore.com\/fr\/#\/schema\/logo\/image\/\"},\"sameAs\":[\"https:\/\/www.facebook.com\/tourtravelandmore\/\",\"https:\/\/x.com\/TourTravel_More\"]}]}<\/script>\n<!-- \/ Yoast SEO Premium plugin. -->","yoast_head_json":{"title":"Transferts priv\u00e9s \u00e0 Lanzarote - Chauffeur priv\u00e9 et retour \u00e0 n'importe quel endroit","description":"Transferts enti\u00e8rement priv\u00e9s \u00e0 Lanzarote. Transfert priv\u00e9 avec chauffeur depuis n'importe quel endroit de Lanzarote. Nous vous d\u00e9poserons n'importe o\u00f9 \u00e0 Lanzarote.","robots":{"index":"index","follow":"follow","max-snippet":"max-snippet:-1","max-image-preview":"max-image-preview:large","max-video-preview":"max-video-preview:-1"},"canonical":"https:\/\/tourtravelandmore.com\/fr\/tours\/espagne-fr\/lanzarote-fr\/transferts-prives-a-lanzarote\/","og_locale":"fr_FR","og_type":"article","og_title":"Transferts priv\u00e9s \u00e0 Lanzarote","og_description":"Transferts enti\u00e8rement priv\u00e9s \u00e0 Lanzarote. Transfert priv\u00e9 avec chauffeur depuis n'importe quel endroit de Lanzarote. Nous vous d\u00e9poserons n'importe o\u00f9 \u00e0 Lanzarote.","og_url":"https:\/\/tourtravelandmore.com\/fr\/tours\/espagne-fr\/lanzarote-fr\/transferts-prives-a-lanzarote\/","og_site_name":"Tour Travel And More","article_publisher":"https:\/\/www.facebook.com\/tourtravelandmore\/","article_modified_time":"2021-02-18T09:58:56+00:00","og_image":[{"width":800,"height":500,"url":"https:\/\/tourtravelandmore.com\/wp-content\/uploads\/2016\/11\/Luxurycar.jpg","type":"image\/jpeg"}],"twitter_card":"summary_large_image","twitter_site":"@TourTravel_More","twitter_misc":{"Dur\u00e9e de lecture estim\u00e9e":"2 minutes"},"schema":{"@context":"https:\/\/schema.org","@graph":[{"@type":"WebPage","@id":"https:\/\/tourtravelandmore.com\/fr\/tours\/espagne-fr\/lanzarote-fr\/transferts-prives-a-lanzarote\/","url":"https:\/\/tourtravelandmore.com\/fr\/tours\/espagne-fr\/lanzarote-fr\/transferts-prives-a-lanzarote\/","name":"Transferts priv\u00e9s \u00e0 Lanzarote - Chauffeur priv\u00e9 et retour \u00e0 n'importe quel endroit","isPartOf":{"@id":"https:\/\/tourtravelandmore.com\/fr\/#website"},"primaryImageOfPage":{"@id":"https:\/\/tourtravelandmore.com\/fr\/tours\/espagne-fr\/lanzarote-fr\/transferts-prives-a-lanzarote\/#primaryimage"},"image":{"@id":"https:\/\/tourtravelandmore.com\/fr\/tours\/espagne-fr\/lanzarote-fr\/transferts-prives-a-lanzarote\/#primaryimage"},"thumbnailUrl":"https:\/\/tourtravelandmore.com\/wp-content\/uploads\/2016\/11\/Luxurycar.jpg","datePublished":"2020-07-24T09:20:17+00:00","dateModified":"2021-02-18T09:58:56+00:00","description":"Transferts enti\u00e8rement priv\u00e9s \u00e0 Lanzarote. Transfert priv\u00e9 avec chauffeur depuis n'importe quel endroit de Lanzarote. Nous vous d\u00e9poserons n'importe o\u00f9 \u00e0 Lanzarote.","breadcrumb":{"@id":"https:\/\/tourtravelandmore.com\/fr\/tours\/espagne-fr\/lanzarote-fr\/transferts-prives-a-lanzarote\/#breadcrumb"},"inLanguage":"fr-FR","potentialAction":[{"@type":"ReadAction","target":["https:\/\/tourtravelandmore.com\/fr\/tours\/espagne-fr\/lanzarote-fr\/transferts-prives-a-lanzarote\/"]}]},{"@type":"ImageObject","inLanguage":"fr-FR","@id":"https:\/\/tourtravelandmore.com\/fr\/tours\/espagne-fr\/lanzarote-fr\/transferts-prives-a-lanzarote\/#primaryimage","url":"https:\/\/tourtravelandmore.com\/wp-content\/uploads\/2016\/11\/Luxurycar.jpg","contentUrl":"https:\/\/tourtravelandmore.com\/wp-content\/uploads\/2016\/11\/Luxurycar.jpg","width":800,"height":500},{"@type":"BreadcrumbList","@id":"https:\/\/tourtravelandmore.com\/fr\/tours\/espagne-fr\/lanzarote-fr\/transferts-prives-a-lanzarote\/#breadcrumb","itemListElement":[{"@type":"ListItem","position":1,"name":"Home","item":"https:\/\/tourtravelandmore.com\/fr\/"},{"@type":"ListItem","position":2,"name":"Tours","item":"https:\/\/tourtravelandmore.com\/fr\/tours\/"},{"@type":"ListItem","position":3,"name":"Transferts priv\u00e9s \u00e0 Lanzarote"}]},{"@type":"WebSite","@id":"https:\/\/tourtravelandmore.com\/fr\/#website","url":"https:\/\/tourtravelandmore.com\/fr\/","name":"Tour Travel And More","description":"Private sightseeing tours and luxury transfers in Spain","publisher":{"@id":"https:\/\/tourtravelandmore.com\/fr\/#organization"},"potentialAction":[{"@type":"SearchAction","target":{"@type":"EntryPoint","urlTemplate":"https:\/\/tourtravelandmore.com\/fr\/?s={search_term_string}"},"query-input":{"@type":"PropertyValueSpecification","valueRequired":true,"valueName":"search_term_string"}}],"inLanguage":"fr-FR"},{"@type":"Organization","@id":"https:\/\/tourtravelandmore.com\/fr\/#organization","name":"Tour Travel And More","url":"https:\/\/tourtravelandmore.com\/fr\/","logo":{"@type":"ImageObject","inLanguage":"fr-FR","@id":"https:\/\/tourtravelandmore.com\/fr\/#\/schema\/logo\/image\/","url":"https:\/\/tourtravelandmore.com\/wp-content\/uploads\/2022\/12\/cropped-logo-cabecera-new.png","contentUrl":"https:\/\/tourtravelandmore.com\/wp-content\/uploads\/2022\/12\/cropped-logo-cabecera-new.png","width":430,"height":61,"caption":"Tour Travel And More"},"image":{"@id":"https:\/\/tourtravelandmore.com\/fr\/#\/schema\/logo\/image\/"},"sameAs":["https:\/\/www.facebook.com\/tourtravelandmore\/","https:\/\/x.com\/TourTravel_More"]}]}},"_links":{"self":[{"href":"https:\/\/tourtravelandmore.com\/fr\/wp-json\/wp\/v2\/product\/99309","targetHints":{"allow":["GET"]}}],"collection":[{"href":"https:\/\/tourtravelandmore.com\/fr\/wp-json\/wp\/v2\/product"}],"about":[{"href":"https:\/\/tourtravelandmore.com\/fr\/wp-json\/wp\/v2\/types\/product"}],"replies":[{"embeddable":true,"href":"https:\/\/tourtravelandmore.com\/fr\/wp-json\/wp\/v2\/comments?post=99309"}],"wp:featuredmedia":[{"embeddable":true,"href":"https:\/\/tourtravelandmore.com\/fr\/wp-json\/wp\/v2\/media\/95791"}],"wp:attachment":[{"href":"https:\/\/tourtravelandmore.com\/fr\/wp-json\/wp\/v2\/media?parent=99309"}],"wp:term":[{"taxonomy":"product_brand","embeddable":true,"href":"https:\/\/tourtravelandmore.com\/fr\/wp-json\/wp\/v2\/product_brand?post=99309"},{"taxonomy":"product_cat","embeddable":true,"href":"https:\/\/tourtravelandmore.com\/fr\/wp-json\/wp\/v2\/product_cat?post=99309"},{"taxonomy":"product_tag","embeddable":true,"href":"https:\/\/tourtravelandmore.com\/fr\/wp-json\/wp\/v2\/product_tag?post=99309"}],"curies":[{"name":"wp","href":"https:\/\/api.w.org\/{rel}","templated":true}]}}