{"id":99304,"date":"2019-01-10T17:38:22","date_gmt":"2019-01-10T16:38:22","guid":{"rendered":"https:\/\/tourtravelandmore.com\/tours\/non%20class\u00e9\/visite-privee-de-timanfaya-jameos-del-agua\/"},"modified":"2021-02-18T10:53:23","modified_gmt":"2021-02-18T09:53:23","slug":"visite-privee-de-timanfaya-jameos-del-agua","status":"publish","type":"product","link":"https:\/\/tourtravelandmore.com\/fr\/tours\/espagne-fr\/lanzarote-fr\/visite-privee-de-timanfaya-jameos-del-agua\/","title":{"rendered":"Visite priv\u00e9e de Timanfaya &#038; Jameos del Agua"},"content":{"rendered":"<h2>Description<\/h2>\n<p>Faites cette visite priv\u00e9e de Timanfaya et Jameos del Agua et d\u00e9couvrez deux sites uniques \u00e0 Lanzarote.<\/p>\n<p>Lanzarote est une \u00eele connue pour ses volcans en plus de ses belles plages. Laissez notre chauffeur-guide priv\u00e9 vous emmener dans cette exp\u00e9rience unique pour d\u00e9couvrir le parc naturel de Timanfaya ainsi que Jameos del Agua.<\/p>\n<p>Lanzarote poss\u00e8de des paysages uniques et l&#8217;un d&#8217;entre eux est le parc national de Timanfaya. Profitez de sites incroyables sans v\u00e9g\u00e9tation, de nombreuses couleurs diff\u00e9rentes et de sites de volcans. Cela fait de Timanfaya un site tout \u00e0 fait unique.<\/p>\n<p>Tout d&#8217;abord, demandez \u00e0 notre chauffeur-guide priv\u00e9 de venir vous chercher \u00e0 votre h\u00f4tel ou lieu de votre choix \u00e0 Lanzarote. Une fois ensemble, nous nous dirigerons vers le parc Timanfaya. Vous appr\u00e9cierez la vue sur le volcan avant de vous diriger vers les Jameos del Agua.<\/p>\n<p>Vivez une exp\u00e9rience unique \u00e0 Jameos del Agua, avant de vous d\u00e9poser \u00e0 l&#8217;endroit de votre choix \u00e0 Lanzarote.<\/p>\n<h2>Sites d&#8217;int\u00e9r\u00eat et monuments<\/h2>\n<p>Le parc national de Timanfaya parle vraiment de lui-m\u00eame. La meilleure fa\u00e7on de le conna\u00eetre est de l&#8217;exp\u00e9rimenter.<\/p>\n<p>Tout d&#8217;abord, profitez d&#8217;une prise en charge confortable avec votre guide. Votre chauffeur-guide vous emm\u00e8nera vers les sites impressionnants de Timanfaya et de Lanzarote.<\/p>\n<ul>\n<li>Parque Natural de Timanfaya<\/li>\n<li style=\"list-style-type: none;\">\n<ul>\n<li>Avoir une vue sur les Lichens<\/li>\n<li>C\u00f4nes volcaniques -&gt; Monta\u00f1a de Timanfaya,<\/li>\n<li>Monta\u00f1a Rajada, Caldera del Coranzoncillo, volcanismos Nuevo del Fuego ou El chinero et Calderas Quemadas<\/li>\n<li>Centre des visiteurs<\/li>\n<li>Mountains of Fire: d\u00e9couvrez le monde des volcans.<\/li>\n<li>Promenade \u00e0 dos de chameau en option<\/li>\n<li>Jameos del Agua<\/li>\n<\/ul>\n<\/li>\n<\/ul>\n<p>Enfin, apr\u00e8s avoir visit\u00e9 ces deux endroits, nous vous ram\u00e8nerons \u00e0 votre point de d\u00e9part. C&#8217;est un circuit parfait pour les aventures et pour une excursion d&#8217;une journ\u00e9e unique et une visite priv\u00e9e de Timanfaya.<\/p>\n<p>N&#8217;oubliez pas d&#8217;avoir une vue sur nos autres visites priv\u00e9es \u00e0 Lanzarote.<\/p>\n","protected":false},"excerpt":{"rendered":"<p>Profitez de cette excursion priv\u00e9e d&#8217;une journ\u00e9e enti\u00e8rement personnalis\u00e9e pour d\u00e9couvrir Timanfaya et Jameos del Agua \u00e0 Lanzarote. Laissez notre chauffeur-guide priv\u00e9 vous emmener dans cette exp\u00e9rience unique dans un v\u00e9hicule de luxe priv\u00e9. Nous pouvons organiser la prise en charge et le retour de n&#8217;importe quelle partie de l&#8217;\u00eele de Lanzarote. Contactez-nous pour une exp\u00e9rience personnalis\u00e9e.<\/p>\n","protected":false},"featured_media":95454,"comment_status":"open","ping_status":"closed","template":"","meta":{"_acf_changed":false},"product_brand":[],"product_cat":[3580],"product_tag":[],"class_list":{"0":"post-99304","1":"product","2":"type-product","3":"status-publish","4":"has-post-thumbnail","6":"product_cat-lanzarote-fr","8":"first","9":"instock","10":"shipping-taxable","11":"purchasable","12":"product-type-simple"},"acf":[],"yoast_head":"<!-- This site is optimized with the Yoast SEO Premium plugin v25.3.1 (Yoast SEO v25.3.1) - https:\/\/yoast.com\/wordpress\/plugins\/seo\/ -->\n<title>Visite priv\u00e9e de Timanfaya et Jameos del Agua - chauffeur-guide priv\u00e9<\/title>\n<meta name=\"description\" content=\"Visite priv\u00e9e de Timanfaya et Jameos del Agua. Chauffeur priv\u00e9 - guide pour votre visite. Explorez les principaux volcans de Lanzarote. Prise en charge \u00e0 l&#039;h\u00f4tel ou au port de croisi\u00e8re.\" \/>\n<meta name=\"robots\" content=\"index, follow, max-snippet:-1, max-image-preview:large, max-video-preview:-1\" \/>\n<link rel=\"canonical\" href=\"https:\/\/tourtravelandmore.com\/fr\/tours\/espagne-fr\/lanzarote-fr\/visite-privee-de-timanfaya-jameos-del-agua\/\" \/>\n<meta property=\"og:locale\" content=\"fr_FR\" \/>\n<meta property=\"og:type\" content=\"article\" \/>\n<meta property=\"og:title\" content=\"Visite priv\u00e9e de Timanfaya &amp; Jameos del Agua\" \/>\n<meta property=\"og:description\" content=\"Visite priv\u00e9e de Timanfaya et Jameos del Agua. Chauffeur priv\u00e9 - guide pour votre visite. Explorez les principaux volcans de Lanzarote. Prise en charge \u00e0 l&#039;h\u00f4tel ou au port de croisi\u00e8re.\" \/>\n<meta property=\"og:url\" content=\"https:\/\/tourtravelandmore.com\/fr\/tours\/espagne-fr\/lanzarote-fr\/visite-privee-de-timanfaya-jameos-del-agua\/\" \/>\n<meta property=\"og:site_name\" content=\"Tour Travel And More\" \/>\n<meta property=\"article:publisher\" content=\"https:\/\/www.facebook.com\/tourtravelandmore\/\" \/>\n<meta property=\"article:modified_time\" content=\"2021-02-18T09:53:23+00:00\" \/>\n<meta property=\"og:image\" content=\"https:\/\/tourtravelandmore.com\/wp-content\/uploads\/2019\/01\/timanfaya.jpg\" \/>\n\t<meta property=\"og:image:width\" content=\"1024\" \/>\n\t<meta property=\"og:image:height\" content=\"683\" \/>\n\t<meta property=\"og:image:type\" content=\"image\/jpeg\" \/>\n<meta name=\"twitter:card\" content=\"summary_large_image\" \/>\n<meta name=\"twitter:site\" content=\"@TourTravel_More\" \/>\n<meta name=\"twitter:label1\" content=\"Dur\u00e9e de lecture estim\u00e9e\" \/>\n\t<meta name=\"twitter:data1\" content=\"2 minutes\" \/>\n<script type=\"application\/ld+json\" class=\"yoast-schema-graph\">{\"@context\":\"https:\/\/schema.org\",\"@graph\":[{\"@type\":\"WebPage\",\"@id\":\"https:\/\/tourtravelandmore.com\/fr\/tours\/espagne-fr\/lanzarote-fr\/visite-privee-de-timanfaya-jameos-del-agua\/\",\"url\":\"https:\/\/tourtravelandmore.com\/fr\/tours\/espagne-fr\/lanzarote-fr\/visite-privee-de-timanfaya-jameos-del-agua\/\",\"name\":\"Visite priv\u00e9e de Timanfaya et Jameos del Agua - chauffeur-guide priv\u00e9\",\"isPartOf\":{\"@id\":\"https:\/\/tourtravelandmore.com\/fr\/#website\"},\"primaryImageOfPage\":{\"@id\":\"https:\/\/tourtravelandmore.com\/fr\/tours\/espagne-fr\/lanzarote-fr\/visite-privee-de-timanfaya-jameos-del-agua\/#primaryimage\"},\"image\":{\"@id\":\"https:\/\/tourtravelandmore.com\/fr\/tours\/espagne-fr\/lanzarote-fr\/visite-privee-de-timanfaya-jameos-del-agua\/#primaryimage\"},\"thumbnailUrl\":\"https:\/\/tourtravelandmore.com\/wp-content\/uploads\/2019\/01\/timanfaya.jpg\",\"datePublished\":\"2019-01-10T16:38:22+00:00\",\"dateModified\":\"2021-02-18T09:53:23+00:00\",\"description\":\"Visite priv\u00e9e de Timanfaya et Jameos del Agua. Chauffeur priv\u00e9 - guide pour votre visite. Explorez les principaux volcans de Lanzarote. Prise en charge \u00e0 l'h\u00f4tel ou au port de croisi\u00e8re.\",\"breadcrumb\":{\"@id\":\"https:\/\/tourtravelandmore.com\/fr\/tours\/espagne-fr\/lanzarote-fr\/visite-privee-de-timanfaya-jameos-del-agua\/#breadcrumb\"},\"inLanguage\":\"fr-FR\",\"potentialAction\":[{\"@type\":\"ReadAction\",\"target\":[\"https:\/\/tourtravelandmore.com\/fr\/tours\/espagne-fr\/lanzarote-fr\/visite-privee-de-timanfaya-jameos-del-agua\/\"]}]},{\"@type\":\"ImageObject\",\"inLanguage\":\"fr-FR\",\"@id\":\"https:\/\/tourtravelandmore.com\/fr\/tours\/espagne-fr\/lanzarote-fr\/visite-privee-de-timanfaya-jameos-del-agua\/#primaryimage\",\"url\":\"https:\/\/tourtravelandmore.com\/wp-content\/uploads\/2019\/01\/timanfaya.jpg\",\"contentUrl\":\"https:\/\/tourtravelandmore.com\/wp-content\/uploads\/2019\/01\/timanfaya.jpg\",\"width\":1024,\"height\":683},{\"@type\":\"BreadcrumbList\",\"@id\":\"https:\/\/tourtravelandmore.com\/fr\/tours\/espagne-fr\/lanzarote-fr\/visite-privee-de-timanfaya-jameos-del-agua\/#breadcrumb\",\"itemListElement\":[{\"@type\":\"ListItem\",\"position\":1,\"name\":\"Home\",\"item\":\"https:\/\/tourtravelandmore.com\/fr\/\"},{\"@type\":\"ListItem\",\"position\":2,\"name\":\"Tours\",\"item\":\"https:\/\/tourtravelandmore.com\/fr\/tours\/\"},{\"@type\":\"ListItem\",\"position\":3,\"name\":\"Visite priv\u00e9e de Timanfaya &#038; Jameos del Agua\"}]},{\"@type\":\"WebSite\",\"@id\":\"https:\/\/tourtravelandmore.com\/fr\/#website\",\"url\":\"https:\/\/tourtravelandmore.com\/fr\/\",\"name\":\"Tour Travel And More\",\"description\":\"Private sightseeing tours and luxury transfers in Spain\",\"publisher\":{\"@id\":\"https:\/\/tourtravelandmore.com\/fr\/#organization\"},\"potentialAction\":[{\"@type\":\"SearchAction\",\"target\":{\"@type\":\"EntryPoint\",\"urlTemplate\":\"https:\/\/tourtravelandmore.com\/fr\/?s={search_term_string}\"},\"query-input\":{\"@type\":\"PropertyValueSpecification\",\"valueRequired\":true,\"valueName\":\"search_term_string\"}}],\"inLanguage\":\"fr-FR\"},{\"@type\":\"Organization\",\"@id\":\"https:\/\/tourtravelandmore.com\/fr\/#organization\",\"name\":\"Tour Travel And More\",\"url\":\"https:\/\/tourtravelandmore.com\/fr\/\",\"logo\":{\"@type\":\"ImageObject\",\"inLanguage\":\"fr-FR\",\"@id\":\"https:\/\/tourtravelandmore.com\/fr\/#\/schema\/logo\/image\/\",\"url\":\"https:\/\/tourtravelandmore.com\/wp-content\/uploads\/2022\/12\/cropped-logo-cabecera-new.png\",\"contentUrl\":\"https:\/\/tourtravelandmore.com\/wp-content\/uploads\/2022\/12\/cropped-logo-cabecera-new.png\",\"width\":430,\"height\":61,\"caption\":\"Tour Travel And More\"},\"image\":{\"@id\":\"https:\/\/tourtravelandmore.com\/fr\/#\/schema\/logo\/image\/\"},\"sameAs\":[\"https:\/\/www.facebook.com\/tourtravelandmore\/\",\"https:\/\/x.com\/TourTravel_More\"]}]}<\/script>\n<!-- \/ Yoast SEO Premium plugin. -->","yoast_head_json":{"title":"Visite priv\u00e9e de Timanfaya et Jameos del Agua - chauffeur-guide priv\u00e9","description":"Visite priv\u00e9e de Timanfaya et Jameos del Agua. Chauffeur priv\u00e9 - guide pour votre visite. Explorez les principaux volcans de Lanzarote. Prise en charge \u00e0 l'h\u00f4tel ou au port de croisi\u00e8re.","robots":{"index":"index","follow":"follow","max-snippet":"max-snippet:-1","max-image-preview":"max-image-preview:large","max-video-preview":"max-video-preview:-1"},"canonical":"https:\/\/tourtravelandmore.com\/fr\/tours\/espagne-fr\/lanzarote-fr\/visite-privee-de-timanfaya-jameos-del-agua\/","og_locale":"fr_FR","og_type":"article","og_title":"Visite priv\u00e9e de Timanfaya & Jameos del Agua","og_description":"Visite priv\u00e9e de Timanfaya et Jameos del Agua. Chauffeur priv\u00e9 - guide pour votre visite. Explorez les principaux volcans de Lanzarote. Prise en charge \u00e0 l'h\u00f4tel ou au port de croisi\u00e8re.","og_url":"https:\/\/tourtravelandmore.com\/fr\/tours\/espagne-fr\/lanzarote-fr\/visite-privee-de-timanfaya-jameos-del-agua\/","og_site_name":"Tour Travel And More","article_publisher":"https:\/\/www.facebook.com\/tourtravelandmore\/","article_modified_time":"2021-02-18T09:53:23+00:00","og_image":[{"width":1024,"height":683,"url":"https:\/\/tourtravelandmore.com\/wp-content\/uploads\/2019\/01\/timanfaya.jpg","type":"image\/jpeg"}],"twitter_card":"summary_large_image","twitter_site":"@TourTravel_More","twitter_misc":{"Dur\u00e9e de lecture estim\u00e9e":"2 minutes"},"schema":{"@context":"https:\/\/schema.org","@graph":[{"@type":"WebPage","@id":"https:\/\/tourtravelandmore.com\/fr\/tours\/espagne-fr\/lanzarote-fr\/visite-privee-de-timanfaya-jameos-del-agua\/","url":"https:\/\/tourtravelandmore.com\/fr\/tours\/espagne-fr\/lanzarote-fr\/visite-privee-de-timanfaya-jameos-del-agua\/","name":"Visite priv\u00e9e de Timanfaya et Jameos del Agua - chauffeur-guide priv\u00e9","isPartOf":{"@id":"https:\/\/tourtravelandmore.com\/fr\/#website"},"primaryImageOfPage":{"@id":"https:\/\/tourtravelandmore.com\/fr\/tours\/espagne-fr\/lanzarote-fr\/visite-privee-de-timanfaya-jameos-del-agua\/#primaryimage"},"image":{"@id":"https:\/\/tourtravelandmore.com\/fr\/tours\/espagne-fr\/lanzarote-fr\/visite-privee-de-timanfaya-jameos-del-agua\/#primaryimage"},"thumbnailUrl":"https:\/\/tourtravelandmore.com\/wp-content\/uploads\/2019\/01\/timanfaya.jpg","datePublished":"2019-01-10T16:38:22+00:00","dateModified":"2021-02-18T09:53:23+00:00","description":"Visite priv\u00e9e de Timanfaya et Jameos del Agua. Chauffeur priv\u00e9 - guide pour votre visite. Explorez les principaux volcans de Lanzarote. Prise en charge \u00e0 l'h\u00f4tel ou au port de croisi\u00e8re.","breadcrumb":{"@id":"https:\/\/tourtravelandmore.com\/fr\/tours\/espagne-fr\/lanzarote-fr\/visite-privee-de-timanfaya-jameos-del-agua\/#breadcrumb"},"inLanguage":"fr-FR","potentialAction":[{"@type":"ReadAction","target":["https:\/\/tourtravelandmore.com\/fr\/tours\/espagne-fr\/lanzarote-fr\/visite-privee-de-timanfaya-jameos-del-agua\/"]}]},{"@type":"ImageObject","inLanguage":"fr-FR","@id":"https:\/\/tourtravelandmore.com\/fr\/tours\/espagne-fr\/lanzarote-fr\/visite-privee-de-timanfaya-jameos-del-agua\/#primaryimage","url":"https:\/\/tourtravelandmore.com\/wp-content\/uploads\/2019\/01\/timanfaya.jpg","contentUrl":"https:\/\/tourtravelandmore.com\/wp-content\/uploads\/2019\/01\/timanfaya.jpg","width":1024,"height":683},{"@type":"BreadcrumbList","@id":"https:\/\/tourtravelandmore.com\/fr\/tours\/espagne-fr\/lanzarote-fr\/visite-privee-de-timanfaya-jameos-del-agua\/#breadcrumb","itemListElement":[{"@type":"ListItem","position":1,"name":"Home","item":"https:\/\/tourtravelandmore.com\/fr\/"},{"@type":"ListItem","position":2,"name":"Tours","item":"https:\/\/tourtravelandmore.com\/fr\/tours\/"},{"@type":"ListItem","position":3,"name":"Visite priv\u00e9e de Timanfaya &#038; Jameos del Agua"}]},{"@type":"WebSite","@id":"https:\/\/tourtravelandmore.com\/fr\/#website","url":"https:\/\/tourtravelandmore.com\/fr\/","name":"Tour Travel And More","description":"Private sightseeing tours and luxury transfers in Spain","publisher":{"@id":"https:\/\/tourtravelandmore.com\/fr\/#organization"},"potentialAction":[{"@type":"SearchAction","target":{"@type":"EntryPoint","urlTemplate":"https:\/\/tourtravelandmore.com\/fr\/?s={search_term_string}"},"query-input":{"@type":"PropertyValueSpecification","valueRequired":true,"valueName":"search_term_string"}}],"inLanguage":"fr-FR"},{"@type":"Organization","@id":"https:\/\/tourtravelandmore.com\/fr\/#organization","name":"Tour Travel And More","url":"https:\/\/tourtravelandmore.com\/fr\/","logo":{"@type":"ImageObject","inLanguage":"fr-FR","@id":"https:\/\/tourtravelandmore.com\/fr\/#\/schema\/logo\/image\/","url":"https:\/\/tourtravelandmore.com\/wp-content\/uploads\/2022\/12\/cropped-logo-cabecera-new.png","contentUrl":"https:\/\/tourtravelandmore.com\/wp-content\/uploads\/2022\/12\/cropped-logo-cabecera-new.png","width":430,"height":61,"caption":"Tour Travel And More"},"image":{"@id":"https:\/\/tourtravelandmore.com\/fr\/#\/schema\/logo\/image\/"},"sameAs":["https:\/\/www.facebook.com\/tourtravelandmore\/","https:\/\/x.com\/TourTravel_More"]}]}},"_links":{"self":[{"href":"https:\/\/tourtravelandmore.com\/fr\/wp-json\/wp\/v2\/product\/99304","targetHints":{"allow":["GET"]}}],"collection":[{"href":"https:\/\/tourtravelandmore.com\/fr\/wp-json\/wp\/v2\/product"}],"about":[{"href":"https:\/\/tourtravelandmore.com\/fr\/wp-json\/wp\/v2\/types\/product"}],"replies":[{"embeddable":true,"href":"https:\/\/tourtravelandmore.com\/fr\/wp-json\/wp\/v2\/comments?post=99304"}],"wp:featuredmedia":[{"embeddable":true,"href":"https:\/\/tourtravelandmore.com\/fr\/wp-json\/wp\/v2\/media\/95454"}],"wp:attachment":[{"href":"https:\/\/tourtravelandmore.com\/fr\/wp-json\/wp\/v2\/media?parent=99304"}],"wp:term":[{"taxonomy":"product_brand","embeddable":true,"href":"https:\/\/tourtravelandmore.com\/fr\/wp-json\/wp\/v2\/product_brand?post=99304"},{"taxonomy":"product_cat","embeddable":true,"href":"https:\/\/tourtravelandmore.com\/fr\/wp-json\/wp\/v2\/product_cat?post=99304"},{"taxonomy":"product_tag","embeddable":true,"href":"https:\/\/tourtravelandmore.com\/fr\/wp-json\/wp\/v2\/product_tag?post=99304"}],"curies":[{"name":"wp","href":"https:\/\/api.w.org\/{rel}","templated":true}]}}