{"id":99299,"date":"2019-01-10T17:22:06","date_gmt":"2019-01-10T16:22:06","guid":{"rendered":"https:\/\/tourtravelandmore.com\/tours\/non%20class\u00e9\/visite-privee-au-sud-de-lanzarote\/"},"modified":"2021-02-18T10:59:17","modified_gmt":"2021-02-18T09:59:17","slug":"visite-privee-au-sud-de-lanzarote","status":"publish","type":"product","link":"https:\/\/tourtravelandmore.com\/fr\/tours\/espagne-fr\/lanzarote-fr\/visite-privee-au-sud-de-lanzarote\/","title":{"rendered":"Visite priv\u00e9e au sud de Lanzarote"},"content":{"rendered":"<h2>Description<\/h2>\n<p>L&#8217;\u00eele de Lanzarote est un endroit magnifique \u00e0 visiter. Une fois que vous y \u00eates, vous devez prendre un cong\u00e9 pour visiter Lanzarote avec cette visite priv\u00e9e au sud de Lanzarote.<\/p>\n<p>Visiter Arrecife et la partie sud de l&#8217;\u00eele de Lanzarote est une exp\u00e9rience parfaite. Vous avez \u00e9galement la possibilit\u00e9 de voir la partie nord de l&#8217;\u00eele avec notre autre visite priv\u00e9e.<\/p>\n<p>Nous organiserons une prise en charge rapide et sans stress \u00e0 votre h\u00f4tel \u00e0 Lanzarote. Nous organiserons la prise en charge depuis n&#8217;importe quel endroit de Lanzarote. Cela peut provenir du port de croisi\u00e8re, de l&#8217;h\u00f4tel ou de n&#8217;importe quel appartement. Selon l&#8217;endroit o\u00f9 nous venons vous chercher, le trajet peut \u00eatre plus ou moins long jusqu&#8217;\u00e0 Arrecife et le sud de Lanzarote.<\/p>\n<p>Vous pouvez trouver Arrecife au centre de l&#8217;\u00eele de Lanzarote. C&#8217;est pourquoi nous pouvons organiser une visite priv\u00e9e d&#8217;Arrecife sur toutes nos visites; la visite du sud de Lanzarote, la visite du nord de Lanzarote et bien s\u00fbr l&#8217;exp\u00e9rience de toute l&#8217;\u00eele. L&#8217;histoire d&#8217;Arrecife remonte au XVe si\u00e8cle. Le nom vient des r\u00e9cifs volcaniques noirs o\u00f9 l&#8217;on peut voir se cacher des bateaux. Ce serait pour se prot\u00e9ger des attaques de pirates.<\/p>\n<p>Profitez du meilleur du sud de l&#8217;\u00eele de Lanzarote. Nous organiserons un endroit agr\u00e9able pour manger un morceau. Une fois votre visite termin\u00e9e, nous retournerons vers votre h\u00f4tel ou l&#8217;emplacement souhait\u00e9 \u00e0 Lanzarote.<\/p>\n<h2>Sites d&#8217;int\u00e9r\u00eat et monuments<\/h2>\n<p>Profitez du meilleur de cette visite priv\u00e9e au sud de Lanzarote. Nous organiserons une prise en charge priv\u00e9e pour une exp\u00e9rience sans stress. Votre chauffeur-guide vous emm\u00e8nera dans ce circuit unique au sud de l&#8217;\u00eele.<\/p>\n<p>Ayez une vue sur les meilleurs sites du sud de Lanzarote.<\/p>\n<p>Le temps exact pass\u00e9 \u00e0 chaque endroit d\u00e9pendra de vos propres d\u00e9sirs. Nous pouvons passer plus de temps dans la capitale et avoir une vue sur le reste des parties du sud de l&#8217;\u00eele. Nous pouvons \u00e9galement organiser une visite rapide de la capitale et avoir une vue plus longue sur le reste de l&#8217;\u00eele.<\/p>\n<p>Avoir une vue par exemple aux endroits suivants;<\/p>\n<ul>\n<li>Arrecife<\/li>\n<li>Puerto Calero<\/li>\n<li>Playa Blanca<\/li>\n<li>Costa Teguise<\/li>\n<li>Puerto del Carmen<\/li>\n<li>Village d&#8217;Uga<\/li>\n<li>Vue du parc national de Timanfaya; ce sera une vue tr\u00e8s rapide. Si vous souhaitez passer plus de temps, consultez notre visite priv\u00e9e du parc national de Timanfaya ici!<\/li>\n<li>El Golfo<\/li>\n<li>La Geria<\/li>\n<li>Beaucoup plus!<\/li>\n<\/ul>\n<p>Faites-nous savoir vos emplacements souhait\u00e9s o\u00f9 nous pouvons passer plus de temps. Si vous pr\u00e9f\u00e9rez, nous pouvons organiser la meilleure exp\u00e9rience possible pour vous.<\/p>\n<p>Apr\u00e8s le temps libre pour le d\u00e9jeuner, nous vous ram\u00e8nerons \u00e0 votre h\u00f4tel \u00e0 Lanzarote.<\/p>\n","protected":false},"excerpt":{"rendered":"<p>Profitez de cette excursion priv\u00e9e d&#8217;une journ\u00e9e enti\u00e8rement personnalis\u00e9e pour d\u00e9couvrir le meilleur du sud de Lanzarote. Profitez de l&#8217;occasion pour explorer les endroits les plus merveilleux et les plus \u00e9tonnants tels que nous: Arrecife, Puerto Calero, Blanca Beach et bien plus encore !. Vous aurez un v\u00e9hicule de luxe priv\u00e9 avec chauffeur \/ guide pour votre disposition totale. La prise en charge peut provenir de n&#8217;importe quelle partie de l&#8217;\u00eele.<\/p>\n","protected":false},"featured_media":95450,"comment_status":"open","ping_status":"closed","template":"","meta":{"_acf_changed":false},"product_brand":[],"product_cat":[3580],"product_tag":[],"class_list":{"0":"post-99299","1":"product","2":"type-product","3":"status-publish","4":"has-post-thumbnail","6":"product_cat-lanzarote-fr","8":"first","9":"instock","10":"shipping-taxable","11":"purchasable","12":"product-type-simple"},"acf":[],"yoast_head":"<!-- This site is optimized with the Yoast SEO Premium plugin v25.3.1 (Yoast SEO v25.3.1) - https:\/\/yoast.com\/wordpress\/plugins\/seo\/ -->\n<title>Visite priv\u00e9e du sud de Lanzarote - Chauffeur priv\u00e9 - guide<\/title>\n<meta name=\"description\" content=\"Visite compl\u00e8tement priv\u00e9e au sud de Lanzarote. Chauffeur priv\u00e9 - guide pour votre journ\u00e9e. Prise en charge \u00e0 l&#039;h\u00f4tel ou au port de croisi\u00e8re de Lanzarote\" \/>\n<meta name=\"robots\" content=\"index, follow, max-snippet:-1, max-image-preview:large, max-video-preview:-1\" \/>\n<link rel=\"canonical\" href=\"https:\/\/tourtravelandmore.com\/fr\/tours\/espagne-fr\/lanzarote-fr\/visite-privee-au-sud-de-lanzarote\/\" \/>\n<meta property=\"og:locale\" content=\"fr_FR\" \/>\n<meta property=\"og:type\" content=\"article\" \/>\n<meta property=\"og:title\" content=\"Visite priv\u00e9e au sud de Lanzarote\" \/>\n<meta property=\"og:description\" content=\"Visite compl\u00e8tement priv\u00e9e au sud de Lanzarote. Chauffeur priv\u00e9 - guide pour votre journ\u00e9e. Prise en charge \u00e0 l&#039;h\u00f4tel ou au port de croisi\u00e8re de Lanzarote\" \/>\n<meta property=\"og:url\" content=\"https:\/\/tourtravelandmore.com\/fr\/tours\/espagne-fr\/lanzarote-fr\/visite-privee-au-sud-de-lanzarote\/\" \/>\n<meta property=\"og:site_name\" content=\"Tour Travel And More\" \/>\n<meta property=\"article:publisher\" content=\"https:\/\/www.facebook.com\/tourtravelandmore\/\" \/>\n<meta property=\"article:modified_time\" content=\"2021-02-18T09:59:17+00:00\" \/>\n<meta property=\"og:image\" content=\"https:\/\/tourtravelandmore.com\/wp-content\/uploads\/2019\/01\/playa-del-papagayo-2437600_960_720.jpg\" \/>\n\t<meta property=\"og:image:width\" content=\"960\" \/>\n\t<meta property=\"og:image:height\" content=\"644\" \/>\n\t<meta property=\"og:image:type\" content=\"image\/jpeg\" \/>\n<meta name=\"twitter:card\" content=\"summary_large_image\" \/>\n<meta name=\"twitter:site\" content=\"@TourTravel_More\" \/>\n<meta name=\"twitter:label1\" content=\"Dur\u00e9e de lecture estim\u00e9e\" \/>\n\t<meta name=\"twitter:data1\" content=\"2 minutes\" \/>\n<script type=\"application\/ld+json\" class=\"yoast-schema-graph\">{\"@context\":\"https:\/\/schema.org\",\"@graph\":[{\"@type\":\"WebPage\",\"@id\":\"https:\/\/tourtravelandmore.com\/fr\/tours\/espagne-fr\/lanzarote-fr\/visite-privee-au-sud-de-lanzarote\/\",\"url\":\"https:\/\/tourtravelandmore.com\/fr\/tours\/espagne-fr\/lanzarote-fr\/visite-privee-au-sud-de-lanzarote\/\",\"name\":\"Visite priv\u00e9e du sud de Lanzarote - Chauffeur priv\u00e9 - guide\",\"isPartOf\":{\"@id\":\"https:\/\/tourtravelandmore.com\/fr\/#website\"},\"primaryImageOfPage\":{\"@id\":\"https:\/\/tourtravelandmore.com\/fr\/tours\/espagne-fr\/lanzarote-fr\/visite-privee-au-sud-de-lanzarote\/#primaryimage\"},\"image\":{\"@id\":\"https:\/\/tourtravelandmore.com\/fr\/tours\/espagne-fr\/lanzarote-fr\/visite-privee-au-sud-de-lanzarote\/#primaryimage\"},\"thumbnailUrl\":\"https:\/\/tourtravelandmore.com\/wp-content\/uploads\/2019\/01\/playa-del-papagayo-2437600_960_720.jpg\",\"datePublished\":\"2019-01-10T16:22:06+00:00\",\"dateModified\":\"2021-02-18T09:59:17+00:00\",\"description\":\"Visite compl\u00e8tement priv\u00e9e au sud de Lanzarote. Chauffeur priv\u00e9 - guide pour votre journ\u00e9e. Prise en charge \u00e0 l'h\u00f4tel ou au port de croisi\u00e8re de Lanzarote\",\"breadcrumb\":{\"@id\":\"https:\/\/tourtravelandmore.com\/fr\/tours\/espagne-fr\/lanzarote-fr\/visite-privee-au-sud-de-lanzarote\/#breadcrumb\"},\"inLanguage\":\"fr-FR\",\"potentialAction\":[{\"@type\":\"ReadAction\",\"target\":[\"https:\/\/tourtravelandmore.com\/fr\/tours\/espagne-fr\/lanzarote-fr\/visite-privee-au-sud-de-lanzarote\/\"]}]},{\"@type\":\"ImageObject\",\"inLanguage\":\"fr-FR\",\"@id\":\"https:\/\/tourtravelandmore.com\/fr\/tours\/espagne-fr\/lanzarote-fr\/visite-privee-au-sud-de-lanzarote\/#primaryimage\",\"url\":\"https:\/\/tourtravelandmore.com\/wp-content\/uploads\/2019\/01\/playa-del-papagayo-2437600_960_720.jpg\",\"contentUrl\":\"https:\/\/tourtravelandmore.com\/wp-content\/uploads\/2019\/01\/playa-del-papagayo-2437600_960_720.jpg\",\"width\":960,\"height\":644},{\"@type\":\"BreadcrumbList\",\"@id\":\"https:\/\/tourtravelandmore.com\/fr\/tours\/espagne-fr\/lanzarote-fr\/visite-privee-au-sud-de-lanzarote\/#breadcrumb\",\"itemListElement\":[{\"@type\":\"ListItem\",\"position\":1,\"name\":\"Home\",\"item\":\"https:\/\/tourtravelandmore.com\/fr\/\"},{\"@type\":\"ListItem\",\"position\":2,\"name\":\"Tours\",\"item\":\"https:\/\/tourtravelandmore.com\/fr\/tours\/\"},{\"@type\":\"ListItem\",\"position\":3,\"name\":\"Visite priv\u00e9e au sud de Lanzarote\"}]},{\"@type\":\"WebSite\",\"@id\":\"https:\/\/tourtravelandmore.com\/fr\/#website\",\"url\":\"https:\/\/tourtravelandmore.com\/fr\/\",\"name\":\"Tour Travel And More\",\"description\":\"Private sightseeing tours and luxury transfers in Spain\",\"publisher\":{\"@id\":\"https:\/\/tourtravelandmore.com\/fr\/#organization\"},\"potentialAction\":[{\"@type\":\"SearchAction\",\"target\":{\"@type\":\"EntryPoint\",\"urlTemplate\":\"https:\/\/tourtravelandmore.com\/fr\/?s={search_term_string}\"},\"query-input\":{\"@type\":\"PropertyValueSpecification\",\"valueRequired\":true,\"valueName\":\"search_term_string\"}}],\"inLanguage\":\"fr-FR\"},{\"@type\":\"Organization\",\"@id\":\"https:\/\/tourtravelandmore.com\/fr\/#organization\",\"name\":\"Tour Travel And More\",\"url\":\"https:\/\/tourtravelandmore.com\/fr\/\",\"logo\":{\"@type\":\"ImageObject\",\"inLanguage\":\"fr-FR\",\"@id\":\"https:\/\/tourtravelandmore.com\/fr\/#\/schema\/logo\/image\/\",\"url\":\"https:\/\/tourtravelandmore.com\/wp-content\/uploads\/2022\/12\/cropped-logo-cabecera-new.png\",\"contentUrl\":\"https:\/\/tourtravelandmore.com\/wp-content\/uploads\/2022\/12\/cropped-logo-cabecera-new.png\",\"width\":430,\"height\":61,\"caption\":\"Tour Travel And More\"},\"image\":{\"@id\":\"https:\/\/tourtravelandmore.com\/fr\/#\/schema\/logo\/image\/\"},\"sameAs\":[\"https:\/\/www.facebook.com\/tourtravelandmore\/\",\"https:\/\/x.com\/TourTravel_More\"]}]}<\/script>\n<!-- \/ Yoast SEO Premium plugin. -->","yoast_head_json":{"title":"Visite priv\u00e9e du sud de Lanzarote - Chauffeur priv\u00e9 - guide","description":"Visite compl\u00e8tement priv\u00e9e au sud de Lanzarote. Chauffeur priv\u00e9 - guide pour votre journ\u00e9e. Prise en charge \u00e0 l'h\u00f4tel ou au port de croisi\u00e8re de Lanzarote","robots":{"index":"index","follow":"follow","max-snippet":"max-snippet:-1","max-image-preview":"max-image-preview:large","max-video-preview":"max-video-preview:-1"},"canonical":"https:\/\/tourtravelandmore.com\/fr\/tours\/espagne-fr\/lanzarote-fr\/visite-privee-au-sud-de-lanzarote\/","og_locale":"fr_FR","og_type":"article","og_title":"Visite priv\u00e9e au sud de Lanzarote","og_description":"Visite compl\u00e8tement priv\u00e9e au sud de Lanzarote. Chauffeur priv\u00e9 - guide pour votre journ\u00e9e. Prise en charge \u00e0 l'h\u00f4tel ou au port de croisi\u00e8re de Lanzarote","og_url":"https:\/\/tourtravelandmore.com\/fr\/tours\/espagne-fr\/lanzarote-fr\/visite-privee-au-sud-de-lanzarote\/","og_site_name":"Tour Travel And More","article_publisher":"https:\/\/www.facebook.com\/tourtravelandmore\/","article_modified_time":"2021-02-18T09:59:17+00:00","og_image":[{"width":960,"height":644,"url":"https:\/\/tourtravelandmore.com\/wp-content\/uploads\/2019\/01\/playa-del-papagayo-2437600_960_720.jpg","type":"image\/jpeg"}],"twitter_card":"summary_large_image","twitter_site":"@TourTravel_More","twitter_misc":{"Dur\u00e9e de lecture estim\u00e9e":"2 minutes"},"schema":{"@context":"https:\/\/schema.org","@graph":[{"@type":"WebPage","@id":"https:\/\/tourtravelandmore.com\/fr\/tours\/espagne-fr\/lanzarote-fr\/visite-privee-au-sud-de-lanzarote\/","url":"https:\/\/tourtravelandmore.com\/fr\/tours\/espagne-fr\/lanzarote-fr\/visite-privee-au-sud-de-lanzarote\/","name":"Visite priv\u00e9e du sud de Lanzarote - Chauffeur priv\u00e9 - guide","isPartOf":{"@id":"https:\/\/tourtravelandmore.com\/fr\/#website"},"primaryImageOfPage":{"@id":"https:\/\/tourtravelandmore.com\/fr\/tours\/espagne-fr\/lanzarote-fr\/visite-privee-au-sud-de-lanzarote\/#primaryimage"},"image":{"@id":"https:\/\/tourtravelandmore.com\/fr\/tours\/espagne-fr\/lanzarote-fr\/visite-privee-au-sud-de-lanzarote\/#primaryimage"},"thumbnailUrl":"https:\/\/tourtravelandmore.com\/wp-content\/uploads\/2019\/01\/playa-del-papagayo-2437600_960_720.jpg","datePublished":"2019-01-10T16:22:06+00:00","dateModified":"2021-02-18T09:59:17+00:00","description":"Visite compl\u00e8tement priv\u00e9e au sud de Lanzarote. Chauffeur priv\u00e9 - guide pour votre journ\u00e9e. Prise en charge \u00e0 l'h\u00f4tel ou au port de croisi\u00e8re de Lanzarote","breadcrumb":{"@id":"https:\/\/tourtravelandmore.com\/fr\/tours\/espagne-fr\/lanzarote-fr\/visite-privee-au-sud-de-lanzarote\/#breadcrumb"},"inLanguage":"fr-FR","potentialAction":[{"@type":"ReadAction","target":["https:\/\/tourtravelandmore.com\/fr\/tours\/espagne-fr\/lanzarote-fr\/visite-privee-au-sud-de-lanzarote\/"]}]},{"@type":"ImageObject","inLanguage":"fr-FR","@id":"https:\/\/tourtravelandmore.com\/fr\/tours\/espagne-fr\/lanzarote-fr\/visite-privee-au-sud-de-lanzarote\/#primaryimage","url":"https:\/\/tourtravelandmore.com\/wp-content\/uploads\/2019\/01\/playa-del-papagayo-2437600_960_720.jpg","contentUrl":"https:\/\/tourtravelandmore.com\/wp-content\/uploads\/2019\/01\/playa-del-papagayo-2437600_960_720.jpg","width":960,"height":644},{"@type":"BreadcrumbList","@id":"https:\/\/tourtravelandmore.com\/fr\/tours\/espagne-fr\/lanzarote-fr\/visite-privee-au-sud-de-lanzarote\/#breadcrumb","itemListElement":[{"@type":"ListItem","position":1,"name":"Home","item":"https:\/\/tourtravelandmore.com\/fr\/"},{"@type":"ListItem","position":2,"name":"Tours","item":"https:\/\/tourtravelandmore.com\/fr\/tours\/"},{"@type":"ListItem","position":3,"name":"Visite priv\u00e9e au sud de Lanzarote"}]},{"@type":"WebSite","@id":"https:\/\/tourtravelandmore.com\/fr\/#website","url":"https:\/\/tourtravelandmore.com\/fr\/","name":"Tour Travel And More","description":"Private sightseeing tours and luxury transfers in Spain","publisher":{"@id":"https:\/\/tourtravelandmore.com\/fr\/#organization"},"potentialAction":[{"@type":"SearchAction","target":{"@type":"EntryPoint","urlTemplate":"https:\/\/tourtravelandmore.com\/fr\/?s={search_term_string}"},"query-input":{"@type":"PropertyValueSpecification","valueRequired":true,"valueName":"search_term_string"}}],"inLanguage":"fr-FR"},{"@type":"Organization","@id":"https:\/\/tourtravelandmore.com\/fr\/#organization","name":"Tour Travel And More","url":"https:\/\/tourtravelandmore.com\/fr\/","logo":{"@type":"ImageObject","inLanguage":"fr-FR","@id":"https:\/\/tourtravelandmore.com\/fr\/#\/schema\/logo\/image\/","url":"https:\/\/tourtravelandmore.com\/wp-content\/uploads\/2022\/12\/cropped-logo-cabecera-new.png","contentUrl":"https:\/\/tourtravelandmore.com\/wp-content\/uploads\/2022\/12\/cropped-logo-cabecera-new.png","width":430,"height":61,"caption":"Tour Travel And More"},"image":{"@id":"https:\/\/tourtravelandmore.com\/fr\/#\/schema\/logo\/image\/"},"sameAs":["https:\/\/www.facebook.com\/tourtravelandmore\/","https:\/\/x.com\/TourTravel_More"]}]}},"_links":{"self":[{"href":"https:\/\/tourtravelandmore.com\/fr\/wp-json\/wp\/v2\/product\/99299","targetHints":{"allow":["GET"]}}],"collection":[{"href":"https:\/\/tourtravelandmore.com\/fr\/wp-json\/wp\/v2\/product"}],"about":[{"href":"https:\/\/tourtravelandmore.com\/fr\/wp-json\/wp\/v2\/types\/product"}],"replies":[{"embeddable":true,"href":"https:\/\/tourtravelandmore.com\/fr\/wp-json\/wp\/v2\/comments?post=99299"}],"wp:featuredmedia":[{"embeddable":true,"href":"https:\/\/tourtravelandmore.com\/fr\/wp-json\/wp\/v2\/media\/95450"}],"wp:attachment":[{"href":"https:\/\/tourtravelandmore.com\/fr\/wp-json\/wp\/v2\/media?parent=99299"}],"wp:term":[{"taxonomy":"product_brand","embeddable":true,"href":"https:\/\/tourtravelandmore.com\/fr\/wp-json\/wp\/v2\/product_brand?post=99299"},{"taxonomy":"product_cat","embeddable":true,"href":"https:\/\/tourtravelandmore.com\/fr\/wp-json\/wp\/v2\/product_cat?post=99299"},{"taxonomy":"product_tag","embeddable":true,"href":"https:\/\/tourtravelandmore.com\/fr\/wp-json\/wp\/v2\/product_tag?post=99299"}],"curies":[{"name":"wp","href":"https:\/\/api.w.org\/{rel}","templated":true}]}}