{"id":99294,"date":"2019-01-10T17:12:21","date_gmt":"2019-01-10T16:12:21","guid":{"rendered":"https:\/\/tourtravelandmore.com\/tours\/non%20class\u00e9\/visite-privee-au-nord-de-lanzarote\/"},"modified":"2021-02-18T10:59:32","modified_gmt":"2021-02-18T09:59:32","slug":"visite-privee-au-nord-de-lanzarote","status":"publish","type":"product","link":"https:\/\/tourtravelandmore.com\/fr\/tours\/espagne-fr\/lanzarote-fr\/visite-privee-au-nord-de-lanzarote\/","title":{"rendered":"Visite priv\u00e9e au nord de Lanzarote"},"content":{"rendered":"<h2>Description<\/h2>\n<p>Lanzarote n&#8217;est pas la plus grande \u00eele \u00e0 visiter, mais elle a tellement \u00e0 explorer que vous ne saurez pas par o\u00f9 commencer. Faites cette visite priv\u00e9e au nord de Lanzarote et d\u00e9couvrez le meilleur emplacement au nord de l&#8217;\u00eele. Nous avons \u00e9galement la possibilit\u00e9 d&#8217;organiser une visite priv\u00e9e au sud de Lanzarote, consultez-le ici!<\/p>\n<p>Nous organiserons une prise en charge confortable et s\u00fbre pour vous. Cette prise en charge peut se faire depuis n&#8217;importe quel endroit de Lanzarote. Nous pouvons organiser la prise en charge depuis votre h\u00f4tel, votre appartement ou m\u00eame le port de croisi\u00e8re. Il s&#8217;agit d&#8217;une visite priv\u00e9e parfaite pour conna\u00eetre rapidement en une journ\u00e9e les meilleurs sites du nord de l&#8217;\u00eele.<\/p>\n<p>Cette visite priv\u00e9e au nord de Lanzarote vous emm\u00e8nera dans des endroits uniques comme Arrecife, Puerto de Carmen et Costa Teguise, entre autres!<\/p>\n<p>Laissez votre chauffeur-guide vous emmener explorer les merveilles que le nord de Lanzarote a \u00e0 offrir.<\/p>\n<h2>Sites d&#8217;int\u00e9r\u00eat et monuments<\/h2>\n<p>Apr\u00e8s une prise en charge confortable, nous commencerons cette visite priv\u00e9e au nord de Lanzarote.<\/p>\n<p>Lanzarote est une belle \u00eele espagnole et c&#8217;est l&#8217;une des \u00eeles Canaries. Cette \u00eele est un site incontournable et doit \u00eatre visit\u00e9e toute l&#8217;ann\u00e9e.Cette \u00eele est situ\u00e9e \u00e0 seulement 125 kilom\u00e8tres de la c\u00f4te africaine et \u00e0 1000 km de la p\u00e9ninsule ib\u00e9rique.<\/p>\n<p>Nous devons passer du temps pour profiter de la capitale des \u00eeles, Arrecife, ainsi que de tant d&#8217;autres endroits.<\/p>\n<ul>\n<li>Playa Blanca<\/li>\n<li>Puerto Calero<\/li>\n<li>Costa Teguise<\/li>\n<li>Arrecife: au centre de l&#8217;\u00eele et capitale de Lanzarote.<\/li>\n<li>Puerto de Carmen<\/li>\n<li>Pe\u00f1as del Chach<\/li>\n<li>Lagomar<\/li>\n<li>Orzola<\/li>\n<li>Beaucoup plus!<\/li>\n<\/ul>\n<p>Apr\u00e8s avoir visit\u00e9 Arrecife et le nord de l&#8217;\u00eele, notre chauffeur-guide vous ram\u00e8nera \u00e0 votre h\u00f4tel \u00e0 Lanzarote. Contactez nos experts en voyages pour plus d&#8217;informations!<\/p>\n","protected":false},"excerpt":{"rendered":"<p>Profitez de cette excursion priv\u00e9e d&#8217;une journ\u00e9e enti\u00e8rement personnalis\u00e9e pour d\u00e9couvrir le meilleur du nord de Lanzarote. Votre chauffeur \/ guide priv\u00e9 vous emm\u00e8nera visiter les endroits les plus \u00e9tonnants de Lanzarote dans un v\u00e9hicule de luxe priv\u00e9. Vous pourrez visiter: Puerto del Carmen, Pe\u00f1as del Crach, Lagomar et bien plus encore !. Nous pouvons organiser la prise en charge \u00e0 votre h\u00f4tel, appartement, port de croisi\u00e8re ou lieu de votre choix.<\/p>\n","protected":false},"featured_media":95446,"comment_status":"open","ping_status":"closed","template":"","meta":{"_acf_changed":false},"product_brand":[],"product_cat":[3580],"product_tag":[],"class_list":{"0":"post-99294","1":"product","2":"type-product","3":"status-publish","4":"has-post-thumbnail","6":"product_cat-lanzarote-fr","8":"first","9":"instock","10":"shipping-taxable","11":"purchasable","12":"product-type-simple"},"acf":[],"yoast_head":"<!-- This site is optimized with the Yoast SEO Premium plugin v25.3.1 (Yoast SEO v25.3.1) - https:\/\/yoast.com\/wordpress\/plugins\/seo\/ -->\n<title>Visite priv\u00e9e du nord de Lanzarote - Chauffeur priv\u00e9 - guide pour votre exp\u00e9rience<\/title>\n<meta name=\"description\" content=\"Visite priv\u00e9e du nord de Lanzarote enti\u00e8rement personnalis\u00e9e. Chauffeur priv\u00e9 - guide pour votre visite. Prise en charge \u00e0 l&#039;h\u00f4tel ou au port de croisi\u00e8re de Lanzarote\" \/>\n<meta name=\"robots\" content=\"index, follow, max-snippet:-1, max-image-preview:large, max-video-preview:-1\" \/>\n<link rel=\"canonical\" href=\"https:\/\/tourtravelandmore.com\/fr\/tours\/espagne-fr\/lanzarote-fr\/visite-privee-au-nord-de-lanzarote\/\" \/>\n<meta property=\"og:locale\" content=\"fr_FR\" \/>\n<meta property=\"og:type\" content=\"article\" \/>\n<meta property=\"og:title\" content=\"Visite priv\u00e9e au nord de Lanzarote\" \/>\n<meta property=\"og:description\" content=\"Visite priv\u00e9e du nord de Lanzarote enti\u00e8rement personnalis\u00e9e. Chauffeur priv\u00e9 - guide pour votre visite. Prise en charge \u00e0 l&#039;h\u00f4tel ou au port de croisi\u00e8re de Lanzarote\" \/>\n<meta property=\"og:url\" content=\"https:\/\/tourtravelandmore.com\/fr\/tours\/espagne-fr\/lanzarote-fr\/visite-privee-au-nord-de-lanzarote\/\" \/>\n<meta property=\"og:site_name\" content=\"Tour Travel And More\" \/>\n<meta property=\"article:publisher\" content=\"https:\/\/www.facebook.com\/tourtravelandmore\/\" \/>\n<meta property=\"article:modified_time\" content=\"2021-02-18T09:59:32+00:00\" \/>\n<meta property=\"og:image\" content=\"https:\/\/tourtravelandmore.com\/wp-content\/uploads\/2019\/01\/lanzarote-211042_960_720.jpg\" \/>\n\t<meta property=\"og:image:width\" content=\"960\" \/>\n\t<meta property=\"og:image:height\" content=\"641\" \/>\n\t<meta property=\"og:image:type\" content=\"image\/jpeg\" \/>\n<meta name=\"twitter:card\" content=\"summary_large_image\" \/>\n<meta name=\"twitter:site\" content=\"@TourTravel_More\" \/>\n<meta name=\"twitter:label1\" content=\"Dur\u00e9e de lecture estim\u00e9e\" \/>\n\t<meta name=\"twitter:data1\" content=\"2 minutes\" \/>\n<script type=\"application\/ld+json\" class=\"yoast-schema-graph\">{\"@context\":\"https:\/\/schema.org\",\"@graph\":[{\"@type\":\"WebPage\",\"@id\":\"https:\/\/tourtravelandmore.com\/fr\/tours\/espagne-fr\/lanzarote-fr\/visite-privee-au-nord-de-lanzarote\/\",\"url\":\"https:\/\/tourtravelandmore.com\/fr\/tours\/espagne-fr\/lanzarote-fr\/visite-privee-au-nord-de-lanzarote\/\",\"name\":\"Visite priv\u00e9e du nord de Lanzarote - Chauffeur priv\u00e9 - guide pour votre exp\u00e9rience\",\"isPartOf\":{\"@id\":\"https:\/\/tourtravelandmore.com\/fr\/#website\"},\"primaryImageOfPage\":{\"@id\":\"https:\/\/tourtravelandmore.com\/fr\/tours\/espagne-fr\/lanzarote-fr\/visite-privee-au-nord-de-lanzarote\/#primaryimage\"},\"image\":{\"@id\":\"https:\/\/tourtravelandmore.com\/fr\/tours\/espagne-fr\/lanzarote-fr\/visite-privee-au-nord-de-lanzarote\/#primaryimage\"},\"thumbnailUrl\":\"https:\/\/tourtravelandmore.com\/wp-content\/uploads\/2019\/01\/lanzarote-211042_960_720.jpg\",\"datePublished\":\"2019-01-10T16:12:21+00:00\",\"dateModified\":\"2021-02-18T09:59:32+00:00\",\"description\":\"Visite priv\u00e9e du nord de Lanzarote enti\u00e8rement personnalis\u00e9e. Chauffeur priv\u00e9 - guide pour votre visite. Prise en charge \u00e0 l'h\u00f4tel ou au port de croisi\u00e8re de Lanzarote\",\"breadcrumb\":{\"@id\":\"https:\/\/tourtravelandmore.com\/fr\/tours\/espagne-fr\/lanzarote-fr\/visite-privee-au-nord-de-lanzarote\/#breadcrumb\"},\"inLanguage\":\"fr-FR\",\"potentialAction\":[{\"@type\":\"ReadAction\",\"target\":[\"https:\/\/tourtravelandmore.com\/fr\/tours\/espagne-fr\/lanzarote-fr\/visite-privee-au-nord-de-lanzarote\/\"]}]},{\"@type\":\"ImageObject\",\"inLanguage\":\"fr-FR\",\"@id\":\"https:\/\/tourtravelandmore.com\/fr\/tours\/espagne-fr\/lanzarote-fr\/visite-privee-au-nord-de-lanzarote\/#primaryimage\",\"url\":\"https:\/\/tourtravelandmore.com\/wp-content\/uploads\/2019\/01\/lanzarote-211042_960_720.jpg\",\"contentUrl\":\"https:\/\/tourtravelandmore.com\/wp-content\/uploads\/2019\/01\/lanzarote-211042_960_720.jpg\",\"width\":960,\"height\":641},{\"@type\":\"BreadcrumbList\",\"@id\":\"https:\/\/tourtravelandmore.com\/fr\/tours\/espagne-fr\/lanzarote-fr\/visite-privee-au-nord-de-lanzarote\/#breadcrumb\",\"itemListElement\":[{\"@type\":\"ListItem\",\"position\":1,\"name\":\"Home\",\"item\":\"https:\/\/tourtravelandmore.com\/fr\/\"},{\"@type\":\"ListItem\",\"position\":2,\"name\":\"Tours\",\"item\":\"https:\/\/tourtravelandmore.com\/fr\/tours\/\"},{\"@type\":\"ListItem\",\"position\":3,\"name\":\"Visite priv\u00e9e au nord de Lanzarote\"}]},{\"@type\":\"WebSite\",\"@id\":\"https:\/\/tourtravelandmore.com\/fr\/#website\",\"url\":\"https:\/\/tourtravelandmore.com\/fr\/\",\"name\":\"Tour Travel And More\",\"description\":\"Private sightseeing tours and luxury transfers in Spain\",\"publisher\":{\"@id\":\"https:\/\/tourtravelandmore.com\/fr\/#organization\"},\"potentialAction\":[{\"@type\":\"SearchAction\",\"target\":{\"@type\":\"EntryPoint\",\"urlTemplate\":\"https:\/\/tourtravelandmore.com\/fr\/?s={search_term_string}\"},\"query-input\":{\"@type\":\"PropertyValueSpecification\",\"valueRequired\":true,\"valueName\":\"search_term_string\"}}],\"inLanguage\":\"fr-FR\"},{\"@type\":\"Organization\",\"@id\":\"https:\/\/tourtravelandmore.com\/fr\/#organization\",\"name\":\"Tour Travel And More\",\"url\":\"https:\/\/tourtravelandmore.com\/fr\/\",\"logo\":{\"@type\":\"ImageObject\",\"inLanguage\":\"fr-FR\",\"@id\":\"https:\/\/tourtravelandmore.com\/fr\/#\/schema\/logo\/image\/\",\"url\":\"https:\/\/tourtravelandmore.com\/wp-content\/uploads\/2022\/12\/cropped-logo-cabecera-new.png\",\"contentUrl\":\"https:\/\/tourtravelandmore.com\/wp-content\/uploads\/2022\/12\/cropped-logo-cabecera-new.png\",\"width\":430,\"height\":61,\"caption\":\"Tour Travel And More\"},\"image\":{\"@id\":\"https:\/\/tourtravelandmore.com\/fr\/#\/schema\/logo\/image\/\"},\"sameAs\":[\"https:\/\/www.facebook.com\/tourtravelandmore\/\",\"https:\/\/x.com\/TourTravel_More\"]}]}<\/script>\n<!-- \/ Yoast SEO Premium plugin. -->","yoast_head_json":{"title":"Visite priv\u00e9e du nord de Lanzarote - Chauffeur priv\u00e9 - guide pour votre exp\u00e9rience","description":"Visite priv\u00e9e du nord de Lanzarote enti\u00e8rement personnalis\u00e9e. Chauffeur priv\u00e9 - guide pour votre visite. Prise en charge \u00e0 l'h\u00f4tel ou au port de croisi\u00e8re de Lanzarote","robots":{"index":"index","follow":"follow","max-snippet":"max-snippet:-1","max-image-preview":"max-image-preview:large","max-video-preview":"max-video-preview:-1"},"canonical":"https:\/\/tourtravelandmore.com\/fr\/tours\/espagne-fr\/lanzarote-fr\/visite-privee-au-nord-de-lanzarote\/","og_locale":"fr_FR","og_type":"article","og_title":"Visite priv\u00e9e au nord de Lanzarote","og_description":"Visite priv\u00e9e du nord de Lanzarote enti\u00e8rement personnalis\u00e9e. Chauffeur priv\u00e9 - guide pour votre visite. Prise en charge \u00e0 l'h\u00f4tel ou au port de croisi\u00e8re de Lanzarote","og_url":"https:\/\/tourtravelandmore.com\/fr\/tours\/espagne-fr\/lanzarote-fr\/visite-privee-au-nord-de-lanzarote\/","og_site_name":"Tour Travel And More","article_publisher":"https:\/\/www.facebook.com\/tourtravelandmore\/","article_modified_time":"2021-02-18T09:59:32+00:00","og_image":[{"width":960,"height":641,"url":"https:\/\/tourtravelandmore.com\/wp-content\/uploads\/2019\/01\/lanzarote-211042_960_720.jpg","type":"image\/jpeg"}],"twitter_card":"summary_large_image","twitter_site":"@TourTravel_More","twitter_misc":{"Dur\u00e9e de lecture estim\u00e9e":"2 minutes"},"schema":{"@context":"https:\/\/schema.org","@graph":[{"@type":"WebPage","@id":"https:\/\/tourtravelandmore.com\/fr\/tours\/espagne-fr\/lanzarote-fr\/visite-privee-au-nord-de-lanzarote\/","url":"https:\/\/tourtravelandmore.com\/fr\/tours\/espagne-fr\/lanzarote-fr\/visite-privee-au-nord-de-lanzarote\/","name":"Visite priv\u00e9e du nord de Lanzarote - Chauffeur priv\u00e9 - guide pour votre exp\u00e9rience","isPartOf":{"@id":"https:\/\/tourtravelandmore.com\/fr\/#website"},"primaryImageOfPage":{"@id":"https:\/\/tourtravelandmore.com\/fr\/tours\/espagne-fr\/lanzarote-fr\/visite-privee-au-nord-de-lanzarote\/#primaryimage"},"image":{"@id":"https:\/\/tourtravelandmore.com\/fr\/tours\/espagne-fr\/lanzarote-fr\/visite-privee-au-nord-de-lanzarote\/#primaryimage"},"thumbnailUrl":"https:\/\/tourtravelandmore.com\/wp-content\/uploads\/2019\/01\/lanzarote-211042_960_720.jpg","datePublished":"2019-01-10T16:12:21+00:00","dateModified":"2021-02-18T09:59:32+00:00","description":"Visite priv\u00e9e du nord de Lanzarote enti\u00e8rement personnalis\u00e9e. Chauffeur priv\u00e9 - guide pour votre visite. Prise en charge \u00e0 l'h\u00f4tel ou au port de croisi\u00e8re de Lanzarote","breadcrumb":{"@id":"https:\/\/tourtravelandmore.com\/fr\/tours\/espagne-fr\/lanzarote-fr\/visite-privee-au-nord-de-lanzarote\/#breadcrumb"},"inLanguage":"fr-FR","potentialAction":[{"@type":"ReadAction","target":["https:\/\/tourtravelandmore.com\/fr\/tours\/espagne-fr\/lanzarote-fr\/visite-privee-au-nord-de-lanzarote\/"]}]},{"@type":"ImageObject","inLanguage":"fr-FR","@id":"https:\/\/tourtravelandmore.com\/fr\/tours\/espagne-fr\/lanzarote-fr\/visite-privee-au-nord-de-lanzarote\/#primaryimage","url":"https:\/\/tourtravelandmore.com\/wp-content\/uploads\/2019\/01\/lanzarote-211042_960_720.jpg","contentUrl":"https:\/\/tourtravelandmore.com\/wp-content\/uploads\/2019\/01\/lanzarote-211042_960_720.jpg","width":960,"height":641},{"@type":"BreadcrumbList","@id":"https:\/\/tourtravelandmore.com\/fr\/tours\/espagne-fr\/lanzarote-fr\/visite-privee-au-nord-de-lanzarote\/#breadcrumb","itemListElement":[{"@type":"ListItem","position":1,"name":"Home","item":"https:\/\/tourtravelandmore.com\/fr\/"},{"@type":"ListItem","position":2,"name":"Tours","item":"https:\/\/tourtravelandmore.com\/fr\/tours\/"},{"@type":"ListItem","position":3,"name":"Visite priv\u00e9e au nord de Lanzarote"}]},{"@type":"WebSite","@id":"https:\/\/tourtravelandmore.com\/fr\/#website","url":"https:\/\/tourtravelandmore.com\/fr\/","name":"Tour Travel And More","description":"Private sightseeing tours and luxury transfers in Spain","publisher":{"@id":"https:\/\/tourtravelandmore.com\/fr\/#organization"},"potentialAction":[{"@type":"SearchAction","target":{"@type":"EntryPoint","urlTemplate":"https:\/\/tourtravelandmore.com\/fr\/?s={search_term_string}"},"query-input":{"@type":"PropertyValueSpecification","valueRequired":true,"valueName":"search_term_string"}}],"inLanguage":"fr-FR"},{"@type":"Organization","@id":"https:\/\/tourtravelandmore.com\/fr\/#organization","name":"Tour Travel And More","url":"https:\/\/tourtravelandmore.com\/fr\/","logo":{"@type":"ImageObject","inLanguage":"fr-FR","@id":"https:\/\/tourtravelandmore.com\/fr\/#\/schema\/logo\/image\/","url":"https:\/\/tourtravelandmore.com\/wp-content\/uploads\/2022\/12\/cropped-logo-cabecera-new.png","contentUrl":"https:\/\/tourtravelandmore.com\/wp-content\/uploads\/2022\/12\/cropped-logo-cabecera-new.png","width":430,"height":61,"caption":"Tour Travel And More"},"image":{"@id":"https:\/\/tourtravelandmore.com\/fr\/#\/schema\/logo\/image\/"},"sameAs":["https:\/\/www.facebook.com\/tourtravelandmore\/","https:\/\/x.com\/TourTravel_More"]}]}},"_links":{"self":[{"href":"https:\/\/tourtravelandmore.com\/fr\/wp-json\/wp\/v2\/product\/99294","targetHints":{"allow":["GET"]}}],"collection":[{"href":"https:\/\/tourtravelandmore.com\/fr\/wp-json\/wp\/v2\/product"}],"about":[{"href":"https:\/\/tourtravelandmore.com\/fr\/wp-json\/wp\/v2\/types\/product"}],"replies":[{"embeddable":true,"href":"https:\/\/tourtravelandmore.com\/fr\/wp-json\/wp\/v2\/comments?post=99294"}],"wp:featuredmedia":[{"embeddable":true,"href":"https:\/\/tourtravelandmore.com\/fr\/wp-json\/wp\/v2\/media\/95446"}],"wp:attachment":[{"href":"https:\/\/tourtravelandmore.com\/fr\/wp-json\/wp\/v2\/media?parent=99294"}],"wp:term":[{"taxonomy":"product_brand","embeddable":true,"href":"https:\/\/tourtravelandmore.com\/fr\/wp-json\/wp\/v2\/product_brand?post=99294"},{"taxonomy":"product_cat","embeddable":true,"href":"https:\/\/tourtravelandmore.com\/fr\/wp-json\/wp\/v2\/product_cat?post=99294"},{"taxonomy":"product_tag","embeddable":true,"href":"https:\/\/tourtravelandmore.com\/fr\/wp-json\/wp\/v2\/product_tag?post=99294"}],"curies":[{"name":"wp","href":"https:\/\/api.w.org\/{rel}","templated":true}]}}