{"id":99289,"date":"2019-01-10T16:23:32","date_gmt":"2019-01-10T15:23:32","guid":{"rendered":"https:\/\/tourtravelandmore.com\/tours\/non%20class\u00e9\/visite-privee-de-lile-de-lanzarote\/"},"modified":"2021-02-18T10:59:44","modified_gmt":"2021-02-18T09:59:44","slug":"visite-privee-de-lile-de-lanzarote","status":"publish","type":"product","link":"https:\/\/tourtravelandmore.com\/fr\/tours\/espagne-fr\/lanzarote-fr\/visite-privee-de-lile-de-lanzarote\/","title":{"rendered":"Visite priv\u00e9e de l&#8217;\u00eele de Lanzarote"},"content":{"rendered":"<h2>Description<\/h2>\n<p>Lanzarote est une belle \u00eele situ\u00e9e sur l&#8217;oc\u00e9an Atlantique aux \u00eeles Canaries. Cette visite priv\u00e9e de l&#8217;\u00eele de Lanzarote est l&#8217;exp\u00e9rience parfaite pour conna\u00eetre les meilleurs sites de cette \u00eele.<\/p>\n<p>Cette visite priv\u00e9e de l&#8217;\u00eele de Lanzarote d\u00e9butera \u00e0 votre h\u00f4tel ou lieu de votre choix \u00e0 Lanzarote. Apr\u00e8s avoir rencontr\u00e9 notre chauffeur-guide, nous commencerons cette visite priv\u00e9e.<\/p>\n<p>Il y a tellement de choses \u00e0 voir sur l&#8217;\u00eele de Lanzarote qu&#8217;en une journ\u00e9e, nous aurons une br\u00e8ve vue et une visite panoramique de cet endroit!<\/p>\n<p>Ne manquez pas une vue sur le parc national de Timanfaya. Au cours de cette excursion d&#8217;une journ\u00e9e, nous ne pourrons pas passer de temps au parc national de Timanfaya. Si vous souhaitez profiter au maximum de ce parc national, consultez notre visite priv\u00e9e.<\/p>\n<h2>Sites d&#8217;int\u00e9r\u00eat et monuments<\/h2>\n<p>Apr\u00e8s une prise en charge confortable depuis votre h\u00f4tel de Lanzarote, nous nous dirigerons vers les meilleurs sites de Lanzarote. Ces sites sont situ\u00e9s sur la partie nord et sud de l&#8217;\u00eele.<\/p>\n<ul>\n<li>Parc national de Timanfaya (billet d&#8217;entr\u00e9e inclus)<\/li>\n<li>Lac vert<\/li>\n<li>Grands paysages lunaires<\/li>\n<li>Cuevas Verdes (entr\u00e9e incluse)<\/li>\n<li>Jameos del Agua (nous avons \u00e9galement inclus le billet d&#8217;entr\u00e9e)<\/li>\n<li>La Geria<\/li>\n<li>Las Salinas del Janubio et Los Hervideros<\/li>\n<li>El Golfo<\/li>\n<li>Costa Teguise: belle et unique ville c\u00f4ti\u00e8re. Cette ville poss\u00e8de 4 plages principales;<\/li>\n<li>Playa de los Charcos<\/li>\n<li>La Playa de las cucharas<\/li>\n<li>Playa del Jabillo<\/li>\n<li>La Playa Basti\u00e1n<\/li>\n<li>Haria<\/li>\n<li>Puerto del Carmen<\/li>\n<li>Beaucoup plus!<\/li>\n<\/ul>\n<p>Vous profiterez \u00e9galement d&#8217;une balade \u00e0 dos de chameau de 20 minutes!<\/p>\n<p>Nous organiserons une collation rapide pendant votre visite priv\u00e9e. Si vous avez des pr\u00e9f\u00e9rences, faites-le moi savoir.<\/p>\n<p>Apr\u00e8s avoir visit\u00e9 les sites les meilleurs et les plus importants de Lanzarote, nous nous dirigerons vers votre h\u00f4tel pour une d\u00e9pose confortable.<\/p>\n","protected":false},"excerpt":{"rendered":"<p>Profitez de cette excursion priv\u00e9e d&#8217;une journ\u00e9e enti\u00e8rement personnalis\u00e9e pour d\u00e9couvrir le meilleur de l&#8217;\u00eele de Lanzarote. Vous aurez la possibilit\u00e9 de visiter tous les lieux et spots les plus importants de cette \u00eele merveilleuse. Votre chauffeur \/ guide priv\u00e9 sera \u00e0 votre enti\u00e8re disposition pendant toute la dur\u00e9e de la visite. Vous pourrez notamment visiter: le parc national de Timanfaya, les Cuevas Verdes, le lac vert et bien plus encore !.<\/p>\n","protected":false},"featured_media":95445,"comment_status":"open","ping_status":"closed","template":"","meta":{"_acf_changed":false},"product_brand":[],"product_cat":[3580],"product_tag":[],"class_list":{"0":"post-99289","1":"product","2":"type-product","3":"status-publish","4":"has-post-thumbnail","6":"product_cat-lanzarote-fr","8":"first","9":"instock","10":"shipping-taxable","11":"purchasable","12":"product-type-simple"},"acf":[],"yoast_head":"<!-- This site is optimized with the Yoast SEO Premium plugin v25.3.1 (Yoast SEO v25.3.1) - https:\/\/yoast.com\/wordpress\/plugins\/seo\/ -->\n<title>Visite priv\u00e9e de l&#039;\u00eele de Lanzarote - guide priv\u00e9 en voiture<\/title>\n<meta name=\"description\" content=\"Explorez le nord et le sud de Lanzarote. Visite priv\u00e9e de l&#039;\u00eele de Lanzarote avec chauffeur - guide. Prise en charge priv\u00e9e de n&#039;importe o\u00f9 sur l&#039;\u00eele\" \/>\n<meta name=\"robots\" content=\"index, follow, max-snippet:-1, max-image-preview:large, max-video-preview:-1\" \/>\n<link rel=\"canonical\" href=\"https:\/\/tourtravelandmore.com\/fr\/tours\/espagne-fr\/lanzarote-fr\/visite-privee-de-lile-de-lanzarote\/\" \/>\n<meta property=\"og:locale\" content=\"fr_FR\" \/>\n<meta property=\"og:type\" content=\"article\" \/>\n<meta property=\"og:title\" content=\"Visite priv\u00e9e de l&#039;\u00eele de Lanzarote\" \/>\n<meta property=\"og:description\" content=\"Explorez le nord et le sud de Lanzarote. Visite priv\u00e9e de l&#039;\u00eele de Lanzarote avec chauffeur - guide. Prise en charge priv\u00e9e de n&#039;importe o\u00f9 sur l&#039;\u00eele\" \/>\n<meta property=\"og:url\" content=\"https:\/\/tourtravelandmore.com\/fr\/tours\/espagne-fr\/lanzarote-fr\/visite-privee-de-lile-de-lanzarote\/\" \/>\n<meta property=\"og:site_name\" content=\"Tour Travel And More\" \/>\n<meta property=\"article:publisher\" content=\"https:\/\/www.facebook.com\/tourtravelandmore\/\" \/>\n<meta property=\"article:modified_time\" content=\"2021-02-18T09:59:44+00:00\" \/>\n<meta property=\"og:image\" content=\"https:\/\/tourtravelandmore.com\/wp-content\/uploads\/2019\/01\/lanzarote-2346346_960_720.jpg\" \/>\n\t<meta property=\"og:image:width\" content=\"720\" \/>\n\t<meta property=\"og:image:height\" content=\"720\" \/>\n\t<meta property=\"og:image:type\" content=\"image\/jpeg\" \/>\n<meta name=\"twitter:card\" content=\"summary_large_image\" \/>\n<meta name=\"twitter:site\" content=\"@TourTravel_More\" \/>\n<meta name=\"twitter:label1\" content=\"Dur\u00e9e de lecture estim\u00e9e\" \/>\n\t<meta name=\"twitter:data1\" content=\"2 minutes\" \/>\n<script type=\"application\/ld+json\" class=\"yoast-schema-graph\">{\"@context\":\"https:\/\/schema.org\",\"@graph\":[{\"@type\":\"WebPage\",\"@id\":\"https:\/\/tourtravelandmore.com\/fr\/tours\/espagne-fr\/lanzarote-fr\/visite-privee-de-lile-de-lanzarote\/\",\"url\":\"https:\/\/tourtravelandmore.com\/fr\/tours\/espagne-fr\/lanzarote-fr\/visite-privee-de-lile-de-lanzarote\/\",\"name\":\"Visite priv\u00e9e de l'\u00eele de Lanzarote - guide priv\u00e9 en voiture\",\"isPartOf\":{\"@id\":\"https:\/\/tourtravelandmore.com\/fr\/#website\"},\"primaryImageOfPage\":{\"@id\":\"https:\/\/tourtravelandmore.com\/fr\/tours\/espagne-fr\/lanzarote-fr\/visite-privee-de-lile-de-lanzarote\/#primaryimage\"},\"image\":{\"@id\":\"https:\/\/tourtravelandmore.com\/fr\/tours\/espagne-fr\/lanzarote-fr\/visite-privee-de-lile-de-lanzarote\/#primaryimage\"},\"thumbnailUrl\":\"https:\/\/tourtravelandmore.com\/wp-content\/uploads\/2019\/01\/lanzarote-2346346_960_720.jpg\",\"datePublished\":\"2019-01-10T15:23:32+00:00\",\"dateModified\":\"2021-02-18T09:59:44+00:00\",\"description\":\"Explorez le nord et le sud de Lanzarote. Visite priv\u00e9e de l'\u00eele de Lanzarote avec chauffeur - guide. Prise en charge priv\u00e9e de n'importe o\u00f9 sur l'\u00eele\",\"breadcrumb\":{\"@id\":\"https:\/\/tourtravelandmore.com\/fr\/tours\/espagne-fr\/lanzarote-fr\/visite-privee-de-lile-de-lanzarote\/#breadcrumb\"},\"inLanguage\":\"fr-FR\",\"potentialAction\":[{\"@type\":\"ReadAction\",\"target\":[\"https:\/\/tourtravelandmore.com\/fr\/tours\/espagne-fr\/lanzarote-fr\/visite-privee-de-lile-de-lanzarote\/\"]}]},{\"@type\":\"ImageObject\",\"inLanguage\":\"fr-FR\",\"@id\":\"https:\/\/tourtravelandmore.com\/fr\/tours\/espagne-fr\/lanzarote-fr\/visite-privee-de-lile-de-lanzarote\/#primaryimage\",\"url\":\"https:\/\/tourtravelandmore.com\/wp-content\/uploads\/2019\/01\/lanzarote-2346346_960_720.jpg\",\"contentUrl\":\"https:\/\/tourtravelandmore.com\/wp-content\/uploads\/2019\/01\/lanzarote-2346346_960_720.jpg\",\"width\":720,\"height\":720},{\"@type\":\"BreadcrumbList\",\"@id\":\"https:\/\/tourtravelandmore.com\/fr\/tours\/espagne-fr\/lanzarote-fr\/visite-privee-de-lile-de-lanzarote\/#breadcrumb\",\"itemListElement\":[{\"@type\":\"ListItem\",\"position\":1,\"name\":\"Home\",\"item\":\"https:\/\/tourtravelandmore.com\/fr\/\"},{\"@type\":\"ListItem\",\"position\":2,\"name\":\"Tours\",\"item\":\"https:\/\/tourtravelandmore.com\/fr\/tours\/\"},{\"@type\":\"ListItem\",\"position\":3,\"name\":\"Visite priv\u00e9e de l&rsquo;\u00eele de Lanzarote\"}]},{\"@type\":\"WebSite\",\"@id\":\"https:\/\/tourtravelandmore.com\/fr\/#website\",\"url\":\"https:\/\/tourtravelandmore.com\/fr\/\",\"name\":\"Tour Travel And More\",\"description\":\"Private sightseeing tours and luxury transfers in Spain\",\"publisher\":{\"@id\":\"https:\/\/tourtravelandmore.com\/fr\/#organization\"},\"potentialAction\":[{\"@type\":\"SearchAction\",\"target\":{\"@type\":\"EntryPoint\",\"urlTemplate\":\"https:\/\/tourtravelandmore.com\/fr\/?s={search_term_string}\"},\"query-input\":{\"@type\":\"PropertyValueSpecification\",\"valueRequired\":true,\"valueName\":\"search_term_string\"}}],\"inLanguage\":\"fr-FR\"},{\"@type\":\"Organization\",\"@id\":\"https:\/\/tourtravelandmore.com\/fr\/#organization\",\"name\":\"Tour Travel And More\",\"url\":\"https:\/\/tourtravelandmore.com\/fr\/\",\"logo\":{\"@type\":\"ImageObject\",\"inLanguage\":\"fr-FR\",\"@id\":\"https:\/\/tourtravelandmore.com\/fr\/#\/schema\/logo\/image\/\",\"url\":\"https:\/\/tourtravelandmore.com\/wp-content\/uploads\/2022\/12\/cropped-logo-cabecera-new.png\",\"contentUrl\":\"https:\/\/tourtravelandmore.com\/wp-content\/uploads\/2022\/12\/cropped-logo-cabecera-new.png\",\"width\":430,\"height\":61,\"caption\":\"Tour Travel And More\"},\"image\":{\"@id\":\"https:\/\/tourtravelandmore.com\/fr\/#\/schema\/logo\/image\/\"},\"sameAs\":[\"https:\/\/www.facebook.com\/tourtravelandmore\/\",\"https:\/\/x.com\/TourTravel_More\"]}]}<\/script>\n<!-- \/ Yoast SEO Premium plugin. -->","yoast_head_json":{"title":"Visite priv\u00e9e de l'\u00eele de Lanzarote - guide priv\u00e9 en voiture","description":"Explorez le nord et le sud de Lanzarote. Visite priv\u00e9e de l'\u00eele de Lanzarote avec chauffeur - guide. Prise en charge priv\u00e9e de n'importe o\u00f9 sur l'\u00eele","robots":{"index":"index","follow":"follow","max-snippet":"max-snippet:-1","max-image-preview":"max-image-preview:large","max-video-preview":"max-video-preview:-1"},"canonical":"https:\/\/tourtravelandmore.com\/fr\/tours\/espagne-fr\/lanzarote-fr\/visite-privee-de-lile-de-lanzarote\/","og_locale":"fr_FR","og_type":"article","og_title":"Visite priv\u00e9e de l'\u00eele de Lanzarote","og_description":"Explorez le nord et le sud de Lanzarote. Visite priv\u00e9e de l'\u00eele de Lanzarote avec chauffeur - guide. Prise en charge priv\u00e9e de n'importe o\u00f9 sur l'\u00eele","og_url":"https:\/\/tourtravelandmore.com\/fr\/tours\/espagne-fr\/lanzarote-fr\/visite-privee-de-lile-de-lanzarote\/","og_site_name":"Tour Travel And More","article_publisher":"https:\/\/www.facebook.com\/tourtravelandmore\/","article_modified_time":"2021-02-18T09:59:44+00:00","og_image":[{"width":720,"height":720,"url":"https:\/\/tourtravelandmore.com\/wp-content\/uploads\/2019\/01\/lanzarote-2346346_960_720.jpg","type":"image\/jpeg"}],"twitter_card":"summary_large_image","twitter_site":"@TourTravel_More","twitter_misc":{"Dur\u00e9e de lecture estim\u00e9e":"2 minutes"},"schema":{"@context":"https:\/\/schema.org","@graph":[{"@type":"WebPage","@id":"https:\/\/tourtravelandmore.com\/fr\/tours\/espagne-fr\/lanzarote-fr\/visite-privee-de-lile-de-lanzarote\/","url":"https:\/\/tourtravelandmore.com\/fr\/tours\/espagne-fr\/lanzarote-fr\/visite-privee-de-lile-de-lanzarote\/","name":"Visite priv\u00e9e de l'\u00eele de Lanzarote - guide priv\u00e9 en voiture","isPartOf":{"@id":"https:\/\/tourtravelandmore.com\/fr\/#website"},"primaryImageOfPage":{"@id":"https:\/\/tourtravelandmore.com\/fr\/tours\/espagne-fr\/lanzarote-fr\/visite-privee-de-lile-de-lanzarote\/#primaryimage"},"image":{"@id":"https:\/\/tourtravelandmore.com\/fr\/tours\/espagne-fr\/lanzarote-fr\/visite-privee-de-lile-de-lanzarote\/#primaryimage"},"thumbnailUrl":"https:\/\/tourtravelandmore.com\/wp-content\/uploads\/2019\/01\/lanzarote-2346346_960_720.jpg","datePublished":"2019-01-10T15:23:32+00:00","dateModified":"2021-02-18T09:59:44+00:00","description":"Explorez le nord et le sud de Lanzarote. Visite priv\u00e9e de l'\u00eele de Lanzarote avec chauffeur - guide. Prise en charge priv\u00e9e de n'importe o\u00f9 sur l'\u00eele","breadcrumb":{"@id":"https:\/\/tourtravelandmore.com\/fr\/tours\/espagne-fr\/lanzarote-fr\/visite-privee-de-lile-de-lanzarote\/#breadcrumb"},"inLanguage":"fr-FR","potentialAction":[{"@type":"ReadAction","target":["https:\/\/tourtravelandmore.com\/fr\/tours\/espagne-fr\/lanzarote-fr\/visite-privee-de-lile-de-lanzarote\/"]}]},{"@type":"ImageObject","inLanguage":"fr-FR","@id":"https:\/\/tourtravelandmore.com\/fr\/tours\/espagne-fr\/lanzarote-fr\/visite-privee-de-lile-de-lanzarote\/#primaryimage","url":"https:\/\/tourtravelandmore.com\/wp-content\/uploads\/2019\/01\/lanzarote-2346346_960_720.jpg","contentUrl":"https:\/\/tourtravelandmore.com\/wp-content\/uploads\/2019\/01\/lanzarote-2346346_960_720.jpg","width":720,"height":720},{"@type":"BreadcrumbList","@id":"https:\/\/tourtravelandmore.com\/fr\/tours\/espagne-fr\/lanzarote-fr\/visite-privee-de-lile-de-lanzarote\/#breadcrumb","itemListElement":[{"@type":"ListItem","position":1,"name":"Home","item":"https:\/\/tourtravelandmore.com\/fr\/"},{"@type":"ListItem","position":2,"name":"Tours","item":"https:\/\/tourtravelandmore.com\/fr\/tours\/"},{"@type":"ListItem","position":3,"name":"Visite priv\u00e9e de l&rsquo;\u00eele de Lanzarote"}]},{"@type":"WebSite","@id":"https:\/\/tourtravelandmore.com\/fr\/#website","url":"https:\/\/tourtravelandmore.com\/fr\/","name":"Tour Travel And More","description":"Private sightseeing tours and luxury transfers in Spain","publisher":{"@id":"https:\/\/tourtravelandmore.com\/fr\/#organization"},"potentialAction":[{"@type":"SearchAction","target":{"@type":"EntryPoint","urlTemplate":"https:\/\/tourtravelandmore.com\/fr\/?s={search_term_string}"},"query-input":{"@type":"PropertyValueSpecification","valueRequired":true,"valueName":"search_term_string"}}],"inLanguage":"fr-FR"},{"@type":"Organization","@id":"https:\/\/tourtravelandmore.com\/fr\/#organization","name":"Tour Travel And More","url":"https:\/\/tourtravelandmore.com\/fr\/","logo":{"@type":"ImageObject","inLanguage":"fr-FR","@id":"https:\/\/tourtravelandmore.com\/fr\/#\/schema\/logo\/image\/","url":"https:\/\/tourtravelandmore.com\/wp-content\/uploads\/2022\/12\/cropped-logo-cabecera-new.png","contentUrl":"https:\/\/tourtravelandmore.com\/wp-content\/uploads\/2022\/12\/cropped-logo-cabecera-new.png","width":430,"height":61,"caption":"Tour Travel And More"},"image":{"@id":"https:\/\/tourtravelandmore.com\/fr\/#\/schema\/logo\/image\/"},"sameAs":["https:\/\/www.facebook.com\/tourtravelandmore\/","https:\/\/x.com\/TourTravel_More"]}]}},"_links":{"self":[{"href":"https:\/\/tourtravelandmore.com\/fr\/wp-json\/wp\/v2\/product\/99289","targetHints":{"allow":["GET"]}}],"collection":[{"href":"https:\/\/tourtravelandmore.com\/fr\/wp-json\/wp\/v2\/product"}],"about":[{"href":"https:\/\/tourtravelandmore.com\/fr\/wp-json\/wp\/v2\/types\/product"}],"replies":[{"embeddable":true,"href":"https:\/\/tourtravelandmore.com\/fr\/wp-json\/wp\/v2\/comments?post=99289"}],"wp:featuredmedia":[{"embeddable":true,"href":"https:\/\/tourtravelandmore.com\/fr\/wp-json\/wp\/v2\/media\/95445"}],"wp:attachment":[{"href":"https:\/\/tourtravelandmore.com\/fr\/wp-json\/wp\/v2\/media?parent=99289"}],"wp:term":[{"taxonomy":"product_brand","embeddable":true,"href":"https:\/\/tourtravelandmore.com\/fr\/wp-json\/wp\/v2\/product_brand?post=99289"},{"taxonomy":"product_cat","embeddable":true,"href":"https:\/\/tourtravelandmore.com\/fr\/wp-json\/wp\/v2\/product_cat?post=99289"},{"taxonomy":"product_tag","embeddable":true,"href":"https:\/\/tourtravelandmore.com\/fr\/wp-json\/wp\/v2\/product_tag?post=99289"}],"curies":[{"name":"wp","href":"https:\/\/api.w.org\/{rel}","templated":true}]}}