{"id":99268,"date":"2020-02-07T14:18:31","date_gmt":"2020-02-07T13:18:31","guid":{"rendered":"https:\/\/tourtravelandmore.com\/tours\/non%20class\u00e9\/excursion-privee-a-terre-a-carthagene\/"},"modified":"2021-02-15T21:05:10","modified_gmt":"2021-02-15T20:05:10","slug":"excursion-privee-a-terre-a-carthagene","status":"publish","type":"product","link":"https:\/\/tourtravelandmore.com\/fr\/tours\/espagne-fr\/carthagene-fr\/excursion-privee-a-terre-a-carthagene\/","title":{"rendered":"Excursion priv\u00e9e \u00e0 terre \u00e0 Carthag\u00e8ne"},"content":{"rendered":"<h2>Description<\/h2>\n<p>Ne manquez pas notre excursion exclusive \u00e0 terre \u00e0 Carthag\u00e8ne. Saviez-vous que le port de croisi\u00e8re de Carthag\u00e8ne est l&#8217;une des destinations obligatoires de tout navire touristique qui se vante d&#8217;en \u00eatre un.<\/p>\n<p>En effet, depuis plusieurs ann\u00e9es, le port et la ville de Carthag\u00e8ne ont remport\u00e9 plusieurs des prix attribu\u00e9s \u00e0 des destinations de luxe pour tout voyage de croisi\u00e8re.<\/p>\n<p>D\u00e9sormais, pour rendre le voyage beaucoup plus agr\u00e9able, avec Tour Travel &amp; More, nous vous proposerons un service haut de gamme unique. Ayez \u00e0 votre disposition un guide touristique officiel priv\u00e9 et un v\u00e9hicule de luxe avec chauffeur pour vous emmener \u00e0 travers Carthag\u00e8ne. Profitez de cette excursion priv\u00e9e \u00e0 terre \u00e0 Carthag\u00e8ne. Vous ne perdez pas de temps et profitez vraiment des quelques heures que votre croisi\u00e8re sera amarr\u00e9e dans cette merveilleuse destination touristique.<\/p>\n<h2>Sites d&#8217;int\u00e9r\u00eat et monuments<\/h2>\n<p>Nous vous recommandons de faire votre premier arr\u00eat au mus\u00e9e ARQUA, \u00e9galement connu sous le nom de mus\u00e9e d&#8217;arch\u00e9ologie sous-marine. Il travaille sur la c\u00f4te de Mazarr\u00f3n pour r\u00e9cup\u00e9rer d&#8217;anciens navires ph\u00e9niciens coul\u00e9s.<\/p>\n<p>Avec cette premi\u00e8re approche de l&#8217;Antiquit\u00e9, il sera temps de conna\u00eetre l&#8217;h\u00e9ritage romain qui est encore pr\u00e9serv\u00e9 dans la ville. Nous visiterons le mus\u00e9e du th\u00e9\u00e2tre romain. Promenez-vous dans ce bastion de la culture ancienne, nous marcherons dans le quartier du forum romain et nous visiterons la maison romaine de la Fortune.<\/p>\n<p>Revenons aux temps modernes et allons au centre-ville. Admirez le Palais Consistorial de Carthag\u00e8ne, qui \u00e0 l&#8217;\u00e9poque servait \u00e9galement de mairie. Nous aurons le temps de passer par le Casino et le Grand H\u00f4tel.<\/p>\n<p>Enfin, nous emprunterons l&#8217;ascenseur panoramique qui nous permettra d&#8217;avoir une vue \u00e0 360 \u00b0 sur tout Carthag\u00e8ne. Cela nous laissera au sommet de Castle Hill. Prenez les meilleurs selfies de tout le voyage avant de reprendre votre croisi\u00e8re.<\/p>\n<h2>Carthag\u00e8ne<\/h2>\n<p>\u00c0 ses origines, cette ville \u00e9tait connue sous le nom de Qart Hadasht. Carthag\u00e8ne a \u00e9t\u00e9 fond\u00e9e par le Carthaginois Hasdrubal le Beau vers l&#8217;an 227 av. Auparavant, \u00e0 cet endroit, il y avait une petite colonie tartessienne connue sous le nom de Mastia. Puis sous le r\u00e8gne de l&#8217;Empire romain, il a \u00e9t\u00e9 rebaptis\u00e9 Carthago Nova. Plus tard, Carthag\u00e8ne est tomb\u00e9e aux mains des Byzantins et a chang\u00e9 son nom \u00e0 nouveau pour Carthago Spartaria, jusqu&#8217;\u00e0 ce qu&#8217;elle devienne la ville que nous connaissons aujourd&#8217;hui.<\/p>\n<p>D\u00e9couvrez toutes nos visites priv\u00e9es \u00e0 Carthag\u00e8ne.<\/p>\n","protected":false},"excerpt":{"rendered":"<p>Excursion priv\u00e9e \u00e0 terre \u00e0 Carthag\u00e8ne. Exp\u00e9rience unique avec un guide officiel priv\u00e9 et un v\u00e9hicule de luxe priv\u00e9 avec chauffeur.<\/p>\n","protected":false},"featured_media":97196,"comment_status":"open","ping_status":"closed","template":"","meta":{"_acf_changed":false},"product_brand":[],"product_cat":[3541,3576],"product_tag":[],"class_list":{"0":"post-99268","1":"product","2":"type-product","3":"status-publish","4":"has-post-thumbnail","6":"product_cat-espagne-fr","7":"product_cat-carthagene-fr","9":"first","10":"instock","11":"shipping-taxable","12":"purchasable","13":"product-type-simple"},"acf":[],"yoast_head":"<!-- This site is optimized with the Yoast SEO Premium plugin v25.3.1 (Yoast SEO v25.3.1) - https:\/\/yoast.com\/wordpress\/plugins\/seo\/ -->\n<title>Excursion priv\u00e9e \u00e0 terre \u00e0 Carthag\u00e8ne - Guide priv\u00e9 et chauffeur s\u00e9par\u00e9<\/title>\n<meta name=\"description\" content=\"Excursion priv\u00e9e \u00e0 terre \u00e0 Carthag\u00e8ne. Exp\u00e9rience unique avec un guide officiel priv\u00e9 et un v\u00e9hicule de luxe priv\u00e9 avec chauffeur.\" \/>\n<meta name=\"robots\" content=\"index, follow, max-snippet:-1, max-image-preview:large, max-video-preview:-1\" \/>\n<link rel=\"canonical\" href=\"https:\/\/tourtravelandmore.com\/fr\/tours\/espagne-fr\/carthagene-fr\/excursion-privee-a-terre-a-carthagene\/\" \/>\n<meta property=\"og:locale\" content=\"fr_FR\" \/>\n<meta property=\"og:type\" content=\"article\" \/>\n<meta property=\"og:title\" content=\"Excursion priv\u00e9e \u00e0 terre \u00e0 Carthag\u00e8ne\" \/>\n<meta property=\"og:description\" content=\"Excursion priv\u00e9e \u00e0 terre \u00e0 Carthag\u00e8ne. Exp\u00e9rience unique avec un guide officiel priv\u00e9 et un v\u00e9hicule de luxe priv\u00e9 avec chauffeur.\" \/>\n<meta property=\"og:url\" content=\"https:\/\/tourtravelandmore.com\/fr\/tours\/espagne-fr\/carthagene-fr\/excursion-privee-a-terre-a-carthagene\/\" \/>\n<meta property=\"og:site_name\" content=\"Tour Travel And More\" \/>\n<meta property=\"article:publisher\" content=\"https:\/\/www.facebook.com\/tourtravelandmore\/\" \/>\n<meta property=\"article:modified_time\" content=\"2021-02-15T20:05:10+00:00\" \/>\n<meta property=\"og:image\" content=\"https:\/\/tourtravelandmore.com\/wp-content\/uploads\/2020\/02\/5896509335_1785fab1e0_b.jpg\" \/>\n\t<meta property=\"og:image:width\" content=\"1024\" \/>\n\t<meta property=\"og:image:height\" content=\"680\" \/>\n\t<meta property=\"og:image:type\" content=\"image\/jpeg\" \/>\n<meta name=\"twitter:card\" content=\"summary_large_image\" \/>\n<meta name=\"twitter:site\" content=\"@TourTravel_More\" \/>\n<meta name=\"twitter:label1\" content=\"Dur\u00e9e de lecture estim\u00e9e\" \/>\n\t<meta name=\"twitter:data1\" content=\"2 minutes\" \/>\n<script type=\"application\/ld+json\" class=\"yoast-schema-graph\">{\"@context\":\"https:\/\/schema.org\",\"@graph\":[{\"@type\":\"WebPage\",\"@id\":\"https:\/\/tourtravelandmore.com\/fr\/tours\/espagne-fr\/carthagene-fr\/excursion-privee-a-terre-a-carthagene\/\",\"url\":\"https:\/\/tourtravelandmore.com\/fr\/tours\/espagne-fr\/carthagene-fr\/excursion-privee-a-terre-a-carthagene\/\",\"name\":\"Excursion priv\u00e9e \u00e0 terre \u00e0 Carthag\u00e8ne - Guide priv\u00e9 et chauffeur s\u00e9par\u00e9\",\"isPartOf\":{\"@id\":\"https:\/\/tourtravelandmore.com\/fr\/#website\"},\"primaryImageOfPage\":{\"@id\":\"https:\/\/tourtravelandmore.com\/fr\/tours\/espagne-fr\/carthagene-fr\/excursion-privee-a-terre-a-carthagene\/#primaryimage\"},\"image\":{\"@id\":\"https:\/\/tourtravelandmore.com\/fr\/tours\/espagne-fr\/carthagene-fr\/excursion-privee-a-terre-a-carthagene\/#primaryimage\"},\"thumbnailUrl\":\"https:\/\/tourtravelandmore.com\/wp-content\/uploads\/2020\/02\/5896509335_1785fab1e0_b.jpg\",\"datePublished\":\"2020-02-07T13:18:31+00:00\",\"dateModified\":\"2021-02-15T20:05:10+00:00\",\"description\":\"Excursion priv\u00e9e \u00e0 terre \u00e0 Carthag\u00e8ne. Exp\u00e9rience unique avec un guide officiel priv\u00e9 et un v\u00e9hicule de luxe priv\u00e9 avec chauffeur.\",\"breadcrumb\":{\"@id\":\"https:\/\/tourtravelandmore.com\/fr\/tours\/espagne-fr\/carthagene-fr\/excursion-privee-a-terre-a-carthagene\/#breadcrumb\"},\"inLanguage\":\"fr-FR\",\"potentialAction\":[{\"@type\":\"ReadAction\",\"target\":[\"https:\/\/tourtravelandmore.com\/fr\/tours\/espagne-fr\/carthagene-fr\/excursion-privee-a-terre-a-carthagene\/\"]}]},{\"@type\":\"ImageObject\",\"inLanguage\":\"fr-FR\",\"@id\":\"https:\/\/tourtravelandmore.com\/fr\/tours\/espagne-fr\/carthagene-fr\/excursion-privee-a-terre-a-carthagene\/#primaryimage\",\"url\":\"https:\/\/tourtravelandmore.com\/wp-content\/uploads\/2020\/02\/5896509335_1785fab1e0_b.jpg\",\"contentUrl\":\"https:\/\/tourtravelandmore.com\/wp-content\/uploads\/2020\/02\/5896509335_1785fab1e0_b.jpg\",\"width\":1024,\"height\":680,\"caption\":\"Muralla del Mar - Cartagena, Murcia - Espa\u00f1a\"},{\"@type\":\"BreadcrumbList\",\"@id\":\"https:\/\/tourtravelandmore.com\/fr\/tours\/espagne-fr\/carthagene-fr\/excursion-privee-a-terre-a-carthagene\/#breadcrumb\",\"itemListElement\":[{\"@type\":\"ListItem\",\"position\":1,\"name\":\"Home\",\"item\":\"https:\/\/tourtravelandmore.com\/fr\/\"},{\"@type\":\"ListItem\",\"position\":2,\"name\":\"Tours\",\"item\":\"https:\/\/tourtravelandmore.com\/fr\/tours\/\"},{\"@type\":\"ListItem\",\"position\":3,\"name\":\"Excursion priv\u00e9e \u00e0 terre \u00e0 Carthag\u00e8ne\"}]},{\"@type\":\"WebSite\",\"@id\":\"https:\/\/tourtravelandmore.com\/fr\/#website\",\"url\":\"https:\/\/tourtravelandmore.com\/fr\/\",\"name\":\"Tour Travel And More\",\"description\":\"Private sightseeing tours and luxury transfers in Spain\",\"publisher\":{\"@id\":\"https:\/\/tourtravelandmore.com\/fr\/#organization\"},\"potentialAction\":[{\"@type\":\"SearchAction\",\"target\":{\"@type\":\"EntryPoint\",\"urlTemplate\":\"https:\/\/tourtravelandmore.com\/fr\/?s={search_term_string}\"},\"query-input\":{\"@type\":\"PropertyValueSpecification\",\"valueRequired\":true,\"valueName\":\"search_term_string\"}}],\"inLanguage\":\"fr-FR\"},{\"@type\":\"Organization\",\"@id\":\"https:\/\/tourtravelandmore.com\/fr\/#organization\",\"name\":\"Tour Travel And More\",\"url\":\"https:\/\/tourtravelandmore.com\/fr\/\",\"logo\":{\"@type\":\"ImageObject\",\"inLanguage\":\"fr-FR\",\"@id\":\"https:\/\/tourtravelandmore.com\/fr\/#\/schema\/logo\/image\/\",\"url\":\"https:\/\/tourtravelandmore.com\/wp-content\/uploads\/2022\/12\/cropped-logo-cabecera-new.png\",\"contentUrl\":\"https:\/\/tourtravelandmore.com\/wp-content\/uploads\/2022\/12\/cropped-logo-cabecera-new.png\",\"width\":430,\"height\":61,\"caption\":\"Tour Travel And More\"},\"image\":{\"@id\":\"https:\/\/tourtravelandmore.com\/fr\/#\/schema\/logo\/image\/\"},\"sameAs\":[\"https:\/\/www.facebook.com\/tourtravelandmore\/\",\"https:\/\/x.com\/TourTravel_More\"]}]}<\/script>\n<!-- \/ Yoast SEO Premium plugin. -->","yoast_head_json":{"title":"Excursion priv\u00e9e \u00e0 terre \u00e0 Carthag\u00e8ne - Guide priv\u00e9 et chauffeur s\u00e9par\u00e9","description":"Excursion priv\u00e9e \u00e0 terre \u00e0 Carthag\u00e8ne. Exp\u00e9rience unique avec un guide officiel priv\u00e9 et un v\u00e9hicule de luxe priv\u00e9 avec chauffeur.","robots":{"index":"index","follow":"follow","max-snippet":"max-snippet:-1","max-image-preview":"max-image-preview:large","max-video-preview":"max-video-preview:-1"},"canonical":"https:\/\/tourtravelandmore.com\/fr\/tours\/espagne-fr\/carthagene-fr\/excursion-privee-a-terre-a-carthagene\/","og_locale":"fr_FR","og_type":"article","og_title":"Excursion priv\u00e9e \u00e0 terre \u00e0 Carthag\u00e8ne","og_description":"Excursion priv\u00e9e \u00e0 terre \u00e0 Carthag\u00e8ne. Exp\u00e9rience unique avec un guide officiel priv\u00e9 et un v\u00e9hicule de luxe priv\u00e9 avec chauffeur.","og_url":"https:\/\/tourtravelandmore.com\/fr\/tours\/espagne-fr\/carthagene-fr\/excursion-privee-a-terre-a-carthagene\/","og_site_name":"Tour Travel And More","article_publisher":"https:\/\/www.facebook.com\/tourtravelandmore\/","article_modified_time":"2021-02-15T20:05:10+00:00","og_image":[{"width":1024,"height":680,"url":"https:\/\/tourtravelandmore.com\/wp-content\/uploads\/2020\/02\/5896509335_1785fab1e0_b.jpg","type":"image\/jpeg"}],"twitter_card":"summary_large_image","twitter_site":"@TourTravel_More","twitter_misc":{"Dur\u00e9e de lecture estim\u00e9e":"2 minutes"},"schema":{"@context":"https:\/\/schema.org","@graph":[{"@type":"WebPage","@id":"https:\/\/tourtravelandmore.com\/fr\/tours\/espagne-fr\/carthagene-fr\/excursion-privee-a-terre-a-carthagene\/","url":"https:\/\/tourtravelandmore.com\/fr\/tours\/espagne-fr\/carthagene-fr\/excursion-privee-a-terre-a-carthagene\/","name":"Excursion priv\u00e9e \u00e0 terre \u00e0 Carthag\u00e8ne - Guide priv\u00e9 et chauffeur s\u00e9par\u00e9","isPartOf":{"@id":"https:\/\/tourtravelandmore.com\/fr\/#website"},"primaryImageOfPage":{"@id":"https:\/\/tourtravelandmore.com\/fr\/tours\/espagne-fr\/carthagene-fr\/excursion-privee-a-terre-a-carthagene\/#primaryimage"},"image":{"@id":"https:\/\/tourtravelandmore.com\/fr\/tours\/espagne-fr\/carthagene-fr\/excursion-privee-a-terre-a-carthagene\/#primaryimage"},"thumbnailUrl":"https:\/\/tourtravelandmore.com\/wp-content\/uploads\/2020\/02\/5896509335_1785fab1e0_b.jpg","datePublished":"2020-02-07T13:18:31+00:00","dateModified":"2021-02-15T20:05:10+00:00","description":"Excursion priv\u00e9e \u00e0 terre \u00e0 Carthag\u00e8ne. Exp\u00e9rience unique avec un guide officiel priv\u00e9 et un v\u00e9hicule de luxe priv\u00e9 avec chauffeur.","breadcrumb":{"@id":"https:\/\/tourtravelandmore.com\/fr\/tours\/espagne-fr\/carthagene-fr\/excursion-privee-a-terre-a-carthagene\/#breadcrumb"},"inLanguage":"fr-FR","potentialAction":[{"@type":"ReadAction","target":["https:\/\/tourtravelandmore.com\/fr\/tours\/espagne-fr\/carthagene-fr\/excursion-privee-a-terre-a-carthagene\/"]}]},{"@type":"ImageObject","inLanguage":"fr-FR","@id":"https:\/\/tourtravelandmore.com\/fr\/tours\/espagne-fr\/carthagene-fr\/excursion-privee-a-terre-a-carthagene\/#primaryimage","url":"https:\/\/tourtravelandmore.com\/wp-content\/uploads\/2020\/02\/5896509335_1785fab1e0_b.jpg","contentUrl":"https:\/\/tourtravelandmore.com\/wp-content\/uploads\/2020\/02\/5896509335_1785fab1e0_b.jpg","width":1024,"height":680,"caption":"Muralla del Mar - Cartagena, Murcia - Espa\u00f1a"},{"@type":"BreadcrumbList","@id":"https:\/\/tourtravelandmore.com\/fr\/tours\/espagne-fr\/carthagene-fr\/excursion-privee-a-terre-a-carthagene\/#breadcrumb","itemListElement":[{"@type":"ListItem","position":1,"name":"Home","item":"https:\/\/tourtravelandmore.com\/fr\/"},{"@type":"ListItem","position":2,"name":"Tours","item":"https:\/\/tourtravelandmore.com\/fr\/tours\/"},{"@type":"ListItem","position":3,"name":"Excursion priv\u00e9e \u00e0 terre \u00e0 Carthag\u00e8ne"}]},{"@type":"WebSite","@id":"https:\/\/tourtravelandmore.com\/fr\/#website","url":"https:\/\/tourtravelandmore.com\/fr\/","name":"Tour Travel And More","description":"Private sightseeing tours and luxury transfers in Spain","publisher":{"@id":"https:\/\/tourtravelandmore.com\/fr\/#organization"},"potentialAction":[{"@type":"SearchAction","target":{"@type":"EntryPoint","urlTemplate":"https:\/\/tourtravelandmore.com\/fr\/?s={search_term_string}"},"query-input":{"@type":"PropertyValueSpecification","valueRequired":true,"valueName":"search_term_string"}}],"inLanguage":"fr-FR"},{"@type":"Organization","@id":"https:\/\/tourtravelandmore.com\/fr\/#organization","name":"Tour Travel And More","url":"https:\/\/tourtravelandmore.com\/fr\/","logo":{"@type":"ImageObject","inLanguage":"fr-FR","@id":"https:\/\/tourtravelandmore.com\/fr\/#\/schema\/logo\/image\/","url":"https:\/\/tourtravelandmore.com\/wp-content\/uploads\/2022\/12\/cropped-logo-cabecera-new.png","contentUrl":"https:\/\/tourtravelandmore.com\/wp-content\/uploads\/2022\/12\/cropped-logo-cabecera-new.png","width":430,"height":61,"caption":"Tour Travel And More"},"image":{"@id":"https:\/\/tourtravelandmore.com\/fr\/#\/schema\/logo\/image\/"},"sameAs":["https:\/\/www.facebook.com\/tourtravelandmore\/","https:\/\/x.com\/TourTravel_More"]}]}},"_links":{"self":[{"href":"https:\/\/tourtravelandmore.com\/fr\/wp-json\/wp\/v2\/product\/99268","targetHints":{"allow":["GET"]}}],"collection":[{"href":"https:\/\/tourtravelandmore.com\/fr\/wp-json\/wp\/v2\/product"}],"about":[{"href":"https:\/\/tourtravelandmore.com\/fr\/wp-json\/wp\/v2\/types\/product"}],"replies":[{"embeddable":true,"href":"https:\/\/tourtravelandmore.com\/fr\/wp-json\/wp\/v2\/comments?post=99268"}],"wp:featuredmedia":[{"embeddable":true,"href":"https:\/\/tourtravelandmore.com\/fr\/wp-json\/wp\/v2\/media\/97196"}],"wp:attachment":[{"href":"https:\/\/tourtravelandmore.com\/fr\/wp-json\/wp\/v2\/media?parent=99268"}],"wp:term":[{"taxonomy":"product_brand","embeddable":true,"href":"https:\/\/tourtravelandmore.com\/fr\/wp-json\/wp\/v2\/product_brand?post=99268"},{"taxonomy":"product_cat","embeddable":true,"href":"https:\/\/tourtravelandmore.com\/fr\/wp-json\/wp\/v2\/product_cat?post=99268"},{"taxonomy":"product_tag","embeddable":true,"href":"https:\/\/tourtravelandmore.com\/fr\/wp-json\/wp\/v2\/product_tag?post=99268"}],"curies":[{"name":"wp","href":"https:\/\/api.w.org\/{rel}","templated":true}]}}