{"id":99263,"date":"2020-02-07T14:01:09","date_gmt":"2020-02-07T13:01:09","guid":{"rendered":"https:\/\/tourtravelandmore.com\/tours\/non%20class\u00e9\/visite-privee-de-carthagene-et-murcie-depuis-le-port-de-croisiere\/"},"modified":"2021-02-15T21:04:27","modified_gmt":"2021-02-15T20:04:27","slug":"visite-privee-de-carthagene-et-murcie-depuis-le-port-de-croisiere","status":"publish","type":"product","link":"https:\/\/tourtravelandmore.com\/fr\/tours\/espagne-fr\/carthagene-fr\/visite-privee-de-carthagene-et-murcie-depuis-le-port-de-croisiere\/","title":{"rendered":"Visite priv\u00e9e de Carthag\u00e8ne et Murcie depuis le port de croisi\u00e8re"},"content":{"rendered":"<h2>Description<\/h2>\n<p>Faites notre visite priv\u00e9e de Carthag\u00e8ne et de Murcie et d\u00e9couvrez le meilleur des deux villes. Le port de croisi\u00e8re de Carthag\u00e8ne est l&#8217;une des escales obligatoires de tout navire naviguant sur les c\u00f4tes m\u00e9diterran\u00e9ennes. C&#8217;est une excellente occasion de r\u00e9server notre visite priv\u00e9e de 8 heures qui vous emm\u00e8nera \u00e0 la d\u00e9couverte du meilleur des villes espagnoles de Carthag\u00e8ne et de Murcie avec notre visite priv\u00e9e de Carthag\u00e8ne.<\/p>\n<p>N&#8217;oubliez pas que toutes les excursions et circuits que nous proposons dans Tour Travel &amp; More sont enti\u00e8rement adapt\u00e9s \u00e0 vos d\u00e9sirs et pr\u00e9f\u00e9rences. Si vous allez d\u00e9barquer dans le port de Carthag\u00e8ne, contactez-nous et planifiez votre trajet de r\u00eave. Ce sera un voyage plein d&#8217;histoire, de musique, d&#8217;architecture et de tr\u00e8s bonne gastronomie.<\/p>\n<h2>Sites d&#8217;int\u00e9r\u00eat et monuments<\/h2>\n<p>La visite d\u00e9butera au port de croisi\u00e8re de Carthag\u00e8ne. Votre guide et votre chauffeur vous attendront pour embarquer imm\u00e9diatement dans le v\u00e9hicule de luxe priv\u00e9 que vous aurez \u00e0 votre disposition.<\/p>\n<p>De l\u00e0, vous profiterez d&#8217;un voyage dans le temps. \u00c0 partir du milieu du IIe si\u00e8cle avant JC, lorsque vous arrivez au mus\u00e9e du th\u00e9\u00e2tre romain. Vous admirerez \u00e9galement les murs puniques, l&#8217;un des plus grands centres arch\u00e9ologiques de cette ville. Vous visiterez des lieux plus modernes comme le ch\u00e2teau de la Conception, l&#8217;h\u00f4tel de ville triangulaire de la rue principale. Nous atteindrons le Grand H\u00f4tel de Carthag\u00e8ne.<\/p>\n<p>Une fois que vous aurez profit\u00e9 du meilleur de cette ville incroyable, il sera temps de partir pour Murcie. Des endroits incroyables nous attendent, comme la cath\u00e9drale de Santa Mar\u00eda. Il poss\u00e8de l&#8217;une des plus belles fa\u00e7ades baroques orient\u00e9es \u00e0 droite vers la place du cardinal Belluga. Nous aurons une vue sur le c\u00e9l\u00e8bre Royal Casino. C&#8217;est le b\u00e2timent civil le plus visit\u00e9 de toute la ville.<\/p>\n<p>Poursuivant sur le th\u00e8me des tr\u00e9sors arch\u00e9ologiques, nous entrerons dans la banlieue m\u00e9di\u00e9vale d&#8217;Arrabal de la Arrixaca. Nous arriverons sur un site arch\u00e9ologique et d\u00e9couvrirons \u00e9galement le palais de San Esteban.<\/p>\n<p>Enfin, avant de retourner \u00e0 Carthag\u00e8ne, nous ferons une promenade dans la for\u00eat du jardin de poudre \u00e0 canon. C&#8217;\u00e9tait le jardin de l&#8217;ancienne usine royale de poudre \u00e0 canon.<\/p>\n<p>De retour au port de croisi\u00e8re, nous nous arr\u00eaterons quelques minutes pour admirer l&#8217;un des plus beaux couchers de soleil depuis l&#8217;ascenseur panoramique de Carthag\u00e8ne.<\/p>\n<h2>Curiosit\u00e9s sur Carthag\u00e8ne et Murcie<\/h2>\n<p>En 1728, Carthag\u00e8ne devint la capitale du d\u00e9partement maritime de la M\u00e9diterran\u00e9e. \u00c0 la suite de cette d\u00e9cision, une grande forteresse a \u00e9t\u00e9 construite autour de la ville et un ch\u00e2teau color\u00e9. C&#8217;est juste l\u00e0 qu&#8217;une forteresse arabe se trouvait auparavant.<\/p>\n<p>Quant \u00e0 Murcie, c&#8217;est une ville m\u00e9di\u00e9vale qui a d\u00e9fendu son enclave frontali\u00e8re avec des murs. Aujourd&#8217;hui, beaucoup d&#8217;entre eux passent inaper\u00e7us \u00e0 moins que vous n&#8217;entriez dans les b\u00e2timents appropri\u00e9s. C&#8217;est ici que vous pourrez admirer les itin\u00e9raires, l&#8217;architecture et l&#8217;histoire de cette magnifique forteresse fond\u00e9e par Abd Rahman II.<\/p>\n<p>Toutes nos visites priv\u00e9es de Carthag\u00e8ne sont ici!<\/p>\n","protected":false},"excerpt":{"rendered":"<p>Visite priv\u00e9e de Carthag\u00e8ne et Murcie. Profitez des monuments et sites les plus importants de Murcie et de Carthag\u00e8ne. Prise en charge \u00e0 l&#8217;h\u00f4tel priv\u00e9 et au port de croisi\u00e8re inclus.<\/p>\n","protected":false},"featured_media":97200,"comment_status":"open","ping_status":"closed","template":"","meta":{"_acf_changed":false},"product_brand":[],"product_cat":[3541,3576],"product_tag":[],"class_list":{"0":"post-99263","1":"product","2":"type-product","3":"status-publish","4":"has-post-thumbnail","6":"product_cat-espagne-fr","7":"product_cat-carthagene-fr","9":"first","10":"instock","11":"shipping-taxable","12":"purchasable","13":"product-type-simple"},"acf":[],"yoast_head":"<!-- This site is optimized with the Yoast SEO Premium plugin v25.3.1 (Yoast SEO v25.3.1) - https:\/\/yoast.com\/wordpress\/plugins\/seo\/ -->\n<title>Visite priv\u00e9e de Carthag\u00e8ne - Visite priv\u00e9e de Murcie et Carthag\u00e8ne<\/title>\n<meta name=\"description\" content=\"Visite priv\u00e9e de Carthag\u00e8ne et Murcie. Profitez des monuments et sites les plus importants de Murcie et de Carthag\u00e8ne. Prise en charge \u00e0 l&#039;h\u00f4tel priv\u00e9 et au port de croisi\u00e8re inclus.\" \/>\n<meta name=\"robots\" content=\"index, follow, max-snippet:-1, max-image-preview:large, max-video-preview:-1\" \/>\n<link rel=\"canonical\" href=\"https:\/\/tourtravelandmore.com\/fr\/tours\/espagne-fr\/carthagene-fr\/visite-privee-de-carthagene-et-murcie-depuis-le-port-de-croisiere\/\" \/>\n<meta property=\"og:locale\" content=\"fr_FR\" \/>\n<meta property=\"og:type\" content=\"article\" \/>\n<meta property=\"og:title\" content=\"Visite priv\u00e9e de Carthag\u00e8ne et Murcie depuis le port de croisi\u00e8re\" \/>\n<meta property=\"og:description\" content=\"Visite priv\u00e9e de Carthag\u00e8ne et Murcie. Profitez des monuments et sites les plus importants de Murcie et de Carthag\u00e8ne. Prise en charge \u00e0 l&#039;h\u00f4tel priv\u00e9 et au port de croisi\u00e8re inclus.\" \/>\n<meta property=\"og:url\" content=\"https:\/\/tourtravelandmore.com\/fr\/tours\/espagne-fr\/carthagene-fr\/visite-privee-de-carthagene-et-murcie-depuis-le-port-de-croisiere\/\" \/>\n<meta property=\"og:site_name\" content=\"Tour Travel And More\" \/>\n<meta property=\"article:publisher\" content=\"https:\/\/www.facebook.com\/tourtravelandmore\/\" \/>\n<meta property=\"article:modified_time\" content=\"2021-02-15T20:04:27+00:00\" \/>\n<meta property=\"og:image\" content=\"https:\/\/tourtravelandmore.com\/wp-content\/uploads\/2020\/02\/45101276804_b831dcbdbc_b.jpg\" \/>\n\t<meta property=\"og:image:width\" content=\"1024\" \/>\n\t<meta property=\"og:image:height\" content=\"768\" \/>\n\t<meta property=\"og:image:type\" content=\"image\/jpeg\" \/>\n<meta name=\"twitter:card\" content=\"summary_large_image\" \/>\n<meta name=\"twitter:site\" content=\"@TourTravel_More\" \/>\n<meta name=\"twitter:label1\" content=\"Dur\u00e9e de lecture estim\u00e9e\" \/>\n\t<meta name=\"twitter:data1\" content=\"3 minutes\" \/>\n<script type=\"application\/ld+json\" class=\"yoast-schema-graph\">{\"@context\":\"https:\/\/schema.org\",\"@graph\":[{\"@type\":\"WebPage\",\"@id\":\"https:\/\/tourtravelandmore.com\/fr\/tours\/espagne-fr\/carthagene-fr\/visite-privee-de-carthagene-et-murcie-depuis-le-port-de-croisiere\/\",\"url\":\"https:\/\/tourtravelandmore.com\/fr\/tours\/espagne-fr\/carthagene-fr\/visite-privee-de-carthagene-et-murcie-depuis-le-port-de-croisiere\/\",\"name\":\"Visite priv\u00e9e de Carthag\u00e8ne - Visite priv\u00e9e de Murcie et Carthag\u00e8ne\",\"isPartOf\":{\"@id\":\"https:\/\/tourtravelandmore.com\/fr\/#website\"},\"primaryImageOfPage\":{\"@id\":\"https:\/\/tourtravelandmore.com\/fr\/tours\/espagne-fr\/carthagene-fr\/visite-privee-de-carthagene-et-murcie-depuis-le-port-de-croisiere\/#primaryimage\"},\"image\":{\"@id\":\"https:\/\/tourtravelandmore.com\/fr\/tours\/espagne-fr\/carthagene-fr\/visite-privee-de-carthagene-et-murcie-depuis-le-port-de-croisiere\/#primaryimage\"},\"thumbnailUrl\":\"https:\/\/tourtravelandmore.com\/wp-content\/uploads\/2020\/02\/45101276804_b831dcbdbc_b.jpg\",\"datePublished\":\"2020-02-07T13:01:09+00:00\",\"dateModified\":\"2021-02-15T20:04:27+00:00\",\"description\":\"Visite priv\u00e9e de Carthag\u00e8ne et Murcie. Profitez des monuments et sites les plus importants de Murcie et de Carthag\u00e8ne. Prise en charge \u00e0 l'h\u00f4tel priv\u00e9 et au port de croisi\u00e8re inclus.\",\"breadcrumb\":{\"@id\":\"https:\/\/tourtravelandmore.com\/fr\/tours\/espagne-fr\/carthagene-fr\/visite-privee-de-carthagene-et-murcie-depuis-le-port-de-croisiere\/#breadcrumb\"},\"inLanguage\":\"fr-FR\",\"potentialAction\":[{\"@type\":\"ReadAction\",\"target\":[\"https:\/\/tourtravelandmore.com\/fr\/tours\/espagne-fr\/carthagene-fr\/visite-privee-de-carthagene-et-murcie-depuis-le-port-de-croisiere\/\"]}]},{\"@type\":\"ImageObject\",\"inLanguage\":\"fr-FR\",\"@id\":\"https:\/\/tourtravelandmore.com\/fr\/tours\/espagne-fr\/carthagene-fr\/visite-privee-de-carthagene-et-murcie-depuis-le-port-de-croisiere\/#primaryimage\",\"url\":\"https:\/\/tourtravelandmore.com\/wp-content\/uploads\/2020\/02\/45101276804_b831dcbdbc_b.jpg\",\"contentUrl\":\"https:\/\/tourtravelandmore.com\/wp-content\/uploads\/2020\/02\/45101276804_b831dcbdbc_b.jpg\",\"width\":1024,\"height\":768},{\"@type\":\"BreadcrumbList\",\"@id\":\"https:\/\/tourtravelandmore.com\/fr\/tours\/espagne-fr\/carthagene-fr\/visite-privee-de-carthagene-et-murcie-depuis-le-port-de-croisiere\/#breadcrumb\",\"itemListElement\":[{\"@type\":\"ListItem\",\"position\":1,\"name\":\"Home\",\"item\":\"https:\/\/tourtravelandmore.com\/fr\/\"},{\"@type\":\"ListItem\",\"position\":2,\"name\":\"Tours\",\"item\":\"https:\/\/tourtravelandmore.com\/fr\/tours\/\"},{\"@type\":\"ListItem\",\"position\":3,\"name\":\"Visite priv\u00e9e de Carthag\u00e8ne et Murcie depuis le port de croisi\u00e8re\"}]},{\"@type\":\"WebSite\",\"@id\":\"https:\/\/tourtravelandmore.com\/fr\/#website\",\"url\":\"https:\/\/tourtravelandmore.com\/fr\/\",\"name\":\"Tour Travel And More\",\"description\":\"Private sightseeing tours and luxury transfers in Spain\",\"publisher\":{\"@id\":\"https:\/\/tourtravelandmore.com\/fr\/#organization\"},\"potentialAction\":[{\"@type\":\"SearchAction\",\"target\":{\"@type\":\"EntryPoint\",\"urlTemplate\":\"https:\/\/tourtravelandmore.com\/fr\/?s={search_term_string}\"},\"query-input\":{\"@type\":\"PropertyValueSpecification\",\"valueRequired\":true,\"valueName\":\"search_term_string\"}}],\"inLanguage\":\"fr-FR\"},{\"@type\":\"Organization\",\"@id\":\"https:\/\/tourtravelandmore.com\/fr\/#organization\",\"name\":\"Tour Travel And More\",\"url\":\"https:\/\/tourtravelandmore.com\/fr\/\",\"logo\":{\"@type\":\"ImageObject\",\"inLanguage\":\"fr-FR\",\"@id\":\"https:\/\/tourtravelandmore.com\/fr\/#\/schema\/logo\/image\/\",\"url\":\"https:\/\/tourtravelandmore.com\/wp-content\/uploads\/2022\/12\/cropped-logo-cabecera-new.png\",\"contentUrl\":\"https:\/\/tourtravelandmore.com\/wp-content\/uploads\/2022\/12\/cropped-logo-cabecera-new.png\",\"width\":430,\"height\":61,\"caption\":\"Tour Travel And More\"},\"image\":{\"@id\":\"https:\/\/tourtravelandmore.com\/fr\/#\/schema\/logo\/image\/\"},\"sameAs\":[\"https:\/\/www.facebook.com\/tourtravelandmore\/\",\"https:\/\/x.com\/TourTravel_More\"]}]}<\/script>\n<!-- \/ Yoast SEO Premium plugin. -->","yoast_head_json":{"title":"Visite priv\u00e9e de Carthag\u00e8ne - Visite priv\u00e9e de Murcie et Carthag\u00e8ne","description":"Visite priv\u00e9e de Carthag\u00e8ne et Murcie. Profitez des monuments et sites les plus importants de Murcie et de Carthag\u00e8ne. Prise en charge \u00e0 l'h\u00f4tel priv\u00e9 et au port de croisi\u00e8re inclus.","robots":{"index":"index","follow":"follow","max-snippet":"max-snippet:-1","max-image-preview":"max-image-preview:large","max-video-preview":"max-video-preview:-1"},"canonical":"https:\/\/tourtravelandmore.com\/fr\/tours\/espagne-fr\/carthagene-fr\/visite-privee-de-carthagene-et-murcie-depuis-le-port-de-croisiere\/","og_locale":"fr_FR","og_type":"article","og_title":"Visite priv\u00e9e de Carthag\u00e8ne et Murcie depuis le port de croisi\u00e8re","og_description":"Visite priv\u00e9e de Carthag\u00e8ne et Murcie. Profitez des monuments et sites les plus importants de Murcie et de Carthag\u00e8ne. Prise en charge \u00e0 l'h\u00f4tel priv\u00e9 et au port de croisi\u00e8re inclus.","og_url":"https:\/\/tourtravelandmore.com\/fr\/tours\/espagne-fr\/carthagene-fr\/visite-privee-de-carthagene-et-murcie-depuis-le-port-de-croisiere\/","og_site_name":"Tour Travel And More","article_publisher":"https:\/\/www.facebook.com\/tourtravelandmore\/","article_modified_time":"2021-02-15T20:04:27+00:00","og_image":[{"width":1024,"height":768,"url":"https:\/\/tourtravelandmore.com\/wp-content\/uploads\/2020\/02\/45101276804_b831dcbdbc_b.jpg","type":"image\/jpeg"}],"twitter_card":"summary_large_image","twitter_site":"@TourTravel_More","twitter_misc":{"Dur\u00e9e de lecture estim\u00e9e":"3 minutes"},"schema":{"@context":"https:\/\/schema.org","@graph":[{"@type":"WebPage","@id":"https:\/\/tourtravelandmore.com\/fr\/tours\/espagne-fr\/carthagene-fr\/visite-privee-de-carthagene-et-murcie-depuis-le-port-de-croisiere\/","url":"https:\/\/tourtravelandmore.com\/fr\/tours\/espagne-fr\/carthagene-fr\/visite-privee-de-carthagene-et-murcie-depuis-le-port-de-croisiere\/","name":"Visite priv\u00e9e de Carthag\u00e8ne - Visite priv\u00e9e de Murcie et Carthag\u00e8ne","isPartOf":{"@id":"https:\/\/tourtravelandmore.com\/fr\/#website"},"primaryImageOfPage":{"@id":"https:\/\/tourtravelandmore.com\/fr\/tours\/espagne-fr\/carthagene-fr\/visite-privee-de-carthagene-et-murcie-depuis-le-port-de-croisiere\/#primaryimage"},"image":{"@id":"https:\/\/tourtravelandmore.com\/fr\/tours\/espagne-fr\/carthagene-fr\/visite-privee-de-carthagene-et-murcie-depuis-le-port-de-croisiere\/#primaryimage"},"thumbnailUrl":"https:\/\/tourtravelandmore.com\/wp-content\/uploads\/2020\/02\/45101276804_b831dcbdbc_b.jpg","datePublished":"2020-02-07T13:01:09+00:00","dateModified":"2021-02-15T20:04:27+00:00","description":"Visite priv\u00e9e de Carthag\u00e8ne et Murcie. Profitez des monuments et sites les plus importants de Murcie et de Carthag\u00e8ne. Prise en charge \u00e0 l'h\u00f4tel priv\u00e9 et au port de croisi\u00e8re inclus.","breadcrumb":{"@id":"https:\/\/tourtravelandmore.com\/fr\/tours\/espagne-fr\/carthagene-fr\/visite-privee-de-carthagene-et-murcie-depuis-le-port-de-croisiere\/#breadcrumb"},"inLanguage":"fr-FR","potentialAction":[{"@type":"ReadAction","target":["https:\/\/tourtravelandmore.com\/fr\/tours\/espagne-fr\/carthagene-fr\/visite-privee-de-carthagene-et-murcie-depuis-le-port-de-croisiere\/"]}]},{"@type":"ImageObject","inLanguage":"fr-FR","@id":"https:\/\/tourtravelandmore.com\/fr\/tours\/espagne-fr\/carthagene-fr\/visite-privee-de-carthagene-et-murcie-depuis-le-port-de-croisiere\/#primaryimage","url":"https:\/\/tourtravelandmore.com\/wp-content\/uploads\/2020\/02\/45101276804_b831dcbdbc_b.jpg","contentUrl":"https:\/\/tourtravelandmore.com\/wp-content\/uploads\/2020\/02\/45101276804_b831dcbdbc_b.jpg","width":1024,"height":768},{"@type":"BreadcrumbList","@id":"https:\/\/tourtravelandmore.com\/fr\/tours\/espagne-fr\/carthagene-fr\/visite-privee-de-carthagene-et-murcie-depuis-le-port-de-croisiere\/#breadcrumb","itemListElement":[{"@type":"ListItem","position":1,"name":"Home","item":"https:\/\/tourtravelandmore.com\/fr\/"},{"@type":"ListItem","position":2,"name":"Tours","item":"https:\/\/tourtravelandmore.com\/fr\/tours\/"},{"@type":"ListItem","position":3,"name":"Visite priv\u00e9e de Carthag\u00e8ne et Murcie depuis le port de croisi\u00e8re"}]},{"@type":"WebSite","@id":"https:\/\/tourtravelandmore.com\/fr\/#website","url":"https:\/\/tourtravelandmore.com\/fr\/","name":"Tour Travel And More","description":"Private sightseeing tours and luxury transfers in Spain","publisher":{"@id":"https:\/\/tourtravelandmore.com\/fr\/#organization"},"potentialAction":[{"@type":"SearchAction","target":{"@type":"EntryPoint","urlTemplate":"https:\/\/tourtravelandmore.com\/fr\/?s={search_term_string}"},"query-input":{"@type":"PropertyValueSpecification","valueRequired":true,"valueName":"search_term_string"}}],"inLanguage":"fr-FR"},{"@type":"Organization","@id":"https:\/\/tourtravelandmore.com\/fr\/#organization","name":"Tour Travel And More","url":"https:\/\/tourtravelandmore.com\/fr\/","logo":{"@type":"ImageObject","inLanguage":"fr-FR","@id":"https:\/\/tourtravelandmore.com\/fr\/#\/schema\/logo\/image\/","url":"https:\/\/tourtravelandmore.com\/wp-content\/uploads\/2022\/12\/cropped-logo-cabecera-new.png","contentUrl":"https:\/\/tourtravelandmore.com\/wp-content\/uploads\/2022\/12\/cropped-logo-cabecera-new.png","width":430,"height":61,"caption":"Tour Travel And More"},"image":{"@id":"https:\/\/tourtravelandmore.com\/fr\/#\/schema\/logo\/image\/"},"sameAs":["https:\/\/www.facebook.com\/tourtravelandmore\/","https:\/\/x.com\/TourTravel_More"]}]}},"_links":{"self":[{"href":"https:\/\/tourtravelandmore.com\/fr\/wp-json\/wp\/v2\/product\/99263","targetHints":{"allow":["GET"]}}],"collection":[{"href":"https:\/\/tourtravelandmore.com\/fr\/wp-json\/wp\/v2\/product"}],"about":[{"href":"https:\/\/tourtravelandmore.com\/fr\/wp-json\/wp\/v2\/types\/product"}],"replies":[{"embeddable":true,"href":"https:\/\/tourtravelandmore.com\/fr\/wp-json\/wp\/v2\/comments?post=99263"}],"wp:featuredmedia":[{"embeddable":true,"href":"https:\/\/tourtravelandmore.com\/fr\/wp-json\/wp\/v2\/media\/97200"}],"wp:attachment":[{"href":"https:\/\/tourtravelandmore.com\/fr\/wp-json\/wp\/v2\/media?parent=99263"}],"wp:term":[{"taxonomy":"product_brand","embeddable":true,"href":"https:\/\/tourtravelandmore.com\/fr\/wp-json\/wp\/v2\/product_brand?post=99263"},{"taxonomy":"product_cat","embeddable":true,"href":"https:\/\/tourtravelandmore.com\/fr\/wp-json\/wp\/v2\/product_cat?post=99263"},{"taxonomy":"product_tag","embeddable":true,"href":"https:\/\/tourtravelandmore.com\/fr\/wp-json\/wp\/v2\/product_tag?post=99263"}],"curies":[{"name":"wp","href":"https:\/\/api.w.org\/{rel}","templated":true}]}}