{"id":99258,"date":"2020-02-07T13:53:55","date_gmt":"2020-02-07T12:53:55","guid":{"rendered":"https:\/\/tourtravelandmore.com\/tours\/non%20class\u00e9\/visite-privee-a-pied-de-carthagene\/"},"modified":"2021-02-15T21:01:04","modified_gmt":"2021-02-15T20:01:04","slug":"visite-privee-a-pied-de-carthagene","status":"publish","type":"product","link":"https:\/\/tourtravelandmore.com\/fr\/tours\/espagne-fr\/carthagene-fr\/visite-privee-a-pied-de-carthagene\/","title":{"rendered":"Visite priv\u00e9e \u00e0 pied de Carthag\u00e8ne"},"content":{"rendered":"<h2>Description<\/h2>\n<p>Parler de la ville de Carthag\u00e8ne en Espagne, c&#8217;est d\u00e9finitivement parler de Rome. Ce vaste empire a d\u00e9cid\u00e9 de s&#8217;\u00e9tendre \u00e0 ces latitudes. Ils ont cr\u00e9\u00e9 l&#8217;une des fortifications les plus splendides qui puissent encore \u00eatre vues ainsi qu&#8217;un centre pour le plaisir de ses citoyens. Nous parlons du th\u00e9\u00e2tre romain datant de l&#8217;\u00e9poque de l&#8217;empereur Auguste. Profitez-en avec notre visite priv\u00e9e \u00e0 pied de Carthag\u00e8ne.<\/p>\n<p>Dans cette incroyable visite \u00e0 pied priv\u00e9e de Carthag\u00e8ne, vous apprendrez tout sur la vie des Romains et des Carthaginois au cours des si\u00e8cles. Ils ont v\u00e9cu dans ces rues, vous d\u00e9couvrirez des ruines anciennes, des \u00e9crits anciens. Vous entrerez dans les traditions de l&#8217;une des villes les plus int\u00e9ressantes de la M\u00e9diterran\u00e9e.<\/p>\n<h2>Sites d&#8217;int\u00e9r\u00eat et monuments<\/h2>\n<p>Tout d&#8217;abord, le voyage historique commencera dans l&#8217;un des monuments pour d\u00e9couvrir vraiment ce qui s&#8217;est pass\u00e9 il y a 3000 ans dans cette ville impressionnante. Cela se passera au Centre d&#8217;interpr\u00e9tation des murs puniques qui se trouve juste \u00e0 l&#8217;endroit o\u00f9 se trouve encore aujourd&#8217;hui le mur punique. Vous d\u00e9couvrirez ici comment le changement de nom de Qart Hadasht \u00e0 Cartagon Nova s&#8217;est produit. Vous pourrez admirer un site arch\u00e9ologique datant du IIIe si\u00e8cle avant J\u00e9sus-Christ.<\/p>\n<p>Deuxi\u00e8mement, la prochaine \u00e9tape de l&#8217;itin\u00e9raire est la Maison romaine de la Fortune. C&#8217;est la seule maison encore debout qui remonte \u00e0 la Rome antique. Aujourd&#8217;hui, il sert de mus\u00e9e, pr\u00e9servant les peintures et reproductions de ce qui \u00e9tait la vie quotidienne des Romains. C&#8217;est \u00e9galement \u00e0 cet endroit que vous aurez acc\u00e8s \u00e0 l&#8217;ancien port strat\u00e9gique, situ\u00e9 dans la zone ext\u00e9rieure du ch\u00e2teau.<\/p>\n<p>Enfin, la derni\u00e8re \u00e9tape de ce voyage est le c\u00e9l\u00e8bre th\u00e9\u00e2tre romain et le mus\u00e9e con\u00e7u par Rafael Moneo. D\u00e9couvrez cette d\u00e9couverte impressionnante, ses origines, le nombre de spectateurs qu&#8217;elle peut contenir. Apprenez de nombreux autres faits curieux sur cette attraction historique.<\/p>\n<h2>Curiosit\u00e9s romaines que vous pouvez appr\u00e9cier \u00e0 Carthag\u00e8ne.<\/h2>\n<p>L&#8217;un des d\u00e9tails les plus pittoresques, ce sont les places de tauromachie sur les ruines romaines en Espagne. C&#8217;est l&#8217;amphith\u00e9\u00e2tre \u00e9galement connu sous le nom de Colis\u00e9e romain qui se trouve aujourd&#8217;hui dans cette belle ville. Il a \u00e9t\u00e9 d\u00e9couvert par hasard lors de la modification de la place<\/p>\n<p>Nous avons beaucoup d&#8217;autres circuits \u00e0 Carthag\u00e8ne que vous pouvez \u00e9galement appr\u00e9cier!<\/p>\n","protected":false},"excerpt":{"rendered":"<p>Visite priv\u00e9e \u00e0 pied de Carthag\u00e8ne. Rencontrez votre guide officiel dans un point de rendez-vous situ\u00e9 au centre de Carthag\u00e8ne. Profitez du meilleur de la ville en 4 heures.<\/p>\n","protected":false},"featured_media":97195,"comment_status":"open","ping_status":"closed","template":"","meta":{"_acf_changed":false},"product_brand":[],"product_cat":[3541,3576],"product_tag":[],"class_list":{"0":"post-99258","1":"product","2":"type-product","3":"status-publish","4":"has-post-thumbnail","6":"product_cat-espagne-fr","7":"product_cat-carthagene-fr","9":"first","10":"instock","11":"shipping-taxable","12":"purchasable","13":"product-type-simple"},"acf":[],"yoast_head":"<!-- This site is optimized with the Yoast SEO Premium plugin v25.3.1 (Yoast SEO v25.3.1) - https:\/\/yoast.com\/wordpress\/plugins\/seo\/ -->\n<title>Visite \u00e0 pied priv\u00e9e de Carthag\u00e8ne - Visite priv\u00e9e de Carthag\u00e8ne<\/title>\n<meta name=\"description\" content=\"Visite priv\u00e9e \u00e0 pied de Carthag\u00e8ne. Rencontrez votre guide officiel dans un point de rendez-vous situ\u00e9 au centre de Carthag\u00e8ne. Profitez du meilleur de la ville en 4 heures.\" \/>\n<meta name=\"robots\" content=\"index, follow, max-snippet:-1, max-image-preview:large, max-video-preview:-1\" \/>\n<link rel=\"canonical\" href=\"https:\/\/tourtravelandmore.com\/fr\/tours\/espagne-fr\/carthagene-fr\/visite-privee-a-pied-de-carthagene\/\" \/>\n<meta property=\"og:locale\" content=\"fr_FR\" \/>\n<meta property=\"og:type\" content=\"article\" \/>\n<meta property=\"og:title\" content=\"Visite priv\u00e9e \u00e0 pied de Carthag\u00e8ne\" \/>\n<meta property=\"og:description\" content=\"Visite priv\u00e9e \u00e0 pied de Carthag\u00e8ne. Rencontrez votre guide officiel dans un point de rendez-vous situ\u00e9 au centre de Carthag\u00e8ne. Profitez du meilleur de la ville en 4 heures.\" \/>\n<meta property=\"og:url\" content=\"https:\/\/tourtravelandmore.com\/fr\/tours\/espagne-fr\/carthagene-fr\/visite-privee-a-pied-de-carthagene\/\" \/>\n<meta property=\"og:site_name\" content=\"Tour Travel And More\" \/>\n<meta property=\"article:publisher\" content=\"https:\/\/www.facebook.com\/tourtravelandmore\/\" \/>\n<meta property=\"article:modified_time\" content=\"2021-02-15T20:01:04+00:00\" \/>\n<meta property=\"og:image\" content=\"https:\/\/tourtravelandmore.com\/wp-content\/uploads\/2020\/02\/5887947434_3ab7acdcfc_b.jpg\" \/>\n\t<meta property=\"og:image:width\" content=\"1024\" \/>\n\t<meta property=\"og:image:height\" content=\"680\" \/>\n\t<meta property=\"og:image:type\" content=\"image\/jpeg\" \/>\n<meta name=\"twitter:card\" content=\"summary_large_image\" \/>\n<meta name=\"twitter:site\" content=\"@TourTravel_More\" \/>\n<meta name=\"twitter:label1\" content=\"Dur\u00e9e de lecture estim\u00e9e\" \/>\n\t<meta name=\"twitter:data1\" content=\"2 minutes\" \/>\n<script type=\"application\/ld+json\" class=\"yoast-schema-graph\">{\"@context\":\"https:\/\/schema.org\",\"@graph\":[{\"@type\":\"WebPage\",\"@id\":\"https:\/\/tourtravelandmore.com\/fr\/tours\/espagne-fr\/carthagene-fr\/visite-privee-a-pied-de-carthagene\/\",\"url\":\"https:\/\/tourtravelandmore.com\/fr\/tours\/espagne-fr\/carthagene-fr\/visite-privee-a-pied-de-carthagene\/\",\"name\":\"Visite \u00e0 pied priv\u00e9e de Carthag\u00e8ne - Visite priv\u00e9e de Carthag\u00e8ne\",\"isPartOf\":{\"@id\":\"https:\/\/tourtravelandmore.com\/fr\/#website\"},\"primaryImageOfPage\":{\"@id\":\"https:\/\/tourtravelandmore.com\/fr\/tours\/espagne-fr\/carthagene-fr\/visite-privee-a-pied-de-carthagene\/#primaryimage\"},\"image\":{\"@id\":\"https:\/\/tourtravelandmore.com\/fr\/tours\/espagne-fr\/carthagene-fr\/visite-privee-a-pied-de-carthagene\/#primaryimage\"},\"thumbnailUrl\":\"https:\/\/tourtravelandmore.com\/wp-content\/uploads\/2020\/02\/5887947434_3ab7acdcfc_b.jpg\",\"datePublished\":\"2020-02-07T12:53:55+00:00\",\"dateModified\":\"2021-02-15T20:01:04+00:00\",\"description\":\"Visite priv\u00e9e \u00e0 pied de Carthag\u00e8ne. Rencontrez votre guide officiel dans un point de rendez-vous situ\u00e9 au centre de Carthag\u00e8ne. Profitez du meilleur de la ville en 4 heures.\",\"breadcrumb\":{\"@id\":\"https:\/\/tourtravelandmore.com\/fr\/tours\/espagne-fr\/carthagene-fr\/visite-privee-a-pied-de-carthagene\/#breadcrumb\"},\"inLanguage\":\"fr-FR\",\"potentialAction\":[{\"@type\":\"ReadAction\",\"target\":[\"https:\/\/tourtravelandmore.com\/fr\/tours\/espagne-fr\/carthagene-fr\/visite-privee-a-pied-de-carthagene\/\"]}]},{\"@type\":\"ImageObject\",\"inLanguage\":\"fr-FR\",\"@id\":\"https:\/\/tourtravelandmore.com\/fr\/tours\/espagne-fr\/carthagene-fr\/visite-privee-a-pied-de-carthagene\/#primaryimage\",\"url\":\"https:\/\/tourtravelandmore.com\/wp-content\/uploads\/2020\/02\/5887947434_3ab7acdcfc_b.jpg\",\"contentUrl\":\"https:\/\/tourtravelandmore.com\/wp-content\/uploads\/2020\/02\/5887947434_3ab7acdcfc_b.jpg\",\"width\":1024,\"height\":680},{\"@type\":\"BreadcrumbList\",\"@id\":\"https:\/\/tourtravelandmore.com\/fr\/tours\/espagne-fr\/carthagene-fr\/visite-privee-a-pied-de-carthagene\/#breadcrumb\",\"itemListElement\":[{\"@type\":\"ListItem\",\"position\":1,\"name\":\"Home\",\"item\":\"https:\/\/tourtravelandmore.com\/fr\/\"},{\"@type\":\"ListItem\",\"position\":2,\"name\":\"Tours\",\"item\":\"https:\/\/tourtravelandmore.com\/fr\/tours\/\"},{\"@type\":\"ListItem\",\"position\":3,\"name\":\"Visite priv\u00e9e \u00e0 pied de Carthag\u00e8ne\"}]},{\"@type\":\"WebSite\",\"@id\":\"https:\/\/tourtravelandmore.com\/fr\/#website\",\"url\":\"https:\/\/tourtravelandmore.com\/fr\/\",\"name\":\"Tour Travel And More\",\"description\":\"Private sightseeing tours and luxury transfers in Spain\",\"publisher\":{\"@id\":\"https:\/\/tourtravelandmore.com\/fr\/#organization\"},\"potentialAction\":[{\"@type\":\"SearchAction\",\"target\":{\"@type\":\"EntryPoint\",\"urlTemplate\":\"https:\/\/tourtravelandmore.com\/fr\/?s={search_term_string}\"},\"query-input\":{\"@type\":\"PropertyValueSpecification\",\"valueRequired\":true,\"valueName\":\"search_term_string\"}}],\"inLanguage\":\"fr-FR\"},{\"@type\":\"Organization\",\"@id\":\"https:\/\/tourtravelandmore.com\/fr\/#organization\",\"name\":\"Tour Travel And More\",\"url\":\"https:\/\/tourtravelandmore.com\/fr\/\",\"logo\":{\"@type\":\"ImageObject\",\"inLanguage\":\"fr-FR\",\"@id\":\"https:\/\/tourtravelandmore.com\/fr\/#\/schema\/logo\/image\/\",\"url\":\"https:\/\/tourtravelandmore.com\/wp-content\/uploads\/2022\/12\/cropped-logo-cabecera-new.png\",\"contentUrl\":\"https:\/\/tourtravelandmore.com\/wp-content\/uploads\/2022\/12\/cropped-logo-cabecera-new.png\",\"width\":430,\"height\":61,\"caption\":\"Tour Travel And More\"},\"image\":{\"@id\":\"https:\/\/tourtravelandmore.com\/fr\/#\/schema\/logo\/image\/\"},\"sameAs\":[\"https:\/\/www.facebook.com\/tourtravelandmore\/\",\"https:\/\/x.com\/TourTravel_More\"]}]}<\/script>\n<!-- \/ Yoast SEO Premium plugin. -->","yoast_head_json":{"title":"Visite \u00e0 pied priv\u00e9e de Carthag\u00e8ne - Visite priv\u00e9e de Carthag\u00e8ne","description":"Visite priv\u00e9e \u00e0 pied de Carthag\u00e8ne. Rencontrez votre guide officiel dans un point de rendez-vous situ\u00e9 au centre de Carthag\u00e8ne. Profitez du meilleur de la ville en 4 heures.","robots":{"index":"index","follow":"follow","max-snippet":"max-snippet:-1","max-image-preview":"max-image-preview:large","max-video-preview":"max-video-preview:-1"},"canonical":"https:\/\/tourtravelandmore.com\/fr\/tours\/espagne-fr\/carthagene-fr\/visite-privee-a-pied-de-carthagene\/","og_locale":"fr_FR","og_type":"article","og_title":"Visite priv\u00e9e \u00e0 pied de Carthag\u00e8ne","og_description":"Visite priv\u00e9e \u00e0 pied de Carthag\u00e8ne. Rencontrez votre guide officiel dans un point de rendez-vous situ\u00e9 au centre de Carthag\u00e8ne. Profitez du meilleur de la ville en 4 heures.","og_url":"https:\/\/tourtravelandmore.com\/fr\/tours\/espagne-fr\/carthagene-fr\/visite-privee-a-pied-de-carthagene\/","og_site_name":"Tour Travel And More","article_publisher":"https:\/\/www.facebook.com\/tourtravelandmore\/","article_modified_time":"2021-02-15T20:01:04+00:00","og_image":[{"width":1024,"height":680,"url":"https:\/\/tourtravelandmore.com\/wp-content\/uploads\/2020\/02\/5887947434_3ab7acdcfc_b.jpg","type":"image\/jpeg"}],"twitter_card":"summary_large_image","twitter_site":"@TourTravel_More","twitter_misc":{"Dur\u00e9e de lecture estim\u00e9e":"2 minutes"},"schema":{"@context":"https:\/\/schema.org","@graph":[{"@type":"WebPage","@id":"https:\/\/tourtravelandmore.com\/fr\/tours\/espagne-fr\/carthagene-fr\/visite-privee-a-pied-de-carthagene\/","url":"https:\/\/tourtravelandmore.com\/fr\/tours\/espagne-fr\/carthagene-fr\/visite-privee-a-pied-de-carthagene\/","name":"Visite \u00e0 pied priv\u00e9e de Carthag\u00e8ne - Visite priv\u00e9e de Carthag\u00e8ne","isPartOf":{"@id":"https:\/\/tourtravelandmore.com\/fr\/#website"},"primaryImageOfPage":{"@id":"https:\/\/tourtravelandmore.com\/fr\/tours\/espagne-fr\/carthagene-fr\/visite-privee-a-pied-de-carthagene\/#primaryimage"},"image":{"@id":"https:\/\/tourtravelandmore.com\/fr\/tours\/espagne-fr\/carthagene-fr\/visite-privee-a-pied-de-carthagene\/#primaryimage"},"thumbnailUrl":"https:\/\/tourtravelandmore.com\/wp-content\/uploads\/2020\/02\/5887947434_3ab7acdcfc_b.jpg","datePublished":"2020-02-07T12:53:55+00:00","dateModified":"2021-02-15T20:01:04+00:00","description":"Visite priv\u00e9e \u00e0 pied de Carthag\u00e8ne. Rencontrez votre guide officiel dans un point de rendez-vous situ\u00e9 au centre de Carthag\u00e8ne. Profitez du meilleur de la ville en 4 heures.","breadcrumb":{"@id":"https:\/\/tourtravelandmore.com\/fr\/tours\/espagne-fr\/carthagene-fr\/visite-privee-a-pied-de-carthagene\/#breadcrumb"},"inLanguage":"fr-FR","potentialAction":[{"@type":"ReadAction","target":["https:\/\/tourtravelandmore.com\/fr\/tours\/espagne-fr\/carthagene-fr\/visite-privee-a-pied-de-carthagene\/"]}]},{"@type":"ImageObject","inLanguage":"fr-FR","@id":"https:\/\/tourtravelandmore.com\/fr\/tours\/espagne-fr\/carthagene-fr\/visite-privee-a-pied-de-carthagene\/#primaryimage","url":"https:\/\/tourtravelandmore.com\/wp-content\/uploads\/2020\/02\/5887947434_3ab7acdcfc_b.jpg","contentUrl":"https:\/\/tourtravelandmore.com\/wp-content\/uploads\/2020\/02\/5887947434_3ab7acdcfc_b.jpg","width":1024,"height":680},{"@type":"BreadcrumbList","@id":"https:\/\/tourtravelandmore.com\/fr\/tours\/espagne-fr\/carthagene-fr\/visite-privee-a-pied-de-carthagene\/#breadcrumb","itemListElement":[{"@type":"ListItem","position":1,"name":"Home","item":"https:\/\/tourtravelandmore.com\/fr\/"},{"@type":"ListItem","position":2,"name":"Tours","item":"https:\/\/tourtravelandmore.com\/fr\/tours\/"},{"@type":"ListItem","position":3,"name":"Visite priv\u00e9e \u00e0 pied de Carthag\u00e8ne"}]},{"@type":"WebSite","@id":"https:\/\/tourtravelandmore.com\/fr\/#website","url":"https:\/\/tourtravelandmore.com\/fr\/","name":"Tour Travel And More","description":"Private sightseeing tours and luxury transfers in Spain","publisher":{"@id":"https:\/\/tourtravelandmore.com\/fr\/#organization"},"potentialAction":[{"@type":"SearchAction","target":{"@type":"EntryPoint","urlTemplate":"https:\/\/tourtravelandmore.com\/fr\/?s={search_term_string}"},"query-input":{"@type":"PropertyValueSpecification","valueRequired":true,"valueName":"search_term_string"}}],"inLanguage":"fr-FR"},{"@type":"Organization","@id":"https:\/\/tourtravelandmore.com\/fr\/#organization","name":"Tour Travel And More","url":"https:\/\/tourtravelandmore.com\/fr\/","logo":{"@type":"ImageObject","inLanguage":"fr-FR","@id":"https:\/\/tourtravelandmore.com\/fr\/#\/schema\/logo\/image\/","url":"https:\/\/tourtravelandmore.com\/wp-content\/uploads\/2022\/12\/cropped-logo-cabecera-new.png","contentUrl":"https:\/\/tourtravelandmore.com\/wp-content\/uploads\/2022\/12\/cropped-logo-cabecera-new.png","width":430,"height":61,"caption":"Tour Travel And More"},"image":{"@id":"https:\/\/tourtravelandmore.com\/fr\/#\/schema\/logo\/image\/"},"sameAs":["https:\/\/www.facebook.com\/tourtravelandmore\/","https:\/\/x.com\/TourTravel_More"]}]}},"_links":{"self":[{"href":"https:\/\/tourtravelandmore.com\/fr\/wp-json\/wp\/v2\/product\/99258","targetHints":{"allow":["GET"]}}],"collection":[{"href":"https:\/\/tourtravelandmore.com\/fr\/wp-json\/wp\/v2\/product"}],"about":[{"href":"https:\/\/tourtravelandmore.com\/fr\/wp-json\/wp\/v2\/types\/product"}],"replies":[{"embeddable":true,"href":"https:\/\/tourtravelandmore.com\/fr\/wp-json\/wp\/v2\/comments?post=99258"}],"wp:featuredmedia":[{"embeddable":true,"href":"https:\/\/tourtravelandmore.com\/fr\/wp-json\/wp\/v2\/media\/97195"}],"wp:attachment":[{"href":"https:\/\/tourtravelandmore.com\/fr\/wp-json\/wp\/v2\/media?parent=99258"}],"wp:term":[{"taxonomy":"product_brand","embeddable":true,"href":"https:\/\/tourtravelandmore.com\/fr\/wp-json\/wp\/v2\/product_brand?post=99258"},{"taxonomy":"product_cat","embeddable":true,"href":"https:\/\/tourtravelandmore.com\/fr\/wp-json\/wp\/v2\/product_cat?post=99258"},{"taxonomy":"product_tag","embeddable":true,"href":"https:\/\/tourtravelandmore.com\/fr\/wp-json\/wp\/v2\/product_tag?post=99258"}],"curies":[{"name":"wp","href":"https:\/\/api.w.org\/{rel}","templated":true}]}}