{"id":99253,"date":"2020-02-06T12:05:47","date_gmt":"2020-02-06T11:05:47","guid":{"rendered":"https:\/\/tourtravelandmore.com\/tours\/non%20class\u00e9\/visite-privee-de-la-vallee-de-ricote-au-depart-de-carthagene\/"},"modified":"2021-02-15T21:03:57","modified_gmt":"2021-02-15T20:03:57","slug":"visite-privee-de-la-vallee-de-ricote-au-depart-de-carthagene","status":"publish","type":"product","link":"https:\/\/tourtravelandmore.com\/fr\/tours\/espagne-fr\/carthagene-fr\/visite-privee-de-la-vallee-de-ricote-au-depart-de-carthagene\/","title":{"rendered":"Visite priv\u00e9e de la vall\u00e9e de Ricote au d\u00e9part de Carthag\u00e8ne"},"content":{"rendered":"<h2>Description<\/h2>\n<p>Cette visite priv\u00e9e de la vall\u00e9e de Ricote offre l&#8217;une des exp\u00e9riences les plus belles et les plus int\u00e9ressantes que vous puissiez vivre \u00e0 Murcie. Ce n&#8217;est pas seulement un voyage dans le temps, mais aussi pour d\u00e9couvrir l&#8217;h\u00e9ritage que la Palestine a laiss\u00e9 en Espagne \u00e0 travers la culture des Maures.<\/p>\n<p>Dans cette fabuleuse visite priv\u00e9e de la vall\u00e9e de Ricote, vous aurez la compagnie de votre propre guide officiel priv\u00e9. Nous vous emm\u00e8nerons \u00e0 la d\u00e9couverte des endroits les plus pittoresques et importants de la vall\u00e9e de Ricote. Vous aurez \u00e9galement \u00e0 votre disposition un v\u00e9hicule de luxe avec chauffeur qui vous permettra de vous d\u00e9placer confortablement. Ce sera chemin et profiter du paysage et faire tous les arr\u00eats que vous voulez &#8230; c&#8217;est vraiment une exp\u00e9rience in\u00e9gal\u00e9e.<\/p>\n<h2>Sites d&#8217;int\u00e9r\u00eat et monuments<\/h2>\n<p>Tout d&#8217;abord, nous viendrons vous chercher au point de rendez-vous pr\u00e9vu \u00e0 Carthag\u00e8ne. Il peut s&#8217;agir de l&#8217;h\u00f4tel dans lequel vous s\u00e9journez ou d&#8217;un autre lieu de votre convenance, y compris le port de croisi\u00e8re. Nous reprendrons la route vers la vall\u00e9e de Ricote. Ce sera le premier arr\u00eat de la ville des Oj\u00f3s. Ici, nous visiterons la cascade de la petite amie et d\u00e9gusterons des biscuits ivre. C&#8217;est un mets d\u00e9licat de la r\u00e9gion que vous voudrez peut-\u00eatre emporter et continuer \u00e0 manger en cours de route.<\/p>\n<p>Le prochain endroit que nous visiterons est la ville d&#8217;Abar\u00e1n. Cette ville est c\u00e9l\u00e8bre pour avoir la plus grande noria d&#8217;Europe toujours en activit\u00e9. Nous verrons \u00e9galement un autre ensemble de norias plus petites puisque Abar\u00e1n est la population europ\u00e9enne avec plus de norias en activit\u00e9 et toutes ont un objectif 100% durable. Ensuite, nous nous dirigerons vers Cieza o\u00f9 nous entrerons dans le mus\u00e9e Siyasa. L&#8217;un des rares \u00e0 poss\u00e9der deux repr\u00e9sentations \u00e0 grande \u00e9chelle de maisons arabes m\u00e9di\u00e9vales.<\/p>\n<p>Enfin nous arriverons \u00e0 Ricote. Ici, nous pouvons admirer diff\u00e9rentes \u0153uvres architecturales, principalement civiles et religieuses, comme l&#8217;\u00e9glise de Saint-S\u00e9bastien. Il s&#8217;agit d&#8217;une \u0153uvre baroque qui abrite le plus ancien orgue de toute la r\u00e9gion de Murcie.<\/p>\n<p>La derni\u00e8re \u00e9tape de ce voyage sera Archena. C&#8217;est un site r\u00e9put\u00e9 pour l&#8217;utilisation th\u00e9rapeutique de ses sources chaudes.<\/p>\n<h2>La vall\u00e9e de Ricote: une oasis au milieu de Murcie<\/h2>\n<p>Ce qui \u00e9tonne tous les gens qui font ce fantastique tour, c&#8217;est la grande fertilit\u00e9 de la vall\u00e9e. Il est baign\u00e9 toute l&#8217;ann\u00e9e par la rivi\u00e8re Segura. C&#8217;est la raison principale pour laquelle les Maures ont d\u00e9cid\u00e9 de s&#8217;installer dans cette r\u00e9gion et de cr\u00e9er un petit Eden avec des kilom\u00e8tres de vergers pleins de fruits, de l\u00e9gumes et m\u00eame de m\u00e9andres.<\/p>\n<p>Sans aucun doute, lors de cette excursion dans la vall\u00e9e de Ricote, vous appr\u00e9cierez non seulement le paysage, les vieilles norias et la chaleur de ses habitants, mais vous go\u00fbterez \u00e9galement le meilleur de ses terres et vous purifierez vos poumons avec l&#8217;air frais et pur. de cette zone.<\/p>\n<p>D\u00e9couvrez nos visites priv\u00e9es!<\/p>\n","protected":false},"excerpt":{"rendered":"<p>Visite priv\u00e9e de la vall\u00e9e de Ricote au d\u00e9part de Carthag\u00e8ne. Guide touristique officiel priv\u00e9 et v\u00e9hicule de luxe avec chauffeur. Prise en charge depuis n&#8217;importe quel endroit, y compris le port de croisi\u00e8re.<\/p>\n","protected":false},"featured_media":97206,"comment_status":"open","ping_status":"closed","template":"","meta":{"_acf_changed":false},"product_brand":[],"product_cat":[3541,3576],"product_tag":[],"class_list":{"0":"post-99253","1":"product","2":"type-product","3":"status-publish","4":"has-post-thumbnail","6":"product_cat-espagne-fr","7":"product_cat-carthagene-fr","9":"first","10":"instock","11":"shipping-taxable","12":"purchasable","13":"product-type-simple"},"acf":[],"yoast_head":"<!-- This site is optimized with the Yoast SEO Premium plugin v25.3.1 (Yoast SEO v25.3.1) - https:\/\/yoast.com\/wordpress\/plugins\/seo\/ -->\n<title>Visite priv\u00e9e de la vall\u00e9e de Ricote - Chauffeur priv\u00e9 et guide officiel<\/title>\n<meta name=\"description\" content=\"Visite priv\u00e9e de la vall\u00e9e de Ricote au d\u00e9part de Carthag\u00e8ne. Guide touristique officiel priv\u00e9 et v\u00e9hicule de luxe avec chauffeur. Prise en charge depuis n&#039;importe quel endroit, y compris le port de croisi\u00e8re.\" \/>\n<meta name=\"robots\" content=\"index, follow, max-snippet:-1, max-image-preview:large, max-video-preview:-1\" \/>\n<link rel=\"canonical\" href=\"https:\/\/tourtravelandmore.com\/fr\/tours\/espagne-fr\/carthagene-fr\/visite-privee-de-la-vallee-de-ricote-au-depart-de-carthagene\/\" \/>\n<meta property=\"og:locale\" content=\"fr_FR\" \/>\n<meta property=\"og:type\" content=\"article\" \/>\n<meta property=\"og:title\" content=\"Visite priv\u00e9e de la vall\u00e9e de Ricote au d\u00e9part de Carthag\u00e8ne\" \/>\n<meta property=\"og:description\" content=\"Visite priv\u00e9e de la vall\u00e9e de Ricote au d\u00e9part de Carthag\u00e8ne. Guide touristique officiel priv\u00e9 et v\u00e9hicule de luxe avec chauffeur. Prise en charge depuis n&#039;importe quel endroit, y compris le port de croisi\u00e8re.\" \/>\n<meta property=\"og:url\" content=\"https:\/\/tourtravelandmore.com\/fr\/tours\/espagne-fr\/carthagene-fr\/visite-privee-de-la-vallee-de-ricote-au-depart-de-carthagene\/\" \/>\n<meta property=\"og:site_name\" content=\"Tour Travel And More\" \/>\n<meta property=\"article:publisher\" content=\"https:\/\/www.facebook.com\/tourtravelandmore\/\" \/>\n<meta property=\"article:modified_time\" content=\"2021-02-15T20:03:57+00:00\" \/>\n<meta property=\"og:image\" content=\"https:\/\/tourtravelandmore.com\/wp-content\/uploads\/2020\/02\/0_Valle-del-Ricote.jpg\" \/>\n\t<meta property=\"og:image:width\" content=\"1000\" \/>\n\t<meta property=\"og:image:height\" content=\"639\" \/>\n\t<meta property=\"og:image:type\" content=\"image\/jpeg\" \/>\n<meta name=\"twitter:card\" content=\"summary_large_image\" \/>\n<meta name=\"twitter:site\" content=\"@TourTravel_More\" \/>\n<meta name=\"twitter:label1\" content=\"Dur\u00e9e de lecture estim\u00e9e\" \/>\n\t<meta name=\"twitter:data1\" content=\"3 minutes\" \/>\n<script type=\"application\/ld+json\" class=\"yoast-schema-graph\">{\"@context\":\"https:\/\/schema.org\",\"@graph\":[{\"@type\":\"WebPage\",\"@id\":\"https:\/\/tourtravelandmore.com\/fr\/tours\/espagne-fr\/carthagene-fr\/visite-privee-de-la-vallee-de-ricote-au-depart-de-carthagene\/\",\"url\":\"https:\/\/tourtravelandmore.com\/fr\/tours\/espagne-fr\/carthagene-fr\/visite-privee-de-la-vallee-de-ricote-au-depart-de-carthagene\/\",\"name\":\"Visite priv\u00e9e de la vall\u00e9e de Ricote - Chauffeur priv\u00e9 et guide officiel\",\"isPartOf\":{\"@id\":\"https:\/\/tourtravelandmore.com\/fr\/#website\"},\"primaryImageOfPage\":{\"@id\":\"https:\/\/tourtravelandmore.com\/fr\/tours\/espagne-fr\/carthagene-fr\/visite-privee-de-la-vallee-de-ricote-au-depart-de-carthagene\/#primaryimage\"},\"image\":{\"@id\":\"https:\/\/tourtravelandmore.com\/fr\/tours\/espagne-fr\/carthagene-fr\/visite-privee-de-la-vallee-de-ricote-au-depart-de-carthagene\/#primaryimage\"},\"thumbnailUrl\":\"https:\/\/tourtravelandmore.com\/wp-content\/uploads\/2020\/02\/0_Valle-del-Ricote.jpg\",\"datePublished\":\"2020-02-06T11:05:47+00:00\",\"dateModified\":\"2021-02-15T20:03:57+00:00\",\"description\":\"Visite priv\u00e9e de la vall\u00e9e de Ricote au d\u00e9part de Carthag\u00e8ne. Guide touristique officiel priv\u00e9 et v\u00e9hicule de luxe avec chauffeur. Prise en charge depuis n'importe quel endroit, y compris le port de croisi\u00e8re.\",\"breadcrumb\":{\"@id\":\"https:\/\/tourtravelandmore.com\/fr\/tours\/espagne-fr\/carthagene-fr\/visite-privee-de-la-vallee-de-ricote-au-depart-de-carthagene\/#breadcrumb\"},\"inLanguage\":\"fr-FR\",\"potentialAction\":[{\"@type\":\"ReadAction\",\"target\":[\"https:\/\/tourtravelandmore.com\/fr\/tours\/espagne-fr\/carthagene-fr\/visite-privee-de-la-vallee-de-ricote-au-depart-de-carthagene\/\"]}]},{\"@type\":\"ImageObject\",\"inLanguage\":\"fr-FR\",\"@id\":\"https:\/\/tourtravelandmore.com\/fr\/tours\/espagne-fr\/carthagene-fr\/visite-privee-de-la-vallee-de-ricote-au-depart-de-carthagene\/#primaryimage\",\"url\":\"https:\/\/tourtravelandmore.com\/wp-content\/uploads\/2020\/02\/0_Valle-del-Ricote.jpg\",\"contentUrl\":\"https:\/\/tourtravelandmore.com\/wp-content\/uploads\/2020\/02\/0_Valle-del-Ricote.jpg\",\"width\":1000,\"height\":639},{\"@type\":\"BreadcrumbList\",\"@id\":\"https:\/\/tourtravelandmore.com\/fr\/tours\/espagne-fr\/carthagene-fr\/visite-privee-de-la-vallee-de-ricote-au-depart-de-carthagene\/#breadcrumb\",\"itemListElement\":[{\"@type\":\"ListItem\",\"position\":1,\"name\":\"Home\",\"item\":\"https:\/\/tourtravelandmore.com\/fr\/\"},{\"@type\":\"ListItem\",\"position\":2,\"name\":\"Tours\",\"item\":\"https:\/\/tourtravelandmore.com\/fr\/tours\/\"},{\"@type\":\"ListItem\",\"position\":3,\"name\":\"Visite priv\u00e9e de la vall\u00e9e de Ricote au d\u00e9part de Carthag\u00e8ne\"}]},{\"@type\":\"WebSite\",\"@id\":\"https:\/\/tourtravelandmore.com\/fr\/#website\",\"url\":\"https:\/\/tourtravelandmore.com\/fr\/\",\"name\":\"Tour Travel And More\",\"description\":\"Private sightseeing tours and luxury transfers in Spain\",\"publisher\":{\"@id\":\"https:\/\/tourtravelandmore.com\/fr\/#organization\"},\"potentialAction\":[{\"@type\":\"SearchAction\",\"target\":{\"@type\":\"EntryPoint\",\"urlTemplate\":\"https:\/\/tourtravelandmore.com\/fr\/?s={search_term_string}\"},\"query-input\":{\"@type\":\"PropertyValueSpecification\",\"valueRequired\":true,\"valueName\":\"search_term_string\"}}],\"inLanguage\":\"fr-FR\"},{\"@type\":\"Organization\",\"@id\":\"https:\/\/tourtravelandmore.com\/fr\/#organization\",\"name\":\"Tour Travel And More\",\"url\":\"https:\/\/tourtravelandmore.com\/fr\/\",\"logo\":{\"@type\":\"ImageObject\",\"inLanguage\":\"fr-FR\",\"@id\":\"https:\/\/tourtravelandmore.com\/fr\/#\/schema\/logo\/image\/\",\"url\":\"https:\/\/tourtravelandmore.com\/wp-content\/uploads\/2022\/12\/cropped-logo-cabecera-new.png\",\"contentUrl\":\"https:\/\/tourtravelandmore.com\/wp-content\/uploads\/2022\/12\/cropped-logo-cabecera-new.png\",\"width\":430,\"height\":61,\"caption\":\"Tour Travel And More\"},\"image\":{\"@id\":\"https:\/\/tourtravelandmore.com\/fr\/#\/schema\/logo\/image\/\"},\"sameAs\":[\"https:\/\/www.facebook.com\/tourtravelandmore\/\",\"https:\/\/x.com\/TourTravel_More\"]}]}<\/script>\n<!-- \/ Yoast SEO Premium plugin. -->","yoast_head_json":{"title":"Visite priv\u00e9e de la vall\u00e9e de Ricote - Chauffeur priv\u00e9 et guide officiel","description":"Visite priv\u00e9e de la vall\u00e9e de Ricote au d\u00e9part de Carthag\u00e8ne. Guide touristique officiel priv\u00e9 et v\u00e9hicule de luxe avec chauffeur. Prise en charge depuis n'importe quel endroit, y compris le port de croisi\u00e8re.","robots":{"index":"index","follow":"follow","max-snippet":"max-snippet:-1","max-image-preview":"max-image-preview:large","max-video-preview":"max-video-preview:-1"},"canonical":"https:\/\/tourtravelandmore.com\/fr\/tours\/espagne-fr\/carthagene-fr\/visite-privee-de-la-vallee-de-ricote-au-depart-de-carthagene\/","og_locale":"fr_FR","og_type":"article","og_title":"Visite priv\u00e9e de la vall\u00e9e de Ricote au d\u00e9part de Carthag\u00e8ne","og_description":"Visite priv\u00e9e de la vall\u00e9e de Ricote au d\u00e9part de Carthag\u00e8ne. Guide touristique officiel priv\u00e9 et v\u00e9hicule de luxe avec chauffeur. Prise en charge depuis n'importe quel endroit, y compris le port de croisi\u00e8re.","og_url":"https:\/\/tourtravelandmore.com\/fr\/tours\/espagne-fr\/carthagene-fr\/visite-privee-de-la-vallee-de-ricote-au-depart-de-carthagene\/","og_site_name":"Tour Travel And More","article_publisher":"https:\/\/www.facebook.com\/tourtravelandmore\/","article_modified_time":"2021-02-15T20:03:57+00:00","og_image":[{"width":1000,"height":639,"url":"https:\/\/tourtravelandmore.com\/wp-content\/uploads\/2020\/02\/0_Valle-del-Ricote.jpg","type":"image\/jpeg"}],"twitter_card":"summary_large_image","twitter_site":"@TourTravel_More","twitter_misc":{"Dur\u00e9e de lecture estim\u00e9e":"3 minutes"},"schema":{"@context":"https:\/\/schema.org","@graph":[{"@type":"WebPage","@id":"https:\/\/tourtravelandmore.com\/fr\/tours\/espagne-fr\/carthagene-fr\/visite-privee-de-la-vallee-de-ricote-au-depart-de-carthagene\/","url":"https:\/\/tourtravelandmore.com\/fr\/tours\/espagne-fr\/carthagene-fr\/visite-privee-de-la-vallee-de-ricote-au-depart-de-carthagene\/","name":"Visite priv\u00e9e de la vall\u00e9e de Ricote - Chauffeur priv\u00e9 et guide officiel","isPartOf":{"@id":"https:\/\/tourtravelandmore.com\/fr\/#website"},"primaryImageOfPage":{"@id":"https:\/\/tourtravelandmore.com\/fr\/tours\/espagne-fr\/carthagene-fr\/visite-privee-de-la-vallee-de-ricote-au-depart-de-carthagene\/#primaryimage"},"image":{"@id":"https:\/\/tourtravelandmore.com\/fr\/tours\/espagne-fr\/carthagene-fr\/visite-privee-de-la-vallee-de-ricote-au-depart-de-carthagene\/#primaryimage"},"thumbnailUrl":"https:\/\/tourtravelandmore.com\/wp-content\/uploads\/2020\/02\/0_Valle-del-Ricote.jpg","datePublished":"2020-02-06T11:05:47+00:00","dateModified":"2021-02-15T20:03:57+00:00","description":"Visite priv\u00e9e de la vall\u00e9e de Ricote au d\u00e9part de Carthag\u00e8ne. Guide touristique officiel priv\u00e9 et v\u00e9hicule de luxe avec chauffeur. Prise en charge depuis n'importe quel endroit, y compris le port de croisi\u00e8re.","breadcrumb":{"@id":"https:\/\/tourtravelandmore.com\/fr\/tours\/espagne-fr\/carthagene-fr\/visite-privee-de-la-vallee-de-ricote-au-depart-de-carthagene\/#breadcrumb"},"inLanguage":"fr-FR","potentialAction":[{"@type":"ReadAction","target":["https:\/\/tourtravelandmore.com\/fr\/tours\/espagne-fr\/carthagene-fr\/visite-privee-de-la-vallee-de-ricote-au-depart-de-carthagene\/"]}]},{"@type":"ImageObject","inLanguage":"fr-FR","@id":"https:\/\/tourtravelandmore.com\/fr\/tours\/espagne-fr\/carthagene-fr\/visite-privee-de-la-vallee-de-ricote-au-depart-de-carthagene\/#primaryimage","url":"https:\/\/tourtravelandmore.com\/wp-content\/uploads\/2020\/02\/0_Valle-del-Ricote.jpg","contentUrl":"https:\/\/tourtravelandmore.com\/wp-content\/uploads\/2020\/02\/0_Valle-del-Ricote.jpg","width":1000,"height":639},{"@type":"BreadcrumbList","@id":"https:\/\/tourtravelandmore.com\/fr\/tours\/espagne-fr\/carthagene-fr\/visite-privee-de-la-vallee-de-ricote-au-depart-de-carthagene\/#breadcrumb","itemListElement":[{"@type":"ListItem","position":1,"name":"Home","item":"https:\/\/tourtravelandmore.com\/fr\/"},{"@type":"ListItem","position":2,"name":"Tours","item":"https:\/\/tourtravelandmore.com\/fr\/tours\/"},{"@type":"ListItem","position":3,"name":"Visite priv\u00e9e de la vall\u00e9e de Ricote au d\u00e9part de Carthag\u00e8ne"}]},{"@type":"WebSite","@id":"https:\/\/tourtravelandmore.com\/fr\/#website","url":"https:\/\/tourtravelandmore.com\/fr\/","name":"Tour Travel And More","description":"Private sightseeing tours and luxury transfers in Spain","publisher":{"@id":"https:\/\/tourtravelandmore.com\/fr\/#organization"},"potentialAction":[{"@type":"SearchAction","target":{"@type":"EntryPoint","urlTemplate":"https:\/\/tourtravelandmore.com\/fr\/?s={search_term_string}"},"query-input":{"@type":"PropertyValueSpecification","valueRequired":true,"valueName":"search_term_string"}}],"inLanguage":"fr-FR"},{"@type":"Organization","@id":"https:\/\/tourtravelandmore.com\/fr\/#organization","name":"Tour Travel And More","url":"https:\/\/tourtravelandmore.com\/fr\/","logo":{"@type":"ImageObject","inLanguage":"fr-FR","@id":"https:\/\/tourtravelandmore.com\/fr\/#\/schema\/logo\/image\/","url":"https:\/\/tourtravelandmore.com\/wp-content\/uploads\/2022\/12\/cropped-logo-cabecera-new.png","contentUrl":"https:\/\/tourtravelandmore.com\/wp-content\/uploads\/2022\/12\/cropped-logo-cabecera-new.png","width":430,"height":61,"caption":"Tour Travel And More"},"image":{"@id":"https:\/\/tourtravelandmore.com\/fr\/#\/schema\/logo\/image\/"},"sameAs":["https:\/\/www.facebook.com\/tourtravelandmore\/","https:\/\/x.com\/TourTravel_More"]}]}},"_links":{"self":[{"href":"https:\/\/tourtravelandmore.com\/fr\/wp-json\/wp\/v2\/product\/99253","targetHints":{"allow":["GET"]}}],"collection":[{"href":"https:\/\/tourtravelandmore.com\/fr\/wp-json\/wp\/v2\/product"}],"about":[{"href":"https:\/\/tourtravelandmore.com\/fr\/wp-json\/wp\/v2\/types\/product"}],"replies":[{"embeddable":true,"href":"https:\/\/tourtravelandmore.com\/fr\/wp-json\/wp\/v2\/comments?post=99253"}],"wp:featuredmedia":[{"embeddable":true,"href":"https:\/\/tourtravelandmore.com\/fr\/wp-json\/wp\/v2\/media\/97206"}],"wp:attachment":[{"href":"https:\/\/tourtravelandmore.com\/fr\/wp-json\/wp\/v2\/media?parent=99253"}],"wp:term":[{"taxonomy":"product_brand","embeddable":true,"href":"https:\/\/tourtravelandmore.com\/fr\/wp-json\/wp\/v2\/product_brand?post=99253"},{"taxonomy":"product_cat","embeddable":true,"href":"https:\/\/tourtravelandmore.com\/fr\/wp-json\/wp\/v2\/product_cat?post=99253"},{"taxonomy":"product_tag","embeddable":true,"href":"https:\/\/tourtravelandmore.com\/fr\/wp-json\/wp\/v2\/product_tag?post=99253"}],"curies":[{"name":"wp","href":"https:\/\/api.w.org\/{rel}","templated":true}]}}