{"id":99248,"date":"2020-02-06T11:44:18","date_gmt":"2020-02-06T10:44:18","guid":{"rendered":"https:\/\/tourtravelandmore.com\/tours\/non%20class\u00e9\/visite-privee-de-murcie-au-depart-de-carthagene\/"},"modified":"2021-02-15T21:03:47","modified_gmt":"2021-02-15T20:03:47","slug":"visite-privee-de-murcie-au-depart-de-carthagene","status":"publish","type":"product","link":"https:\/\/tourtravelandmore.com\/fr\/tours\/espagne-fr\/carthagene-fr\/visite-privee-de-murcie-au-depart-de-carthagene\/","title":{"rendered":"Visite priv\u00e9e de Murcie au d\u00e9part de Carthag\u00e8ne"},"content":{"rendered":"<h2>Description<\/h2>\n<p>Plongez dans le meilleur de Murcie lors de cette visite priv\u00e9e de Murcie. L&#8217;une des villes m\u00e9di\u00e9vales les plus importantes de l&#8217;histoire de la r\u00e9gion de Murcie. Visitez des lieux d&#8217;int\u00e9r\u00eat tels que la cath\u00e9drale de Santa Maria ou le th\u00e9\u00e2tre romain. Cette visite priv\u00e9e de 5 heures \u00e0 Murcie au d\u00e9part de Carthag\u00e8ne.<\/p>\n<p>Dans cette promenade priv\u00e9e, vous compterez sur la compagnie de votre propre guide bilingue qui conna\u00eet la r\u00e9gion, et mieux encore, il vous racontera \u00e9galement l&#8217;histoire, les origines et les anecdotes de chaque site d&#8217;int\u00e9r\u00eat que vous visitez.<\/p>\n<p>Mais si cela ne suffisait pas, vous disposerez \u00e9galement d&#8217;un v\u00e9hicule de luxe avec chauffeur, \u00e9tant \u00e9videmment une excursion priv\u00e9e, nous vous offrons tous les avantages et le confort qui manquent aux autres circuits, et le tout \u00e0 un tarif tr\u00e8s comp\u00e9titif.<\/p>\n<h2>Sites d&#8217;int\u00e9r\u00eat et monuments<\/h2>\n<p>La visite commencera lorsque nous viendrons vous chercher \u00e0 un moment donn\u00e9 dans la ville de Carthag\u00e8ne, vous \u00eates celui qui fixera le lieu et l&#8217;heure. D\u00e8s que vous monterez \u00e0 bord du v\u00e9hicule priv\u00e9, vous rencontrerez votre chauffeur et votre guide, qui se feront un plaisir de vous aider \u00e0 faire un voyage de r\u00eave.<\/p>\n<p>Le premier endroit \u00e0 visiter est la cath\u00e9drale de Santa Maria situ\u00e9e dans la vieille ville de la ville, juste \u00e0 c\u00f4t\u00e9 de la place Cardinal Belluga et de l\u00e0, nous pouvons entrer dans le quartier traditionnel de Santa Eulalia, une route qui nous m\u00e8nera au couvent de la Mis\u00e9ricorde et la Facult\u00e9 de droit de l\u2019Universit\u00e9 de Murcie.<\/p>\n<p>Nous conna\u00eetrons \u00e9galement le Real Casino de Murcia, le Th\u00e9\u00e2tre Rom\u00e9o et le Palais de San Esteban, pr\u00e8s de ce dernier point se trouve l&#8217;un des sites arch\u00e9ologiques les plus importants et les plus int\u00e9ressants de la ville.<\/p>\n<p>Comme si cela ne suffisait pas, vous pouvez \u00e9galement demander une visite des b\u00e2timents qui partagent les routes m\u00e9di\u00e9vales de l&#8217;\u00e9poque o\u00f9 Murcie \u00e9tait une forteresse. Ces lieux sont aujourd&#8217;hui transform\u00e9s en mus\u00e9es, h\u00f4tels, auberges et lieux de rencontre pour les habitants.<\/p>\n<h2>Un peu plus sur la ville de Murcie<\/h2>\n<p>Un fait que seul quelqu&#8217;un qui a visit\u00e9 Murcie sait, c&#8217;est que dans le mus\u00e9e de Salzillo, il y a une cr\u00e8che compos\u00e9e de 556 personnages, oui c&#8217;est vrai. En plus d&#8217;un casino culturel qui a des salles de bal impressionnantes, des salles de billard o\u00f9 fermer les r\u00e9unions d&#8217;affaires et des toilettes pour femmes qui feraient l&#8217;envie de tout spa.<\/p>\n<p>C&#8217;est sans aucun doute un endroit \u00e0 visiter lors de votre prochain voyage \u00e0 Murcie.<\/p>\n<p>D\u00e9couvrez les visites priv\u00e9es que nous proposons dans la ville de Carthag\u00e8ne et ses environs!<\/p>\n","protected":false},"excerpt":{"rendered":"<p>Visite priv\u00e9e de Murcie au d\u00e9part de Carthag\u00e8ne. Profitez des meilleurs sites de Murcie. Guide touristique officiel priv\u00e9. V\u00e9hicule de luxe priv\u00e9 avec chauffeur. Prise en charge incluse depuis n&#8217;importe quel endroit, y compris le port de croisi\u00e8re de Carthag\u00e8ne.<\/p>\n","protected":false},"featured_media":97198,"comment_status":"open","ping_status":"closed","template":"","meta":{"_acf_changed":false},"product_brand":[],"product_cat":[3541,3576],"product_tag":[],"class_list":{"0":"post-99248","1":"product","2":"type-product","3":"status-publish","4":"has-post-thumbnail","6":"product_cat-espagne-fr","7":"product_cat-carthagene-fr","9":"first","10":"instock","11":"shipping-taxable","12":"purchasable","13":"product-type-simple"},"acf":[],"yoast_head":"<!-- This site is optimized with the Yoast SEO Premium plugin v25.3.1 (Yoast SEO v25.3.1) - https:\/\/yoast.com\/wordpress\/plugins\/seo\/ -->\n<title>Visite priv\u00e9e de Murcie - Guide touristique officiel priv\u00e9 et chauffeur en voiture de luxe<\/title>\n<meta name=\"description\" content=\"Visite priv\u00e9e de Murcie au d\u00e9part de Carthag\u00e8ne. Profitez des meilleurs sites de Murcie. Guide touristique officiel priv\u00e9. V\u00e9hicule de luxe priv\u00e9 avec chauffeur. Ramassage inclus.\" \/>\n<meta name=\"robots\" content=\"index, follow, max-snippet:-1, max-image-preview:large, max-video-preview:-1\" \/>\n<link rel=\"canonical\" href=\"https:\/\/tourtravelandmore.com\/fr\/tours\/espagne-fr\/carthagene-fr\/visite-privee-de-murcie-au-depart-de-carthagene\/\" \/>\n<meta property=\"og:locale\" content=\"fr_FR\" \/>\n<meta property=\"og:type\" content=\"article\" \/>\n<meta property=\"og:title\" content=\"Visite priv\u00e9e de Murcie au d\u00e9part de Carthag\u00e8ne\" \/>\n<meta property=\"og:description\" content=\"Visite priv\u00e9e de Murcie au d\u00e9part de Carthag\u00e8ne. Profitez des meilleurs sites de Murcie. Guide touristique officiel priv\u00e9. V\u00e9hicule de luxe priv\u00e9 avec chauffeur. Ramassage inclus.\" \/>\n<meta property=\"og:url\" content=\"https:\/\/tourtravelandmore.com\/fr\/tours\/espagne-fr\/carthagene-fr\/visite-privee-de-murcie-au-depart-de-carthagene\/\" \/>\n<meta property=\"og:site_name\" content=\"Tour Travel And More\" \/>\n<meta property=\"article:publisher\" content=\"https:\/\/www.facebook.com\/tourtravelandmore\/\" \/>\n<meta property=\"article:modified_time\" content=\"2021-02-15T20:03:47+00:00\" \/>\n<meta property=\"og:image\" content=\"https:\/\/tourtravelandmore.com\/wp-content\/uploads\/2020\/02\/Ayuntamiento_Murcia-scaled.jpg\" \/>\n\t<meta property=\"og:image:width\" content=\"2560\" \/>\n\t<meta property=\"og:image:height\" content=\"1918\" \/>\n\t<meta property=\"og:image:type\" content=\"image\/jpeg\" \/>\n<meta name=\"twitter:card\" content=\"summary_large_image\" \/>\n<meta name=\"twitter:site\" content=\"@TourTravel_More\" \/>\n<meta name=\"twitter:label1\" content=\"Dur\u00e9e de lecture estim\u00e9e\" \/>\n\t<meta name=\"twitter:data1\" content=\"2 minutes\" \/>\n<script type=\"application\/ld+json\" class=\"yoast-schema-graph\">{\"@context\":\"https:\/\/schema.org\",\"@graph\":[{\"@type\":\"WebPage\",\"@id\":\"https:\/\/tourtravelandmore.com\/fr\/tours\/espagne-fr\/carthagene-fr\/visite-privee-de-murcie-au-depart-de-carthagene\/\",\"url\":\"https:\/\/tourtravelandmore.com\/fr\/tours\/espagne-fr\/carthagene-fr\/visite-privee-de-murcie-au-depart-de-carthagene\/\",\"name\":\"Visite priv\u00e9e de Murcie - Guide touristique officiel priv\u00e9 et chauffeur en voiture de luxe\",\"isPartOf\":{\"@id\":\"https:\/\/tourtravelandmore.com\/fr\/#website\"},\"primaryImageOfPage\":{\"@id\":\"https:\/\/tourtravelandmore.com\/fr\/tours\/espagne-fr\/carthagene-fr\/visite-privee-de-murcie-au-depart-de-carthagene\/#primaryimage\"},\"image\":{\"@id\":\"https:\/\/tourtravelandmore.com\/fr\/tours\/espagne-fr\/carthagene-fr\/visite-privee-de-murcie-au-depart-de-carthagene\/#primaryimage\"},\"thumbnailUrl\":\"https:\/\/tourtravelandmore.com\/wp-content\/uploads\/2020\/02\/Ayuntamiento_Murcia-scaled.jpg\",\"datePublished\":\"2020-02-06T10:44:18+00:00\",\"dateModified\":\"2021-02-15T20:03:47+00:00\",\"description\":\"Visite priv\u00e9e de Murcie au d\u00e9part de Carthag\u00e8ne. Profitez des meilleurs sites de Murcie. Guide touristique officiel priv\u00e9. V\u00e9hicule de luxe priv\u00e9 avec chauffeur. Ramassage inclus.\",\"breadcrumb\":{\"@id\":\"https:\/\/tourtravelandmore.com\/fr\/tours\/espagne-fr\/carthagene-fr\/visite-privee-de-murcie-au-depart-de-carthagene\/#breadcrumb\"},\"inLanguage\":\"fr-FR\",\"potentialAction\":[{\"@type\":\"ReadAction\",\"target\":[\"https:\/\/tourtravelandmore.com\/fr\/tours\/espagne-fr\/carthagene-fr\/visite-privee-de-murcie-au-depart-de-carthagene\/\"]}]},{\"@type\":\"ImageObject\",\"inLanguage\":\"fr-FR\",\"@id\":\"https:\/\/tourtravelandmore.com\/fr\/tours\/espagne-fr\/carthagene-fr\/visite-privee-de-murcie-au-depart-de-carthagene\/#primaryimage\",\"url\":\"https:\/\/tourtravelandmore.com\/wp-content\/uploads\/2020\/02\/Ayuntamiento_Murcia-scaled.jpg\",\"contentUrl\":\"https:\/\/tourtravelandmore.com\/wp-content\/uploads\/2020\/02\/Ayuntamiento_Murcia-scaled.jpg\",\"width\":2560,\"height\":1918},{\"@type\":\"BreadcrumbList\",\"@id\":\"https:\/\/tourtravelandmore.com\/fr\/tours\/espagne-fr\/carthagene-fr\/visite-privee-de-murcie-au-depart-de-carthagene\/#breadcrumb\",\"itemListElement\":[{\"@type\":\"ListItem\",\"position\":1,\"name\":\"Home\",\"item\":\"https:\/\/tourtravelandmore.com\/fr\/\"},{\"@type\":\"ListItem\",\"position\":2,\"name\":\"Tours\",\"item\":\"https:\/\/tourtravelandmore.com\/fr\/tours\/\"},{\"@type\":\"ListItem\",\"position\":3,\"name\":\"Visite priv\u00e9e de Murcie au d\u00e9part de Carthag\u00e8ne\"}]},{\"@type\":\"WebSite\",\"@id\":\"https:\/\/tourtravelandmore.com\/fr\/#website\",\"url\":\"https:\/\/tourtravelandmore.com\/fr\/\",\"name\":\"Tour Travel And More\",\"description\":\"Private sightseeing tours and luxury transfers in Spain\",\"publisher\":{\"@id\":\"https:\/\/tourtravelandmore.com\/fr\/#organization\"},\"potentialAction\":[{\"@type\":\"SearchAction\",\"target\":{\"@type\":\"EntryPoint\",\"urlTemplate\":\"https:\/\/tourtravelandmore.com\/fr\/?s={search_term_string}\"},\"query-input\":{\"@type\":\"PropertyValueSpecification\",\"valueRequired\":true,\"valueName\":\"search_term_string\"}}],\"inLanguage\":\"fr-FR\"},{\"@type\":\"Organization\",\"@id\":\"https:\/\/tourtravelandmore.com\/fr\/#organization\",\"name\":\"Tour Travel And More\",\"url\":\"https:\/\/tourtravelandmore.com\/fr\/\",\"logo\":{\"@type\":\"ImageObject\",\"inLanguage\":\"fr-FR\",\"@id\":\"https:\/\/tourtravelandmore.com\/fr\/#\/schema\/logo\/image\/\",\"url\":\"https:\/\/tourtravelandmore.com\/wp-content\/uploads\/2022\/12\/cropped-logo-cabecera-new.png\",\"contentUrl\":\"https:\/\/tourtravelandmore.com\/wp-content\/uploads\/2022\/12\/cropped-logo-cabecera-new.png\",\"width\":430,\"height\":61,\"caption\":\"Tour Travel And More\"},\"image\":{\"@id\":\"https:\/\/tourtravelandmore.com\/fr\/#\/schema\/logo\/image\/\"},\"sameAs\":[\"https:\/\/www.facebook.com\/tourtravelandmore\/\",\"https:\/\/x.com\/TourTravel_More\"]}]}<\/script>\n<!-- \/ Yoast SEO Premium plugin. -->","yoast_head_json":{"title":"Visite priv\u00e9e de Murcie - Guide touristique officiel priv\u00e9 et chauffeur en voiture de luxe","description":"Visite priv\u00e9e de Murcie au d\u00e9part de Carthag\u00e8ne. Profitez des meilleurs sites de Murcie. Guide touristique officiel priv\u00e9. V\u00e9hicule de luxe priv\u00e9 avec chauffeur. Ramassage inclus.","robots":{"index":"index","follow":"follow","max-snippet":"max-snippet:-1","max-image-preview":"max-image-preview:large","max-video-preview":"max-video-preview:-1"},"canonical":"https:\/\/tourtravelandmore.com\/fr\/tours\/espagne-fr\/carthagene-fr\/visite-privee-de-murcie-au-depart-de-carthagene\/","og_locale":"fr_FR","og_type":"article","og_title":"Visite priv\u00e9e de Murcie au d\u00e9part de Carthag\u00e8ne","og_description":"Visite priv\u00e9e de Murcie au d\u00e9part de Carthag\u00e8ne. Profitez des meilleurs sites de Murcie. Guide touristique officiel priv\u00e9. V\u00e9hicule de luxe priv\u00e9 avec chauffeur. Ramassage inclus.","og_url":"https:\/\/tourtravelandmore.com\/fr\/tours\/espagne-fr\/carthagene-fr\/visite-privee-de-murcie-au-depart-de-carthagene\/","og_site_name":"Tour Travel And More","article_publisher":"https:\/\/www.facebook.com\/tourtravelandmore\/","article_modified_time":"2021-02-15T20:03:47+00:00","og_image":[{"width":2560,"height":1918,"url":"https:\/\/tourtravelandmore.com\/wp-content\/uploads\/2020\/02\/Ayuntamiento_Murcia-scaled.jpg","type":"image\/jpeg"}],"twitter_card":"summary_large_image","twitter_site":"@TourTravel_More","twitter_misc":{"Dur\u00e9e de lecture estim\u00e9e":"2 minutes"},"schema":{"@context":"https:\/\/schema.org","@graph":[{"@type":"WebPage","@id":"https:\/\/tourtravelandmore.com\/fr\/tours\/espagne-fr\/carthagene-fr\/visite-privee-de-murcie-au-depart-de-carthagene\/","url":"https:\/\/tourtravelandmore.com\/fr\/tours\/espagne-fr\/carthagene-fr\/visite-privee-de-murcie-au-depart-de-carthagene\/","name":"Visite priv\u00e9e de Murcie - Guide touristique officiel priv\u00e9 et chauffeur en voiture de luxe","isPartOf":{"@id":"https:\/\/tourtravelandmore.com\/fr\/#website"},"primaryImageOfPage":{"@id":"https:\/\/tourtravelandmore.com\/fr\/tours\/espagne-fr\/carthagene-fr\/visite-privee-de-murcie-au-depart-de-carthagene\/#primaryimage"},"image":{"@id":"https:\/\/tourtravelandmore.com\/fr\/tours\/espagne-fr\/carthagene-fr\/visite-privee-de-murcie-au-depart-de-carthagene\/#primaryimage"},"thumbnailUrl":"https:\/\/tourtravelandmore.com\/wp-content\/uploads\/2020\/02\/Ayuntamiento_Murcia-scaled.jpg","datePublished":"2020-02-06T10:44:18+00:00","dateModified":"2021-02-15T20:03:47+00:00","description":"Visite priv\u00e9e de Murcie au d\u00e9part de Carthag\u00e8ne. Profitez des meilleurs sites de Murcie. Guide touristique officiel priv\u00e9. V\u00e9hicule de luxe priv\u00e9 avec chauffeur. Ramassage inclus.","breadcrumb":{"@id":"https:\/\/tourtravelandmore.com\/fr\/tours\/espagne-fr\/carthagene-fr\/visite-privee-de-murcie-au-depart-de-carthagene\/#breadcrumb"},"inLanguage":"fr-FR","potentialAction":[{"@type":"ReadAction","target":["https:\/\/tourtravelandmore.com\/fr\/tours\/espagne-fr\/carthagene-fr\/visite-privee-de-murcie-au-depart-de-carthagene\/"]}]},{"@type":"ImageObject","inLanguage":"fr-FR","@id":"https:\/\/tourtravelandmore.com\/fr\/tours\/espagne-fr\/carthagene-fr\/visite-privee-de-murcie-au-depart-de-carthagene\/#primaryimage","url":"https:\/\/tourtravelandmore.com\/wp-content\/uploads\/2020\/02\/Ayuntamiento_Murcia-scaled.jpg","contentUrl":"https:\/\/tourtravelandmore.com\/wp-content\/uploads\/2020\/02\/Ayuntamiento_Murcia-scaled.jpg","width":2560,"height":1918},{"@type":"BreadcrumbList","@id":"https:\/\/tourtravelandmore.com\/fr\/tours\/espagne-fr\/carthagene-fr\/visite-privee-de-murcie-au-depart-de-carthagene\/#breadcrumb","itemListElement":[{"@type":"ListItem","position":1,"name":"Home","item":"https:\/\/tourtravelandmore.com\/fr\/"},{"@type":"ListItem","position":2,"name":"Tours","item":"https:\/\/tourtravelandmore.com\/fr\/tours\/"},{"@type":"ListItem","position":3,"name":"Visite priv\u00e9e de Murcie au d\u00e9part de Carthag\u00e8ne"}]},{"@type":"WebSite","@id":"https:\/\/tourtravelandmore.com\/fr\/#website","url":"https:\/\/tourtravelandmore.com\/fr\/","name":"Tour Travel And More","description":"Private sightseeing tours and luxury transfers in Spain","publisher":{"@id":"https:\/\/tourtravelandmore.com\/fr\/#organization"},"potentialAction":[{"@type":"SearchAction","target":{"@type":"EntryPoint","urlTemplate":"https:\/\/tourtravelandmore.com\/fr\/?s={search_term_string}"},"query-input":{"@type":"PropertyValueSpecification","valueRequired":true,"valueName":"search_term_string"}}],"inLanguage":"fr-FR"},{"@type":"Organization","@id":"https:\/\/tourtravelandmore.com\/fr\/#organization","name":"Tour Travel And More","url":"https:\/\/tourtravelandmore.com\/fr\/","logo":{"@type":"ImageObject","inLanguage":"fr-FR","@id":"https:\/\/tourtravelandmore.com\/fr\/#\/schema\/logo\/image\/","url":"https:\/\/tourtravelandmore.com\/wp-content\/uploads\/2022\/12\/cropped-logo-cabecera-new.png","contentUrl":"https:\/\/tourtravelandmore.com\/wp-content\/uploads\/2022\/12\/cropped-logo-cabecera-new.png","width":430,"height":61,"caption":"Tour Travel And More"},"image":{"@id":"https:\/\/tourtravelandmore.com\/fr\/#\/schema\/logo\/image\/"},"sameAs":["https:\/\/www.facebook.com\/tourtravelandmore\/","https:\/\/x.com\/TourTravel_More"]}]}},"_links":{"self":[{"href":"https:\/\/tourtravelandmore.com\/fr\/wp-json\/wp\/v2\/product\/99248","targetHints":{"allow":["GET"]}}],"collection":[{"href":"https:\/\/tourtravelandmore.com\/fr\/wp-json\/wp\/v2\/product"}],"about":[{"href":"https:\/\/tourtravelandmore.com\/fr\/wp-json\/wp\/v2\/types\/product"}],"replies":[{"embeddable":true,"href":"https:\/\/tourtravelandmore.com\/fr\/wp-json\/wp\/v2\/comments?post=99248"}],"wp:featuredmedia":[{"embeddable":true,"href":"https:\/\/tourtravelandmore.com\/fr\/wp-json\/wp\/v2\/media\/97198"}],"wp:attachment":[{"href":"https:\/\/tourtravelandmore.com\/fr\/wp-json\/wp\/v2\/media?parent=99248"}],"wp:term":[{"taxonomy":"product_brand","embeddable":true,"href":"https:\/\/tourtravelandmore.com\/fr\/wp-json\/wp\/v2\/product_brand?post=99248"},{"taxonomy":"product_cat","embeddable":true,"href":"https:\/\/tourtravelandmore.com\/fr\/wp-json\/wp\/v2\/product_cat?post=99248"},{"taxonomy":"product_tag","embeddable":true,"href":"https:\/\/tourtravelandmore.com\/fr\/wp-json\/wp\/v2\/product_tag?post=99248"}],"curies":[{"name":"wp","href":"https:\/\/api.w.org\/{rel}","templated":true}]}}