{"id":99243,"date":"2020-05-22T13:01:56","date_gmt":"2020-05-22T11:01:56","guid":{"rendered":"https:\/\/tourtravelandmore.com\/tours\/non%20class\u00e9\/excursion-a-terre-a-tanger-depuis-ceuta\/"},"modified":"2021-02-15T21:05:52","modified_gmt":"2021-02-15T20:05:52","slug":"excursion-a-terre-a-tanger-depuis-ceuta","status":"publish","type":"product","link":"https:\/\/tourtravelandmore.com\/fr\/tours\/espagne-fr\/ceuta-fr\/excursion-a-terre-a-tanger-depuis-ceuta\/","title":{"rendered":"Excursion \u00e0 terre \u00e0 Tanger depuis Ceuta"},"content":{"rendered":"<h2>Description<\/h2>\n<p>Laissez-nous vous emmener explorer la ville extravagante de Tanger depuis le port de croisi\u00e8re de Ceuta. Nous vous emm\u00e8nerons dans cette excursion priv\u00e9e d&#8217;une journ\u00e9e avec votre chauffeur priv\u00e9 et votre guide local. Cette visite est notre parfaite excursion \u00e0 terre \u00e0 Tanger au d\u00e9part de Ceuta.<\/p>\n<p>Tanger est une ville \u00e0 l&#8217;extr\u00eame nord du Maroc, dans le d\u00e9troit de Gibraltar. C&#8217;est la capitale de cette r\u00e9gion et la ville s&#8217;\u00e9tend sur 252 km2. Profitez de cette grande ville avec une histoire incroyable: de l&#8217;\u00e9poque romaine au moyen \u00e2ge, \u00e0 ses jours actuels.<\/p>\n<p>Sa situation g\u00e9ographique en fait, \u00e0 la fin du 19\u00e8me si\u00e8cle et au d\u00e9but du 20\u00e8me. Un centre pour la diplomatie europ\u00e9enne et pour l&#8217;activit\u00e9 commerciale du Maroc. Une excellente fa\u00e7on de profiter de cette excursion priv\u00e9e \u00e0 terre \u00e0 Tanger au d\u00e9part de Ceuta.<\/p>\n<p>Le trajet du port de croisi\u00e8re de Ceuta \u00e0 Tanger dure environ une heure et demie car il est situ\u00e9 \u00e0 78,3 km. Vous aurez \u00e0 votre disposition un v\u00e9hicule de luxe priv\u00e9 avec climatisation avec chauffeur priv\u00e9 pour l&#8217;ensemble de votre circuit. Cela rendra ce voyage plus relaxant.<\/p>\n<p>Vous pourrez personnaliser cette visite et prendre des photos impressionnantes quand vous le souhaitez. Il s&#8217;agit d&#8217;une visite unique enti\u00e8rement personnalis\u00e9e pour vous et votre groupe.<\/p>\n<h2>Sites d&#8217;int\u00e9r\u00eat et monuments<\/h2>\n<p>Le point de rendez-vous exact sera \u00e0 l&#8217;ext\u00e9rieur de votre croisi\u00e8re dans le port de Ceuta. Votre chauffeur priv\u00e9 vous attendra avec une pancarte avec votre nom dessus.<\/p>\n<p>Une fois dans votre v\u00e9hicule priv\u00e9, vous commencerez votre voyage vers la ville de Tanger. Pendant la balade, vous profiterez d&#8217;une vue panoramique sur la c\u00f4te de Ceuta qui vous coupera le souffle!.<\/p>\n<p>Apr\u00e8s une heure et demie, vous arriverez \u00e0 Tanger o\u00f9 vous rencontrerez votre guide officiel priv\u00e9 pour une visite guid\u00e9e de 6 heures. Nous commencerons par une promenade \u00e0 travers diff\u00e9rents quartiers et zones environnantes, y compris plusieurs arr\u00eats \u00e0 des points de vue incroyables. Une petite pause au Cap Spartel o\u00f9 l&#8217;oc\u00e9an Atlantique rencontre la mer M\u00e9diterran\u00e9e, une visite des mythiques grottes d&#8217;Hercule et o\u00f9 vous pourrez profiter d&#8217;une balade \u00e0 dos de chameau de 15 minutes!<\/p>\n<p>La deuxi\u00e8me partie de la visite consiste en une longue promenade \u00e0 travers le labyrinthe de rues \u00e9troites et de ruelles de la Kasbah (forteresse). Pour un aper\u00e7u d&#8217;un riche patrimoine architectural qui comprend un mur d&#8217;enceinte du XVe si\u00e8cle. Aussi ses nombreux b\u00e2timents de style arabo-andalou, qui ont inspir\u00e9 de grands artistes et peintres parmi lesquels Eug\u00e8ne Delacroix, Henri Matisse.<\/p>\n<p>Puis direction la M\u00e9dina (vieille ville), qui repr\u00e9sente un centre d&#8217;int\u00e9r\u00eat majeur pour avoir un avant-go\u00fbt de la culture locale. Apprenez \u00e0 conna\u00eetre le style de vie \u00e0 travers l&#8217;ambiance de ses march\u00e9s et rues anim\u00e9s, ses fours communs, ses bains de vapeur, ses boutiques artisanales .. et ses places anim\u00e9es. Elle abrite \u00e9galement un important patrimoine juif et chr\u00e9tien.<\/p>\n<p>Bien s\u00fbr, vous aurez du temps libre pour faire du shopping et d\u00e9couvrir la v\u00e9ritable cuisine marocaine. Et l&#8217;atmosph\u00e8re vibrante des souks o\u00f9 artisans et commer\u00e7ants fabriquent \/ vendent leurs produits traditionnels.<\/p>\n<p>Une fois votre visite guid\u00e9e termin\u00e9e, votre chauffeur priv\u00e9 vous ram\u00e8nera \u00e0 votre bateau de croisi\u00e8re dans le port de Ceuta.<\/p>\n<p>D\u00e9couvrez toutes nos visites priv\u00e9es dans n&#8217;importe quel port de croisi\u00e8re ou ville du monde!<\/p>\n","protected":false},"excerpt":{"rendered":"<p>Excursion \u00e0 terre \u00e0 Tanger depuis Ceuta. Profitez de cette excursion priv\u00e9e d&#8217;une journ\u00e9e \u00e0 Tanger dans votre v\u00e9hicule priv\u00e9, avec un guide touristique local officiel et visitez les lieux les plus importants.<\/p>\n","protected":false},"featured_media":97601,"comment_status":"open","ping_status":"closed","template":"","meta":{"_acf_changed":false},"product_brand":[],"product_cat":[3577],"product_tag":[],"class_list":{"0":"post-99243","1":"product","2":"type-product","3":"status-publish","4":"has-post-thumbnail","6":"product_cat-ceuta-fr","8":"first","9":"instock","10":"shipping-taxable","11":"purchasable","12":"product-type-simple"},"acf":[],"yoast_head":"<!-- This site is optimized with the Yoast SEO Premium plugin v25.3.1 (Yoast SEO v25.3.1) - https:\/\/yoast.com\/wordpress\/plugins\/seo\/ -->\n<title>Excursion \u00e0 terre \u00e0 Tanger depuis Ceuta - V\u00e9hicule priv\u00e9 avec chauffeur<\/title>\n<meta name=\"description\" content=\"Profitez de cette excursion priv\u00e9e \u00e0 terre \u00e0 Tanger au d\u00e9part de Ceuta en v\u00e9hicule priv\u00e9, avec un guide touristique local officiel et visitez les lieux les plus importants.\" \/>\n<meta name=\"robots\" content=\"index, follow, max-snippet:-1, max-image-preview:large, max-video-preview:-1\" \/>\n<link rel=\"canonical\" href=\"https:\/\/tourtravelandmore.com\/fr\/tours\/espagne-fr\/ceuta-fr\/excursion-a-terre-a-tanger-depuis-ceuta\/\" \/>\n<meta property=\"og:locale\" content=\"fr_FR\" \/>\n<meta property=\"og:type\" content=\"article\" \/>\n<meta property=\"og:title\" content=\"Excursion \u00e0 terre \u00e0 Tanger depuis Ceuta\" \/>\n<meta property=\"og:description\" content=\"Profitez de cette excursion priv\u00e9e \u00e0 terre \u00e0 Tanger au d\u00e9part de Ceuta en v\u00e9hicule priv\u00e9, avec un guide touristique local officiel et visitez les lieux les plus importants.\" \/>\n<meta property=\"og:url\" content=\"https:\/\/tourtravelandmore.com\/fr\/tours\/espagne-fr\/ceuta-fr\/excursion-a-terre-a-tanger-depuis-ceuta\/\" \/>\n<meta property=\"og:site_name\" content=\"Tour Travel And More\" \/>\n<meta property=\"article:publisher\" content=\"https:\/\/www.facebook.com\/tourtravelandmore\/\" \/>\n<meta property=\"article:modified_time\" content=\"2021-02-15T20:05:52+00:00\" \/>\n<meta property=\"og:image\" content=\"https:\/\/tourtravelandmore.com\/wp-content\/uploads\/2020\/05\/tanger-2.jpg\" \/>\n\t<meta property=\"og:image:width\" content=\"960\" \/>\n\t<meta property=\"og:image:height\" content=\"642\" \/>\n\t<meta property=\"og:image:type\" content=\"image\/jpeg\" \/>\n<meta name=\"twitter:card\" content=\"summary_large_image\" \/>\n<meta name=\"twitter:site\" content=\"@TourTravel_More\" \/>\n<meta name=\"twitter:label1\" content=\"Dur\u00e9e de lecture estim\u00e9e\" \/>\n\t<meta name=\"twitter:data1\" content=\"3 minutes\" \/>\n<script type=\"application\/ld+json\" class=\"yoast-schema-graph\">{\"@context\":\"https:\/\/schema.org\",\"@graph\":[{\"@type\":\"WebPage\",\"@id\":\"https:\/\/tourtravelandmore.com\/fr\/tours\/espagne-fr\/ceuta-fr\/excursion-a-terre-a-tanger-depuis-ceuta\/\",\"url\":\"https:\/\/tourtravelandmore.com\/fr\/tours\/espagne-fr\/ceuta-fr\/excursion-a-terre-a-tanger-depuis-ceuta\/\",\"name\":\"Excursion \u00e0 terre \u00e0 Tanger depuis Ceuta - V\u00e9hicule priv\u00e9 avec chauffeur\",\"isPartOf\":{\"@id\":\"https:\/\/tourtravelandmore.com\/fr\/#website\"},\"primaryImageOfPage\":{\"@id\":\"https:\/\/tourtravelandmore.com\/fr\/tours\/espagne-fr\/ceuta-fr\/excursion-a-terre-a-tanger-depuis-ceuta\/#primaryimage\"},\"image\":{\"@id\":\"https:\/\/tourtravelandmore.com\/fr\/tours\/espagne-fr\/ceuta-fr\/excursion-a-terre-a-tanger-depuis-ceuta\/#primaryimage\"},\"thumbnailUrl\":\"https:\/\/tourtravelandmore.com\/wp-content\/uploads\/2020\/05\/tanger-2.jpg\",\"datePublished\":\"2020-05-22T11:01:56+00:00\",\"dateModified\":\"2021-02-15T20:05:52+00:00\",\"description\":\"Profitez de cette excursion priv\u00e9e \u00e0 terre \u00e0 Tanger au d\u00e9part de Ceuta en v\u00e9hicule priv\u00e9, avec un guide touristique local officiel et visitez les lieux les plus importants.\",\"breadcrumb\":{\"@id\":\"https:\/\/tourtravelandmore.com\/fr\/tours\/espagne-fr\/ceuta-fr\/excursion-a-terre-a-tanger-depuis-ceuta\/#breadcrumb\"},\"inLanguage\":\"fr-FR\",\"potentialAction\":[{\"@type\":\"ReadAction\",\"target\":[\"https:\/\/tourtravelandmore.com\/fr\/tours\/espagne-fr\/ceuta-fr\/excursion-a-terre-a-tanger-depuis-ceuta\/\"]}]},{\"@type\":\"ImageObject\",\"inLanguage\":\"fr-FR\",\"@id\":\"https:\/\/tourtravelandmore.com\/fr\/tours\/espagne-fr\/ceuta-fr\/excursion-a-terre-a-tanger-depuis-ceuta\/#primaryimage\",\"url\":\"https:\/\/tourtravelandmore.com\/wp-content\/uploads\/2020\/05\/tanger-2.jpg\",\"contentUrl\":\"https:\/\/tourtravelandmore.com\/wp-content\/uploads\/2020\/05\/tanger-2.jpg\",\"width\":960,\"height\":642},{\"@type\":\"BreadcrumbList\",\"@id\":\"https:\/\/tourtravelandmore.com\/fr\/tours\/espagne-fr\/ceuta-fr\/excursion-a-terre-a-tanger-depuis-ceuta\/#breadcrumb\",\"itemListElement\":[{\"@type\":\"ListItem\",\"position\":1,\"name\":\"Home\",\"item\":\"https:\/\/tourtravelandmore.com\/fr\/\"},{\"@type\":\"ListItem\",\"position\":2,\"name\":\"Tours\",\"item\":\"https:\/\/tourtravelandmore.com\/fr\/tours\/\"},{\"@type\":\"ListItem\",\"position\":3,\"name\":\"Excursion \u00e0 terre \u00e0 Tanger depuis Ceuta\"}]},{\"@type\":\"WebSite\",\"@id\":\"https:\/\/tourtravelandmore.com\/fr\/#website\",\"url\":\"https:\/\/tourtravelandmore.com\/fr\/\",\"name\":\"Tour Travel And More\",\"description\":\"Private sightseeing tours and luxury transfers in Spain\",\"publisher\":{\"@id\":\"https:\/\/tourtravelandmore.com\/fr\/#organization\"},\"potentialAction\":[{\"@type\":\"SearchAction\",\"target\":{\"@type\":\"EntryPoint\",\"urlTemplate\":\"https:\/\/tourtravelandmore.com\/fr\/?s={search_term_string}\"},\"query-input\":{\"@type\":\"PropertyValueSpecification\",\"valueRequired\":true,\"valueName\":\"search_term_string\"}}],\"inLanguage\":\"fr-FR\"},{\"@type\":\"Organization\",\"@id\":\"https:\/\/tourtravelandmore.com\/fr\/#organization\",\"name\":\"Tour Travel And More\",\"url\":\"https:\/\/tourtravelandmore.com\/fr\/\",\"logo\":{\"@type\":\"ImageObject\",\"inLanguage\":\"fr-FR\",\"@id\":\"https:\/\/tourtravelandmore.com\/fr\/#\/schema\/logo\/image\/\",\"url\":\"https:\/\/tourtravelandmore.com\/wp-content\/uploads\/2022\/12\/cropped-logo-cabecera-new.png\",\"contentUrl\":\"https:\/\/tourtravelandmore.com\/wp-content\/uploads\/2022\/12\/cropped-logo-cabecera-new.png\",\"width\":430,\"height\":61,\"caption\":\"Tour Travel And More\"},\"image\":{\"@id\":\"https:\/\/tourtravelandmore.com\/fr\/#\/schema\/logo\/image\/\"},\"sameAs\":[\"https:\/\/www.facebook.com\/tourtravelandmore\/\",\"https:\/\/x.com\/TourTravel_More\"]}]}<\/script>\n<!-- \/ Yoast SEO Premium plugin. -->","yoast_head_json":{"title":"Excursion \u00e0 terre \u00e0 Tanger depuis Ceuta - V\u00e9hicule priv\u00e9 avec chauffeur","description":"Profitez de cette excursion priv\u00e9e \u00e0 terre \u00e0 Tanger au d\u00e9part de Ceuta en v\u00e9hicule priv\u00e9, avec un guide touristique local officiel et visitez les lieux les plus importants.","robots":{"index":"index","follow":"follow","max-snippet":"max-snippet:-1","max-image-preview":"max-image-preview:large","max-video-preview":"max-video-preview:-1"},"canonical":"https:\/\/tourtravelandmore.com\/fr\/tours\/espagne-fr\/ceuta-fr\/excursion-a-terre-a-tanger-depuis-ceuta\/","og_locale":"fr_FR","og_type":"article","og_title":"Excursion \u00e0 terre \u00e0 Tanger depuis Ceuta","og_description":"Profitez de cette excursion priv\u00e9e \u00e0 terre \u00e0 Tanger au d\u00e9part de Ceuta en v\u00e9hicule priv\u00e9, avec un guide touristique local officiel et visitez les lieux les plus importants.","og_url":"https:\/\/tourtravelandmore.com\/fr\/tours\/espagne-fr\/ceuta-fr\/excursion-a-terre-a-tanger-depuis-ceuta\/","og_site_name":"Tour Travel And More","article_publisher":"https:\/\/www.facebook.com\/tourtravelandmore\/","article_modified_time":"2021-02-15T20:05:52+00:00","og_image":[{"width":960,"height":642,"url":"https:\/\/tourtravelandmore.com\/wp-content\/uploads\/2020\/05\/tanger-2.jpg","type":"image\/jpeg"}],"twitter_card":"summary_large_image","twitter_site":"@TourTravel_More","twitter_misc":{"Dur\u00e9e de lecture estim\u00e9e":"3 minutes"},"schema":{"@context":"https:\/\/schema.org","@graph":[{"@type":"WebPage","@id":"https:\/\/tourtravelandmore.com\/fr\/tours\/espagne-fr\/ceuta-fr\/excursion-a-terre-a-tanger-depuis-ceuta\/","url":"https:\/\/tourtravelandmore.com\/fr\/tours\/espagne-fr\/ceuta-fr\/excursion-a-terre-a-tanger-depuis-ceuta\/","name":"Excursion \u00e0 terre \u00e0 Tanger depuis Ceuta - V\u00e9hicule priv\u00e9 avec chauffeur","isPartOf":{"@id":"https:\/\/tourtravelandmore.com\/fr\/#website"},"primaryImageOfPage":{"@id":"https:\/\/tourtravelandmore.com\/fr\/tours\/espagne-fr\/ceuta-fr\/excursion-a-terre-a-tanger-depuis-ceuta\/#primaryimage"},"image":{"@id":"https:\/\/tourtravelandmore.com\/fr\/tours\/espagne-fr\/ceuta-fr\/excursion-a-terre-a-tanger-depuis-ceuta\/#primaryimage"},"thumbnailUrl":"https:\/\/tourtravelandmore.com\/wp-content\/uploads\/2020\/05\/tanger-2.jpg","datePublished":"2020-05-22T11:01:56+00:00","dateModified":"2021-02-15T20:05:52+00:00","description":"Profitez de cette excursion priv\u00e9e \u00e0 terre \u00e0 Tanger au d\u00e9part de Ceuta en v\u00e9hicule priv\u00e9, avec un guide touristique local officiel et visitez les lieux les plus importants.","breadcrumb":{"@id":"https:\/\/tourtravelandmore.com\/fr\/tours\/espagne-fr\/ceuta-fr\/excursion-a-terre-a-tanger-depuis-ceuta\/#breadcrumb"},"inLanguage":"fr-FR","potentialAction":[{"@type":"ReadAction","target":["https:\/\/tourtravelandmore.com\/fr\/tours\/espagne-fr\/ceuta-fr\/excursion-a-terre-a-tanger-depuis-ceuta\/"]}]},{"@type":"ImageObject","inLanguage":"fr-FR","@id":"https:\/\/tourtravelandmore.com\/fr\/tours\/espagne-fr\/ceuta-fr\/excursion-a-terre-a-tanger-depuis-ceuta\/#primaryimage","url":"https:\/\/tourtravelandmore.com\/wp-content\/uploads\/2020\/05\/tanger-2.jpg","contentUrl":"https:\/\/tourtravelandmore.com\/wp-content\/uploads\/2020\/05\/tanger-2.jpg","width":960,"height":642},{"@type":"BreadcrumbList","@id":"https:\/\/tourtravelandmore.com\/fr\/tours\/espagne-fr\/ceuta-fr\/excursion-a-terre-a-tanger-depuis-ceuta\/#breadcrumb","itemListElement":[{"@type":"ListItem","position":1,"name":"Home","item":"https:\/\/tourtravelandmore.com\/fr\/"},{"@type":"ListItem","position":2,"name":"Tours","item":"https:\/\/tourtravelandmore.com\/fr\/tours\/"},{"@type":"ListItem","position":3,"name":"Excursion \u00e0 terre \u00e0 Tanger depuis Ceuta"}]},{"@type":"WebSite","@id":"https:\/\/tourtravelandmore.com\/fr\/#website","url":"https:\/\/tourtravelandmore.com\/fr\/","name":"Tour Travel And More","description":"Private sightseeing tours and luxury transfers in Spain","publisher":{"@id":"https:\/\/tourtravelandmore.com\/fr\/#organization"},"potentialAction":[{"@type":"SearchAction","target":{"@type":"EntryPoint","urlTemplate":"https:\/\/tourtravelandmore.com\/fr\/?s={search_term_string}"},"query-input":{"@type":"PropertyValueSpecification","valueRequired":true,"valueName":"search_term_string"}}],"inLanguage":"fr-FR"},{"@type":"Organization","@id":"https:\/\/tourtravelandmore.com\/fr\/#organization","name":"Tour Travel And More","url":"https:\/\/tourtravelandmore.com\/fr\/","logo":{"@type":"ImageObject","inLanguage":"fr-FR","@id":"https:\/\/tourtravelandmore.com\/fr\/#\/schema\/logo\/image\/","url":"https:\/\/tourtravelandmore.com\/wp-content\/uploads\/2022\/12\/cropped-logo-cabecera-new.png","contentUrl":"https:\/\/tourtravelandmore.com\/wp-content\/uploads\/2022\/12\/cropped-logo-cabecera-new.png","width":430,"height":61,"caption":"Tour Travel And More"},"image":{"@id":"https:\/\/tourtravelandmore.com\/fr\/#\/schema\/logo\/image\/"},"sameAs":["https:\/\/www.facebook.com\/tourtravelandmore\/","https:\/\/x.com\/TourTravel_More"]}]}},"_links":{"self":[{"href":"https:\/\/tourtravelandmore.com\/fr\/wp-json\/wp\/v2\/product\/99243","targetHints":{"allow":["GET"]}}],"collection":[{"href":"https:\/\/tourtravelandmore.com\/fr\/wp-json\/wp\/v2\/product"}],"about":[{"href":"https:\/\/tourtravelandmore.com\/fr\/wp-json\/wp\/v2\/types\/product"}],"replies":[{"embeddable":true,"href":"https:\/\/tourtravelandmore.com\/fr\/wp-json\/wp\/v2\/comments?post=99243"}],"wp:featuredmedia":[{"embeddable":true,"href":"https:\/\/tourtravelandmore.com\/fr\/wp-json\/wp\/v2\/media\/97601"}],"wp:attachment":[{"href":"https:\/\/tourtravelandmore.com\/fr\/wp-json\/wp\/v2\/media?parent=99243"}],"wp:term":[{"taxonomy":"product_brand","embeddable":true,"href":"https:\/\/tourtravelandmore.com\/fr\/wp-json\/wp\/v2\/product_brand?post=99243"},{"taxonomy":"product_cat","embeddable":true,"href":"https:\/\/tourtravelandmore.com\/fr\/wp-json\/wp\/v2\/product_cat?post=99243"},{"taxonomy":"product_tag","embeddable":true,"href":"https:\/\/tourtravelandmore.com\/fr\/wp-json\/wp\/v2\/product_tag?post=99243"}],"curies":[{"name":"wp","href":"https:\/\/api.w.org\/{rel}","templated":true}]}}