{"id":99238,"date":"2020-05-22T12:36:06","date_gmt":"2020-05-22T10:36:06","guid":{"rendered":"https:\/\/tourtravelandmore.com\/tours\/non%20class\u00e9\/excursion-a-terre-a-tetouan-au-depart-de-ceuta\/"},"modified":"2021-02-15T21:05:41","modified_gmt":"2021-02-15T20:05:41","slug":"excursion-a-terre-a-tetouan-au-depart-de-ceuta","status":"publish","type":"product","link":"https:\/\/tourtravelandmore.com\/fr\/tours\/espagne-fr\/ceuta-fr\/excursion-a-terre-a-tetouan-au-depart-de-ceuta\/","title":{"rendered":"Excursion \u00e0 terre \u00e0 T\u00e9touan au d\u00e9part de Ceuta"},"content":{"rendered":"<h2>Description<\/h2>\n<p>Voici un plan parfait \u00e0 faire lors de votre visite \u00e0 Ceuta. Cette visite priv\u00e9e de 8 heures \u00e0 T\u00e9touan avec chauffeur priv\u00e9 est parfaite pour vous. Notre excursion priv\u00e9e \u00e0 terre \u00e0 T\u00e9touan au d\u00e9part de Ceuta est un choix parfait.<\/p>\n<p>T\u00e9touan est une ville du nord du Maroc, situ\u00e9e pr\u00e8s de la mer M\u00e9diterran\u00e9e. C&#8217;est la ville la plus andalouse du Maroc et elle est parfois connue sous le surnom de \u00abLa colombe blanche\u00bb.<\/p>\n<p>Le trajet jusqu&#8217;\u00e0 T\u00e9touan dure environ cinquante minutes. Il est situ\u00e9 \u00e0 39,5 km de Ceuta. Vous aurez une belle promenade \u00e0 travers la campagne de T\u00e9touan o\u00f9 vous pourrez vous arr\u00eater sur le chemin pour prendre des photos s&#8217;ils le souhaitent.<\/p>\n<p>Profitez de cette occasion pour d\u00e9couvrir le Maroc lors de cette excursion d&#8217;une journ\u00e9e au d\u00e9part du port de croisi\u00e8re de Ceuta. Personnalisez votre propre exp\u00e9rience pour cette excursion \u00e0 terre \u00e0 T\u00e9touan au d\u00e9part de Ceuta. Ne manquez pas les sites et monuments les plus importants de cette visite.<\/p>\n<h2>Sites d&#8217;int\u00e9r\u00eat et monuments<\/h2>\n<p>La visite priv\u00e9e commencera par la prise en charge au port de croisi\u00e8re de Ceuta.<\/p>\n<p>Apr\u00e8s cinquante minutes de trajet, vous atteindrez la magnifique ville de T\u00e9touan. Ici, votre guide officiel vous attendra avec impatience de commencer \u00e0 vous montrer tous les lieux les plus importants et embl\u00e9matiques de la ville.<\/p>\n<p>Vous commencerez la visite par une visite de la vieille ville qui est consid\u00e9r\u00e9e comme patrimoine international par l&#8217;UNESCO. Vous explorerez les march\u00e9s fermiers (march\u00e9s berb\u00e8res de fruits, l\u00e9gumes, \u00e9pices et autres). Prenez le temps de vous promener \u00e9galement \u00e0 travers divers ateliers, tanneurs, orf\u00e8vres, orf\u00e8vres et vous vous arr\u00eaterez au King Palace.<\/p>\n<p>Continuez avec la visite du quartier juif Mellah de T\u00e9touan. Ici, visitez plusieurs rues \u00e9troites vo\u00fbt\u00e9es formant une sorte de labyrinthe ou labyrinthe \u00e0 l&#8217;int\u00e9rieur de la m\u00e9dina. Cela a une architecture distincte, au cours de cette visite \u00e0 pied, vous aurez des commentaires sur l&#8217;histoire et la culture de la ville.<br \/>\nProfitez du meilleur de la ville, y compris;<\/p>\n<p>&#8211; Promenez-vous dans l&#8217;ancienne m\u00e9dina. Reconstruit \u00e0 la fin du XVe si\u00e8cle par des r\u00e9fugi\u00e9s de la Reconquista. Reconqu\u00eate de l&#8217;Espagne, achev\u00e9e par la chute de Grenade en 1492. Lorsque les Maures andalous \u00e9lev\u00e8rent pour la premi\u00e8re fois les murs puis remplirent l&#8217;enceinte de maisons.<br \/>\n&#8211; Le mus\u00e9e arch\u00e9ologique a \u00e9t\u00e9 construit en 1943. Ses expositions sont consacr\u00e9es \u00e0 la fascinante p\u00e9riode pr\u00e9historique et pr\u00e9islamique du Maroc.<br \/>\n&#8211; Arts et artisanats locaux, si vous \u00eates un amateur d&#8217;art, T\u00e9touan est un endroit o\u00f9 vous devez aller. Alors que de nombreuses villes du pays se sont tourn\u00e9es vers la cr\u00e9ation de produits artisanaux pour un march\u00e9 de masse. T\u00e9touan reste fid\u00e8le aux m\u00e9thodes artisanales marocaines traditionnelles utilis\u00e9es depuis des si\u00e8cles<br \/>\n&#8211; et beaucoup plus!<\/p>\n<p>Obtenez une vue sur toutes les visites priv\u00e9es. Nous pouvons vous emmener en visites priv\u00e9es dans n&#8217;importe quel endroit!<\/p>\n","protected":false},"excerpt":{"rendered":"<p>Profitez de cette excursion priv\u00e9e \u00e0 T\u00e9touan au d\u00e9part de Ceuta dans votre v\u00e9hicule priv\u00e9, avec un guide touristique local officiel priv\u00e9 \u00e0 votre arriv\u00e9e.<\/p>\n","protected":false},"featured_media":97595,"comment_status":"open","ping_status":"closed","template":"","meta":{"_acf_changed":false},"product_brand":[],"product_cat":[3577],"product_tag":[],"class_list":{"0":"post-99238","1":"product","2":"type-product","3":"status-publish","4":"has-post-thumbnail","6":"product_cat-ceuta-fr","8":"first","9":"instock","10":"shipping-taxable","11":"purchasable","12":"product-type-simple"},"acf":[],"yoast_head":"<!-- This site is optimized with the Yoast SEO Premium plugin v25.3.1 (Yoast SEO v25.3.1) - https:\/\/yoast.com\/wordpress\/plugins\/seo\/ -->\n<title>Excursion \u00e0 terre \u00e0 T\u00e9touan au d\u00e9part de Ceuta - Visite priv\u00e9e \u00e0 T\u00e9touan<\/title>\n<meta name=\"description\" content=\"Profitez de cette excursion priv\u00e9e \u00e0 T\u00e9touan au d\u00e9part de Ceuta dans votre v\u00e9hicule priv\u00e9, avec un guide touristique local officiel priv\u00e9 \u00e0 votre arriv\u00e9e.\" \/>\n<meta name=\"robots\" content=\"index, follow, max-snippet:-1, max-image-preview:large, max-video-preview:-1\" \/>\n<link rel=\"canonical\" href=\"https:\/\/tourtravelandmore.com\/fr\/tours\/espagne-fr\/ceuta-fr\/excursion-a-terre-a-tetouan-au-depart-de-ceuta\/\" \/>\n<meta property=\"og:locale\" content=\"fr_FR\" \/>\n<meta property=\"og:type\" content=\"article\" \/>\n<meta property=\"og:title\" content=\"Excursion \u00e0 terre \u00e0 T\u00e9touan au d\u00e9part de Ceuta\" \/>\n<meta property=\"og:description\" content=\"Profitez de cette excursion priv\u00e9e \u00e0 T\u00e9touan au d\u00e9part de Ceuta dans votre v\u00e9hicule priv\u00e9, avec un guide touristique local officiel priv\u00e9 \u00e0 votre arriv\u00e9e.\" \/>\n<meta property=\"og:url\" content=\"https:\/\/tourtravelandmore.com\/fr\/tours\/espagne-fr\/ceuta-fr\/excursion-a-terre-a-tetouan-au-depart-de-ceuta\/\" \/>\n<meta property=\"og:site_name\" content=\"Tour Travel And More\" \/>\n<meta property=\"article:publisher\" content=\"https:\/\/www.facebook.com\/tourtravelandmore\/\" \/>\n<meta property=\"article:modified_time\" content=\"2021-02-15T20:05:41+00:00\" \/>\n<meta property=\"og:image\" content=\"https:\/\/tourtravelandmore.com\/wp-content\/uploads\/2020\/05\/tetuan-4.jpg\" \/>\n\t<meta property=\"og:image:width\" content=\"2476\" \/>\n\t<meta property=\"og:image:height\" content=\"1500\" \/>\n\t<meta property=\"og:image:type\" content=\"image\/jpeg\" \/>\n<meta name=\"twitter:card\" content=\"summary_large_image\" \/>\n<meta name=\"twitter:site\" content=\"@TourTravel_More\" \/>\n<meta name=\"twitter:label1\" content=\"Dur\u00e9e de lecture estim\u00e9e\" \/>\n\t<meta name=\"twitter:data1\" content=\"3 minutes\" \/>\n<script type=\"application\/ld+json\" class=\"yoast-schema-graph\">{\"@context\":\"https:\/\/schema.org\",\"@graph\":[{\"@type\":\"WebPage\",\"@id\":\"https:\/\/tourtravelandmore.com\/fr\/tours\/espagne-fr\/ceuta-fr\/excursion-a-terre-a-tetouan-au-depart-de-ceuta\/\",\"url\":\"https:\/\/tourtravelandmore.com\/fr\/tours\/espagne-fr\/ceuta-fr\/excursion-a-terre-a-tetouan-au-depart-de-ceuta\/\",\"name\":\"Excursion \u00e0 terre \u00e0 T\u00e9touan au d\u00e9part de Ceuta - Visite priv\u00e9e \u00e0 T\u00e9touan\",\"isPartOf\":{\"@id\":\"https:\/\/tourtravelandmore.com\/fr\/#website\"},\"primaryImageOfPage\":{\"@id\":\"https:\/\/tourtravelandmore.com\/fr\/tours\/espagne-fr\/ceuta-fr\/excursion-a-terre-a-tetouan-au-depart-de-ceuta\/#primaryimage\"},\"image\":{\"@id\":\"https:\/\/tourtravelandmore.com\/fr\/tours\/espagne-fr\/ceuta-fr\/excursion-a-terre-a-tetouan-au-depart-de-ceuta\/#primaryimage\"},\"thumbnailUrl\":\"https:\/\/tourtravelandmore.com\/wp-content\/uploads\/2020\/05\/tetuan-4.jpg\",\"datePublished\":\"2020-05-22T10:36:06+00:00\",\"dateModified\":\"2021-02-15T20:05:41+00:00\",\"description\":\"Profitez de cette excursion priv\u00e9e \u00e0 T\u00e9touan au d\u00e9part de Ceuta dans votre v\u00e9hicule priv\u00e9, avec un guide touristique local officiel priv\u00e9 \u00e0 votre arriv\u00e9e.\",\"breadcrumb\":{\"@id\":\"https:\/\/tourtravelandmore.com\/fr\/tours\/espagne-fr\/ceuta-fr\/excursion-a-terre-a-tetouan-au-depart-de-ceuta\/#breadcrumb\"},\"inLanguage\":\"fr-FR\",\"potentialAction\":[{\"@type\":\"ReadAction\",\"target\":[\"https:\/\/tourtravelandmore.com\/fr\/tours\/espagne-fr\/ceuta-fr\/excursion-a-terre-a-tetouan-au-depart-de-ceuta\/\"]}]},{\"@type\":\"ImageObject\",\"inLanguage\":\"fr-FR\",\"@id\":\"https:\/\/tourtravelandmore.com\/fr\/tours\/espagne-fr\/ceuta-fr\/excursion-a-terre-a-tetouan-au-depart-de-ceuta\/#primaryimage\",\"url\":\"https:\/\/tourtravelandmore.com\/wp-content\/uploads\/2020\/05\/tetuan-4.jpg\",\"contentUrl\":\"https:\/\/tourtravelandmore.com\/wp-content\/uploads\/2020\/05\/tetuan-4.jpg\",\"width\":2476,\"height\":1500,\"caption\":\"KONICA MINOLTA DIGITAL CAMERA\"},{\"@type\":\"BreadcrumbList\",\"@id\":\"https:\/\/tourtravelandmore.com\/fr\/tours\/espagne-fr\/ceuta-fr\/excursion-a-terre-a-tetouan-au-depart-de-ceuta\/#breadcrumb\",\"itemListElement\":[{\"@type\":\"ListItem\",\"position\":1,\"name\":\"Home\",\"item\":\"https:\/\/tourtravelandmore.com\/fr\/\"},{\"@type\":\"ListItem\",\"position\":2,\"name\":\"Tours\",\"item\":\"https:\/\/tourtravelandmore.com\/fr\/tours\/\"},{\"@type\":\"ListItem\",\"position\":3,\"name\":\"Excursion \u00e0 terre \u00e0 T\u00e9touan au d\u00e9part de Ceuta\"}]},{\"@type\":\"WebSite\",\"@id\":\"https:\/\/tourtravelandmore.com\/fr\/#website\",\"url\":\"https:\/\/tourtravelandmore.com\/fr\/\",\"name\":\"Tour Travel And More\",\"description\":\"Private sightseeing tours and luxury transfers in Spain\",\"publisher\":{\"@id\":\"https:\/\/tourtravelandmore.com\/fr\/#organization\"},\"potentialAction\":[{\"@type\":\"SearchAction\",\"target\":{\"@type\":\"EntryPoint\",\"urlTemplate\":\"https:\/\/tourtravelandmore.com\/fr\/?s={search_term_string}\"},\"query-input\":{\"@type\":\"PropertyValueSpecification\",\"valueRequired\":true,\"valueName\":\"search_term_string\"}}],\"inLanguage\":\"fr-FR\"},{\"@type\":\"Organization\",\"@id\":\"https:\/\/tourtravelandmore.com\/fr\/#organization\",\"name\":\"Tour Travel And More\",\"url\":\"https:\/\/tourtravelandmore.com\/fr\/\",\"logo\":{\"@type\":\"ImageObject\",\"inLanguage\":\"fr-FR\",\"@id\":\"https:\/\/tourtravelandmore.com\/fr\/#\/schema\/logo\/image\/\",\"url\":\"https:\/\/tourtravelandmore.com\/wp-content\/uploads\/2022\/12\/cropped-logo-cabecera-new.png\",\"contentUrl\":\"https:\/\/tourtravelandmore.com\/wp-content\/uploads\/2022\/12\/cropped-logo-cabecera-new.png\",\"width\":430,\"height\":61,\"caption\":\"Tour Travel And More\"},\"image\":{\"@id\":\"https:\/\/tourtravelandmore.com\/fr\/#\/schema\/logo\/image\/\"},\"sameAs\":[\"https:\/\/www.facebook.com\/tourtravelandmore\/\",\"https:\/\/x.com\/TourTravel_More\"]}]}<\/script>\n<!-- \/ Yoast SEO Premium plugin. -->","yoast_head_json":{"title":"Excursion \u00e0 terre \u00e0 T\u00e9touan au d\u00e9part de Ceuta - Visite priv\u00e9e \u00e0 T\u00e9touan","description":"Profitez de cette excursion priv\u00e9e \u00e0 T\u00e9touan au d\u00e9part de Ceuta dans votre v\u00e9hicule priv\u00e9, avec un guide touristique local officiel priv\u00e9 \u00e0 votre arriv\u00e9e.","robots":{"index":"index","follow":"follow","max-snippet":"max-snippet:-1","max-image-preview":"max-image-preview:large","max-video-preview":"max-video-preview:-1"},"canonical":"https:\/\/tourtravelandmore.com\/fr\/tours\/espagne-fr\/ceuta-fr\/excursion-a-terre-a-tetouan-au-depart-de-ceuta\/","og_locale":"fr_FR","og_type":"article","og_title":"Excursion \u00e0 terre \u00e0 T\u00e9touan au d\u00e9part de Ceuta","og_description":"Profitez de cette excursion priv\u00e9e \u00e0 T\u00e9touan au d\u00e9part de Ceuta dans votre v\u00e9hicule priv\u00e9, avec un guide touristique local officiel priv\u00e9 \u00e0 votre arriv\u00e9e.","og_url":"https:\/\/tourtravelandmore.com\/fr\/tours\/espagne-fr\/ceuta-fr\/excursion-a-terre-a-tetouan-au-depart-de-ceuta\/","og_site_name":"Tour Travel And More","article_publisher":"https:\/\/www.facebook.com\/tourtravelandmore\/","article_modified_time":"2021-02-15T20:05:41+00:00","og_image":[{"width":2476,"height":1500,"url":"https:\/\/tourtravelandmore.com\/wp-content\/uploads\/2020\/05\/tetuan-4.jpg","type":"image\/jpeg"}],"twitter_card":"summary_large_image","twitter_site":"@TourTravel_More","twitter_misc":{"Dur\u00e9e de lecture estim\u00e9e":"3 minutes"},"schema":{"@context":"https:\/\/schema.org","@graph":[{"@type":"WebPage","@id":"https:\/\/tourtravelandmore.com\/fr\/tours\/espagne-fr\/ceuta-fr\/excursion-a-terre-a-tetouan-au-depart-de-ceuta\/","url":"https:\/\/tourtravelandmore.com\/fr\/tours\/espagne-fr\/ceuta-fr\/excursion-a-terre-a-tetouan-au-depart-de-ceuta\/","name":"Excursion \u00e0 terre \u00e0 T\u00e9touan au d\u00e9part de Ceuta - Visite priv\u00e9e \u00e0 T\u00e9touan","isPartOf":{"@id":"https:\/\/tourtravelandmore.com\/fr\/#website"},"primaryImageOfPage":{"@id":"https:\/\/tourtravelandmore.com\/fr\/tours\/espagne-fr\/ceuta-fr\/excursion-a-terre-a-tetouan-au-depart-de-ceuta\/#primaryimage"},"image":{"@id":"https:\/\/tourtravelandmore.com\/fr\/tours\/espagne-fr\/ceuta-fr\/excursion-a-terre-a-tetouan-au-depart-de-ceuta\/#primaryimage"},"thumbnailUrl":"https:\/\/tourtravelandmore.com\/wp-content\/uploads\/2020\/05\/tetuan-4.jpg","datePublished":"2020-05-22T10:36:06+00:00","dateModified":"2021-02-15T20:05:41+00:00","description":"Profitez de cette excursion priv\u00e9e \u00e0 T\u00e9touan au d\u00e9part de Ceuta dans votre v\u00e9hicule priv\u00e9, avec un guide touristique local officiel priv\u00e9 \u00e0 votre arriv\u00e9e.","breadcrumb":{"@id":"https:\/\/tourtravelandmore.com\/fr\/tours\/espagne-fr\/ceuta-fr\/excursion-a-terre-a-tetouan-au-depart-de-ceuta\/#breadcrumb"},"inLanguage":"fr-FR","potentialAction":[{"@type":"ReadAction","target":["https:\/\/tourtravelandmore.com\/fr\/tours\/espagne-fr\/ceuta-fr\/excursion-a-terre-a-tetouan-au-depart-de-ceuta\/"]}]},{"@type":"ImageObject","inLanguage":"fr-FR","@id":"https:\/\/tourtravelandmore.com\/fr\/tours\/espagne-fr\/ceuta-fr\/excursion-a-terre-a-tetouan-au-depart-de-ceuta\/#primaryimage","url":"https:\/\/tourtravelandmore.com\/wp-content\/uploads\/2020\/05\/tetuan-4.jpg","contentUrl":"https:\/\/tourtravelandmore.com\/wp-content\/uploads\/2020\/05\/tetuan-4.jpg","width":2476,"height":1500,"caption":"KONICA MINOLTA DIGITAL CAMERA"},{"@type":"BreadcrumbList","@id":"https:\/\/tourtravelandmore.com\/fr\/tours\/espagne-fr\/ceuta-fr\/excursion-a-terre-a-tetouan-au-depart-de-ceuta\/#breadcrumb","itemListElement":[{"@type":"ListItem","position":1,"name":"Home","item":"https:\/\/tourtravelandmore.com\/fr\/"},{"@type":"ListItem","position":2,"name":"Tours","item":"https:\/\/tourtravelandmore.com\/fr\/tours\/"},{"@type":"ListItem","position":3,"name":"Excursion \u00e0 terre \u00e0 T\u00e9touan au d\u00e9part de Ceuta"}]},{"@type":"WebSite","@id":"https:\/\/tourtravelandmore.com\/fr\/#website","url":"https:\/\/tourtravelandmore.com\/fr\/","name":"Tour Travel And More","description":"Private sightseeing tours and luxury transfers in Spain","publisher":{"@id":"https:\/\/tourtravelandmore.com\/fr\/#organization"},"potentialAction":[{"@type":"SearchAction","target":{"@type":"EntryPoint","urlTemplate":"https:\/\/tourtravelandmore.com\/fr\/?s={search_term_string}"},"query-input":{"@type":"PropertyValueSpecification","valueRequired":true,"valueName":"search_term_string"}}],"inLanguage":"fr-FR"},{"@type":"Organization","@id":"https:\/\/tourtravelandmore.com\/fr\/#organization","name":"Tour Travel And More","url":"https:\/\/tourtravelandmore.com\/fr\/","logo":{"@type":"ImageObject","inLanguage":"fr-FR","@id":"https:\/\/tourtravelandmore.com\/fr\/#\/schema\/logo\/image\/","url":"https:\/\/tourtravelandmore.com\/wp-content\/uploads\/2022\/12\/cropped-logo-cabecera-new.png","contentUrl":"https:\/\/tourtravelandmore.com\/wp-content\/uploads\/2022\/12\/cropped-logo-cabecera-new.png","width":430,"height":61,"caption":"Tour Travel And More"},"image":{"@id":"https:\/\/tourtravelandmore.com\/fr\/#\/schema\/logo\/image\/"},"sameAs":["https:\/\/www.facebook.com\/tourtravelandmore\/","https:\/\/x.com\/TourTravel_More"]}]}},"_links":{"self":[{"href":"https:\/\/tourtravelandmore.com\/fr\/wp-json\/wp\/v2\/product\/99238","targetHints":{"allow":["GET"]}}],"collection":[{"href":"https:\/\/tourtravelandmore.com\/fr\/wp-json\/wp\/v2\/product"}],"about":[{"href":"https:\/\/tourtravelandmore.com\/fr\/wp-json\/wp\/v2\/types\/product"}],"replies":[{"embeddable":true,"href":"https:\/\/tourtravelandmore.com\/fr\/wp-json\/wp\/v2\/comments?post=99238"}],"wp:featuredmedia":[{"embeddable":true,"href":"https:\/\/tourtravelandmore.com\/fr\/wp-json\/wp\/v2\/media\/97595"}],"wp:attachment":[{"href":"https:\/\/tourtravelandmore.com\/fr\/wp-json\/wp\/v2\/media?parent=99238"}],"wp:term":[{"taxonomy":"product_brand","embeddable":true,"href":"https:\/\/tourtravelandmore.com\/fr\/wp-json\/wp\/v2\/product_brand?post=99238"},{"taxonomy":"product_cat","embeddable":true,"href":"https:\/\/tourtravelandmore.com\/fr\/wp-json\/wp\/v2\/product_cat?post=99238"},{"taxonomy":"product_tag","embeddable":true,"href":"https:\/\/tourtravelandmore.com\/fr\/wp-json\/wp\/v2\/product_tag?post=99238"}],"curies":[{"name":"wp","href":"https:\/\/api.w.org\/{rel}","templated":true}]}}