{"id":99233,"date":"2020-05-22T12:05:44","date_gmt":"2020-05-22T10:05:44","guid":{"rendered":"https:\/\/tourtravelandmore.com\/tours\/non%20class\u00e9\/visite-privee-de-ceuta\/"},"modified":"2021-02-15T21:05:31","modified_gmt":"2021-02-15T20:05:31","slug":"visite-privee-de-ceuta","status":"publish","type":"product","link":"https:\/\/tourtravelandmore.com\/fr\/tours\/espagne-fr\/ceuta-fr\/all-private-tour-and-activities-fr\/visite-privee-de-ceuta\/","title":{"rendered":"Visite priv\u00e9e de Ceuta"},"content":{"rendered":"<h2>Description<\/h2>\n<p>L&#8217;une des destinations touristiques que vous pouvez atteindre en croisi\u00e8re est Ceuta. Nous parlons de cette magnifique ville espagnole sur la c\u00f4te nord de l&#8217;Afrique qui offre de belles plages de sable blanc. Cette visite priv\u00e9e de Ceuta vous m\u00e8nera aux b\u00e2timents historiques int\u00e9ressants qui doivent \u00eatre visit\u00e9s au moins une fois dans la vie.<\/p>\n<p>Ceuta, comme Melilla et les \u00eeles Canaries. Il a \u00e9t\u00e9 class\u00e9 comme port franc avant l&#8217;adh\u00e9sion de l&#8217;Espagne \u00e0 l&#8217;Union europ\u00e9enne. Sa population se compose de chr\u00e9tiens, de musulmans et de petites minorit\u00e9s de juifs s\u00e9farades et de sindhi hindous.<\/p>\n<p>Notre fabuleuse visite priv\u00e9e de 4 heures \u00e0 Ceuta vous emm\u00e8nera dans les meilleurs endroits de cette ville unique. Avec notre v\u00e9hicule de luxe et en compagnie d&#8217;un guide bilingue qui cr\u00e9era un itin\u00e9raire adapt\u00e9 \u00e0 vos go\u00fbts et int\u00e9r\u00eats.<\/p>\n<p>Comme toutes nos visites, cette visite priv\u00e9e est une visite enti\u00e8rement personnalis\u00e9e. Nous sommes en mesure de l&#8217;organiser en fonction de vos besoins et d\u00e9sirs personnels. Si vous avez quelque chose \u00e0 l&#8217;esprit, veuillez nous le faire savoir et nous ferons de notre mieux pour l&#8217;organiser lors de votre visite priv\u00e9e.<\/p>\n<p>La dur\u00e9e exacte de la visite est totalement flexible. Ci-dessous, notre visite priv\u00e9e de 4 heures, mais il est possible d&#8217;organiser la dur\u00e9e de la visite exactement comme vous le souhaitez.<\/p>\n<h2>Lieux et monuments d&#8217;int\u00e9r\u00eat de cette visite priv\u00e9e \u00e0 Ceuta<\/h2>\n<p>Votre chauffeur priv\u00e9 et votre guide officiel vous attendront \u00e0 l&#8217;ext\u00e9rieur de votre bateau de croisi\u00e8re au port de croisi\u00e8re de Ceuta. Ici, nous commencerons votre visite d&#8217;une demi-journ\u00e9e de la ville.<\/p>\n<p>Au cours de cette visite priv\u00e9e, vous explorerez les points les plus attractifs du lieu. Accompagn\u00e9 de votre guide exp\u00e9riment\u00e9 qui vous dira tous les secrets de cette ville incroyable.<\/p>\n<p>Parmi de nombreux autres sites que vous pourriez visiter, nous vous listons ici quelques-uns des principaux sites que vous pourrez visiter.<\/p>\n<p>&#8211; \u00abPlaza de Africa\u00bb, cette place est la plus importante de la ville. Trouvez des b\u00e2timents importants tels que l&#8217;h\u00f4tel de ville, le commandement militaire, le monument aux morts et la cath\u00e9drale.<\/p>\n<p>&#8211; Murs royaux et tranch\u00e9e navigable. Les murs de Ceuta ont \u00e9t\u00e9 construits \u00e0 diff\u00e9rentes p\u00e9riodes. La partie la plus ancienne \u00e0 la fin du 10\u00e8me si\u00e8cle et la partie la plus moderne du 18\u00e8me si\u00e8cle.<\/p>\n<p>&#8211; Cath\u00e9drale de l&#8217;Assomption: un h\u00e9ritage de l&#8217;\u00e9poque de la domination arabe.<\/p>\n<p>&#8211; Dragon\u2019s House: l\u2019un des b\u00e2timents les plus embl\u00e9matiques de Ceuta.<\/p>\n<p>&#8211; Bains arabes: ancienne manufacture qui de nos jours \u00e0 des fins r\u00e9cr\u00e9atives ou touristiques<\/p>\n<p>&#8211; Parc Maritime de la M\u00e9diterran\u00e9e, situ\u00e9 dans le \u00abPaseo de la Marina Espa\u00f1ola\u00bb.<\/p>\n<p>&#8211; Mus\u00e9e de la L\u00e9gion, \u00abPaseo de las Palmeras\u00bb, \u00abMonte Hacho\u00bb et bien plus encore!<\/p>\n<p>\u00c0 la fin de votre visite, votre chauffeur priv\u00e9 et votre guide vous ram\u00e8neront \u00e0 votre bateau de croisi\u00e8re dans le port de Ceuta.<\/p>\n<p>C&#8217;est une exp\u00e9rience enti\u00e8rement personnalis\u00e9e, alors n&#8217;h\u00e9sitez pas \u00e0 nous contacter. Notre \u00e9quipe vous aidera \u00e0 organiser votre visite afin que vous puissiez tirer le meilleur parti de votre visite dans l&#8217;une des plus belles villes du monde. Contactez-nous pour plus d&#8217;informations!<\/p>\n","protected":false},"excerpt":{"rendered":"<p>Profitez de cette visite priv\u00e9e personnalisable de la ville de Ceuta et profitez de ses monuments et sites les plus importants avec un expert local. Profitez de cette occasion pour d\u00e9couvrir cette merveilleuse ville avec votre propre guide officiel priv\u00e9 et votre v\u00e9hicule priv\u00e9. Personnalisez votre propre exp\u00e9rience. Ne manquez pas les monuments, les sites touristiques, les nombreuses \u00e9glises et ses mus\u00e9es lors de cette visite priv\u00e9e lors de votre visite \u00e0 Ceuta.<\/p>\n","protected":false},"featured_media":97591,"comment_status":"open","ping_status":"closed","template":"","meta":{"_acf_changed":false},"product_brand":[],"product_cat":[3577,4270],"product_tag":[],"class_list":{"0":"post-99233","1":"product","2":"type-product","3":"status-publish","4":"has-post-thumbnail","6":"product_cat-ceuta-fr","7":"product_cat-all-private-tour-and-activities-fr","9":"first","10":"instock","11":"shipping-taxable","12":"purchasable","13":"product-type-simple"},"acf":[],"yoast_head":"<!-- This site is optimized with the Yoast SEO Premium plugin v25.3.1 (Yoast SEO v25.3.1) - https:\/\/yoast.com\/wordpress\/plugins\/seo\/ -->\n<title>Visite priv\u00e9e de 4 heures de la ville de Ceuta avec guide officiel et v\u00e9hicule<\/title>\n<meta name=\"description\" content=\"Profitez de cette occasion pour d\u00e9couvrir les endroits les plus embl\u00e9matiques et les plus beaux de Ceuta avec votre guide et chauffeur priv\u00e9 officiel.\" \/>\n<meta name=\"robots\" content=\"index, follow, max-snippet:-1, max-image-preview:large, max-video-preview:-1\" \/>\n<link rel=\"canonical\" href=\"https:\/\/tourtravelandmore.com\/fr\/tours\/espagne-fr\/ceuta-fr\/all-private-tour-and-activities-fr\/visite-privee-de-ceuta\/\" \/>\n<meta property=\"og:locale\" content=\"fr_FR\" \/>\n<meta property=\"og:type\" content=\"article\" \/>\n<meta property=\"og:title\" content=\"Visite priv\u00e9e de Ceuta\" \/>\n<meta property=\"og:description\" content=\"Profitez de cette occasion pour d\u00e9couvrir les endroits les plus embl\u00e9matiques et les plus beaux de Ceuta avec votre guide et chauffeur priv\u00e9 officiel.\" \/>\n<meta property=\"og:url\" content=\"https:\/\/tourtravelandmore.com\/fr\/tours\/espagne-fr\/ceuta-fr\/all-private-tour-and-activities-fr\/visite-privee-de-ceuta\/\" \/>\n<meta property=\"og:site_name\" content=\"Tour Travel And More\" \/>\n<meta property=\"article:publisher\" content=\"https:\/\/www.facebook.com\/tourtravelandmore\/\" \/>\n<meta property=\"article:modified_time\" content=\"2021-02-15T20:05:31+00:00\" \/>\n<meta property=\"og:image\" content=\"https:\/\/tourtravelandmore.com\/wp-content\/uploads\/2020\/05\/ceuta-5-scaled.jpg\" \/>\n\t<meta property=\"og:image:width\" content=\"2560\" \/>\n\t<meta property=\"og:image:height\" content=\"1707\" \/>\n\t<meta property=\"og:image:type\" content=\"image\/jpeg\" \/>\n<meta name=\"twitter:card\" content=\"summary_large_image\" \/>\n<meta name=\"twitter:site\" content=\"@TourTravel_More\" \/>\n<meta name=\"twitter:label1\" content=\"Dur\u00e9e de lecture estim\u00e9e\" \/>\n\t<meta name=\"twitter:data1\" content=\"3 minutes\" \/>\n<script type=\"application\/ld+json\" class=\"yoast-schema-graph\">{\"@context\":\"https:\/\/schema.org\",\"@graph\":[{\"@type\":\"WebPage\",\"@id\":\"https:\/\/tourtravelandmore.com\/fr\/tours\/espagne-fr\/ceuta-fr\/all-private-tour-and-activities-fr\/visite-privee-de-ceuta\/\",\"url\":\"https:\/\/tourtravelandmore.com\/fr\/tours\/espagne-fr\/ceuta-fr\/all-private-tour-and-activities-fr\/visite-privee-de-ceuta\/\",\"name\":\"Visite priv\u00e9e de 4 heures de la ville de Ceuta avec guide officiel et v\u00e9hicule\",\"isPartOf\":{\"@id\":\"https:\/\/tourtravelandmore.com\/fr\/#website\"},\"primaryImageOfPage\":{\"@id\":\"https:\/\/tourtravelandmore.com\/fr\/tours\/espagne-fr\/ceuta-fr\/all-private-tour-and-activities-fr\/visite-privee-de-ceuta\/#primaryimage\"},\"image\":{\"@id\":\"https:\/\/tourtravelandmore.com\/fr\/tours\/espagne-fr\/ceuta-fr\/all-private-tour-and-activities-fr\/visite-privee-de-ceuta\/#primaryimage\"},\"thumbnailUrl\":\"https:\/\/tourtravelandmore.com\/wp-content\/uploads\/2020\/05\/ceuta-5-scaled.jpg\",\"datePublished\":\"2020-05-22T10:05:44+00:00\",\"dateModified\":\"2021-02-15T20:05:31+00:00\",\"description\":\"Profitez de cette occasion pour d\u00e9couvrir les endroits les plus embl\u00e9matiques et les plus beaux de Ceuta avec votre guide et chauffeur priv\u00e9 officiel.\",\"breadcrumb\":{\"@id\":\"https:\/\/tourtravelandmore.com\/fr\/tours\/espagne-fr\/ceuta-fr\/all-private-tour-and-activities-fr\/visite-privee-de-ceuta\/#breadcrumb\"},\"inLanguage\":\"fr-FR\",\"potentialAction\":[{\"@type\":\"ReadAction\",\"target\":[\"https:\/\/tourtravelandmore.com\/fr\/tours\/espagne-fr\/ceuta-fr\/all-private-tour-and-activities-fr\/visite-privee-de-ceuta\/\"]}]},{\"@type\":\"ImageObject\",\"inLanguage\":\"fr-FR\",\"@id\":\"https:\/\/tourtravelandmore.com\/fr\/tours\/espagne-fr\/ceuta-fr\/all-private-tour-and-activities-fr\/visite-privee-de-ceuta\/#primaryimage\",\"url\":\"https:\/\/tourtravelandmore.com\/wp-content\/uploads\/2020\/05\/ceuta-5-scaled.jpg\",\"contentUrl\":\"https:\/\/tourtravelandmore.com\/wp-content\/uploads\/2020\/05\/ceuta-5-scaled.jpg\",\"width\":2560,\"height\":1707},{\"@type\":\"BreadcrumbList\",\"@id\":\"https:\/\/tourtravelandmore.com\/fr\/tours\/espagne-fr\/ceuta-fr\/all-private-tour-and-activities-fr\/visite-privee-de-ceuta\/#breadcrumb\",\"itemListElement\":[{\"@type\":\"ListItem\",\"position\":1,\"name\":\"Home\",\"item\":\"https:\/\/tourtravelandmore.com\/fr\/\"},{\"@type\":\"ListItem\",\"position\":2,\"name\":\"Tours\",\"item\":\"https:\/\/tourtravelandmore.com\/fr\/tours\/\"},{\"@type\":\"ListItem\",\"position\":3,\"name\":\"Visite priv\u00e9e de Ceuta\"}]},{\"@type\":\"WebSite\",\"@id\":\"https:\/\/tourtravelandmore.com\/fr\/#website\",\"url\":\"https:\/\/tourtravelandmore.com\/fr\/\",\"name\":\"Tour Travel And More\",\"description\":\"Private sightseeing tours and luxury transfers in Spain\",\"publisher\":{\"@id\":\"https:\/\/tourtravelandmore.com\/fr\/#organization\"},\"potentialAction\":[{\"@type\":\"SearchAction\",\"target\":{\"@type\":\"EntryPoint\",\"urlTemplate\":\"https:\/\/tourtravelandmore.com\/fr\/?s={search_term_string}\"},\"query-input\":{\"@type\":\"PropertyValueSpecification\",\"valueRequired\":true,\"valueName\":\"search_term_string\"}}],\"inLanguage\":\"fr-FR\"},{\"@type\":\"Organization\",\"@id\":\"https:\/\/tourtravelandmore.com\/fr\/#organization\",\"name\":\"Tour Travel And More\",\"url\":\"https:\/\/tourtravelandmore.com\/fr\/\",\"logo\":{\"@type\":\"ImageObject\",\"inLanguage\":\"fr-FR\",\"@id\":\"https:\/\/tourtravelandmore.com\/fr\/#\/schema\/logo\/image\/\",\"url\":\"https:\/\/tourtravelandmore.com\/wp-content\/uploads\/2022\/12\/cropped-logo-cabecera-new.png\",\"contentUrl\":\"https:\/\/tourtravelandmore.com\/wp-content\/uploads\/2022\/12\/cropped-logo-cabecera-new.png\",\"width\":430,\"height\":61,\"caption\":\"Tour Travel And More\"},\"image\":{\"@id\":\"https:\/\/tourtravelandmore.com\/fr\/#\/schema\/logo\/image\/\"},\"sameAs\":[\"https:\/\/www.facebook.com\/tourtravelandmore\/\",\"https:\/\/x.com\/TourTravel_More\"]}]}<\/script>\n<!-- \/ Yoast SEO Premium plugin. -->","yoast_head_json":{"title":"Visite priv\u00e9e de 4 heures de la ville de Ceuta avec guide officiel et v\u00e9hicule","description":"Profitez de cette occasion pour d\u00e9couvrir les endroits les plus embl\u00e9matiques et les plus beaux de Ceuta avec votre guide et chauffeur priv\u00e9 officiel.","robots":{"index":"index","follow":"follow","max-snippet":"max-snippet:-1","max-image-preview":"max-image-preview:large","max-video-preview":"max-video-preview:-1"},"canonical":"https:\/\/tourtravelandmore.com\/fr\/tours\/espagne-fr\/ceuta-fr\/all-private-tour-and-activities-fr\/visite-privee-de-ceuta\/","og_locale":"fr_FR","og_type":"article","og_title":"Visite priv\u00e9e de Ceuta","og_description":"Profitez de cette occasion pour d\u00e9couvrir les endroits les plus embl\u00e9matiques et les plus beaux de Ceuta avec votre guide et chauffeur priv\u00e9 officiel.","og_url":"https:\/\/tourtravelandmore.com\/fr\/tours\/espagne-fr\/ceuta-fr\/all-private-tour-and-activities-fr\/visite-privee-de-ceuta\/","og_site_name":"Tour Travel And More","article_publisher":"https:\/\/www.facebook.com\/tourtravelandmore\/","article_modified_time":"2021-02-15T20:05:31+00:00","og_image":[{"width":2560,"height":1707,"url":"https:\/\/tourtravelandmore.com\/wp-content\/uploads\/2020\/05\/ceuta-5-scaled.jpg","type":"image\/jpeg"}],"twitter_card":"summary_large_image","twitter_site":"@TourTravel_More","twitter_misc":{"Dur\u00e9e de lecture estim\u00e9e":"3 minutes"},"schema":{"@context":"https:\/\/schema.org","@graph":[{"@type":"WebPage","@id":"https:\/\/tourtravelandmore.com\/fr\/tours\/espagne-fr\/ceuta-fr\/all-private-tour-and-activities-fr\/visite-privee-de-ceuta\/","url":"https:\/\/tourtravelandmore.com\/fr\/tours\/espagne-fr\/ceuta-fr\/all-private-tour-and-activities-fr\/visite-privee-de-ceuta\/","name":"Visite priv\u00e9e de 4 heures de la ville de Ceuta avec guide officiel et v\u00e9hicule","isPartOf":{"@id":"https:\/\/tourtravelandmore.com\/fr\/#website"},"primaryImageOfPage":{"@id":"https:\/\/tourtravelandmore.com\/fr\/tours\/espagne-fr\/ceuta-fr\/all-private-tour-and-activities-fr\/visite-privee-de-ceuta\/#primaryimage"},"image":{"@id":"https:\/\/tourtravelandmore.com\/fr\/tours\/espagne-fr\/ceuta-fr\/all-private-tour-and-activities-fr\/visite-privee-de-ceuta\/#primaryimage"},"thumbnailUrl":"https:\/\/tourtravelandmore.com\/wp-content\/uploads\/2020\/05\/ceuta-5-scaled.jpg","datePublished":"2020-05-22T10:05:44+00:00","dateModified":"2021-02-15T20:05:31+00:00","description":"Profitez de cette occasion pour d\u00e9couvrir les endroits les plus embl\u00e9matiques et les plus beaux de Ceuta avec votre guide et chauffeur priv\u00e9 officiel.","breadcrumb":{"@id":"https:\/\/tourtravelandmore.com\/fr\/tours\/espagne-fr\/ceuta-fr\/all-private-tour-and-activities-fr\/visite-privee-de-ceuta\/#breadcrumb"},"inLanguage":"fr-FR","potentialAction":[{"@type":"ReadAction","target":["https:\/\/tourtravelandmore.com\/fr\/tours\/espagne-fr\/ceuta-fr\/all-private-tour-and-activities-fr\/visite-privee-de-ceuta\/"]}]},{"@type":"ImageObject","inLanguage":"fr-FR","@id":"https:\/\/tourtravelandmore.com\/fr\/tours\/espagne-fr\/ceuta-fr\/all-private-tour-and-activities-fr\/visite-privee-de-ceuta\/#primaryimage","url":"https:\/\/tourtravelandmore.com\/wp-content\/uploads\/2020\/05\/ceuta-5-scaled.jpg","contentUrl":"https:\/\/tourtravelandmore.com\/wp-content\/uploads\/2020\/05\/ceuta-5-scaled.jpg","width":2560,"height":1707},{"@type":"BreadcrumbList","@id":"https:\/\/tourtravelandmore.com\/fr\/tours\/espagne-fr\/ceuta-fr\/all-private-tour-and-activities-fr\/visite-privee-de-ceuta\/#breadcrumb","itemListElement":[{"@type":"ListItem","position":1,"name":"Home","item":"https:\/\/tourtravelandmore.com\/fr\/"},{"@type":"ListItem","position":2,"name":"Tours","item":"https:\/\/tourtravelandmore.com\/fr\/tours\/"},{"@type":"ListItem","position":3,"name":"Visite priv\u00e9e de Ceuta"}]},{"@type":"WebSite","@id":"https:\/\/tourtravelandmore.com\/fr\/#website","url":"https:\/\/tourtravelandmore.com\/fr\/","name":"Tour Travel And More","description":"Private sightseeing tours and luxury transfers in Spain","publisher":{"@id":"https:\/\/tourtravelandmore.com\/fr\/#organization"},"potentialAction":[{"@type":"SearchAction","target":{"@type":"EntryPoint","urlTemplate":"https:\/\/tourtravelandmore.com\/fr\/?s={search_term_string}"},"query-input":{"@type":"PropertyValueSpecification","valueRequired":true,"valueName":"search_term_string"}}],"inLanguage":"fr-FR"},{"@type":"Organization","@id":"https:\/\/tourtravelandmore.com\/fr\/#organization","name":"Tour Travel And More","url":"https:\/\/tourtravelandmore.com\/fr\/","logo":{"@type":"ImageObject","inLanguage":"fr-FR","@id":"https:\/\/tourtravelandmore.com\/fr\/#\/schema\/logo\/image\/","url":"https:\/\/tourtravelandmore.com\/wp-content\/uploads\/2022\/12\/cropped-logo-cabecera-new.png","contentUrl":"https:\/\/tourtravelandmore.com\/wp-content\/uploads\/2022\/12\/cropped-logo-cabecera-new.png","width":430,"height":61,"caption":"Tour Travel And More"},"image":{"@id":"https:\/\/tourtravelandmore.com\/fr\/#\/schema\/logo\/image\/"},"sameAs":["https:\/\/www.facebook.com\/tourtravelandmore\/","https:\/\/x.com\/TourTravel_More"]}]}},"_links":{"self":[{"href":"https:\/\/tourtravelandmore.com\/fr\/wp-json\/wp\/v2\/product\/99233","targetHints":{"allow":["GET"]}}],"collection":[{"href":"https:\/\/tourtravelandmore.com\/fr\/wp-json\/wp\/v2\/product"}],"about":[{"href":"https:\/\/tourtravelandmore.com\/fr\/wp-json\/wp\/v2\/types\/product"}],"replies":[{"embeddable":true,"href":"https:\/\/tourtravelandmore.com\/fr\/wp-json\/wp\/v2\/comments?post=99233"}],"wp:featuredmedia":[{"embeddable":true,"href":"https:\/\/tourtravelandmore.com\/fr\/wp-json\/wp\/v2\/media\/97591"}],"wp:attachment":[{"href":"https:\/\/tourtravelandmore.com\/fr\/wp-json\/wp\/v2\/media?parent=99233"}],"wp:term":[{"taxonomy":"product_brand","embeddable":true,"href":"https:\/\/tourtravelandmore.com\/fr\/wp-json\/wp\/v2\/product_brand?post=99233"},{"taxonomy":"product_cat","embeddable":true,"href":"https:\/\/tourtravelandmore.com\/fr\/wp-json\/wp\/v2\/product_cat?post=99233"},{"taxonomy":"product_tag","embeddable":true,"href":"https:\/\/tourtravelandmore.com\/fr\/wp-json\/wp\/v2\/product_tag?post=99233"}],"curies":[{"name":"wp","href":"https:\/\/api.w.org\/{rel}","templated":true}]}}