{"id":99228,"date":"2020-05-22T11:05:32","date_gmt":"2020-05-22T09:05:32","guid":{"rendered":"https:\/\/tourtravelandmore.com\/tours\/non%20class\u00e9\/visite-a-pied-privee-de-ceuta\/"},"modified":"2021-02-15T21:05:21","modified_gmt":"2021-02-15T20:05:21","slug":"visite-a-pied-privee-de-ceuta","status":"publish","type":"product","link":"https:\/\/tourtravelandmore.com\/fr\/tours\/espagne-fr\/ceuta-fr\/visite-a-pied-privee-de-ceuta\/","title":{"rendered":"Visite \u00e0 pied priv\u00e9e de Ceuta"},"content":{"rendered":"<h2>Description<\/h2>\n<p>Profitez de notre visite priv\u00e9e \u00e0 pied de Ceuta pour d\u00e9couvrir le meilleur de la ville. Vous ne pouvez pas manquer cette fantastique visite \u00e0 pied avec votre propre guide officiel priv\u00e9 pour vous et votre groupe.<\/p>\n<p>Ceuta est une autonome espagnole sur la c\u00f4te nord de l&#8217;Afrique. Bord\u00e9 par le Maroc, il se situe le long de la fronti\u00e8re entre la mer M\u00e9diterran\u00e9e et l&#8217;oc\u00e9an Atlantique.<\/p>\n<p>Elle faisait partie de la province de Cadix jusqu&#8217;en mars 1995. Depuis lors, les statuts d&#8217;autonomie ont \u00e9t\u00e9 approuv\u00e9s pour Ceuta et Melilla. Profitez de notre visite priv\u00e9e \u00e0 pied de Ceuta pour une exp\u00e9rience unique.<\/p>\n<p>Ceuta, comme Melilla et les \u00eeles Canaries, est class\u00e9e comme port franc avant l&#8217;adh\u00e9sion de l&#8217;Espagne \u00e0 l&#8217;Union europ\u00e9enne. Sa population se compose de chr\u00e9tiens, de musulmans et de petites minorit\u00e9s de juifs s\u00e9farades et de sindhi hindous.<\/p>\n<p>La langue officielle de Ceuta est l&#8217;espagnol. La population \u00e9tant \u00e9galement marocaine, 40 \u00e0 50% de la population parle l&#8217;arabe Darija.<\/p>\n<h2>Sites d&#8217;int\u00e9r\u00eat et monuments<\/h2>\n<p>L&#8217;itin\u00e9raire est cr\u00e9\u00e9 pour vous. Il y a des endroits \u00e0 ne pas manquer \u00e0 Ceuta. Par exemple, les murs royaux et la tranch\u00e9e navigable. Les murs de Ceuta ont \u00e9t\u00e9 construits \u00e0 diff\u00e9rentes p\u00e9riodes. La partie la plus ancienne \u00e0 la fin du 10\u00e8me si\u00e8cle et la partie la plus moderne du 18\u00e8me si\u00e8cle.<\/p>\n<p>Continuez \u00e0 visiter la cath\u00e9drale de l&#8217;Assomption. L&#8217;actuelle cath\u00e9drale de Ceuta a \u00e9t\u00e9 construite sur les restes d&#8217;une mosqu\u00e9e, h\u00e9ritage de l&#8217;\u00e9poque de la domination arabe.<\/p>\n<p>Marcher le long de la promenade Camoens pour atteindre la \u00abPlaza de los Reyes\u00bb. Admirez une maison \u00e0 la fa\u00e7ade blanche dans laquelle des dragons occupent ses balcons et terrasses. Voici la merveilleuse maison du dragon.<\/p>\n<p>Le prochain arr\u00eat sera le casino de Ceuta. Il est situ\u00e9 dans le magnifique environnement naturel du parc maritime de la ville. Il est entour\u00e9 de piscines et d&#8217;une v\u00e9g\u00e9tation luxuriante.<\/p>\n<p>Enfin, vous traverserez le \u00abPaseo de las Palmeras\u00bb. Cela va de la \u00abPlaza de Africa\u00bb \u00e0 proximit\u00e9 du Puente del Cristo \u00e0 la \u00abPlaza de la Constituci\u00f3n\u00bb. Vous admirerez la vue imprenable qu&#8217;offre cette promenade c\u00f4ti\u00e8re.<\/p>\n<p>D\u00e9couvrez nos visites priv\u00e9es de Ceuta ici!<\/p>\n","protected":false},"excerpt":{"rendered":"<p>Plongez dans une aventure qui vous permettra de visiter une ville espagnole de la c\u00f4te nord de l&#8217;Afrique, gr\u00e2ce \u00e0 notre visite priv\u00e9e \u00e0 pied de 2 heures \u00e0 Ceuta.<\/p>\n","protected":false},"featured_media":97587,"comment_status":"open","ping_status":"closed","template":"","meta":{"_acf_changed":false},"product_brand":[],"product_cat":[3577],"product_tag":[],"class_list":{"0":"post-99228","1":"product","2":"type-product","3":"status-publish","4":"has-post-thumbnail","6":"product_cat-ceuta-fr","8":"first","9":"instock","10":"shipping-taxable","11":"purchasable","12":"product-type-simple"},"acf":[],"yoast_head":"<!-- This site is optimized with the Yoast SEO Premium plugin v25.3.1 (Yoast SEO v25.3.1) - https:\/\/yoast.com\/wordpress\/plugins\/seo\/ -->\n<title>Visite priv\u00e9e \u00e0 pied de Ceuta - Guide touristique officiel priv\u00e9<\/title>\n<meta name=\"description\" content=\"Plongez dans une aventure qui vous permettra de visiter une ville espagnole de la c\u00f4te nord de l&#039;Afrique, gr\u00e2ce \u00e0 notre visite priv\u00e9e \u00e0 pied de 2 heures \u00e0 Ceuta.\" \/>\n<meta name=\"robots\" content=\"index, follow, max-snippet:-1, max-image-preview:large, max-video-preview:-1\" \/>\n<link rel=\"canonical\" href=\"https:\/\/tourtravelandmore.com\/fr\/tours\/espagne-fr\/ceuta-fr\/visite-a-pied-privee-de-ceuta\/\" \/>\n<meta property=\"og:locale\" content=\"fr_FR\" \/>\n<meta property=\"og:type\" content=\"article\" \/>\n<meta property=\"og:title\" content=\"Visite \u00e0 pied priv\u00e9e de Ceuta\" \/>\n<meta property=\"og:description\" content=\"Plongez dans une aventure qui vous permettra de visiter une ville espagnole de la c\u00f4te nord de l&#039;Afrique, gr\u00e2ce \u00e0 notre visite priv\u00e9e \u00e0 pied de 2 heures \u00e0 Ceuta.\" \/>\n<meta property=\"og:url\" content=\"https:\/\/tourtravelandmore.com\/fr\/tours\/espagne-fr\/ceuta-fr\/visite-a-pied-privee-de-ceuta\/\" \/>\n<meta property=\"og:site_name\" content=\"Tour Travel And More\" \/>\n<meta property=\"article:publisher\" content=\"https:\/\/www.facebook.com\/tourtravelandmore\/\" \/>\n<meta property=\"article:modified_time\" content=\"2021-02-15T20:05:21+00:00\" \/>\n<meta property=\"og:image\" content=\"https:\/\/tourtravelandmore.com\/wp-content\/uploads\/2020\/05\/ceuta-1-scaled.jpg\" \/>\n\t<meta property=\"og:image:width\" content=\"2560\" \/>\n\t<meta property=\"og:image:height\" content=\"2059\" \/>\n\t<meta property=\"og:image:type\" content=\"image\/jpeg\" \/>\n<meta name=\"twitter:card\" content=\"summary_large_image\" \/>\n<meta name=\"twitter:site\" content=\"@TourTravel_More\" \/>\n<meta name=\"twitter:label1\" content=\"Dur\u00e9e de lecture estim\u00e9e\" \/>\n\t<meta name=\"twitter:data1\" content=\"2 minutes\" \/>\n<script type=\"application\/ld+json\" class=\"yoast-schema-graph\">{\"@context\":\"https:\/\/schema.org\",\"@graph\":[{\"@type\":\"WebPage\",\"@id\":\"https:\/\/tourtravelandmore.com\/fr\/tours\/espagne-fr\/ceuta-fr\/visite-a-pied-privee-de-ceuta\/\",\"url\":\"https:\/\/tourtravelandmore.com\/fr\/tours\/espagne-fr\/ceuta-fr\/visite-a-pied-privee-de-ceuta\/\",\"name\":\"Visite priv\u00e9e \u00e0 pied de Ceuta - Guide touristique officiel priv\u00e9\",\"isPartOf\":{\"@id\":\"https:\/\/tourtravelandmore.com\/fr\/#website\"},\"primaryImageOfPage\":{\"@id\":\"https:\/\/tourtravelandmore.com\/fr\/tours\/espagne-fr\/ceuta-fr\/visite-a-pied-privee-de-ceuta\/#primaryimage\"},\"image\":{\"@id\":\"https:\/\/tourtravelandmore.com\/fr\/tours\/espagne-fr\/ceuta-fr\/visite-a-pied-privee-de-ceuta\/#primaryimage\"},\"thumbnailUrl\":\"https:\/\/tourtravelandmore.com\/wp-content\/uploads\/2020\/05\/ceuta-1-scaled.jpg\",\"datePublished\":\"2020-05-22T09:05:32+00:00\",\"dateModified\":\"2021-02-15T20:05:21+00:00\",\"description\":\"Plongez dans une aventure qui vous permettra de visiter une ville espagnole de la c\u00f4te nord de l'Afrique, gr\u00e2ce \u00e0 notre visite priv\u00e9e \u00e0 pied de 2 heures \u00e0 Ceuta.\",\"breadcrumb\":{\"@id\":\"https:\/\/tourtravelandmore.com\/fr\/tours\/espagne-fr\/ceuta-fr\/visite-a-pied-privee-de-ceuta\/#breadcrumb\"},\"inLanguage\":\"fr-FR\",\"potentialAction\":[{\"@type\":\"ReadAction\",\"target\":[\"https:\/\/tourtravelandmore.com\/fr\/tours\/espagne-fr\/ceuta-fr\/visite-a-pied-privee-de-ceuta\/\"]}]},{\"@type\":\"ImageObject\",\"inLanguage\":\"fr-FR\",\"@id\":\"https:\/\/tourtravelandmore.com\/fr\/tours\/espagne-fr\/ceuta-fr\/visite-a-pied-privee-de-ceuta\/#primaryimage\",\"url\":\"https:\/\/tourtravelandmore.com\/wp-content\/uploads\/2020\/05\/ceuta-1-scaled.jpg\",\"contentUrl\":\"https:\/\/tourtravelandmore.com\/wp-content\/uploads\/2020\/05\/ceuta-1-scaled.jpg\",\"width\":2560,\"height\":2059},{\"@type\":\"BreadcrumbList\",\"@id\":\"https:\/\/tourtravelandmore.com\/fr\/tours\/espagne-fr\/ceuta-fr\/visite-a-pied-privee-de-ceuta\/#breadcrumb\",\"itemListElement\":[{\"@type\":\"ListItem\",\"position\":1,\"name\":\"Home\",\"item\":\"https:\/\/tourtravelandmore.com\/fr\/\"},{\"@type\":\"ListItem\",\"position\":2,\"name\":\"Tours\",\"item\":\"https:\/\/tourtravelandmore.com\/fr\/tours\/\"},{\"@type\":\"ListItem\",\"position\":3,\"name\":\"Visite \u00e0 pied priv\u00e9e de Ceuta\"}]},{\"@type\":\"WebSite\",\"@id\":\"https:\/\/tourtravelandmore.com\/fr\/#website\",\"url\":\"https:\/\/tourtravelandmore.com\/fr\/\",\"name\":\"Tour Travel And More\",\"description\":\"Private sightseeing tours and luxury transfers in Spain\",\"publisher\":{\"@id\":\"https:\/\/tourtravelandmore.com\/fr\/#organization\"},\"potentialAction\":[{\"@type\":\"SearchAction\",\"target\":{\"@type\":\"EntryPoint\",\"urlTemplate\":\"https:\/\/tourtravelandmore.com\/fr\/?s={search_term_string}\"},\"query-input\":{\"@type\":\"PropertyValueSpecification\",\"valueRequired\":true,\"valueName\":\"search_term_string\"}}],\"inLanguage\":\"fr-FR\"},{\"@type\":\"Organization\",\"@id\":\"https:\/\/tourtravelandmore.com\/fr\/#organization\",\"name\":\"Tour Travel And More\",\"url\":\"https:\/\/tourtravelandmore.com\/fr\/\",\"logo\":{\"@type\":\"ImageObject\",\"inLanguage\":\"fr-FR\",\"@id\":\"https:\/\/tourtravelandmore.com\/fr\/#\/schema\/logo\/image\/\",\"url\":\"https:\/\/tourtravelandmore.com\/wp-content\/uploads\/2022\/12\/cropped-logo-cabecera-new.png\",\"contentUrl\":\"https:\/\/tourtravelandmore.com\/wp-content\/uploads\/2022\/12\/cropped-logo-cabecera-new.png\",\"width\":430,\"height\":61,\"caption\":\"Tour Travel And More\"},\"image\":{\"@id\":\"https:\/\/tourtravelandmore.com\/fr\/#\/schema\/logo\/image\/\"},\"sameAs\":[\"https:\/\/www.facebook.com\/tourtravelandmore\/\",\"https:\/\/x.com\/TourTravel_More\"]}]}<\/script>\n<!-- \/ Yoast SEO Premium plugin. -->","yoast_head_json":{"title":"Visite priv\u00e9e \u00e0 pied de Ceuta - Guide touristique officiel priv\u00e9","description":"Plongez dans une aventure qui vous permettra de visiter une ville espagnole de la c\u00f4te nord de l'Afrique, gr\u00e2ce \u00e0 notre visite priv\u00e9e \u00e0 pied de 2 heures \u00e0 Ceuta.","robots":{"index":"index","follow":"follow","max-snippet":"max-snippet:-1","max-image-preview":"max-image-preview:large","max-video-preview":"max-video-preview:-1"},"canonical":"https:\/\/tourtravelandmore.com\/fr\/tours\/espagne-fr\/ceuta-fr\/visite-a-pied-privee-de-ceuta\/","og_locale":"fr_FR","og_type":"article","og_title":"Visite \u00e0 pied priv\u00e9e de Ceuta","og_description":"Plongez dans une aventure qui vous permettra de visiter une ville espagnole de la c\u00f4te nord de l'Afrique, gr\u00e2ce \u00e0 notre visite priv\u00e9e \u00e0 pied de 2 heures \u00e0 Ceuta.","og_url":"https:\/\/tourtravelandmore.com\/fr\/tours\/espagne-fr\/ceuta-fr\/visite-a-pied-privee-de-ceuta\/","og_site_name":"Tour Travel And More","article_publisher":"https:\/\/www.facebook.com\/tourtravelandmore\/","article_modified_time":"2021-02-15T20:05:21+00:00","og_image":[{"width":2560,"height":2059,"url":"https:\/\/tourtravelandmore.com\/wp-content\/uploads\/2020\/05\/ceuta-1-scaled.jpg","type":"image\/jpeg"}],"twitter_card":"summary_large_image","twitter_site":"@TourTravel_More","twitter_misc":{"Dur\u00e9e de lecture estim\u00e9e":"2 minutes"},"schema":{"@context":"https:\/\/schema.org","@graph":[{"@type":"WebPage","@id":"https:\/\/tourtravelandmore.com\/fr\/tours\/espagne-fr\/ceuta-fr\/visite-a-pied-privee-de-ceuta\/","url":"https:\/\/tourtravelandmore.com\/fr\/tours\/espagne-fr\/ceuta-fr\/visite-a-pied-privee-de-ceuta\/","name":"Visite priv\u00e9e \u00e0 pied de Ceuta - Guide touristique officiel priv\u00e9","isPartOf":{"@id":"https:\/\/tourtravelandmore.com\/fr\/#website"},"primaryImageOfPage":{"@id":"https:\/\/tourtravelandmore.com\/fr\/tours\/espagne-fr\/ceuta-fr\/visite-a-pied-privee-de-ceuta\/#primaryimage"},"image":{"@id":"https:\/\/tourtravelandmore.com\/fr\/tours\/espagne-fr\/ceuta-fr\/visite-a-pied-privee-de-ceuta\/#primaryimage"},"thumbnailUrl":"https:\/\/tourtravelandmore.com\/wp-content\/uploads\/2020\/05\/ceuta-1-scaled.jpg","datePublished":"2020-05-22T09:05:32+00:00","dateModified":"2021-02-15T20:05:21+00:00","description":"Plongez dans une aventure qui vous permettra de visiter une ville espagnole de la c\u00f4te nord de l'Afrique, gr\u00e2ce \u00e0 notre visite priv\u00e9e \u00e0 pied de 2 heures \u00e0 Ceuta.","breadcrumb":{"@id":"https:\/\/tourtravelandmore.com\/fr\/tours\/espagne-fr\/ceuta-fr\/visite-a-pied-privee-de-ceuta\/#breadcrumb"},"inLanguage":"fr-FR","potentialAction":[{"@type":"ReadAction","target":["https:\/\/tourtravelandmore.com\/fr\/tours\/espagne-fr\/ceuta-fr\/visite-a-pied-privee-de-ceuta\/"]}]},{"@type":"ImageObject","inLanguage":"fr-FR","@id":"https:\/\/tourtravelandmore.com\/fr\/tours\/espagne-fr\/ceuta-fr\/visite-a-pied-privee-de-ceuta\/#primaryimage","url":"https:\/\/tourtravelandmore.com\/wp-content\/uploads\/2020\/05\/ceuta-1-scaled.jpg","contentUrl":"https:\/\/tourtravelandmore.com\/wp-content\/uploads\/2020\/05\/ceuta-1-scaled.jpg","width":2560,"height":2059},{"@type":"BreadcrumbList","@id":"https:\/\/tourtravelandmore.com\/fr\/tours\/espagne-fr\/ceuta-fr\/visite-a-pied-privee-de-ceuta\/#breadcrumb","itemListElement":[{"@type":"ListItem","position":1,"name":"Home","item":"https:\/\/tourtravelandmore.com\/fr\/"},{"@type":"ListItem","position":2,"name":"Tours","item":"https:\/\/tourtravelandmore.com\/fr\/tours\/"},{"@type":"ListItem","position":3,"name":"Visite \u00e0 pied priv\u00e9e de Ceuta"}]},{"@type":"WebSite","@id":"https:\/\/tourtravelandmore.com\/fr\/#website","url":"https:\/\/tourtravelandmore.com\/fr\/","name":"Tour Travel And More","description":"Private sightseeing tours and luxury transfers in Spain","publisher":{"@id":"https:\/\/tourtravelandmore.com\/fr\/#organization"},"potentialAction":[{"@type":"SearchAction","target":{"@type":"EntryPoint","urlTemplate":"https:\/\/tourtravelandmore.com\/fr\/?s={search_term_string}"},"query-input":{"@type":"PropertyValueSpecification","valueRequired":true,"valueName":"search_term_string"}}],"inLanguage":"fr-FR"},{"@type":"Organization","@id":"https:\/\/tourtravelandmore.com\/fr\/#organization","name":"Tour Travel And More","url":"https:\/\/tourtravelandmore.com\/fr\/","logo":{"@type":"ImageObject","inLanguage":"fr-FR","@id":"https:\/\/tourtravelandmore.com\/fr\/#\/schema\/logo\/image\/","url":"https:\/\/tourtravelandmore.com\/wp-content\/uploads\/2022\/12\/cropped-logo-cabecera-new.png","contentUrl":"https:\/\/tourtravelandmore.com\/wp-content\/uploads\/2022\/12\/cropped-logo-cabecera-new.png","width":430,"height":61,"caption":"Tour Travel And More"},"image":{"@id":"https:\/\/tourtravelandmore.com\/fr\/#\/schema\/logo\/image\/"},"sameAs":["https:\/\/www.facebook.com\/tourtravelandmore\/","https:\/\/x.com\/TourTravel_More"]}]}},"_links":{"self":[{"href":"https:\/\/tourtravelandmore.com\/fr\/wp-json\/wp\/v2\/product\/99228","targetHints":{"allow":["GET"]}}],"collection":[{"href":"https:\/\/tourtravelandmore.com\/fr\/wp-json\/wp\/v2\/product"}],"about":[{"href":"https:\/\/tourtravelandmore.com\/fr\/wp-json\/wp\/v2\/types\/product"}],"replies":[{"embeddable":true,"href":"https:\/\/tourtravelandmore.com\/fr\/wp-json\/wp\/v2\/comments?post=99228"}],"wp:featuredmedia":[{"embeddable":true,"href":"https:\/\/tourtravelandmore.com\/fr\/wp-json\/wp\/v2\/media\/97587"}],"wp:attachment":[{"href":"https:\/\/tourtravelandmore.com\/fr\/wp-json\/wp\/v2\/media?parent=99228"}],"wp:term":[{"taxonomy":"product_brand","embeddable":true,"href":"https:\/\/tourtravelandmore.com\/fr\/wp-json\/wp\/v2\/product_brand?post=99228"},{"taxonomy":"product_cat","embeddable":true,"href":"https:\/\/tourtravelandmore.com\/fr\/wp-json\/wp\/v2\/product_cat?post=99228"},{"taxonomy":"product_tag","embeddable":true,"href":"https:\/\/tourtravelandmore.com\/fr\/wp-json\/wp\/v2\/product_tag?post=99228"}],"curies":[{"name":"wp","href":"https:\/\/api.w.org\/{rel}","templated":true}]}}