{"id":99223,"date":"2020-07-27T10:48:05","date_gmt":"2020-07-27T08:48:05","guid":{"rendered":"https:\/\/tourtravelandmore.com\/tours\/non class\u00e9\/transfert-prive-a-fuerteventura\/"},"modified":"2020-07-27T10:48:05","modified_gmt":"2020-07-27T08:48:05","slug":"transfert-prive-a-fuerteventura","status":"publish","type":"product","link":"https:\/\/tourtravelandmore.com\/fr\/tours\/espagne-fr\/fuerteventura-fr-fr\/transfert-prive-a-fuerteventura\/","title":{"rendered":"Transfert priv\u00e9 \u00e0 Fuerteventura"},"content":{"rendered":"<h2>Description<\/h2>\n<p>Un transfert priv\u00e9 est le moyen le plus simple de se rendre d&#8217;un endroit \u00e0 un autre. Ce transfert priv\u00e9 \u00e0 Fuerteventura est l&#8217;option parfaite pour ce transfert facile.<\/p>\n<p>Prenez notre transfert avec une prise en charge confortable depuis n&#8217;importe quel endroit. Ce transfert peut se faire depuis l&#8217;a\u00e9roport, le port de croisi\u00e8re, un port, un h\u00f4tel ou un appartement. Nous pouvons vous emmener \u00e0 n&#8217;importe quel autre endroit de l&#8217;\u00eele.<\/p>\n<p>Pour nos transferts priv\u00e9s, nous pouvons les organiser \u00e9galement pour le d\u00eener ou les transferts sur la plage. D&#8217;un autre c\u00f4t\u00e9, nous pouvons organiser des dispositions priv\u00e9es pour passer la journ\u00e9e \u00e0 la plage ou d\u00e9couvrir l&#8217;int\u00e9rieur de l&#8217;\u00eele. Nos chauffeurs sont \u00e0 votre disposition pour des exp\u00e9riences uniques.<\/p>\n<p>Nous ne limitons pas le nombre de bagages mais nous organisons 1 bagage par personne. Si vous avez plus de bagages par personne, veuillez nous en informer au pr\u00e9alable car nous devrons modifier le v\u00e9hicule et le prix correspondant.<\/p>\n<h2>Sites d&#8217;int\u00e9r\u00eat et monuments<\/h2>\n<p>Fuerteventura, l&#8217;une des \u00eeles Canaries, est situ\u00e9e dans l&#8217;oc\u00e9an Atlantique. Il fait partie de la r\u00e9gion de l&#8217;Afrique du Nord et c&#8217;est une \u00eele espagnole. Il a plus de 1660 kilom\u00e8tres carr\u00e9s. La capitale de Fuertevenutra est Puerto del Rosario. Fuerteventura est la deuxi\u00e8me plus grande \u00eele des \u00eeles Canaries.<\/p>\n<p>Fuerteventura a \u00e9t\u00e9 d\u00e9clar\u00e9e r\u00e9serve de biosph\u00e8re par l&#8217;UNESCO en mai 2009. C&#8217;est une destination professionnelle de premier ordre. Profitez des nombreuses plages ainsi que des villages de p\u00eacheurs et des villes de l&#8217;int\u00e9rieur. Fuerteventura est vraiment une \u00eele unique pour passer une semaine et d\u00e9couvrir tous ses joyaux cach\u00e9s!<\/p>\n<p>Demandez \u00e0 notre chauffeur priv\u00e9 de vous emmener dans ce transfert priv\u00e9 de Fuerteventura pour vous rendre rapidement \u00e0 votre destination finale!<\/p>\n<p>D\u00e9couvrez ici nos visites priv\u00e9es de Fuerteventura.<\/p>\n","protected":false},"excerpt":{"rendered":"<p>Profitez de cette occasion pour profiter de cette fa\u00e7on confortable d&#8217;arriver \u00e0 votre destination finale \u00e0 Fuerteventura. Vous disposerez de votre propre v\u00e9hicule de luxe priv\u00e9 avec chauffeur pour vous conduire rapidement et confortablement \u00e0 l&#8217;emplacement de votre choix. La prise en charge peut se faire \u00e0 l&#8217;h\u00f4tel, \u00e0 l&#8217;a\u00e9roport, \u00e0 la gare ou au lieu de votre choix dans l&#8217;\u00eele.<\/p>\n","protected":false},"featured_media":95791,"comment_status":"open","ping_status":"closed","template":"","meta":{"_acf_changed":false},"product_brand":[],"product_cat":[3575],"product_tag":[],"class_list":{"0":"post-99223","1":"product","2":"type-product","3":"status-publish","4":"has-post-thumbnail","6":"product_cat-fuerteventura-fr-fr","8":"first","9":"instock","10":"shipping-taxable","11":"purchasable","12":"product-type-simple"},"acf":[],"yoast_head":"<!-- This site is optimized with the Yoast SEO Premium plugin v25.3.1 (Yoast SEO v25.3.1) - https:\/\/yoast.com\/wordpress\/plugins\/seo\/ -->\n<title>Transfert priv\u00e9 \u00e0 Fuerteventura - Chauffeur priv\u00e9 avec v\u00e9hicule<\/title>\n<meta name=\"description\" content=\"Transfert priv\u00e9 \u00e0 Fuerteventura. Transfert de l&#039;a\u00e9roport ou du port de croisi\u00e8re \u00e0 n&#039;importe quel endroit. Nous pouvons \u00e9galement organiser des dispositions de plage priv\u00e9e.\" \/>\n<meta name=\"robots\" content=\"index, follow, max-snippet:-1, max-image-preview:large, max-video-preview:-1\" \/>\n<link rel=\"canonical\" href=\"https:\/\/tourtravelandmore.com\/fr\/tours\/espagne-fr\/fuerteventura-fr-fr\/transfert-prive-a-fuerteventura\/\" \/>\n<meta property=\"og:locale\" content=\"fr_FR\" \/>\n<meta property=\"og:type\" content=\"article\" \/>\n<meta property=\"og:title\" content=\"Transfert priv\u00e9 \u00e0 Fuerteventura\" \/>\n<meta property=\"og:description\" content=\"Transfert priv\u00e9 \u00e0 Fuerteventura. Transfert de l&#039;a\u00e9roport ou du port de croisi\u00e8re \u00e0 n&#039;importe quel endroit. Nous pouvons \u00e9galement organiser des dispositions de plage priv\u00e9e.\" \/>\n<meta property=\"og:url\" content=\"https:\/\/tourtravelandmore.com\/fr\/tours\/espagne-fr\/fuerteventura-fr-fr\/transfert-prive-a-fuerteventura\/\" \/>\n<meta property=\"og:site_name\" content=\"Tour Travel And More\" \/>\n<meta property=\"article:publisher\" content=\"https:\/\/www.facebook.com\/tourtravelandmore\/\" \/>\n<meta property=\"og:image\" content=\"https:\/\/tourtravelandmore.com\/wp-content\/uploads\/2016\/11\/Luxurycar.jpg\" \/>\n\t<meta property=\"og:image:width\" content=\"800\" \/>\n\t<meta property=\"og:image:height\" content=\"500\" \/>\n\t<meta property=\"og:image:type\" content=\"image\/jpeg\" \/>\n<meta name=\"twitter:card\" content=\"summary_large_image\" \/>\n<meta name=\"twitter:site\" content=\"@TourTravel_More\" \/>\n<meta name=\"twitter:label1\" content=\"Dur\u00e9e de lecture estim\u00e9e\" \/>\n\t<meta name=\"twitter:data1\" content=\"2 minutes\" \/>\n<script type=\"application\/ld+json\" class=\"yoast-schema-graph\">{\"@context\":\"https:\/\/schema.org\",\"@graph\":[{\"@type\":\"WebPage\",\"@id\":\"https:\/\/tourtravelandmore.com\/fr\/tours\/espagne-fr\/fuerteventura-fr-fr\/transfert-prive-a-fuerteventura\/\",\"url\":\"https:\/\/tourtravelandmore.com\/fr\/tours\/espagne-fr\/fuerteventura-fr-fr\/transfert-prive-a-fuerteventura\/\",\"name\":\"Transfert priv\u00e9 \u00e0 Fuerteventura - Chauffeur priv\u00e9 avec v\u00e9hicule\",\"isPartOf\":{\"@id\":\"https:\/\/tourtravelandmore.com\/fr\/#website\"},\"primaryImageOfPage\":{\"@id\":\"https:\/\/tourtravelandmore.com\/fr\/tours\/espagne-fr\/fuerteventura-fr-fr\/transfert-prive-a-fuerteventura\/#primaryimage\"},\"image\":{\"@id\":\"https:\/\/tourtravelandmore.com\/fr\/tours\/espagne-fr\/fuerteventura-fr-fr\/transfert-prive-a-fuerteventura\/#primaryimage\"},\"thumbnailUrl\":\"https:\/\/tourtravelandmore.com\/wp-content\/uploads\/2016\/11\/Luxurycar.jpg\",\"datePublished\":\"2020-07-27T08:48:05+00:00\",\"description\":\"Transfert priv\u00e9 \u00e0 Fuerteventura. Transfert de l'a\u00e9roport ou du port de croisi\u00e8re \u00e0 n'importe quel endroit. Nous pouvons \u00e9galement organiser des dispositions de plage priv\u00e9e.\",\"breadcrumb\":{\"@id\":\"https:\/\/tourtravelandmore.com\/fr\/tours\/espagne-fr\/fuerteventura-fr-fr\/transfert-prive-a-fuerteventura\/#breadcrumb\"},\"inLanguage\":\"fr-FR\",\"potentialAction\":[{\"@type\":\"ReadAction\",\"target\":[\"https:\/\/tourtravelandmore.com\/fr\/tours\/espagne-fr\/fuerteventura-fr-fr\/transfert-prive-a-fuerteventura\/\"]}]},{\"@type\":\"ImageObject\",\"inLanguage\":\"fr-FR\",\"@id\":\"https:\/\/tourtravelandmore.com\/fr\/tours\/espagne-fr\/fuerteventura-fr-fr\/transfert-prive-a-fuerteventura\/#primaryimage\",\"url\":\"https:\/\/tourtravelandmore.com\/wp-content\/uploads\/2016\/11\/Luxurycar.jpg\",\"contentUrl\":\"https:\/\/tourtravelandmore.com\/wp-content\/uploads\/2016\/11\/Luxurycar.jpg\",\"width\":800,\"height\":500},{\"@type\":\"BreadcrumbList\",\"@id\":\"https:\/\/tourtravelandmore.com\/fr\/tours\/espagne-fr\/fuerteventura-fr-fr\/transfert-prive-a-fuerteventura\/#breadcrumb\",\"itemListElement\":[{\"@type\":\"ListItem\",\"position\":1,\"name\":\"Home\",\"item\":\"https:\/\/tourtravelandmore.com\/fr\/\"},{\"@type\":\"ListItem\",\"position\":2,\"name\":\"Tours\",\"item\":\"https:\/\/tourtravelandmore.com\/fr\/tours\/\"},{\"@type\":\"ListItem\",\"position\":3,\"name\":\"Transfert priv\u00e9 \u00e0 Fuerteventura\"}]},{\"@type\":\"WebSite\",\"@id\":\"https:\/\/tourtravelandmore.com\/fr\/#website\",\"url\":\"https:\/\/tourtravelandmore.com\/fr\/\",\"name\":\"Tour Travel And More\",\"description\":\"Private sightseeing tours and luxury transfers in Spain\",\"publisher\":{\"@id\":\"https:\/\/tourtravelandmore.com\/fr\/#organization\"},\"potentialAction\":[{\"@type\":\"SearchAction\",\"target\":{\"@type\":\"EntryPoint\",\"urlTemplate\":\"https:\/\/tourtravelandmore.com\/fr\/?s={search_term_string}\"},\"query-input\":{\"@type\":\"PropertyValueSpecification\",\"valueRequired\":true,\"valueName\":\"search_term_string\"}}],\"inLanguage\":\"fr-FR\"},{\"@type\":\"Organization\",\"@id\":\"https:\/\/tourtravelandmore.com\/fr\/#organization\",\"name\":\"Tour Travel And More\",\"url\":\"https:\/\/tourtravelandmore.com\/fr\/\",\"logo\":{\"@type\":\"ImageObject\",\"inLanguage\":\"fr-FR\",\"@id\":\"https:\/\/tourtravelandmore.com\/fr\/#\/schema\/logo\/image\/\",\"url\":\"https:\/\/tourtravelandmore.com\/wp-content\/uploads\/2022\/12\/cropped-logo-cabecera-new.png\",\"contentUrl\":\"https:\/\/tourtravelandmore.com\/wp-content\/uploads\/2022\/12\/cropped-logo-cabecera-new.png\",\"width\":430,\"height\":61,\"caption\":\"Tour Travel And More\"},\"image\":{\"@id\":\"https:\/\/tourtravelandmore.com\/fr\/#\/schema\/logo\/image\/\"},\"sameAs\":[\"https:\/\/www.facebook.com\/tourtravelandmore\/\",\"https:\/\/x.com\/TourTravel_More\"]}]}<\/script>\n<!-- \/ Yoast SEO Premium plugin. -->","yoast_head_json":{"title":"Transfert priv\u00e9 \u00e0 Fuerteventura - Chauffeur priv\u00e9 avec v\u00e9hicule","description":"Transfert priv\u00e9 \u00e0 Fuerteventura. Transfert de l'a\u00e9roport ou du port de croisi\u00e8re \u00e0 n'importe quel endroit. Nous pouvons \u00e9galement organiser des dispositions de plage priv\u00e9e.","robots":{"index":"index","follow":"follow","max-snippet":"max-snippet:-1","max-image-preview":"max-image-preview:large","max-video-preview":"max-video-preview:-1"},"canonical":"https:\/\/tourtravelandmore.com\/fr\/tours\/espagne-fr\/fuerteventura-fr-fr\/transfert-prive-a-fuerteventura\/","og_locale":"fr_FR","og_type":"article","og_title":"Transfert priv\u00e9 \u00e0 Fuerteventura","og_description":"Transfert priv\u00e9 \u00e0 Fuerteventura. Transfert de l'a\u00e9roport ou du port de croisi\u00e8re \u00e0 n'importe quel endroit. Nous pouvons \u00e9galement organiser des dispositions de plage priv\u00e9e.","og_url":"https:\/\/tourtravelandmore.com\/fr\/tours\/espagne-fr\/fuerteventura-fr-fr\/transfert-prive-a-fuerteventura\/","og_site_name":"Tour Travel And More","article_publisher":"https:\/\/www.facebook.com\/tourtravelandmore\/","og_image":[{"width":800,"height":500,"url":"https:\/\/tourtravelandmore.com\/wp-content\/uploads\/2016\/11\/Luxurycar.jpg","type":"image\/jpeg"}],"twitter_card":"summary_large_image","twitter_site":"@TourTravel_More","twitter_misc":{"Dur\u00e9e de lecture estim\u00e9e":"2 minutes"},"schema":{"@context":"https:\/\/schema.org","@graph":[{"@type":"WebPage","@id":"https:\/\/tourtravelandmore.com\/fr\/tours\/espagne-fr\/fuerteventura-fr-fr\/transfert-prive-a-fuerteventura\/","url":"https:\/\/tourtravelandmore.com\/fr\/tours\/espagne-fr\/fuerteventura-fr-fr\/transfert-prive-a-fuerteventura\/","name":"Transfert priv\u00e9 \u00e0 Fuerteventura - Chauffeur priv\u00e9 avec v\u00e9hicule","isPartOf":{"@id":"https:\/\/tourtravelandmore.com\/fr\/#website"},"primaryImageOfPage":{"@id":"https:\/\/tourtravelandmore.com\/fr\/tours\/espagne-fr\/fuerteventura-fr-fr\/transfert-prive-a-fuerteventura\/#primaryimage"},"image":{"@id":"https:\/\/tourtravelandmore.com\/fr\/tours\/espagne-fr\/fuerteventura-fr-fr\/transfert-prive-a-fuerteventura\/#primaryimage"},"thumbnailUrl":"https:\/\/tourtravelandmore.com\/wp-content\/uploads\/2016\/11\/Luxurycar.jpg","datePublished":"2020-07-27T08:48:05+00:00","description":"Transfert priv\u00e9 \u00e0 Fuerteventura. Transfert de l'a\u00e9roport ou du port de croisi\u00e8re \u00e0 n'importe quel endroit. Nous pouvons \u00e9galement organiser des dispositions de plage priv\u00e9e.","breadcrumb":{"@id":"https:\/\/tourtravelandmore.com\/fr\/tours\/espagne-fr\/fuerteventura-fr-fr\/transfert-prive-a-fuerteventura\/#breadcrumb"},"inLanguage":"fr-FR","potentialAction":[{"@type":"ReadAction","target":["https:\/\/tourtravelandmore.com\/fr\/tours\/espagne-fr\/fuerteventura-fr-fr\/transfert-prive-a-fuerteventura\/"]}]},{"@type":"ImageObject","inLanguage":"fr-FR","@id":"https:\/\/tourtravelandmore.com\/fr\/tours\/espagne-fr\/fuerteventura-fr-fr\/transfert-prive-a-fuerteventura\/#primaryimage","url":"https:\/\/tourtravelandmore.com\/wp-content\/uploads\/2016\/11\/Luxurycar.jpg","contentUrl":"https:\/\/tourtravelandmore.com\/wp-content\/uploads\/2016\/11\/Luxurycar.jpg","width":800,"height":500},{"@type":"BreadcrumbList","@id":"https:\/\/tourtravelandmore.com\/fr\/tours\/espagne-fr\/fuerteventura-fr-fr\/transfert-prive-a-fuerteventura\/#breadcrumb","itemListElement":[{"@type":"ListItem","position":1,"name":"Home","item":"https:\/\/tourtravelandmore.com\/fr\/"},{"@type":"ListItem","position":2,"name":"Tours","item":"https:\/\/tourtravelandmore.com\/fr\/tours\/"},{"@type":"ListItem","position":3,"name":"Transfert priv\u00e9 \u00e0 Fuerteventura"}]},{"@type":"WebSite","@id":"https:\/\/tourtravelandmore.com\/fr\/#website","url":"https:\/\/tourtravelandmore.com\/fr\/","name":"Tour Travel And More","description":"Private sightseeing tours and luxury transfers in Spain","publisher":{"@id":"https:\/\/tourtravelandmore.com\/fr\/#organization"},"potentialAction":[{"@type":"SearchAction","target":{"@type":"EntryPoint","urlTemplate":"https:\/\/tourtravelandmore.com\/fr\/?s={search_term_string}"},"query-input":{"@type":"PropertyValueSpecification","valueRequired":true,"valueName":"search_term_string"}}],"inLanguage":"fr-FR"},{"@type":"Organization","@id":"https:\/\/tourtravelandmore.com\/fr\/#organization","name":"Tour Travel And More","url":"https:\/\/tourtravelandmore.com\/fr\/","logo":{"@type":"ImageObject","inLanguage":"fr-FR","@id":"https:\/\/tourtravelandmore.com\/fr\/#\/schema\/logo\/image\/","url":"https:\/\/tourtravelandmore.com\/wp-content\/uploads\/2022\/12\/cropped-logo-cabecera-new.png","contentUrl":"https:\/\/tourtravelandmore.com\/wp-content\/uploads\/2022\/12\/cropped-logo-cabecera-new.png","width":430,"height":61,"caption":"Tour Travel And More"},"image":{"@id":"https:\/\/tourtravelandmore.com\/fr\/#\/schema\/logo\/image\/"},"sameAs":["https:\/\/www.facebook.com\/tourtravelandmore\/","https:\/\/x.com\/TourTravel_More"]}]}},"_links":{"self":[{"href":"https:\/\/tourtravelandmore.com\/fr\/wp-json\/wp\/v2\/product\/99223","targetHints":{"allow":["GET"]}}],"collection":[{"href":"https:\/\/tourtravelandmore.com\/fr\/wp-json\/wp\/v2\/product"}],"about":[{"href":"https:\/\/tourtravelandmore.com\/fr\/wp-json\/wp\/v2\/types\/product"}],"replies":[{"embeddable":true,"href":"https:\/\/tourtravelandmore.com\/fr\/wp-json\/wp\/v2\/comments?post=99223"}],"wp:featuredmedia":[{"embeddable":true,"href":"https:\/\/tourtravelandmore.com\/fr\/wp-json\/wp\/v2\/media\/95791"}],"wp:attachment":[{"href":"https:\/\/tourtravelandmore.com\/fr\/wp-json\/wp\/v2\/media?parent=99223"}],"wp:term":[{"taxonomy":"product_brand","embeddable":true,"href":"https:\/\/tourtravelandmore.com\/fr\/wp-json\/wp\/v2\/product_brand?post=99223"},{"taxonomy":"product_cat","embeddable":true,"href":"https:\/\/tourtravelandmore.com\/fr\/wp-json\/wp\/v2\/product_cat?post=99223"},{"taxonomy":"product_tag","embeddable":true,"href":"https:\/\/tourtravelandmore.com\/fr\/wp-json\/wp\/v2\/product_tag?post=99223"}],"curies":[{"name":"wp","href":"https:\/\/api.w.org\/{rel}","templated":true}]}}