{"id":99218,"date":"2020-07-27T10:22:01","date_gmt":"2020-07-27T08:22:01","guid":{"rendered":"https:\/\/tourtravelandmore.com\/tours\/non class\u00e9\/prive-la-oliva-betancuria-visite-de-corralejo\/"},"modified":"2020-07-27T10:22:01","modified_gmt":"2020-07-27T08:22:01","slug":"prive-la-oliva-betancuria-visite-de-corralejo","status":"publish","type":"product","link":"https:\/\/tourtravelandmore.com\/fr\/tours\/espagne-fr\/fuerteventura-fr-fr\/prive-la-oliva-betancuria-visite-de-corralejo\/","title":{"rendered":"Priv\u00e9 La Oliva, Betancuria &#038; Visite de Corralejo"},"content":{"rendered":"<h2>Description<\/h2>\n<p>Faites notre visite priv\u00e9e de Fuerteventura pour profiter de parties uniques de l&#8217;\u00eele. Profitez de La Oliva, Betancuria et Corralejo. Ce sont des endroits merveilleux sur l&#8217;\u00eele de Fuerteventura.<\/p>\n<p>Pour cette visite priv\u00e9e, notre chauffeur-guide vous attendra \u00e0 votre h\u00f4tel pour une prise en charge confortable et facile. Si vous s\u00e9journez \u00e0 un autre endroit, veuillez nous en informer. Notre prise en charge peut se faire depuis un h\u00f4tel, un appartement ou le port de croisi\u00e8re.<\/p>\n<p>Selon l&#8217;endroit o\u00f9 vous vous trouvez, l&#8217;itin\u00e9raire exact et l&#8217;ordre des emplacements varieront. Apr\u00e8s votre prise en charge, nous commencerons cette visite priv\u00e9e.<\/p>\n<p>Nous visiterons les trois sites. Vous aurez le temps de d\u00e9couvrir Betancuria, la Oliva et Corralejo. Vous aurez \u00e9galement du temps libre pour profiter d&#8217;un bref d\u00e9jeuner.<\/p>\n<p>Apr\u00e8s cela, notre chauffeur-guide exclusif vous ram\u00e8nera au point de d\u00e9part de la visite.<\/p>\n<h2>Sites d&#8217;int\u00e9r\u00eat et monuments<\/h2>\n<p>Tout d&#8217;abord, cette visite priv\u00e9e de Fuerteventura commencera \u00e0 l&#8217;endroit souhait\u00e9. Nous commencerons ensuite cette visite priv\u00e9e.<\/p>\n<p>Fuerteventura est une \u00eele unique, et il y a vraiment beaucoup \u00e0 appr\u00e9cier. De plus, profitez de cette visite priv\u00e9e qui comprendra la visite de La Oliva, Corralejo et Betancuria.<\/p>\n<p>Voici les d\u00e9tails des emplacements sur l&#8217;\u00eele de Fuerteventura;<\/p>\n<ul>\n<li>Betancuria: Betancuria est un village de Fuerteventura. Ce petit village se trouve dans la partie ouest de Fuerteventura. Betancuria est une r\u00e9gion montagneuse unique et une belle ville. Ce village est situ\u00e9 dans la province de Las Palmas.<\/li>\n<li>La Oliva: La Olvia est une belle ville int\u00e9rieure de Fuerteventura. Cette ville est c\u00e9l\u00e8bre et connue pour sa maison des colonels. C&#8217;est un b\u00e2timent du 18\u00e8me si\u00e8cle avec des tours cr\u00e9nel\u00e9es. Dans la municipalit\u00e9 comprend \u00e9galement l&#8217;\u00eele de Lobos. La plus grande ville de la municipalit\u00e9 est Corralejo.<\/li>\n<li>Corralejo: Corralejo est une station baln\u00e9aire et c\u00f4ti\u00e8re. Il est situ\u00e9 sur la pointe nord de l&#8217;\u00eele de Fuerteventura. Cette ville a vue sur l&#8217;oc\u00e9an Atlantique et de l&#8217;autre c\u00f4t\u00e9 le d\u00e9sert aride. C&#8217;\u00e9tait un village de p\u00eacheurs.<\/li>\n<\/ul>\n<p>Apr\u00e8s avoir profit\u00e9 de ces 3 villages, notre chauffeur-guide vous ram\u00e8nera \u00e0 votre h\u00f4tel ou lieu de votre choix \u00e0 Fuerteventura.<\/p>\n<p>Jetez un \u0153il et d\u00e9couvrez les autres circuits priv\u00e9s que nous proposons \u00e0 Fuerteventura. Si vous avez besoin d&#8217;un autre type de visites priv\u00e9es, veuillez nous contacter!<\/p>\n","protected":false},"excerpt":{"rendered":"<p>Profitez de l&#8217;occasion pour visiter les plus beaux endroits de Fuerteventura avec cette excursion priv\u00e9e d&#8217;une journ\u00e9e. Vous visiterez La Oliva, Betancuria et Corralejo avec votre chauffeur \/ guide priv\u00e9 dans un v\u00e9hicule de luxe priv\u00e9. Vous profiterez d&#8217;une journ\u00e9e riche en exp\u00e9riences. Nous pouvons organiser la prise en charge depuis n&#8217;importe quelle partie de l&#8217;\u00eele de Fuerteventura.<\/p>\n","protected":false},"featured_media":81772,"comment_status":"open","ping_status":"closed","template":"","meta":{"_acf_changed":false},"product_brand":[],"product_cat":[3575],"product_tag":[],"class_list":{"0":"post-99218","1":"product","2":"type-product","3":"status-publish","4":"has-post-thumbnail","6":"product_cat-fuerteventura-fr-fr","8":"first","9":"instock","10":"shipping-taxable","11":"purchasable","12":"product-type-simple"},"acf":[],"yoast_head":"<!-- This site is optimized with the Yoast SEO Premium plugin v25.3.1 (Yoast SEO v25.3.1) - https:\/\/yoast.com\/wordpress\/plugins\/seo\/ -->\n<title>Visite priv\u00e9e de Fuerteventura - chauffeur-guide priv\u00e9 pour votre visite<\/title>\n<meta name=\"description\" content=\"Visite priv\u00e9e au nord de Fuerteventura. Chauffeur-guide priv\u00e9 pendant 8 heures. Prise en charge \u00e0 n&#039;importe quel endroit de Fuerteventura. Explorez Fuerteventura\" \/>\n<meta name=\"robots\" content=\"index, follow, max-snippet:-1, max-image-preview:large, max-video-preview:-1\" \/>\n<link rel=\"canonical\" href=\"https:\/\/tourtravelandmore.com\/fr\/tours\/espagne-fr\/fuerteventura-fr-fr\/prive-la-oliva-betancuria-visite-de-corralejo\/\" \/>\n<meta property=\"og:locale\" content=\"fr_FR\" \/>\n<meta property=\"og:type\" content=\"article\" \/>\n<meta property=\"og:title\" content=\"Priv\u00e9 La Oliva, Betancuria &amp; Visite de Corralejo\" \/>\n<meta property=\"og:description\" content=\"Visite priv\u00e9e au nord de Fuerteventura. Chauffeur-guide priv\u00e9 pendant 8 heures. Prise en charge \u00e0 n&#039;importe quel endroit de Fuerteventura. Explorez Fuerteventura\" \/>\n<meta property=\"og:url\" content=\"https:\/\/tourtravelandmore.com\/fr\/tours\/espagne-fr\/fuerteventura-fr-fr\/prive-la-oliva-betancuria-visite-de-corralejo\/\" \/>\n<meta property=\"og:site_name\" content=\"Tour Travel And More\" \/>\n<meta property=\"article:publisher\" content=\"https:\/\/www.facebook.com\/tourtravelandmore\/\" \/>\n<meta property=\"og:image\" content=\"https:\/\/tourtravelandmore.com\/wp-content\/uploads\/2020\/07\/Fuerteventura-2.jpg\" \/>\n\t<meta property=\"og:image:width\" content=\"1024\" \/>\n\t<meta property=\"og:image:height\" content=\"768\" \/>\n\t<meta property=\"og:image:type\" content=\"image\/jpeg\" \/>\n<meta name=\"twitter:card\" content=\"summary_large_image\" \/>\n<meta name=\"twitter:site\" content=\"@TourTravel_More\" \/>\n<meta name=\"twitter:label1\" content=\"Dur\u00e9e de lecture estim\u00e9e\" \/>\n\t<meta name=\"twitter:data1\" content=\"2 minutes\" \/>\n<script type=\"application\/ld+json\" class=\"yoast-schema-graph\">{\"@context\":\"https:\/\/schema.org\",\"@graph\":[{\"@type\":\"WebPage\",\"@id\":\"https:\/\/tourtravelandmore.com\/fr\/tours\/espagne-fr\/fuerteventura-fr-fr\/prive-la-oliva-betancuria-visite-de-corralejo\/\",\"url\":\"https:\/\/tourtravelandmore.com\/fr\/tours\/espagne-fr\/fuerteventura-fr-fr\/prive-la-oliva-betancuria-visite-de-corralejo\/\",\"name\":\"Visite priv\u00e9e de Fuerteventura - chauffeur-guide priv\u00e9 pour votre visite\",\"isPartOf\":{\"@id\":\"https:\/\/tourtravelandmore.com\/fr\/#website\"},\"primaryImageOfPage\":{\"@id\":\"https:\/\/tourtravelandmore.com\/fr\/tours\/espagne-fr\/fuerteventura-fr-fr\/prive-la-oliva-betancuria-visite-de-corralejo\/#primaryimage\"},\"image\":{\"@id\":\"https:\/\/tourtravelandmore.com\/fr\/tours\/espagne-fr\/fuerteventura-fr-fr\/prive-la-oliva-betancuria-visite-de-corralejo\/#primaryimage\"},\"thumbnailUrl\":\"https:\/\/tourtravelandmore.com\/wp-content\/uploads\/2020\/07\/Fuerteventura-2.jpg\",\"datePublished\":\"2020-07-27T08:22:01+00:00\",\"description\":\"Visite priv\u00e9e au nord de Fuerteventura. Chauffeur-guide priv\u00e9 pendant 8 heures. Prise en charge \u00e0 n'importe quel endroit de Fuerteventura. Explorez Fuerteventura\",\"breadcrumb\":{\"@id\":\"https:\/\/tourtravelandmore.com\/fr\/tours\/espagne-fr\/fuerteventura-fr-fr\/prive-la-oliva-betancuria-visite-de-corralejo\/#breadcrumb\"},\"inLanguage\":\"fr-FR\",\"potentialAction\":[{\"@type\":\"ReadAction\",\"target\":[\"https:\/\/tourtravelandmore.com\/fr\/tours\/espagne-fr\/fuerteventura-fr-fr\/prive-la-oliva-betancuria-visite-de-corralejo\/\"]}]},{\"@type\":\"ImageObject\",\"inLanguage\":\"fr-FR\",\"@id\":\"https:\/\/tourtravelandmore.com\/fr\/tours\/espagne-fr\/fuerteventura-fr-fr\/prive-la-oliva-betancuria-visite-de-corralejo\/#primaryimage\",\"url\":\"https:\/\/tourtravelandmore.com\/wp-content\/uploads\/2020\/07\/Fuerteventura-2.jpg\",\"contentUrl\":\"https:\/\/tourtravelandmore.com\/wp-content\/uploads\/2020\/07\/Fuerteventura-2.jpg\",\"width\":1024,\"height\":768},{\"@type\":\"BreadcrumbList\",\"@id\":\"https:\/\/tourtravelandmore.com\/fr\/tours\/espagne-fr\/fuerteventura-fr-fr\/prive-la-oliva-betancuria-visite-de-corralejo\/#breadcrumb\",\"itemListElement\":[{\"@type\":\"ListItem\",\"position\":1,\"name\":\"Home\",\"item\":\"https:\/\/tourtravelandmore.com\/fr\/\"},{\"@type\":\"ListItem\",\"position\":2,\"name\":\"Tours\",\"item\":\"https:\/\/tourtravelandmore.com\/fr\/tours\/\"},{\"@type\":\"ListItem\",\"position\":3,\"name\":\"Priv\u00e9 La Oliva, Betancuria &#038; Visite de Corralejo\"}]},{\"@type\":\"WebSite\",\"@id\":\"https:\/\/tourtravelandmore.com\/fr\/#website\",\"url\":\"https:\/\/tourtravelandmore.com\/fr\/\",\"name\":\"Tour Travel And More\",\"description\":\"Private sightseeing tours and luxury transfers in Spain\",\"publisher\":{\"@id\":\"https:\/\/tourtravelandmore.com\/fr\/#organization\"},\"potentialAction\":[{\"@type\":\"SearchAction\",\"target\":{\"@type\":\"EntryPoint\",\"urlTemplate\":\"https:\/\/tourtravelandmore.com\/fr\/?s={search_term_string}\"},\"query-input\":{\"@type\":\"PropertyValueSpecification\",\"valueRequired\":true,\"valueName\":\"search_term_string\"}}],\"inLanguage\":\"fr-FR\"},{\"@type\":\"Organization\",\"@id\":\"https:\/\/tourtravelandmore.com\/fr\/#organization\",\"name\":\"Tour Travel And More\",\"url\":\"https:\/\/tourtravelandmore.com\/fr\/\",\"logo\":{\"@type\":\"ImageObject\",\"inLanguage\":\"fr-FR\",\"@id\":\"https:\/\/tourtravelandmore.com\/fr\/#\/schema\/logo\/image\/\",\"url\":\"https:\/\/tourtravelandmore.com\/wp-content\/uploads\/2022\/12\/cropped-logo-cabecera-new.png\",\"contentUrl\":\"https:\/\/tourtravelandmore.com\/wp-content\/uploads\/2022\/12\/cropped-logo-cabecera-new.png\",\"width\":430,\"height\":61,\"caption\":\"Tour Travel And More\"},\"image\":{\"@id\":\"https:\/\/tourtravelandmore.com\/fr\/#\/schema\/logo\/image\/\"},\"sameAs\":[\"https:\/\/www.facebook.com\/tourtravelandmore\/\",\"https:\/\/x.com\/TourTravel_More\"]}]}<\/script>\n<!-- \/ Yoast SEO Premium plugin. -->","yoast_head_json":{"title":"Visite priv\u00e9e de Fuerteventura - chauffeur-guide priv\u00e9 pour votre visite","description":"Visite priv\u00e9e au nord de Fuerteventura. Chauffeur-guide priv\u00e9 pendant 8 heures. Prise en charge \u00e0 n'importe quel endroit de Fuerteventura. Explorez Fuerteventura","robots":{"index":"index","follow":"follow","max-snippet":"max-snippet:-1","max-image-preview":"max-image-preview:large","max-video-preview":"max-video-preview:-1"},"canonical":"https:\/\/tourtravelandmore.com\/fr\/tours\/espagne-fr\/fuerteventura-fr-fr\/prive-la-oliva-betancuria-visite-de-corralejo\/","og_locale":"fr_FR","og_type":"article","og_title":"Priv\u00e9 La Oliva, Betancuria & Visite de Corralejo","og_description":"Visite priv\u00e9e au nord de Fuerteventura. Chauffeur-guide priv\u00e9 pendant 8 heures. Prise en charge \u00e0 n'importe quel endroit de Fuerteventura. Explorez Fuerteventura","og_url":"https:\/\/tourtravelandmore.com\/fr\/tours\/espagne-fr\/fuerteventura-fr-fr\/prive-la-oliva-betancuria-visite-de-corralejo\/","og_site_name":"Tour Travel And More","article_publisher":"https:\/\/www.facebook.com\/tourtravelandmore\/","og_image":[{"width":1024,"height":768,"url":"https:\/\/tourtravelandmore.com\/wp-content\/uploads\/2020\/07\/Fuerteventura-2.jpg","type":"image\/jpeg"}],"twitter_card":"summary_large_image","twitter_site":"@TourTravel_More","twitter_misc":{"Dur\u00e9e de lecture estim\u00e9e":"2 minutes"},"schema":{"@context":"https:\/\/schema.org","@graph":[{"@type":"WebPage","@id":"https:\/\/tourtravelandmore.com\/fr\/tours\/espagne-fr\/fuerteventura-fr-fr\/prive-la-oliva-betancuria-visite-de-corralejo\/","url":"https:\/\/tourtravelandmore.com\/fr\/tours\/espagne-fr\/fuerteventura-fr-fr\/prive-la-oliva-betancuria-visite-de-corralejo\/","name":"Visite priv\u00e9e de Fuerteventura - chauffeur-guide priv\u00e9 pour votre visite","isPartOf":{"@id":"https:\/\/tourtravelandmore.com\/fr\/#website"},"primaryImageOfPage":{"@id":"https:\/\/tourtravelandmore.com\/fr\/tours\/espagne-fr\/fuerteventura-fr-fr\/prive-la-oliva-betancuria-visite-de-corralejo\/#primaryimage"},"image":{"@id":"https:\/\/tourtravelandmore.com\/fr\/tours\/espagne-fr\/fuerteventura-fr-fr\/prive-la-oliva-betancuria-visite-de-corralejo\/#primaryimage"},"thumbnailUrl":"https:\/\/tourtravelandmore.com\/wp-content\/uploads\/2020\/07\/Fuerteventura-2.jpg","datePublished":"2020-07-27T08:22:01+00:00","description":"Visite priv\u00e9e au nord de Fuerteventura. Chauffeur-guide priv\u00e9 pendant 8 heures. Prise en charge \u00e0 n'importe quel endroit de Fuerteventura. Explorez Fuerteventura","breadcrumb":{"@id":"https:\/\/tourtravelandmore.com\/fr\/tours\/espagne-fr\/fuerteventura-fr-fr\/prive-la-oliva-betancuria-visite-de-corralejo\/#breadcrumb"},"inLanguage":"fr-FR","potentialAction":[{"@type":"ReadAction","target":["https:\/\/tourtravelandmore.com\/fr\/tours\/espagne-fr\/fuerteventura-fr-fr\/prive-la-oliva-betancuria-visite-de-corralejo\/"]}]},{"@type":"ImageObject","inLanguage":"fr-FR","@id":"https:\/\/tourtravelandmore.com\/fr\/tours\/espagne-fr\/fuerteventura-fr-fr\/prive-la-oliva-betancuria-visite-de-corralejo\/#primaryimage","url":"https:\/\/tourtravelandmore.com\/wp-content\/uploads\/2020\/07\/Fuerteventura-2.jpg","contentUrl":"https:\/\/tourtravelandmore.com\/wp-content\/uploads\/2020\/07\/Fuerteventura-2.jpg","width":1024,"height":768},{"@type":"BreadcrumbList","@id":"https:\/\/tourtravelandmore.com\/fr\/tours\/espagne-fr\/fuerteventura-fr-fr\/prive-la-oliva-betancuria-visite-de-corralejo\/#breadcrumb","itemListElement":[{"@type":"ListItem","position":1,"name":"Home","item":"https:\/\/tourtravelandmore.com\/fr\/"},{"@type":"ListItem","position":2,"name":"Tours","item":"https:\/\/tourtravelandmore.com\/fr\/tours\/"},{"@type":"ListItem","position":3,"name":"Priv\u00e9 La Oliva, Betancuria &#038; Visite de Corralejo"}]},{"@type":"WebSite","@id":"https:\/\/tourtravelandmore.com\/fr\/#website","url":"https:\/\/tourtravelandmore.com\/fr\/","name":"Tour Travel And More","description":"Private sightseeing tours and luxury transfers in Spain","publisher":{"@id":"https:\/\/tourtravelandmore.com\/fr\/#organization"},"potentialAction":[{"@type":"SearchAction","target":{"@type":"EntryPoint","urlTemplate":"https:\/\/tourtravelandmore.com\/fr\/?s={search_term_string}"},"query-input":{"@type":"PropertyValueSpecification","valueRequired":true,"valueName":"search_term_string"}}],"inLanguage":"fr-FR"},{"@type":"Organization","@id":"https:\/\/tourtravelandmore.com\/fr\/#organization","name":"Tour Travel And More","url":"https:\/\/tourtravelandmore.com\/fr\/","logo":{"@type":"ImageObject","inLanguage":"fr-FR","@id":"https:\/\/tourtravelandmore.com\/fr\/#\/schema\/logo\/image\/","url":"https:\/\/tourtravelandmore.com\/wp-content\/uploads\/2022\/12\/cropped-logo-cabecera-new.png","contentUrl":"https:\/\/tourtravelandmore.com\/wp-content\/uploads\/2022\/12\/cropped-logo-cabecera-new.png","width":430,"height":61,"caption":"Tour Travel And More"},"image":{"@id":"https:\/\/tourtravelandmore.com\/fr\/#\/schema\/logo\/image\/"},"sameAs":["https:\/\/www.facebook.com\/tourtravelandmore\/","https:\/\/x.com\/TourTravel_More"]}]}},"_links":{"self":[{"href":"https:\/\/tourtravelandmore.com\/fr\/wp-json\/wp\/v2\/product\/99218","targetHints":{"allow":["GET"]}}],"collection":[{"href":"https:\/\/tourtravelandmore.com\/fr\/wp-json\/wp\/v2\/product"}],"about":[{"href":"https:\/\/tourtravelandmore.com\/fr\/wp-json\/wp\/v2\/types\/product"}],"replies":[{"embeddable":true,"href":"https:\/\/tourtravelandmore.com\/fr\/wp-json\/wp\/v2\/comments?post=99218"}],"wp:featuredmedia":[{"embeddable":true,"href":"https:\/\/tourtravelandmore.com\/fr\/wp-json\/wp\/v2\/media\/81772"}],"wp:attachment":[{"href":"https:\/\/tourtravelandmore.com\/fr\/wp-json\/wp\/v2\/media?parent=99218"}],"wp:term":[{"taxonomy":"product_brand","embeddable":true,"href":"https:\/\/tourtravelandmore.com\/fr\/wp-json\/wp\/v2\/product_brand?post=99218"},{"taxonomy":"product_cat","embeddable":true,"href":"https:\/\/tourtravelandmore.com\/fr\/wp-json\/wp\/v2\/product_cat?post=99218"},{"taxonomy":"product_tag","embeddable":true,"href":"https:\/\/tourtravelandmore.com\/fr\/wp-json\/wp\/v2\/product_tag?post=99218"}],"curies":[{"name":"wp","href":"https:\/\/api.w.org\/{rel}","templated":true}]}}