{"id":99213,"date":"2020-07-27T09:59:57","date_gmt":"2020-07-27T07:59:57","guid":{"rendered":"https:\/\/tourtravelandmore.com\/tours\/non class\u00e9\/visite-privee-dajuy-betancuria-et-costa-calma\/"},"modified":"2020-07-27T09:59:57","modified_gmt":"2020-07-27T07:59:57","slug":"visite-privee-dajuy-betancuria-et-costa-calma","status":"publish","type":"product","link":"https:\/\/tourtravelandmore.com\/fr\/tours\/espagne-fr\/fuerteventura-fr-fr\/visite-privee-dajuy-betancuria-et-costa-calma\/","title":{"rendered":"Visite priv\u00e9e d&#8217;Ajuy, Betancuria et Costa Calma"},"content":{"rendered":"<h2>Description<\/h2>\n<p>Fuerteventura est une \u00eele qui a tant \u00e0 offrir. Nous avons diff\u00e9rents types de visites priv\u00e9es pour vous. Profitez de l&#8217;une de nos visites priv\u00e9es de Fuerteventura. Cette visite priv\u00e9e d&#8217;Ajuy, Betancuria et Costa Calma vous donnera une excellente id\u00e9e des meilleurs sites de Fuerteventura.<\/p>\n<p>Cette visite priv\u00e9e d\u00e9butera \u00e0 partir de votre h\u00f4tel ou lieu de votre choix sur l&#8217;\u00eele. Nous organiserons la prise en charge depuis n&#8217;importe quel endroit pour vous \u00e0 Fuerteventura. Ceux-ci peuvent provenir de l&#8217;a\u00e9roport, du port ou de tout autre endroit.<\/p>\n<p>Apr\u00e8s une prise en charge confortable, nous nous dirigerons vers Ajuy, Betancuria et Costa Calama. Selon l&#8217;endroit o\u00f9 se trouve votre h\u00f4tel, l&#8217;itin\u00e9raire et les horaires peuvent \u00eatre diff\u00e9rents.<\/p>\n<p>Au cours de cette visite de 8 heures, vous aurez du temps libre pour manger un morceau. Dans tous les cas, votre chauffeur-guide priv\u00e9 sera \u00e0 votre disposition pour toute la journ\u00e9e.<\/p>\n<p>Enfin, notre chauffeur guide vous ram\u00e8nera \u00e0 votre h\u00f4tel pour finaliser cette visite priv\u00e9e de Fuerteventura.<\/p>\n<h2>Sites d&#8217;int\u00e9r\u00eat et monuments<\/h2>\n<p>D\u00e9couvrez notre visite priv\u00e9e de certains des meilleurs quartiers de Fuerteventura. Cette tourn\u00e9e comprendra Ajuy, Betancuria et Costa Calma.<\/p>\n<p>Apr\u00e8s une prise en charge confortable, notre chauffeur-guide vous emm\u00e8nera vers les sites uniques de l&#8217;\u00eele.<\/p>\n<p>Voici quelques-uns des endroits et sites les plus importants que vous appr\u00e9cierez;<\/p>\n<ul>\n<li>Ajuy: Ajuy est un petit village de p\u00eacheurs sur l&#8217;\u00eele de Fuerteventura. Il fait partie de la municipalit\u00e9 de P\u00e1jara. Puerto de la Pe\u00f1a est une petite partie d&#8217;Ajuy. Il servait autrefois de port sur la vieille \u00eele de Betancuria. Ce port a \u00e9t\u00e9 attaqu\u00e9 par des pirates. Caleta Negra est \u00e0 2 km d&#8217;Ajuy. Maintenant, Ajuy est une attraction touristique tr\u00e8s populaire. Ici, vous pouvez visiter les grottes profondes.<\/li>\n<li>Betancuria: Betancuria est \u00e9galement un petit village. Ce village est situ\u00e9 sur la partie ouest de l&#8217;\u00eele. Betancuria est situ\u00e9e dans la province de Las Palmas. Trouvez cette belle ville dans une r\u00e9gion montagneuse.<\/li>\n<li>Costa Calma: profitez de cette ville c\u00f4ti\u00e8re de Fuerteventura. Costa Calma est une station baln\u00e9aire. Profitez des sites uniques au bord de l&#8217;eau. Costa Calma est la plus grande station baln\u00e9aire ou ville du sud de Fuerteventura. Costa Calma signifie assez c\u00f4te et son appel\u00e9 comme \u00e7a en raison des vents du large et des vagues basses.<\/li>\n<\/ul>\n<p>Notre chauffeur-guide vous ram\u00e8nera \u00e0 votre h\u00f4tel \u00e0 Fuerteventura.<\/p>\n<p>D\u00e9couvrez nos visites priv\u00e9es situ\u00e9es sur l&#8217;\u00eele de Fuerteventura. Nous pouvons organiser tout type de visites priv\u00e9es pour vous \u00e0 n&#8217;importe quel endroit!<\/p>\n","protected":false},"excerpt":{"rendered":"<p>Profitez de cette excursion priv\u00e9e d&#8217;une journ\u00e9e enti\u00e8rement personnalis\u00e9e pour d\u00e9couvrir certaines des meilleures parties de Fuerteventura. Profitez de ses sites les plus importants et de ses emplacements uniques. Avec cette visite priv\u00e9e, vous pourrez visiter Ajuy, Betancuria et Costa Calma avec votre chauffeur \/ guide priv\u00e9 dans un v\u00e9hicule de luxe priv\u00e9. Nous pouvons organiser un billet d&#8217;entr\u00e9e \u00e0 tout monument du mus\u00e9e que vous souhaitez visiter.<\/p>\n","protected":false},"featured_media":81769,"comment_status":"open","ping_status":"closed","template":"","meta":{"_acf_changed":false},"product_brand":[],"product_cat":[3575],"product_tag":[],"class_list":{"0":"post-99213","1":"product","2":"type-product","3":"status-publish","4":"has-post-thumbnail","6":"product_cat-fuerteventura-fr-fr","8":"first","9":"instock","10":"shipping-taxable","11":"purchasable","12":"product-type-simple"},"acf":[],"yoast_head":"<!-- This site is optimized with the Yoast SEO Premium plugin v25.3.1 (Yoast SEO v25.3.1) - https:\/\/yoast.com\/wordpress\/plugins\/seo\/ -->\n<title>Visite priv\u00e9e de Fuerteventura - Chauffeur-guide priv\u00e9 pour votre visite<\/title>\n<meta name=\"description\" content=\"Visite priv\u00e9e de Fuerteventura. Chauffeur-guide priv\u00e9 pendant 8 heures. Prise en charge \u00e0 n&#039;importe quel endroit de Fuerteventura. Explorez Fuerteventura\" \/>\n<meta name=\"robots\" content=\"index, follow, max-snippet:-1, max-image-preview:large, max-video-preview:-1\" \/>\n<link rel=\"canonical\" href=\"https:\/\/tourtravelandmore.com\/fr\/tours\/espagne-fr\/fuerteventura-fr-fr\/visite-privee-dajuy-betancuria-et-costa-calma\/\" \/>\n<meta property=\"og:locale\" content=\"fr_FR\" \/>\n<meta property=\"og:type\" content=\"article\" \/>\n<meta property=\"og:title\" content=\"Visite priv\u00e9e d&#039;Ajuy, Betancuria et Costa Calma\" \/>\n<meta property=\"og:description\" content=\"Visite priv\u00e9e de Fuerteventura. Chauffeur-guide priv\u00e9 pendant 8 heures. Prise en charge \u00e0 n&#039;importe quel endroit de Fuerteventura. Explorez Fuerteventura\" \/>\n<meta property=\"og:url\" content=\"https:\/\/tourtravelandmore.com\/fr\/tours\/espagne-fr\/fuerteventura-fr-fr\/visite-privee-dajuy-betancuria-et-costa-calma\/\" \/>\n<meta property=\"og:site_name\" content=\"Tour Travel And More\" \/>\n<meta property=\"article:publisher\" content=\"https:\/\/www.facebook.com\/tourtravelandmore\/\" \/>\n<meta property=\"og:image\" content=\"https:\/\/tourtravelandmore.com\/wp-content\/uploads\/2020\/07\/Fuerteventura-1.jpg\" \/>\n\t<meta property=\"og:image:width\" content=\"1280\" \/>\n\t<meta property=\"og:image:height\" content=\"931\" \/>\n\t<meta property=\"og:image:type\" content=\"image\/jpeg\" \/>\n<meta name=\"twitter:card\" content=\"summary_large_image\" \/>\n<meta name=\"twitter:site\" content=\"@TourTravel_More\" \/>\n<meta name=\"twitter:label1\" content=\"Dur\u00e9e de lecture estim\u00e9e\" \/>\n\t<meta name=\"twitter:data1\" content=\"2 minutes\" \/>\n<script type=\"application\/ld+json\" class=\"yoast-schema-graph\">{\"@context\":\"https:\/\/schema.org\",\"@graph\":[{\"@type\":\"WebPage\",\"@id\":\"https:\/\/tourtravelandmore.com\/fr\/tours\/espagne-fr\/fuerteventura-fr-fr\/visite-privee-dajuy-betancuria-et-costa-calma\/\",\"url\":\"https:\/\/tourtravelandmore.com\/fr\/tours\/espagne-fr\/fuerteventura-fr-fr\/visite-privee-dajuy-betancuria-et-costa-calma\/\",\"name\":\"Visite priv\u00e9e de Fuerteventura - Chauffeur-guide priv\u00e9 pour votre visite\",\"isPartOf\":{\"@id\":\"https:\/\/tourtravelandmore.com\/fr\/#website\"},\"primaryImageOfPage\":{\"@id\":\"https:\/\/tourtravelandmore.com\/fr\/tours\/espagne-fr\/fuerteventura-fr-fr\/visite-privee-dajuy-betancuria-et-costa-calma\/#primaryimage\"},\"image\":{\"@id\":\"https:\/\/tourtravelandmore.com\/fr\/tours\/espagne-fr\/fuerteventura-fr-fr\/visite-privee-dajuy-betancuria-et-costa-calma\/#primaryimage\"},\"thumbnailUrl\":\"https:\/\/tourtravelandmore.com\/wp-content\/uploads\/2020\/07\/Fuerteventura-1.jpg\",\"datePublished\":\"2020-07-27T07:59:57+00:00\",\"description\":\"Visite priv\u00e9e de Fuerteventura. Chauffeur-guide priv\u00e9 pendant 8 heures. Prise en charge \u00e0 n'importe quel endroit de Fuerteventura. Explorez Fuerteventura\",\"breadcrumb\":{\"@id\":\"https:\/\/tourtravelandmore.com\/fr\/tours\/espagne-fr\/fuerteventura-fr-fr\/visite-privee-dajuy-betancuria-et-costa-calma\/#breadcrumb\"},\"inLanguage\":\"fr-FR\",\"potentialAction\":[{\"@type\":\"ReadAction\",\"target\":[\"https:\/\/tourtravelandmore.com\/fr\/tours\/espagne-fr\/fuerteventura-fr-fr\/visite-privee-dajuy-betancuria-et-costa-calma\/\"]}]},{\"@type\":\"ImageObject\",\"inLanguage\":\"fr-FR\",\"@id\":\"https:\/\/tourtravelandmore.com\/fr\/tours\/espagne-fr\/fuerteventura-fr-fr\/visite-privee-dajuy-betancuria-et-costa-calma\/#primaryimage\",\"url\":\"https:\/\/tourtravelandmore.com\/wp-content\/uploads\/2020\/07\/Fuerteventura-1.jpg\",\"contentUrl\":\"https:\/\/tourtravelandmore.com\/wp-content\/uploads\/2020\/07\/Fuerteventura-1.jpg\",\"width\":1280,\"height\":931},{\"@type\":\"BreadcrumbList\",\"@id\":\"https:\/\/tourtravelandmore.com\/fr\/tours\/espagne-fr\/fuerteventura-fr-fr\/visite-privee-dajuy-betancuria-et-costa-calma\/#breadcrumb\",\"itemListElement\":[{\"@type\":\"ListItem\",\"position\":1,\"name\":\"Home\",\"item\":\"https:\/\/tourtravelandmore.com\/fr\/\"},{\"@type\":\"ListItem\",\"position\":2,\"name\":\"Tours\",\"item\":\"https:\/\/tourtravelandmore.com\/fr\/tours\/\"},{\"@type\":\"ListItem\",\"position\":3,\"name\":\"Visite priv\u00e9e d&#8217;Ajuy, Betancuria et Costa Calma\"}]},{\"@type\":\"WebSite\",\"@id\":\"https:\/\/tourtravelandmore.com\/fr\/#website\",\"url\":\"https:\/\/tourtravelandmore.com\/fr\/\",\"name\":\"Tour Travel And More\",\"description\":\"Private sightseeing tours and luxury transfers in Spain\",\"publisher\":{\"@id\":\"https:\/\/tourtravelandmore.com\/fr\/#organization\"},\"potentialAction\":[{\"@type\":\"SearchAction\",\"target\":{\"@type\":\"EntryPoint\",\"urlTemplate\":\"https:\/\/tourtravelandmore.com\/fr\/?s={search_term_string}\"},\"query-input\":{\"@type\":\"PropertyValueSpecification\",\"valueRequired\":true,\"valueName\":\"search_term_string\"}}],\"inLanguage\":\"fr-FR\"},{\"@type\":\"Organization\",\"@id\":\"https:\/\/tourtravelandmore.com\/fr\/#organization\",\"name\":\"Tour Travel And More\",\"url\":\"https:\/\/tourtravelandmore.com\/fr\/\",\"logo\":{\"@type\":\"ImageObject\",\"inLanguage\":\"fr-FR\",\"@id\":\"https:\/\/tourtravelandmore.com\/fr\/#\/schema\/logo\/image\/\",\"url\":\"https:\/\/tourtravelandmore.com\/wp-content\/uploads\/2022\/12\/cropped-logo-cabecera-new.png\",\"contentUrl\":\"https:\/\/tourtravelandmore.com\/wp-content\/uploads\/2022\/12\/cropped-logo-cabecera-new.png\",\"width\":430,\"height\":61,\"caption\":\"Tour Travel And More\"},\"image\":{\"@id\":\"https:\/\/tourtravelandmore.com\/fr\/#\/schema\/logo\/image\/\"},\"sameAs\":[\"https:\/\/www.facebook.com\/tourtravelandmore\/\",\"https:\/\/x.com\/TourTravel_More\"]}]}<\/script>\n<!-- \/ Yoast SEO Premium plugin. -->","yoast_head_json":{"title":"Visite priv\u00e9e de Fuerteventura - Chauffeur-guide priv\u00e9 pour votre visite","description":"Visite priv\u00e9e de Fuerteventura. Chauffeur-guide priv\u00e9 pendant 8 heures. Prise en charge \u00e0 n'importe quel endroit de Fuerteventura. Explorez Fuerteventura","robots":{"index":"index","follow":"follow","max-snippet":"max-snippet:-1","max-image-preview":"max-image-preview:large","max-video-preview":"max-video-preview:-1"},"canonical":"https:\/\/tourtravelandmore.com\/fr\/tours\/espagne-fr\/fuerteventura-fr-fr\/visite-privee-dajuy-betancuria-et-costa-calma\/","og_locale":"fr_FR","og_type":"article","og_title":"Visite priv\u00e9e d'Ajuy, Betancuria et Costa Calma","og_description":"Visite priv\u00e9e de Fuerteventura. Chauffeur-guide priv\u00e9 pendant 8 heures. Prise en charge \u00e0 n'importe quel endroit de Fuerteventura. Explorez Fuerteventura","og_url":"https:\/\/tourtravelandmore.com\/fr\/tours\/espagne-fr\/fuerteventura-fr-fr\/visite-privee-dajuy-betancuria-et-costa-calma\/","og_site_name":"Tour Travel And More","article_publisher":"https:\/\/www.facebook.com\/tourtravelandmore\/","og_image":[{"width":1280,"height":931,"url":"https:\/\/tourtravelandmore.com\/wp-content\/uploads\/2020\/07\/Fuerteventura-1.jpg","type":"image\/jpeg"}],"twitter_card":"summary_large_image","twitter_site":"@TourTravel_More","twitter_misc":{"Dur\u00e9e de lecture estim\u00e9e":"2 minutes"},"schema":{"@context":"https:\/\/schema.org","@graph":[{"@type":"WebPage","@id":"https:\/\/tourtravelandmore.com\/fr\/tours\/espagne-fr\/fuerteventura-fr-fr\/visite-privee-dajuy-betancuria-et-costa-calma\/","url":"https:\/\/tourtravelandmore.com\/fr\/tours\/espagne-fr\/fuerteventura-fr-fr\/visite-privee-dajuy-betancuria-et-costa-calma\/","name":"Visite priv\u00e9e de Fuerteventura - Chauffeur-guide priv\u00e9 pour votre visite","isPartOf":{"@id":"https:\/\/tourtravelandmore.com\/fr\/#website"},"primaryImageOfPage":{"@id":"https:\/\/tourtravelandmore.com\/fr\/tours\/espagne-fr\/fuerteventura-fr-fr\/visite-privee-dajuy-betancuria-et-costa-calma\/#primaryimage"},"image":{"@id":"https:\/\/tourtravelandmore.com\/fr\/tours\/espagne-fr\/fuerteventura-fr-fr\/visite-privee-dajuy-betancuria-et-costa-calma\/#primaryimage"},"thumbnailUrl":"https:\/\/tourtravelandmore.com\/wp-content\/uploads\/2020\/07\/Fuerteventura-1.jpg","datePublished":"2020-07-27T07:59:57+00:00","description":"Visite priv\u00e9e de Fuerteventura. Chauffeur-guide priv\u00e9 pendant 8 heures. Prise en charge \u00e0 n'importe quel endroit de Fuerteventura. Explorez Fuerteventura","breadcrumb":{"@id":"https:\/\/tourtravelandmore.com\/fr\/tours\/espagne-fr\/fuerteventura-fr-fr\/visite-privee-dajuy-betancuria-et-costa-calma\/#breadcrumb"},"inLanguage":"fr-FR","potentialAction":[{"@type":"ReadAction","target":["https:\/\/tourtravelandmore.com\/fr\/tours\/espagne-fr\/fuerteventura-fr-fr\/visite-privee-dajuy-betancuria-et-costa-calma\/"]}]},{"@type":"ImageObject","inLanguage":"fr-FR","@id":"https:\/\/tourtravelandmore.com\/fr\/tours\/espagne-fr\/fuerteventura-fr-fr\/visite-privee-dajuy-betancuria-et-costa-calma\/#primaryimage","url":"https:\/\/tourtravelandmore.com\/wp-content\/uploads\/2020\/07\/Fuerteventura-1.jpg","contentUrl":"https:\/\/tourtravelandmore.com\/wp-content\/uploads\/2020\/07\/Fuerteventura-1.jpg","width":1280,"height":931},{"@type":"BreadcrumbList","@id":"https:\/\/tourtravelandmore.com\/fr\/tours\/espagne-fr\/fuerteventura-fr-fr\/visite-privee-dajuy-betancuria-et-costa-calma\/#breadcrumb","itemListElement":[{"@type":"ListItem","position":1,"name":"Home","item":"https:\/\/tourtravelandmore.com\/fr\/"},{"@type":"ListItem","position":2,"name":"Tours","item":"https:\/\/tourtravelandmore.com\/fr\/tours\/"},{"@type":"ListItem","position":3,"name":"Visite priv\u00e9e d&#8217;Ajuy, Betancuria et Costa Calma"}]},{"@type":"WebSite","@id":"https:\/\/tourtravelandmore.com\/fr\/#website","url":"https:\/\/tourtravelandmore.com\/fr\/","name":"Tour Travel And More","description":"Private sightseeing tours and luxury transfers in Spain","publisher":{"@id":"https:\/\/tourtravelandmore.com\/fr\/#organization"},"potentialAction":[{"@type":"SearchAction","target":{"@type":"EntryPoint","urlTemplate":"https:\/\/tourtravelandmore.com\/fr\/?s={search_term_string}"},"query-input":{"@type":"PropertyValueSpecification","valueRequired":true,"valueName":"search_term_string"}}],"inLanguage":"fr-FR"},{"@type":"Organization","@id":"https:\/\/tourtravelandmore.com\/fr\/#organization","name":"Tour Travel And More","url":"https:\/\/tourtravelandmore.com\/fr\/","logo":{"@type":"ImageObject","inLanguage":"fr-FR","@id":"https:\/\/tourtravelandmore.com\/fr\/#\/schema\/logo\/image\/","url":"https:\/\/tourtravelandmore.com\/wp-content\/uploads\/2022\/12\/cropped-logo-cabecera-new.png","contentUrl":"https:\/\/tourtravelandmore.com\/wp-content\/uploads\/2022\/12\/cropped-logo-cabecera-new.png","width":430,"height":61,"caption":"Tour Travel And More"},"image":{"@id":"https:\/\/tourtravelandmore.com\/fr\/#\/schema\/logo\/image\/"},"sameAs":["https:\/\/www.facebook.com\/tourtravelandmore\/","https:\/\/x.com\/TourTravel_More"]}]}},"_links":{"self":[{"href":"https:\/\/tourtravelandmore.com\/fr\/wp-json\/wp\/v2\/product\/99213","targetHints":{"allow":["GET"]}}],"collection":[{"href":"https:\/\/tourtravelandmore.com\/fr\/wp-json\/wp\/v2\/product"}],"about":[{"href":"https:\/\/tourtravelandmore.com\/fr\/wp-json\/wp\/v2\/types\/product"}],"replies":[{"embeddable":true,"href":"https:\/\/tourtravelandmore.com\/fr\/wp-json\/wp\/v2\/comments?post=99213"}],"wp:featuredmedia":[{"embeddable":true,"href":"https:\/\/tourtravelandmore.com\/fr\/wp-json\/wp\/v2\/media\/81769"}],"wp:attachment":[{"href":"https:\/\/tourtravelandmore.com\/fr\/wp-json\/wp\/v2\/media?parent=99213"}],"wp:term":[{"taxonomy":"product_brand","embeddable":true,"href":"https:\/\/tourtravelandmore.com\/fr\/wp-json\/wp\/v2\/product_brand?post=99213"},{"taxonomy":"product_cat","embeddable":true,"href":"https:\/\/tourtravelandmore.com\/fr\/wp-json\/wp\/v2\/product_cat?post=99213"},{"taxonomy":"product_tag","embeddable":true,"href":"https:\/\/tourtravelandmore.com\/fr\/wp-json\/wp\/v2\/product_tag?post=99213"}],"curies":[{"name":"wp","href":"https:\/\/api.w.org\/{rel}","templated":true}]}}