{"id":99208,"date":"2019-01-16T17:26:28","date_gmt":"2019-01-16T16:26:28","guid":{"rendered":"https:\/\/tourtravelandmore.com\/tours\/non class\u00e9\/visite-privee-du-sud-de-fuerteventura\/"},"modified":"2019-01-16T17:26:28","modified_gmt":"2019-01-16T16:26:28","slug":"visite-privee-du-sud-de-fuerteventura","status":"publish","type":"product","link":"https:\/\/tourtravelandmore.com\/fr\/tours\/espagne-fr\/fuerteventura-fr-fr\/visite-privee-du-sud-de-fuerteventura\/","title":{"rendered":"Visite priv\u00e9e du sud de Fuerteventura"},"content":{"rendered":"<h2>Description<\/h2>\n<p>Profitez de cette occasion pour profiter des meilleures parties de la partie sud de Fuerteventura. Fuerteventura est la deuxi\u00e8me plus grande \u00eele des \u00eeles Canaries. Nous avons divis\u00e9 les meilleurs sites possibles \u00e0 voir sur l&#8217;\u00eele en deux circuits diff\u00e9rents. Une visite priv\u00e9e serait celle-ci; Private Southern Tour Fuerteventura. L&#8217;autre visite priv\u00e9e serait la meilleure de la partie nord de l&#8217;\u00eele.<\/p>\n<p>Pour cette visite priv\u00e9e du sud de Fuerteventura, nous commencerons par venir vous chercher \u00e0 votre h\u00f4tel \u00e0 Fuerteventura. La prise en charge peut se faire depuis n&#8217;importe quel h\u00f4tel de l&#8217;\u00eele, au nord ou au sud. Nous pouvons \u00e9galement organiser une prise en charge depuis l&#8217;a\u00e9roport, l&#8217;appartement ou m\u00eame le port de croisi\u00e8re. Dites-nous simplement o\u00f9 vous serez et notre chauffeur-guide priv\u00e9 viendra vous chercher!<\/p>\n<p>Tout d&#8217;abord, notre chauffeur-guide est venu vous chercher, nous commencerons la visite priv\u00e9e de la partie sud de l&#8217;\u00eele. Comme nous l&#8217;avons mentionn\u00e9 pr\u00e9c\u00e9demment, Fuerteventura est la deuxi\u00e8me plus grande \u00eele de cet archipel. C&#8217;est pourquoi nous ne pouvons pas faire le tour de toute l&#8217;\u00eele en une seule journ\u00e9e. Profitez du meilleur du sud de Fuerteventura \u00e0 c\u00f4t\u00e9 de votre chauffeur-guide.<\/p>\n<p>Fuerteventura est une \u00eele d\u00e9clar\u00e9e r\u00e9serve de biosph\u00e8re en 2009 par l&#8217;UNESCO. La capitale de cette \u00eele est Puerto del Rosario. Il a \u00e9t\u00e9 dit que les premi\u00e8res colonies ont \u00e9t\u00e9 faites par des Africains du Nord.<\/p>\n<h2>Sites d&#8217;int\u00e9r\u00eat et monuments<\/h2>\n<p>Fuerteventura est un excellent site touristique qui attire de nombreuses personnes toute l&#8217;ann\u00e9e. Il a \u00e9t\u00e9 dit que Fuerteventura a plus de 3000 heures de soleil par an.<\/p>\n<p>Profitez des belles plages de sable que Fuerteventura a \u00e0 offrir.<\/p>\n<p>Tout d&#8217;abord, demandez \u00e0 notre chauffeur-guide priv\u00e9 de vous attendre \u00e0 votre h\u00f4tel ou au lieu de votre choix et de partir pour cette visite.<\/p>\n<ul>\n<li>Phare d&#8217;Entallada<\/li>\n<li>La Pared<\/li>\n<li>Sotavento<\/li>\n<li>Morro Jable<\/li>\n<li>Phare de Matorral<\/li>\n<li>Beaucoup plus!<\/li>\n<\/ul>\n<p>Nous organiserons des arr\u00eats dans les sites les plus embl\u00e9matiques et touristiques de la partie sud de Fuerteventura.<\/p>\n<p>De plus, nous organiserons un peu de temps pour manger un morceau \u00e0 l&#8217;endroit de votre choix.<\/p>\n<p>Enfin, nous vous d\u00e9poserons \u00e0 votre h\u00f4tel ou \u00e0 l&#8217;endroit choisi \u00e0 Fuerteventura.<\/p>\n<p>En conclusion, d\u00e9couvrez les principaux sites du sud de Fuerteventura. Explorez avec votre guide ces sites merveilleux. Nous pouvons toujours personnaliser la visite en fonction de vos propres attentes.<\/p>\n","protected":false},"excerpt":{"rendered":"<p>Profitez de cette excursion priv\u00e9e d&#8217;une journ\u00e9e enti\u00e8rement personnalis\u00e9e pour d\u00e9couvrir les meilleures parties de la partie sud de Fuerteventura. Vous aurez une disposition totale d&#8217;un chauffeur \/ guide priv\u00e9 pour toute votre visite. Passez une journ\u00e9e confortable dans notre v\u00e9hicule de luxe priv\u00e9. La prise en charge peut \u00eatre organis\u00e9e depuis n&#8217;importe quelle partie de l&#8217;\u00eele. Contactez-nous pour une exp\u00e9rience personnalis\u00e9e.<\/p>\n","protected":false},"featured_media":95488,"comment_status":"open","ping_status":"closed","template":"","meta":{"_acf_changed":false},"product_brand":[],"product_cat":[3575],"product_tag":[],"class_list":{"0":"post-99208","1":"product","2":"type-product","3":"status-publish","4":"has-post-thumbnail","6":"product_cat-fuerteventura-fr-fr","8":"first","9":"instock","10":"shipping-taxable","11":"purchasable","12":"product-type-simple"},"acf":[],"yoast_head":"<!-- This site is optimized with the Yoast SEO Premium plugin v25.3.1 (Yoast SEO v25.3.1) - https:\/\/yoast.com\/wordpress\/plugins\/seo\/ -->\n<title>Private Southern Tour Fuerteventura - Chauffeur-guide priv\u00e9<\/title>\n<meta name=\"description\" content=\"Visite priv\u00e9e du sud de Fuerteventura. Explorez la partie sud de Fuerteventura avec votre chauffeur-guide. Ramassez n&#039;importe o\u00f9 sur l&#039;\u00eele.\" \/>\n<meta name=\"robots\" content=\"index, follow, max-snippet:-1, max-image-preview:large, max-video-preview:-1\" \/>\n<link rel=\"canonical\" href=\"https:\/\/tourtravelandmore.com\/fr\/tours\/espagne-fr\/fuerteventura-fr-fr\/visite-privee-du-sud-de-fuerteventura\/\" \/>\n<meta property=\"og:locale\" content=\"fr_FR\" \/>\n<meta property=\"og:type\" content=\"article\" \/>\n<meta property=\"og:title\" content=\"Visite priv\u00e9e du sud de Fuerteventura\" \/>\n<meta property=\"og:description\" content=\"Visite priv\u00e9e du sud de Fuerteventura. Explorez la partie sud de Fuerteventura avec votre chauffeur-guide. Ramassez n&#039;importe o\u00f9 sur l&#039;\u00eele.\" \/>\n<meta property=\"og:url\" content=\"https:\/\/tourtravelandmore.com\/fr\/tours\/espagne-fr\/fuerteventura-fr-fr\/visite-privee-du-sud-de-fuerteventura\/\" \/>\n<meta property=\"og:site_name\" content=\"Tour Travel And More\" \/>\n<meta property=\"article:publisher\" content=\"https:\/\/www.facebook.com\/tourtravelandmore\/\" \/>\n<meta property=\"og:image\" content=\"https:\/\/tourtravelandmore.com\/wp-content\/uploads\/2019\/01\/fuerteventura-2821158_960_720.jpg\" \/>\n\t<meta property=\"og:image:width\" content=\"960\" \/>\n\t<meta property=\"og:image:height\" content=\"639\" \/>\n\t<meta property=\"og:image:type\" content=\"image\/jpeg\" \/>\n<meta name=\"twitter:card\" content=\"summary_large_image\" \/>\n<meta name=\"twitter:site\" content=\"@TourTravel_More\" \/>\n<meta name=\"twitter:label1\" content=\"Dur\u00e9e de lecture estim\u00e9e\" \/>\n\t<meta name=\"twitter:data1\" content=\"2 minutes\" \/>\n<script type=\"application\/ld+json\" class=\"yoast-schema-graph\">{\"@context\":\"https:\/\/schema.org\",\"@graph\":[{\"@type\":\"WebPage\",\"@id\":\"https:\/\/tourtravelandmore.com\/fr\/tours\/espagne-fr\/fuerteventura-fr-fr\/visite-privee-du-sud-de-fuerteventura\/\",\"url\":\"https:\/\/tourtravelandmore.com\/fr\/tours\/espagne-fr\/fuerteventura-fr-fr\/visite-privee-du-sud-de-fuerteventura\/\",\"name\":\"Private Southern Tour Fuerteventura - Chauffeur-guide priv\u00e9\",\"isPartOf\":{\"@id\":\"https:\/\/tourtravelandmore.com\/fr\/#website\"},\"primaryImageOfPage\":{\"@id\":\"https:\/\/tourtravelandmore.com\/fr\/tours\/espagne-fr\/fuerteventura-fr-fr\/visite-privee-du-sud-de-fuerteventura\/#primaryimage\"},\"image\":{\"@id\":\"https:\/\/tourtravelandmore.com\/fr\/tours\/espagne-fr\/fuerteventura-fr-fr\/visite-privee-du-sud-de-fuerteventura\/#primaryimage\"},\"thumbnailUrl\":\"https:\/\/tourtravelandmore.com\/wp-content\/uploads\/2019\/01\/fuerteventura-2821158_960_720.jpg\",\"datePublished\":\"2019-01-16T16:26:28+00:00\",\"description\":\"Visite priv\u00e9e du sud de Fuerteventura. Explorez la partie sud de Fuerteventura avec votre chauffeur-guide. Ramassez n'importe o\u00f9 sur l'\u00eele.\",\"breadcrumb\":{\"@id\":\"https:\/\/tourtravelandmore.com\/fr\/tours\/espagne-fr\/fuerteventura-fr-fr\/visite-privee-du-sud-de-fuerteventura\/#breadcrumb\"},\"inLanguage\":\"fr-FR\",\"potentialAction\":[{\"@type\":\"ReadAction\",\"target\":[\"https:\/\/tourtravelandmore.com\/fr\/tours\/espagne-fr\/fuerteventura-fr-fr\/visite-privee-du-sud-de-fuerteventura\/\"]}]},{\"@type\":\"ImageObject\",\"inLanguage\":\"fr-FR\",\"@id\":\"https:\/\/tourtravelandmore.com\/fr\/tours\/espagne-fr\/fuerteventura-fr-fr\/visite-privee-du-sud-de-fuerteventura\/#primaryimage\",\"url\":\"https:\/\/tourtravelandmore.com\/wp-content\/uploads\/2019\/01\/fuerteventura-2821158_960_720.jpg\",\"contentUrl\":\"https:\/\/tourtravelandmore.com\/wp-content\/uploads\/2019\/01\/fuerteventura-2821158_960_720.jpg\",\"width\":960,\"height\":639},{\"@type\":\"BreadcrumbList\",\"@id\":\"https:\/\/tourtravelandmore.com\/fr\/tours\/espagne-fr\/fuerteventura-fr-fr\/visite-privee-du-sud-de-fuerteventura\/#breadcrumb\",\"itemListElement\":[{\"@type\":\"ListItem\",\"position\":1,\"name\":\"Home\",\"item\":\"https:\/\/tourtravelandmore.com\/fr\/\"},{\"@type\":\"ListItem\",\"position\":2,\"name\":\"Tours\",\"item\":\"https:\/\/tourtravelandmore.com\/fr\/tours\/\"},{\"@type\":\"ListItem\",\"position\":3,\"name\":\"Visite priv\u00e9e du sud de Fuerteventura\"}]},{\"@type\":\"WebSite\",\"@id\":\"https:\/\/tourtravelandmore.com\/fr\/#website\",\"url\":\"https:\/\/tourtravelandmore.com\/fr\/\",\"name\":\"Tour Travel And More\",\"description\":\"Private sightseeing tours and luxury transfers in Spain\",\"publisher\":{\"@id\":\"https:\/\/tourtravelandmore.com\/fr\/#organization\"},\"potentialAction\":[{\"@type\":\"SearchAction\",\"target\":{\"@type\":\"EntryPoint\",\"urlTemplate\":\"https:\/\/tourtravelandmore.com\/fr\/?s={search_term_string}\"},\"query-input\":{\"@type\":\"PropertyValueSpecification\",\"valueRequired\":true,\"valueName\":\"search_term_string\"}}],\"inLanguage\":\"fr-FR\"},{\"@type\":\"Organization\",\"@id\":\"https:\/\/tourtravelandmore.com\/fr\/#organization\",\"name\":\"Tour Travel And More\",\"url\":\"https:\/\/tourtravelandmore.com\/fr\/\",\"logo\":{\"@type\":\"ImageObject\",\"inLanguage\":\"fr-FR\",\"@id\":\"https:\/\/tourtravelandmore.com\/fr\/#\/schema\/logo\/image\/\",\"url\":\"https:\/\/tourtravelandmore.com\/wp-content\/uploads\/2022\/12\/cropped-logo-cabecera-new.png\",\"contentUrl\":\"https:\/\/tourtravelandmore.com\/wp-content\/uploads\/2022\/12\/cropped-logo-cabecera-new.png\",\"width\":430,\"height\":61,\"caption\":\"Tour Travel And More\"},\"image\":{\"@id\":\"https:\/\/tourtravelandmore.com\/fr\/#\/schema\/logo\/image\/\"},\"sameAs\":[\"https:\/\/www.facebook.com\/tourtravelandmore\/\",\"https:\/\/x.com\/TourTravel_More\"]}]}<\/script>\n<!-- \/ Yoast SEO Premium plugin. -->","yoast_head_json":{"title":"Private Southern Tour Fuerteventura - Chauffeur-guide priv\u00e9","description":"Visite priv\u00e9e du sud de Fuerteventura. Explorez la partie sud de Fuerteventura avec votre chauffeur-guide. Ramassez n'importe o\u00f9 sur l'\u00eele.","robots":{"index":"index","follow":"follow","max-snippet":"max-snippet:-1","max-image-preview":"max-image-preview:large","max-video-preview":"max-video-preview:-1"},"canonical":"https:\/\/tourtravelandmore.com\/fr\/tours\/espagne-fr\/fuerteventura-fr-fr\/visite-privee-du-sud-de-fuerteventura\/","og_locale":"fr_FR","og_type":"article","og_title":"Visite priv\u00e9e du sud de Fuerteventura","og_description":"Visite priv\u00e9e du sud de Fuerteventura. Explorez la partie sud de Fuerteventura avec votre chauffeur-guide. Ramassez n'importe o\u00f9 sur l'\u00eele.","og_url":"https:\/\/tourtravelandmore.com\/fr\/tours\/espagne-fr\/fuerteventura-fr-fr\/visite-privee-du-sud-de-fuerteventura\/","og_site_name":"Tour Travel And More","article_publisher":"https:\/\/www.facebook.com\/tourtravelandmore\/","og_image":[{"width":960,"height":639,"url":"https:\/\/tourtravelandmore.com\/wp-content\/uploads\/2019\/01\/fuerteventura-2821158_960_720.jpg","type":"image\/jpeg"}],"twitter_card":"summary_large_image","twitter_site":"@TourTravel_More","twitter_misc":{"Dur\u00e9e de lecture estim\u00e9e":"2 minutes"},"schema":{"@context":"https:\/\/schema.org","@graph":[{"@type":"WebPage","@id":"https:\/\/tourtravelandmore.com\/fr\/tours\/espagne-fr\/fuerteventura-fr-fr\/visite-privee-du-sud-de-fuerteventura\/","url":"https:\/\/tourtravelandmore.com\/fr\/tours\/espagne-fr\/fuerteventura-fr-fr\/visite-privee-du-sud-de-fuerteventura\/","name":"Private Southern Tour Fuerteventura - Chauffeur-guide priv\u00e9","isPartOf":{"@id":"https:\/\/tourtravelandmore.com\/fr\/#website"},"primaryImageOfPage":{"@id":"https:\/\/tourtravelandmore.com\/fr\/tours\/espagne-fr\/fuerteventura-fr-fr\/visite-privee-du-sud-de-fuerteventura\/#primaryimage"},"image":{"@id":"https:\/\/tourtravelandmore.com\/fr\/tours\/espagne-fr\/fuerteventura-fr-fr\/visite-privee-du-sud-de-fuerteventura\/#primaryimage"},"thumbnailUrl":"https:\/\/tourtravelandmore.com\/wp-content\/uploads\/2019\/01\/fuerteventura-2821158_960_720.jpg","datePublished":"2019-01-16T16:26:28+00:00","description":"Visite priv\u00e9e du sud de Fuerteventura. Explorez la partie sud de Fuerteventura avec votre chauffeur-guide. Ramassez n'importe o\u00f9 sur l'\u00eele.","breadcrumb":{"@id":"https:\/\/tourtravelandmore.com\/fr\/tours\/espagne-fr\/fuerteventura-fr-fr\/visite-privee-du-sud-de-fuerteventura\/#breadcrumb"},"inLanguage":"fr-FR","potentialAction":[{"@type":"ReadAction","target":["https:\/\/tourtravelandmore.com\/fr\/tours\/espagne-fr\/fuerteventura-fr-fr\/visite-privee-du-sud-de-fuerteventura\/"]}]},{"@type":"ImageObject","inLanguage":"fr-FR","@id":"https:\/\/tourtravelandmore.com\/fr\/tours\/espagne-fr\/fuerteventura-fr-fr\/visite-privee-du-sud-de-fuerteventura\/#primaryimage","url":"https:\/\/tourtravelandmore.com\/wp-content\/uploads\/2019\/01\/fuerteventura-2821158_960_720.jpg","contentUrl":"https:\/\/tourtravelandmore.com\/wp-content\/uploads\/2019\/01\/fuerteventura-2821158_960_720.jpg","width":960,"height":639},{"@type":"BreadcrumbList","@id":"https:\/\/tourtravelandmore.com\/fr\/tours\/espagne-fr\/fuerteventura-fr-fr\/visite-privee-du-sud-de-fuerteventura\/#breadcrumb","itemListElement":[{"@type":"ListItem","position":1,"name":"Home","item":"https:\/\/tourtravelandmore.com\/fr\/"},{"@type":"ListItem","position":2,"name":"Tours","item":"https:\/\/tourtravelandmore.com\/fr\/tours\/"},{"@type":"ListItem","position":3,"name":"Visite priv\u00e9e du sud de Fuerteventura"}]},{"@type":"WebSite","@id":"https:\/\/tourtravelandmore.com\/fr\/#website","url":"https:\/\/tourtravelandmore.com\/fr\/","name":"Tour Travel And More","description":"Private sightseeing tours and luxury transfers in Spain","publisher":{"@id":"https:\/\/tourtravelandmore.com\/fr\/#organization"},"potentialAction":[{"@type":"SearchAction","target":{"@type":"EntryPoint","urlTemplate":"https:\/\/tourtravelandmore.com\/fr\/?s={search_term_string}"},"query-input":{"@type":"PropertyValueSpecification","valueRequired":true,"valueName":"search_term_string"}}],"inLanguage":"fr-FR"},{"@type":"Organization","@id":"https:\/\/tourtravelandmore.com\/fr\/#organization","name":"Tour Travel And More","url":"https:\/\/tourtravelandmore.com\/fr\/","logo":{"@type":"ImageObject","inLanguage":"fr-FR","@id":"https:\/\/tourtravelandmore.com\/fr\/#\/schema\/logo\/image\/","url":"https:\/\/tourtravelandmore.com\/wp-content\/uploads\/2022\/12\/cropped-logo-cabecera-new.png","contentUrl":"https:\/\/tourtravelandmore.com\/wp-content\/uploads\/2022\/12\/cropped-logo-cabecera-new.png","width":430,"height":61,"caption":"Tour Travel And More"},"image":{"@id":"https:\/\/tourtravelandmore.com\/fr\/#\/schema\/logo\/image\/"},"sameAs":["https:\/\/www.facebook.com\/tourtravelandmore\/","https:\/\/x.com\/TourTravel_More"]}]}},"_links":{"self":[{"href":"https:\/\/tourtravelandmore.com\/fr\/wp-json\/wp\/v2\/product\/99208","targetHints":{"allow":["GET"]}}],"collection":[{"href":"https:\/\/tourtravelandmore.com\/fr\/wp-json\/wp\/v2\/product"}],"about":[{"href":"https:\/\/tourtravelandmore.com\/fr\/wp-json\/wp\/v2\/types\/product"}],"replies":[{"embeddable":true,"href":"https:\/\/tourtravelandmore.com\/fr\/wp-json\/wp\/v2\/comments?post=99208"}],"wp:featuredmedia":[{"embeddable":true,"href":"https:\/\/tourtravelandmore.com\/fr\/wp-json\/wp\/v2\/media\/95488"}],"wp:attachment":[{"href":"https:\/\/tourtravelandmore.com\/fr\/wp-json\/wp\/v2\/media?parent=99208"}],"wp:term":[{"taxonomy":"product_brand","embeddable":true,"href":"https:\/\/tourtravelandmore.com\/fr\/wp-json\/wp\/v2\/product_brand?post=99208"},{"taxonomy":"product_cat","embeddable":true,"href":"https:\/\/tourtravelandmore.com\/fr\/wp-json\/wp\/v2\/product_cat?post=99208"},{"taxonomy":"product_tag","embeddable":true,"href":"https:\/\/tourtravelandmore.com\/fr\/wp-json\/wp\/v2\/product_tag?post=99208"}],"curies":[{"name":"wp","href":"https:\/\/api.w.org\/{rel}","templated":true}]}}