{"id":99203,"date":"2019-01-16T17:17:08","date_gmt":"2019-01-16T16:17:08","guid":{"rendered":"https:\/\/tourtravelandmore.com\/tours\/non class\u00e9\/visite-privee-au-nord-de-fuerteventura\/"},"modified":"2019-01-16T17:17:08","modified_gmt":"2019-01-16T16:17:08","slug":"visite-privee-au-nord-de-fuerteventura","status":"publish","type":"product","link":"https:\/\/tourtravelandmore.com\/fr\/tours\/espagne-fr\/fuerteventura-fr-fr\/visite-privee-au-nord-de-fuerteventura\/","title":{"rendered":"Visite priv\u00e9e au nord de Fuerteventura"},"content":{"rendered":"<h2>Description<\/h2>\n<p>Profitez de cette occasion pour explorer les meilleurs sites du nord de Fuerteventura. Profitez de cette visite priv\u00e9e au nord de Fuerteventura avec votre propre chauffeur-guide.<\/p>\n<p>Nous organiserons une prise en charge priv\u00e9e depuis votre emplacement \u00e0 Fuerteventura. Nous pouvons venir vous chercher au port, \u00e0 l&#8217;a\u00e9roport, dans n&#8217;importe quel h\u00f4tel ou appartement de la ville.<\/p>\n<p>Ceci est notre visite priv\u00e9e au nord de Fuerteventura. Nous avons \u00e9galement la possibilit\u00e9 de vous familiariser avec la partie sud de Fuerteventura. Jetez un \u0153il \u00e0 notre visite priv\u00e9e au sud de Fuerteventura.<\/p>\n<p>Apr\u00e8s la prise en charge, nous continuerons vers les meilleurs sites du nord de Fuerteventura. Un exemple sera La Olvia, le phare de Toston et bien s\u00fbr quelques vues de l&#8217;\u00eele de Lobos.<\/p>\n<p>Notre chauffeur-guide vous recommandera o\u00f9 vous pouvez manger un morceau ou un d\u00e9jeuner plus long. Cela d\u00e9pendra de vos pr\u00e9f\u00e9rences exactes.<\/p>\n<p>Apr\u00e8s avoir visit\u00e9 les meilleures parties du Nord \u00e0 Fuerteventura, notre chauffeur-guide vous ram\u00e8nera \u00e0 votre h\u00f4tel ou lieu de votre choix.<\/p>\n<h2>Sites d&#8217;int\u00e9r\u00eat et monuments<\/h2>\n<p>Fuerteventura est une \u00eele des \u00eeles Canaries. C&#8217;est la deuxi\u00e8me plus grande \u00eele de cet archipel. Fuerteventura est une \u00eele situ\u00e9e \u00e0 100 km du continent africain. Il est situ\u00e9 \u00e0 environ 1000 km de la p\u00e9ninsule ib\u00e9rique espagnole.<\/p>\n<p>Fuerteventura est connue pour ses plages de sable blanc. Il peut \u00eatre visit\u00e9 toute l&#8217;ann\u00e9e, il fait tr\u00e8s chaud et chaque mois a son temps plus chaud et plus frais.<\/p>\n<ul>\n<li>Parc Naturel de Corralejo<\/li>\n<li>Lajares<\/li>\n<li>Vues de l&#8217;\u00eele de Lobos<\/li>\n<li>Phare de Tost\u00f3n<\/li>\n<li>La Oliva<\/li>\n<li>Beaucoup plus!<\/li>\n<\/ul>\n<p>Profitez des meilleures parties de Fuerteventura aux c\u00f4t\u00e9s de votre chauffeur-guide priv\u00e9. Une fois la visite termin\u00e9e, nous vous ram\u00e8nerons vers votre point de d\u00e9part.<\/p>\n<p>Jetez un \u0153il \u00e0 toutes nos visites priv\u00e9es \u00e0 Fuerteventura. N&#8217;oubliez pas que nous proposons des visites priv\u00e9es dans toutes les \u00eeles Canaries, dans toute l&#8217;Espagne et en Europe. Nous proposons \u00e9galement des visites priv\u00e9es dans les principales villes du monde.<\/p>\n","protected":false},"excerpt":{"rendered":"<p>Admirez les plus beaux endroits du nord de Fuerteventura avec cette excursion priv\u00e9e d&#8217;une journ\u00e9e. Vous aurez \u00e0 votre enti\u00e8re disposition un v\u00e9hicule de luxe priv\u00e9 avec chauffeur \/ guide. Vous pourrez visiter La Oliva, Lajares, le parc naturel de Corralejo et bien plus encore. Nous pouvons organiser la prise en charge depuis n&#8217;importe quelle partie de l&#8217;\u00eele. Contactez-nous et mentionnez vos id\u00e9es.<\/p>\n","protected":false},"featured_media":95483,"comment_status":"open","ping_status":"closed","template":"","meta":{"_acf_changed":false},"product_brand":[],"product_cat":[3575],"product_tag":[],"class_list":{"0":"post-99203","1":"product","2":"type-product","3":"status-publish","4":"has-post-thumbnail","6":"product_cat-fuerteventura-fr-fr","8":"first","9":"instock","10":"shipping-taxable","11":"purchasable","12":"product-type-simple"},"acf":[],"yoast_head":"<!-- This site is optimized with the Yoast SEO Premium plugin v25.3.1 (Yoast SEO v25.3.1) - https:\/\/yoast.com\/wordpress\/plugins\/seo\/ -->\n<title>Visite priv\u00e9e au nord de Fuerteventura - Chauffeur-guide priv\u00e9 pour votre visite<\/title>\n<meta name=\"description\" content=\"Visite priv\u00e9e au nord de Fuerteventura. Chauffeur-guide priv\u00e9 pendant 8 heures. Prise en charge \u00e0 n&#039;importe quel endroit de Fuerteventura. Explorez Fuerteventura\" \/>\n<meta name=\"robots\" content=\"index, follow, max-snippet:-1, max-image-preview:large, max-video-preview:-1\" \/>\n<link rel=\"canonical\" href=\"https:\/\/tourtravelandmore.com\/fr\/tours\/espagne-fr\/fuerteventura-fr-fr\/visite-privee-au-nord-de-fuerteventura\/\" \/>\n<meta property=\"og:locale\" content=\"fr_FR\" \/>\n<meta property=\"og:type\" content=\"article\" \/>\n<meta property=\"og:title\" content=\"Visite priv\u00e9e au nord de Fuerteventura\" \/>\n<meta property=\"og:description\" content=\"Visite priv\u00e9e au nord de Fuerteventura. Chauffeur-guide priv\u00e9 pendant 8 heures. Prise en charge \u00e0 n&#039;importe quel endroit de Fuerteventura. Explorez Fuerteventura\" \/>\n<meta property=\"og:url\" content=\"https:\/\/tourtravelandmore.com\/fr\/tours\/espagne-fr\/fuerteventura-fr-fr\/visite-privee-au-nord-de-fuerteventura\/\" \/>\n<meta property=\"og:site_name\" content=\"Tour Travel And More\" \/>\n<meta property=\"article:publisher\" content=\"https:\/\/www.facebook.com\/tourtravelandmore\/\" \/>\n<meta property=\"og:image\" content=\"https:\/\/tourtravelandmore.com\/wp-content\/uploads\/2019\/01\/Fuerteventura_Canary_Islands_panorama_of_Cofete_beach_on_Jandia_Peninsula.jpg\" \/>\n\t<meta property=\"og:image:width\" content=\"3000\" \/>\n\t<meta property=\"og:image:height\" content=\"1229\" \/>\n\t<meta property=\"og:image:type\" content=\"image\/jpeg\" \/>\n<meta name=\"twitter:card\" content=\"summary_large_image\" \/>\n<meta name=\"twitter:site\" content=\"@TourTravel_More\" \/>\n<meta name=\"twitter:label1\" content=\"Dur\u00e9e de lecture estim\u00e9e\" \/>\n\t<meta name=\"twitter:data1\" content=\"2 minutes\" \/>\n<script type=\"application\/ld+json\" class=\"yoast-schema-graph\">{\"@context\":\"https:\/\/schema.org\",\"@graph\":[{\"@type\":\"WebPage\",\"@id\":\"https:\/\/tourtravelandmore.com\/fr\/tours\/espagne-fr\/fuerteventura-fr-fr\/visite-privee-au-nord-de-fuerteventura\/\",\"url\":\"https:\/\/tourtravelandmore.com\/fr\/tours\/espagne-fr\/fuerteventura-fr-fr\/visite-privee-au-nord-de-fuerteventura\/\",\"name\":\"Visite priv\u00e9e au nord de Fuerteventura - Chauffeur-guide priv\u00e9 pour votre visite\",\"isPartOf\":{\"@id\":\"https:\/\/tourtravelandmore.com\/fr\/#website\"},\"primaryImageOfPage\":{\"@id\":\"https:\/\/tourtravelandmore.com\/fr\/tours\/espagne-fr\/fuerteventura-fr-fr\/visite-privee-au-nord-de-fuerteventura\/#primaryimage\"},\"image\":{\"@id\":\"https:\/\/tourtravelandmore.com\/fr\/tours\/espagne-fr\/fuerteventura-fr-fr\/visite-privee-au-nord-de-fuerteventura\/#primaryimage\"},\"thumbnailUrl\":\"https:\/\/tourtravelandmore.com\/wp-content\/uploads\/2019\/01\/Fuerteventura_Canary_Islands_panorama_of_Cofete_beach_on_Jandia_Peninsula.jpg\",\"datePublished\":\"2019-01-16T16:17:08+00:00\",\"description\":\"Visite priv\u00e9e au nord de Fuerteventura. Chauffeur-guide priv\u00e9 pendant 8 heures. Prise en charge \u00e0 n'importe quel endroit de Fuerteventura. Explorez Fuerteventura\",\"breadcrumb\":{\"@id\":\"https:\/\/tourtravelandmore.com\/fr\/tours\/espagne-fr\/fuerteventura-fr-fr\/visite-privee-au-nord-de-fuerteventura\/#breadcrumb\"},\"inLanguage\":\"fr-FR\",\"potentialAction\":[{\"@type\":\"ReadAction\",\"target\":[\"https:\/\/tourtravelandmore.com\/fr\/tours\/espagne-fr\/fuerteventura-fr-fr\/visite-privee-au-nord-de-fuerteventura\/\"]}]},{\"@type\":\"ImageObject\",\"inLanguage\":\"fr-FR\",\"@id\":\"https:\/\/tourtravelandmore.com\/fr\/tours\/espagne-fr\/fuerteventura-fr-fr\/visite-privee-au-nord-de-fuerteventura\/#primaryimage\",\"url\":\"https:\/\/tourtravelandmore.com\/wp-content\/uploads\/2019\/01\/Fuerteventura_Canary_Islands_panorama_of_Cofete_beach_on_Jandia_Peninsula.jpg\",\"contentUrl\":\"https:\/\/tourtravelandmore.com\/wp-content\/uploads\/2019\/01\/Fuerteventura_Canary_Islands_panorama_of_Cofete_beach_on_Jandia_Peninsula.jpg\",\"width\":3000,\"height\":1229,\"caption\":\"Fuerteventura, Canary Islands, wide sweep of Cofete beach on Jandia Peninsula, panorama\"},{\"@type\":\"BreadcrumbList\",\"@id\":\"https:\/\/tourtravelandmore.com\/fr\/tours\/espagne-fr\/fuerteventura-fr-fr\/visite-privee-au-nord-de-fuerteventura\/#breadcrumb\",\"itemListElement\":[{\"@type\":\"ListItem\",\"position\":1,\"name\":\"Home\",\"item\":\"https:\/\/tourtravelandmore.com\/fr\/\"},{\"@type\":\"ListItem\",\"position\":2,\"name\":\"Tours\",\"item\":\"https:\/\/tourtravelandmore.com\/fr\/tours\/\"},{\"@type\":\"ListItem\",\"position\":3,\"name\":\"Visite priv\u00e9e au nord de Fuerteventura\"}]},{\"@type\":\"WebSite\",\"@id\":\"https:\/\/tourtravelandmore.com\/fr\/#website\",\"url\":\"https:\/\/tourtravelandmore.com\/fr\/\",\"name\":\"Tour Travel And More\",\"description\":\"Private sightseeing tours and luxury transfers in Spain\",\"publisher\":{\"@id\":\"https:\/\/tourtravelandmore.com\/fr\/#organization\"},\"potentialAction\":[{\"@type\":\"SearchAction\",\"target\":{\"@type\":\"EntryPoint\",\"urlTemplate\":\"https:\/\/tourtravelandmore.com\/fr\/?s={search_term_string}\"},\"query-input\":{\"@type\":\"PropertyValueSpecification\",\"valueRequired\":true,\"valueName\":\"search_term_string\"}}],\"inLanguage\":\"fr-FR\"},{\"@type\":\"Organization\",\"@id\":\"https:\/\/tourtravelandmore.com\/fr\/#organization\",\"name\":\"Tour Travel And More\",\"url\":\"https:\/\/tourtravelandmore.com\/fr\/\",\"logo\":{\"@type\":\"ImageObject\",\"inLanguage\":\"fr-FR\",\"@id\":\"https:\/\/tourtravelandmore.com\/fr\/#\/schema\/logo\/image\/\",\"url\":\"https:\/\/tourtravelandmore.com\/wp-content\/uploads\/2022\/12\/cropped-logo-cabecera-new.png\",\"contentUrl\":\"https:\/\/tourtravelandmore.com\/wp-content\/uploads\/2022\/12\/cropped-logo-cabecera-new.png\",\"width\":430,\"height\":61,\"caption\":\"Tour Travel And More\"},\"image\":{\"@id\":\"https:\/\/tourtravelandmore.com\/fr\/#\/schema\/logo\/image\/\"},\"sameAs\":[\"https:\/\/www.facebook.com\/tourtravelandmore\/\",\"https:\/\/x.com\/TourTravel_More\"]}]}<\/script>\n<!-- \/ Yoast SEO Premium plugin. -->","yoast_head_json":{"title":"Visite priv\u00e9e au nord de Fuerteventura - Chauffeur-guide priv\u00e9 pour votre visite","description":"Visite priv\u00e9e au nord de Fuerteventura. Chauffeur-guide priv\u00e9 pendant 8 heures. Prise en charge \u00e0 n'importe quel endroit de Fuerteventura. Explorez Fuerteventura","robots":{"index":"index","follow":"follow","max-snippet":"max-snippet:-1","max-image-preview":"max-image-preview:large","max-video-preview":"max-video-preview:-1"},"canonical":"https:\/\/tourtravelandmore.com\/fr\/tours\/espagne-fr\/fuerteventura-fr-fr\/visite-privee-au-nord-de-fuerteventura\/","og_locale":"fr_FR","og_type":"article","og_title":"Visite priv\u00e9e au nord de Fuerteventura","og_description":"Visite priv\u00e9e au nord de Fuerteventura. Chauffeur-guide priv\u00e9 pendant 8 heures. Prise en charge \u00e0 n'importe quel endroit de Fuerteventura. Explorez Fuerteventura","og_url":"https:\/\/tourtravelandmore.com\/fr\/tours\/espagne-fr\/fuerteventura-fr-fr\/visite-privee-au-nord-de-fuerteventura\/","og_site_name":"Tour Travel And More","article_publisher":"https:\/\/www.facebook.com\/tourtravelandmore\/","og_image":[{"width":3000,"height":1229,"url":"https:\/\/tourtravelandmore.com\/wp-content\/uploads\/2019\/01\/Fuerteventura_Canary_Islands_panorama_of_Cofete_beach_on_Jandia_Peninsula.jpg","type":"image\/jpeg"}],"twitter_card":"summary_large_image","twitter_site":"@TourTravel_More","twitter_misc":{"Dur\u00e9e de lecture estim\u00e9e":"2 minutes"},"schema":{"@context":"https:\/\/schema.org","@graph":[{"@type":"WebPage","@id":"https:\/\/tourtravelandmore.com\/fr\/tours\/espagne-fr\/fuerteventura-fr-fr\/visite-privee-au-nord-de-fuerteventura\/","url":"https:\/\/tourtravelandmore.com\/fr\/tours\/espagne-fr\/fuerteventura-fr-fr\/visite-privee-au-nord-de-fuerteventura\/","name":"Visite priv\u00e9e au nord de Fuerteventura - Chauffeur-guide priv\u00e9 pour votre visite","isPartOf":{"@id":"https:\/\/tourtravelandmore.com\/fr\/#website"},"primaryImageOfPage":{"@id":"https:\/\/tourtravelandmore.com\/fr\/tours\/espagne-fr\/fuerteventura-fr-fr\/visite-privee-au-nord-de-fuerteventura\/#primaryimage"},"image":{"@id":"https:\/\/tourtravelandmore.com\/fr\/tours\/espagne-fr\/fuerteventura-fr-fr\/visite-privee-au-nord-de-fuerteventura\/#primaryimage"},"thumbnailUrl":"https:\/\/tourtravelandmore.com\/wp-content\/uploads\/2019\/01\/Fuerteventura_Canary_Islands_panorama_of_Cofete_beach_on_Jandia_Peninsula.jpg","datePublished":"2019-01-16T16:17:08+00:00","description":"Visite priv\u00e9e au nord de Fuerteventura. Chauffeur-guide priv\u00e9 pendant 8 heures. Prise en charge \u00e0 n'importe quel endroit de Fuerteventura. Explorez Fuerteventura","breadcrumb":{"@id":"https:\/\/tourtravelandmore.com\/fr\/tours\/espagne-fr\/fuerteventura-fr-fr\/visite-privee-au-nord-de-fuerteventura\/#breadcrumb"},"inLanguage":"fr-FR","potentialAction":[{"@type":"ReadAction","target":["https:\/\/tourtravelandmore.com\/fr\/tours\/espagne-fr\/fuerteventura-fr-fr\/visite-privee-au-nord-de-fuerteventura\/"]}]},{"@type":"ImageObject","inLanguage":"fr-FR","@id":"https:\/\/tourtravelandmore.com\/fr\/tours\/espagne-fr\/fuerteventura-fr-fr\/visite-privee-au-nord-de-fuerteventura\/#primaryimage","url":"https:\/\/tourtravelandmore.com\/wp-content\/uploads\/2019\/01\/Fuerteventura_Canary_Islands_panorama_of_Cofete_beach_on_Jandia_Peninsula.jpg","contentUrl":"https:\/\/tourtravelandmore.com\/wp-content\/uploads\/2019\/01\/Fuerteventura_Canary_Islands_panorama_of_Cofete_beach_on_Jandia_Peninsula.jpg","width":3000,"height":1229,"caption":"Fuerteventura, Canary Islands, wide sweep of Cofete beach on Jandia Peninsula, panorama"},{"@type":"BreadcrumbList","@id":"https:\/\/tourtravelandmore.com\/fr\/tours\/espagne-fr\/fuerteventura-fr-fr\/visite-privee-au-nord-de-fuerteventura\/#breadcrumb","itemListElement":[{"@type":"ListItem","position":1,"name":"Home","item":"https:\/\/tourtravelandmore.com\/fr\/"},{"@type":"ListItem","position":2,"name":"Tours","item":"https:\/\/tourtravelandmore.com\/fr\/tours\/"},{"@type":"ListItem","position":3,"name":"Visite priv\u00e9e au nord de Fuerteventura"}]},{"@type":"WebSite","@id":"https:\/\/tourtravelandmore.com\/fr\/#website","url":"https:\/\/tourtravelandmore.com\/fr\/","name":"Tour Travel And More","description":"Private sightseeing tours and luxury transfers in Spain","publisher":{"@id":"https:\/\/tourtravelandmore.com\/fr\/#organization"},"potentialAction":[{"@type":"SearchAction","target":{"@type":"EntryPoint","urlTemplate":"https:\/\/tourtravelandmore.com\/fr\/?s={search_term_string}"},"query-input":{"@type":"PropertyValueSpecification","valueRequired":true,"valueName":"search_term_string"}}],"inLanguage":"fr-FR"},{"@type":"Organization","@id":"https:\/\/tourtravelandmore.com\/fr\/#organization","name":"Tour Travel And More","url":"https:\/\/tourtravelandmore.com\/fr\/","logo":{"@type":"ImageObject","inLanguage":"fr-FR","@id":"https:\/\/tourtravelandmore.com\/fr\/#\/schema\/logo\/image\/","url":"https:\/\/tourtravelandmore.com\/wp-content\/uploads\/2022\/12\/cropped-logo-cabecera-new.png","contentUrl":"https:\/\/tourtravelandmore.com\/wp-content\/uploads\/2022\/12\/cropped-logo-cabecera-new.png","width":430,"height":61,"caption":"Tour Travel And More"},"image":{"@id":"https:\/\/tourtravelandmore.com\/fr\/#\/schema\/logo\/image\/"},"sameAs":["https:\/\/www.facebook.com\/tourtravelandmore\/","https:\/\/x.com\/TourTravel_More"]}]}},"_links":{"self":[{"href":"https:\/\/tourtravelandmore.com\/fr\/wp-json\/wp\/v2\/product\/99203","targetHints":{"allow":["GET"]}}],"collection":[{"href":"https:\/\/tourtravelandmore.com\/fr\/wp-json\/wp\/v2\/product"}],"about":[{"href":"https:\/\/tourtravelandmore.com\/fr\/wp-json\/wp\/v2\/types\/product"}],"replies":[{"embeddable":true,"href":"https:\/\/tourtravelandmore.com\/fr\/wp-json\/wp\/v2\/comments?post=99203"}],"wp:featuredmedia":[{"embeddable":true,"href":"https:\/\/tourtravelandmore.com\/fr\/wp-json\/wp\/v2\/media\/95483"}],"wp:attachment":[{"href":"https:\/\/tourtravelandmore.com\/fr\/wp-json\/wp\/v2\/media?parent=99203"}],"wp:term":[{"taxonomy":"product_brand","embeddable":true,"href":"https:\/\/tourtravelandmore.com\/fr\/wp-json\/wp\/v2\/product_brand?post=99203"},{"taxonomy":"product_cat","embeddable":true,"href":"https:\/\/tourtravelandmore.com\/fr\/wp-json\/wp\/v2\/product_cat?post=99203"},{"taxonomy":"product_tag","embeddable":true,"href":"https:\/\/tourtravelandmore.com\/fr\/wp-json\/wp\/v2\/product_tag?post=99203"}],"curies":[{"name":"wp","href":"https:\/\/api.w.org\/{rel}","templated":true}]}}