{"id":99198,"date":"2019-01-16T14:33:22","date_gmt":"2019-01-16T13:33:22","guid":{"rendered":"https:\/\/tourtravelandmore.com\/tours\/non class\u00e9\/visite-privee-de-la-plage-de-fuerteventura\/"},"modified":"2019-01-16T14:33:22","modified_gmt":"2019-01-16T13:33:22","slug":"visite-privee-de-la-plage-de-fuerteventura","status":"publish","type":"product","link":"https:\/\/tourtravelandmore.com\/fr\/tours\/espagne-fr\/fuerteventura-fr-fr\/visite-privee-de-la-plage-de-fuerteventura\/","title":{"rendered":"Visite priv\u00e9e de la plage de Fuerteventura"},"content":{"rendered":"<h2>Description<\/h2>\n<p>Fuerteventura est la deuxi\u00e8me plus grande \u00eele de l&#8217;\u00eele des Canaries. Profitez de cette visite priv\u00e9e de la plage de Fuerteventura et d\u00e9couvrez les emplacements uniques de la plage de Fuerteventura.<\/p>\n<p>Aux c\u00f4t\u00e9s de notre chauffeur &#8211; guide priv\u00e9, vous apprendrez \u00e0 conna\u00eetre et profiter des meilleures plages de Fuerteventura.<\/p>\n<p>Pour cette visite priv\u00e9e de la plage de Fuerteventura, nous avons diff\u00e9rentes options pour vous. Nous pouvons organiser de longs arr\u00eats pour nager dans l&#8217;oc\u00e9an et nous ferions alors entre 2-3 plages diff\u00e9rentes. Nous passerions alors plus de temps dans chacun des endroits. Il y a aussi l&#8217;option si vous pr\u00e9f\u00e9rez voir autant de plages que possible en 8 heures. Pour cette derni\u00e8re option, notre chauffeur-guide professionnel vous emm\u00e8nera sur autant de plages que possible pour une excursion d&#8217;une journ\u00e9e.<\/p>\n<p>Cette visite priv\u00e9e de la plage de Fuerteventura d\u00e9butera par une prise en charge \u00e0 l&#8217;h\u00f4tel de n&#8217;importe quel endroit de Fuerteventura. La prise en charge peut se faire depuis n&#8217;importe quel endroit que vous souhaitez sur l&#8217;\u00eele.<\/p>\n<h2>Sites d&#8217;int\u00e9r\u00eat et monuments<\/h2>\n<p>Plages de sable blanc. C&#8217;est l&#8217;une des principales raisons pour lesquelles nous voyageons dans les \u00eeles, pour profiter de leurs plages. Parfois, lorsque nous visitons une nouvelle \u00eele ou une nouvelle destination, nous ne savons m\u00eame pas par o\u00f9 commencer pour choisir la bonne plage.<\/p>\n<p>C&#8217;est pourquoi cette visite priv\u00e9e est parfaite pour vous. Tout d&#8217;abord, notre chauffeur-guide viendra vous chercher \u00e0 l&#8217;endroit souhait\u00e9. Nous commencerons ensuite la visite et nous arr\u00eaterons aux plages les plus impressionnantes de Fuerteventura.<\/p>\n<p>Voici quelques-uns des sites et plages que vous aurez la chance d&#8217;explorer.<\/p>\n<ul>\n<li>Corralejo<\/li>\n<li>Caleta de Fuste<\/li>\n<li>Ajuy<\/li>\n<li>Las Playitas<\/li>\n<li>Costa Calma<\/li>\n<li>Tarajalejo<\/li>\n<li>Mal Nombre<\/li>\n<li>Playa del Cofete<\/li>\n<li>Jandia<\/li>\n<\/ul>\n<p>Votre chauffeur-guide vous recommandera o\u00f9 vous pouvez vous arr\u00eater pour manger un morceau. Apr\u00e8s votre visite, notre chauffeur-guide vous ram\u00e8nera \u00e0 votre h\u00f4tel \u00e0 Fuerteventura.<\/p>\n<p>D\u00e9couvrez tous nos autres circuits de l&#8217;\u00eele de Fuerteventura.<\/p>\n","protected":false},"excerpt":{"rendered":"<p>Profitez de cette excursion priv\u00e9e d&#8217;une journ\u00e9e enti\u00e8rement personnalis\u00e9e pour d\u00e9couvrir les meilleures plages de Fuerteventura. Profitez de ses plages les plus importantes et les plus belles. Profitez de cette occasion pour d\u00e9couvrir Fuerteventura dans cette exp\u00e9rience avec votre propre v\u00e9hicule de luxe priv\u00e9 avec chauffeur \/ guide. Personnalisez votre propre exp\u00e9rience avec nous.<\/p>\n","protected":false},"featured_media":95487,"comment_status":"open","ping_status":"closed","template":"","meta":{"_acf_changed":false},"product_brand":[],"product_cat":[3575],"product_tag":[],"class_list":{"0":"post-99198","1":"product","2":"type-product","3":"status-publish","4":"has-post-thumbnail","6":"product_cat-fuerteventura-fr-fr","8":"first","9":"instock","10":"shipping-taxable","11":"purchasable","12":"product-type-simple"},"acf":[],"yoast_head":"<!-- This site is optimized with the Yoast SEO Premium plugin v25.3.1 (Yoast SEO v25.3.1) - https:\/\/yoast.com\/wordpress\/plugins\/seo\/ -->\n<title>Visite priv\u00e9e de la plage de Fuerteventura - Chauffeur-guide priv\u00e9 pour votre visite<\/title>\n<meta name=\"description\" content=\"Visite priv\u00e9e de la plage de Fuerteventura. Chauffeur-guide priv\u00e9 pour explorer les plages de la plage situ\u00e9es sur l&#039;\u00eele de Fuerteventura\" \/>\n<meta name=\"robots\" content=\"index, follow, max-snippet:-1, max-image-preview:large, max-video-preview:-1\" \/>\n<link rel=\"canonical\" href=\"https:\/\/tourtravelandmore.com\/fr\/tours\/espagne-fr\/fuerteventura-fr-fr\/visite-privee-de-la-plage-de-fuerteventura\/\" \/>\n<meta property=\"og:locale\" content=\"fr_FR\" \/>\n<meta property=\"og:type\" content=\"article\" \/>\n<meta property=\"og:title\" content=\"Visite priv\u00e9e de la plage de Fuerteventura\" \/>\n<meta property=\"og:description\" content=\"Visite priv\u00e9e de la plage de Fuerteventura. Chauffeur-guide priv\u00e9 pour explorer les plages de la plage situ\u00e9es sur l&#039;\u00eele de Fuerteventura\" \/>\n<meta property=\"og:url\" content=\"https:\/\/tourtravelandmore.com\/fr\/tours\/espagne-fr\/fuerteventura-fr-fr\/visite-privee-de-la-plage-de-fuerteventura\/\" \/>\n<meta property=\"og:site_name\" content=\"Tour Travel And More\" \/>\n<meta property=\"article:publisher\" content=\"https:\/\/www.facebook.com\/tourtravelandmore\/\" \/>\n<meta property=\"og:image\" content=\"https:\/\/tourtravelandmore.com\/wp-content\/uploads\/2019\/01\/Fuerteventura_Jandia_Playa_del_Viejo_Rey-1024x688.jpg\" \/>\n\t<meta property=\"og:image:width\" content=\"1024\" \/>\n\t<meta property=\"og:image:height\" content=\"688\" \/>\n\t<meta property=\"og:image:type\" content=\"image\/jpeg\" \/>\n<meta name=\"twitter:card\" content=\"summary_large_image\" \/>\n<meta name=\"twitter:site\" content=\"@TourTravel_More\" \/>\n<meta name=\"twitter:label1\" content=\"Dur\u00e9e de lecture estim\u00e9e\" \/>\n\t<meta name=\"twitter:data1\" content=\"2 minutes\" \/>\n<script type=\"application\/ld+json\" class=\"yoast-schema-graph\">{\"@context\":\"https:\/\/schema.org\",\"@graph\":[{\"@type\":\"WebPage\",\"@id\":\"https:\/\/tourtravelandmore.com\/fr\/tours\/espagne-fr\/fuerteventura-fr-fr\/visite-privee-de-la-plage-de-fuerteventura\/\",\"url\":\"https:\/\/tourtravelandmore.com\/fr\/tours\/espagne-fr\/fuerteventura-fr-fr\/visite-privee-de-la-plage-de-fuerteventura\/\",\"name\":\"Visite priv\u00e9e de la plage de Fuerteventura - Chauffeur-guide priv\u00e9 pour votre visite\",\"isPartOf\":{\"@id\":\"https:\/\/tourtravelandmore.com\/fr\/#website\"},\"primaryImageOfPage\":{\"@id\":\"https:\/\/tourtravelandmore.com\/fr\/tours\/espagne-fr\/fuerteventura-fr-fr\/visite-privee-de-la-plage-de-fuerteventura\/#primaryimage\"},\"image\":{\"@id\":\"https:\/\/tourtravelandmore.com\/fr\/tours\/espagne-fr\/fuerteventura-fr-fr\/visite-privee-de-la-plage-de-fuerteventura\/#primaryimage\"},\"thumbnailUrl\":\"https:\/\/tourtravelandmore.com\/wp-content\/uploads\/2019\/01\/Fuerteventura_Jandia_Playa_del_Viejo_Rey.jpg\",\"datePublished\":\"2019-01-16T13:33:22+00:00\",\"description\":\"Visite priv\u00e9e de la plage de Fuerteventura. Chauffeur-guide priv\u00e9 pour explorer les plages de la plage situ\u00e9es sur l'\u00eele de Fuerteventura\",\"breadcrumb\":{\"@id\":\"https:\/\/tourtravelandmore.com\/fr\/tours\/espagne-fr\/fuerteventura-fr-fr\/visite-privee-de-la-plage-de-fuerteventura\/#breadcrumb\"},\"inLanguage\":\"fr-FR\",\"potentialAction\":[{\"@type\":\"ReadAction\",\"target\":[\"https:\/\/tourtravelandmore.com\/fr\/tours\/espagne-fr\/fuerteventura-fr-fr\/visite-privee-de-la-plage-de-fuerteventura\/\"]}]},{\"@type\":\"ImageObject\",\"inLanguage\":\"fr-FR\",\"@id\":\"https:\/\/tourtravelandmore.com\/fr\/tours\/espagne-fr\/fuerteventura-fr-fr\/visite-privee-de-la-plage-de-fuerteventura\/#primaryimage\",\"url\":\"https:\/\/tourtravelandmore.com\/wp-content\/uploads\/2019\/01\/Fuerteventura_Jandia_Playa_del_Viejo_Rey.jpg\",\"contentUrl\":\"https:\/\/tourtravelandmore.com\/wp-content\/uploads\/2019\/01\/Fuerteventura_Jandia_Playa_del_Viejo_Rey.jpg\",\"width\":3719,\"height\":2500,\"caption\":\"west coast of Fuerteventura, Canary Islands, at La Pared\"},{\"@type\":\"BreadcrumbList\",\"@id\":\"https:\/\/tourtravelandmore.com\/fr\/tours\/espagne-fr\/fuerteventura-fr-fr\/visite-privee-de-la-plage-de-fuerteventura\/#breadcrumb\",\"itemListElement\":[{\"@type\":\"ListItem\",\"position\":1,\"name\":\"Home\",\"item\":\"https:\/\/tourtravelandmore.com\/fr\/\"},{\"@type\":\"ListItem\",\"position\":2,\"name\":\"Tours\",\"item\":\"https:\/\/tourtravelandmore.com\/fr\/tours\/\"},{\"@type\":\"ListItem\",\"position\":3,\"name\":\"Visite priv\u00e9e de la plage de Fuerteventura\"}]},{\"@type\":\"WebSite\",\"@id\":\"https:\/\/tourtravelandmore.com\/fr\/#website\",\"url\":\"https:\/\/tourtravelandmore.com\/fr\/\",\"name\":\"Tour Travel And More\",\"description\":\"Private sightseeing tours and luxury transfers in Spain\",\"publisher\":{\"@id\":\"https:\/\/tourtravelandmore.com\/fr\/#organization\"},\"potentialAction\":[{\"@type\":\"SearchAction\",\"target\":{\"@type\":\"EntryPoint\",\"urlTemplate\":\"https:\/\/tourtravelandmore.com\/fr\/?s={search_term_string}\"},\"query-input\":{\"@type\":\"PropertyValueSpecification\",\"valueRequired\":true,\"valueName\":\"search_term_string\"}}],\"inLanguage\":\"fr-FR\"},{\"@type\":\"Organization\",\"@id\":\"https:\/\/tourtravelandmore.com\/fr\/#organization\",\"name\":\"Tour Travel And More\",\"url\":\"https:\/\/tourtravelandmore.com\/fr\/\",\"logo\":{\"@type\":\"ImageObject\",\"inLanguage\":\"fr-FR\",\"@id\":\"https:\/\/tourtravelandmore.com\/fr\/#\/schema\/logo\/image\/\",\"url\":\"https:\/\/tourtravelandmore.com\/wp-content\/uploads\/2022\/12\/cropped-logo-cabecera-new.png\",\"contentUrl\":\"https:\/\/tourtravelandmore.com\/wp-content\/uploads\/2022\/12\/cropped-logo-cabecera-new.png\",\"width\":430,\"height\":61,\"caption\":\"Tour Travel And More\"},\"image\":{\"@id\":\"https:\/\/tourtravelandmore.com\/fr\/#\/schema\/logo\/image\/\"},\"sameAs\":[\"https:\/\/www.facebook.com\/tourtravelandmore\/\",\"https:\/\/x.com\/TourTravel_More\"]}]}<\/script>\n<!-- \/ Yoast SEO Premium plugin. -->","yoast_head_json":{"title":"Visite priv\u00e9e de la plage de Fuerteventura - Chauffeur-guide priv\u00e9 pour votre visite","description":"Visite priv\u00e9e de la plage de Fuerteventura. Chauffeur-guide priv\u00e9 pour explorer les plages de la plage situ\u00e9es sur l'\u00eele de Fuerteventura","robots":{"index":"index","follow":"follow","max-snippet":"max-snippet:-1","max-image-preview":"max-image-preview:large","max-video-preview":"max-video-preview:-1"},"canonical":"https:\/\/tourtravelandmore.com\/fr\/tours\/espagne-fr\/fuerteventura-fr-fr\/visite-privee-de-la-plage-de-fuerteventura\/","og_locale":"fr_FR","og_type":"article","og_title":"Visite priv\u00e9e de la plage de Fuerteventura","og_description":"Visite priv\u00e9e de la plage de Fuerteventura. Chauffeur-guide priv\u00e9 pour explorer les plages de la plage situ\u00e9es sur l'\u00eele de Fuerteventura","og_url":"https:\/\/tourtravelandmore.com\/fr\/tours\/espagne-fr\/fuerteventura-fr-fr\/visite-privee-de-la-plage-de-fuerteventura\/","og_site_name":"Tour Travel And More","article_publisher":"https:\/\/www.facebook.com\/tourtravelandmore\/","og_image":[{"width":1024,"height":688,"url":"https:\/\/tourtravelandmore.com\/wp-content\/uploads\/2019\/01\/Fuerteventura_Jandia_Playa_del_Viejo_Rey-1024x688.jpg","type":"image\/jpeg"}],"twitter_card":"summary_large_image","twitter_site":"@TourTravel_More","twitter_misc":{"Dur\u00e9e de lecture estim\u00e9e":"2 minutes"},"schema":{"@context":"https:\/\/schema.org","@graph":[{"@type":"WebPage","@id":"https:\/\/tourtravelandmore.com\/fr\/tours\/espagne-fr\/fuerteventura-fr-fr\/visite-privee-de-la-plage-de-fuerteventura\/","url":"https:\/\/tourtravelandmore.com\/fr\/tours\/espagne-fr\/fuerteventura-fr-fr\/visite-privee-de-la-plage-de-fuerteventura\/","name":"Visite priv\u00e9e de la plage de Fuerteventura - Chauffeur-guide priv\u00e9 pour votre visite","isPartOf":{"@id":"https:\/\/tourtravelandmore.com\/fr\/#website"},"primaryImageOfPage":{"@id":"https:\/\/tourtravelandmore.com\/fr\/tours\/espagne-fr\/fuerteventura-fr-fr\/visite-privee-de-la-plage-de-fuerteventura\/#primaryimage"},"image":{"@id":"https:\/\/tourtravelandmore.com\/fr\/tours\/espagne-fr\/fuerteventura-fr-fr\/visite-privee-de-la-plage-de-fuerteventura\/#primaryimage"},"thumbnailUrl":"https:\/\/tourtravelandmore.com\/wp-content\/uploads\/2019\/01\/Fuerteventura_Jandia_Playa_del_Viejo_Rey.jpg","datePublished":"2019-01-16T13:33:22+00:00","description":"Visite priv\u00e9e de la plage de Fuerteventura. Chauffeur-guide priv\u00e9 pour explorer les plages de la plage situ\u00e9es sur l'\u00eele de Fuerteventura","breadcrumb":{"@id":"https:\/\/tourtravelandmore.com\/fr\/tours\/espagne-fr\/fuerteventura-fr-fr\/visite-privee-de-la-plage-de-fuerteventura\/#breadcrumb"},"inLanguage":"fr-FR","potentialAction":[{"@type":"ReadAction","target":["https:\/\/tourtravelandmore.com\/fr\/tours\/espagne-fr\/fuerteventura-fr-fr\/visite-privee-de-la-plage-de-fuerteventura\/"]}]},{"@type":"ImageObject","inLanguage":"fr-FR","@id":"https:\/\/tourtravelandmore.com\/fr\/tours\/espagne-fr\/fuerteventura-fr-fr\/visite-privee-de-la-plage-de-fuerteventura\/#primaryimage","url":"https:\/\/tourtravelandmore.com\/wp-content\/uploads\/2019\/01\/Fuerteventura_Jandia_Playa_del_Viejo_Rey.jpg","contentUrl":"https:\/\/tourtravelandmore.com\/wp-content\/uploads\/2019\/01\/Fuerteventura_Jandia_Playa_del_Viejo_Rey.jpg","width":3719,"height":2500,"caption":"west coast of Fuerteventura, Canary Islands, at La Pared"},{"@type":"BreadcrumbList","@id":"https:\/\/tourtravelandmore.com\/fr\/tours\/espagne-fr\/fuerteventura-fr-fr\/visite-privee-de-la-plage-de-fuerteventura\/#breadcrumb","itemListElement":[{"@type":"ListItem","position":1,"name":"Home","item":"https:\/\/tourtravelandmore.com\/fr\/"},{"@type":"ListItem","position":2,"name":"Tours","item":"https:\/\/tourtravelandmore.com\/fr\/tours\/"},{"@type":"ListItem","position":3,"name":"Visite priv\u00e9e de la plage de Fuerteventura"}]},{"@type":"WebSite","@id":"https:\/\/tourtravelandmore.com\/fr\/#website","url":"https:\/\/tourtravelandmore.com\/fr\/","name":"Tour Travel And More","description":"Private sightseeing tours and luxury transfers in Spain","publisher":{"@id":"https:\/\/tourtravelandmore.com\/fr\/#organization"},"potentialAction":[{"@type":"SearchAction","target":{"@type":"EntryPoint","urlTemplate":"https:\/\/tourtravelandmore.com\/fr\/?s={search_term_string}"},"query-input":{"@type":"PropertyValueSpecification","valueRequired":true,"valueName":"search_term_string"}}],"inLanguage":"fr-FR"},{"@type":"Organization","@id":"https:\/\/tourtravelandmore.com\/fr\/#organization","name":"Tour Travel And More","url":"https:\/\/tourtravelandmore.com\/fr\/","logo":{"@type":"ImageObject","inLanguage":"fr-FR","@id":"https:\/\/tourtravelandmore.com\/fr\/#\/schema\/logo\/image\/","url":"https:\/\/tourtravelandmore.com\/wp-content\/uploads\/2022\/12\/cropped-logo-cabecera-new.png","contentUrl":"https:\/\/tourtravelandmore.com\/wp-content\/uploads\/2022\/12\/cropped-logo-cabecera-new.png","width":430,"height":61,"caption":"Tour Travel And More"},"image":{"@id":"https:\/\/tourtravelandmore.com\/fr\/#\/schema\/logo\/image\/"},"sameAs":["https:\/\/www.facebook.com\/tourtravelandmore\/","https:\/\/x.com\/TourTravel_More"]}]}},"_links":{"self":[{"href":"https:\/\/tourtravelandmore.com\/fr\/wp-json\/wp\/v2\/product\/99198","targetHints":{"allow":["GET"]}}],"collection":[{"href":"https:\/\/tourtravelandmore.com\/fr\/wp-json\/wp\/v2\/product"}],"about":[{"href":"https:\/\/tourtravelandmore.com\/fr\/wp-json\/wp\/v2\/types\/product"}],"replies":[{"embeddable":true,"href":"https:\/\/tourtravelandmore.com\/fr\/wp-json\/wp\/v2\/comments?post=99198"}],"wp:featuredmedia":[{"embeddable":true,"href":"https:\/\/tourtravelandmore.com\/fr\/wp-json\/wp\/v2\/media\/95487"}],"wp:attachment":[{"href":"https:\/\/tourtravelandmore.com\/fr\/wp-json\/wp\/v2\/media?parent=99198"}],"wp:term":[{"taxonomy":"product_brand","embeddable":true,"href":"https:\/\/tourtravelandmore.com\/fr\/wp-json\/wp\/v2\/product_brand?post=99198"},{"taxonomy":"product_cat","embeddable":true,"href":"https:\/\/tourtravelandmore.com\/fr\/wp-json\/wp\/v2\/product_cat?post=99198"},{"taxonomy":"product_tag","embeddable":true,"href":"https:\/\/tourtravelandmore.com\/fr\/wp-json\/wp\/v2\/product_tag?post=99198"}],"curies":[{"name":"wp","href":"https:\/\/api.w.org\/{rel}","templated":true}]}}