{"id":99166,"date":"2016-11-07T19:10:25","date_gmt":"2016-11-07T18:10:25","guid":{"rendered":"https:\/\/tourtravelandmore.com\/tours\/non class\u00e9\/visite-privee-de-valence-au-depart-dalicante\/"},"modified":"2016-11-07T19:10:25","modified_gmt":"2016-11-07T18:10:25","slug":"visite-privee-de-valence-au-depart-dalicante","status":"publish","type":"product","link":"https:\/\/tourtravelandmore.com\/fr\/tours\/espagne-fr\/alicante-fr\/visite-privee-de-valence-au-depart-dalicante\/","title":{"rendered":"Visite priv\u00e9e de Valence au d\u00e9part d&#8217;Alicante"},"content":{"rendered":"<h2>Description<\/h2>\n<p>Tout d&#8217;abord, cette visite priv\u00e9e propos\u00e9e par Tour Travel &amp; More d\u00e9butera \u00e0 partir de votre h\u00f4tel, port de croisi\u00e8re ou lieu de votre choix \u00e0 Alicante. De l\u00e0, nous commencerons votre visite priv\u00e9e de Valence au d\u00e9part d&#8217;Alicante.<\/p>\n<p>Deuxi\u00e8mement, nous pouvons choisir l&#8217;heure de d\u00e9part et le lieu de localisation \u00e0 Alicante. Notre chauffeur priv\u00e9 vous attendra pour vous emmener vers Valence.<\/p>\n<p>Profitez de cette visite priv\u00e9e d&#8217;une journ\u00e9e avec votre guide officiel et confortablement dans votre v\u00e9hicule de luxe priv\u00e9 avec chauffeur pour d\u00e9couvrir les sites les plus embl\u00e9matiques de Valence.<\/p>\n<p>Notre guide officiel priv\u00e9 vous attendra pour vous faire visiter les meilleurs quartiers de Valence!<\/p>\n<h2>Sites d&#8217;int\u00e9r\u00eat et monuments<\/h2>\n<p>Tout d&#8217;abord, nous viendrons vous chercher et partirons en direction de Valence. Nous vous emm\u00e8nerons dans les sites les plus embl\u00e9matiques de Valence. Nous conduirons en toute s\u00e9curit\u00e9 vers Valence depuis Alicante avec notre v\u00e9hicule de luxe priv\u00e9 et notre chauffeur.<\/p>\n<p>Deuxi\u00e8mement, nous pourrons profiter entre autres monuments des sites suivants. De plus, profitez des meilleurs sites de Valence \u00e0 c\u00f4t\u00e9 de votre guide officiel priv\u00e9.<\/p>\n<ul>\n<li>Plaza de la Virgen<\/li>\n<li>La Valence romaine<\/li>\n<li>Basilique de la Virgen de los Desamparados<\/li>\n<li>Cath\u00e9drale de Valence<\/li>\n<li>El Miguelete<\/li>\n<li>Palais de la Generalitat<\/li>\n<li>Rue Caballeros<\/li>\n<li>March\u00e9 central de Valence<\/li>\n<li>Plaza Redonda<\/li>\n<li>Ciudad de las Artes de las Ciencias<\/li>\n<li>La Lonja de la Seda<\/li>\n<li>Santa Catalina<\/li>\n<\/ul>\n<p>Enfin, pour terminer cette visite priv\u00e9e de Valence au d\u00e9part d&#8217;Alicante, votre chauffeur priv\u00e9 dans votre v\u00e9hicule de luxe vous ram\u00e8nera au lieu de votre choix \u00e0 Alicante. Nous retournerons vers Alicante. Nous pouvons vous d\u00e9poser \u00e0 l&#8217;endroit de votre choix \u00e0 Alicante! Contactez-nous et nous organiserons la proposition correspondante pour vous.<\/p>\n<p>Jetez un \u0153il \u00e0 nos visites priv\u00e9es d&#8217;Alicante ici!<\/p>\n","protected":false},"excerpt":{"rendered":"<p>Visite priv\u00e9e de Valence enti\u00e8rement personnalis\u00e9e au d\u00e9part d&#8217;Alicante et profitez de ses monuments et sites les plus importants. V\u00e9hicule de luxe priv\u00e9 avec chauffeur. Guide touristique officiel priv\u00e9 \u00e0 Valence.<\/p>\n","protected":false},"featured_media":95798,"comment_status":"open","ping_status":"closed","template":"","meta":{"_acf_changed":false},"product_brand":[],"product_cat":[3573],"product_tag":[],"class_list":{"0":"post-99166","1":"product","2":"type-product","3":"status-publish","4":"has-post-thumbnail","6":"product_cat-alicante-fr","8":"first","9":"instock","10":"shipping-taxable","11":"purchasable","12":"product-type-simple"},"acf":[],"yoast_head":"<!-- This site is optimized with the Yoast SEO Premium plugin v25.3.1 (Yoast SEO v25.3.1) - https:\/\/yoast.com\/wordpress\/plugins\/seo\/ -->\n<title>Visite priv\u00e9e de Valence au d\u00e9part d&#039;Alicante - V\u00e9hicule de luxe priv\u00e9<\/title>\n<meta name=\"description\" content=\"Visite priv\u00e9e de Valence enti\u00e8rement personnalis\u00e9e au d\u00e9part d&#039;Alicante et profitez de ses monuments et sites les plus importants. V\u00e9hicule de luxe priv\u00e9 avec chauffeur.\" \/>\n<meta name=\"robots\" content=\"index, follow, max-snippet:-1, max-image-preview:large, max-video-preview:-1\" \/>\n<link rel=\"canonical\" href=\"https:\/\/tourtravelandmore.com\/fr\/tours\/espagne-fr\/alicante-fr\/visite-privee-de-valence-au-depart-dalicante\/\" \/>\n<meta property=\"og:locale\" content=\"fr_FR\" \/>\n<meta property=\"og:type\" content=\"article\" \/>\n<meta property=\"og:title\" content=\"Visite priv\u00e9e de Valence au d\u00e9part d&#039;Alicante\" \/>\n<meta property=\"og:description\" content=\"Visite priv\u00e9e de Valence enti\u00e8rement personnalis\u00e9e au d\u00e9part d&#039;Alicante et profitez de ses monuments et sites les plus importants. V\u00e9hicule de luxe priv\u00e9 avec chauffeur.\" \/>\n<meta property=\"og:url\" content=\"https:\/\/tourtravelandmore.com\/fr\/tours\/espagne-fr\/alicante-fr\/visite-privee-de-valence-au-depart-dalicante\/\" \/>\n<meta property=\"og:site_name\" content=\"Tour Travel And More\" \/>\n<meta property=\"article:publisher\" content=\"https:\/\/www.facebook.com\/tourtravelandmore\/\" \/>\n<meta property=\"og:image\" content=\"https:\/\/tourtravelandmore.com\/wp-content\/uploads\/2016\/11\/Valencia-1.jpg\" \/>\n\t<meta property=\"og:image:width\" content=\"800\" \/>\n\t<meta property=\"og:image:height\" content=\"534\" \/>\n\t<meta property=\"og:image:type\" content=\"image\/jpeg\" \/>\n<meta name=\"twitter:card\" content=\"summary_large_image\" \/>\n<meta name=\"twitter:site\" content=\"@TourTravel_More\" \/>\n<meta name=\"twitter:label1\" content=\"Dur\u00e9e de lecture estim\u00e9e\" \/>\n\t<meta name=\"twitter:data1\" content=\"2 minutes\" \/>\n<script type=\"application\/ld+json\" class=\"yoast-schema-graph\">{\"@context\":\"https:\/\/schema.org\",\"@graph\":[{\"@type\":\"WebPage\",\"@id\":\"https:\/\/tourtravelandmore.com\/fr\/tours\/espagne-fr\/alicante-fr\/visite-privee-de-valence-au-depart-dalicante\/\",\"url\":\"https:\/\/tourtravelandmore.com\/fr\/tours\/espagne-fr\/alicante-fr\/visite-privee-de-valence-au-depart-dalicante\/\",\"name\":\"Visite priv\u00e9e de Valence au d\u00e9part d'Alicante - V\u00e9hicule de luxe priv\u00e9\",\"isPartOf\":{\"@id\":\"https:\/\/tourtravelandmore.com\/fr\/#website\"},\"primaryImageOfPage\":{\"@id\":\"https:\/\/tourtravelandmore.com\/fr\/tours\/espagne-fr\/alicante-fr\/visite-privee-de-valence-au-depart-dalicante\/#primaryimage\"},\"image\":{\"@id\":\"https:\/\/tourtravelandmore.com\/fr\/tours\/espagne-fr\/alicante-fr\/visite-privee-de-valence-au-depart-dalicante\/#primaryimage\"},\"thumbnailUrl\":\"https:\/\/tourtravelandmore.com\/wp-content\/uploads\/2016\/11\/Valencia-1.jpg\",\"datePublished\":\"2016-11-07T18:10:25+00:00\",\"description\":\"Visite priv\u00e9e de Valence enti\u00e8rement personnalis\u00e9e au d\u00e9part d'Alicante et profitez de ses monuments et sites les plus importants. V\u00e9hicule de luxe priv\u00e9 avec chauffeur.\",\"breadcrumb\":{\"@id\":\"https:\/\/tourtravelandmore.com\/fr\/tours\/espagne-fr\/alicante-fr\/visite-privee-de-valence-au-depart-dalicante\/#breadcrumb\"},\"inLanguage\":\"fr-FR\",\"potentialAction\":[{\"@type\":\"ReadAction\",\"target\":[\"https:\/\/tourtravelandmore.com\/fr\/tours\/espagne-fr\/alicante-fr\/visite-privee-de-valence-au-depart-dalicante\/\"]}]},{\"@type\":\"ImageObject\",\"inLanguage\":\"fr-FR\",\"@id\":\"https:\/\/tourtravelandmore.com\/fr\/tours\/espagne-fr\/alicante-fr\/visite-privee-de-valence-au-depart-dalicante\/#primaryimage\",\"url\":\"https:\/\/tourtravelandmore.com\/wp-content\/uploads\/2016\/11\/Valencia-1.jpg\",\"contentUrl\":\"https:\/\/tourtravelandmore.com\/wp-content\/uploads\/2016\/11\/Valencia-1.jpg\",\"width\":800,\"height\":534},{\"@type\":\"BreadcrumbList\",\"@id\":\"https:\/\/tourtravelandmore.com\/fr\/tours\/espagne-fr\/alicante-fr\/visite-privee-de-valence-au-depart-dalicante\/#breadcrumb\",\"itemListElement\":[{\"@type\":\"ListItem\",\"position\":1,\"name\":\"Home\",\"item\":\"https:\/\/tourtravelandmore.com\/fr\/\"},{\"@type\":\"ListItem\",\"position\":2,\"name\":\"Tours\",\"item\":\"https:\/\/tourtravelandmore.com\/fr\/tours\/\"},{\"@type\":\"ListItem\",\"position\":3,\"name\":\"Visite priv\u00e9e de Valence au d\u00e9part d&rsquo;Alicante\"}]},{\"@type\":\"WebSite\",\"@id\":\"https:\/\/tourtravelandmore.com\/fr\/#website\",\"url\":\"https:\/\/tourtravelandmore.com\/fr\/\",\"name\":\"Tour Travel And More\",\"description\":\"Private sightseeing tours and luxury transfers in Spain\",\"publisher\":{\"@id\":\"https:\/\/tourtravelandmore.com\/fr\/#organization\"},\"potentialAction\":[{\"@type\":\"SearchAction\",\"target\":{\"@type\":\"EntryPoint\",\"urlTemplate\":\"https:\/\/tourtravelandmore.com\/fr\/?s={search_term_string}\"},\"query-input\":{\"@type\":\"PropertyValueSpecification\",\"valueRequired\":true,\"valueName\":\"search_term_string\"}}],\"inLanguage\":\"fr-FR\"},{\"@type\":\"Organization\",\"@id\":\"https:\/\/tourtravelandmore.com\/fr\/#organization\",\"name\":\"Tour Travel And More\",\"url\":\"https:\/\/tourtravelandmore.com\/fr\/\",\"logo\":{\"@type\":\"ImageObject\",\"inLanguage\":\"fr-FR\",\"@id\":\"https:\/\/tourtravelandmore.com\/fr\/#\/schema\/logo\/image\/\",\"url\":\"https:\/\/tourtravelandmore.com\/wp-content\/uploads\/2022\/12\/cropped-logo-cabecera-new.png\",\"contentUrl\":\"https:\/\/tourtravelandmore.com\/wp-content\/uploads\/2022\/12\/cropped-logo-cabecera-new.png\",\"width\":430,\"height\":61,\"caption\":\"Tour Travel And More\"},\"image\":{\"@id\":\"https:\/\/tourtravelandmore.com\/fr\/#\/schema\/logo\/image\/\"},\"sameAs\":[\"https:\/\/www.facebook.com\/tourtravelandmore\/\",\"https:\/\/x.com\/TourTravel_More\"]}]}<\/script>\n<!-- \/ Yoast SEO Premium plugin. -->","yoast_head_json":{"title":"Visite priv\u00e9e de Valence au d\u00e9part d'Alicante - V\u00e9hicule de luxe priv\u00e9","description":"Visite priv\u00e9e de Valence enti\u00e8rement personnalis\u00e9e au d\u00e9part d'Alicante et profitez de ses monuments et sites les plus importants. V\u00e9hicule de luxe priv\u00e9 avec chauffeur.","robots":{"index":"index","follow":"follow","max-snippet":"max-snippet:-1","max-image-preview":"max-image-preview:large","max-video-preview":"max-video-preview:-1"},"canonical":"https:\/\/tourtravelandmore.com\/fr\/tours\/espagne-fr\/alicante-fr\/visite-privee-de-valence-au-depart-dalicante\/","og_locale":"fr_FR","og_type":"article","og_title":"Visite priv\u00e9e de Valence au d\u00e9part d'Alicante","og_description":"Visite priv\u00e9e de Valence enti\u00e8rement personnalis\u00e9e au d\u00e9part d'Alicante et profitez de ses monuments et sites les plus importants. V\u00e9hicule de luxe priv\u00e9 avec chauffeur.","og_url":"https:\/\/tourtravelandmore.com\/fr\/tours\/espagne-fr\/alicante-fr\/visite-privee-de-valence-au-depart-dalicante\/","og_site_name":"Tour Travel And More","article_publisher":"https:\/\/www.facebook.com\/tourtravelandmore\/","og_image":[{"width":800,"height":534,"url":"https:\/\/tourtravelandmore.com\/wp-content\/uploads\/2016\/11\/Valencia-1.jpg","type":"image\/jpeg"}],"twitter_card":"summary_large_image","twitter_site":"@TourTravel_More","twitter_misc":{"Dur\u00e9e de lecture estim\u00e9e":"2 minutes"},"schema":{"@context":"https:\/\/schema.org","@graph":[{"@type":"WebPage","@id":"https:\/\/tourtravelandmore.com\/fr\/tours\/espagne-fr\/alicante-fr\/visite-privee-de-valence-au-depart-dalicante\/","url":"https:\/\/tourtravelandmore.com\/fr\/tours\/espagne-fr\/alicante-fr\/visite-privee-de-valence-au-depart-dalicante\/","name":"Visite priv\u00e9e de Valence au d\u00e9part d'Alicante - V\u00e9hicule de luxe priv\u00e9","isPartOf":{"@id":"https:\/\/tourtravelandmore.com\/fr\/#website"},"primaryImageOfPage":{"@id":"https:\/\/tourtravelandmore.com\/fr\/tours\/espagne-fr\/alicante-fr\/visite-privee-de-valence-au-depart-dalicante\/#primaryimage"},"image":{"@id":"https:\/\/tourtravelandmore.com\/fr\/tours\/espagne-fr\/alicante-fr\/visite-privee-de-valence-au-depart-dalicante\/#primaryimage"},"thumbnailUrl":"https:\/\/tourtravelandmore.com\/wp-content\/uploads\/2016\/11\/Valencia-1.jpg","datePublished":"2016-11-07T18:10:25+00:00","description":"Visite priv\u00e9e de Valence enti\u00e8rement personnalis\u00e9e au d\u00e9part d'Alicante et profitez de ses monuments et sites les plus importants. V\u00e9hicule de luxe priv\u00e9 avec chauffeur.","breadcrumb":{"@id":"https:\/\/tourtravelandmore.com\/fr\/tours\/espagne-fr\/alicante-fr\/visite-privee-de-valence-au-depart-dalicante\/#breadcrumb"},"inLanguage":"fr-FR","potentialAction":[{"@type":"ReadAction","target":["https:\/\/tourtravelandmore.com\/fr\/tours\/espagne-fr\/alicante-fr\/visite-privee-de-valence-au-depart-dalicante\/"]}]},{"@type":"ImageObject","inLanguage":"fr-FR","@id":"https:\/\/tourtravelandmore.com\/fr\/tours\/espagne-fr\/alicante-fr\/visite-privee-de-valence-au-depart-dalicante\/#primaryimage","url":"https:\/\/tourtravelandmore.com\/wp-content\/uploads\/2016\/11\/Valencia-1.jpg","contentUrl":"https:\/\/tourtravelandmore.com\/wp-content\/uploads\/2016\/11\/Valencia-1.jpg","width":800,"height":534},{"@type":"BreadcrumbList","@id":"https:\/\/tourtravelandmore.com\/fr\/tours\/espagne-fr\/alicante-fr\/visite-privee-de-valence-au-depart-dalicante\/#breadcrumb","itemListElement":[{"@type":"ListItem","position":1,"name":"Home","item":"https:\/\/tourtravelandmore.com\/fr\/"},{"@type":"ListItem","position":2,"name":"Tours","item":"https:\/\/tourtravelandmore.com\/fr\/tours\/"},{"@type":"ListItem","position":3,"name":"Visite priv\u00e9e de Valence au d\u00e9part d&rsquo;Alicante"}]},{"@type":"WebSite","@id":"https:\/\/tourtravelandmore.com\/fr\/#website","url":"https:\/\/tourtravelandmore.com\/fr\/","name":"Tour Travel And More","description":"Private sightseeing tours and luxury transfers in Spain","publisher":{"@id":"https:\/\/tourtravelandmore.com\/fr\/#organization"},"potentialAction":[{"@type":"SearchAction","target":{"@type":"EntryPoint","urlTemplate":"https:\/\/tourtravelandmore.com\/fr\/?s={search_term_string}"},"query-input":{"@type":"PropertyValueSpecification","valueRequired":true,"valueName":"search_term_string"}}],"inLanguage":"fr-FR"},{"@type":"Organization","@id":"https:\/\/tourtravelandmore.com\/fr\/#organization","name":"Tour Travel And More","url":"https:\/\/tourtravelandmore.com\/fr\/","logo":{"@type":"ImageObject","inLanguage":"fr-FR","@id":"https:\/\/tourtravelandmore.com\/fr\/#\/schema\/logo\/image\/","url":"https:\/\/tourtravelandmore.com\/wp-content\/uploads\/2022\/12\/cropped-logo-cabecera-new.png","contentUrl":"https:\/\/tourtravelandmore.com\/wp-content\/uploads\/2022\/12\/cropped-logo-cabecera-new.png","width":430,"height":61,"caption":"Tour Travel And More"},"image":{"@id":"https:\/\/tourtravelandmore.com\/fr\/#\/schema\/logo\/image\/"},"sameAs":["https:\/\/www.facebook.com\/tourtravelandmore\/","https:\/\/x.com\/TourTravel_More"]}]}},"_links":{"self":[{"href":"https:\/\/tourtravelandmore.com\/fr\/wp-json\/wp\/v2\/product\/99166","targetHints":{"allow":["GET"]}}],"collection":[{"href":"https:\/\/tourtravelandmore.com\/fr\/wp-json\/wp\/v2\/product"}],"about":[{"href":"https:\/\/tourtravelandmore.com\/fr\/wp-json\/wp\/v2\/types\/product"}],"replies":[{"embeddable":true,"href":"https:\/\/tourtravelandmore.com\/fr\/wp-json\/wp\/v2\/comments?post=99166"}],"wp:featuredmedia":[{"embeddable":true,"href":"https:\/\/tourtravelandmore.com\/fr\/wp-json\/wp\/v2\/media\/95798"}],"wp:attachment":[{"href":"https:\/\/tourtravelandmore.com\/fr\/wp-json\/wp\/v2\/media?parent=99166"}],"wp:term":[{"taxonomy":"product_brand","embeddable":true,"href":"https:\/\/tourtravelandmore.com\/fr\/wp-json\/wp\/v2\/product_brand?post=99166"},{"taxonomy":"product_cat","embeddable":true,"href":"https:\/\/tourtravelandmore.com\/fr\/wp-json\/wp\/v2\/product_cat?post=99166"},{"taxonomy":"product_tag","embeddable":true,"href":"https:\/\/tourtravelandmore.com\/fr\/wp-json\/wp\/v2\/product_tag?post=99166"}],"curies":[{"name":"wp","href":"https:\/\/api.w.org\/{rel}","templated":true}]}}