{"id":99156,"date":"2016-11-07T16:12:51","date_gmt":"2016-11-07T15:12:51","guid":{"rendered":"https:\/\/tourtravelandmore.com\/tours\/non%20class\u00e9\/visite-privee-a-pied-dalicante\/"},"modified":"2024-07-08T16:55:55","modified_gmt":"2024-07-08T14:55:55","slug":"visite-privee-a-pied-dalicante","status":"publish","type":"product","link":"https:\/\/tourtravelandmore.com\/fr\/tours\/espagne-fr\/alicante-fr\/visite-privee-a-pied-dalicante\/","title":{"rendered":"Visite priv\u00e9e \u00e0 pied d&#8217;Alicante"},"content":{"rendered":"<h2>Description<\/h2>\n<p>Cette visite priv\u00e9e \u00e0 pied d&#8217;Alicante propos\u00e9e par Tour Travel &amp; More d\u00e9butera depuis votre h\u00f4tel (situ\u00e9 au centre). Sinon, \u00e0 un point de rencontre central, accessible \u00e0 pied. De l\u00e0, nous commencerons votre visite priv\u00e9e \u00e0 pied d&#8217;Alicante.<\/p>\n<p>En d&#8217;autres termes, vous pouvez choisir l&#8217;heure de d\u00e9part et le lieu de d\u00e9part \u00e0 Alicante s&#8217;il est situ\u00e9 dans le centre-ville.<\/p>\n<p>Profitez de cette visite priv\u00e9e d&#8217;une demi-journ\u00e9e avec votre guide officiel pour d\u00e9couvrir les sites les plus embl\u00e9matiques d&#8217;Alicante.<\/p>\n<p>Il s&#8217;agit d&#8217;une visite \u00e0 pied d&#8217;Alicante enti\u00e8rement personnalis\u00e9e. Vous pouvez personnaliser chaque visite en nous contactant simplement.<\/p>\n<h2>Sites d&#8217;int\u00e9r\u00eat et monuments<\/h2>\n<p>Tout d&#8217;abord, apr\u00e8s avoir rencontr\u00e9 votre guide officiel priv\u00e9, nous nous dirigerons vers le c\u0153ur du centre-ville.<\/p>\n<p>Nous vous emm\u00e8nerons dans les sites les plus embl\u00e9matiques d&#8217;Alicante.<\/p>\n<p>Deuxi\u00e8mement, vous pourrez profiter entre autres monuments des sites suivants.<\/p>\n<ul>\n<li>Ch\u00e2teau de Santa Barbara<\/li>\n<li>Port d&#8217;Alicante<\/li>\n<li>Tabarca<\/li>\n<li>Platja del Postiguet<\/li>\n<li>Explanada de Espa\u00f1a<\/li>\n<li>Basilique de Sainte Marie d&#8217;Alicante<\/li>\n<li>Mont Benacantil<\/li>\n<li>Plage de San Juan<\/li>\n<li>Concatedral de San Nicolas de Bari<\/li>\n<\/ul>\n<p>De plus, vous pourrez personnaliser cette visite priv\u00e9e \u00e0 pied d&#8217;Alicante et prendre des photos impressionnantes quand vous le souhaitez.<\/p>\n<p>Toutes nos visites sont enti\u00e8rement priv\u00e9es et nous pouvons les cr\u00e9er pour r\u00e9pondre \u00e0 vos propres d\u00e9sirs.<\/p>\n<p>Des milliers de clients nous ont fait confiance \u00e0 Tour Travel &amp; More pour rendre leur exp\u00e9rience unique. Nous sommes l\u00e0 pour les aider \u00e0 organiser leur exp\u00e9rience priv\u00e9e.<\/p>\n<p>Enfin, cette visite priv\u00e9e se terminera dans le centre-ville.<\/p>\n<p>En conclusion, c&#8217;est l&#8217;un de nos circuits les plus vendus \u00e0 Alicante pour des excursions \u00e0 terre ou une visite priv\u00e9e de 4 heures.<\/p>\n<p>Jetez un \u0153il \u00e0 nos visites priv\u00e9es \u00e0 Alicante. Nous pouvons offrir n&#8217;importe quelle exp\u00e9rience pour vous.<\/p>\n","protected":false},"excerpt":{"rendered":"<p>Visite \u00e0 pied d&#8217;Alicante. Profitez de ses monuments et sites les plus importants et de sa beaut\u00e9 avec votre propre guide officiel priv\u00e9.<\/p>\n","protected":false},"featured_media":175499,"comment_status":"open","ping_status":"closed","template":"","meta":{"_acf_changed":false},"product_brand":[],"product_cat":[3573],"product_tag":[],"class_list":{"0":"post-99156","1":"product","2":"type-product","3":"status-publish","4":"has-post-thumbnail","6":"product_cat-alicante-fr","8":"first","9":"instock","10":"shipping-taxable","11":"purchasable","12":"product-type-simple"},"acf":[],"yoast_head":"<!-- This site is optimized with the Yoast SEO Premium plugin v25.3.1 (Yoast SEO v25.3.1) - https:\/\/yoast.com\/wordpress\/plugins\/seo\/ -->\n<title>Visite priv\u00e9e \u00e0 pied d&#039;Alicante - Guide touristique officiel priv\u00e9 \u00e0 Alicante<\/title>\n<meta name=\"description\" content=\"Visite priv\u00e9e \u00e0 pied d&#039;Alicante. Profitez de ses monuments et sites les plus importants et de sa beaut\u00e9 avec votre propre guide officiel priv\u00e9.\" \/>\n<meta name=\"robots\" content=\"index, follow, max-snippet:-1, max-image-preview:large, max-video-preview:-1\" \/>\n<link rel=\"canonical\" href=\"https:\/\/tourtravelandmore.com\/fr\/tours\/espagne-fr\/alicante-fr\/visite-privee-a-pied-dalicante\/\" \/>\n<meta property=\"og:locale\" content=\"fr_FR\" \/>\n<meta property=\"og:type\" content=\"article\" \/>\n<meta property=\"og:title\" content=\"Visite priv\u00e9e \u00e0 pied d&#039;Alicante\" \/>\n<meta property=\"og:description\" content=\"Visite priv\u00e9e \u00e0 pied d&#039;Alicante. Profitez de ses monuments et sites les plus importants et de sa beaut\u00e9 avec votre propre guide officiel priv\u00e9.\" \/>\n<meta property=\"og:url\" content=\"https:\/\/tourtravelandmore.com\/fr\/tours\/espagne-fr\/alicante-fr\/visite-privee-a-pied-dalicante\/\" \/>\n<meta property=\"og:site_name\" content=\"Tour Travel And More\" \/>\n<meta property=\"article:publisher\" content=\"https:\/\/www.facebook.com\/tourtravelandmore\/\" \/>\n<meta property=\"article:modified_time\" content=\"2024-07-08T14:55:55+00:00\" \/>\n<meta property=\"og:image\" content=\"https:\/\/tourtravelandmore.com\/wp-content\/uploads\/2016\/11\/pexels-emilio-sanchez-285921208-15958380.jpg\" \/>\n\t<meta property=\"og:image:width\" content=\"1280\" \/>\n\t<meta property=\"og:image:height\" content=\"853\" \/>\n\t<meta property=\"og:image:type\" content=\"image\/jpeg\" \/>\n<meta name=\"twitter:card\" content=\"summary_large_image\" \/>\n<meta name=\"twitter:site\" content=\"@TourTravel_More\" \/>\n<meta name=\"twitter:label1\" content=\"Dur\u00e9e de lecture estim\u00e9e\" \/>\n\t<meta name=\"twitter:data1\" content=\"2 minutes\" \/>\n<script type=\"application\/ld+json\" class=\"yoast-schema-graph\">{\"@context\":\"https:\/\/schema.org\",\"@graph\":[{\"@type\":\"WebPage\",\"@id\":\"https:\/\/tourtravelandmore.com\/fr\/tours\/espagne-fr\/alicante-fr\/visite-privee-a-pied-dalicante\/\",\"url\":\"https:\/\/tourtravelandmore.com\/fr\/tours\/espagne-fr\/alicante-fr\/visite-privee-a-pied-dalicante\/\",\"name\":\"Visite priv\u00e9e \u00e0 pied d'Alicante - Guide touristique officiel priv\u00e9 \u00e0 Alicante\",\"isPartOf\":{\"@id\":\"https:\/\/tourtravelandmore.com\/fr\/#website\"},\"primaryImageOfPage\":{\"@id\":\"https:\/\/tourtravelandmore.com\/fr\/tours\/espagne-fr\/alicante-fr\/visite-privee-a-pied-dalicante\/#primaryimage\"},\"image\":{\"@id\":\"https:\/\/tourtravelandmore.com\/fr\/tours\/espagne-fr\/alicante-fr\/visite-privee-a-pied-dalicante\/#primaryimage\"},\"thumbnailUrl\":\"https:\/\/tourtravelandmore.com\/wp-content\/uploads\/2016\/11\/pexels-emilio-sanchez-285921208-15958380.jpg\",\"datePublished\":\"2016-11-07T15:12:51+00:00\",\"dateModified\":\"2024-07-08T14:55:55+00:00\",\"description\":\"Visite priv\u00e9e \u00e0 pied d'Alicante. Profitez de ses monuments et sites les plus importants et de sa beaut\u00e9 avec votre propre guide officiel priv\u00e9.\",\"breadcrumb\":{\"@id\":\"https:\/\/tourtravelandmore.com\/fr\/tours\/espagne-fr\/alicante-fr\/visite-privee-a-pied-dalicante\/#breadcrumb\"},\"inLanguage\":\"fr-FR\",\"potentialAction\":[{\"@type\":\"ReadAction\",\"target\":[\"https:\/\/tourtravelandmore.com\/fr\/tours\/espagne-fr\/alicante-fr\/visite-privee-a-pied-dalicante\/\"]}]},{\"@type\":\"ImageObject\",\"inLanguage\":\"fr-FR\",\"@id\":\"https:\/\/tourtravelandmore.com\/fr\/tours\/espagne-fr\/alicante-fr\/visite-privee-a-pied-dalicante\/#primaryimage\",\"url\":\"https:\/\/tourtravelandmore.com\/wp-content\/uploads\/2016\/11\/pexels-emilio-sanchez-285921208-15958380.jpg\",\"contentUrl\":\"https:\/\/tourtravelandmore.com\/wp-content\/uploads\/2016\/11\/pexels-emilio-sanchez-285921208-15958380.jpg\",\"width\":1280,\"height\":853},{\"@type\":\"BreadcrumbList\",\"@id\":\"https:\/\/tourtravelandmore.com\/fr\/tours\/espagne-fr\/alicante-fr\/visite-privee-a-pied-dalicante\/#breadcrumb\",\"itemListElement\":[{\"@type\":\"ListItem\",\"position\":1,\"name\":\"Home\",\"item\":\"https:\/\/tourtravelandmore.com\/fr\/\"},{\"@type\":\"ListItem\",\"position\":2,\"name\":\"Tours\",\"item\":\"https:\/\/tourtravelandmore.com\/fr\/tours\/\"},{\"@type\":\"ListItem\",\"position\":3,\"name\":\"Visite priv\u00e9e \u00e0 pied d&#8217;Alicante\"}]},{\"@type\":\"WebSite\",\"@id\":\"https:\/\/tourtravelandmore.com\/fr\/#website\",\"url\":\"https:\/\/tourtravelandmore.com\/fr\/\",\"name\":\"Tour Travel And More\",\"description\":\"Private sightseeing tours and luxury transfers in Spain\",\"publisher\":{\"@id\":\"https:\/\/tourtravelandmore.com\/fr\/#organization\"},\"potentialAction\":[{\"@type\":\"SearchAction\",\"target\":{\"@type\":\"EntryPoint\",\"urlTemplate\":\"https:\/\/tourtravelandmore.com\/fr\/?s={search_term_string}\"},\"query-input\":{\"@type\":\"PropertyValueSpecification\",\"valueRequired\":true,\"valueName\":\"search_term_string\"}}],\"inLanguage\":\"fr-FR\"},{\"@type\":\"Organization\",\"@id\":\"https:\/\/tourtravelandmore.com\/fr\/#organization\",\"name\":\"Tour Travel And More\",\"url\":\"https:\/\/tourtravelandmore.com\/fr\/\",\"logo\":{\"@type\":\"ImageObject\",\"inLanguage\":\"fr-FR\",\"@id\":\"https:\/\/tourtravelandmore.com\/fr\/#\/schema\/logo\/image\/\",\"url\":\"https:\/\/tourtravelandmore.com\/wp-content\/uploads\/2022\/12\/cropped-logo-cabecera-new.png\",\"contentUrl\":\"https:\/\/tourtravelandmore.com\/wp-content\/uploads\/2022\/12\/cropped-logo-cabecera-new.png\",\"width\":430,\"height\":61,\"caption\":\"Tour Travel And More\"},\"image\":{\"@id\":\"https:\/\/tourtravelandmore.com\/fr\/#\/schema\/logo\/image\/\"},\"sameAs\":[\"https:\/\/www.facebook.com\/tourtravelandmore\/\",\"https:\/\/x.com\/TourTravel_More\"]}]}<\/script>\n<!-- \/ Yoast SEO Premium plugin. -->","yoast_head_json":{"title":"Visite priv\u00e9e \u00e0 pied d'Alicante - Guide touristique officiel priv\u00e9 \u00e0 Alicante","description":"Visite priv\u00e9e \u00e0 pied d'Alicante. Profitez de ses monuments et sites les plus importants et de sa beaut\u00e9 avec votre propre guide officiel priv\u00e9.","robots":{"index":"index","follow":"follow","max-snippet":"max-snippet:-1","max-image-preview":"max-image-preview:large","max-video-preview":"max-video-preview:-1"},"canonical":"https:\/\/tourtravelandmore.com\/fr\/tours\/espagne-fr\/alicante-fr\/visite-privee-a-pied-dalicante\/","og_locale":"fr_FR","og_type":"article","og_title":"Visite priv\u00e9e \u00e0 pied d'Alicante","og_description":"Visite priv\u00e9e \u00e0 pied d'Alicante. Profitez de ses monuments et sites les plus importants et de sa beaut\u00e9 avec votre propre guide officiel priv\u00e9.","og_url":"https:\/\/tourtravelandmore.com\/fr\/tours\/espagne-fr\/alicante-fr\/visite-privee-a-pied-dalicante\/","og_site_name":"Tour Travel And More","article_publisher":"https:\/\/www.facebook.com\/tourtravelandmore\/","article_modified_time":"2024-07-08T14:55:55+00:00","og_image":[{"width":1280,"height":853,"url":"https:\/\/tourtravelandmore.com\/wp-content\/uploads\/2016\/11\/pexels-emilio-sanchez-285921208-15958380.jpg","type":"image\/jpeg"}],"twitter_card":"summary_large_image","twitter_site":"@TourTravel_More","twitter_misc":{"Dur\u00e9e de lecture estim\u00e9e":"2 minutes"},"schema":{"@context":"https:\/\/schema.org","@graph":[{"@type":"WebPage","@id":"https:\/\/tourtravelandmore.com\/fr\/tours\/espagne-fr\/alicante-fr\/visite-privee-a-pied-dalicante\/","url":"https:\/\/tourtravelandmore.com\/fr\/tours\/espagne-fr\/alicante-fr\/visite-privee-a-pied-dalicante\/","name":"Visite priv\u00e9e \u00e0 pied d'Alicante - Guide touristique officiel priv\u00e9 \u00e0 Alicante","isPartOf":{"@id":"https:\/\/tourtravelandmore.com\/fr\/#website"},"primaryImageOfPage":{"@id":"https:\/\/tourtravelandmore.com\/fr\/tours\/espagne-fr\/alicante-fr\/visite-privee-a-pied-dalicante\/#primaryimage"},"image":{"@id":"https:\/\/tourtravelandmore.com\/fr\/tours\/espagne-fr\/alicante-fr\/visite-privee-a-pied-dalicante\/#primaryimage"},"thumbnailUrl":"https:\/\/tourtravelandmore.com\/wp-content\/uploads\/2016\/11\/pexels-emilio-sanchez-285921208-15958380.jpg","datePublished":"2016-11-07T15:12:51+00:00","dateModified":"2024-07-08T14:55:55+00:00","description":"Visite priv\u00e9e \u00e0 pied d'Alicante. Profitez de ses monuments et sites les plus importants et de sa beaut\u00e9 avec votre propre guide officiel priv\u00e9.","breadcrumb":{"@id":"https:\/\/tourtravelandmore.com\/fr\/tours\/espagne-fr\/alicante-fr\/visite-privee-a-pied-dalicante\/#breadcrumb"},"inLanguage":"fr-FR","potentialAction":[{"@type":"ReadAction","target":["https:\/\/tourtravelandmore.com\/fr\/tours\/espagne-fr\/alicante-fr\/visite-privee-a-pied-dalicante\/"]}]},{"@type":"ImageObject","inLanguage":"fr-FR","@id":"https:\/\/tourtravelandmore.com\/fr\/tours\/espagne-fr\/alicante-fr\/visite-privee-a-pied-dalicante\/#primaryimage","url":"https:\/\/tourtravelandmore.com\/wp-content\/uploads\/2016\/11\/pexels-emilio-sanchez-285921208-15958380.jpg","contentUrl":"https:\/\/tourtravelandmore.com\/wp-content\/uploads\/2016\/11\/pexels-emilio-sanchez-285921208-15958380.jpg","width":1280,"height":853},{"@type":"BreadcrumbList","@id":"https:\/\/tourtravelandmore.com\/fr\/tours\/espagne-fr\/alicante-fr\/visite-privee-a-pied-dalicante\/#breadcrumb","itemListElement":[{"@type":"ListItem","position":1,"name":"Home","item":"https:\/\/tourtravelandmore.com\/fr\/"},{"@type":"ListItem","position":2,"name":"Tours","item":"https:\/\/tourtravelandmore.com\/fr\/tours\/"},{"@type":"ListItem","position":3,"name":"Visite priv\u00e9e \u00e0 pied d&#8217;Alicante"}]},{"@type":"WebSite","@id":"https:\/\/tourtravelandmore.com\/fr\/#website","url":"https:\/\/tourtravelandmore.com\/fr\/","name":"Tour Travel And More","description":"Private sightseeing tours and luxury transfers in Spain","publisher":{"@id":"https:\/\/tourtravelandmore.com\/fr\/#organization"},"potentialAction":[{"@type":"SearchAction","target":{"@type":"EntryPoint","urlTemplate":"https:\/\/tourtravelandmore.com\/fr\/?s={search_term_string}"},"query-input":{"@type":"PropertyValueSpecification","valueRequired":true,"valueName":"search_term_string"}}],"inLanguage":"fr-FR"},{"@type":"Organization","@id":"https:\/\/tourtravelandmore.com\/fr\/#organization","name":"Tour Travel And More","url":"https:\/\/tourtravelandmore.com\/fr\/","logo":{"@type":"ImageObject","inLanguage":"fr-FR","@id":"https:\/\/tourtravelandmore.com\/fr\/#\/schema\/logo\/image\/","url":"https:\/\/tourtravelandmore.com\/wp-content\/uploads\/2022\/12\/cropped-logo-cabecera-new.png","contentUrl":"https:\/\/tourtravelandmore.com\/wp-content\/uploads\/2022\/12\/cropped-logo-cabecera-new.png","width":430,"height":61,"caption":"Tour Travel And More"},"image":{"@id":"https:\/\/tourtravelandmore.com\/fr\/#\/schema\/logo\/image\/"},"sameAs":["https:\/\/www.facebook.com\/tourtravelandmore\/","https:\/\/x.com\/TourTravel_More"]}]}},"_links":{"self":[{"href":"https:\/\/tourtravelandmore.com\/fr\/wp-json\/wp\/v2\/product\/99156","targetHints":{"allow":["GET"]}}],"collection":[{"href":"https:\/\/tourtravelandmore.com\/fr\/wp-json\/wp\/v2\/product"}],"about":[{"href":"https:\/\/tourtravelandmore.com\/fr\/wp-json\/wp\/v2\/types\/product"}],"replies":[{"embeddable":true,"href":"https:\/\/tourtravelandmore.com\/fr\/wp-json\/wp\/v2\/comments?post=99156"}],"wp:featuredmedia":[{"embeddable":true,"href":"https:\/\/tourtravelandmore.com\/fr\/wp-json\/wp\/v2\/media\/175499"}],"wp:attachment":[{"href":"https:\/\/tourtravelandmore.com\/fr\/wp-json\/wp\/v2\/media?parent=99156"}],"wp:term":[{"taxonomy":"product_brand","embeddable":true,"href":"https:\/\/tourtravelandmore.com\/fr\/wp-json\/wp\/v2\/product_brand?post=99156"},{"taxonomy":"product_cat","embeddable":true,"href":"https:\/\/tourtravelandmore.com\/fr\/wp-json\/wp\/v2\/product_cat?post=99156"},{"taxonomy":"product_tag","embeddable":true,"href":"https:\/\/tourtravelandmore.com\/fr\/wp-json\/wp\/v2\/product_tag?post=99156"}],"curies":[{"name":"wp","href":"https:\/\/api.w.org\/{rel}","templated":true}]}}