{"id":99151,"date":"2016-11-07T13:53:09","date_gmt":"2016-11-07T12:53:09","guid":{"rendered":"https:\/\/tourtravelandmore.com\/tours\/non class\u00e9\/visite-privee-dalicante\/"},"modified":"2016-11-07T13:53:09","modified_gmt":"2016-11-07T12:53:09","slug":"visite-privee-dalicante","status":"publish","type":"product","link":"https:\/\/tourtravelandmore.com\/fr\/tours\/espagne-fr\/alicante-fr\/visite-privee-dalicante\/","title":{"rendered":"Visite priv\u00e9e d&#8217;Alicante"},"content":{"rendered":"<h2>Description<\/h2>\n<p>Profitez de cette visite priv\u00e9e d&#8217;Alicante pour conna\u00eetre les sites les plus importants d&#8217;Alicante. Profitez de cette belle ville de la Costa Blanca en Espagne.<\/p>\n<p>Il s&#8217;agit d&#8217;une visite priv\u00e9e d&#8217;Alicante parfaite pour toute excursion \u00e0 terre et tout arr\u00eat de croisi\u00e8re. C&#8217;est aussi un circuit parfait pour les nouveaux arrivants \u00e0 Alicante.<\/p>\n<p>Pour cette visite priv\u00e9e, nous organiserons une prise en charge confortable depuis votre h\u00f4tel ou lieu de votre choix \u00e0 Alicante. Cela peut inclure bien s\u00fbr le port de croisi\u00e8re. Nous pouvons venir vous chercher au port de croisi\u00e8re pour commencer cette visite priv\u00e9e d&#8217;Alicante.<\/p>\n<p>Votre chauffeur dans un v\u00e9hicule de luxe vous attendra. Votre guide officiel priv\u00e9 vous attendra \u00e0 l&#8217;arriv\u00e9e de votre croisi\u00e8re ou \u00e0 votre h\u00f4tel. Nous commencerons ensuite cette visite priv\u00e9e d&#8217;Alicante!<\/p>\n<h2>Sites d&#8217;int\u00e9r\u00eat et monuments<\/h2>\n<p>Tout d&#8217;abord, nous organiserons une prise en charge confortable pour vous.<\/p>\n<p>Nous vous emm\u00e8nerons dans les sites les plus embl\u00e9matiques d&#8217;Alicante. Vous pourrez profiter entre autres monuments des sites suivants:<\/p>\n<ul>\n<li>Ch\u00e2teau de Santa Barbara<\/li>\n<li>Port d&#8217;Alicante<\/li>\n<li>Tabarca<\/li>\n<li>Platja del Postiguet<\/li>\n<li>Explanada de Espa\u00f1a<\/li>\n<li>Mont Benacantil<\/li>\n<li>San Juan Playa<\/li>\n<li>Mercado central de Alicante<\/li>\n<li>Playa de la Almadraba<\/li>\n<li>La Rambla<\/li>\n<li>Basilique de Santa Maria<\/li>\n<li>Plaza de los Luceros<\/li>\n<li>Calle San Francisco<\/li>\n<li>Vue de la Casa Carbonell<\/li>\n<li>plaza de Toros de Alicante<\/li>\n<li>Baie d&#8217;Alicante<\/li>\n<li>Concatedral de San Nicolas de Bari<\/li>\n<li>Beaucoup plus!<\/li>\n<\/ul>\n<p>Cette visite priv\u00e9e peut durer 4 heures pour avoir une vue rapide de la ville et conna\u00eetre ses sites les plus importants. Si vous le souhaitez, nous pouvons \u00e9galement organiser une visite plus longue et organiser la visite priv\u00e9e de 6 ou 8 heures. Ce serait une journ\u00e9e compl\u00e8te pour vous \u00e0 Alicante.<\/p>\n<p>Jetez un \u0153il \u00e0 nos autres visites priv\u00e9es d&#8217;Alicante!<\/p>\n","protected":false},"excerpt":{"rendered":"<p>Visite priv\u00e9e d&#8217;Alicante. Profitez de ses monuments et sites les plus importants. Guide touristique officiel priv\u00e9 et v\u00e9hicule de luxe priv\u00e9 avec chauffeur.<\/p>\n","protected":false},"featured_media":95814,"comment_status":"open","ping_status":"closed","template":"","meta":{"_acf_changed":false},"product_brand":[],"product_cat":[3573],"product_tag":[],"class_list":{"0":"post-99151","1":"product","2":"type-product","3":"status-publish","4":"has-post-thumbnail","6":"product_cat-alicante-fr","8":"first","9":"instock","10":"shipping-taxable","11":"purchasable","12":"product-type-simple"},"acf":[],"yoast_head":"<!-- This site is optimized with the Yoast SEO Premium plugin v25.3.1 (Yoast SEO v25.3.1) - https:\/\/yoast.com\/wordpress\/plugins\/seo\/ -->\n<title>Visite priv\u00e9e d&#039;Alicante - Guide touristique officiel priv\u00e9 avec v\u00e9hicule de luxe et chauffeur<\/title>\n<meta name=\"description\" content=\"Visite priv\u00e9e d&#039;Alicante. Profitez de ses monuments et sites les plus importants. Guide touristique officiel priv\u00e9 et v\u00e9hicule de luxe priv\u00e9 avec chauffeur.\" \/>\n<meta name=\"robots\" content=\"index, follow, max-snippet:-1, max-image-preview:large, max-video-preview:-1\" \/>\n<link rel=\"canonical\" href=\"https:\/\/tourtravelandmore.com\/fr\/tours\/espagne-fr\/alicante-fr\/visite-privee-dalicante\/\" \/>\n<meta property=\"og:locale\" content=\"fr_FR\" \/>\n<meta property=\"og:type\" content=\"article\" \/>\n<meta property=\"og:title\" content=\"Visite priv\u00e9e d&#039;Alicante\" \/>\n<meta property=\"og:description\" content=\"Visite priv\u00e9e d&#039;Alicante. Profitez de ses monuments et sites les plus importants. Guide touristique officiel priv\u00e9 et v\u00e9hicule de luxe priv\u00e9 avec chauffeur.\" \/>\n<meta property=\"og:url\" content=\"https:\/\/tourtravelandmore.com\/fr\/tours\/espagne-fr\/alicante-fr\/visite-privee-dalicante\/\" \/>\n<meta property=\"og:site_name\" content=\"Tour Travel And More\" \/>\n<meta property=\"article:publisher\" content=\"https:\/\/www.facebook.com\/tourtravelandmore\/\" \/>\n<meta property=\"og:image\" content=\"https:\/\/tourtravelandmore.com\/wp-content\/uploads\/2016\/11\/Alicante2.jpg\" \/>\n\t<meta property=\"og:image:width\" content=\"800\" \/>\n\t<meta property=\"og:image:height\" content=\"600\" \/>\n\t<meta property=\"og:image:type\" content=\"image\/jpeg\" \/>\n<meta name=\"twitter:card\" content=\"summary_large_image\" \/>\n<meta name=\"twitter:site\" content=\"@TourTravel_More\" \/>\n<meta name=\"twitter:label1\" content=\"Dur\u00e9e de lecture estim\u00e9e\" \/>\n\t<meta name=\"twitter:data1\" content=\"2 minutes\" \/>\n<script type=\"application\/ld+json\" class=\"yoast-schema-graph\">{\"@context\":\"https:\/\/schema.org\",\"@graph\":[{\"@type\":\"WebPage\",\"@id\":\"https:\/\/tourtravelandmore.com\/fr\/tours\/espagne-fr\/alicante-fr\/visite-privee-dalicante\/\",\"url\":\"https:\/\/tourtravelandmore.com\/fr\/tours\/espagne-fr\/alicante-fr\/visite-privee-dalicante\/\",\"name\":\"Visite priv\u00e9e d'Alicante - Guide touristique officiel priv\u00e9 avec v\u00e9hicule de luxe et chauffeur\",\"isPartOf\":{\"@id\":\"https:\/\/tourtravelandmore.com\/fr\/#website\"},\"primaryImageOfPage\":{\"@id\":\"https:\/\/tourtravelandmore.com\/fr\/tours\/espagne-fr\/alicante-fr\/visite-privee-dalicante\/#primaryimage\"},\"image\":{\"@id\":\"https:\/\/tourtravelandmore.com\/fr\/tours\/espagne-fr\/alicante-fr\/visite-privee-dalicante\/#primaryimage\"},\"thumbnailUrl\":\"https:\/\/tourtravelandmore.com\/wp-content\/uploads\/2016\/11\/Alicante2.jpg\",\"datePublished\":\"2016-11-07T12:53:09+00:00\",\"description\":\"Visite priv\u00e9e d'Alicante. Profitez de ses monuments et sites les plus importants. Guide touristique officiel priv\u00e9 et v\u00e9hicule de luxe priv\u00e9 avec chauffeur.\",\"breadcrumb\":{\"@id\":\"https:\/\/tourtravelandmore.com\/fr\/tours\/espagne-fr\/alicante-fr\/visite-privee-dalicante\/#breadcrumb\"},\"inLanguage\":\"fr-FR\",\"potentialAction\":[{\"@type\":\"ReadAction\",\"target\":[\"https:\/\/tourtravelandmore.com\/fr\/tours\/espagne-fr\/alicante-fr\/visite-privee-dalicante\/\"]}]},{\"@type\":\"ImageObject\",\"inLanguage\":\"fr-FR\",\"@id\":\"https:\/\/tourtravelandmore.com\/fr\/tours\/espagne-fr\/alicante-fr\/visite-privee-dalicante\/#primaryimage\",\"url\":\"https:\/\/tourtravelandmore.com\/wp-content\/uploads\/2016\/11\/Alicante2.jpg\",\"contentUrl\":\"https:\/\/tourtravelandmore.com\/wp-content\/uploads\/2016\/11\/Alicante2.jpg\",\"width\":800,\"height\":600},{\"@type\":\"BreadcrumbList\",\"@id\":\"https:\/\/tourtravelandmore.com\/fr\/tours\/espagne-fr\/alicante-fr\/visite-privee-dalicante\/#breadcrumb\",\"itemListElement\":[{\"@type\":\"ListItem\",\"position\":1,\"name\":\"Home\",\"item\":\"https:\/\/tourtravelandmore.com\/fr\/\"},{\"@type\":\"ListItem\",\"position\":2,\"name\":\"Tours\",\"item\":\"https:\/\/tourtravelandmore.com\/fr\/tours\/\"},{\"@type\":\"ListItem\",\"position\":3,\"name\":\"Visite priv\u00e9e d&rsquo;Alicante\"}]},{\"@type\":\"WebSite\",\"@id\":\"https:\/\/tourtravelandmore.com\/fr\/#website\",\"url\":\"https:\/\/tourtravelandmore.com\/fr\/\",\"name\":\"Tour Travel And More\",\"description\":\"Private sightseeing tours and luxury transfers in Spain\",\"publisher\":{\"@id\":\"https:\/\/tourtravelandmore.com\/fr\/#organization\"},\"potentialAction\":[{\"@type\":\"SearchAction\",\"target\":{\"@type\":\"EntryPoint\",\"urlTemplate\":\"https:\/\/tourtravelandmore.com\/fr\/?s={search_term_string}\"},\"query-input\":{\"@type\":\"PropertyValueSpecification\",\"valueRequired\":true,\"valueName\":\"search_term_string\"}}],\"inLanguage\":\"fr-FR\"},{\"@type\":\"Organization\",\"@id\":\"https:\/\/tourtravelandmore.com\/fr\/#organization\",\"name\":\"Tour Travel And More\",\"url\":\"https:\/\/tourtravelandmore.com\/fr\/\",\"logo\":{\"@type\":\"ImageObject\",\"inLanguage\":\"fr-FR\",\"@id\":\"https:\/\/tourtravelandmore.com\/fr\/#\/schema\/logo\/image\/\",\"url\":\"https:\/\/tourtravelandmore.com\/wp-content\/uploads\/2022\/12\/cropped-logo-cabecera-new.png\",\"contentUrl\":\"https:\/\/tourtravelandmore.com\/wp-content\/uploads\/2022\/12\/cropped-logo-cabecera-new.png\",\"width\":430,\"height\":61,\"caption\":\"Tour Travel And More\"},\"image\":{\"@id\":\"https:\/\/tourtravelandmore.com\/fr\/#\/schema\/logo\/image\/\"},\"sameAs\":[\"https:\/\/www.facebook.com\/tourtravelandmore\/\",\"https:\/\/x.com\/TourTravel_More\"]}]}<\/script>\n<!-- \/ Yoast SEO Premium plugin. -->","yoast_head_json":{"title":"Visite priv\u00e9e d'Alicante - Guide touristique officiel priv\u00e9 avec v\u00e9hicule de luxe et chauffeur","description":"Visite priv\u00e9e d'Alicante. Profitez de ses monuments et sites les plus importants. Guide touristique officiel priv\u00e9 et v\u00e9hicule de luxe priv\u00e9 avec chauffeur.","robots":{"index":"index","follow":"follow","max-snippet":"max-snippet:-1","max-image-preview":"max-image-preview:large","max-video-preview":"max-video-preview:-1"},"canonical":"https:\/\/tourtravelandmore.com\/fr\/tours\/espagne-fr\/alicante-fr\/visite-privee-dalicante\/","og_locale":"fr_FR","og_type":"article","og_title":"Visite priv\u00e9e d'Alicante","og_description":"Visite priv\u00e9e d'Alicante. Profitez de ses monuments et sites les plus importants. Guide touristique officiel priv\u00e9 et v\u00e9hicule de luxe priv\u00e9 avec chauffeur.","og_url":"https:\/\/tourtravelandmore.com\/fr\/tours\/espagne-fr\/alicante-fr\/visite-privee-dalicante\/","og_site_name":"Tour Travel And More","article_publisher":"https:\/\/www.facebook.com\/tourtravelandmore\/","og_image":[{"width":800,"height":600,"url":"https:\/\/tourtravelandmore.com\/wp-content\/uploads\/2016\/11\/Alicante2.jpg","type":"image\/jpeg"}],"twitter_card":"summary_large_image","twitter_site":"@TourTravel_More","twitter_misc":{"Dur\u00e9e de lecture estim\u00e9e":"2 minutes"},"schema":{"@context":"https:\/\/schema.org","@graph":[{"@type":"WebPage","@id":"https:\/\/tourtravelandmore.com\/fr\/tours\/espagne-fr\/alicante-fr\/visite-privee-dalicante\/","url":"https:\/\/tourtravelandmore.com\/fr\/tours\/espagne-fr\/alicante-fr\/visite-privee-dalicante\/","name":"Visite priv\u00e9e d'Alicante - Guide touristique officiel priv\u00e9 avec v\u00e9hicule de luxe et chauffeur","isPartOf":{"@id":"https:\/\/tourtravelandmore.com\/fr\/#website"},"primaryImageOfPage":{"@id":"https:\/\/tourtravelandmore.com\/fr\/tours\/espagne-fr\/alicante-fr\/visite-privee-dalicante\/#primaryimage"},"image":{"@id":"https:\/\/tourtravelandmore.com\/fr\/tours\/espagne-fr\/alicante-fr\/visite-privee-dalicante\/#primaryimage"},"thumbnailUrl":"https:\/\/tourtravelandmore.com\/wp-content\/uploads\/2016\/11\/Alicante2.jpg","datePublished":"2016-11-07T12:53:09+00:00","description":"Visite priv\u00e9e d'Alicante. Profitez de ses monuments et sites les plus importants. Guide touristique officiel priv\u00e9 et v\u00e9hicule de luxe priv\u00e9 avec chauffeur.","breadcrumb":{"@id":"https:\/\/tourtravelandmore.com\/fr\/tours\/espagne-fr\/alicante-fr\/visite-privee-dalicante\/#breadcrumb"},"inLanguage":"fr-FR","potentialAction":[{"@type":"ReadAction","target":["https:\/\/tourtravelandmore.com\/fr\/tours\/espagne-fr\/alicante-fr\/visite-privee-dalicante\/"]}]},{"@type":"ImageObject","inLanguage":"fr-FR","@id":"https:\/\/tourtravelandmore.com\/fr\/tours\/espagne-fr\/alicante-fr\/visite-privee-dalicante\/#primaryimage","url":"https:\/\/tourtravelandmore.com\/wp-content\/uploads\/2016\/11\/Alicante2.jpg","contentUrl":"https:\/\/tourtravelandmore.com\/wp-content\/uploads\/2016\/11\/Alicante2.jpg","width":800,"height":600},{"@type":"BreadcrumbList","@id":"https:\/\/tourtravelandmore.com\/fr\/tours\/espagne-fr\/alicante-fr\/visite-privee-dalicante\/#breadcrumb","itemListElement":[{"@type":"ListItem","position":1,"name":"Home","item":"https:\/\/tourtravelandmore.com\/fr\/"},{"@type":"ListItem","position":2,"name":"Tours","item":"https:\/\/tourtravelandmore.com\/fr\/tours\/"},{"@type":"ListItem","position":3,"name":"Visite priv\u00e9e d&rsquo;Alicante"}]},{"@type":"WebSite","@id":"https:\/\/tourtravelandmore.com\/fr\/#website","url":"https:\/\/tourtravelandmore.com\/fr\/","name":"Tour Travel And More","description":"Private sightseeing tours and luxury transfers in Spain","publisher":{"@id":"https:\/\/tourtravelandmore.com\/fr\/#organization"},"potentialAction":[{"@type":"SearchAction","target":{"@type":"EntryPoint","urlTemplate":"https:\/\/tourtravelandmore.com\/fr\/?s={search_term_string}"},"query-input":{"@type":"PropertyValueSpecification","valueRequired":true,"valueName":"search_term_string"}}],"inLanguage":"fr-FR"},{"@type":"Organization","@id":"https:\/\/tourtravelandmore.com\/fr\/#organization","name":"Tour Travel And More","url":"https:\/\/tourtravelandmore.com\/fr\/","logo":{"@type":"ImageObject","inLanguage":"fr-FR","@id":"https:\/\/tourtravelandmore.com\/fr\/#\/schema\/logo\/image\/","url":"https:\/\/tourtravelandmore.com\/wp-content\/uploads\/2022\/12\/cropped-logo-cabecera-new.png","contentUrl":"https:\/\/tourtravelandmore.com\/wp-content\/uploads\/2022\/12\/cropped-logo-cabecera-new.png","width":430,"height":61,"caption":"Tour Travel And More"},"image":{"@id":"https:\/\/tourtravelandmore.com\/fr\/#\/schema\/logo\/image\/"},"sameAs":["https:\/\/www.facebook.com\/tourtravelandmore\/","https:\/\/x.com\/TourTravel_More"]}]}},"_links":{"self":[{"href":"https:\/\/tourtravelandmore.com\/fr\/wp-json\/wp\/v2\/product\/99151","targetHints":{"allow":["GET"]}}],"collection":[{"href":"https:\/\/tourtravelandmore.com\/fr\/wp-json\/wp\/v2\/product"}],"about":[{"href":"https:\/\/tourtravelandmore.com\/fr\/wp-json\/wp\/v2\/types\/product"}],"replies":[{"embeddable":true,"href":"https:\/\/tourtravelandmore.com\/fr\/wp-json\/wp\/v2\/comments?post=99151"}],"wp:featuredmedia":[{"embeddable":true,"href":"https:\/\/tourtravelandmore.com\/fr\/wp-json\/wp\/v2\/media\/95814"}],"wp:attachment":[{"href":"https:\/\/tourtravelandmore.com\/fr\/wp-json\/wp\/v2\/media?parent=99151"}],"wp:term":[{"taxonomy":"product_brand","embeddable":true,"href":"https:\/\/tourtravelandmore.com\/fr\/wp-json\/wp\/v2\/product_brand?post=99151"},{"taxonomy":"product_cat","embeddable":true,"href":"https:\/\/tourtravelandmore.com\/fr\/wp-json\/wp\/v2\/product_cat?post=99151"},{"taxonomy":"product_tag","embeddable":true,"href":"https:\/\/tourtravelandmore.com\/fr\/wp-json\/wp\/v2\/product_tag?post=99151"}],"curies":[{"name":"wp","href":"https:\/\/api.w.org\/{rel}","templated":true}]}}