{"id":99146,"date":"2019-10-08T12:11:56","date_gmt":"2019-10-08T10:11:56","guid":{"rendered":"https:\/\/tourtravelandmore.com\/tours\/non%20class\u00e9\/visite-privee-a-burgos-depuis-bilbao\/"},"modified":"2024-04-29T15:52:53","modified_gmt":"2024-04-29T13:52:53","slug":"visite-privee-a-burgos-depuis-bilbao","status":"publish","type":"product","link":"https:\/\/tourtravelandmore.com\/fr\/tours\/espagne-fr\/bilbao-fr\/toutes-les-visites-et-activites-privees-fr-6\/visite-privee-a-burgos-depuis-bilbao\/","title":{"rendered":"Visite priv\u00e9e \u00e0 Burgos depuis Bilbao"},"content":{"rendered":"<h2><b>Description de l&#8217;excursion priv\u00e9e \u00e0 Burgos depuis Bilbao<\/b><\/h2>\n<p><span style=\"font-weight: 400;\">D\u00e9couvrez les merveilles historiques de Burgos lors de cette visite priv\u00e9e exclusive au d\u00e9part de Bilbao. Notre voyage n&#8217;est pas une simple visite, mais une passerelle vers le pass\u00e9, d\u00e9ployant la riche tapisserie de l&#8217;Espagne m\u00e9di\u00e9vale. Avec un guide personnel et un transport de luxe inclus, pr\u00e9parez-vous \u00e0 une exploration sans pr\u00e9c\u00e9dent des sites embl\u00e9matiques et des joyaux cach\u00e9s de Burgos.<\/span><\/p>\n<p><span style=\"font-weight: 400;\">Votre aventure commence par une prise en charge pratique \u00e0 l&#8217;endroit de votre choix \u00e0 Bilbao. Pendant que vous voyagez dans le confort et le style, notre chauffeur expert vous guidera \u00e0 travers les paysages pittoresques du nord de l&#8217;Espagne, donnant le ton \u00e0 une exp\u00e9rience culturelle enrichissante.<\/span><\/p>\n<p><span style=\"font-weight: 400;\">\u00c0 votre arriv\u00e9e \u00e0 Burgos, ville r\u00e9put\u00e9e pour son architecture gothique et son importance historique, votre guide personnel vous conduira \u00e0 travers les rues sinueuses et les places majestueuses. Le point fort de votre visite sera l&#8217;impressionnante cath\u00e9drale gothique de Burgos, class\u00e9e au patrimoine mondial de l&#8217;UNESCO, o\u00f9 repose le l\u00e9gendaire El Cid. Pendant que vous vous promenez dans cette merveille architecturale, votre guide vous d\u00e9voilera les histoires et les secrets qui se cachent entre ses murs.<\/span><\/p>\n<p><span style=\"font-weight: 400;\">Cette visite s&#8217;\u00e9tend au-del\u00e0 de la cath\u00e9drale, englobant l&#8217;arc de Santa Maria, l&#8217;imposant ch\u00e2teau de Burgos et la vieille ville anim\u00e9e. Vous plongerez dans l&#8217;histoire fascinante d&#8217;El Cid, en explorant des mus\u00e9es tels que le mus\u00e9e de Burgos et le mus\u00e9e de l&#8217;\u00e9volution. Vous y d\u00e9couvrirez des objets tels que &#8220;La Tizona&#8221;, l&#8217;\u00e9p\u00e9e du Cid, et vous vous \u00e9merveillerez devant la richesse de l&#8217;art et de l&#8217;histoire de la ville.<\/span><\/p>\n<h2><b>Visite priv\u00e9e de Burgos depuis Bilbao | Points d&#8217;int\u00e9r\u00eat et monuments \u00e9tendus<\/b><\/h2>\n<ul>\n<li style=\"font-weight: 400;\" aria-level=\"1\"><b>Cath\u00e9drale gothique de Burgos <\/b><span style=\"font-weight: 400;\">: chef-d&#8217;\u0153uvre de l&#8217;architecture gothique espagnole, cette cath\u00e9drale n&#8217;est pas seulement un spectacle visuel, mais aussi le d\u00e9positaire de si\u00e8cles d&#8217;histoire.<\/span><\/li>\n<li style=\"font-weight: 400;\" aria-level=\"1\"><b>Tombeau du Cid et Plaza del Cid :<\/b><span style=\"font-weight: 400;\"> Rendez hommage \u00e0 l&#8217;un des h\u00e9ros nationaux de l&#8217;Espagne, Rodrigo D\u00edaz de Vivar, connu sous le nom d&#8217;El Cid, et explorez la place d\u00e9di\u00e9e \u00e0 son h\u00e9ritage.<\/span><\/li>\n<li style=\"font-weight: 400;\" aria-level=\"1\"><b>Arc de Santa Maria :<\/b><span style=\"font-weight: 400;\"> l&#8217;une des portes historiques les plus importantes de la ville, cet arc est un symbole de la grandeur m\u00e9di\u00e9vale de Burgos.<\/span><\/li>\n<li style=\"font-weight: 400;\" aria-level=\"1\"><b>Mus\u00e9e de Burgos et Mus\u00e9e de l&#8217;\u00e9volution :<\/b><span style=\"font-weight: 400;\"> Ces mus\u00e9es offrent une plong\u00e9e dans l&#8217;histoire r\u00e9gionale et le pass\u00e9 pr\u00e9historique, en pr\u00e9sentant d&#8217;importantes collections arch\u00e9ologiques et pal\u00e9ontologiques.<\/span><\/li>\n<li style=\"font-weight: 400;\" aria-level=\"1\"><b>Ch\u00e2teau de Burgos <\/b><span style=\"font-weight: 400;\">: d\u00e9couvrez les ruines de cet ancien ch\u00e2teau, qui offre une vue panoramique sur la ville et un aper\u00e7u de son pass\u00e9 d\u00e9fensif.<\/span><\/li>\n<li style=\"font-weight: 400;\" aria-level=\"1\"><b>Paseo Espol\u00f3n et Plaza Mayor : <\/b><span style=\"font-weight: 400;\">Promenez-vous sur le Paseo Espol\u00f3n, bord\u00e9 d&#8217;arbres et de b\u00e2timents historiques, qui m\u00e8ne \u00e0 la tr\u00e8s anim\u00e9e Plaza Mayor.<\/span><\/li>\n<li style=\"font-weight: 400;\" aria-level=\"1\"><b>Monast\u00e8re Saint-Jean :<\/b><span style=\"font-weight: 400;\"> Un site moins connu mais historiquement important, qui ajoute une nouvelle couche \u00e0 la riche tapisserie de Burgos.<\/span><\/li>\n<li style=\"font-weight: 400;\" aria-level=\"1\"><b>Une exp\u00e9rience personnalis\u00e9e :<\/b><span style=\"font-weight: 400;\"> Votre visite est enti\u00e8rement personnalisable. Que vous souhaitiez vous attarder dans la vieille ville, explorer d&#8217;autres mus\u00e9es ou prendre la photo parfaite, nous adaptons le voyage \u00e0 vos int\u00e9r\u00eats.<\/span><\/li>\n<li style=\"font-weight: 400;\" aria-level=\"1\"><b>Centre historique de Burgos :<\/b><span style=\"font-weight: 400;\"> Plongez dans les charmantes rues m\u00e9di\u00e9vales de la vieille ville. D\u00e9couvrez des places cach\u00e9es, des maisons anciennes et des boutiques d&#8217;artisans qui brossent un tableau de la vie pass\u00e9e de Burgos.<\/span><\/li>\n<li style=\"font-weight: 400;\" aria-level=\"1\"><b>Monasterio de las Huelgas :<\/b><span style=\"font-weight: 400;\"> Visitez cet impressionnant monast\u00e8re connu pour sa riche histoire, son architecture \u00e9tonnante et ses liens avec la royaut\u00e9, offrant une exp\u00e9rience sereine et propice \u00e0 la r\u00e9flexion.<\/span><\/li>\n<\/ul>\n<p><span style=\"font-weight: 400;\">\u00c0 la fin de votre visite priv\u00e9e, d\u00e9tendez-vous pendant que notre chauffeur vous ram\u00e8ne en toute s\u00e9curit\u00e9 \u00e0 Bilbao, enrichi de souvenirs et d&#8217;histoires sur les merveilles historiques de Burgos.<\/span><\/p>\n<p><span style=\"font-weight: 400;\">Planifiez votre escapade parfaite avec Tour Travel and More.<\/span> <a href=\"https:\/\/tourtravelandmore.com\/fr\/city\/espagne-fr\/bilbao-fr\/\"><span style=\"font-weight: 400;\">Nous sommes sp\u00e9cialis\u00e9s dans l&#8217;\u00e9laboration de circuits sur mesure \u00e0 Bilbao<\/span><\/a><span style=\"font-weight: 400;\">,<\/span><span style=\"font-weight: 400;\"> offrant des exp\u00e9riences uniques qui r\u00e9pondent \u00e0 vos pr\u00e9f\u00e9rences individuelles. Prenez contact avec nous pour explorer davantage Bilbao et au-del\u00e0.<\/span><\/p>\n","protected":false},"excerpt":{"rendered":"<p><span style=\"font-weight: 400;\">Voyagez de Bilbao \u00e0 Burgos lors d&#8217;une visite priv\u00e9e, en explorant la cath\u00e9drale gothique, les rues m\u00e9di\u00e9vales et l&#8217;h\u00e9ritage d&#8217;El Cid. Profitez d&#8217;un accompagnement personnalis\u00e9, d&#8217;un transport de luxe et de la flexibilit\u00e9 de personnaliser votre exp\u00e9rience. Explorez avec nous la riche histoire de l&#8217;Espagne.<\/span><\/p>\n<p>&nbsp;<\/p>\n","protected":false},"featured_media":96462,"comment_status":"open","ping_status":"closed","template":"","meta":{"_acf_changed":false},"product_brand":[],"product_cat":[4738,4737,4740,3574],"product_tag":[],"class_list":{"0":"post-99146","1":"product","2":"type-product","3":"status-publish","4":"has-post-thumbnail","6":"product_cat-excursions-privees-dune-journee-fr-5","7":"product_cat-toutes-les-visites-et-activites-privees-fr-6","8":"product_cat-visites-guidees-privees-fr-8","9":"product_cat-bilbao-fr","11":"first","12":"instock","13":"shipping-taxable","14":"purchasable","15":"product-type-simple"},"acf":[],"yoast_head":"<!-- This site is optimized with the Yoast SEO Premium plugin v25.3.1 (Yoast SEO v25.3.1) - https:\/\/yoast.com\/wordpress\/plugins\/seo\/ -->\n<title>\u27a1\ufe0f Visite guid\u00e9e priv\u00e9e de Burgos depuis Bilbao : Histoire et splendeur gothique \u2705<\/title>\n<meta name=\"description\" content=\"D\u00e9couvrez la cath\u00e9drale gothique de Burgos, le tombeau d&#039;El Cid et les sites m\u00e9di\u00e9vaux lors d&#039;une visite priv\u00e9e au d\u00e9part de Bilbao. Itin\u00e9raire personnalisable avec des guides experts. R\u00e9servez d\u00e8s maintenant ! \u2705\" \/>\n<meta name=\"robots\" content=\"index, follow, max-snippet:-1, max-image-preview:large, max-video-preview:-1\" \/>\n<link rel=\"canonical\" href=\"https:\/\/tourtravelandmore.com\/fr\/tours\/espagne-fr\/bilbao-fr\/toutes-les-visites-et-activites-privees-fr-6\/visite-privee-a-burgos-depuis-bilbao\/\" \/>\n<meta property=\"og:locale\" content=\"fr_FR\" \/>\n<meta property=\"og:type\" content=\"article\" \/>\n<meta property=\"og:title\" content=\"Visite priv\u00e9e \u00e0 Burgos depuis Bilbao\" \/>\n<meta property=\"og:description\" content=\"D\u00e9couvrez la cath\u00e9drale gothique de Burgos, le tombeau d&#039;El Cid et les sites m\u00e9di\u00e9vaux lors d&#039;une visite priv\u00e9e au d\u00e9part de Bilbao. Itin\u00e9raire personnalisable avec des guides experts. R\u00e9servez d\u00e8s maintenant ! \u2705\" \/>\n<meta property=\"og:url\" content=\"https:\/\/tourtravelandmore.com\/fr\/tours\/espagne-fr\/bilbao-fr\/toutes-les-visites-et-activites-privees-fr-6\/visite-privee-a-burgos-depuis-bilbao\/\" \/>\n<meta property=\"og:site_name\" content=\"Tour Travel And More\" \/>\n<meta property=\"article:publisher\" content=\"https:\/\/www.facebook.com\/tourtravelandmore\/\" \/>\n<meta property=\"article:modified_time\" content=\"2024-04-29T13:52:53+00:00\" \/>\n<meta property=\"og:image\" content=\"https:\/\/tourtravelandmore.com\/wp-content\/uploads\/2019\/10\/burgos11.jpg\" \/>\n\t<meta property=\"og:image:width\" content=\"800\" \/>\n\t<meta property=\"og:image:height\" content=\"533\" \/>\n\t<meta property=\"og:image:type\" content=\"image\/jpeg\" \/>\n<meta name=\"twitter:card\" content=\"summary_large_image\" \/>\n<meta name=\"twitter:site\" content=\"@TourTravel_More\" \/>\n<meta name=\"twitter:label1\" content=\"Dur\u00e9e de lecture estim\u00e9e\" \/>\n\t<meta name=\"twitter:data1\" content=\"3 minutes\" \/>\n<script type=\"application\/ld+json\" class=\"yoast-schema-graph\">{\"@context\":\"https:\/\/schema.org\",\"@graph\":[{\"@type\":\"WebPage\",\"@id\":\"https:\/\/tourtravelandmore.com\/fr\/tours\/espagne-fr\/bilbao-fr\/toutes-les-visites-et-activites-privees-fr-6\/visite-privee-a-burgos-depuis-bilbao\/\",\"url\":\"https:\/\/tourtravelandmore.com\/fr\/tours\/espagne-fr\/bilbao-fr\/toutes-les-visites-et-activites-privees-fr-6\/visite-privee-a-burgos-depuis-bilbao\/\",\"name\":\"\u27a1\ufe0f Visite guid\u00e9e priv\u00e9e de Burgos depuis Bilbao : Histoire et splendeur gothique \u2705\",\"isPartOf\":{\"@id\":\"https:\/\/tourtravelandmore.com\/fr\/#website\"},\"primaryImageOfPage\":{\"@id\":\"https:\/\/tourtravelandmore.com\/fr\/tours\/espagne-fr\/bilbao-fr\/toutes-les-visites-et-activites-privees-fr-6\/visite-privee-a-burgos-depuis-bilbao\/#primaryimage\"},\"image\":{\"@id\":\"https:\/\/tourtravelandmore.com\/fr\/tours\/espagne-fr\/bilbao-fr\/toutes-les-visites-et-activites-privees-fr-6\/visite-privee-a-burgos-depuis-bilbao\/#primaryimage\"},\"thumbnailUrl\":\"https:\/\/tourtravelandmore.com\/wp-content\/uploads\/2019\/10\/burgos11.jpg\",\"datePublished\":\"2019-10-08T10:11:56+00:00\",\"dateModified\":\"2024-04-29T13:52:53+00:00\",\"description\":\"D\u00e9couvrez la cath\u00e9drale gothique de Burgos, le tombeau d'El Cid et les sites m\u00e9di\u00e9vaux lors d'une visite priv\u00e9e au d\u00e9part de Bilbao. Itin\u00e9raire personnalisable avec des guides experts. R\u00e9servez d\u00e8s maintenant ! \u2705\",\"breadcrumb\":{\"@id\":\"https:\/\/tourtravelandmore.com\/fr\/tours\/espagne-fr\/bilbao-fr\/toutes-les-visites-et-activites-privees-fr-6\/visite-privee-a-burgos-depuis-bilbao\/#breadcrumb\"},\"inLanguage\":\"fr-FR\",\"potentialAction\":[{\"@type\":\"ReadAction\",\"target\":[\"https:\/\/tourtravelandmore.com\/fr\/tours\/espagne-fr\/bilbao-fr\/toutes-les-visites-et-activites-privees-fr-6\/visite-privee-a-burgos-depuis-bilbao\/\"]}]},{\"@type\":\"ImageObject\",\"inLanguage\":\"fr-FR\",\"@id\":\"https:\/\/tourtravelandmore.com\/fr\/tours\/espagne-fr\/bilbao-fr\/toutes-les-visites-et-activites-privees-fr-6\/visite-privee-a-burgos-depuis-bilbao\/#primaryimage\",\"url\":\"https:\/\/tourtravelandmore.com\/wp-content\/uploads\/2019\/10\/burgos11.jpg\",\"contentUrl\":\"https:\/\/tourtravelandmore.com\/wp-content\/uploads\/2019\/10\/burgos11.jpg\",\"width\":800,\"height\":533},{\"@type\":\"BreadcrumbList\",\"@id\":\"https:\/\/tourtravelandmore.com\/fr\/tours\/espagne-fr\/bilbao-fr\/toutes-les-visites-et-activites-privees-fr-6\/visite-privee-a-burgos-depuis-bilbao\/#breadcrumb\",\"itemListElement\":[{\"@type\":\"ListItem\",\"position\":1,\"name\":\"Home\",\"item\":\"https:\/\/tourtravelandmore.com\/fr\/\"},{\"@type\":\"ListItem\",\"position\":2,\"name\":\"Tours\",\"item\":\"https:\/\/tourtravelandmore.com\/fr\/tours\/\"},{\"@type\":\"ListItem\",\"position\":3,\"name\":\"Visite priv\u00e9e \u00e0 Burgos depuis Bilbao\"}]},{\"@type\":\"WebSite\",\"@id\":\"https:\/\/tourtravelandmore.com\/fr\/#website\",\"url\":\"https:\/\/tourtravelandmore.com\/fr\/\",\"name\":\"Tour Travel And More\",\"description\":\"Private sightseeing tours and luxury transfers in Spain\",\"publisher\":{\"@id\":\"https:\/\/tourtravelandmore.com\/fr\/#organization\"},\"potentialAction\":[{\"@type\":\"SearchAction\",\"target\":{\"@type\":\"EntryPoint\",\"urlTemplate\":\"https:\/\/tourtravelandmore.com\/fr\/?s={search_term_string}\"},\"query-input\":{\"@type\":\"PropertyValueSpecification\",\"valueRequired\":true,\"valueName\":\"search_term_string\"}}],\"inLanguage\":\"fr-FR\"},{\"@type\":\"Organization\",\"@id\":\"https:\/\/tourtravelandmore.com\/fr\/#organization\",\"name\":\"Tour Travel And More\",\"url\":\"https:\/\/tourtravelandmore.com\/fr\/\",\"logo\":{\"@type\":\"ImageObject\",\"inLanguage\":\"fr-FR\",\"@id\":\"https:\/\/tourtravelandmore.com\/fr\/#\/schema\/logo\/image\/\",\"url\":\"https:\/\/tourtravelandmore.com\/wp-content\/uploads\/2022\/12\/cropped-logo-cabecera-new.png\",\"contentUrl\":\"https:\/\/tourtravelandmore.com\/wp-content\/uploads\/2022\/12\/cropped-logo-cabecera-new.png\",\"width\":430,\"height\":61,\"caption\":\"Tour Travel And More\"},\"image\":{\"@id\":\"https:\/\/tourtravelandmore.com\/fr\/#\/schema\/logo\/image\/\"},\"sameAs\":[\"https:\/\/www.facebook.com\/tourtravelandmore\/\",\"https:\/\/x.com\/TourTravel_More\"]}]}<\/script>\n<!-- \/ Yoast SEO Premium plugin. -->","yoast_head_json":{"title":"\u27a1\ufe0f Visite guid\u00e9e priv\u00e9e de Burgos depuis Bilbao : Histoire et splendeur gothique \u2705","description":"D\u00e9couvrez la cath\u00e9drale gothique de Burgos, le tombeau d'El Cid et les sites m\u00e9di\u00e9vaux lors d'une visite priv\u00e9e au d\u00e9part de Bilbao. Itin\u00e9raire personnalisable avec des guides experts. R\u00e9servez d\u00e8s maintenant ! \u2705","robots":{"index":"index","follow":"follow","max-snippet":"max-snippet:-1","max-image-preview":"max-image-preview:large","max-video-preview":"max-video-preview:-1"},"canonical":"https:\/\/tourtravelandmore.com\/fr\/tours\/espagne-fr\/bilbao-fr\/toutes-les-visites-et-activites-privees-fr-6\/visite-privee-a-burgos-depuis-bilbao\/","og_locale":"fr_FR","og_type":"article","og_title":"Visite priv\u00e9e \u00e0 Burgos depuis Bilbao","og_description":"D\u00e9couvrez la cath\u00e9drale gothique de Burgos, le tombeau d'El Cid et les sites m\u00e9di\u00e9vaux lors d'une visite priv\u00e9e au d\u00e9part de Bilbao. Itin\u00e9raire personnalisable avec des guides experts. R\u00e9servez d\u00e8s maintenant ! \u2705","og_url":"https:\/\/tourtravelandmore.com\/fr\/tours\/espagne-fr\/bilbao-fr\/toutes-les-visites-et-activites-privees-fr-6\/visite-privee-a-burgos-depuis-bilbao\/","og_site_name":"Tour Travel And More","article_publisher":"https:\/\/www.facebook.com\/tourtravelandmore\/","article_modified_time":"2024-04-29T13:52:53+00:00","og_image":[{"width":800,"height":533,"url":"https:\/\/tourtravelandmore.com\/wp-content\/uploads\/2019\/10\/burgos11.jpg","type":"image\/jpeg"}],"twitter_card":"summary_large_image","twitter_site":"@TourTravel_More","twitter_misc":{"Dur\u00e9e de lecture estim\u00e9e":"3 minutes"},"schema":{"@context":"https:\/\/schema.org","@graph":[{"@type":"WebPage","@id":"https:\/\/tourtravelandmore.com\/fr\/tours\/espagne-fr\/bilbao-fr\/toutes-les-visites-et-activites-privees-fr-6\/visite-privee-a-burgos-depuis-bilbao\/","url":"https:\/\/tourtravelandmore.com\/fr\/tours\/espagne-fr\/bilbao-fr\/toutes-les-visites-et-activites-privees-fr-6\/visite-privee-a-burgos-depuis-bilbao\/","name":"\u27a1\ufe0f Visite guid\u00e9e priv\u00e9e de Burgos depuis Bilbao : Histoire et splendeur gothique \u2705","isPartOf":{"@id":"https:\/\/tourtravelandmore.com\/fr\/#website"},"primaryImageOfPage":{"@id":"https:\/\/tourtravelandmore.com\/fr\/tours\/espagne-fr\/bilbao-fr\/toutes-les-visites-et-activites-privees-fr-6\/visite-privee-a-burgos-depuis-bilbao\/#primaryimage"},"image":{"@id":"https:\/\/tourtravelandmore.com\/fr\/tours\/espagne-fr\/bilbao-fr\/toutes-les-visites-et-activites-privees-fr-6\/visite-privee-a-burgos-depuis-bilbao\/#primaryimage"},"thumbnailUrl":"https:\/\/tourtravelandmore.com\/wp-content\/uploads\/2019\/10\/burgos11.jpg","datePublished":"2019-10-08T10:11:56+00:00","dateModified":"2024-04-29T13:52:53+00:00","description":"D\u00e9couvrez la cath\u00e9drale gothique de Burgos, le tombeau d'El Cid et les sites m\u00e9di\u00e9vaux lors d'une visite priv\u00e9e au d\u00e9part de Bilbao. Itin\u00e9raire personnalisable avec des guides experts. R\u00e9servez d\u00e8s maintenant ! \u2705","breadcrumb":{"@id":"https:\/\/tourtravelandmore.com\/fr\/tours\/espagne-fr\/bilbao-fr\/toutes-les-visites-et-activites-privees-fr-6\/visite-privee-a-burgos-depuis-bilbao\/#breadcrumb"},"inLanguage":"fr-FR","potentialAction":[{"@type":"ReadAction","target":["https:\/\/tourtravelandmore.com\/fr\/tours\/espagne-fr\/bilbao-fr\/toutes-les-visites-et-activites-privees-fr-6\/visite-privee-a-burgos-depuis-bilbao\/"]}]},{"@type":"ImageObject","inLanguage":"fr-FR","@id":"https:\/\/tourtravelandmore.com\/fr\/tours\/espagne-fr\/bilbao-fr\/toutes-les-visites-et-activites-privees-fr-6\/visite-privee-a-burgos-depuis-bilbao\/#primaryimage","url":"https:\/\/tourtravelandmore.com\/wp-content\/uploads\/2019\/10\/burgos11.jpg","contentUrl":"https:\/\/tourtravelandmore.com\/wp-content\/uploads\/2019\/10\/burgos11.jpg","width":800,"height":533},{"@type":"BreadcrumbList","@id":"https:\/\/tourtravelandmore.com\/fr\/tours\/espagne-fr\/bilbao-fr\/toutes-les-visites-et-activites-privees-fr-6\/visite-privee-a-burgos-depuis-bilbao\/#breadcrumb","itemListElement":[{"@type":"ListItem","position":1,"name":"Home","item":"https:\/\/tourtravelandmore.com\/fr\/"},{"@type":"ListItem","position":2,"name":"Tours","item":"https:\/\/tourtravelandmore.com\/fr\/tours\/"},{"@type":"ListItem","position":3,"name":"Visite priv\u00e9e \u00e0 Burgos depuis Bilbao"}]},{"@type":"WebSite","@id":"https:\/\/tourtravelandmore.com\/fr\/#website","url":"https:\/\/tourtravelandmore.com\/fr\/","name":"Tour Travel And More","description":"Private sightseeing tours and luxury transfers in Spain","publisher":{"@id":"https:\/\/tourtravelandmore.com\/fr\/#organization"},"potentialAction":[{"@type":"SearchAction","target":{"@type":"EntryPoint","urlTemplate":"https:\/\/tourtravelandmore.com\/fr\/?s={search_term_string}"},"query-input":{"@type":"PropertyValueSpecification","valueRequired":true,"valueName":"search_term_string"}}],"inLanguage":"fr-FR"},{"@type":"Organization","@id":"https:\/\/tourtravelandmore.com\/fr\/#organization","name":"Tour Travel And More","url":"https:\/\/tourtravelandmore.com\/fr\/","logo":{"@type":"ImageObject","inLanguage":"fr-FR","@id":"https:\/\/tourtravelandmore.com\/fr\/#\/schema\/logo\/image\/","url":"https:\/\/tourtravelandmore.com\/wp-content\/uploads\/2022\/12\/cropped-logo-cabecera-new.png","contentUrl":"https:\/\/tourtravelandmore.com\/wp-content\/uploads\/2022\/12\/cropped-logo-cabecera-new.png","width":430,"height":61,"caption":"Tour Travel And More"},"image":{"@id":"https:\/\/tourtravelandmore.com\/fr\/#\/schema\/logo\/image\/"},"sameAs":["https:\/\/www.facebook.com\/tourtravelandmore\/","https:\/\/x.com\/TourTravel_More"]}]}},"_links":{"self":[{"href":"https:\/\/tourtravelandmore.com\/fr\/wp-json\/wp\/v2\/product\/99146","targetHints":{"allow":["GET"]}}],"collection":[{"href":"https:\/\/tourtravelandmore.com\/fr\/wp-json\/wp\/v2\/product"}],"about":[{"href":"https:\/\/tourtravelandmore.com\/fr\/wp-json\/wp\/v2\/types\/product"}],"replies":[{"embeddable":true,"href":"https:\/\/tourtravelandmore.com\/fr\/wp-json\/wp\/v2\/comments?post=99146"}],"wp:featuredmedia":[{"embeddable":true,"href":"https:\/\/tourtravelandmore.com\/fr\/wp-json\/wp\/v2\/media\/96462"}],"wp:attachment":[{"href":"https:\/\/tourtravelandmore.com\/fr\/wp-json\/wp\/v2\/media?parent=99146"}],"wp:term":[{"taxonomy":"product_brand","embeddable":true,"href":"https:\/\/tourtravelandmore.com\/fr\/wp-json\/wp\/v2\/product_brand?post=99146"},{"taxonomy":"product_cat","embeddable":true,"href":"https:\/\/tourtravelandmore.com\/fr\/wp-json\/wp\/v2\/product_cat?post=99146"},{"taxonomy":"product_tag","embeddable":true,"href":"https:\/\/tourtravelandmore.com\/fr\/wp-json\/wp\/v2\/product_tag?post=99146"}],"curies":[{"name":"wp","href":"https:\/\/api.w.org\/{rel}","templated":true}]}}