{"id":99141,"date":"2019-02-22T13:47:30","date_gmt":"2019-02-22T12:47:30","guid":{"rendered":"https:\/\/tourtravelandmore.com\/tours\/non%20class\u00e9\/visite-privee-de-santillana-de-mar-et-santander-au-depart-de-bilbao\/"},"modified":"2026-02-03T15:10:07","modified_gmt":"2026-02-03T14:10:07","slug":"visite-privee-de-santillana-de-mar-et-santander-au-depart-de-bilbao","status":"publish","type":"product","link":"https:\/\/tourtravelandmore.com\/fr\/tours\/espagne-fr\/bilbao-fr\/toutes-les-visites-et-activites-privees-fr-6\/visite-privee-de-santillana-de-mar-et-santander-au-depart-de-bilbao\/","title":{"rendered":"Visite priv\u00e9e de Santillana de Mar et Santander au d\u00e9part de Bilbao"},"content":{"rendered":"<h2><b>Description de l&#8217;excursion priv\u00e9e de Santillana de Mar et Santander depuis Bilbao<\/b><\/h2>\n<p><span style=\"font-weight: 400;\">Embarquez pour un voyage captivant \u00e0 travers les merveilles culturelles et pittoresques du nord de l&#8217;Espagne avec notre visite priv\u00e9e exclusive de Santillana de Mar et Santander depuis Bilbao. Cette visite immersive d&#8217;une journ\u00e9e compl\u00e8te vous permettra d&#8217;explorer la riche histoire, l&#8217;architecture \u00e9tonnante et les paysages c\u00f4tiers \u00e0 couper le souffle de deux des villes les plus pittoresques d&#8217;Espagne.<\/span><\/p>\n<p><a href=\"https:\/\/tourtravelandmore.com\/fr\/tours\/espagne-fr\/bilbao-fr\/toutes-les-visites-et-activites-privees-fr-6\/transfert-prive-a-bilbao\/\"><span style=\"font-weight: 400;\">Votre exp\u00e9rience commence d\u00e8s que nous venons vous chercher \u00e0 Bilbao dans un v\u00e9hicule de luxe. <\/span><\/a><span style=\"font-weight: 400;\">\u00c0 mesure que vous vous dirigez vers Santillana de Mar, vous \u00eates envelopp\u00e9 par le charme de la campagne cantabrique. Cette excursion n&#8217;est pas un simple voyage touristique ; c&#8217;est un voyage dans l&#8217;histoire, l&#8217;art et la beaut\u00e9 naturelle, adapt\u00e9 \u00e0 vos pr\u00e9f\u00e9rences et \u00e0 votre rythme.<\/span><\/p>\n<p><span style=\"font-weight: 400;\">Santillana de Mar, souvent surnomm\u00e9e la &#8220;ville aux trois mensonges&#8221; (ni sainte, ni plate, ni au bord de la mer), offre un voyage dans le temps gr\u00e2ce \u00e0 son architecture m\u00e9di\u00e9vale bien pr\u00e9serv\u00e9e. Promenez-vous dans ses rues pav\u00e9es, admirez la coll\u00e9giale historique de Santa Juliana et plongez dans les merveilles pr\u00e9historiques de la grotte d&#8217;Altamira, connue comme la &#8220;chapelle Sixtine&#8221; de l&#8217;art pal\u00e9olithique.<\/span><\/p>\n<p><span style=\"font-weight: 400;\">Ensuite, le circuit vous emm\u00e8ne dans l&#8217;\u00e9l\u00e9gante ville de Santander, un m\u00e9lange de sophistication urbaine et de d\u00e9tente en bord de mer. Explorez la grandeur de la cath\u00e9drale de Santander, le palais royal de la Magdalena et les jardins luxuriants de Pereda. L&#8217;h\u00e9ritage maritime de la ville est mis en valeur le long de ses superbes plages comme El Sardinero, et l&#8217;imposant Faro de Cabo Mayor offre des vues panoramiques sur la mer Cantabrique.<\/span><\/p>\n<p><span style=\"font-weight: 400;\">Tout au long de la visite, votre guide priv\u00e9 vous fera part de ses id\u00e9es et de ses anecdotes, rendant chaque moment instructif et captivant. Vous aurez de nombreuses occasions de go\u00fbter \u00e0 la cuisine locale, par exemple lors d&#8217;un d\u00e9jeuner en bord de mer \u00e0 Santander ou en d\u00e9gustant les p\u00e2tisseries traditionnelles &#8220;sobaos&#8221; \u00e0 Santillana.<\/span><\/p>\n<p><span style=\"font-weight: 400;\">\u00c0 la fin de la journ\u00e9e, vous serez confortablement ramen\u00e9 \u00e0 Bilbao, enrichi de souvenirs inoubliables des tr\u00e9sors culturels et naturels du nord de l&#8217;Espagne.<\/span><\/p>\n<h2><b>Points forts de l&#8217;excursion priv\u00e9e \u00e0 Santillana de Mar et Santander depuis Bilbao<\/b><\/h2>\n<ul>\n<li style=\"font-weight: 400;\" aria-level=\"1\"><b>Santillana de Mar :<\/b><span style=\"font-weight: 400;\"> Mus\u00e9e vivant, cette ville offre un retour dans le temps avec ses rues m\u00e9di\u00e9vales et les c\u00e9l\u00e8bres grottes d&#8217;Altamira, class\u00e9es au patrimoine mondial de l&#8217;UNESCO.<\/span><\/li>\n<li style=\"font-weight: 400;\" aria-level=\"1\"><b>Cath\u00e9drale de Santander <\/b><span style=\"font-weight: 400;\">: D\u00e9couvrez la splendeur architecturale et l&#8217;importance historique de ce monument situ\u00e9 au c\u0153ur de Santander.<\/span><\/li>\n<li style=\"font-weight: 400;\" aria-level=\"1\"><b>Gran Casino del Sardinero :<\/b><span style=\"font-weight: 400;\"> d\u00e9couvrez l&#8217;\u00e9l\u00e9gance de la belle \u00e9poque de Santander dans ce casino embl\u00e9matique, qui surplombe la majestueuse plage de Sardinero.<\/span><\/li>\n<li style=\"font-weight: 400;\" aria-level=\"1\"><b>Palais de la Magdalena :<\/b><span style=\"font-weight: 400;\"> D\u00e9couvrez la r\u00e9sidence royale d&#8217;\u00e9t\u00e9 du roi Alphonse XIII, symbole des liens historiques entre Santander et la monarchie espagnole.<\/span><\/li>\n<li style=\"font-weight: 400;\" aria-level=\"1\"><b>Phare de Cabo Mayor :<\/b><span style=\"font-weight: 400;\"> Profitez d&#8217;une vue \u00e0 couper le souffle depuis ce phare embl\u00e9matique, qui domine la mer Cantabrique.<\/span><\/li>\n<li style=\"font-weight: 400;\" aria-level=\"1\"><b>D\u00e9lices culinaires :<\/b><span style=\"font-weight: 400;\"> Go\u00fbtez \u00e0 la gastronomie de la r\u00e9gion, des fruits de mer frais \u00e0 Santander aux p\u00e2tisseries traditionnelles \u00e0 Santillana.<\/span><\/li>\n<li style=\"font-weight: 400;\" aria-level=\"1\"><b>Itin\u00e9raire personnalisable :<\/b><span style=\"font-weight: 400;\"> L&#8217;itin\u00e9raire est flexible, ce qui vous permet d&#8217;explorer d&#8217;autres sites ou de passer plus de temps \u00e0 un endroit particulier en fonction de vos int\u00e9r\u00eats.<\/span><\/li>\n<li style=\"font-weight: 400;\" aria-level=\"1\"><b>Playa de los Locos (Santillana de Mar) :<\/b><span style=\"font-weight: 400;\"> D\u00e9couvrez la beaut\u00e9 sauvage de la Playa de los Locos, une plage \u00e9tonnante connue pour ses formations g\u00e9ologiques uniques et ses vues panoramiques sur la mer Cantabrique. C&#8217;est un endroit id\u00e9al pour les amateurs de photographie et les amoureux de la nature.<\/span><\/li>\n<li style=\"font-weight: 400;\" aria-level=\"1\"><b>Paseo y Jardines de Pereda (Santander) : <\/b><span style=\"font-weight: 400;\">Promenez-vous dans les jardins luxuriants et les promenades de Paseo y Jardines de Pereda, o\u00f9 la beaut\u00e9 de la nature se m\u00eale au charme urbain de Santander. Ce quartier, qui regorge d&#8217;installations artistiques et d&#8217;artistes de rue, offre une exp\u00e9rience de marche anim\u00e9e et pittoresque.<\/span><\/li>\n<li style=\"font-weight: 400;\" aria-level=\"1\"><b>Monast\u00e8re Saint-Jean (Santillana de Mar) :<\/b><span style=\"font-weight: 400;\"> Plongez dans l&#8217;ambiance sereine et spirituelle du monast\u00e8re Saint-Jean. Ce joyau historique de Santillana de Mar pr\u00e9sente une architecture romane remarquable et permet de s&#8217;\u00e9vader tranquillement de la vie urbaine tr\u00e9pidante.<\/span><\/li>\n<\/ul>\n","protected":false},"excerpt":{"rendered":"<p><span style=\"font-weight: 400;\">Participez \u00e0 notre excursion priv\u00e9e au d\u00e9part de Bilbao vers l&#8217;historique Santillana de Mar et la belle ville de Santander. D\u00e9couvrez les rues m\u00e9di\u00e9vales, les paysages c\u00f4tiers et les sites culturels, le tout dans le confort d&#8217;un v\u00e9hicule priv\u00e9 de luxe. D\u00e9couvrez les joyaux cach\u00e9s du nord de l&#8217;Espagne lors d&#8217;une excursion exclusive d&#8217;une journ\u00e9e.<\/span><\/p>\n","protected":false},"featured_media":95905,"comment_status":"open","ping_status":"closed","template":"","meta":{"_acf_changed":false},"product_brand":[],"product_cat":[4738,4737,4740,3574],"product_tag":[],"class_list":{"0":"post-99141","1":"product","2":"type-product","3":"status-publish","4":"has-post-thumbnail","6":"product_cat-excursions-privees-dune-journee-fr-5","7":"product_cat-toutes-les-visites-et-activites-privees-fr-6","8":"product_cat-visites-guidees-privees-fr-8","9":"product_cat-bilbao-fr","11":"first","12":"instock","13":"shipping-taxable","14":"purchasable","15":"product-type-simple"},"acf":[],"yoast_head":"<!-- This site is optimized with the Yoast SEO Premium plugin v25.3.1 (Yoast SEO v25.3.1) - https:\/\/yoast.com\/wordpress\/plugins\/seo\/ -->\n<title>\u27a1\ufe0f D\u00e9couvrez Santillana de Mar et Santander : Visite priv\u00e9e depuis Bilbao \u2705<\/title>\n<meta name=\"description\" content=\"Explorez le charme m\u00e9di\u00e9val de Santillana de Mar et l&#039;\u00e9l\u00e9gance c\u00f4ti\u00e8re de Santander lors de notre visite priv\u00e9e au d\u00e9part de Bilbao. Faites l&#039;exp\u00e9rience de l&#039;histoire, de la culture et de la gastronomie. R\u00e9servez d\u00e8s maintenant ! \u2705\" \/>\n<meta name=\"robots\" content=\"index, follow, max-snippet:-1, max-image-preview:large, max-video-preview:-1\" \/>\n<link rel=\"canonical\" href=\"https:\/\/tourtravelandmore.com\/fr\/tours\/espagne-fr\/bilbao-fr\/toutes-les-visites-et-activites-privees-fr-6\/visite-privee-de-santillana-de-mar-et-santander-au-depart-de-bilbao\/\" \/>\n<meta property=\"og:locale\" content=\"fr_FR\" \/>\n<meta property=\"og:type\" content=\"article\" \/>\n<meta property=\"og:title\" content=\"Visite priv\u00e9e de Santillana de Mar et Santander au d\u00e9part de Bilbao\" \/>\n<meta property=\"og:description\" content=\"Explorez le charme m\u00e9di\u00e9val de Santillana de Mar et l&#039;\u00e9l\u00e9gance c\u00f4ti\u00e8re de Santander lors de notre visite priv\u00e9e au d\u00e9part de Bilbao. Faites l&#039;exp\u00e9rience de l&#039;histoire, de la culture et de la gastronomie. R\u00e9servez d\u00e8s maintenant ! \u2705\" \/>\n<meta property=\"og:url\" content=\"https:\/\/tourtravelandmore.com\/fr\/tours\/espagne-fr\/bilbao-fr\/toutes-les-visites-et-activites-privees-fr-6\/visite-privee-de-santillana-de-mar-et-santander-au-depart-de-bilbao\/\" \/>\n<meta property=\"og:site_name\" content=\"Tour Travel And More\" \/>\n<meta property=\"article:publisher\" content=\"https:\/\/www.facebook.com\/tourtravelandmore\/\" \/>\n<meta property=\"article:modified_time\" content=\"2026-02-03T14:10:07+00:00\" \/>\n<meta property=\"og:image\" content=\"https:\/\/tourtravelandmore.com\/wp-content\/uploads\/2019\/02\/santander.jpg\" \/>\n\t<meta property=\"og:image:width\" content=\"800\" \/>\n\t<meta property=\"og:image:height\" content=\"533\" \/>\n\t<meta property=\"og:image:type\" content=\"image\/jpeg\" \/>\n<meta name=\"twitter:card\" content=\"summary_large_image\" \/>\n<meta name=\"twitter:site\" content=\"@TourTravel_More\" \/>\n<meta name=\"twitter:label1\" content=\"Dur\u00e9e de lecture estim\u00e9e\" \/>\n\t<meta name=\"twitter:data1\" content=\"4 minutes\" \/>\n<script type=\"application\/ld+json\" class=\"yoast-schema-graph\">{\"@context\":\"https:\/\/schema.org\",\"@graph\":[{\"@type\":\"WebPage\",\"@id\":\"https:\/\/tourtravelandmore.com\/fr\/tours\/espagne-fr\/bilbao-fr\/toutes-les-visites-et-activites-privees-fr-6\/visite-privee-de-santillana-de-mar-et-santander-au-depart-de-bilbao\/\",\"url\":\"https:\/\/tourtravelandmore.com\/fr\/tours\/espagne-fr\/bilbao-fr\/toutes-les-visites-et-activites-privees-fr-6\/visite-privee-de-santillana-de-mar-et-santander-au-depart-de-bilbao\/\",\"name\":\"\u27a1\ufe0f D\u00e9couvrez Santillana de Mar et Santander : Visite priv\u00e9e depuis Bilbao \u2705\",\"isPartOf\":{\"@id\":\"https:\/\/tourtravelandmore.com\/fr\/#website\"},\"primaryImageOfPage\":{\"@id\":\"https:\/\/tourtravelandmore.com\/fr\/tours\/espagne-fr\/bilbao-fr\/toutes-les-visites-et-activites-privees-fr-6\/visite-privee-de-santillana-de-mar-et-santander-au-depart-de-bilbao\/#primaryimage\"},\"image\":{\"@id\":\"https:\/\/tourtravelandmore.com\/fr\/tours\/espagne-fr\/bilbao-fr\/toutes-les-visites-et-activites-privees-fr-6\/visite-privee-de-santillana-de-mar-et-santander-au-depart-de-bilbao\/#primaryimage\"},\"thumbnailUrl\":\"https:\/\/tourtravelandmore.com\/wp-content\/uploads\/2019\/02\/santander.jpg\",\"datePublished\":\"2019-02-22T12:47:30+00:00\",\"dateModified\":\"2026-02-03T14:10:07+00:00\",\"description\":\"Explorez le charme m\u00e9di\u00e9val de Santillana de Mar et l'\u00e9l\u00e9gance c\u00f4ti\u00e8re de Santander lors de notre visite priv\u00e9e au d\u00e9part de Bilbao. Faites l'exp\u00e9rience de l'histoire, de la culture et de la gastronomie. R\u00e9servez d\u00e8s maintenant ! \u2705\",\"breadcrumb\":{\"@id\":\"https:\/\/tourtravelandmore.com\/fr\/tours\/espagne-fr\/bilbao-fr\/toutes-les-visites-et-activites-privees-fr-6\/visite-privee-de-santillana-de-mar-et-santander-au-depart-de-bilbao\/#breadcrumb\"},\"inLanguage\":\"fr-FR\",\"potentialAction\":[{\"@type\":\"ReadAction\",\"target\":[\"https:\/\/tourtravelandmore.com\/fr\/tours\/espagne-fr\/bilbao-fr\/toutes-les-visites-et-activites-privees-fr-6\/visite-privee-de-santillana-de-mar-et-santander-au-depart-de-bilbao\/\"]}]},{\"@type\":\"ImageObject\",\"inLanguage\":\"fr-FR\",\"@id\":\"https:\/\/tourtravelandmore.com\/fr\/tours\/espagne-fr\/bilbao-fr\/toutes-les-visites-et-activites-privees-fr-6\/visite-privee-de-santillana-de-mar-et-santander-au-depart-de-bilbao\/#primaryimage\",\"url\":\"https:\/\/tourtravelandmore.com\/wp-content\/uploads\/2019\/02\/santander.jpg\",\"contentUrl\":\"https:\/\/tourtravelandmore.com\/wp-content\/uploads\/2019\/02\/santander.jpg\",\"width\":800,\"height\":533},{\"@type\":\"BreadcrumbList\",\"@id\":\"https:\/\/tourtravelandmore.com\/fr\/tours\/espagne-fr\/bilbao-fr\/toutes-les-visites-et-activites-privees-fr-6\/visite-privee-de-santillana-de-mar-et-santander-au-depart-de-bilbao\/#breadcrumb\",\"itemListElement\":[{\"@type\":\"ListItem\",\"position\":1,\"name\":\"Home\",\"item\":\"https:\/\/tourtravelandmore.com\/fr\/\"},{\"@type\":\"ListItem\",\"position\":2,\"name\":\"Tours\",\"item\":\"https:\/\/tourtravelandmore.com\/fr\/tours\/\"},{\"@type\":\"ListItem\",\"position\":3,\"name\":\"Visite priv\u00e9e de Santillana de Mar et Santander au d\u00e9part de Bilbao\"}]},{\"@type\":\"WebSite\",\"@id\":\"https:\/\/tourtravelandmore.com\/fr\/#website\",\"url\":\"https:\/\/tourtravelandmore.com\/fr\/\",\"name\":\"Tour Travel And More\",\"description\":\"Private sightseeing tours and luxury transfers in Spain\",\"publisher\":{\"@id\":\"https:\/\/tourtravelandmore.com\/fr\/#organization\"},\"potentialAction\":[{\"@type\":\"SearchAction\",\"target\":{\"@type\":\"EntryPoint\",\"urlTemplate\":\"https:\/\/tourtravelandmore.com\/fr\/?s={search_term_string}\"},\"query-input\":{\"@type\":\"PropertyValueSpecification\",\"valueRequired\":true,\"valueName\":\"search_term_string\"}}],\"inLanguage\":\"fr-FR\"},{\"@type\":\"Organization\",\"@id\":\"https:\/\/tourtravelandmore.com\/fr\/#organization\",\"name\":\"Tour Travel And More\",\"url\":\"https:\/\/tourtravelandmore.com\/fr\/\",\"logo\":{\"@type\":\"ImageObject\",\"inLanguage\":\"fr-FR\",\"@id\":\"https:\/\/tourtravelandmore.com\/fr\/#\/schema\/logo\/image\/\",\"url\":\"https:\/\/tourtravelandmore.com\/wp-content\/uploads\/2022\/12\/cropped-logo-cabecera-new.png\",\"contentUrl\":\"https:\/\/tourtravelandmore.com\/wp-content\/uploads\/2022\/12\/cropped-logo-cabecera-new.png\",\"width\":430,\"height\":61,\"caption\":\"Tour Travel And More\"},\"image\":{\"@id\":\"https:\/\/tourtravelandmore.com\/fr\/#\/schema\/logo\/image\/\"},\"sameAs\":[\"https:\/\/www.facebook.com\/tourtravelandmore\/\",\"https:\/\/x.com\/TourTravel_More\"]}]}<\/script>\n<!-- \/ Yoast SEO Premium plugin. -->","yoast_head_json":{"title":"\u27a1\ufe0f D\u00e9couvrez Santillana de Mar et Santander : Visite priv\u00e9e depuis Bilbao \u2705","description":"Explorez le charme m\u00e9di\u00e9val de Santillana de Mar et l'\u00e9l\u00e9gance c\u00f4ti\u00e8re de Santander lors de notre visite priv\u00e9e au d\u00e9part de Bilbao. Faites l'exp\u00e9rience de l'histoire, de la culture et de la gastronomie. R\u00e9servez d\u00e8s maintenant ! \u2705","robots":{"index":"index","follow":"follow","max-snippet":"max-snippet:-1","max-image-preview":"max-image-preview:large","max-video-preview":"max-video-preview:-1"},"canonical":"https:\/\/tourtravelandmore.com\/fr\/tours\/espagne-fr\/bilbao-fr\/toutes-les-visites-et-activites-privees-fr-6\/visite-privee-de-santillana-de-mar-et-santander-au-depart-de-bilbao\/","og_locale":"fr_FR","og_type":"article","og_title":"Visite priv\u00e9e de Santillana de Mar et Santander au d\u00e9part de Bilbao","og_description":"Explorez le charme m\u00e9di\u00e9val de Santillana de Mar et l'\u00e9l\u00e9gance c\u00f4ti\u00e8re de Santander lors de notre visite priv\u00e9e au d\u00e9part de Bilbao. Faites l'exp\u00e9rience de l'histoire, de la culture et de la gastronomie. R\u00e9servez d\u00e8s maintenant ! \u2705","og_url":"https:\/\/tourtravelandmore.com\/fr\/tours\/espagne-fr\/bilbao-fr\/toutes-les-visites-et-activites-privees-fr-6\/visite-privee-de-santillana-de-mar-et-santander-au-depart-de-bilbao\/","og_site_name":"Tour Travel And More","article_publisher":"https:\/\/www.facebook.com\/tourtravelandmore\/","article_modified_time":"2026-02-03T14:10:07+00:00","og_image":[{"width":800,"height":533,"url":"https:\/\/tourtravelandmore.com\/wp-content\/uploads\/2019\/02\/santander.jpg","type":"image\/jpeg"}],"twitter_card":"summary_large_image","twitter_site":"@TourTravel_More","twitter_misc":{"Dur\u00e9e de lecture estim\u00e9e":"4 minutes"},"schema":{"@context":"https:\/\/schema.org","@graph":[{"@type":"WebPage","@id":"https:\/\/tourtravelandmore.com\/fr\/tours\/espagne-fr\/bilbao-fr\/toutes-les-visites-et-activites-privees-fr-6\/visite-privee-de-santillana-de-mar-et-santander-au-depart-de-bilbao\/","url":"https:\/\/tourtravelandmore.com\/fr\/tours\/espagne-fr\/bilbao-fr\/toutes-les-visites-et-activites-privees-fr-6\/visite-privee-de-santillana-de-mar-et-santander-au-depart-de-bilbao\/","name":"\u27a1\ufe0f D\u00e9couvrez Santillana de Mar et Santander : Visite priv\u00e9e depuis Bilbao \u2705","isPartOf":{"@id":"https:\/\/tourtravelandmore.com\/fr\/#website"},"primaryImageOfPage":{"@id":"https:\/\/tourtravelandmore.com\/fr\/tours\/espagne-fr\/bilbao-fr\/toutes-les-visites-et-activites-privees-fr-6\/visite-privee-de-santillana-de-mar-et-santander-au-depart-de-bilbao\/#primaryimage"},"image":{"@id":"https:\/\/tourtravelandmore.com\/fr\/tours\/espagne-fr\/bilbao-fr\/toutes-les-visites-et-activites-privees-fr-6\/visite-privee-de-santillana-de-mar-et-santander-au-depart-de-bilbao\/#primaryimage"},"thumbnailUrl":"https:\/\/tourtravelandmore.com\/wp-content\/uploads\/2019\/02\/santander.jpg","datePublished":"2019-02-22T12:47:30+00:00","dateModified":"2026-02-03T14:10:07+00:00","description":"Explorez le charme m\u00e9di\u00e9val de Santillana de Mar et l'\u00e9l\u00e9gance c\u00f4ti\u00e8re de Santander lors de notre visite priv\u00e9e au d\u00e9part de Bilbao. Faites l'exp\u00e9rience de l'histoire, de la culture et de la gastronomie. R\u00e9servez d\u00e8s maintenant ! \u2705","breadcrumb":{"@id":"https:\/\/tourtravelandmore.com\/fr\/tours\/espagne-fr\/bilbao-fr\/toutes-les-visites-et-activites-privees-fr-6\/visite-privee-de-santillana-de-mar-et-santander-au-depart-de-bilbao\/#breadcrumb"},"inLanguage":"fr-FR","potentialAction":[{"@type":"ReadAction","target":["https:\/\/tourtravelandmore.com\/fr\/tours\/espagne-fr\/bilbao-fr\/toutes-les-visites-et-activites-privees-fr-6\/visite-privee-de-santillana-de-mar-et-santander-au-depart-de-bilbao\/"]}]},{"@type":"ImageObject","inLanguage":"fr-FR","@id":"https:\/\/tourtravelandmore.com\/fr\/tours\/espagne-fr\/bilbao-fr\/toutes-les-visites-et-activites-privees-fr-6\/visite-privee-de-santillana-de-mar-et-santander-au-depart-de-bilbao\/#primaryimage","url":"https:\/\/tourtravelandmore.com\/wp-content\/uploads\/2019\/02\/santander.jpg","contentUrl":"https:\/\/tourtravelandmore.com\/wp-content\/uploads\/2019\/02\/santander.jpg","width":800,"height":533},{"@type":"BreadcrumbList","@id":"https:\/\/tourtravelandmore.com\/fr\/tours\/espagne-fr\/bilbao-fr\/toutes-les-visites-et-activites-privees-fr-6\/visite-privee-de-santillana-de-mar-et-santander-au-depart-de-bilbao\/#breadcrumb","itemListElement":[{"@type":"ListItem","position":1,"name":"Home","item":"https:\/\/tourtravelandmore.com\/fr\/"},{"@type":"ListItem","position":2,"name":"Tours","item":"https:\/\/tourtravelandmore.com\/fr\/tours\/"},{"@type":"ListItem","position":3,"name":"Visite priv\u00e9e de Santillana de Mar et Santander au d\u00e9part de Bilbao"}]},{"@type":"WebSite","@id":"https:\/\/tourtravelandmore.com\/fr\/#website","url":"https:\/\/tourtravelandmore.com\/fr\/","name":"Tour Travel And More","description":"Private sightseeing tours and luxury transfers in Spain","publisher":{"@id":"https:\/\/tourtravelandmore.com\/fr\/#organization"},"potentialAction":[{"@type":"SearchAction","target":{"@type":"EntryPoint","urlTemplate":"https:\/\/tourtravelandmore.com\/fr\/?s={search_term_string}"},"query-input":{"@type":"PropertyValueSpecification","valueRequired":true,"valueName":"search_term_string"}}],"inLanguage":"fr-FR"},{"@type":"Organization","@id":"https:\/\/tourtravelandmore.com\/fr\/#organization","name":"Tour Travel And More","url":"https:\/\/tourtravelandmore.com\/fr\/","logo":{"@type":"ImageObject","inLanguage":"fr-FR","@id":"https:\/\/tourtravelandmore.com\/fr\/#\/schema\/logo\/image\/","url":"https:\/\/tourtravelandmore.com\/wp-content\/uploads\/2022\/12\/cropped-logo-cabecera-new.png","contentUrl":"https:\/\/tourtravelandmore.com\/wp-content\/uploads\/2022\/12\/cropped-logo-cabecera-new.png","width":430,"height":61,"caption":"Tour Travel And More"},"image":{"@id":"https:\/\/tourtravelandmore.com\/fr\/#\/schema\/logo\/image\/"},"sameAs":["https:\/\/www.facebook.com\/tourtravelandmore\/","https:\/\/x.com\/TourTravel_More"]}]}},"_links":{"self":[{"href":"https:\/\/tourtravelandmore.com\/fr\/wp-json\/wp\/v2\/product\/99141","targetHints":{"allow":["GET"]}}],"collection":[{"href":"https:\/\/tourtravelandmore.com\/fr\/wp-json\/wp\/v2\/product"}],"about":[{"href":"https:\/\/tourtravelandmore.com\/fr\/wp-json\/wp\/v2\/types\/product"}],"replies":[{"embeddable":true,"href":"https:\/\/tourtravelandmore.com\/fr\/wp-json\/wp\/v2\/comments?post=99141"}],"wp:featuredmedia":[{"embeddable":true,"href":"https:\/\/tourtravelandmore.com\/fr\/wp-json\/wp\/v2\/media\/95905"}],"wp:attachment":[{"href":"https:\/\/tourtravelandmore.com\/fr\/wp-json\/wp\/v2\/media?parent=99141"}],"wp:term":[{"taxonomy":"product_brand","embeddable":true,"href":"https:\/\/tourtravelandmore.com\/fr\/wp-json\/wp\/v2\/product_brand?post=99141"},{"taxonomy":"product_cat","embeddable":true,"href":"https:\/\/tourtravelandmore.com\/fr\/wp-json\/wp\/v2\/product_cat?post=99141"},{"taxonomy":"product_tag","embeddable":true,"href":"https:\/\/tourtravelandmore.com\/fr\/wp-json\/wp\/v2\/product_tag?post=99141"}],"curies":[{"name":"wp","href":"https:\/\/api.w.org\/{rel}","templated":true}]}}