{"id":99126,"date":"2016-08-29T10:27:26","date_gmt":"2016-08-29T08:27:26","guid":{"rendered":"https:\/\/tourtravelandmore.com\/tours\/non%20class\u00e9\/transfert-prive-a-bilbao\/"},"modified":"2024-01-05T13:14:15","modified_gmt":"2024-01-05T12:14:15","slug":"transfert-prive-a-bilbao","status":"publish","type":"product","link":"https:\/\/tourtravelandmore.com\/fr\/tours\/espagne-fr\/bilbao-fr\/toutes-les-visites-et-activites-privees-fr-6\/transfert-prive-a-bilbao\/","title":{"rendered":"Transfert priv\u00e9 \u00e0 Bilbao"},"content":{"rendered":"<h2><b>Description d\u00e9taill\u00e9e du service de transfert priv\u00e9 \u00e0 Bilbao<\/b><\/h2>\n<p><span style=\"font-weight: 400;\">D\u00e9couvrez le summum de la commodit\u00e9 et du luxe avec notre service de transfert priv\u00e9 \u00e0 Bilbao. Tour Travel and More est fier d&#8217;offrir une solution transparente et s\u00e9curis\u00e9e \u00e0 vos besoins de transport dans et autour de Bilbao. Que vous soyez en visite pour les loisirs ou les affaires, notre service vous garantit un voyage sans stress et confortable jusqu&#8217;\u00e0 la destination souhait\u00e9e.<\/span><\/p>\n<p><span style=\"font-weight: 400;\">D\u00e8s que vous r\u00e9servez avec nous, un monde de confort vous attend. Notre chauffeur professionnel vous accueillera \u00e0 l&#8217;endroit de votre choix, que ce soit au c\u0153ur de Bilbao, \u00e0 l&#8217;a\u00e9roport anim\u00e9, dans un h\u00f4tel confortable ou au port de croisi\u00e8re anim\u00e9. Notre engagement est de fournir un service ponctuel et fiable, afin que votre s\u00e9jour \u00e0 Bilbao commence et se termine sur une note parfaite.<\/span><\/p>\n<p><span style=\"font-weight: 400;\">Notre service ne se limite pas \u00e0 Bilbao. Vous r\u00eavez d&#8217;explorer les paysages pittoresques de San Sebasti\u00e1n, les vignobles renomm\u00e9s de La Rioja ou toute autre ville enchanteresse d&#8217;Espagne ? Notre service de transfert priv\u00e9 peut vous transporter en douceur vers ces destinations, offrant un voyage aussi charmant que la destination elle-m\u00eame.<\/span><\/p>\n<p><span style=\"font-weight: 400;\">La commodit\u00e9 de notre service n&#8217;a d&#8217;\u00e9gale que l&#8217;attention que nous portons aux d\u00e9tails. Informez-nous de la quantit\u00e9 de bagages que vous transporterez afin que nous puissions s\u00e9lectionner le v\u00e9hicule de luxe le mieux adapt\u00e9 \u00e0 votre confort. En outre, nous r\u00e9pondons aux besoins des familles avec enfants en fournissant une gamme de si\u00e8ges pour enfants, adapt\u00e9s \u00e0 l&#8217;\u00e2ge et aux exigences de s\u00e9curit\u00e9 de vos petits.<\/span><\/p>\n<p><span style=\"font-weight: 400;\">Le transfert priv\u00e9 \u00e0 Bilbao n&#8217;est pas seulement un moyen de transport, c&#8217;est une introduction \u00e0 l&#8217;esprit luxueux et hospitalier de Bilbao et de ses environs. Laissez-nous nous occuper de la logistique pendant que vous vous asseyez, vous d\u00e9tendez et profitez des vues panoramiques pendant que vous voyagez avec style.<\/span><\/p>\n<h2><b>Points d&#8217;int\u00e9r\u00eat et de rep\u00e8re<\/b><\/h2>\n<ul>\n<li style=\"font-weight: 400;\" aria-level=\"1\"><b>Le paysage urbain dynamique de Bilbao :<\/b><span style=\"font-weight: 400;\"> Au cours de votre voyage, vous assisterez \u00e0 la transformation de Bilbao, qui est pass\u00e9e d&#8217;une ville portuaire historique \u00e0 un centre culturel moderne. Le paysage de la ville, nich\u00e9 entre des collines ondulantes et le long de la rivi\u00e8re Nervi\u00f3n, offre une toile de fond pittoresque \u00e0 votre voyage.<\/span><\/li>\n<li style=\"font-weight: 400;\" aria-level=\"1\"><b>Sites culturels :<\/b><span style=\"font-weight: 400;\"> Bilbao abrite plusieurs merveilles architecturales et sites culturels, dont le mus\u00e9e Guggenheim, le mus\u00e9e des Beaux-Arts de Bilbao et l&#8217;\u00e9tonnante Plaza Moy\u00faa. Pendant votre transfert, vous aurez un aper\u00e7u de ces sites embl\u00e9matiques, ce qui ajoutera une touche de tourisme \u00e0 votre voyage.<\/span><\/li>\n<li style=\"font-weight: 400;\" aria-level=\"1\"><b>Routes pittoresques vers Saint-S\u00e9bastien et La Rioja :<\/b><span style=\"font-weight: 400;\"> la route vers Saint-S\u00e9bastien ou La Rioja est bord\u00e9e de vues \u00e0 couper le souffle. Qu&#8217;il s&#8217;agisse du littoral accident\u00e9 de Saint-S\u00e9bastien ou des paysages de vignobles de La Rioja, votre transfert devient un v\u00e9ritable circuit touristique.<\/span><\/li>\n<li style=\"font-weight: 400;\" aria-level=\"1\"><b>Une exp\u00e9rience de voyage sur mesure :<\/b><span style=\"font-weight: 400;\"> Notre service de transfert est hautement personnalisable. Vous souhaitez vous arr\u00eater \u00e0 un point de rep\u00e8re, un restaurant ou un point de vue sp\u00e9cifique en cours de route ? Il vous suffit de nous le faire savoir et nous adapterons le voyage \u00e0 vos pr\u00e9f\u00e9rences.<\/span><\/li>\n<li style=\"font-weight: 400;\" aria-level=\"1\"><b>Flotte de luxe :<\/b><span style=\"font-weight: 400;\"> Notre flotte ne comprend que des v\u00e9hicules de luxe, garantissant un voyage qui parle d&#8217;\u00e9l\u00e9gance, de confort et de sophistication. Chaque v\u00e9hicule est \u00e9quip\u00e9 d&#8217;installations modernes pour rendre votre voyage aussi agr\u00e9able et relaxant que possible.<\/span><\/li>\n<li style=\"font-weight: 400;\" aria-level=\"1\"><b>Le c\u0153ur artistique de Bilbao &#8211; la vieille ville :<\/b><span style=\"font-weight: 400;\"> Plongez dans le charme de la vieille ville de Bilbao, connue sous le nom de Casco Viejo. Ce quartier historique, avec ses sept rues d&#8217;origine, est un d\u00e9licieux m\u00e9lange de pass\u00e9 et de pr\u00e9sent, offrant un r\u00e9gal visuel avec ses boutiques pittoresques, ses tavernes traditionnelles et son architecture m\u00e9di\u00e9vale. En passant, l&#8217;essence du vieux Bilbao \u00e9mane, offrant un contraste frappant mais harmonieux avec les quartiers modernes de la ville.<\/span><\/li>\n<li style=\"font-weight: 400;\" aria-level=\"1\"><b>Merveilles architecturales &#8211; Les ponts de Bilbao : <\/b><span style=\"font-weight: 400;\">Les nombreux ponts de Bilbao ne sont pas seulement des structures fonctionnelles, mais aussi des \u0153uvres d&#8217;art. De l&#8217;\u00e9l\u00e9gant pont de La Salve, qui jouxte le Guggenheim, au Puente Zubizuri, au design moderne et saisissant, ces ponts sont des points de rep\u00e8re \u00e0 part enti\u00e8re. Ils offrent une perspective unique sur l&#8217;\u00e9volution architecturale de la ville et sa relation avec le fleuve.<\/span><\/li>\n<li style=\"font-weight: 400;\" aria-level=\"1\"><b>Porte d&#8217;entr\u00e9e de la gastronomie basque &#8211; Mercado de la Ribera : <\/b><span style=\"font-weight: 400;\">Bien qu&#8217;il ne s&#8217;agisse pas d&#8217;une \u00e9tape directe de votre transfert, le Mercado de la Ribera t\u00e9moigne du riche patrimoine culinaire de Bilbao. En traversant la ville, vous apercevrez ce march\u00e9 anim\u00e9, connu pour \u00eatre le plus grand march\u00e9 couvert d&#8217;Europe, o\u00f9 le dynamisme et la diversit\u00e9 de la cuisine basque prennent vie.<\/span><\/li>\n<\/ul>\n<p><span style=\"font-weight: 400;\">D\u00e9couvrez les charmes de l&#8217;Espagne gr\u00e2ce \u00e0 nos circuits et transferts exclusifs. Que vous souhaitiez d\u00e9couvrir les merveilles architecturales de Bilbao, la beaut\u00e9 des paysages de Saint-S\u00e9bastien ou les c\u00e9l\u00e8bres vignobles de La Rioja,<\/span> <a href=\"https:\/\/tourtravelandmore.com\/fr\/city\/espagne-fr\/bilbao-fr\/\"><span style=\"font-weight: 400;\">Tour Travel and More vous propose des exp\u00e9riences personnalis\u00e9es adapt\u00e9es \u00e0 vos d\u00e9sirs<\/span><\/a><span style=\"font-weight: 400;\">.<\/span><span style=\"font-weight: 400;\"> Gr\u00e2ce \u00e0 notre flotte de luxe et \u00e0 nos guides experts, chaque voyage est con\u00e7u pour d\u00e9passer vos attentes.<\/span><\/p>\n","protected":false},"excerpt":{"rendered":"<p><span style=\"font-weight: 400;\">D\u00e9couvrez la facilit\u00e9 et le luxe de notre service de transfert priv\u00e9 \u00e0 Bilbao. De la prise en charge \u00e0 l&#8217;h\u00f4tel aux trajets panoramiques vers San Sebasti\u00e1n ou La Rioja, nous assurons un voyage confortable, fiable et personnalis\u00e9, adapt\u00e9 \u00e0 vos besoins. Explorez Bilbao et au-del\u00e0 dans le confort de nos v\u00e9hicules haut de gamme et de nos chauffeurs professionnels.<\/span><\/p>\n","protected":false},"featured_media":95894,"comment_status":"open","ping_status":"closed","template":"","meta":{"_acf_changed":false},"product_brand":[],"product_cat":[4737,4741,3574],"product_tag":[],"class_list":{"0":"post-99126","1":"product","2":"type-product","3":"status-publish","4":"has-post-thumbnail","6":"product_cat-toutes-les-visites-et-activites-privees-fr-6","7":"product_cat-transferts-prives-fr-4","8":"product_cat-bilbao-fr","10":"first","11":"instock","12":"shipping-taxable","13":"purchasable","14":"product-type-simple"},"acf":[],"yoast_head":"<!-- This site is optimized with the Yoast SEO Premium plugin v25.3.1 (Yoast SEO v25.3.1) - https:\/\/yoast.com\/wordpress\/plugins\/seo\/ -->\n<title>\u27a1\ufe0f D\u00e9couvrez le luxe et le confort avec les transferts priv\u00e9s de Bilbao | Tour Travel &amp; More<\/title>\n<meta name=\"description\" content=\"R\u00e9servez votre transfert priv\u00e9 \u00e0 Bilbao avec Tour Travel &amp; More pour un voyage luxueux, confortable et personnalis\u00e9 \u00e0 destination et en provenance de Bilbao et de ses environs. \u2705\" \/>\n<meta name=\"robots\" content=\"index, follow, max-snippet:-1, max-image-preview:large, max-video-preview:-1\" \/>\n<link rel=\"canonical\" href=\"https:\/\/tourtravelandmore.com\/fr\/tours\/espagne-fr\/bilbao-fr\/toutes-les-visites-et-activites-privees-fr-6\/transfert-prive-a-bilbao\/\" \/>\n<meta property=\"og:locale\" content=\"fr_FR\" \/>\n<meta property=\"og:type\" content=\"article\" \/>\n<meta property=\"og:title\" content=\"Transfert priv\u00e9 \u00e0 Bilbao\" \/>\n<meta property=\"og:description\" content=\"R\u00e9servez votre transfert priv\u00e9 \u00e0 Bilbao avec Tour Travel &amp; More pour un voyage luxueux, confortable et personnalis\u00e9 \u00e0 destination et en provenance de Bilbao et de ses environs. \u2705\" \/>\n<meta property=\"og:url\" content=\"https:\/\/tourtravelandmore.com\/fr\/tours\/espagne-fr\/bilbao-fr\/toutes-les-visites-et-activites-privees-fr-6\/transfert-prive-a-bilbao\/\" \/>\n<meta property=\"og:site_name\" content=\"Tour Travel And More\" \/>\n<meta property=\"article:publisher\" content=\"https:\/\/www.facebook.com\/tourtravelandmore\/\" \/>\n<meta property=\"article:modified_time\" content=\"2024-01-05T12:14:15+00:00\" \/>\n<meta property=\"og:image\" content=\"https:\/\/tourtravelandmore.com\/wp-content\/uploads\/2016\/08\/MercedesTTM.jpg\" \/>\n\t<meta property=\"og:image:width\" content=\"783\" \/>\n\t<meta property=\"og:image:height\" content=\"483\" \/>\n\t<meta property=\"og:image:type\" content=\"image\/jpeg\" \/>\n<meta name=\"twitter:card\" content=\"summary_large_image\" \/>\n<meta name=\"twitter:site\" content=\"@TourTravel_More\" \/>\n<meta name=\"twitter:label1\" content=\"Dur\u00e9e de lecture estim\u00e9e\" \/>\n\t<meta name=\"twitter:data1\" content=\"4 minutes\" \/>\n<script type=\"application\/ld+json\" class=\"yoast-schema-graph\">{\"@context\":\"https:\/\/schema.org\",\"@graph\":[{\"@type\":\"WebPage\",\"@id\":\"https:\/\/tourtravelandmore.com\/fr\/tours\/espagne-fr\/bilbao-fr\/toutes-les-visites-et-activites-privees-fr-6\/transfert-prive-a-bilbao\/\",\"url\":\"https:\/\/tourtravelandmore.com\/fr\/tours\/espagne-fr\/bilbao-fr\/toutes-les-visites-et-activites-privees-fr-6\/transfert-prive-a-bilbao\/\",\"name\":\"\u27a1\ufe0f D\u00e9couvrez le luxe et le confort avec les transferts priv\u00e9s de Bilbao | Tour Travel & More\",\"isPartOf\":{\"@id\":\"https:\/\/tourtravelandmore.com\/fr\/#website\"},\"primaryImageOfPage\":{\"@id\":\"https:\/\/tourtravelandmore.com\/fr\/tours\/espagne-fr\/bilbao-fr\/toutes-les-visites-et-activites-privees-fr-6\/transfert-prive-a-bilbao\/#primaryimage\"},\"image\":{\"@id\":\"https:\/\/tourtravelandmore.com\/fr\/tours\/espagne-fr\/bilbao-fr\/toutes-les-visites-et-activites-privees-fr-6\/transfert-prive-a-bilbao\/#primaryimage\"},\"thumbnailUrl\":\"https:\/\/tourtravelandmore.com\/wp-content\/uploads\/2016\/08\/MercedesTTM.jpg\",\"datePublished\":\"2016-08-29T08:27:26+00:00\",\"dateModified\":\"2024-01-05T12:14:15+00:00\",\"description\":\"R\u00e9servez votre transfert priv\u00e9 \u00e0 Bilbao avec Tour Travel & More pour un voyage luxueux, confortable et personnalis\u00e9 \u00e0 destination et en provenance de Bilbao et de ses environs. \u2705\",\"breadcrumb\":{\"@id\":\"https:\/\/tourtravelandmore.com\/fr\/tours\/espagne-fr\/bilbao-fr\/toutes-les-visites-et-activites-privees-fr-6\/transfert-prive-a-bilbao\/#breadcrumb\"},\"inLanguage\":\"fr-FR\",\"potentialAction\":[{\"@type\":\"ReadAction\",\"target\":[\"https:\/\/tourtravelandmore.com\/fr\/tours\/espagne-fr\/bilbao-fr\/toutes-les-visites-et-activites-privees-fr-6\/transfert-prive-a-bilbao\/\"]}]},{\"@type\":\"ImageObject\",\"inLanguage\":\"fr-FR\",\"@id\":\"https:\/\/tourtravelandmore.com\/fr\/tours\/espagne-fr\/bilbao-fr\/toutes-les-visites-et-activites-privees-fr-6\/transfert-prive-a-bilbao\/#primaryimage\",\"url\":\"https:\/\/tourtravelandmore.com\/wp-content\/uploads\/2016\/08\/MercedesTTM.jpg\",\"contentUrl\":\"https:\/\/tourtravelandmore.com\/wp-content\/uploads\/2016\/08\/MercedesTTM.jpg\",\"width\":783,\"height\":483},{\"@type\":\"BreadcrumbList\",\"@id\":\"https:\/\/tourtravelandmore.com\/fr\/tours\/espagne-fr\/bilbao-fr\/toutes-les-visites-et-activites-privees-fr-6\/transfert-prive-a-bilbao\/#breadcrumb\",\"itemListElement\":[{\"@type\":\"ListItem\",\"position\":1,\"name\":\"Home\",\"item\":\"https:\/\/tourtravelandmore.com\/fr\/\"},{\"@type\":\"ListItem\",\"position\":2,\"name\":\"Tours\",\"item\":\"https:\/\/tourtravelandmore.com\/fr\/tours\/\"},{\"@type\":\"ListItem\",\"position\":3,\"name\":\"Transfert priv\u00e9 \u00e0 Bilbao\"}]},{\"@type\":\"WebSite\",\"@id\":\"https:\/\/tourtravelandmore.com\/fr\/#website\",\"url\":\"https:\/\/tourtravelandmore.com\/fr\/\",\"name\":\"Tour Travel And More\",\"description\":\"Private sightseeing tours and luxury transfers in Spain\",\"publisher\":{\"@id\":\"https:\/\/tourtravelandmore.com\/fr\/#organization\"},\"potentialAction\":[{\"@type\":\"SearchAction\",\"target\":{\"@type\":\"EntryPoint\",\"urlTemplate\":\"https:\/\/tourtravelandmore.com\/fr\/?s={search_term_string}\"},\"query-input\":{\"@type\":\"PropertyValueSpecification\",\"valueRequired\":true,\"valueName\":\"search_term_string\"}}],\"inLanguage\":\"fr-FR\"},{\"@type\":\"Organization\",\"@id\":\"https:\/\/tourtravelandmore.com\/fr\/#organization\",\"name\":\"Tour Travel And More\",\"url\":\"https:\/\/tourtravelandmore.com\/fr\/\",\"logo\":{\"@type\":\"ImageObject\",\"inLanguage\":\"fr-FR\",\"@id\":\"https:\/\/tourtravelandmore.com\/fr\/#\/schema\/logo\/image\/\",\"url\":\"https:\/\/tourtravelandmore.com\/wp-content\/uploads\/2022\/12\/cropped-logo-cabecera-new.png\",\"contentUrl\":\"https:\/\/tourtravelandmore.com\/wp-content\/uploads\/2022\/12\/cropped-logo-cabecera-new.png\",\"width\":430,\"height\":61,\"caption\":\"Tour Travel And More\"},\"image\":{\"@id\":\"https:\/\/tourtravelandmore.com\/fr\/#\/schema\/logo\/image\/\"},\"sameAs\":[\"https:\/\/www.facebook.com\/tourtravelandmore\/\",\"https:\/\/x.com\/TourTravel_More\"]}]}<\/script>\n<!-- \/ Yoast SEO Premium plugin. -->","yoast_head_json":{"title":"\u27a1\ufe0f D\u00e9couvrez le luxe et le confort avec les transferts priv\u00e9s de Bilbao | Tour Travel & More","description":"R\u00e9servez votre transfert priv\u00e9 \u00e0 Bilbao avec Tour Travel & More pour un voyage luxueux, confortable et personnalis\u00e9 \u00e0 destination et en provenance de Bilbao et de ses environs. \u2705","robots":{"index":"index","follow":"follow","max-snippet":"max-snippet:-1","max-image-preview":"max-image-preview:large","max-video-preview":"max-video-preview:-1"},"canonical":"https:\/\/tourtravelandmore.com\/fr\/tours\/espagne-fr\/bilbao-fr\/toutes-les-visites-et-activites-privees-fr-6\/transfert-prive-a-bilbao\/","og_locale":"fr_FR","og_type":"article","og_title":"Transfert priv\u00e9 \u00e0 Bilbao","og_description":"R\u00e9servez votre transfert priv\u00e9 \u00e0 Bilbao avec Tour Travel & More pour un voyage luxueux, confortable et personnalis\u00e9 \u00e0 destination et en provenance de Bilbao et de ses environs. \u2705","og_url":"https:\/\/tourtravelandmore.com\/fr\/tours\/espagne-fr\/bilbao-fr\/toutes-les-visites-et-activites-privees-fr-6\/transfert-prive-a-bilbao\/","og_site_name":"Tour Travel And More","article_publisher":"https:\/\/www.facebook.com\/tourtravelandmore\/","article_modified_time":"2024-01-05T12:14:15+00:00","og_image":[{"width":783,"height":483,"url":"https:\/\/tourtravelandmore.com\/wp-content\/uploads\/2016\/08\/MercedesTTM.jpg","type":"image\/jpeg"}],"twitter_card":"summary_large_image","twitter_site":"@TourTravel_More","twitter_misc":{"Dur\u00e9e de lecture estim\u00e9e":"4 minutes"},"schema":{"@context":"https:\/\/schema.org","@graph":[{"@type":"WebPage","@id":"https:\/\/tourtravelandmore.com\/fr\/tours\/espagne-fr\/bilbao-fr\/toutes-les-visites-et-activites-privees-fr-6\/transfert-prive-a-bilbao\/","url":"https:\/\/tourtravelandmore.com\/fr\/tours\/espagne-fr\/bilbao-fr\/toutes-les-visites-et-activites-privees-fr-6\/transfert-prive-a-bilbao\/","name":"\u27a1\ufe0f D\u00e9couvrez le luxe et le confort avec les transferts priv\u00e9s de Bilbao | Tour Travel & More","isPartOf":{"@id":"https:\/\/tourtravelandmore.com\/fr\/#website"},"primaryImageOfPage":{"@id":"https:\/\/tourtravelandmore.com\/fr\/tours\/espagne-fr\/bilbao-fr\/toutes-les-visites-et-activites-privees-fr-6\/transfert-prive-a-bilbao\/#primaryimage"},"image":{"@id":"https:\/\/tourtravelandmore.com\/fr\/tours\/espagne-fr\/bilbao-fr\/toutes-les-visites-et-activites-privees-fr-6\/transfert-prive-a-bilbao\/#primaryimage"},"thumbnailUrl":"https:\/\/tourtravelandmore.com\/wp-content\/uploads\/2016\/08\/MercedesTTM.jpg","datePublished":"2016-08-29T08:27:26+00:00","dateModified":"2024-01-05T12:14:15+00:00","description":"R\u00e9servez votre transfert priv\u00e9 \u00e0 Bilbao avec Tour Travel & More pour un voyage luxueux, confortable et personnalis\u00e9 \u00e0 destination et en provenance de Bilbao et de ses environs. \u2705","breadcrumb":{"@id":"https:\/\/tourtravelandmore.com\/fr\/tours\/espagne-fr\/bilbao-fr\/toutes-les-visites-et-activites-privees-fr-6\/transfert-prive-a-bilbao\/#breadcrumb"},"inLanguage":"fr-FR","potentialAction":[{"@type":"ReadAction","target":["https:\/\/tourtravelandmore.com\/fr\/tours\/espagne-fr\/bilbao-fr\/toutes-les-visites-et-activites-privees-fr-6\/transfert-prive-a-bilbao\/"]}]},{"@type":"ImageObject","inLanguage":"fr-FR","@id":"https:\/\/tourtravelandmore.com\/fr\/tours\/espagne-fr\/bilbao-fr\/toutes-les-visites-et-activites-privees-fr-6\/transfert-prive-a-bilbao\/#primaryimage","url":"https:\/\/tourtravelandmore.com\/wp-content\/uploads\/2016\/08\/MercedesTTM.jpg","contentUrl":"https:\/\/tourtravelandmore.com\/wp-content\/uploads\/2016\/08\/MercedesTTM.jpg","width":783,"height":483},{"@type":"BreadcrumbList","@id":"https:\/\/tourtravelandmore.com\/fr\/tours\/espagne-fr\/bilbao-fr\/toutes-les-visites-et-activites-privees-fr-6\/transfert-prive-a-bilbao\/#breadcrumb","itemListElement":[{"@type":"ListItem","position":1,"name":"Home","item":"https:\/\/tourtravelandmore.com\/fr\/"},{"@type":"ListItem","position":2,"name":"Tours","item":"https:\/\/tourtravelandmore.com\/fr\/tours\/"},{"@type":"ListItem","position":3,"name":"Transfert priv\u00e9 \u00e0 Bilbao"}]},{"@type":"WebSite","@id":"https:\/\/tourtravelandmore.com\/fr\/#website","url":"https:\/\/tourtravelandmore.com\/fr\/","name":"Tour Travel And More","description":"Private sightseeing tours and luxury transfers in Spain","publisher":{"@id":"https:\/\/tourtravelandmore.com\/fr\/#organization"},"potentialAction":[{"@type":"SearchAction","target":{"@type":"EntryPoint","urlTemplate":"https:\/\/tourtravelandmore.com\/fr\/?s={search_term_string}"},"query-input":{"@type":"PropertyValueSpecification","valueRequired":true,"valueName":"search_term_string"}}],"inLanguage":"fr-FR"},{"@type":"Organization","@id":"https:\/\/tourtravelandmore.com\/fr\/#organization","name":"Tour Travel And More","url":"https:\/\/tourtravelandmore.com\/fr\/","logo":{"@type":"ImageObject","inLanguage":"fr-FR","@id":"https:\/\/tourtravelandmore.com\/fr\/#\/schema\/logo\/image\/","url":"https:\/\/tourtravelandmore.com\/wp-content\/uploads\/2022\/12\/cropped-logo-cabecera-new.png","contentUrl":"https:\/\/tourtravelandmore.com\/wp-content\/uploads\/2022\/12\/cropped-logo-cabecera-new.png","width":430,"height":61,"caption":"Tour Travel And More"},"image":{"@id":"https:\/\/tourtravelandmore.com\/fr\/#\/schema\/logo\/image\/"},"sameAs":["https:\/\/www.facebook.com\/tourtravelandmore\/","https:\/\/x.com\/TourTravel_More"]}]}},"_links":{"self":[{"href":"https:\/\/tourtravelandmore.com\/fr\/wp-json\/wp\/v2\/product\/99126","targetHints":{"allow":["GET"]}}],"collection":[{"href":"https:\/\/tourtravelandmore.com\/fr\/wp-json\/wp\/v2\/product"}],"about":[{"href":"https:\/\/tourtravelandmore.com\/fr\/wp-json\/wp\/v2\/types\/product"}],"replies":[{"embeddable":true,"href":"https:\/\/tourtravelandmore.com\/fr\/wp-json\/wp\/v2\/comments?post=99126"}],"wp:featuredmedia":[{"embeddable":true,"href":"https:\/\/tourtravelandmore.com\/fr\/wp-json\/wp\/v2\/media\/95894"}],"wp:attachment":[{"href":"https:\/\/tourtravelandmore.com\/fr\/wp-json\/wp\/v2\/media?parent=99126"}],"wp:term":[{"taxonomy":"product_brand","embeddable":true,"href":"https:\/\/tourtravelandmore.com\/fr\/wp-json\/wp\/v2\/product_brand?post=99126"},{"taxonomy":"product_cat","embeddable":true,"href":"https:\/\/tourtravelandmore.com\/fr\/wp-json\/wp\/v2\/product_cat?post=99126"},{"taxonomy":"product_tag","embeddable":true,"href":"https:\/\/tourtravelandmore.com\/fr\/wp-json\/wp\/v2\/product_tag?post=99126"}],"curies":[{"name":"wp","href":"https:\/\/api.w.org\/{rel}","templated":true}]}}