{"id":99111,"date":"2016-07-12T20:20:22","date_gmt":"2016-07-12T18:20:22","guid":{"rendered":"https:\/\/tourtravelandmore.com\/tours\/non%20class\u00e9\/visite-privee-a-pied-de-bilbao\/"},"modified":"2024-11-11T17:11:34","modified_gmt":"2024-11-11T16:11:34","slug":"visite-privee-a-pied-de-bilbao","status":"publish","type":"product","link":"https:\/\/tourtravelandmore.com\/fr\/tours\/espagne-fr\/bilbao-fr\/toutes-les-visites-et-activites-privees-fr-6\/visite-privee-a-pied-de-bilbao\/","title":{"rendered":"Visite priv\u00e9e \u00e0 pied de Bilbao"},"content":{"rendered":"<h2><b>Description \u00e9largie de l&#8217;excursion priv\u00e9e \u00e0 Bilbao<\/b><\/h2>\n<p><span style=\"font-weight: 400;\">Embarquez pour une visite priv\u00e9e exclusive de Bilbao, l&#8217;occasion de plonger au c\u0153ur de l&#8217;une des villes les plus dynamiques d&#8217;Espagne. Guid\u00e9 par votre guide officiel personnel, vous d\u00e9couvrirez l&#8217;essence de la tapisserie culturelle de Bilbao, m\u00ealant allure moderne et intrigues historiques.<\/span><\/p>\n<p><span style=\"font-weight: 400;\">Apr\u00e8s avoir rencontr\u00e9 votre guide \u00e0 un point central de Bilbao (ou depuis votre h\u00f4tel), vous p\u00e9n\u00e9trerez dans un monde o\u00f9 l&#8217;art contemporain c\u00f4toie le patrimoine m\u00e9di\u00e9val. Au cours de votre promenade dans la ville, votre guide partagera avec vous ses connaissances et ses anecdotes, faisant revivre la richesse de l&#8217;histoire et de la culture qui palpite dans les rues de Bilbao.<\/span><\/p>\n<p><span style=\"font-weight: 400;\">Cette visite \u00e0 pied est enti\u00e8rement personnalisable et adapt\u00e9e \u00e0 vos pr\u00e9f\u00e9rences. Que vous souhaitiez explorer la vibrante vieille ville, vous \u00e9merveiller devant la grandeur architecturale du mus\u00e9e Guggenheim ou vous impr\u00e9gner des saveurs locales au Mercado de la Ribera, chaque \u00e9tape de ce voyage est con\u00e7ue pour r\u00e9pondre \u00e0 vos int\u00e9r\u00eats uniques.<\/span><\/p>\n<p><span style=\"font-weight: 400;\">En d\u00e9ambulant dans les rues charmantes, vous serez t\u00e9moin du contraste saisissant entre l&#8217;ancien et le nouveau, de la cath\u00e9drale historique de Santiago et de la Plaza Nueva \u00e0 l&#8217;\u00e9l\u00e9gance moderne du quartier d&#8217;Ensanche. Cette visite n&#8217;est pas seulement une excursion touristique, c&#8217;est une exp\u00e9rience immersive dans la vie et l&#8217;\u00e2me de Bilbao.<\/span><\/p>\n<p><span style=\"font-weight: 400;\">Lors de cette visite priv\u00e9e \u00e0 pied de Bilbao, vous aurez l&#8217;occasion unique de d\u00e9couvrir l&#8217;atmosph\u00e8re anim\u00e9e de Bilbao, o\u00f9 chaque coin de rue r\u00e9v\u00e8le un nouvel aspect de son identit\u00e9 aux multiples facettes. Des rues anim\u00e9es bord\u00e9es d&#8217;installations d&#8217;art contemporain aux parcs tranquilles offrant une \u00e9chapp\u00e9e sereine, Bilbao est une ville qui ne cesse de surprendre et d&#8217;enchanter ses visiteurs.<\/span><\/p>\n<p><span style=\"font-weight: 400;\">Votre voyage comprendra \u00e9galement une visite de l&#8217;embl\u00e9matique mus\u00e9e Guggenheim, symbole de la r\u00e9surgence et de l&#8217;innovation architecturale de Bilbao. L&#8217;ext\u00e9rieur du mus\u00e9e est une merveille en soi, mais vous avez la possibilit\u00e9 de p\u00e9n\u00e9trer \u00e0 l&#8217;int\u00e9rieur (des billets peuvent \u00eatre r\u00e9serv\u00e9s) pour explorer ses collections d&#8217;art de renomm\u00e9e mondiale. Cette visite combine parfaitement l&#8217;art, l&#8217;histoire et la culture moderne de Bilbao.<\/span><\/p>\n<h2><b>Visite priv\u00e9e \u00e0 pied de Bilbao | Points d&#8217;int\u00e9r\u00eat et sites touristiques<\/b><\/h2>\n<ul>\n<li style=\"font-weight: 400;\" aria-level=\"1\"><b>Vieille ville (Casco Viejo) :<\/b><span style=\"font-weight: 400;\"> Commencez votre voyage au c\u0153ur de l&#8217;histoire de Bilbao, en explorant le labyrinthe de rues \u00e9troites bord\u00e9es de boutiques pittoresques et de bars \u00e0 tapas, menant \u00e0 la grande cath\u00e9drale de Santiago.<\/span><\/li>\n<li style=\"font-weight: 400;\" aria-level=\"1\"><b>Mercado de la Ribera :<\/b><span style=\"font-weight: 400;\"> Visitez l&#8217;un des plus grands march\u00e9s couverts d&#8217;Europe, un paradis culinaire o\u00f9 vous pourrez savourer les saveurs du Pays basque, des fruits de mer frais aux fromages artisanaux.<\/span><\/li>\n<li style=\"font-weight: 400;\" aria-level=\"1\"><b>Plaza Nueva : <\/b><span style=\"font-weight: 400;\">Une place n\u00e9oclassique pleine de vie, o\u00f9 les habitants se r\u00e9unissent pour d\u00e9guster des tapas et discuter, offrant un v\u00e9ritable aper\u00e7u de la culture sociale de Bilbao.<\/span><\/li>\n<li style=\"font-weight: 400;\" aria-level=\"1\"><b>Quartier de l&#8217;Ensanche :<\/b><span style=\"font-weight: 400;\"> Promenez-vous dans ce quartier moderne, qui contraste de mani\u00e8re frappante avec la vieille ville, et qui pr\u00e9sente des b\u00e2timents \u00e9l\u00e9gants, des parcs luxuriants et des espaces d&#8217;art contemporain.<\/span><\/li>\n<li style=\"font-weight: 400;\" aria-level=\"1\"><b>Mus\u00e9e Guggenheim <\/b><span style=\"font-weight: 400;\">: Bien que la visite comprenne une vue ext\u00e9rieure, vous avez la possibilit\u00e9 d&#8217;explorer l&#8217;int\u00e9rieur du mus\u00e9e. Ce mus\u00e9e embl\u00e9matique n&#8217;est pas seulement un d\u00e9p\u00f4t d&#8217;art, mais aussi un chef-d&#8217;\u0153uvre de l&#8217;architecture moderne.<\/span><\/li>\n<li style=\"font-weight: 400;\" aria-level=\"1\"><b>Architecture et art :<\/b><span style=\"font-weight: 400;\"> Les rues de Bilbao sont un mus\u00e9e en plein air d&#8217;architecture moderne et traditionnelle, avec des sculptures et des installations qui ajoutent une touche cr\u00e9ative au paysage urbain.<\/span><\/li>\n<li style=\"font-weight: 400;\" aria-level=\"1\"><b>Vie locale et culture :<\/b><span style=\"font-weight: 400;\"> D\u00e9couvrez la vie quotidienne de Bilbao, des march\u00e9s locaux anim\u00e9s aux parcs sereins, chacun offrant une perspective unique sur le caract\u00e8re de la ville.<\/span><\/li>\n<\/ul>\n<p><span style=\"font-weight: 400;\">N&#8217;oubliez pas que cette visite est enti\u00e8rement personnalisable. Que vous soyez amateur d&#8217;art, d&#8217;histoire ou de gastronomie, nous cr\u00e9erons une visite \u00e0 pied qui correspond \u00e0 vos centres d&#8217;int\u00e9r\u00eat.<\/span><\/p>\n<p><span style=\"font-weight: 400;\">Pour explorer davantage ce que <\/span><a href=\"https:\/\/tourtravelandmore.com\/fr\/city\/espagne-fr\/bilbao-fr\/\"><span style=\"font-weight: 400;\">Bilbao a \u00e0 offrir ou pour personnaliser davantage votre exp\u00e9rience, consultez nos autres visites priv\u00e9es et excursions d&#8217;une journ\u00e9e au d\u00e9part de Bilbao.<\/span><\/a><\/p>\n","protected":false},"excerpt":{"rendered":"<p><span style=\"font-weight: 400;\">Participez \u00e0 notre visite priv\u00e9e \u00e0 pied de Bilbao pour explorer la vieille ville historique, les sites contemporains et les march\u00e9s anim\u00e9s de la ville. Personnalisez votre exp\u00e9rience avec un guide local pour d\u00e9couvrir le v\u00e9ritable esprit de Bilbao.<\/span><\/p>\n","protected":false},"featured_media":95868,"comment_status":"open","ping_status":"closed","template":"","meta":{"_acf_changed":false},"product_brand":[],"product_cat":[4739,4738,4737,4742,3574],"product_tag":[],"class_list":{"0":"post-99111","1":"product","2":"type-product","3":"status-publish","4":"has-post-thumbnail","6":"product_cat-excursions-a-terre-privees-fr","7":"product_cat-excursions-privees-dune-journee-fr-5","8":"product_cat-toutes-les-visites-et-activites-privees-fr-6","9":"product_cat-visites-a-pied-privees-fr-8","10":"product_cat-bilbao-fr","12":"first","13":"instock","14":"shipping-taxable","15":"purchasable","16":"product-type-simple"},"acf":[],"yoast_head":"<!-- This site is optimized with the Yoast SEO Premium plugin v25.3.1 (Yoast SEO v25.3.1) - https:\/\/yoast.com\/wordpress\/plugins\/seo\/ -->\n<title>\u27a1\ufe0f D\u00e9couvrez les charmes de Bilbao avec notre visite priv\u00e9e \u00e0 pied personnalisable \u2705<\/title>\n<meta name=\"description\" content=\"Explorez la riche histoire de Bilbao, son architecture moderne et ses d\u00e9lices culinaires lors d&#039;une visite \u00e0 pied priv\u00e9e de 4 heures avec un guide local. Personnalisez votre exp\u00e9rience pour un voyage inoubliable \u2705\" \/>\n<meta name=\"robots\" content=\"index, follow, max-snippet:-1, max-image-preview:large, max-video-preview:-1\" \/>\n<link rel=\"canonical\" href=\"https:\/\/tourtravelandmore.com\/fr\/tours\/espagne-fr\/bilbao-fr\/toutes-les-visites-et-activites-privees-fr-6\/visite-privee-a-pied-de-bilbao\/\" \/>\n<meta property=\"og:locale\" content=\"fr_FR\" \/>\n<meta property=\"og:type\" content=\"article\" \/>\n<meta property=\"og:title\" content=\"Visite priv\u00e9e \u00e0 pied de Bilbao\" \/>\n<meta property=\"og:description\" content=\"Explorez la riche histoire de Bilbao, son architecture moderne et ses d\u00e9lices culinaires lors d&#039;une visite \u00e0 pied priv\u00e9e de 4 heures avec un guide local. Personnalisez votre exp\u00e9rience pour un voyage inoubliable \u2705\" \/>\n<meta property=\"og:url\" content=\"https:\/\/tourtravelandmore.com\/fr\/tours\/espagne-fr\/bilbao-fr\/toutes-les-visites-et-activites-privees-fr-6\/visite-privee-a-pied-de-bilbao\/\" \/>\n<meta property=\"og:site_name\" content=\"Tour Travel And More\" \/>\n<meta property=\"article:publisher\" content=\"https:\/\/www.facebook.com\/tourtravelandmore\/\" \/>\n<meta property=\"article:modified_time\" content=\"2024-11-11T16:11:34+00:00\" \/>\n<meta property=\"og:image\" content=\"https:\/\/tourtravelandmore.com\/wp-content\/uploads\/2016\/07\/bilbao-2.jpg\" \/>\n\t<meta property=\"og:image:width\" content=\"800\" \/>\n\t<meta property=\"og:image:height\" content=\"533\" \/>\n\t<meta property=\"og:image:type\" content=\"image\/jpeg\" \/>\n<meta name=\"twitter:card\" content=\"summary_large_image\" \/>\n<meta name=\"twitter:site\" content=\"@TourTravel_More\" \/>\n<meta name=\"twitter:label1\" content=\"Dur\u00e9e de lecture estim\u00e9e\" \/>\n\t<meta name=\"twitter:data1\" content=\"4 minutes\" \/>\n<script type=\"application\/ld+json\" class=\"yoast-schema-graph\">{\"@context\":\"https:\/\/schema.org\",\"@graph\":[{\"@type\":\"WebPage\",\"@id\":\"https:\/\/tourtravelandmore.com\/fr\/tours\/espagne-fr\/bilbao-fr\/toutes-les-visites-et-activites-privees-fr-6\/visite-privee-a-pied-de-bilbao\/\",\"url\":\"https:\/\/tourtravelandmore.com\/fr\/tours\/espagne-fr\/bilbao-fr\/toutes-les-visites-et-activites-privees-fr-6\/visite-privee-a-pied-de-bilbao\/\",\"name\":\"\u27a1\ufe0f D\u00e9couvrez les charmes de Bilbao avec notre visite priv\u00e9e \u00e0 pied personnalisable \u2705\",\"isPartOf\":{\"@id\":\"https:\/\/tourtravelandmore.com\/fr\/#website\"},\"primaryImageOfPage\":{\"@id\":\"https:\/\/tourtravelandmore.com\/fr\/tours\/espagne-fr\/bilbao-fr\/toutes-les-visites-et-activites-privees-fr-6\/visite-privee-a-pied-de-bilbao\/#primaryimage\"},\"image\":{\"@id\":\"https:\/\/tourtravelandmore.com\/fr\/tours\/espagne-fr\/bilbao-fr\/toutes-les-visites-et-activites-privees-fr-6\/visite-privee-a-pied-de-bilbao\/#primaryimage\"},\"thumbnailUrl\":\"https:\/\/tourtravelandmore.com\/wp-content\/uploads\/2016\/07\/bilbao-2.jpg\",\"datePublished\":\"2016-07-12T18:20:22+00:00\",\"dateModified\":\"2024-11-11T16:11:34+00:00\",\"description\":\"Explorez la riche histoire de Bilbao, son architecture moderne et ses d\u00e9lices culinaires lors d'une visite \u00e0 pied priv\u00e9e de 4 heures avec un guide local. Personnalisez votre exp\u00e9rience pour un voyage inoubliable \u2705\",\"breadcrumb\":{\"@id\":\"https:\/\/tourtravelandmore.com\/fr\/tours\/espagne-fr\/bilbao-fr\/toutes-les-visites-et-activites-privees-fr-6\/visite-privee-a-pied-de-bilbao\/#breadcrumb\"},\"inLanguage\":\"fr-FR\",\"potentialAction\":[{\"@type\":\"ReadAction\",\"target\":[\"https:\/\/tourtravelandmore.com\/fr\/tours\/espagne-fr\/bilbao-fr\/toutes-les-visites-et-activites-privees-fr-6\/visite-privee-a-pied-de-bilbao\/\"]}]},{\"@type\":\"ImageObject\",\"inLanguage\":\"fr-FR\",\"@id\":\"https:\/\/tourtravelandmore.com\/fr\/tours\/espagne-fr\/bilbao-fr\/toutes-les-visites-et-activites-privees-fr-6\/visite-privee-a-pied-de-bilbao\/#primaryimage\",\"url\":\"https:\/\/tourtravelandmore.com\/wp-content\/uploads\/2016\/07\/bilbao-2.jpg\",\"contentUrl\":\"https:\/\/tourtravelandmore.com\/wp-content\/uploads\/2016\/07\/bilbao-2.jpg\",\"width\":800,\"height\":533},{\"@type\":\"BreadcrumbList\",\"@id\":\"https:\/\/tourtravelandmore.com\/fr\/tours\/espagne-fr\/bilbao-fr\/toutes-les-visites-et-activites-privees-fr-6\/visite-privee-a-pied-de-bilbao\/#breadcrumb\",\"itemListElement\":[{\"@type\":\"ListItem\",\"position\":1,\"name\":\"Home\",\"item\":\"https:\/\/tourtravelandmore.com\/fr\/\"},{\"@type\":\"ListItem\",\"position\":2,\"name\":\"Tours\",\"item\":\"https:\/\/tourtravelandmore.com\/fr\/tours\/\"},{\"@type\":\"ListItem\",\"position\":3,\"name\":\"Visite priv\u00e9e \u00e0 pied de Bilbao\"}]},{\"@type\":\"WebSite\",\"@id\":\"https:\/\/tourtravelandmore.com\/fr\/#website\",\"url\":\"https:\/\/tourtravelandmore.com\/fr\/\",\"name\":\"Tour Travel And More\",\"description\":\"Private sightseeing tours and luxury transfers in Spain\",\"publisher\":{\"@id\":\"https:\/\/tourtravelandmore.com\/fr\/#organization\"},\"potentialAction\":[{\"@type\":\"SearchAction\",\"target\":{\"@type\":\"EntryPoint\",\"urlTemplate\":\"https:\/\/tourtravelandmore.com\/fr\/?s={search_term_string}\"},\"query-input\":{\"@type\":\"PropertyValueSpecification\",\"valueRequired\":true,\"valueName\":\"search_term_string\"}}],\"inLanguage\":\"fr-FR\"},{\"@type\":\"Organization\",\"@id\":\"https:\/\/tourtravelandmore.com\/fr\/#organization\",\"name\":\"Tour Travel And More\",\"url\":\"https:\/\/tourtravelandmore.com\/fr\/\",\"logo\":{\"@type\":\"ImageObject\",\"inLanguage\":\"fr-FR\",\"@id\":\"https:\/\/tourtravelandmore.com\/fr\/#\/schema\/logo\/image\/\",\"url\":\"https:\/\/tourtravelandmore.com\/wp-content\/uploads\/2022\/12\/cropped-logo-cabecera-new.png\",\"contentUrl\":\"https:\/\/tourtravelandmore.com\/wp-content\/uploads\/2022\/12\/cropped-logo-cabecera-new.png\",\"width\":430,\"height\":61,\"caption\":\"Tour Travel And More\"},\"image\":{\"@id\":\"https:\/\/tourtravelandmore.com\/fr\/#\/schema\/logo\/image\/\"},\"sameAs\":[\"https:\/\/www.facebook.com\/tourtravelandmore\/\",\"https:\/\/x.com\/TourTravel_More\"]}]}<\/script>\n<!-- \/ Yoast SEO Premium plugin. -->","yoast_head_json":{"title":"\u27a1\ufe0f D\u00e9couvrez les charmes de Bilbao avec notre visite priv\u00e9e \u00e0 pied personnalisable \u2705","description":"Explorez la riche histoire de Bilbao, son architecture moderne et ses d\u00e9lices culinaires lors d'une visite \u00e0 pied priv\u00e9e de 4 heures avec un guide local. Personnalisez votre exp\u00e9rience pour un voyage inoubliable \u2705","robots":{"index":"index","follow":"follow","max-snippet":"max-snippet:-1","max-image-preview":"max-image-preview:large","max-video-preview":"max-video-preview:-1"},"canonical":"https:\/\/tourtravelandmore.com\/fr\/tours\/espagne-fr\/bilbao-fr\/toutes-les-visites-et-activites-privees-fr-6\/visite-privee-a-pied-de-bilbao\/","og_locale":"fr_FR","og_type":"article","og_title":"Visite priv\u00e9e \u00e0 pied de Bilbao","og_description":"Explorez la riche histoire de Bilbao, son architecture moderne et ses d\u00e9lices culinaires lors d'une visite \u00e0 pied priv\u00e9e de 4 heures avec un guide local. Personnalisez votre exp\u00e9rience pour un voyage inoubliable \u2705","og_url":"https:\/\/tourtravelandmore.com\/fr\/tours\/espagne-fr\/bilbao-fr\/toutes-les-visites-et-activites-privees-fr-6\/visite-privee-a-pied-de-bilbao\/","og_site_name":"Tour Travel And More","article_publisher":"https:\/\/www.facebook.com\/tourtravelandmore\/","article_modified_time":"2024-11-11T16:11:34+00:00","og_image":[{"width":800,"height":533,"url":"https:\/\/tourtravelandmore.com\/wp-content\/uploads\/2016\/07\/bilbao-2.jpg","type":"image\/jpeg"}],"twitter_card":"summary_large_image","twitter_site":"@TourTravel_More","twitter_misc":{"Dur\u00e9e de lecture estim\u00e9e":"4 minutes"},"schema":{"@context":"https:\/\/schema.org","@graph":[{"@type":"WebPage","@id":"https:\/\/tourtravelandmore.com\/fr\/tours\/espagne-fr\/bilbao-fr\/toutes-les-visites-et-activites-privees-fr-6\/visite-privee-a-pied-de-bilbao\/","url":"https:\/\/tourtravelandmore.com\/fr\/tours\/espagne-fr\/bilbao-fr\/toutes-les-visites-et-activites-privees-fr-6\/visite-privee-a-pied-de-bilbao\/","name":"\u27a1\ufe0f D\u00e9couvrez les charmes de Bilbao avec notre visite priv\u00e9e \u00e0 pied personnalisable \u2705","isPartOf":{"@id":"https:\/\/tourtravelandmore.com\/fr\/#website"},"primaryImageOfPage":{"@id":"https:\/\/tourtravelandmore.com\/fr\/tours\/espagne-fr\/bilbao-fr\/toutes-les-visites-et-activites-privees-fr-6\/visite-privee-a-pied-de-bilbao\/#primaryimage"},"image":{"@id":"https:\/\/tourtravelandmore.com\/fr\/tours\/espagne-fr\/bilbao-fr\/toutes-les-visites-et-activites-privees-fr-6\/visite-privee-a-pied-de-bilbao\/#primaryimage"},"thumbnailUrl":"https:\/\/tourtravelandmore.com\/wp-content\/uploads\/2016\/07\/bilbao-2.jpg","datePublished":"2016-07-12T18:20:22+00:00","dateModified":"2024-11-11T16:11:34+00:00","description":"Explorez la riche histoire de Bilbao, son architecture moderne et ses d\u00e9lices culinaires lors d'une visite \u00e0 pied priv\u00e9e de 4 heures avec un guide local. Personnalisez votre exp\u00e9rience pour un voyage inoubliable \u2705","breadcrumb":{"@id":"https:\/\/tourtravelandmore.com\/fr\/tours\/espagne-fr\/bilbao-fr\/toutes-les-visites-et-activites-privees-fr-6\/visite-privee-a-pied-de-bilbao\/#breadcrumb"},"inLanguage":"fr-FR","potentialAction":[{"@type":"ReadAction","target":["https:\/\/tourtravelandmore.com\/fr\/tours\/espagne-fr\/bilbao-fr\/toutes-les-visites-et-activites-privees-fr-6\/visite-privee-a-pied-de-bilbao\/"]}]},{"@type":"ImageObject","inLanguage":"fr-FR","@id":"https:\/\/tourtravelandmore.com\/fr\/tours\/espagne-fr\/bilbao-fr\/toutes-les-visites-et-activites-privees-fr-6\/visite-privee-a-pied-de-bilbao\/#primaryimage","url":"https:\/\/tourtravelandmore.com\/wp-content\/uploads\/2016\/07\/bilbao-2.jpg","contentUrl":"https:\/\/tourtravelandmore.com\/wp-content\/uploads\/2016\/07\/bilbao-2.jpg","width":800,"height":533},{"@type":"BreadcrumbList","@id":"https:\/\/tourtravelandmore.com\/fr\/tours\/espagne-fr\/bilbao-fr\/toutes-les-visites-et-activites-privees-fr-6\/visite-privee-a-pied-de-bilbao\/#breadcrumb","itemListElement":[{"@type":"ListItem","position":1,"name":"Home","item":"https:\/\/tourtravelandmore.com\/fr\/"},{"@type":"ListItem","position":2,"name":"Tours","item":"https:\/\/tourtravelandmore.com\/fr\/tours\/"},{"@type":"ListItem","position":3,"name":"Visite priv\u00e9e \u00e0 pied de Bilbao"}]},{"@type":"WebSite","@id":"https:\/\/tourtravelandmore.com\/fr\/#website","url":"https:\/\/tourtravelandmore.com\/fr\/","name":"Tour Travel And More","description":"Private sightseeing tours and luxury transfers in Spain","publisher":{"@id":"https:\/\/tourtravelandmore.com\/fr\/#organization"},"potentialAction":[{"@type":"SearchAction","target":{"@type":"EntryPoint","urlTemplate":"https:\/\/tourtravelandmore.com\/fr\/?s={search_term_string}"},"query-input":{"@type":"PropertyValueSpecification","valueRequired":true,"valueName":"search_term_string"}}],"inLanguage":"fr-FR"},{"@type":"Organization","@id":"https:\/\/tourtravelandmore.com\/fr\/#organization","name":"Tour Travel And More","url":"https:\/\/tourtravelandmore.com\/fr\/","logo":{"@type":"ImageObject","inLanguage":"fr-FR","@id":"https:\/\/tourtravelandmore.com\/fr\/#\/schema\/logo\/image\/","url":"https:\/\/tourtravelandmore.com\/wp-content\/uploads\/2022\/12\/cropped-logo-cabecera-new.png","contentUrl":"https:\/\/tourtravelandmore.com\/wp-content\/uploads\/2022\/12\/cropped-logo-cabecera-new.png","width":430,"height":61,"caption":"Tour Travel And More"},"image":{"@id":"https:\/\/tourtravelandmore.com\/fr\/#\/schema\/logo\/image\/"},"sameAs":["https:\/\/www.facebook.com\/tourtravelandmore\/","https:\/\/x.com\/TourTravel_More"]}]}},"_links":{"self":[{"href":"https:\/\/tourtravelandmore.com\/fr\/wp-json\/wp\/v2\/product\/99111","targetHints":{"allow":["GET"]}}],"collection":[{"href":"https:\/\/tourtravelandmore.com\/fr\/wp-json\/wp\/v2\/product"}],"about":[{"href":"https:\/\/tourtravelandmore.com\/fr\/wp-json\/wp\/v2\/types\/product"}],"replies":[{"embeddable":true,"href":"https:\/\/tourtravelandmore.com\/fr\/wp-json\/wp\/v2\/comments?post=99111"}],"wp:featuredmedia":[{"embeddable":true,"href":"https:\/\/tourtravelandmore.com\/fr\/wp-json\/wp\/v2\/media\/95868"}],"wp:attachment":[{"href":"https:\/\/tourtravelandmore.com\/fr\/wp-json\/wp\/v2\/media?parent=99111"}],"wp:term":[{"taxonomy":"product_brand","embeddable":true,"href":"https:\/\/tourtravelandmore.com\/fr\/wp-json\/wp\/v2\/product_brand?post=99111"},{"taxonomy":"product_cat","embeddable":true,"href":"https:\/\/tourtravelandmore.com\/fr\/wp-json\/wp\/v2\/product_cat?post=99111"},{"taxonomy":"product_tag","embeddable":true,"href":"https:\/\/tourtravelandmore.com\/fr\/wp-json\/wp\/v2\/product_tag?post=99111"}],"curies":[{"name":"wp","href":"https:\/\/api.w.org\/{rel}","templated":true}]}}